{"id":2774,"date":"2025-07-19T15:42:53","date_gmt":"2025-07-19T13:42:53","guid":{"rendered":"http:\/\/192.168.2.106\/index.php\/produkt\/12x-kinley-pink-aromatic-berry-napoj-gazowany-1l-zgrzewka\/"},"modified":"2025-08-04T20:28:06","modified_gmt":"2025-08-04T18:28:06","slug":"12x-kinley-pink-aromatic-berry-napoj-gazowany-1l-zgrzewka","status":"publish","type":"product","link":"https:\/\/racom.com.pl\/index.php\/produkt\/12x-kinley-pink-aromatic-berry-napoj-gazowany-1l-zgrzewka\/","title":{"rendered":"12x KINLEY Pink Aromatic Berry Nap\u00f3j Gazowany 1L ZGRZEWKA"},"content":{"rendered":"<h2>12x Kinley Pink Aromatic Berry 1L (ZGRZEWKA)<\/h2>\n<h2>Rozkoszuj si\u0119 bogactwem smaku Kinley Pink Aromatic Berry o smaku owocowym z wyczuwaln\u0105 nut\u0105 ja\u015bminu.<\/h2>\n<h2>Napoje gazowane Kinley to idealne po\u0142\u0105czenie ciekawych nut smakowych i w 100% naturalnych aromat\u00f3w.<\/h2>\n<h2>Pami\u0119taj &#8211; zas\u0142ugujesz na chwil\u0119 przyjemno\u015bci. Kinley. Nale\u017cy Ci si\u0119.<\/h2>\n<ul>\n<li>100 % naturalnych aromat\u00f3w<\/li>\n<li>z nut\u0105 owoc\u00f3w jagodowych i ja\u015bminu<\/li>\n<\/ul>\n<h2>Nap\u00f3j gazowany bezalkoholowy o smaku owocowym.<\/h2>\n<p><b>Rodzaj: <\/b>&nbsp;Gazowany<\/p>\n<p><b>Smak: <\/b> Owocowy<\/p>\n<p><b>Sk\u0142adniki: <\/b> woda, sacharoza, fruktoza, dwutlenek w\u0119gla, kwas: kwas cytrynowy; naturalny aromat, substancja konserwuj\u0105ca: sorbinian potasu, ekstrakt z ja\u015bminu, koncentraty ro\u015blinne (z marchwi, czarnej porzeczki i jag\u00f3d).<\/p>\n<p><b>Zawiera substancje konserwuj\u0105ce: <\/b> Tak<\/p>\n<p><b>Zawiera aromaty: <\/b> Tak<\/p>\n","protected":false},"excerpt":{"rendered":"<p>12x Kinley Pink Aromatic Berry 1L (ZGRZEWKA) Rozkoszuj si\u0119 bogactwem smaku Kinley Pink Aromatic Berry o smaku owocowym z wyczuwaln\u0105 nut\u0105 ja\u015bminu. Napoje gazowane Kinley to idealne po\u0142\u0105czenie ciekawych nut smakowych i w 100% naturalnych aromat\u00f3w. Pami\u0119taj &#8211; zas\u0142ugujesz na chwil\u0119 przyjemno\u015bci. Kinley. Nale\u017cy Ci si\u0119. 100 % naturalnych aromat\u00f3w z nut\u0105 owoc\u00f3w jagodowych i [&hellip;]<\/p>\n","protected":false},"featured_media":2776,"comment_status":"open","ping_status":"closed","template":"","meta":[],"product_brand":[197],"product_cat":[116],"product_tag":[],"class_list":{"0":"post-2774","1":"product","2":"type-product","3":"status-publish","4":"has-post-thumbnail","6":"product_brand-kinley","7":"product_cat-napoje-i-akcesoria","9":"first","10":"instock","11":"taxable","12":"shipping-taxable","13":"purchasable","14":"product-type-simple"},"yoast_head":"<!-- This site is optimized with the Yoast SEO plugin v27.4 - https:\/\/yoast.com\/product\/yoast-seo-wordpress\/ -->\n<title>12x KINLEY Pink Aromatic Berry Nap\u00f3j Gazowany 1L ZGRZEWKA - Mix Market - Supermarket z wszystkim co potrzeba<\/title>\n<meta name=\"robots\" content=\"index, follow, max-snippet:-1, max-image-preview:large, max-video-preview:-1\" \/>\n<link rel=\"canonical\" href=\"https:\/\/racom.com.pl\/index.php\/produkt\/12x-kinley-pink-aromatic-berry-napoj-gazowany-1l-zgrzewka\/\" \/>\n<meta property=\"og:locale\" content=\"pl_PL\" \/>\n<meta property=\"og:type\" content=\"article\" \/>\n<meta property=\"og:title\" content=\"12x KINLEY Pink Aromatic Berry Nap\u00f3j Gazowany 1L ZGRZEWKA - Mix Market - Supermarket z wszystkim co potrzeba\" \/>\n<meta property=\"og:description\" content=\"12x Kinley Pink Aromatic Berry 1L (ZGRZEWKA) Rozkoszuj si\u0119 bogactwem smaku Kinley Pink Aromatic Berry o smaku owocowym z wyczuwaln\u0105 nut\u0105 ja\u015bminu. Napoje gazowane Kinley to idealne po\u0142\u0105czenie ciekawych nut smakowych i w 100% naturalnych aromat\u00f3w. Pami\u0119taj &#8211; zas\u0142ugujesz na chwil\u0119 przyjemno\u015bci. Kinley. Nale\u017cy Ci si\u0119. 100 % naturalnych aromat\u00f3w z nut\u0105 owoc\u00f3w jagodowych i [&hellip;]\" \/>\n<meta property=\"og:url\" content=\"https:\/\/racom.com.pl\/index.php\/produkt\/12x-kinley-pink-aromatic-berry-napoj-gazowany-1l-zgrzewka\/\" \/>\n<meta property=\"og:site_name\" content=\"Mix Market - Supermarket z wszystkim co potrzeba\" \/>\n<meta property=\"article:modified_time\" content=\"2025-08-04T18:28:06+00:00\" \/>\n<meta property=\"og:image\" content=\"https:\/\/racom.com.pl\/wp-content\/uploads\/2025\/07\/allegro_687ba0e5269830.87130054_a50f12064f55998406d435a758fd.jpg\" \/>\n\t<meta property=\"og:image:width\" content=\"2560\" \/>\n\t<meta property=\"og:image:height\" content=\"2560\" \/>\n\t<meta property=\"og:image:type\" content=\"image\/jpeg\" \/>\n<meta name=\"twitter:card\" content=\"summary_large_image\" \/>\n<meta name=\"twitter:label1\" content=\"Szacowany czas czytania\" \/>\n\t<meta name=\"twitter:data1\" content=\"1 minuta\" \/>\n<script type=\"application\/ld+json\" class=\"yoast-schema-graph\">{\"@context\":\"https:\\\/\\\/schema.org\",\"@graph\":[{\"@type\":\"WebPage\",\"@id\":\"https:\\\/\\\/racom.com.pl\\\/index.php\\\/produkt\\\/12x-kinley-pink-aromatic-berry-napoj-gazowany-1l-zgrzewka\\\/\",\"url\":\"https:\\\/\\\/racom.com.pl\\\/index.php\\\/produkt\\\/12x-kinley-pink-aromatic-berry-napoj-gazowany-1l-zgrzewka\\\/\",\"name\":\"12x KINLEY Pink Aromatic Berry Nap\u00f3j Gazowany 1L ZGRZEWKA - Mix Market - Supermarket z wszystkim co potrzeba\",\"isPartOf\":{\"@id\":\"https:\\\/\\\/racom.com.pl\\\/#website\"},\"primaryImageOfPage\":{\"@id\":\"https:\\\/\\\/racom.com.pl\\\/index.php\\\/produkt\\\/12x-kinley-pink-aromatic-berry-napoj-gazowany-1l-zgrzewka\\\/#primaryimage\"},\"image\":{\"@id\":\"https:\\\/\\\/racom.com.pl\\\/index.php\\\/produkt\\\/12x-kinley-pink-aromatic-berry-napoj-gazowany-1l-zgrzewka\\\/#primaryimage\"},\"thumbnailUrl\":\"https:\\\/\\\/racom.com.pl\\\/wp-content\\\/uploads\\\/2025\\\/07\\\/allegro_687ba0e5269830.87130054_a50f12064f55998406d435a758fd.jpg\",\"datePublished\":\"2025-07-19T13:42:53+00:00\",\"dateModified\":\"2025-08-04T18:28:06+00:00\",\"breadcrumb\":{\"@id\":\"https:\\\/\\\/racom.com.pl\\\/index.php\\\/produkt\\\/12x-kinley-pink-aromatic-berry-napoj-gazowany-1l-zgrzewka\\\/#breadcrumb\"},\"inLanguage\":\"pl-PL\",\"potentialAction\":[{\"@type\":\"ReadAction\",\"target\":[\"https:\\\/\\\/racom.com.pl\\\/index.php\\\/produkt\\\/12x-kinley-pink-aromatic-berry-napoj-gazowany-1l-zgrzewka\\\/\"]}]},{\"@type\":\"ImageObject\",\"inLanguage\":\"pl-PL\",\"@id\":\"https:\\\/\\\/racom.com.pl\\\/index.php\\\/produkt\\\/12x-kinley-pink-aromatic-berry-napoj-gazowany-1l-zgrzewka\\\/#primaryimage\",\"url\":\"https:\\\/\\\/racom.com.pl\\\/wp-content\\\/uploads\\\/2025\\\/07\\\/allegro_687ba0e5269830.87130054_a50f12064f55998406d435a758fd.jpg\",\"contentUrl\":\"https:\\\/\\\/racom.com.pl\\\/wp-content\\\/uploads\\\/2025\\\/07\\\/allegro_687ba0e5269830.87130054_a50f12064f55998406d435a758fd.jpg\",\"width\":2560,\"height\":2560},{\"@type\":\"BreadcrumbList\",\"@id\":\"https:\\\/\\\/racom.com.pl\\\/index.php\\\/produkt\\\/12x-kinley-pink-aromatic-berry-napoj-gazowany-1l-zgrzewka\\\/#breadcrumb\",\"itemListElement\":[{\"@type\":\"ListItem\",\"position\":1,\"name\":\"Strona g\u0142\u00f3wna\",\"item\":\"https:\\\/\\\/racom.com.pl\\\/\"},{\"@type\":\"ListItem\",\"position\":2,\"name\":\"Sklep\",\"item\":\"https:\\\/\\\/racom.com.pl\\\/\"},{\"@type\":\"ListItem\",\"position\":3,\"name\":\"12x KINLEY Pink Aromatic Berry Nap\u00f3j Gazowany 1L ZGRZEWKA\"}]},{\"@type\":\"WebSite\",\"@id\":\"https:\\\/\\\/racom.com.pl\\\/#website\",\"url\":\"https:\\\/\\\/racom.com.pl\\\/\",\"name\":\"Mix Market - Supermarket z wszystkim co potrzeba do domu i nie tylko\",\"description\":\"\",\"publisher\":{\"@id\":\"https:\\\/\\\/racom.com.pl\\\/#organization\"},\"potentialAction\":[{\"@type\":\"SearchAction\",\"target\":{\"@type\":\"EntryPoint\",\"urlTemplate\":\"https:\\\/\\\/racom.com.pl\\\/?s={search_term_string}\"},\"query-input\":{\"@type\":\"PropertyValueSpecification\",\"valueRequired\":true,\"valueName\":\"search_term_string\"}}],\"inLanguage\":\"pl-PL\"},{\"@type\":\"Organization\",\"@id\":\"https:\\\/\\\/racom.com.pl\\\/#organization\",\"name\":\"Mix Market - Supermarket z wszystkim co potrzeba do domu i nie tylko\",\"url\":\"https:\\\/\\\/racom.com.pl\\\/\",\"logo\":{\"@type\":\"ImageObject\",\"inLanguage\":\"pl-PL\",\"@id\":\"https:\\\/\\\/racom.com.pl\\\/#\\\/schema\\\/logo\\\/image\\\/\",\"url\":\"https:\\\/\\\/racom.com.pl\\\/wp-content\\\/uploads\\\/2025\\\/07\\\/mixmarket_logo.png\",\"contentUrl\":\"https:\\\/\\\/racom.com.pl\\\/wp-content\\\/uploads\\\/2025\\\/07\\\/mixmarket_logo.png\",\"width\":1024,\"height\":1024,\"caption\":\"Mix Market - Supermarket z wszystkim co potrzeba do domu i nie tylko\"},\"image\":{\"@id\":\"https:\\\/\\\/racom.com.pl\\\/#\\\/schema\\\/logo\\\/image\\\/\"}}]}<\/script>\n<!-- \/ Yoast SEO plugin. -->","yoast_head_json":{"title":"12x KINLEY Pink Aromatic Berry Nap\u00f3j Gazowany 1L ZGRZEWKA - Mix Market - Supermarket z wszystkim co potrzeba","robots":{"index":"index","follow":"follow","max-snippet":"max-snippet:-1","max-image-preview":"max-image-preview:large","max-video-preview":"max-video-preview:-1"},"canonical":"https:\/\/racom.com.pl\/index.php\/produkt\/12x-kinley-pink-aromatic-berry-napoj-gazowany-1l-zgrzewka\/","og_locale":"pl_PL","og_type":"article","og_title":"12x KINLEY Pink Aromatic Berry Nap\u00f3j Gazowany 1L ZGRZEWKA - Mix Market - Supermarket z wszystkim co potrzeba","og_description":"12x Kinley Pink Aromatic Berry 1L (ZGRZEWKA) Rozkoszuj si\u0119 bogactwem smaku Kinley Pink Aromatic Berry o smaku owocowym z wyczuwaln\u0105 nut\u0105 ja\u015bminu. Napoje gazowane Kinley to idealne po\u0142\u0105czenie ciekawych nut smakowych i w 100% naturalnych aromat\u00f3w. Pami\u0119taj &#8211; zas\u0142ugujesz na chwil\u0119 przyjemno\u015bci. Kinley. Nale\u017cy Ci si\u0119. 100 % naturalnych aromat\u00f3w z nut\u0105 owoc\u00f3w jagodowych i [&hellip;]","og_url":"https:\/\/racom.com.pl\/index.php\/produkt\/12x-kinley-pink-aromatic-berry-napoj-gazowany-1l-zgrzewka\/","og_site_name":"Mix Market - Supermarket z wszystkim co potrzeba","article_modified_time":"2025-08-04T18:28:06+00:00","og_image":[{"width":2560,"height":2560,"url":"https:\/\/racom.com.pl\/wp-content\/uploads\/2025\/07\/allegro_687ba0e5269830.87130054_a50f12064f55998406d435a758fd.jpg","type":"image\/jpeg"}],"twitter_card":"summary_large_image","twitter_misc":{"Szacowany czas czytania":"1 minuta"},"schema":{"@context":"https:\/\/schema.org","@graph":[{"@type":"WebPage","@id":"https:\/\/racom.com.pl\/index.php\/produkt\/12x-kinley-pink-aromatic-berry-napoj-gazowany-1l-zgrzewka\/","url":"https:\/\/racom.com.pl\/index.php\/produkt\/12x-kinley-pink-aromatic-berry-napoj-gazowany-1l-zgrzewka\/","name":"12x KINLEY Pink Aromatic Berry Nap\u00f3j Gazowany 1L ZGRZEWKA - Mix Market - Supermarket z wszystkim co potrzeba","isPartOf":{"@id":"https:\/\/racom.com.pl\/#website"},"primaryImageOfPage":{"@id":"https:\/\/racom.com.pl\/index.php\/produkt\/12x-kinley-pink-aromatic-berry-napoj-gazowany-1l-zgrzewka\/#primaryimage"},"image":{"@id":"https:\/\/racom.com.pl\/index.php\/produkt\/12x-kinley-pink-aromatic-berry-napoj-gazowany-1l-zgrzewka\/#primaryimage"},"thumbnailUrl":"https:\/\/racom.com.pl\/wp-content\/uploads\/2025\/07\/allegro_687ba0e5269830.87130054_a50f12064f55998406d435a758fd.jpg","datePublished":"2025-07-19T13:42:53+00:00","dateModified":"2025-08-04T18:28:06+00:00","breadcrumb":{"@id":"https:\/\/racom.com.pl\/index.php\/produkt\/12x-kinley-pink-aromatic-berry-napoj-gazowany-1l-zgrzewka\/#breadcrumb"},"inLanguage":"pl-PL","potentialAction":[{"@type":"ReadAction","target":["https:\/\/racom.com.pl\/index.php\/produkt\/12x-kinley-pink-aromatic-berry-napoj-gazowany-1l-zgrzewka\/"]}]},{"@type":"ImageObject","inLanguage":"pl-PL","@id":"https:\/\/racom.com.pl\/index.php\/produkt\/12x-kinley-pink-aromatic-berry-napoj-gazowany-1l-zgrzewka\/#primaryimage","url":"https:\/\/racom.com.pl\/wp-content\/uploads\/2025\/07\/allegro_687ba0e5269830.87130054_a50f12064f55998406d435a758fd.jpg","contentUrl":"https:\/\/racom.com.pl\/wp-content\/uploads\/2025\/07\/allegro_687ba0e5269830.87130054_a50f12064f55998406d435a758fd.jpg","width":2560,"height":2560},{"@type":"BreadcrumbList","@id":"https:\/\/racom.com.pl\/index.php\/produkt\/12x-kinley-pink-aromatic-berry-napoj-gazowany-1l-zgrzewka\/#breadcrumb","itemListElement":[{"@type":"ListItem","position":1,"name":"Strona g\u0142\u00f3wna","item":"https:\/\/racom.com.pl\/"},{"@type":"ListItem","position":2,"name":"Sklep","item":"https:\/\/racom.com.pl\/"},{"@type":"ListItem","position":3,"name":"12x KINLEY Pink Aromatic Berry Nap\u00f3j Gazowany 1L ZGRZEWKA"}]},{"@type":"WebSite","@id":"https:\/\/racom.com.pl\/#website","url":"https:\/\/racom.com.pl\/","name":"Mix Market - Supermarket z wszystkim co potrzeba do domu i nie tylko","description":"","publisher":{"@id":"https:\/\/racom.com.pl\/#organization"},"potentialAction":[{"@type":"SearchAction","target":{"@type":"EntryPoint","urlTemplate":"https:\/\/racom.com.pl\/?s={search_term_string}"},"query-input":{"@type":"PropertyValueSpecification","valueRequired":true,"valueName":"search_term_string"}}],"inLanguage":"pl-PL"},{"@type":"Organization","@id":"https:\/\/racom.com.pl\/#organization","name":"Mix Market - Supermarket z wszystkim co potrzeba do domu i nie tylko","url":"https:\/\/racom.com.pl\/","logo":{"@type":"ImageObject","inLanguage":"pl-PL","@id":"https:\/\/racom.com.pl\/#\/schema\/logo\/image\/","url":"https:\/\/racom.com.pl\/wp-content\/uploads\/2025\/07\/mixmarket_logo.png","contentUrl":"https:\/\/racom.com.pl\/wp-content\/uploads\/2025\/07\/mixmarket_logo.png","width":1024,"height":1024,"caption":"Mix Market - Supermarket z wszystkim co potrzeba do domu i nie tylko"},"image":{"@id":"https:\/\/racom.com.pl\/#\/schema\/logo\/image\/"}}]}},"_links":{"self":[{"href":"https:\/\/racom.com.pl\/index.php\/wp-json\/wp\/v2\/product\/2774","targetHints":{"allow":["GET"]}}],"collection":[{"href":"https:\/\/racom.com.pl\/index.php\/wp-json\/wp\/v2\/product"}],"about":[{"href":"https:\/\/racom.com.pl\/index.php\/wp-json\/wp\/v2\/types\/product"}],"replies":[{"embeddable":true,"href":"https:\/\/racom.com.pl\/index.php\/wp-json\/wp\/v2\/comments?post=2774"}],"wp:featuredmedia":[{"embeddable":true,"href":"https:\/\/racom.com.pl\/index.php\/wp-json\/wp\/v2\/media\/2776"}],"wp:attachment":[{"href":"https:\/\/racom.com.pl\/index.php\/wp-json\/wp\/v2\/media?parent=2774"}],"wp:term":[{"taxonomy":"product_brand","embeddable":true,"href":"https:\/\/racom.com.pl\/index.php\/wp-json\/wp\/v2\/product_brand?post=2774"},{"taxonomy":"product_cat","embeddable":true,"href":"https:\/\/racom.com.pl\/index.php\/wp-json\/wp\/v2\/product_cat?post=2774"},{"taxonomy":"product_tag","embeddable":true,"href":"https:\/\/racom.com.pl\/index.php\/wp-json\/wp\/v2\/product_tag?post=2774"}],"curies":[{"name":"wp","href":"https:\/\/api.w.org\/{rel}","templated":true}]}}