{"id":2787,"date":"2025-07-19T15:44:05","date_gmt":"2025-07-19T13:44:05","guid":{"rendered":"http:\/\/192.168.2.106\/index.php\/produkt\/tabasco-red-original-pepper-sauce-ostry-sos-duza-butelka-350ml-2\/"},"modified":"2025-07-19T15:44:05","modified_gmt":"2025-07-19T13:44:05","slug":"tabasco-red-original-pepper-sauce-ostry-sos-duza-butelka-350ml-2","status":"publish","type":"product","link":"https:\/\/racom.com.pl\/index.php\/produkt\/tabasco-red-original-pepper-sauce-ostry-sos-duza-butelka-350ml-2\/","title":{"rendered":"TABASCO Red Original Pepper Sauce OSTRY SoS DU\u017bA BUTELKA 350ml"},"content":{"rendered":"<h2>Tabasco Red Original Ostry Sos 350ml \u2013 Du\u017ca Butelka<\/h2>\n<p><b>Tabasco Red Original 350ml<\/b> to kultowy, ostry sos, kt\u00f3ry od ponad 150 lat dodaje wyrazistego smaku potrawom na ca\u0142ym \u015bwiecie. Ten klasyczny sos ostry, produkowany w Luizjanie (USA), wyr\u00f3\u017cnia si\u0119 unikaln\u0105 kompozycj\u0105 specjalnie wyselekcjonowanych papryczek chili, octu i soli, tworz\u0105c niezapomniany, pikantny smak.<\/p>\n<p><b>Du\u017ca butelka 350ml<\/b> to idealne rozwi\u0105zanie dla mi\u0142o\u015bnik\u00f3w ostro\u015bci, kt\u00f3rzy chc\u0105 wzbogaci\u0107 swoje dania na d\u0142u\u017cej. Tabasco Red sprawdzi si\u0119 doskonale jako <b>dodatek do mi\u0119s, sos\u00f3w, marynat, da\u0144 orientalnych, a nawet do pizzy czy makaronu<\/b>. Jego pikantny, a jednocze\u015bnie dobrze zr\u00f3wnowa\u017cony smak podkre\u015bli aromat ka\u017cdej potrawy, wzbogacaj\u0105c j\u0105 o nuty prawdziwej ostro\u015bci.<\/p>\n<p>Butelka wykonana jest z trwa\u0142ego szk\u0142a, co zapewnia \u015bwie\u017co\u015b\u0107 i intensywno\u015b\u0107 smaku przez d\u0142ugi czas. Ergonomiczny kszta\u0142t butelki pozwala na precyzyjne dozowanie sosu, co czyni go idealnym wyborem zar\u00f3wno dla domowych kucharzy, jak i profesjonalist\u00f3w.<\/p>\n<p><b>Tabasco Red 350ml<\/b> \u2013 wyj\u0105tkowa ostro\u015b\u0107, wysoka jako\u015b\u0107 i niepowtarzalny smak Luizjany w jednej du\u017cej butelce.<\/p>\n","protected":false},"excerpt":{"rendered":"<p>Tabasco Red Original Ostry Sos 350ml \u2013 Du\u017ca Butelka Tabasco Red Original 350ml to kultowy, ostry sos, kt\u00f3ry od ponad 150 lat dodaje wyrazistego smaku potrawom na ca\u0142ym \u015bwiecie. Ten klasyczny sos ostry, produkowany w Luizjanie (USA), wyr\u00f3\u017cnia si\u0119 unikaln\u0105 kompozycj\u0105 specjalnie wyselekcjonowanych papryczek chili, octu i soli, tworz\u0105c niezapomniany, pikantny smak. Du\u017ca butelka 350ml [&hellip;]<\/p>\n","protected":false},"featured_media":2789,"comment_status":"open","ping_status":"closed","template":"","meta":[],"product_brand":[111],"product_cat":[109],"product_tag":[],"class_list":{"0":"post-2787","1":"product","2":"type-product","3":"status-publish","4":"has-post-thumbnail","6":"product_brand-tabasco","7":"product_cat-sosy-kanapkowe-i-dressingi","9":"first","10":"instock","11":"taxable","12":"shipping-taxable","13":"purchasable","14":"product-type-simple"},"yoast_head":"<!-- This site is optimized with the Yoast SEO plugin v27.3 - https:\/\/yoast.com\/product\/yoast-seo-wordpress\/ -->\n<title>TABASCO Red Original Pepper Sauce OSTRY SoS DU\u017bA BUTELKA 350ml - Mix Market - Supermarket z wszystkim co potrzeba<\/title>\n<meta name=\"robots\" content=\"index, follow, max-snippet:-1, max-image-preview:large, max-video-preview:-1\" \/>\n<link rel=\"canonical\" href=\"https:\/\/racom.com.pl\/index.php\/produkt\/tabasco-red-original-pepper-sauce-ostry-sos-duza-butelka-350ml-2\/\" \/>\n<meta property=\"og:locale\" content=\"pl_PL\" \/>\n<meta property=\"og:type\" content=\"article\" \/>\n<meta property=\"og:title\" content=\"TABASCO Red Original Pepper Sauce OSTRY SoS DU\u017bA BUTELKA 350ml - Mix Market - Supermarket z wszystkim co potrzeba\" \/>\n<meta property=\"og:description\" content=\"Tabasco Red Original Ostry Sos 350ml \u2013 Du\u017ca Butelka Tabasco Red Original 350ml to kultowy, ostry sos, kt\u00f3ry od ponad 150 lat dodaje wyrazistego smaku potrawom na ca\u0142ym \u015bwiecie. Ten klasyczny sos ostry, produkowany w Luizjanie (USA), wyr\u00f3\u017cnia si\u0119 unikaln\u0105 kompozycj\u0105 specjalnie wyselekcjonowanych papryczek chili, octu i soli, tworz\u0105c niezapomniany, pikantny smak. Du\u017ca butelka 350ml [&hellip;]\" \/>\n<meta property=\"og:url\" content=\"https:\/\/racom.com.pl\/index.php\/produkt\/tabasco-red-original-pepper-sauce-ostry-sos-duza-butelka-350ml-2\/\" \/>\n<meta property=\"og:site_name\" content=\"Mix Market - Supermarket z wszystkim co potrzeba\" \/>\n<meta property=\"og:image\" content=\"https:\/\/racom.com.pl\/wp-content\/uploads\/2025\/07\/allegro_687ba130bb8e83.75139423_2f41368049898cc7c2d5af06b7f4.jpg\" \/>\n\t<meta property=\"og:image:width\" content=\"720\" \/>\n\t<meta property=\"og:image:height\" content=\"720\" \/>\n\t<meta property=\"og:image:type\" content=\"image\/jpeg\" \/>\n<meta name=\"twitter:card\" content=\"summary_large_image\" \/>\n<meta name=\"twitter:label1\" content=\"Szacowany czas czytania\" \/>\n\t<meta name=\"twitter:data1\" content=\"1 minuta\" \/>\n<script type=\"application\/ld+json\" class=\"yoast-schema-graph\">{\"@context\":\"https:\\\/\\\/schema.org\",\"@graph\":[{\"@type\":\"WebPage\",\"@id\":\"https:\\\/\\\/racom.com.pl\\\/index.php\\\/produkt\\\/tabasco-red-original-pepper-sauce-ostry-sos-duza-butelka-350ml-2\\\/\",\"url\":\"https:\\\/\\\/racom.com.pl\\\/index.php\\\/produkt\\\/tabasco-red-original-pepper-sauce-ostry-sos-duza-butelka-350ml-2\\\/\",\"name\":\"TABASCO Red Original Pepper Sauce OSTRY SoS DU\u017bA BUTELKA 350ml - Mix Market - Supermarket z wszystkim co potrzeba\",\"isPartOf\":{\"@id\":\"https:\\\/\\\/racom.com.pl\\\/#website\"},\"primaryImageOfPage\":{\"@id\":\"https:\\\/\\\/racom.com.pl\\\/index.php\\\/produkt\\\/tabasco-red-original-pepper-sauce-ostry-sos-duza-butelka-350ml-2\\\/#primaryimage\"},\"image\":{\"@id\":\"https:\\\/\\\/racom.com.pl\\\/index.php\\\/produkt\\\/tabasco-red-original-pepper-sauce-ostry-sos-duza-butelka-350ml-2\\\/#primaryimage\"},\"thumbnailUrl\":\"https:\\\/\\\/racom.com.pl\\\/wp-content\\\/uploads\\\/2025\\\/07\\\/allegro_687ba130bb8e83.75139423_2f41368049898cc7c2d5af06b7f4.jpg\",\"datePublished\":\"2025-07-19T13:44:05+00:00\",\"breadcrumb\":{\"@id\":\"https:\\\/\\\/racom.com.pl\\\/index.php\\\/produkt\\\/tabasco-red-original-pepper-sauce-ostry-sos-duza-butelka-350ml-2\\\/#breadcrumb\"},\"inLanguage\":\"pl-PL\",\"potentialAction\":[{\"@type\":\"ReadAction\",\"target\":[\"https:\\\/\\\/racom.com.pl\\\/index.php\\\/produkt\\\/tabasco-red-original-pepper-sauce-ostry-sos-duza-butelka-350ml-2\\\/\"]}]},{\"@type\":\"ImageObject\",\"inLanguage\":\"pl-PL\",\"@id\":\"https:\\\/\\\/racom.com.pl\\\/index.php\\\/produkt\\\/tabasco-red-original-pepper-sauce-ostry-sos-duza-butelka-350ml-2\\\/#primaryimage\",\"url\":\"https:\\\/\\\/racom.com.pl\\\/wp-content\\\/uploads\\\/2025\\\/07\\\/allegro_687ba130bb8e83.75139423_2f41368049898cc7c2d5af06b7f4.jpg\",\"contentUrl\":\"https:\\\/\\\/racom.com.pl\\\/wp-content\\\/uploads\\\/2025\\\/07\\\/allegro_687ba130bb8e83.75139423_2f41368049898cc7c2d5af06b7f4.jpg\",\"width\":720,\"height\":720},{\"@type\":\"BreadcrumbList\",\"@id\":\"https:\\\/\\\/racom.com.pl\\\/index.php\\\/produkt\\\/tabasco-red-original-pepper-sauce-ostry-sos-duza-butelka-350ml-2\\\/#breadcrumb\",\"itemListElement\":[{\"@type\":\"ListItem\",\"position\":1,\"name\":\"Strona g\u0142\u00f3wna\",\"item\":\"https:\\\/\\\/racom.com.pl\\\/\"},{\"@type\":\"ListItem\",\"position\":2,\"name\":\"Sklep\",\"item\":\"https:\\\/\\\/racom.com.pl\\\/\"},{\"@type\":\"ListItem\",\"position\":3,\"name\":\"TABASCO Red Original Pepper Sauce OSTRY SoS DU\u017bA BUTELKA 350ml\"}]},{\"@type\":\"WebSite\",\"@id\":\"https:\\\/\\\/racom.com.pl\\\/#website\",\"url\":\"https:\\\/\\\/racom.com.pl\\\/\",\"name\":\"Mix Market - Supermarket z wszystkim co potrzeba do domu i nie tylko\",\"description\":\"\",\"publisher\":{\"@id\":\"https:\\\/\\\/racom.com.pl\\\/#organization\"},\"potentialAction\":[{\"@type\":\"SearchAction\",\"target\":{\"@type\":\"EntryPoint\",\"urlTemplate\":\"https:\\\/\\\/racom.com.pl\\\/?s={search_term_string}\"},\"query-input\":{\"@type\":\"PropertyValueSpecification\",\"valueRequired\":true,\"valueName\":\"search_term_string\"}}],\"inLanguage\":\"pl-PL\"},{\"@type\":\"Organization\",\"@id\":\"https:\\\/\\\/racom.com.pl\\\/#organization\",\"name\":\"Mix Market - Supermarket z wszystkim co potrzeba do domu i nie tylko\",\"url\":\"https:\\\/\\\/racom.com.pl\\\/\",\"logo\":{\"@type\":\"ImageObject\",\"inLanguage\":\"pl-PL\",\"@id\":\"https:\\\/\\\/racom.com.pl\\\/#\\\/schema\\\/logo\\\/image\\\/\",\"url\":\"https:\\\/\\\/racom.com.pl\\\/wp-content\\\/uploads\\\/2025\\\/07\\\/mixmarket_logo.png\",\"contentUrl\":\"https:\\\/\\\/racom.com.pl\\\/wp-content\\\/uploads\\\/2025\\\/07\\\/mixmarket_logo.png\",\"width\":1024,\"height\":1024,\"caption\":\"Mix Market - Supermarket z wszystkim co potrzeba do domu i nie tylko\"},\"image\":{\"@id\":\"https:\\\/\\\/racom.com.pl\\\/#\\\/schema\\\/logo\\\/image\\\/\"}}]}<\/script>\n<!-- \/ Yoast SEO plugin. -->","yoast_head_json":{"title":"TABASCO Red Original Pepper Sauce OSTRY SoS DU\u017bA BUTELKA 350ml - Mix Market - Supermarket z wszystkim co potrzeba","robots":{"index":"index","follow":"follow","max-snippet":"max-snippet:-1","max-image-preview":"max-image-preview:large","max-video-preview":"max-video-preview:-1"},"canonical":"https:\/\/racom.com.pl\/index.php\/produkt\/tabasco-red-original-pepper-sauce-ostry-sos-duza-butelka-350ml-2\/","og_locale":"pl_PL","og_type":"article","og_title":"TABASCO Red Original Pepper Sauce OSTRY SoS DU\u017bA BUTELKA 350ml - Mix Market - Supermarket z wszystkim co potrzeba","og_description":"Tabasco Red Original Ostry Sos 350ml \u2013 Du\u017ca Butelka Tabasco Red Original 350ml to kultowy, ostry sos, kt\u00f3ry od ponad 150 lat dodaje wyrazistego smaku potrawom na ca\u0142ym \u015bwiecie. Ten klasyczny sos ostry, produkowany w Luizjanie (USA), wyr\u00f3\u017cnia si\u0119 unikaln\u0105 kompozycj\u0105 specjalnie wyselekcjonowanych papryczek chili, octu i soli, tworz\u0105c niezapomniany, pikantny smak. Du\u017ca butelka 350ml [&hellip;]","og_url":"https:\/\/racom.com.pl\/index.php\/produkt\/tabasco-red-original-pepper-sauce-ostry-sos-duza-butelka-350ml-2\/","og_site_name":"Mix Market - Supermarket z wszystkim co potrzeba","og_image":[{"width":720,"height":720,"url":"https:\/\/racom.com.pl\/wp-content\/uploads\/2025\/07\/allegro_687ba130bb8e83.75139423_2f41368049898cc7c2d5af06b7f4.jpg","type":"image\/jpeg"}],"twitter_card":"summary_large_image","twitter_misc":{"Szacowany czas czytania":"1 minuta"},"schema":{"@context":"https:\/\/schema.org","@graph":[{"@type":"WebPage","@id":"https:\/\/racom.com.pl\/index.php\/produkt\/tabasco-red-original-pepper-sauce-ostry-sos-duza-butelka-350ml-2\/","url":"https:\/\/racom.com.pl\/index.php\/produkt\/tabasco-red-original-pepper-sauce-ostry-sos-duza-butelka-350ml-2\/","name":"TABASCO Red Original Pepper Sauce OSTRY SoS DU\u017bA BUTELKA 350ml - Mix Market - Supermarket z wszystkim co potrzeba","isPartOf":{"@id":"https:\/\/racom.com.pl\/#website"},"primaryImageOfPage":{"@id":"https:\/\/racom.com.pl\/index.php\/produkt\/tabasco-red-original-pepper-sauce-ostry-sos-duza-butelka-350ml-2\/#primaryimage"},"image":{"@id":"https:\/\/racom.com.pl\/index.php\/produkt\/tabasco-red-original-pepper-sauce-ostry-sos-duza-butelka-350ml-2\/#primaryimage"},"thumbnailUrl":"https:\/\/racom.com.pl\/wp-content\/uploads\/2025\/07\/allegro_687ba130bb8e83.75139423_2f41368049898cc7c2d5af06b7f4.jpg","datePublished":"2025-07-19T13:44:05+00:00","breadcrumb":{"@id":"https:\/\/racom.com.pl\/index.php\/produkt\/tabasco-red-original-pepper-sauce-ostry-sos-duza-butelka-350ml-2\/#breadcrumb"},"inLanguage":"pl-PL","potentialAction":[{"@type":"ReadAction","target":["https:\/\/racom.com.pl\/index.php\/produkt\/tabasco-red-original-pepper-sauce-ostry-sos-duza-butelka-350ml-2\/"]}]},{"@type":"ImageObject","inLanguage":"pl-PL","@id":"https:\/\/racom.com.pl\/index.php\/produkt\/tabasco-red-original-pepper-sauce-ostry-sos-duza-butelka-350ml-2\/#primaryimage","url":"https:\/\/racom.com.pl\/wp-content\/uploads\/2025\/07\/allegro_687ba130bb8e83.75139423_2f41368049898cc7c2d5af06b7f4.jpg","contentUrl":"https:\/\/racom.com.pl\/wp-content\/uploads\/2025\/07\/allegro_687ba130bb8e83.75139423_2f41368049898cc7c2d5af06b7f4.jpg","width":720,"height":720},{"@type":"BreadcrumbList","@id":"https:\/\/racom.com.pl\/index.php\/produkt\/tabasco-red-original-pepper-sauce-ostry-sos-duza-butelka-350ml-2\/#breadcrumb","itemListElement":[{"@type":"ListItem","position":1,"name":"Strona g\u0142\u00f3wna","item":"https:\/\/racom.com.pl\/"},{"@type":"ListItem","position":2,"name":"Sklep","item":"https:\/\/racom.com.pl\/"},{"@type":"ListItem","position":3,"name":"TABASCO Red Original Pepper Sauce OSTRY SoS DU\u017bA BUTELKA 350ml"}]},{"@type":"WebSite","@id":"https:\/\/racom.com.pl\/#website","url":"https:\/\/racom.com.pl\/","name":"Mix Market - Supermarket z wszystkim co potrzeba do domu i nie tylko","description":"","publisher":{"@id":"https:\/\/racom.com.pl\/#organization"},"potentialAction":[{"@type":"SearchAction","target":{"@type":"EntryPoint","urlTemplate":"https:\/\/racom.com.pl\/?s={search_term_string}"},"query-input":{"@type":"PropertyValueSpecification","valueRequired":true,"valueName":"search_term_string"}}],"inLanguage":"pl-PL"},{"@type":"Organization","@id":"https:\/\/racom.com.pl\/#organization","name":"Mix Market - Supermarket z wszystkim co potrzeba do domu i nie tylko","url":"https:\/\/racom.com.pl\/","logo":{"@type":"ImageObject","inLanguage":"pl-PL","@id":"https:\/\/racom.com.pl\/#\/schema\/logo\/image\/","url":"https:\/\/racom.com.pl\/wp-content\/uploads\/2025\/07\/mixmarket_logo.png","contentUrl":"https:\/\/racom.com.pl\/wp-content\/uploads\/2025\/07\/mixmarket_logo.png","width":1024,"height":1024,"caption":"Mix Market - Supermarket z wszystkim co potrzeba do domu i nie tylko"},"image":{"@id":"https:\/\/racom.com.pl\/#\/schema\/logo\/image\/"}}]}},"_links":{"self":[{"href":"https:\/\/racom.com.pl\/index.php\/wp-json\/wp\/v2\/product\/2787","targetHints":{"allow":["GET"]}}],"collection":[{"href":"https:\/\/racom.com.pl\/index.php\/wp-json\/wp\/v2\/product"}],"about":[{"href":"https:\/\/racom.com.pl\/index.php\/wp-json\/wp\/v2\/types\/product"}],"replies":[{"embeddable":true,"href":"https:\/\/racom.com.pl\/index.php\/wp-json\/wp\/v2\/comments?post=2787"}],"wp:featuredmedia":[{"embeddable":true,"href":"https:\/\/racom.com.pl\/index.php\/wp-json\/wp\/v2\/media\/2789"}],"wp:attachment":[{"href":"https:\/\/racom.com.pl\/index.php\/wp-json\/wp\/v2\/media?parent=2787"}],"wp:term":[{"taxonomy":"product_brand","embeddable":true,"href":"https:\/\/racom.com.pl\/index.php\/wp-json\/wp\/v2\/product_brand?post=2787"},{"taxonomy":"product_cat","embeddable":true,"href":"https:\/\/racom.com.pl\/index.php\/wp-json\/wp\/v2\/product_cat?post=2787"},{"taxonomy":"product_tag","embeddable":true,"href":"https:\/\/racom.com.pl\/index.php\/wp-json\/wp\/v2\/product_tag?post=2787"}],"curies":[{"name":"wp","href":"https:\/\/api.w.org\/{rel}","templated":true}]}}