{"id":2803,"date":"2025-07-19T15:50:55","date_gmt":"2025-07-19T13:50:55","guid":{"rendered":"http:\/\/192.168.2.106\/index.php\/produkt\/wielka-pieniawa-woda-mineralna-lecznicza-zdrowotna-zgrzewka-1-5l\/"},"modified":"2025-07-19T15:50:55","modified_gmt":"2025-07-19T13:50:55","slug":"wielka-pieniawa-woda-mineralna-lecznicza-zdrowotna-zgrzewka-1-5l","status":"publish","type":"product","link":"https:\/\/racom.com.pl\/index.php\/produkt\/wielka-pieniawa-woda-mineralna-lecznicza-zdrowotna-zgrzewka-1-5l\/","title":{"rendered":"WIELKA PIENIAWA woda mineralna Lecznicza Zdrowotna ZGRZEWKA 1.5L"},"content":{"rendered":"<h2>6x 1,5L WIELKA PIENIAWA woda mineralna ZGRZEWKA<\/h2>\n<p>Naturalna kompozycja minera\u0142\u00f3w zawartych w Wielkiej Pieniawie wp\u0142ywa korzystnie na uk\u0142ad pokarmowy w przypadku problem\u00f3w trawiennych i \u017co\u0142\u0105dkowych oraz stymuluje ochron\u0119 organizmu przed niekorzystnym wp\u0142ywem \u015brodowiska.<\/p>\n<p>Woda Wielka Pieniawa zawiera naturalny dwutlenek w\u0119gla i dost\u0119pna jest do spo\u017cycia na miejscu w pijalni w Polanicy-Zdroju oraz w formie butelkowanej w obrocie handlowym.<\/p>\n<p>Wielka Pieniawa to \u015arodek Spo\u017cywczy Specjalnego Przeznaczenia \u017bywieniowego o poziomie mineralizacji 1404mg\/l.<\/p>\n<p>og\u00f3lna zawarto\u015b\u0107 rozpuszczonych sk\u0142adnik\u00f3w mineralnych 1404,00 mg\/l..<\/p>\n<p>Zawiera naturalny dwutlenek w\u0119gla.<\/p>\n<h2>\u0179r\u00f3d\u0142o<\/h2>\n<p>Prosto z serca G\u00f3r Sto\u0142owych sp\u0142ywaj\u0105 podziemne wody mineralne, kt\u00f3re daj\u0105 pocz\u0105tek polanickim \u017ar\u00f3d\u0142om s\u0142yn\u0105cym z walor\u00f3w leczniczych i smakowych. Jak powstaj\u0105? To proste &#8211; dzi\u0119ki opadom, systematycznie zasilaj\u0105cym odnawialne z\u0142o\u017ca wody. Jednak deszcz lub \u015bnieg padaj\u0105cy w G\u00f3rach Sto\u0142owych to dopiero pocz\u0105tek cyklu, kt\u00f3ry mo\u017ce trwa\u0107 nawet kilka tysi\u0119cy lat! Woda powoli przesi\u0105ka w g\u0142\u0105b ziemi, a\u017c dociera do ska\u0142 osadowych, g\u0142\u00f3wnie piaskowc\u00f3w i margli. Wype\u0142nia szczeliny skalne i \u015bcieka nimi, tworz\u0105c podziemne \u017ar\u00f3d\u0142a. Na powierzchni\u0119 wydostaje si\u0119 samoczynnie (s\u0105 to tzw. wyp\u0142ywy artezyjskie) albo jest czerpana przez specjalnie wykonane odwierty.<\/p>\n<p>No dobrze, ale sk\u0105d bior\u0105 si\u0119 jej specyficzne w\u0142a\u015bciwo\u015bci? Krystaliczna czysto\u015b\u0107 to efekt powolnego przes\u0105czania si\u0119 wody przez naturalny filtr skalny. W czasie tej \u017cmudnej w\u0119dr\u00f3wki woda rozpuszcza minera\u0142y zawarte w ska\u0142ach, nabieraj\u0105c przy tym ich w\u0142a\u015bciwo\u015bci &#8211; staje si\u0119 mineralna! Dodatkowo z wrz\u0105cego wn\u0119trza ziemi ulatnia si\u0119 dwutlenek w\u0119gla, kt\u00f3ry w spos\u00f3b naturalny nagazowuje wod\u0119. W ten spos\u00f3b powstaj\u0105 s\u0142ynne polanickie szczawy.<\/p>\n<p>A gdzie koniec cyklu? To proste &#8211; na skutek parowania wody powierzchniowe tworz\u0105 chmury, z kt\u00f3rych pada deszcz lub \u015bnieg&#8230; i ko\u0142o si\u0119 zamyka.<\/p>\n<h2>Dawkowanie:<\/h2>\n<p>Cechuje j\u0105 du\u017ca zawarto\u015b\u0107 pierwiastk\u00f3w chemicznych niezb\u0119dnych do prawid\u0142owego funkcjonowania organizmu, co wzmacnia jego si\u0142y obronne i chroni przed negatywnym wp\u0142ywem \u015brodowiska. Jest idealna na codzienne stresy oraz podwy\u017cszony stan dra\u017cliwo\u015bci. Jej specjalny sk\u0142ad pomaga przy problemach trawiennych i \u017co\u0142\u0105dkowych. W\u015br\u00f3d czynnik\u00f3w ryzyka zawa\u0142\u00f3w serca, kardiolodzy wymieniaj\u0105 mi\u0119kk\u0105 wod\u0119, kt\u00f3ra wyst\u0119puje w wielu rejonach naszego kraju. Picie wody mineralnej poprawia stan zdrowia.<\/p>\n<p>Osoby stosuj\u0105ce Wielk\u0105 Pieniaw\u0119 jako pomoc w dolegliwo\u015bciach przewodu pokarmowego, powinny j\u0105 pi\u0107 <b>2&nbsp;x dziennie po ok. 250. ml<\/b> powoli, przez rurk\u0119, na pusty \u017co\u0142\u0105dek, ok. 1 godz. przed jedzeniem &#8211; przy wi\u0119kszo\u015bci schorze\u0144- lub ok. 1,5 godz. po jedzeniu &#8211; przy obni\u017conej kwasocie \u017co\u0142\u0105dka. Polecamy j\u0105 jednak wszystkim, w odpowiednich ilo\u015bciach, poniewa\u017c gasi pragnienie oraz dostarcza naszemu organizmowi mikroelement\u00f3w wa\u017cnych dla zdrowia i zachowania dobrej kondycji.<\/p>\n<p><b>Zawarto\u015b\u0107 charakterystycznych sk\u0142adnik\u00f3w mineralnych:<\/b><\/p>\n<p><b>Kationy mg\/l:<\/b><\/p>\n<p>Ca 213,00<\/p>\n<p>Na 59,00<\/p>\n<p>K 36,90<\/p>\n<p>Mg 21,90<\/p>\n<p><b>Aniony mg\/l:<\/b><\/p>\n<p>HCO 950,00<\/p>\n<p>SO 30,00<\/p>\n<p>Cl 3,30<\/p>\n<p>F 0,21<\/p>\n<p><b>Og\u00f3lna zawarto\u015b\u0107 rozpuszczonych sk\u0142adnik\u00f3w mineralnych: 1315,00 mg\/l.<\/b><\/p>\n","protected":false},"excerpt":{"rendered":"<p>6x 1,5L WIELKA PIENIAWA woda mineralna ZGRZEWKA Naturalna kompozycja minera\u0142\u00f3w zawartych w Wielkiej Pieniawie wp\u0142ywa korzystnie na uk\u0142ad pokarmowy w przypadku problem\u00f3w trawiennych i \u017co\u0142\u0105dkowych oraz stymuluje ochron\u0119 organizmu przed niekorzystnym wp\u0142ywem \u015brodowiska. Woda Wielka Pieniawa zawiera naturalny dwutlenek w\u0119gla i dost\u0119pna jest do spo\u017cycia na miejscu w pijalni w Polanicy-Zdroju oraz w formie butelkowanej [&hellip;]<\/p>\n","protected":false},"featured_media":2806,"comment_status":"open","ping_status":"closed","template":"","meta":[],"product_brand":[156],"product_cat":[116],"product_tag":[],"class_list":{"0":"post-2803","1":"product","2":"type-product","3":"status-publish","4":"has-post-thumbnail","6":"product_brand-wielka-pieniawa","7":"product_cat-napoje-i-akcesoria","9":"first","10":"instock","11":"taxable","12":"shipping-taxable","13":"purchasable","14":"product-type-simple"},"yoast_head":"<!-- This site is optimized with the Yoast SEO plugin v27.3 - https:\/\/yoast.com\/product\/yoast-seo-wordpress\/ -->\n<title>WIELKA PIENIAWA woda mineralna Lecznicza Zdrowotna ZGRZEWKA 1.5L - Mix Market - Supermarket z wszystkim co potrzeba<\/title>\n<meta name=\"robots\" content=\"index, follow, max-snippet:-1, max-image-preview:large, max-video-preview:-1\" \/>\n<link rel=\"canonical\" href=\"https:\/\/racom.com.pl\/index.php\/produkt\/wielka-pieniawa-woda-mineralna-lecznicza-zdrowotna-zgrzewka-1-5l\/\" \/>\n<meta property=\"og:locale\" content=\"pl_PL\" \/>\n<meta property=\"og:type\" content=\"article\" \/>\n<meta property=\"og:title\" content=\"WIELKA PIENIAWA woda mineralna Lecznicza Zdrowotna ZGRZEWKA 1.5L - Mix Market - Supermarket z wszystkim co potrzeba\" \/>\n<meta property=\"og:description\" content=\"6x 1,5L WIELKA PIENIAWA woda mineralna ZGRZEWKA Naturalna kompozycja minera\u0142\u00f3w zawartych w Wielkiej Pieniawie wp\u0142ywa korzystnie na uk\u0142ad pokarmowy w przypadku problem\u00f3w trawiennych i \u017co\u0142\u0105dkowych oraz stymuluje ochron\u0119 organizmu przed niekorzystnym wp\u0142ywem \u015brodowiska. Woda Wielka Pieniawa zawiera naturalny dwutlenek w\u0119gla i dost\u0119pna jest do spo\u017cycia na miejscu w pijalni w Polanicy-Zdroju oraz w formie butelkowanej [&hellip;]\" \/>\n<meta property=\"og:url\" content=\"https:\/\/racom.com.pl\/index.php\/produkt\/wielka-pieniawa-woda-mineralna-lecznicza-zdrowotna-zgrzewka-1-5l\/\" \/>\n<meta property=\"og:site_name\" content=\"Mix Market - Supermarket z wszystkim co potrzeba\" \/>\n<meta property=\"og:image\" content=\"https:\/\/racom.com.pl\/wp-content\/uploads\/2025\/07\/allegro_687ba30c56ee78.20316846_b0b456b948a3a2be5f901c56a2d8.jpg\" \/>\n\t<meta property=\"og:image:width\" content=\"2365\" \/>\n\t<meta property=\"og:image:height\" content=\"2365\" \/>\n\t<meta property=\"og:image:type\" content=\"image\/jpeg\" \/>\n<meta name=\"twitter:card\" content=\"summary_large_image\" \/>\n<meta name=\"twitter:label1\" content=\"Szacowany czas czytania\" \/>\n\t<meta name=\"twitter:data1\" content=\"3 minuty\" \/>\n<script type=\"application\/ld+json\" class=\"yoast-schema-graph\">{\"@context\":\"https:\\\/\\\/schema.org\",\"@graph\":[{\"@type\":\"WebPage\",\"@id\":\"https:\\\/\\\/racom.com.pl\\\/index.php\\\/produkt\\\/wielka-pieniawa-woda-mineralna-lecznicza-zdrowotna-zgrzewka-1-5l\\\/\",\"url\":\"https:\\\/\\\/racom.com.pl\\\/index.php\\\/produkt\\\/wielka-pieniawa-woda-mineralna-lecznicza-zdrowotna-zgrzewka-1-5l\\\/\",\"name\":\"WIELKA PIENIAWA woda mineralna Lecznicza Zdrowotna ZGRZEWKA 1.5L - Mix Market - Supermarket z wszystkim co potrzeba\",\"isPartOf\":{\"@id\":\"https:\\\/\\\/racom.com.pl\\\/#website\"},\"primaryImageOfPage\":{\"@id\":\"https:\\\/\\\/racom.com.pl\\\/index.php\\\/produkt\\\/wielka-pieniawa-woda-mineralna-lecznicza-zdrowotna-zgrzewka-1-5l\\\/#primaryimage\"},\"image\":{\"@id\":\"https:\\\/\\\/racom.com.pl\\\/index.php\\\/produkt\\\/wielka-pieniawa-woda-mineralna-lecznicza-zdrowotna-zgrzewka-1-5l\\\/#primaryimage\"},\"thumbnailUrl\":\"https:\\\/\\\/racom.com.pl\\\/wp-content\\\/uploads\\\/2025\\\/07\\\/allegro_687ba30c56ee78.20316846_b0b456b948a3a2be5f901c56a2d8.jpg\",\"datePublished\":\"2025-07-19T13:50:55+00:00\",\"breadcrumb\":{\"@id\":\"https:\\\/\\\/racom.com.pl\\\/index.php\\\/produkt\\\/wielka-pieniawa-woda-mineralna-lecznicza-zdrowotna-zgrzewka-1-5l\\\/#breadcrumb\"},\"inLanguage\":\"pl-PL\",\"potentialAction\":[{\"@type\":\"ReadAction\",\"target\":[\"https:\\\/\\\/racom.com.pl\\\/index.php\\\/produkt\\\/wielka-pieniawa-woda-mineralna-lecznicza-zdrowotna-zgrzewka-1-5l\\\/\"]}]},{\"@type\":\"ImageObject\",\"inLanguage\":\"pl-PL\",\"@id\":\"https:\\\/\\\/racom.com.pl\\\/index.php\\\/produkt\\\/wielka-pieniawa-woda-mineralna-lecznicza-zdrowotna-zgrzewka-1-5l\\\/#primaryimage\",\"url\":\"https:\\\/\\\/racom.com.pl\\\/wp-content\\\/uploads\\\/2025\\\/07\\\/allegro_687ba30c56ee78.20316846_b0b456b948a3a2be5f901c56a2d8.jpg\",\"contentUrl\":\"https:\\\/\\\/racom.com.pl\\\/wp-content\\\/uploads\\\/2025\\\/07\\\/allegro_687ba30c56ee78.20316846_b0b456b948a3a2be5f901c56a2d8.jpg\",\"width\":2365,\"height\":2365},{\"@type\":\"BreadcrumbList\",\"@id\":\"https:\\\/\\\/racom.com.pl\\\/index.php\\\/produkt\\\/wielka-pieniawa-woda-mineralna-lecznicza-zdrowotna-zgrzewka-1-5l\\\/#breadcrumb\",\"itemListElement\":[{\"@type\":\"ListItem\",\"position\":1,\"name\":\"Strona g\u0142\u00f3wna\",\"item\":\"https:\\\/\\\/racom.com.pl\\\/\"},{\"@type\":\"ListItem\",\"position\":2,\"name\":\"Sklep\",\"item\":\"https:\\\/\\\/racom.com.pl\\\/\"},{\"@type\":\"ListItem\",\"position\":3,\"name\":\"WIELKA PIENIAWA woda mineralna Lecznicza Zdrowotna ZGRZEWKA 1.5L\"}]},{\"@type\":\"WebSite\",\"@id\":\"https:\\\/\\\/racom.com.pl\\\/#website\",\"url\":\"https:\\\/\\\/racom.com.pl\\\/\",\"name\":\"Mix Market - Supermarket z wszystkim co potrzeba do domu i nie tylko\",\"description\":\"\",\"publisher\":{\"@id\":\"https:\\\/\\\/racom.com.pl\\\/#organization\"},\"potentialAction\":[{\"@type\":\"SearchAction\",\"target\":{\"@type\":\"EntryPoint\",\"urlTemplate\":\"https:\\\/\\\/racom.com.pl\\\/?s={search_term_string}\"},\"query-input\":{\"@type\":\"PropertyValueSpecification\",\"valueRequired\":true,\"valueName\":\"search_term_string\"}}],\"inLanguage\":\"pl-PL\"},{\"@type\":\"Organization\",\"@id\":\"https:\\\/\\\/racom.com.pl\\\/#organization\",\"name\":\"Mix Market - Supermarket z wszystkim co potrzeba do domu i nie tylko\",\"url\":\"https:\\\/\\\/racom.com.pl\\\/\",\"logo\":{\"@type\":\"ImageObject\",\"inLanguage\":\"pl-PL\",\"@id\":\"https:\\\/\\\/racom.com.pl\\\/#\\\/schema\\\/logo\\\/image\\\/\",\"url\":\"https:\\\/\\\/racom.com.pl\\\/wp-content\\\/uploads\\\/2025\\\/07\\\/mixmarket_logo.png\",\"contentUrl\":\"https:\\\/\\\/racom.com.pl\\\/wp-content\\\/uploads\\\/2025\\\/07\\\/mixmarket_logo.png\",\"width\":1024,\"height\":1024,\"caption\":\"Mix Market - Supermarket z wszystkim co potrzeba do domu i nie tylko\"},\"image\":{\"@id\":\"https:\\\/\\\/racom.com.pl\\\/#\\\/schema\\\/logo\\\/image\\\/\"}}]}<\/script>\n<!-- \/ Yoast SEO plugin. -->","yoast_head_json":{"title":"WIELKA PIENIAWA woda mineralna Lecznicza Zdrowotna ZGRZEWKA 1.5L - Mix Market - Supermarket z wszystkim co potrzeba","robots":{"index":"index","follow":"follow","max-snippet":"max-snippet:-1","max-image-preview":"max-image-preview:large","max-video-preview":"max-video-preview:-1"},"canonical":"https:\/\/racom.com.pl\/index.php\/produkt\/wielka-pieniawa-woda-mineralna-lecznicza-zdrowotna-zgrzewka-1-5l\/","og_locale":"pl_PL","og_type":"article","og_title":"WIELKA PIENIAWA woda mineralna Lecznicza Zdrowotna ZGRZEWKA 1.5L - Mix Market - Supermarket z wszystkim co potrzeba","og_description":"6x 1,5L WIELKA PIENIAWA woda mineralna ZGRZEWKA Naturalna kompozycja minera\u0142\u00f3w zawartych w Wielkiej Pieniawie wp\u0142ywa korzystnie na uk\u0142ad pokarmowy w przypadku problem\u00f3w trawiennych i \u017co\u0142\u0105dkowych oraz stymuluje ochron\u0119 organizmu przed niekorzystnym wp\u0142ywem \u015brodowiska. Woda Wielka Pieniawa zawiera naturalny dwutlenek w\u0119gla i dost\u0119pna jest do spo\u017cycia na miejscu w pijalni w Polanicy-Zdroju oraz w formie butelkowanej [&hellip;]","og_url":"https:\/\/racom.com.pl\/index.php\/produkt\/wielka-pieniawa-woda-mineralna-lecznicza-zdrowotna-zgrzewka-1-5l\/","og_site_name":"Mix Market - Supermarket z wszystkim co potrzeba","og_image":[{"width":2365,"height":2365,"url":"https:\/\/racom.com.pl\/wp-content\/uploads\/2025\/07\/allegro_687ba30c56ee78.20316846_b0b456b948a3a2be5f901c56a2d8.jpg","type":"image\/jpeg"}],"twitter_card":"summary_large_image","twitter_misc":{"Szacowany czas czytania":"3 minuty"},"schema":{"@context":"https:\/\/schema.org","@graph":[{"@type":"WebPage","@id":"https:\/\/racom.com.pl\/index.php\/produkt\/wielka-pieniawa-woda-mineralna-lecznicza-zdrowotna-zgrzewka-1-5l\/","url":"https:\/\/racom.com.pl\/index.php\/produkt\/wielka-pieniawa-woda-mineralna-lecznicza-zdrowotna-zgrzewka-1-5l\/","name":"WIELKA PIENIAWA woda mineralna Lecznicza Zdrowotna ZGRZEWKA 1.5L - Mix Market - Supermarket z wszystkim co potrzeba","isPartOf":{"@id":"https:\/\/racom.com.pl\/#website"},"primaryImageOfPage":{"@id":"https:\/\/racom.com.pl\/index.php\/produkt\/wielka-pieniawa-woda-mineralna-lecznicza-zdrowotna-zgrzewka-1-5l\/#primaryimage"},"image":{"@id":"https:\/\/racom.com.pl\/index.php\/produkt\/wielka-pieniawa-woda-mineralna-lecznicza-zdrowotna-zgrzewka-1-5l\/#primaryimage"},"thumbnailUrl":"https:\/\/racom.com.pl\/wp-content\/uploads\/2025\/07\/allegro_687ba30c56ee78.20316846_b0b456b948a3a2be5f901c56a2d8.jpg","datePublished":"2025-07-19T13:50:55+00:00","breadcrumb":{"@id":"https:\/\/racom.com.pl\/index.php\/produkt\/wielka-pieniawa-woda-mineralna-lecznicza-zdrowotna-zgrzewka-1-5l\/#breadcrumb"},"inLanguage":"pl-PL","potentialAction":[{"@type":"ReadAction","target":["https:\/\/racom.com.pl\/index.php\/produkt\/wielka-pieniawa-woda-mineralna-lecznicza-zdrowotna-zgrzewka-1-5l\/"]}]},{"@type":"ImageObject","inLanguage":"pl-PL","@id":"https:\/\/racom.com.pl\/index.php\/produkt\/wielka-pieniawa-woda-mineralna-lecznicza-zdrowotna-zgrzewka-1-5l\/#primaryimage","url":"https:\/\/racom.com.pl\/wp-content\/uploads\/2025\/07\/allegro_687ba30c56ee78.20316846_b0b456b948a3a2be5f901c56a2d8.jpg","contentUrl":"https:\/\/racom.com.pl\/wp-content\/uploads\/2025\/07\/allegro_687ba30c56ee78.20316846_b0b456b948a3a2be5f901c56a2d8.jpg","width":2365,"height":2365},{"@type":"BreadcrumbList","@id":"https:\/\/racom.com.pl\/index.php\/produkt\/wielka-pieniawa-woda-mineralna-lecznicza-zdrowotna-zgrzewka-1-5l\/#breadcrumb","itemListElement":[{"@type":"ListItem","position":1,"name":"Strona g\u0142\u00f3wna","item":"https:\/\/racom.com.pl\/"},{"@type":"ListItem","position":2,"name":"Sklep","item":"https:\/\/racom.com.pl\/"},{"@type":"ListItem","position":3,"name":"WIELKA PIENIAWA woda mineralna Lecznicza Zdrowotna ZGRZEWKA 1.5L"}]},{"@type":"WebSite","@id":"https:\/\/racom.com.pl\/#website","url":"https:\/\/racom.com.pl\/","name":"Mix Market - Supermarket z wszystkim co potrzeba do domu i nie tylko","description":"","publisher":{"@id":"https:\/\/racom.com.pl\/#organization"},"potentialAction":[{"@type":"SearchAction","target":{"@type":"EntryPoint","urlTemplate":"https:\/\/racom.com.pl\/?s={search_term_string}"},"query-input":{"@type":"PropertyValueSpecification","valueRequired":true,"valueName":"search_term_string"}}],"inLanguage":"pl-PL"},{"@type":"Organization","@id":"https:\/\/racom.com.pl\/#organization","name":"Mix Market - Supermarket z wszystkim co potrzeba do domu i nie tylko","url":"https:\/\/racom.com.pl\/","logo":{"@type":"ImageObject","inLanguage":"pl-PL","@id":"https:\/\/racom.com.pl\/#\/schema\/logo\/image\/","url":"https:\/\/racom.com.pl\/wp-content\/uploads\/2025\/07\/mixmarket_logo.png","contentUrl":"https:\/\/racom.com.pl\/wp-content\/uploads\/2025\/07\/mixmarket_logo.png","width":1024,"height":1024,"caption":"Mix Market - Supermarket z wszystkim co potrzeba do domu i nie tylko"},"image":{"@id":"https:\/\/racom.com.pl\/#\/schema\/logo\/image\/"}}]}},"_links":{"self":[{"href":"https:\/\/racom.com.pl\/index.php\/wp-json\/wp\/v2\/product\/2803","targetHints":{"allow":["GET"]}}],"collection":[{"href":"https:\/\/racom.com.pl\/index.php\/wp-json\/wp\/v2\/product"}],"about":[{"href":"https:\/\/racom.com.pl\/index.php\/wp-json\/wp\/v2\/types\/product"}],"replies":[{"embeddable":true,"href":"https:\/\/racom.com.pl\/index.php\/wp-json\/wp\/v2\/comments?post=2803"}],"wp:featuredmedia":[{"embeddable":true,"href":"https:\/\/racom.com.pl\/index.php\/wp-json\/wp\/v2\/media\/2806"}],"wp:attachment":[{"href":"https:\/\/racom.com.pl\/index.php\/wp-json\/wp\/v2\/media?parent=2803"}],"wp:term":[{"taxonomy":"product_brand","embeddable":true,"href":"https:\/\/racom.com.pl\/index.php\/wp-json\/wp\/v2\/product_brand?post=2803"},{"taxonomy":"product_cat","embeddable":true,"href":"https:\/\/racom.com.pl\/index.php\/wp-json\/wp\/v2\/product_cat?post=2803"},{"taxonomy":"product_tag","embeddable":true,"href":"https:\/\/racom.com.pl\/index.php\/wp-json\/wp\/v2\/product_tag?post=2803"}],"curies":[{"name":"wp","href":"https:\/\/api.w.org\/{rel}","templated":true}]}}