{"id":2809,"date":"2025-07-19T15:53:15","date_gmt":"2025-07-19T13:53:15","guid":{"rendered":"http:\/\/192.168.2.106\/index.php\/produkt\/king-oscar-szproty-w-sosie-pomidorowym-160-g\/"},"modified":"2025-07-19T15:53:15","modified_gmt":"2025-07-19T13:53:15","slug":"king-oscar-szproty-w-sosie-pomidorowym-160-g","status":"publish","type":"product","link":"https:\/\/racom.com.pl\/index.php\/produkt\/king-oscar-szproty-w-sosie-pomidorowym-160-g\/","title":{"rendered":"King Oscar Szproty w sosie pomidorowym 160 g"},"content":{"rendered":"<h2>King Oscar Szproty w sosie pomidorowym 160g<\/h2>\n<p>Najlepszej jako\u015bci szproty ba\u0142tyckie, uk\u0142adane r\u0119cznie w puszce, w tradycyjnym sosie pomidorowym o bogatym smaku. Wyr\u00f3b ten jest zdobywc\u0105 nagrody za najlepsz\u0105 jako\u015b\u0107. Zdoby\u0142 on uznanie dzi\u0119ki swojemu wybornemu smakowi i doskona\u0142ej konsystencji. \u015awietne na kanapce, w zdrowej sa\u0142atce albo prosto z puszki. Po\u0142awiane w stanie dzikim w Morzu Ba\u0142tyckim przy zastosowaniu metod przyjaznych dla \u015brodowiska. Bogate w kwasy Omega-3, bia\u0142ko, witaminy B12 i D, wap\u0144, \u017celazo, fosfor i potas.<\/p>\n<ul>\n<li><b>Sk\u0142ad:<\/b> Ryba &#8211; Szporty, sos pomidorowy &#8211; woda, koncentrat pomidorowy, cukier, ocet spirytusowy, olej ro\u015blinny (patrz nadruk w kodowaniu: S-sojowy, R-rzepakowy), s\u00f3l, cebula suszona, substancje zag\u0119dszczaj\u0105ce (guma guar, m\u0105czka chleba \u015bwi\u0119toja\u0144skiego), czosnek suszony, pieprz czarny, ziele angielskie, s\u0142odka papryka, aromat papryki.<\/li>\n<li><b>Waga:<\/b> 160 g<\/li>\n<\/ul>\n","protected":false},"excerpt":{"rendered":"<p>King Oscar Szproty w sosie pomidorowym 160g Najlepszej jako\u015bci szproty ba\u0142tyckie, uk\u0142adane r\u0119cznie w puszce, w tradycyjnym sosie pomidorowym o bogatym smaku. Wyr\u00f3b ten jest zdobywc\u0105 nagrody za najlepsz\u0105 jako\u015b\u0107. Zdoby\u0142 on uznanie dzi\u0119ki swojemu wybornemu smakowi i doskona\u0142ej konsystencji. \u015awietne na kanapce, w zdrowej sa\u0142atce albo prosto z puszki. Po\u0142awiane w stanie dzikim w [&hellip;]<\/p>\n","protected":false},"featured_media":2811,"comment_status":"open","ping_status":"closed","template":"","meta":[],"product_brand":[184],"product_cat":[183],"product_tag":[],"class_list":{"0":"post-2809","1":"product","2":"type-product","3":"status-publish","4":"has-post-thumbnail","6":"product_brand-king-oscar","7":"product_cat-ryby-i-owoce-morza","9":"first","10":"instock","11":"taxable","12":"shipping-taxable","13":"purchasable","14":"product-type-simple"},"yoast_head":"<!-- This site is optimized with the Yoast SEO plugin v27.3 - https:\/\/yoast.com\/product\/yoast-seo-wordpress\/ -->\n<title>King Oscar Szproty w sosie pomidorowym 160 g - Mix Market - Supermarket z wszystkim co potrzeba<\/title>\n<meta name=\"robots\" content=\"index, follow, max-snippet:-1, max-image-preview:large, max-video-preview:-1\" \/>\n<link rel=\"canonical\" href=\"https:\/\/racom.com.pl\/index.php\/produkt\/king-oscar-szproty-w-sosie-pomidorowym-160-g\/\" \/>\n<meta property=\"og:locale\" content=\"pl_PL\" \/>\n<meta property=\"og:type\" content=\"article\" \/>\n<meta property=\"og:title\" content=\"King Oscar Szproty w sosie pomidorowym 160 g - Mix Market - Supermarket z wszystkim co potrzeba\" \/>\n<meta property=\"og:description\" content=\"King Oscar Szproty w sosie pomidorowym 160g Najlepszej jako\u015bci szproty ba\u0142tyckie, uk\u0142adane r\u0119cznie w puszce, w tradycyjnym sosie pomidorowym o bogatym smaku. Wyr\u00f3b ten jest zdobywc\u0105 nagrody za najlepsz\u0105 jako\u015b\u0107. Zdoby\u0142 on uznanie dzi\u0119ki swojemu wybornemu smakowi i doskona\u0142ej konsystencji. \u015awietne na kanapce, w zdrowej sa\u0142atce albo prosto z puszki. Po\u0142awiane w stanie dzikim w [&hellip;]\" \/>\n<meta property=\"og:url\" content=\"https:\/\/racom.com.pl\/index.php\/produkt\/king-oscar-szproty-w-sosie-pomidorowym-160-g\/\" \/>\n<meta property=\"og:site_name\" content=\"Mix Market - Supermarket z wszystkim co potrzeba\" \/>\n<meta property=\"og:image\" content=\"https:\/\/racom.com.pl\/wp-content\/uploads\/2025\/07\/allegro_687ba371bfacf4.74895272_6a060bd0449e91fdb905abbc1f8e.jpg\" \/>\n\t<meta property=\"og:image:width\" content=\"2365\" \/>\n\t<meta property=\"og:image:height\" content=\"2365\" \/>\n\t<meta property=\"og:image:type\" content=\"image\/jpeg\" \/>\n<meta name=\"twitter:card\" content=\"summary_large_image\" \/>\n<meta name=\"twitter:label1\" content=\"Szacowany czas czytania\" \/>\n\t<meta name=\"twitter:data1\" content=\"1 minuta\" \/>\n<script type=\"application\/ld+json\" class=\"yoast-schema-graph\">{\"@context\":\"https:\\\/\\\/schema.org\",\"@graph\":[{\"@type\":\"WebPage\",\"@id\":\"https:\\\/\\\/racom.com.pl\\\/index.php\\\/produkt\\\/king-oscar-szproty-w-sosie-pomidorowym-160-g\\\/\",\"url\":\"https:\\\/\\\/racom.com.pl\\\/index.php\\\/produkt\\\/king-oscar-szproty-w-sosie-pomidorowym-160-g\\\/\",\"name\":\"King Oscar Szproty w sosie pomidorowym 160 g - Mix Market - Supermarket z wszystkim co potrzeba\",\"isPartOf\":{\"@id\":\"https:\\\/\\\/racom.com.pl\\\/#website\"},\"primaryImageOfPage\":{\"@id\":\"https:\\\/\\\/racom.com.pl\\\/index.php\\\/produkt\\\/king-oscar-szproty-w-sosie-pomidorowym-160-g\\\/#primaryimage\"},\"image\":{\"@id\":\"https:\\\/\\\/racom.com.pl\\\/index.php\\\/produkt\\\/king-oscar-szproty-w-sosie-pomidorowym-160-g\\\/#primaryimage\"},\"thumbnailUrl\":\"https:\\\/\\\/racom.com.pl\\\/wp-content\\\/uploads\\\/2025\\\/07\\\/allegro_687ba371bfacf4.74895272_6a060bd0449e91fdb905abbc1f8e.jpg\",\"datePublished\":\"2025-07-19T13:53:15+00:00\",\"breadcrumb\":{\"@id\":\"https:\\\/\\\/racom.com.pl\\\/index.php\\\/produkt\\\/king-oscar-szproty-w-sosie-pomidorowym-160-g\\\/#breadcrumb\"},\"inLanguage\":\"pl-PL\",\"potentialAction\":[{\"@type\":\"ReadAction\",\"target\":[\"https:\\\/\\\/racom.com.pl\\\/index.php\\\/produkt\\\/king-oscar-szproty-w-sosie-pomidorowym-160-g\\\/\"]}]},{\"@type\":\"ImageObject\",\"inLanguage\":\"pl-PL\",\"@id\":\"https:\\\/\\\/racom.com.pl\\\/index.php\\\/produkt\\\/king-oscar-szproty-w-sosie-pomidorowym-160-g\\\/#primaryimage\",\"url\":\"https:\\\/\\\/racom.com.pl\\\/wp-content\\\/uploads\\\/2025\\\/07\\\/allegro_687ba371bfacf4.74895272_6a060bd0449e91fdb905abbc1f8e.jpg\",\"contentUrl\":\"https:\\\/\\\/racom.com.pl\\\/wp-content\\\/uploads\\\/2025\\\/07\\\/allegro_687ba371bfacf4.74895272_6a060bd0449e91fdb905abbc1f8e.jpg\",\"width\":2365,\"height\":2365},{\"@type\":\"BreadcrumbList\",\"@id\":\"https:\\\/\\\/racom.com.pl\\\/index.php\\\/produkt\\\/king-oscar-szproty-w-sosie-pomidorowym-160-g\\\/#breadcrumb\",\"itemListElement\":[{\"@type\":\"ListItem\",\"position\":1,\"name\":\"Strona g\u0142\u00f3wna\",\"item\":\"https:\\\/\\\/racom.com.pl\\\/\"},{\"@type\":\"ListItem\",\"position\":2,\"name\":\"Sklep\",\"item\":\"https:\\\/\\\/racom.com.pl\\\/\"},{\"@type\":\"ListItem\",\"position\":3,\"name\":\"King Oscar Szproty w sosie pomidorowym 160 g\"}]},{\"@type\":\"WebSite\",\"@id\":\"https:\\\/\\\/racom.com.pl\\\/#website\",\"url\":\"https:\\\/\\\/racom.com.pl\\\/\",\"name\":\"Mix Market - Supermarket z wszystkim co potrzeba do domu i nie tylko\",\"description\":\"\",\"publisher\":{\"@id\":\"https:\\\/\\\/racom.com.pl\\\/#organization\"},\"potentialAction\":[{\"@type\":\"SearchAction\",\"target\":{\"@type\":\"EntryPoint\",\"urlTemplate\":\"https:\\\/\\\/racom.com.pl\\\/?s={search_term_string}\"},\"query-input\":{\"@type\":\"PropertyValueSpecification\",\"valueRequired\":true,\"valueName\":\"search_term_string\"}}],\"inLanguage\":\"pl-PL\"},{\"@type\":\"Organization\",\"@id\":\"https:\\\/\\\/racom.com.pl\\\/#organization\",\"name\":\"Mix Market - Supermarket z wszystkim co potrzeba do domu i nie tylko\",\"url\":\"https:\\\/\\\/racom.com.pl\\\/\",\"logo\":{\"@type\":\"ImageObject\",\"inLanguage\":\"pl-PL\",\"@id\":\"https:\\\/\\\/racom.com.pl\\\/#\\\/schema\\\/logo\\\/image\\\/\",\"url\":\"https:\\\/\\\/racom.com.pl\\\/wp-content\\\/uploads\\\/2025\\\/07\\\/mixmarket_logo.png\",\"contentUrl\":\"https:\\\/\\\/racom.com.pl\\\/wp-content\\\/uploads\\\/2025\\\/07\\\/mixmarket_logo.png\",\"width\":1024,\"height\":1024,\"caption\":\"Mix Market - Supermarket z wszystkim co potrzeba do domu i nie tylko\"},\"image\":{\"@id\":\"https:\\\/\\\/racom.com.pl\\\/#\\\/schema\\\/logo\\\/image\\\/\"}}]}<\/script>\n<!-- \/ Yoast SEO plugin. -->","yoast_head_json":{"title":"King Oscar Szproty w sosie pomidorowym 160 g - Mix Market - Supermarket z wszystkim co potrzeba","robots":{"index":"index","follow":"follow","max-snippet":"max-snippet:-1","max-image-preview":"max-image-preview:large","max-video-preview":"max-video-preview:-1"},"canonical":"https:\/\/racom.com.pl\/index.php\/produkt\/king-oscar-szproty-w-sosie-pomidorowym-160-g\/","og_locale":"pl_PL","og_type":"article","og_title":"King Oscar Szproty w sosie pomidorowym 160 g - Mix Market - Supermarket z wszystkim co potrzeba","og_description":"King Oscar Szproty w sosie pomidorowym 160g Najlepszej jako\u015bci szproty ba\u0142tyckie, uk\u0142adane r\u0119cznie w puszce, w tradycyjnym sosie pomidorowym o bogatym smaku. Wyr\u00f3b ten jest zdobywc\u0105 nagrody za najlepsz\u0105 jako\u015b\u0107. Zdoby\u0142 on uznanie dzi\u0119ki swojemu wybornemu smakowi i doskona\u0142ej konsystencji. \u015awietne na kanapce, w zdrowej sa\u0142atce albo prosto z puszki. Po\u0142awiane w stanie dzikim w [&hellip;]","og_url":"https:\/\/racom.com.pl\/index.php\/produkt\/king-oscar-szproty-w-sosie-pomidorowym-160-g\/","og_site_name":"Mix Market - Supermarket z wszystkim co potrzeba","og_image":[{"width":2365,"height":2365,"url":"https:\/\/racom.com.pl\/wp-content\/uploads\/2025\/07\/allegro_687ba371bfacf4.74895272_6a060bd0449e91fdb905abbc1f8e.jpg","type":"image\/jpeg"}],"twitter_card":"summary_large_image","twitter_misc":{"Szacowany czas czytania":"1 minuta"},"schema":{"@context":"https:\/\/schema.org","@graph":[{"@type":"WebPage","@id":"https:\/\/racom.com.pl\/index.php\/produkt\/king-oscar-szproty-w-sosie-pomidorowym-160-g\/","url":"https:\/\/racom.com.pl\/index.php\/produkt\/king-oscar-szproty-w-sosie-pomidorowym-160-g\/","name":"King Oscar Szproty w sosie pomidorowym 160 g - Mix Market - Supermarket z wszystkim co potrzeba","isPartOf":{"@id":"https:\/\/racom.com.pl\/#website"},"primaryImageOfPage":{"@id":"https:\/\/racom.com.pl\/index.php\/produkt\/king-oscar-szproty-w-sosie-pomidorowym-160-g\/#primaryimage"},"image":{"@id":"https:\/\/racom.com.pl\/index.php\/produkt\/king-oscar-szproty-w-sosie-pomidorowym-160-g\/#primaryimage"},"thumbnailUrl":"https:\/\/racom.com.pl\/wp-content\/uploads\/2025\/07\/allegro_687ba371bfacf4.74895272_6a060bd0449e91fdb905abbc1f8e.jpg","datePublished":"2025-07-19T13:53:15+00:00","breadcrumb":{"@id":"https:\/\/racom.com.pl\/index.php\/produkt\/king-oscar-szproty-w-sosie-pomidorowym-160-g\/#breadcrumb"},"inLanguage":"pl-PL","potentialAction":[{"@type":"ReadAction","target":["https:\/\/racom.com.pl\/index.php\/produkt\/king-oscar-szproty-w-sosie-pomidorowym-160-g\/"]}]},{"@type":"ImageObject","inLanguage":"pl-PL","@id":"https:\/\/racom.com.pl\/index.php\/produkt\/king-oscar-szproty-w-sosie-pomidorowym-160-g\/#primaryimage","url":"https:\/\/racom.com.pl\/wp-content\/uploads\/2025\/07\/allegro_687ba371bfacf4.74895272_6a060bd0449e91fdb905abbc1f8e.jpg","contentUrl":"https:\/\/racom.com.pl\/wp-content\/uploads\/2025\/07\/allegro_687ba371bfacf4.74895272_6a060bd0449e91fdb905abbc1f8e.jpg","width":2365,"height":2365},{"@type":"BreadcrumbList","@id":"https:\/\/racom.com.pl\/index.php\/produkt\/king-oscar-szproty-w-sosie-pomidorowym-160-g\/#breadcrumb","itemListElement":[{"@type":"ListItem","position":1,"name":"Strona g\u0142\u00f3wna","item":"https:\/\/racom.com.pl\/"},{"@type":"ListItem","position":2,"name":"Sklep","item":"https:\/\/racom.com.pl\/"},{"@type":"ListItem","position":3,"name":"King Oscar Szproty w sosie pomidorowym 160 g"}]},{"@type":"WebSite","@id":"https:\/\/racom.com.pl\/#website","url":"https:\/\/racom.com.pl\/","name":"Mix Market - Supermarket z wszystkim co potrzeba do domu i nie tylko","description":"","publisher":{"@id":"https:\/\/racom.com.pl\/#organization"},"potentialAction":[{"@type":"SearchAction","target":{"@type":"EntryPoint","urlTemplate":"https:\/\/racom.com.pl\/?s={search_term_string}"},"query-input":{"@type":"PropertyValueSpecification","valueRequired":true,"valueName":"search_term_string"}}],"inLanguage":"pl-PL"},{"@type":"Organization","@id":"https:\/\/racom.com.pl\/#organization","name":"Mix Market - Supermarket z wszystkim co potrzeba do domu i nie tylko","url":"https:\/\/racom.com.pl\/","logo":{"@type":"ImageObject","inLanguage":"pl-PL","@id":"https:\/\/racom.com.pl\/#\/schema\/logo\/image\/","url":"https:\/\/racom.com.pl\/wp-content\/uploads\/2025\/07\/mixmarket_logo.png","contentUrl":"https:\/\/racom.com.pl\/wp-content\/uploads\/2025\/07\/mixmarket_logo.png","width":1024,"height":1024,"caption":"Mix Market - Supermarket z wszystkim co potrzeba do domu i nie tylko"},"image":{"@id":"https:\/\/racom.com.pl\/#\/schema\/logo\/image\/"}}]}},"_links":{"self":[{"href":"https:\/\/racom.com.pl\/index.php\/wp-json\/wp\/v2\/product\/2809","targetHints":{"allow":["GET"]}}],"collection":[{"href":"https:\/\/racom.com.pl\/index.php\/wp-json\/wp\/v2\/product"}],"about":[{"href":"https:\/\/racom.com.pl\/index.php\/wp-json\/wp\/v2\/types\/product"}],"replies":[{"embeddable":true,"href":"https:\/\/racom.com.pl\/index.php\/wp-json\/wp\/v2\/comments?post=2809"}],"wp:featuredmedia":[{"embeddable":true,"href":"https:\/\/racom.com.pl\/index.php\/wp-json\/wp\/v2\/media\/2811"}],"wp:attachment":[{"href":"https:\/\/racom.com.pl\/index.php\/wp-json\/wp\/v2\/media?parent=2809"}],"wp:term":[{"taxonomy":"product_brand","embeddable":true,"href":"https:\/\/racom.com.pl\/index.php\/wp-json\/wp\/v2\/product_brand?post=2809"},{"taxonomy":"product_cat","embeddable":true,"href":"https:\/\/racom.com.pl\/index.php\/wp-json\/wp\/v2\/product_cat?post=2809"},{"taxonomy":"product_tag","embeddable":true,"href":"https:\/\/racom.com.pl\/index.php\/wp-json\/wp\/v2\/product_tag?post=2809"}],"curies":[{"name":"wp","href":"https:\/\/api.w.org\/{rel}","templated":true}]}}