{"id":2812,"date":"2025-07-19T15:54:20","date_gmt":"2025-07-19T13:54:20","guid":{"rendered":"http:\/\/192.168.2.106\/index.php\/produkt\/6x-zbyszko-3-summer-edition-napoj-gazowany-o-smaku-truskawka-kiwi-175-l\/"},"modified":"2025-07-19T15:54:20","modified_gmt":"2025-07-19T13:54:20","slug":"6x-zbyszko-3-summer-edition-napoj-gazowany-o-smaku-truskawka-kiwi-175-l","status":"publish","type":"product","link":"https:\/\/racom.com.pl\/index.php\/produkt\/6x-zbyszko-3-summer-edition-napoj-gazowany-o-smaku-truskawka-kiwi-175-l\/","title":{"rendered":"6x Zbyszko 3 Summer Edition Nap\u00f3j gazowany o smaku truskawka-kiwi 1,75 L"},"content":{"rendered":"<h2>Zbyszko 3 Summer Edition Nap\u00f3j gazowany o smaku truskawka-kiwi 1,75 l<\/h2>\n<p><b>Zestaw zawiera 6szt napoju (zgrzewka)<\/b><\/p>\n<p>Nap\u00f3j gazowany o smaku truskawka-kiwi, pasteryzowany. Zawiera cukier i substancje s\u0142odz\u0105ce. Bez substancji konserwuj\u0105cych.<\/p>\n<p>Mniej kalorii = zmniejszona warto\u015b\u0107 energetyczna.<\/p>\n<p>Warto\u015bci od\u017cywcze:<\/p>\n<ul>\n<li><b>Warto\u015b\u0107 energetyczna:<\/b> 78 kJ\/ 18 kcal<\/li>\n<li><b>T\u0142uszcz:<\/b> 0.00000<\/li>\n<li><b>Kwasy t\u0142uszczowe nasycone:<\/b> 0.00000<\/li>\n<li><b>W\u0119glowodany:<\/b> 4.60000<\/li>\n<li><b>Cukry:<\/b> 4.60000<\/li>\n<li><b>Bia\u0142ko:<\/b> 0.00000<\/li>\n<li><b>S\u00f3l:<\/b> 0.00000<\/li>\n<\/ul>\n<p>Sk\u0142adniki:<\/p>\n<p>woda;sok jab\u0142kowy z zag\u0119szczonego soku jab\u0142kowego (16 %);cukier (A) i\/lub syrop glukozowo-fruktozowy (B);dwutlenek w\u0119gla;sok cytrynowy z zag\u0119szczonego soku cytrynowego (3,5 %);sok kiwi z zag\u0119szczonego soku kiwi (0,5 %);naturalny aromat;koncentrat soku z czarnej marchwi;naturalny aromat truskawkowy z innymi naturalnymi aromatami;regulator kwasowo\u015bci: kwas cytrynowy;substancje s\u0142odz\u0105ce: acesulfam K, sacharyny;A i\/lub B w zale\u017cno\u015bci od u\u017cytego sk\u0142adnika<\/p>\n","protected":false},"excerpt":{"rendered":"<p>Zbyszko 3 Summer Edition Nap\u00f3j gazowany o smaku truskawka-kiwi 1,75 l Zestaw zawiera 6szt napoju (zgrzewka) Nap\u00f3j gazowany o smaku truskawka-kiwi, pasteryzowany. Zawiera cukier i substancje s\u0142odz\u0105ce. Bez substancji konserwuj\u0105cych. Mniej kalorii = zmniejszona warto\u015b\u0107 energetyczna. Warto\u015bci od\u017cywcze: Warto\u015b\u0107 energetyczna: 78 kJ\/ 18 kcal T\u0142uszcz: 0.00000 Kwasy t\u0142uszczowe nasycone: 0.00000 W\u0119glowodany: 4.60000 Cukry: 4.60000 Bia\u0142ko: [&hellip;]<\/p>\n","protected":false},"featured_media":2816,"comment_status":"open","ping_status":"closed","template":"","meta":[],"product_brand":[200],"product_cat":[116],"product_tag":[],"class_list":{"0":"post-2812","1":"product","2":"type-product","3":"status-publish","4":"has-post-thumbnail","6":"product_brand-zbyszko","7":"product_cat-napoje-i-akcesoria","9":"first","10":"instock","11":"taxable","12":"shipping-taxable","13":"purchasable","14":"product-type-simple"},"yoast_head":"<!-- This site is optimized with the Yoast SEO plugin v27.3 - https:\/\/yoast.com\/product\/yoast-seo-wordpress\/ -->\n<title>6x Zbyszko 3 Summer Edition Nap\u00f3j gazowany o smaku truskawka-kiwi 1,75 L - Mix Market - Supermarket z wszystkim co potrzeba<\/title>\n<meta name=\"robots\" content=\"index, follow, max-snippet:-1, max-image-preview:large, max-video-preview:-1\" \/>\n<link rel=\"canonical\" href=\"https:\/\/racom.com.pl\/index.php\/produkt\/6x-zbyszko-3-summer-edition-napoj-gazowany-o-smaku-truskawka-kiwi-175-l\/\" \/>\n<meta property=\"og:locale\" content=\"pl_PL\" \/>\n<meta property=\"og:type\" content=\"article\" \/>\n<meta property=\"og:title\" content=\"6x Zbyszko 3 Summer Edition Nap\u00f3j gazowany o smaku truskawka-kiwi 1,75 L - Mix Market - Supermarket z wszystkim co potrzeba\" \/>\n<meta property=\"og:description\" content=\"Zbyszko 3 Summer Edition Nap\u00f3j gazowany o smaku truskawka-kiwi 1,75 l Zestaw zawiera 6szt napoju (zgrzewka) Nap\u00f3j gazowany o smaku truskawka-kiwi, pasteryzowany. Zawiera cukier i substancje s\u0142odz\u0105ce. Bez substancji konserwuj\u0105cych. Mniej kalorii = zmniejszona warto\u015b\u0107 energetyczna. Warto\u015bci od\u017cywcze: Warto\u015b\u0107 energetyczna: 78 kJ\/ 18 kcal T\u0142uszcz: 0.00000 Kwasy t\u0142uszczowe nasycone: 0.00000 W\u0119glowodany: 4.60000 Cukry: 4.60000 Bia\u0142ko: [&hellip;]\" \/>\n<meta property=\"og:url\" content=\"https:\/\/racom.com.pl\/index.php\/produkt\/6x-zbyszko-3-summer-edition-napoj-gazowany-o-smaku-truskawka-kiwi-175-l\/\" \/>\n<meta property=\"og:site_name\" content=\"Mix Market - Supermarket z wszystkim co potrzeba\" \/>\n<meta property=\"og:image\" content=\"https:\/\/racom.com.pl\/wp-content\/uploads\/2025\/07\/allegro_687ba3e9cd97e4.18520176_3557a9e643a69d1628dd16b2875c.jpg\" \/>\n\t<meta property=\"og:image:width\" content=\"2560\" \/>\n\t<meta property=\"og:image:height\" content=\"2560\" \/>\n\t<meta property=\"og:image:type\" content=\"image\/jpeg\" \/>\n<meta name=\"twitter:card\" content=\"summary_large_image\" \/>\n<meta name=\"twitter:label1\" content=\"Szacowany czas czytania\" \/>\n\t<meta name=\"twitter:data1\" content=\"1 minuta\" \/>\n<script type=\"application\/ld+json\" class=\"yoast-schema-graph\">{\"@context\":\"https:\\\/\\\/schema.org\",\"@graph\":[{\"@type\":\"WebPage\",\"@id\":\"https:\\\/\\\/racom.com.pl\\\/index.php\\\/produkt\\\/6x-zbyszko-3-summer-edition-napoj-gazowany-o-smaku-truskawka-kiwi-175-l\\\/\",\"url\":\"https:\\\/\\\/racom.com.pl\\\/index.php\\\/produkt\\\/6x-zbyszko-3-summer-edition-napoj-gazowany-o-smaku-truskawka-kiwi-175-l\\\/\",\"name\":\"6x Zbyszko 3 Summer Edition Nap\u00f3j gazowany o smaku truskawka-kiwi 1,75 L - Mix Market - Supermarket z wszystkim co potrzeba\",\"isPartOf\":{\"@id\":\"https:\\\/\\\/racom.com.pl\\\/#website\"},\"primaryImageOfPage\":{\"@id\":\"https:\\\/\\\/racom.com.pl\\\/index.php\\\/produkt\\\/6x-zbyszko-3-summer-edition-napoj-gazowany-o-smaku-truskawka-kiwi-175-l\\\/#primaryimage\"},\"image\":{\"@id\":\"https:\\\/\\\/racom.com.pl\\\/index.php\\\/produkt\\\/6x-zbyszko-3-summer-edition-napoj-gazowany-o-smaku-truskawka-kiwi-175-l\\\/#primaryimage\"},\"thumbnailUrl\":\"https:\\\/\\\/racom.com.pl\\\/wp-content\\\/uploads\\\/2025\\\/07\\\/allegro_687ba3e9cd97e4.18520176_3557a9e643a69d1628dd16b2875c.jpg\",\"datePublished\":\"2025-07-19T13:54:20+00:00\",\"breadcrumb\":{\"@id\":\"https:\\\/\\\/racom.com.pl\\\/index.php\\\/produkt\\\/6x-zbyszko-3-summer-edition-napoj-gazowany-o-smaku-truskawka-kiwi-175-l\\\/#breadcrumb\"},\"inLanguage\":\"pl-PL\",\"potentialAction\":[{\"@type\":\"ReadAction\",\"target\":[\"https:\\\/\\\/racom.com.pl\\\/index.php\\\/produkt\\\/6x-zbyszko-3-summer-edition-napoj-gazowany-o-smaku-truskawka-kiwi-175-l\\\/\"]}]},{\"@type\":\"ImageObject\",\"inLanguage\":\"pl-PL\",\"@id\":\"https:\\\/\\\/racom.com.pl\\\/index.php\\\/produkt\\\/6x-zbyszko-3-summer-edition-napoj-gazowany-o-smaku-truskawka-kiwi-175-l\\\/#primaryimage\",\"url\":\"https:\\\/\\\/racom.com.pl\\\/wp-content\\\/uploads\\\/2025\\\/07\\\/allegro_687ba3e9cd97e4.18520176_3557a9e643a69d1628dd16b2875c.jpg\",\"contentUrl\":\"https:\\\/\\\/racom.com.pl\\\/wp-content\\\/uploads\\\/2025\\\/07\\\/allegro_687ba3e9cd97e4.18520176_3557a9e643a69d1628dd16b2875c.jpg\",\"width\":2560,\"height\":2560},{\"@type\":\"BreadcrumbList\",\"@id\":\"https:\\\/\\\/racom.com.pl\\\/index.php\\\/produkt\\\/6x-zbyszko-3-summer-edition-napoj-gazowany-o-smaku-truskawka-kiwi-175-l\\\/#breadcrumb\",\"itemListElement\":[{\"@type\":\"ListItem\",\"position\":1,\"name\":\"Strona g\u0142\u00f3wna\",\"item\":\"https:\\\/\\\/racom.com.pl\\\/\"},{\"@type\":\"ListItem\",\"position\":2,\"name\":\"Sklep\",\"item\":\"https:\\\/\\\/racom.com.pl\\\/\"},{\"@type\":\"ListItem\",\"position\":3,\"name\":\"6x Zbyszko 3 Summer Edition Nap\u00f3j gazowany o smaku truskawka-kiwi 1,75 L\"}]},{\"@type\":\"WebSite\",\"@id\":\"https:\\\/\\\/racom.com.pl\\\/#website\",\"url\":\"https:\\\/\\\/racom.com.pl\\\/\",\"name\":\"Mix Market - Supermarket z wszystkim co potrzeba do domu i nie tylko\",\"description\":\"\",\"publisher\":{\"@id\":\"https:\\\/\\\/racom.com.pl\\\/#organization\"},\"potentialAction\":[{\"@type\":\"SearchAction\",\"target\":{\"@type\":\"EntryPoint\",\"urlTemplate\":\"https:\\\/\\\/racom.com.pl\\\/?s={search_term_string}\"},\"query-input\":{\"@type\":\"PropertyValueSpecification\",\"valueRequired\":true,\"valueName\":\"search_term_string\"}}],\"inLanguage\":\"pl-PL\"},{\"@type\":\"Organization\",\"@id\":\"https:\\\/\\\/racom.com.pl\\\/#organization\",\"name\":\"Mix Market - Supermarket z wszystkim co potrzeba do domu i nie tylko\",\"url\":\"https:\\\/\\\/racom.com.pl\\\/\",\"logo\":{\"@type\":\"ImageObject\",\"inLanguage\":\"pl-PL\",\"@id\":\"https:\\\/\\\/racom.com.pl\\\/#\\\/schema\\\/logo\\\/image\\\/\",\"url\":\"https:\\\/\\\/racom.com.pl\\\/wp-content\\\/uploads\\\/2025\\\/07\\\/mixmarket_logo.png\",\"contentUrl\":\"https:\\\/\\\/racom.com.pl\\\/wp-content\\\/uploads\\\/2025\\\/07\\\/mixmarket_logo.png\",\"width\":1024,\"height\":1024,\"caption\":\"Mix Market - Supermarket z wszystkim co potrzeba do domu i nie tylko\"},\"image\":{\"@id\":\"https:\\\/\\\/racom.com.pl\\\/#\\\/schema\\\/logo\\\/image\\\/\"}}]}<\/script>\n<!-- \/ Yoast SEO plugin. -->","yoast_head_json":{"title":"6x Zbyszko 3 Summer Edition Nap\u00f3j gazowany o smaku truskawka-kiwi 1,75 L - Mix Market - Supermarket z wszystkim co potrzeba","robots":{"index":"index","follow":"follow","max-snippet":"max-snippet:-1","max-image-preview":"max-image-preview:large","max-video-preview":"max-video-preview:-1"},"canonical":"https:\/\/racom.com.pl\/index.php\/produkt\/6x-zbyszko-3-summer-edition-napoj-gazowany-o-smaku-truskawka-kiwi-175-l\/","og_locale":"pl_PL","og_type":"article","og_title":"6x Zbyszko 3 Summer Edition Nap\u00f3j gazowany o smaku truskawka-kiwi 1,75 L - Mix Market - Supermarket z wszystkim co potrzeba","og_description":"Zbyszko 3 Summer Edition Nap\u00f3j gazowany o smaku truskawka-kiwi 1,75 l Zestaw zawiera 6szt napoju (zgrzewka) Nap\u00f3j gazowany o smaku truskawka-kiwi, pasteryzowany. Zawiera cukier i substancje s\u0142odz\u0105ce. Bez substancji konserwuj\u0105cych. Mniej kalorii = zmniejszona warto\u015b\u0107 energetyczna. Warto\u015bci od\u017cywcze: Warto\u015b\u0107 energetyczna: 78 kJ\/ 18 kcal T\u0142uszcz: 0.00000 Kwasy t\u0142uszczowe nasycone: 0.00000 W\u0119glowodany: 4.60000 Cukry: 4.60000 Bia\u0142ko: [&hellip;]","og_url":"https:\/\/racom.com.pl\/index.php\/produkt\/6x-zbyszko-3-summer-edition-napoj-gazowany-o-smaku-truskawka-kiwi-175-l\/","og_site_name":"Mix Market - Supermarket z wszystkim co potrzeba","og_image":[{"width":2560,"height":2560,"url":"https:\/\/racom.com.pl\/wp-content\/uploads\/2025\/07\/allegro_687ba3e9cd97e4.18520176_3557a9e643a69d1628dd16b2875c.jpg","type":"image\/jpeg"}],"twitter_card":"summary_large_image","twitter_misc":{"Szacowany czas czytania":"1 minuta"},"schema":{"@context":"https:\/\/schema.org","@graph":[{"@type":"WebPage","@id":"https:\/\/racom.com.pl\/index.php\/produkt\/6x-zbyszko-3-summer-edition-napoj-gazowany-o-smaku-truskawka-kiwi-175-l\/","url":"https:\/\/racom.com.pl\/index.php\/produkt\/6x-zbyszko-3-summer-edition-napoj-gazowany-o-smaku-truskawka-kiwi-175-l\/","name":"6x Zbyszko 3 Summer Edition Nap\u00f3j gazowany o smaku truskawka-kiwi 1,75 L - Mix Market - Supermarket z wszystkim co potrzeba","isPartOf":{"@id":"https:\/\/racom.com.pl\/#website"},"primaryImageOfPage":{"@id":"https:\/\/racom.com.pl\/index.php\/produkt\/6x-zbyszko-3-summer-edition-napoj-gazowany-o-smaku-truskawka-kiwi-175-l\/#primaryimage"},"image":{"@id":"https:\/\/racom.com.pl\/index.php\/produkt\/6x-zbyszko-3-summer-edition-napoj-gazowany-o-smaku-truskawka-kiwi-175-l\/#primaryimage"},"thumbnailUrl":"https:\/\/racom.com.pl\/wp-content\/uploads\/2025\/07\/allegro_687ba3e9cd97e4.18520176_3557a9e643a69d1628dd16b2875c.jpg","datePublished":"2025-07-19T13:54:20+00:00","breadcrumb":{"@id":"https:\/\/racom.com.pl\/index.php\/produkt\/6x-zbyszko-3-summer-edition-napoj-gazowany-o-smaku-truskawka-kiwi-175-l\/#breadcrumb"},"inLanguage":"pl-PL","potentialAction":[{"@type":"ReadAction","target":["https:\/\/racom.com.pl\/index.php\/produkt\/6x-zbyszko-3-summer-edition-napoj-gazowany-o-smaku-truskawka-kiwi-175-l\/"]}]},{"@type":"ImageObject","inLanguage":"pl-PL","@id":"https:\/\/racom.com.pl\/index.php\/produkt\/6x-zbyszko-3-summer-edition-napoj-gazowany-o-smaku-truskawka-kiwi-175-l\/#primaryimage","url":"https:\/\/racom.com.pl\/wp-content\/uploads\/2025\/07\/allegro_687ba3e9cd97e4.18520176_3557a9e643a69d1628dd16b2875c.jpg","contentUrl":"https:\/\/racom.com.pl\/wp-content\/uploads\/2025\/07\/allegro_687ba3e9cd97e4.18520176_3557a9e643a69d1628dd16b2875c.jpg","width":2560,"height":2560},{"@type":"BreadcrumbList","@id":"https:\/\/racom.com.pl\/index.php\/produkt\/6x-zbyszko-3-summer-edition-napoj-gazowany-o-smaku-truskawka-kiwi-175-l\/#breadcrumb","itemListElement":[{"@type":"ListItem","position":1,"name":"Strona g\u0142\u00f3wna","item":"https:\/\/racom.com.pl\/"},{"@type":"ListItem","position":2,"name":"Sklep","item":"https:\/\/racom.com.pl\/"},{"@type":"ListItem","position":3,"name":"6x Zbyszko 3 Summer Edition Nap\u00f3j gazowany o smaku truskawka-kiwi 1,75 L"}]},{"@type":"WebSite","@id":"https:\/\/racom.com.pl\/#website","url":"https:\/\/racom.com.pl\/","name":"Mix Market - Supermarket z wszystkim co potrzeba do domu i nie tylko","description":"","publisher":{"@id":"https:\/\/racom.com.pl\/#organization"},"potentialAction":[{"@type":"SearchAction","target":{"@type":"EntryPoint","urlTemplate":"https:\/\/racom.com.pl\/?s={search_term_string}"},"query-input":{"@type":"PropertyValueSpecification","valueRequired":true,"valueName":"search_term_string"}}],"inLanguage":"pl-PL"},{"@type":"Organization","@id":"https:\/\/racom.com.pl\/#organization","name":"Mix Market - Supermarket z wszystkim co potrzeba do domu i nie tylko","url":"https:\/\/racom.com.pl\/","logo":{"@type":"ImageObject","inLanguage":"pl-PL","@id":"https:\/\/racom.com.pl\/#\/schema\/logo\/image\/","url":"https:\/\/racom.com.pl\/wp-content\/uploads\/2025\/07\/mixmarket_logo.png","contentUrl":"https:\/\/racom.com.pl\/wp-content\/uploads\/2025\/07\/mixmarket_logo.png","width":1024,"height":1024,"caption":"Mix Market - Supermarket z wszystkim co potrzeba do domu i nie tylko"},"image":{"@id":"https:\/\/racom.com.pl\/#\/schema\/logo\/image\/"}}]}},"_links":{"self":[{"href":"https:\/\/racom.com.pl\/index.php\/wp-json\/wp\/v2\/product\/2812","targetHints":{"allow":["GET"]}}],"collection":[{"href":"https:\/\/racom.com.pl\/index.php\/wp-json\/wp\/v2\/product"}],"about":[{"href":"https:\/\/racom.com.pl\/index.php\/wp-json\/wp\/v2\/types\/product"}],"replies":[{"embeddable":true,"href":"https:\/\/racom.com.pl\/index.php\/wp-json\/wp\/v2\/comments?post=2812"}],"wp:featuredmedia":[{"embeddable":true,"href":"https:\/\/racom.com.pl\/index.php\/wp-json\/wp\/v2\/media\/2816"}],"wp:attachment":[{"href":"https:\/\/racom.com.pl\/index.php\/wp-json\/wp\/v2\/media?parent=2812"}],"wp:term":[{"taxonomy":"product_brand","embeddable":true,"href":"https:\/\/racom.com.pl\/index.php\/wp-json\/wp\/v2\/product_brand?post=2812"},{"taxonomy":"product_cat","embeddable":true,"href":"https:\/\/racom.com.pl\/index.php\/wp-json\/wp\/v2\/product_cat?post=2812"},{"taxonomy":"product_tag","embeddable":true,"href":"https:\/\/racom.com.pl\/index.php\/wp-json\/wp\/v2\/product_tag?post=2812"}],"curies":[{"name":"wp","href":"https:\/\/api.w.org\/{rel}","templated":true}]}}