{"id":2817,"date":"2025-07-19T15:56:14","date_gmt":"2025-07-19T13:56:14","guid":{"rendered":"http:\/\/192.168.2.106\/index.php\/produkt\/puree-kokos-metro-chef-cukiernicze-naturalne-pulpa-kokosowa-do-deserow-1kg\/"},"modified":"2025-07-19T15:56:14","modified_gmt":"2025-07-19T13:56:14","slug":"puree-kokos-metro-chef-cukiernicze-naturalne-pulpa-kokosowa-do-deserow-1kg","status":"publish","type":"product","link":"https:\/\/racom.com.pl\/index.php\/produkt\/puree-kokos-metro-chef-cukiernicze-naturalne-pulpa-kokosowa-do-deserow-1kg\/","title":{"rendered":"Puree Kokos Metro Chef cukiernicze naturalne PULPA KOKOSOWA do DESER\u00d3W 1kg"},"content":{"rendered":"<h2>MENII PUREE PremiumPuree Kokos 1KG<\/h2>\n<p>Dzi\u0119ki bardzo smacznemu przecierowi&nbsp; mo\u017cna cieszy\u0107 si\u0119 \u015bwie\u017cym aromatem owoc\u00f3w przez ca\u0142y rok we wszystkich napojach, deserach, drinkach oraz podczas mi\u0119snych uczt.<\/p>\n<p>Pulp\u0119 mo\u017cna wykorzysta\u0107 do sos\u00f3w, marynat, lod\u00f3w, ciast, deser\u00f3w np. jako kluczowy sk\u0142adnik napoju ch\u0142odz\u0105cego, drink\u00f3w, owsianek, czy te\u017c jako polewa do lod\u00f3w. Warto podkre\u015bli\u0107, \u017ce pulpa posiada w\u0142a\u015bciwo\u015bci ch\u0142odz\u0105ce i stosowana jest w przypadku przegrzania organizmu. Pulpa to pe\u0142nowarto\u015bciowy mi\u0105\u017csz, czyli doskonale zmiksowane ca\u0142e owoce z najbardziej wykwintnych i najdro\u017cszych odmian. Pulpa jest jedwabista, g\u0119sta i naturalnie s\u0142odka. Ma \u015bwie\u017cy, energiczny smak.<\/p>\n<p>Pasteryzowane owocowe pulpy, przeznaczone do wielu zastosowa\u0144 m.in. produkcji: lod\u00f3w, sorbet\u00f3w, ganaszy, wype\u0142niania pralin, mus\u00f3w owocowych, sos\u00f3w, koktajli owocowych, smoothies, syrop\u00f3w owocowych do deser\u00f3w, r\u00f3wnie\u017c jako dodatek do krem\u00f3w budyniowych i \u015bmietankowych. Bez konserwant\u00f3w, bez aromat\u00f3w, bez \u015brodk\u00f3w barwi\u0105cych.<\/p>\n<p>Doskona\u0142y produkt do przyrz\u0105dzania cocktaili, sorbet\u00f3w, smoothie oraz dressing\u00f3w. Jest tak\u017ce niezast\u0105pionym sk\u0142adnikiem mus\u00f3w. Produkt w 100% naturalny, nie zawiera sztucznych aromat\u00f3w, barwnik\u00f3w,<\/p>\n<p>Produkty MENII owoce maj\u0105 w swojej naturze. Nie znajdziecie w nich konserwant\u00f3w, polepszaczy czy barwnik\u00f3w. Pyszne, lekkie i przede wszystkim zdrowe. Mo\u017cecie zajada\u0107 si\u0119 nimi bez obaw. Idealne dla dbaj\u0105cych o lini\u0119, jak i dla os\u00f3b ceni\u0105cych sobie produkty wysokiej jako\u015bci.<\/p>\n<p>Sk\u0142adniki: Pulpa kokosowa (90%), cukier (10%)<\/p>\n<p>Warto\u015bci od\u017cywcze w 100 g: Energia 1046 kJ\/ 252 kcal T\u0142uszcz 21 g w tym kwasy t\u0142uszczowe nasycone 20 g W\u0119glowodany 13g w tym cukry 13g Bia\u0142ko 2.1 g S\u00f3l 0.04 g waga netto: 1000g Kraj pochodzenia: Francja Spos\u00f3b przechowywania:<\/p>\n<p>Przechowywa\u0107 w temperaturze od +2\u00b0C do +7\u00b0C.<\/p>\n<p>Po otwarciu przechowywa\u0107 w lod\u00f3wce i spo\u017cy\u0107 w ci\u0105gu 12 dni.<\/p>\n","protected":false},"excerpt":{"rendered":"<p>MENII PUREE PremiumPuree Kokos 1KG Dzi\u0119ki bardzo smacznemu przecierowi&nbsp; mo\u017cna cieszy\u0107 si\u0119 \u015bwie\u017cym aromatem owoc\u00f3w przez ca\u0142y rok we wszystkich napojach, deserach, drinkach oraz podczas mi\u0119snych uczt. Pulp\u0119 mo\u017cna wykorzysta\u0107 do sos\u00f3w, marynat, lod\u00f3w, ciast, deser\u00f3w np. jako kluczowy sk\u0142adnik napoju ch\u0142odz\u0105cego, drink\u00f3w, owsianek, czy te\u017c jako polewa do lod\u00f3w. Warto podkre\u015bli\u0107, \u017ce pulpa posiada [&hellip;]<\/p>\n","protected":false},"featured_media":2823,"comment_status":"open","ping_status":"closed","template":"","meta":[],"product_brand":[168],"product_cat":[123],"product_tag":[],"class_list":{"0":"post-2817","1":"product","2":"type-product","3":"status-publish","4":"has-post-thumbnail","6":"product_brand-metro","7":"product_cat-przetwory","9":"first","10":"instock","11":"taxable","12":"shipping-taxable","13":"purchasable","14":"product-type-simple"},"yoast_head":"<!-- This site is optimized with the Yoast SEO plugin v27.4 - https:\/\/yoast.com\/product\/yoast-seo-wordpress\/ -->\n<title>Puree Kokos Metro Chef cukiernicze naturalne PULPA KOKOSOWA do DESER\u00d3W 1kg - Mix Market - Supermarket z wszystkim co potrzeba<\/title>\n<meta name=\"robots\" content=\"index, follow, max-snippet:-1, max-image-preview:large, max-video-preview:-1\" \/>\n<link rel=\"canonical\" href=\"https:\/\/racom.com.pl\/index.php\/produkt\/puree-kokos-metro-chef-cukiernicze-naturalne-pulpa-kokosowa-do-deserow-1kg\/\" \/>\n<meta property=\"og:locale\" content=\"pl_PL\" \/>\n<meta property=\"og:type\" content=\"article\" \/>\n<meta property=\"og:title\" content=\"Puree Kokos Metro Chef cukiernicze naturalne PULPA KOKOSOWA do DESER\u00d3W 1kg - Mix Market - Supermarket z wszystkim co potrzeba\" \/>\n<meta property=\"og:description\" content=\"MENII PUREE PremiumPuree Kokos 1KG Dzi\u0119ki bardzo smacznemu przecierowi&nbsp; mo\u017cna cieszy\u0107 si\u0119 \u015bwie\u017cym aromatem owoc\u00f3w przez ca\u0142y rok we wszystkich napojach, deserach, drinkach oraz podczas mi\u0119snych uczt. Pulp\u0119 mo\u017cna wykorzysta\u0107 do sos\u00f3w, marynat, lod\u00f3w, ciast, deser\u00f3w np. jako kluczowy sk\u0142adnik napoju ch\u0142odz\u0105cego, drink\u00f3w, owsianek, czy te\u017c jako polewa do lod\u00f3w. Warto podkre\u015bli\u0107, \u017ce pulpa posiada [&hellip;]\" \/>\n<meta property=\"og:url\" content=\"https:\/\/racom.com.pl\/index.php\/produkt\/puree-kokos-metro-chef-cukiernicze-naturalne-pulpa-kokosowa-do-deserow-1kg\/\" \/>\n<meta property=\"og:site_name\" content=\"Mix Market - Supermarket z wszystkim co potrzeba\" \/>\n<meta property=\"og:image\" content=\"https:\/\/racom.com.pl\/wp-content\/uploads\/2025\/07\/allegro_687ba4779dfe60.22058588_f46fb20847ffb90c0bbdf2d19fef.jpg\" \/>\n\t<meta property=\"og:image:width\" content=\"433\" \/>\n\t<meta property=\"og:image:height\" content=\"768\" \/>\n\t<meta property=\"og:image:type\" content=\"image\/jpeg\" \/>\n<meta name=\"twitter:card\" content=\"summary_large_image\" \/>\n<meta name=\"twitter:label1\" content=\"Szacowany czas czytania\" \/>\n\t<meta name=\"twitter:data1\" content=\"2 minuty\" \/>\n<script type=\"application\/ld+json\" class=\"yoast-schema-graph\">{\"@context\":\"https:\\\/\\\/schema.org\",\"@graph\":[{\"@type\":\"WebPage\",\"@id\":\"https:\\\/\\\/racom.com.pl\\\/index.php\\\/produkt\\\/puree-kokos-metro-chef-cukiernicze-naturalne-pulpa-kokosowa-do-deserow-1kg\\\/\",\"url\":\"https:\\\/\\\/racom.com.pl\\\/index.php\\\/produkt\\\/puree-kokos-metro-chef-cukiernicze-naturalne-pulpa-kokosowa-do-deserow-1kg\\\/\",\"name\":\"Puree Kokos Metro Chef cukiernicze naturalne PULPA KOKOSOWA do DESER\u00d3W 1kg - Mix Market - Supermarket z wszystkim co potrzeba\",\"isPartOf\":{\"@id\":\"https:\\\/\\\/racom.com.pl\\\/#website\"},\"primaryImageOfPage\":{\"@id\":\"https:\\\/\\\/racom.com.pl\\\/index.php\\\/produkt\\\/puree-kokos-metro-chef-cukiernicze-naturalne-pulpa-kokosowa-do-deserow-1kg\\\/#primaryimage\"},\"image\":{\"@id\":\"https:\\\/\\\/racom.com.pl\\\/index.php\\\/produkt\\\/puree-kokos-metro-chef-cukiernicze-naturalne-pulpa-kokosowa-do-deserow-1kg\\\/#primaryimage\"},\"thumbnailUrl\":\"https:\\\/\\\/racom.com.pl\\\/wp-content\\\/uploads\\\/2025\\\/07\\\/allegro_687ba4779dfe60.22058588_f46fb20847ffb90c0bbdf2d19fef.jpg\",\"datePublished\":\"2025-07-19T13:56:14+00:00\",\"breadcrumb\":{\"@id\":\"https:\\\/\\\/racom.com.pl\\\/index.php\\\/produkt\\\/puree-kokos-metro-chef-cukiernicze-naturalne-pulpa-kokosowa-do-deserow-1kg\\\/#breadcrumb\"},\"inLanguage\":\"pl-PL\",\"potentialAction\":[{\"@type\":\"ReadAction\",\"target\":[\"https:\\\/\\\/racom.com.pl\\\/index.php\\\/produkt\\\/puree-kokos-metro-chef-cukiernicze-naturalne-pulpa-kokosowa-do-deserow-1kg\\\/\"]}]},{\"@type\":\"ImageObject\",\"inLanguage\":\"pl-PL\",\"@id\":\"https:\\\/\\\/racom.com.pl\\\/index.php\\\/produkt\\\/puree-kokos-metro-chef-cukiernicze-naturalne-pulpa-kokosowa-do-deserow-1kg\\\/#primaryimage\",\"url\":\"https:\\\/\\\/racom.com.pl\\\/wp-content\\\/uploads\\\/2025\\\/07\\\/allegro_687ba4779dfe60.22058588_f46fb20847ffb90c0bbdf2d19fef.jpg\",\"contentUrl\":\"https:\\\/\\\/racom.com.pl\\\/wp-content\\\/uploads\\\/2025\\\/07\\\/allegro_687ba4779dfe60.22058588_f46fb20847ffb90c0bbdf2d19fef.jpg\",\"width\":433,\"height\":768},{\"@type\":\"BreadcrumbList\",\"@id\":\"https:\\\/\\\/racom.com.pl\\\/index.php\\\/produkt\\\/puree-kokos-metro-chef-cukiernicze-naturalne-pulpa-kokosowa-do-deserow-1kg\\\/#breadcrumb\",\"itemListElement\":[{\"@type\":\"ListItem\",\"position\":1,\"name\":\"Strona g\u0142\u00f3wna\",\"item\":\"https:\\\/\\\/racom.com.pl\\\/\"},{\"@type\":\"ListItem\",\"position\":2,\"name\":\"Sklep\",\"item\":\"https:\\\/\\\/racom.com.pl\\\/\"},{\"@type\":\"ListItem\",\"position\":3,\"name\":\"Puree Kokos Metro Chef cukiernicze naturalne PULPA KOKOSOWA do DESER\u00d3W 1kg\"}]},{\"@type\":\"WebSite\",\"@id\":\"https:\\\/\\\/racom.com.pl\\\/#website\",\"url\":\"https:\\\/\\\/racom.com.pl\\\/\",\"name\":\"Mix Market - Supermarket z wszystkim co potrzeba do domu i nie tylko\",\"description\":\"\",\"publisher\":{\"@id\":\"https:\\\/\\\/racom.com.pl\\\/#organization\"},\"potentialAction\":[{\"@type\":\"SearchAction\",\"target\":{\"@type\":\"EntryPoint\",\"urlTemplate\":\"https:\\\/\\\/racom.com.pl\\\/?s={search_term_string}\"},\"query-input\":{\"@type\":\"PropertyValueSpecification\",\"valueRequired\":true,\"valueName\":\"search_term_string\"}}],\"inLanguage\":\"pl-PL\"},{\"@type\":\"Organization\",\"@id\":\"https:\\\/\\\/racom.com.pl\\\/#organization\",\"name\":\"Mix Market - Supermarket z wszystkim co potrzeba do domu i nie tylko\",\"url\":\"https:\\\/\\\/racom.com.pl\\\/\",\"logo\":{\"@type\":\"ImageObject\",\"inLanguage\":\"pl-PL\",\"@id\":\"https:\\\/\\\/racom.com.pl\\\/#\\\/schema\\\/logo\\\/image\\\/\",\"url\":\"https:\\\/\\\/racom.com.pl\\\/wp-content\\\/uploads\\\/2025\\\/07\\\/mixmarket_logo.png\",\"contentUrl\":\"https:\\\/\\\/racom.com.pl\\\/wp-content\\\/uploads\\\/2025\\\/07\\\/mixmarket_logo.png\",\"width\":1024,\"height\":1024,\"caption\":\"Mix Market - Supermarket z wszystkim co potrzeba do domu i nie tylko\"},\"image\":{\"@id\":\"https:\\\/\\\/racom.com.pl\\\/#\\\/schema\\\/logo\\\/image\\\/\"}}]}<\/script>\n<!-- \/ Yoast SEO plugin. -->","yoast_head_json":{"title":"Puree Kokos Metro Chef cukiernicze naturalne PULPA KOKOSOWA do DESER\u00d3W 1kg - Mix Market - Supermarket z wszystkim co potrzeba","robots":{"index":"index","follow":"follow","max-snippet":"max-snippet:-1","max-image-preview":"max-image-preview:large","max-video-preview":"max-video-preview:-1"},"canonical":"https:\/\/racom.com.pl\/index.php\/produkt\/puree-kokos-metro-chef-cukiernicze-naturalne-pulpa-kokosowa-do-deserow-1kg\/","og_locale":"pl_PL","og_type":"article","og_title":"Puree Kokos Metro Chef cukiernicze naturalne PULPA KOKOSOWA do DESER\u00d3W 1kg - Mix Market - Supermarket z wszystkim co potrzeba","og_description":"MENII PUREE PremiumPuree Kokos 1KG Dzi\u0119ki bardzo smacznemu przecierowi&nbsp; mo\u017cna cieszy\u0107 si\u0119 \u015bwie\u017cym aromatem owoc\u00f3w przez ca\u0142y rok we wszystkich napojach, deserach, drinkach oraz podczas mi\u0119snych uczt. Pulp\u0119 mo\u017cna wykorzysta\u0107 do sos\u00f3w, marynat, lod\u00f3w, ciast, deser\u00f3w np. jako kluczowy sk\u0142adnik napoju ch\u0142odz\u0105cego, drink\u00f3w, owsianek, czy te\u017c jako polewa do lod\u00f3w. Warto podkre\u015bli\u0107, \u017ce pulpa posiada [&hellip;]","og_url":"https:\/\/racom.com.pl\/index.php\/produkt\/puree-kokos-metro-chef-cukiernicze-naturalne-pulpa-kokosowa-do-deserow-1kg\/","og_site_name":"Mix Market - Supermarket z wszystkim co potrzeba","og_image":[{"width":433,"height":768,"url":"https:\/\/racom.com.pl\/wp-content\/uploads\/2025\/07\/allegro_687ba4779dfe60.22058588_f46fb20847ffb90c0bbdf2d19fef.jpg","type":"image\/jpeg"}],"twitter_card":"summary_large_image","twitter_misc":{"Szacowany czas czytania":"2 minuty"},"schema":{"@context":"https:\/\/schema.org","@graph":[{"@type":"WebPage","@id":"https:\/\/racom.com.pl\/index.php\/produkt\/puree-kokos-metro-chef-cukiernicze-naturalne-pulpa-kokosowa-do-deserow-1kg\/","url":"https:\/\/racom.com.pl\/index.php\/produkt\/puree-kokos-metro-chef-cukiernicze-naturalne-pulpa-kokosowa-do-deserow-1kg\/","name":"Puree Kokos Metro Chef cukiernicze naturalne PULPA KOKOSOWA do DESER\u00d3W 1kg - Mix Market - Supermarket z wszystkim co potrzeba","isPartOf":{"@id":"https:\/\/racom.com.pl\/#website"},"primaryImageOfPage":{"@id":"https:\/\/racom.com.pl\/index.php\/produkt\/puree-kokos-metro-chef-cukiernicze-naturalne-pulpa-kokosowa-do-deserow-1kg\/#primaryimage"},"image":{"@id":"https:\/\/racom.com.pl\/index.php\/produkt\/puree-kokos-metro-chef-cukiernicze-naturalne-pulpa-kokosowa-do-deserow-1kg\/#primaryimage"},"thumbnailUrl":"https:\/\/racom.com.pl\/wp-content\/uploads\/2025\/07\/allegro_687ba4779dfe60.22058588_f46fb20847ffb90c0bbdf2d19fef.jpg","datePublished":"2025-07-19T13:56:14+00:00","breadcrumb":{"@id":"https:\/\/racom.com.pl\/index.php\/produkt\/puree-kokos-metro-chef-cukiernicze-naturalne-pulpa-kokosowa-do-deserow-1kg\/#breadcrumb"},"inLanguage":"pl-PL","potentialAction":[{"@type":"ReadAction","target":["https:\/\/racom.com.pl\/index.php\/produkt\/puree-kokos-metro-chef-cukiernicze-naturalne-pulpa-kokosowa-do-deserow-1kg\/"]}]},{"@type":"ImageObject","inLanguage":"pl-PL","@id":"https:\/\/racom.com.pl\/index.php\/produkt\/puree-kokos-metro-chef-cukiernicze-naturalne-pulpa-kokosowa-do-deserow-1kg\/#primaryimage","url":"https:\/\/racom.com.pl\/wp-content\/uploads\/2025\/07\/allegro_687ba4779dfe60.22058588_f46fb20847ffb90c0bbdf2d19fef.jpg","contentUrl":"https:\/\/racom.com.pl\/wp-content\/uploads\/2025\/07\/allegro_687ba4779dfe60.22058588_f46fb20847ffb90c0bbdf2d19fef.jpg","width":433,"height":768},{"@type":"BreadcrumbList","@id":"https:\/\/racom.com.pl\/index.php\/produkt\/puree-kokos-metro-chef-cukiernicze-naturalne-pulpa-kokosowa-do-deserow-1kg\/#breadcrumb","itemListElement":[{"@type":"ListItem","position":1,"name":"Strona g\u0142\u00f3wna","item":"https:\/\/racom.com.pl\/"},{"@type":"ListItem","position":2,"name":"Sklep","item":"https:\/\/racom.com.pl\/"},{"@type":"ListItem","position":3,"name":"Puree Kokos Metro Chef cukiernicze naturalne PULPA KOKOSOWA do DESER\u00d3W 1kg"}]},{"@type":"WebSite","@id":"https:\/\/racom.com.pl\/#website","url":"https:\/\/racom.com.pl\/","name":"Mix Market - Supermarket z wszystkim co potrzeba do domu i nie tylko","description":"","publisher":{"@id":"https:\/\/racom.com.pl\/#organization"},"potentialAction":[{"@type":"SearchAction","target":{"@type":"EntryPoint","urlTemplate":"https:\/\/racom.com.pl\/?s={search_term_string}"},"query-input":{"@type":"PropertyValueSpecification","valueRequired":true,"valueName":"search_term_string"}}],"inLanguage":"pl-PL"},{"@type":"Organization","@id":"https:\/\/racom.com.pl\/#organization","name":"Mix Market - Supermarket z wszystkim co potrzeba do domu i nie tylko","url":"https:\/\/racom.com.pl\/","logo":{"@type":"ImageObject","inLanguage":"pl-PL","@id":"https:\/\/racom.com.pl\/#\/schema\/logo\/image\/","url":"https:\/\/racom.com.pl\/wp-content\/uploads\/2025\/07\/mixmarket_logo.png","contentUrl":"https:\/\/racom.com.pl\/wp-content\/uploads\/2025\/07\/mixmarket_logo.png","width":1024,"height":1024,"caption":"Mix Market - Supermarket z wszystkim co potrzeba do domu i nie tylko"},"image":{"@id":"https:\/\/racom.com.pl\/#\/schema\/logo\/image\/"}}]}},"_links":{"self":[{"href":"https:\/\/racom.com.pl\/index.php\/wp-json\/wp\/v2\/product\/2817","targetHints":{"allow":["GET"]}}],"collection":[{"href":"https:\/\/racom.com.pl\/index.php\/wp-json\/wp\/v2\/product"}],"about":[{"href":"https:\/\/racom.com.pl\/index.php\/wp-json\/wp\/v2\/types\/product"}],"replies":[{"embeddable":true,"href":"https:\/\/racom.com.pl\/index.php\/wp-json\/wp\/v2\/comments?post=2817"}],"wp:featuredmedia":[{"embeddable":true,"href":"https:\/\/racom.com.pl\/index.php\/wp-json\/wp\/v2\/media\/2823"}],"wp:attachment":[{"href":"https:\/\/racom.com.pl\/index.php\/wp-json\/wp\/v2\/media?parent=2817"}],"wp:term":[{"taxonomy":"product_brand","embeddable":true,"href":"https:\/\/racom.com.pl\/index.php\/wp-json\/wp\/v2\/product_brand?post=2817"},{"taxonomy":"product_cat","embeddable":true,"href":"https:\/\/racom.com.pl\/index.php\/wp-json\/wp\/v2\/product_cat?post=2817"},{"taxonomy":"product_tag","embeddable":true,"href":"https:\/\/racom.com.pl\/index.php\/wp-json\/wp\/v2\/product_tag?post=2817"}],"curies":[{"name":"wp","href":"https:\/\/api.w.org\/{rel}","templated":true}]}}