{"id":2824,"date":"2025-07-19T15:58:33","date_gmt":"2025-07-19T13:58:33","guid":{"rendered":"http:\/\/192.168.2.106\/index.php\/produkt\/maka-migdalowa-bezglutenowa-z-migdalow-gluten-free-metro-chef-250-g\/"},"modified":"2025-07-19T15:58:33","modified_gmt":"2025-07-19T13:58:33","slug":"maka-migdalowa-bezglutenowa-z-migdalow-gluten-free-metro-chef-250-g","status":"publish","type":"product","link":"https:\/\/racom.com.pl\/index.php\/produkt\/maka-migdalowa-bezglutenowa-z-migdalow-gluten-free-metro-chef-250-g\/","title":{"rendered":"M\u0105ka migda\u0142owa bezglutenowa z MIGDA\u0141\u00d3W Gluten Free Metro Chef 250 g"},"content":{"rendered":"<h2>M\u0105ka migada\u0142owa bezglutenowa 250 g<\/h2>\n<p>Jest jedn\u0105 z najzdrowszych m\u0105k, jakie istniej\u0105. Wykonuj\u0119 si\u0119 j\u0105 poprzez zmielenie na drobniutki proszek migda\u0142\u00f3w obranych i tych ze sk\u00f3rk\u0105 (w\u00f3wczas m\u0105k\u0105 jest ciemniejsza).<\/p>\n<p>\u015arednie warto\u015bci od\u017cywcze w 100 g:<\/p>\n<p><b>warto\u015b\u0107 energetyczna<\/b>&nbsp;2704KJ\/653kcal<\/p>\n<p><b>t\u0142uszcz<\/b>&nbsp;52 g<\/p>\n<p><b>w tym kwasy t\u0142uszczowe nasycone<\/b>&nbsp;4 g<\/p>\n<p><b>w\u0119glowodany<\/b>&nbsp;19 g<\/p>\n<p><b>w tym cukry<\/b>&nbsp;4,6 g<\/p>\n<p><b>b\u0142onnik<\/b>&nbsp;10 g<\/p>\n<p><b>bia\u0142ko<\/b>&nbsp;21 g<\/p>\n<p><b>s\u00f3l<\/b>&nbsp;0,05 g<\/p>\n<p>Sk\u0142adniki: Migda\u0142y mielone (m\u0105ka z migda\u0142\u00f3w) 100%<\/p>\n<p>Producent M\u0142yn Nied\u017awiady sp. z o.o.<\/p>\n<p>Przechowywa\u0107 w suchym i ch\u0142odnym miejscu.<\/p>\n","protected":false},"excerpt":{"rendered":"<p>M\u0105ka migada\u0142owa bezglutenowa 250 g Jest jedn\u0105 z najzdrowszych m\u0105k, jakie istniej\u0105. Wykonuj\u0119 si\u0119 j\u0105 poprzez zmielenie na drobniutki proszek migda\u0142\u00f3w obranych i tych ze sk\u00f3rk\u0105 (w\u00f3wczas m\u0105k\u0105 jest ciemniejsza). \u015arednie warto\u015bci od\u017cywcze w 100 g: warto\u015b\u0107 energetyczna&nbsp;2704KJ\/653kcal t\u0142uszcz&nbsp;52 g w tym kwasy t\u0142uszczowe nasycone&nbsp;4 g w\u0119glowodany&nbsp;19 g w tym cukry&nbsp;4,6 g b\u0142onnik&nbsp;10 g bia\u0142ko&nbsp;21 [&hellip;]<\/p>\n","protected":false},"featured_media":2827,"comment_status":"open","ping_status":"closed","template":"","meta":[],"product_brand":[202],"product_cat":[201],"product_tag":[],"class_list":{"0":"post-2824","1":"product","2":"type-product","3":"status-publish","4":"has-post-thumbnail","6":"product_brand-metro-chef","7":"product_cat-produkty-bezglutenowe","9":"first","10":"instock","11":"taxable","12":"shipping-taxable","13":"purchasable","14":"product-type-simple"},"yoast_head":"<!-- This site is optimized with the Yoast SEO plugin v27.3 - https:\/\/yoast.com\/product\/yoast-seo-wordpress\/ -->\n<title>M\u0105ka migda\u0142owa bezglutenowa z MIGDA\u0141\u00d3W Gluten Free Metro Chef 250 g - Mix Market - Supermarket z wszystkim co potrzeba<\/title>\n<meta name=\"robots\" content=\"index, follow, max-snippet:-1, max-image-preview:large, max-video-preview:-1\" \/>\n<link rel=\"canonical\" href=\"https:\/\/racom.com.pl\/index.php\/produkt\/maka-migdalowa-bezglutenowa-z-migdalow-gluten-free-metro-chef-250-g\/\" \/>\n<meta property=\"og:locale\" content=\"pl_PL\" \/>\n<meta property=\"og:type\" content=\"article\" \/>\n<meta property=\"og:title\" content=\"M\u0105ka migda\u0142owa bezglutenowa z MIGDA\u0141\u00d3W Gluten Free Metro Chef 250 g - Mix Market - Supermarket z wszystkim co potrzeba\" \/>\n<meta property=\"og:description\" content=\"M\u0105ka migada\u0142owa bezglutenowa 250 g Jest jedn\u0105 z najzdrowszych m\u0105k, jakie istniej\u0105. Wykonuj\u0119 si\u0119 j\u0105 poprzez zmielenie na drobniutki proszek migda\u0142\u00f3w obranych i tych ze sk\u00f3rk\u0105 (w\u00f3wczas m\u0105k\u0105 jest ciemniejsza). \u015arednie warto\u015bci od\u017cywcze w 100 g: warto\u015b\u0107 energetyczna&nbsp;2704KJ\/653kcal t\u0142uszcz&nbsp;52 g w tym kwasy t\u0142uszczowe nasycone&nbsp;4 g w\u0119glowodany&nbsp;19 g w tym cukry&nbsp;4,6 g b\u0142onnik&nbsp;10 g bia\u0142ko&nbsp;21 [&hellip;]\" \/>\n<meta property=\"og:url\" content=\"https:\/\/racom.com.pl\/index.php\/produkt\/maka-migdalowa-bezglutenowa-z-migdalow-gluten-free-metro-chef-250-g\/\" \/>\n<meta property=\"og:site_name\" content=\"Mix Market - Supermarket z wszystkim co potrzeba\" \/>\n<meta property=\"og:image\" content=\"https:\/\/racom.com.pl\/wp-content\/uploads\/2025\/07\/allegro_687ba4b4a684c4.40284796_651d132543339a6b4c39ca153245.jpg\" \/>\n\t<meta property=\"og:image:width\" content=\"234\" \/>\n\t<meta property=\"og:image:height\" content=\"420\" \/>\n\t<meta property=\"og:image:type\" content=\"image\/jpeg\" \/>\n<meta name=\"twitter:card\" content=\"summary_large_image\" \/>\n<script type=\"application\/ld+json\" class=\"yoast-schema-graph\">{\"@context\":\"https:\\\/\\\/schema.org\",\"@graph\":[{\"@type\":\"WebPage\",\"@id\":\"https:\\\/\\\/racom.com.pl\\\/index.php\\\/produkt\\\/maka-migdalowa-bezglutenowa-z-migdalow-gluten-free-metro-chef-250-g\\\/\",\"url\":\"https:\\\/\\\/racom.com.pl\\\/index.php\\\/produkt\\\/maka-migdalowa-bezglutenowa-z-migdalow-gluten-free-metro-chef-250-g\\\/\",\"name\":\"M\u0105ka migda\u0142owa bezglutenowa z MIGDA\u0141\u00d3W Gluten Free Metro Chef 250 g - Mix Market - Supermarket z wszystkim co potrzeba\",\"isPartOf\":{\"@id\":\"https:\\\/\\\/racom.com.pl\\\/#website\"},\"primaryImageOfPage\":{\"@id\":\"https:\\\/\\\/racom.com.pl\\\/index.php\\\/produkt\\\/maka-migdalowa-bezglutenowa-z-migdalow-gluten-free-metro-chef-250-g\\\/#primaryimage\"},\"image\":{\"@id\":\"https:\\\/\\\/racom.com.pl\\\/index.php\\\/produkt\\\/maka-migdalowa-bezglutenowa-z-migdalow-gluten-free-metro-chef-250-g\\\/#primaryimage\"},\"thumbnailUrl\":\"https:\\\/\\\/racom.com.pl\\\/wp-content\\\/uploads\\\/2025\\\/07\\\/allegro_687ba4b4a684c4.40284796_651d132543339a6b4c39ca153245.jpg\",\"datePublished\":\"2025-07-19T13:58:33+00:00\",\"breadcrumb\":{\"@id\":\"https:\\\/\\\/racom.com.pl\\\/index.php\\\/produkt\\\/maka-migdalowa-bezglutenowa-z-migdalow-gluten-free-metro-chef-250-g\\\/#breadcrumb\"},\"inLanguage\":\"pl-PL\",\"potentialAction\":[{\"@type\":\"ReadAction\",\"target\":[\"https:\\\/\\\/racom.com.pl\\\/index.php\\\/produkt\\\/maka-migdalowa-bezglutenowa-z-migdalow-gluten-free-metro-chef-250-g\\\/\"]}]},{\"@type\":\"ImageObject\",\"inLanguage\":\"pl-PL\",\"@id\":\"https:\\\/\\\/racom.com.pl\\\/index.php\\\/produkt\\\/maka-migdalowa-bezglutenowa-z-migdalow-gluten-free-metro-chef-250-g\\\/#primaryimage\",\"url\":\"https:\\\/\\\/racom.com.pl\\\/wp-content\\\/uploads\\\/2025\\\/07\\\/allegro_687ba4b4a684c4.40284796_651d132543339a6b4c39ca153245.jpg\",\"contentUrl\":\"https:\\\/\\\/racom.com.pl\\\/wp-content\\\/uploads\\\/2025\\\/07\\\/allegro_687ba4b4a684c4.40284796_651d132543339a6b4c39ca153245.jpg\",\"width\":234,\"height\":420},{\"@type\":\"BreadcrumbList\",\"@id\":\"https:\\\/\\\/racom.com.pl\\\/index.php\\\/produkt\\\/maka-migdalowa-bezglutenowa-z-migdalow-gluten-free-metro-chef-250-g\\\/#breadcrumb\",\"itemListElement\":[{\"@type\":\"ListItem\",\"position\":1,\"name\":\"Strona g\u0142\u00f3wna\",\"item\":\"https:\\\/\\\/racom.com.pl\\\/\"},{\"@type\":\"ListItem\",\"position\":2,\"name\":\"Sklep\",\"item\":\"https:\\\/\\\/racom.com.pl\\\/\"},{\"@type\":\"ListItem\",\"position\":3,\"name\":\"M\u0105ka migda\u0142owa bezglutenowa z MIGDA\u0141\u00d3W Gluten Free Metro Chef 250 g\"}]},{\"@type\":\"WebSite\",\"@id\":\"https:\\\/\\\/racom.com.pl\\\/#website\",\"url\":\"https:\\\/\\\/racom.com.pl\\\/\",\"name\":\"Mix Market - Supermarket z wszystkim co potrzeba do domu i nie tylko\",\"description\":\"\",\"publisher\":{\"@id\":\"https:\\\/\\\/racom.com.pl\\\/#organization\"},\"potentialAction\":[{\"@type\":\"SearchAction\",\"target\":{\"@type\":\"EntryPoint\",\"urlTemplate\":\"https:\\\/\\\/racom.com.pl\\\/?s={search_term_string}\"},\"query-input\":{\"@type\":\"PropertyValueSpecification\",\"valueRequired\":true,\"valueName\":\"search_term_string\"}}],\"inLanguage\":\"pl-PL\"},{\"@type\":\"Organization\",\"@id\":\"https:\\\/\\\/racom.com.pl\\\/#organization\",\"name\":\"Mix Market - Supermarket z wszystkim co potrzeba do domu i nie tylko\",\"url\":\"https:\\\/\\\/racom.com.pl\\\/\",\"logo\":{\"@type\":\"ImageObject\",\"inLanguage\":\"pl-PL\",\"@id\":\"https:\\\/\\\/racom.com.pl\\\/#\\\/schema\\\/logo\\\/image\\\/\",\"url\":\"https:\\\/\\\/racom.com.pl\\\/wp-content\\\/uploads\\\/2025\\\/07\\\/mixmarket_logo.png\",\"contentUrl\":\"https:\\\/\\\/racom.com.pl\\\/wp-content\\\/uploads\\\/2025\\\/07\\\/mixmarket_logo.png\",\"width\":1024,\"height\":1024,\"caption\":\"Mix Market - Supermarket z wszystkim co potrzeba do domu i nie tylko\"},\"image\":{\"@id\":\"https:\\\/\\\/racom.com.pl\\\/#\\\/schema\\\/logo\\\/image\\\/\"}}]}<\/script>\n<!-- \/ Yoast SEO plugin. -->","yoast_head_json":{"title":"M\u0105ka migda\u0142owa bezglutenowa z MIGDA\u0141\u00d3W Gluten Free Metro Chef 250 g - Mix Market - Supermarket z wszystkim co potrzeba","robots":{"index":"index","follow":"follow","max-snippet":"max-snippet:-1","max-image-preview":"max-image-preview:large","max-video-preview":"max-video-preview:-1"},"canonical":"https:\/\/racom.com.pl\/index.php\/produkt\/maka-migdalowa-bezglutenowa-z-migdalow-gluten-free-metro-chef-250-g\/","og_locale":"pl_PL","og_type":"article","og_title":"M\u0105ka migda\u0142owa bezglutenowa z MIGDA\u0141\u00d3W Gluten Free Metro Chef 250 g - Mix Market - Supermarket z wszystkim co potrzeba","og_description":"M\u0105ka migada\u0142owa bezglutenowa 250 g Jest jedn\u0105 z najzdrowszych m\u0105k, jakie istniej\u0105. Wykonuj\u0119 si\u0119 j\u0105 poprzez zmielenie na drobniutki proszek migda\u0142\u00f3w obranych i tych ze sk\u00f3rk\u0105 (w\u00f3wczas m\u0105k\u0105 jest ciemniejsza). \u015arednie warto\u015bci od\u017cywcze w 100 g: warto\u015b\u0107 energetyczna&nbsp;2704KJ\/653kcal t\u0142uszcz&nbsp;52 g w tym kwasy t\u0142uszczowe nasycone&nbsp;4 g w\u0119glowodany&nbsp;19 g w tym cukry&nbsp;4,6 g b\u0142onnik&nbsp;10 g bia\u0142ko&nbsp;21 [&hellip;]","og_url":"https:\/\/racom.com.pl\/index.php\/produkt\/maka-migdalowa-bezglutenowa-z-migdalow-gluten-free-metro-chef-250-g\/","og_site_name":"Mix Market - Supermarket z wszystkim co potrzeba","og_image":[{"width":234,"height":420,"url":"https:\/\/racom.com.pl\/wp-content\/uploads\/2025\/07\/allegro_687ba4b4a684c4.40284796_651d132543339a6b4c39ca153245.jpg","type":"image\/jpeg"}],"twitter_card":"summary_large_image","schema":{"@context":"https:\/\/schema.org","@graph":[{"@type":"WebPage","@id":"https:\/\/racom.com.pl\/index.php\/produkt\/maka-migdalowa-bezglutenowa-z-migdalow-gluten-free-metro-chef-250-g\/","url":"https:\/\/racom.com.pl\/index.php\/produkt\/maka-migdalowa-bezglutenowa-z-migdalow-gluten-free-metro-chef-250-g\/","name":"M\u0105ka migda\u0142owa bezglutenowa z MIGDA\u0141\u00d3W Gluten Free Metro Chef 250 g - Mix Market - Supermarket z wszystkim co potrzeba","isPartOf":{"@id":"https:\/\/racom.com.pl\/#website"},"primaryImageOfPage":{"@id":"https:\/\/racom.com.pl\/index.php\/produkt\/maka-migdalowa-bezglutenowa-z-migdalow-gluten-free-metro-chef-250-g\/#primaryimage"},"image":{"@id":"https:\/\/racom.com.pl\/index.php\/produkt\/maka-migdalowa-bezglutenowa-z-migdalow-gluten-free-metro-chef-250-g\/#primaryimage"},"thumbnailUrl":"https:\/\/racom.com.pl\/wp-content\/uploads\/2025\/07\/allegro_687ba4b4a684c4.40284796_651d132543339a6b4c39ca153245.jpg","datePublished":"2025-07-19T13:58:33+00:00","breadcrumb":{"@id":"https:\/\/racom.com.pl\/index.php\/produkt\/maka-migdalowa-bezglutenowa-z-migdalow-gluten-free-metro-chef-250-g\/#breadcrumb"},"inLanguage":"pl-PL","potentialAction":[{"@type":"ReadAction","target":["https:\/\/racom.com.pl\/index.php\/produkt\/maka-migdalowa-bezglutenowa-z-migdalow-gluten-free-metro-chef-250-g\/"]}]},{"@type":"ImageObject","inLanguage":"pl-PL","@id":"https:\/\/racom.com.pl\/index.php\/produkt\/maka-migdalowa-bezglutenowa-z-migdalow-gluten-free-metro-chef-250-g\/#primaryimage","url":"https:\/\/racom.com.pl\/wp-content\/uploads\/2025\/07\/allegro_687ba4b4a684c4.40284796_651d132543339a6b4c39ca153245.jpg","contentUrl":"https:\/\/racom.com.pl\/wp-content\/uploads\/2025\/07\/allegro_687ba4b4a684c4.40284796_651d132543339a6b4c39ca153245.jpg","width":234,"height":420},{"@type":"BreadcrumbList","@id":"https:\/\/racom.com.pl\/index.php\/produkt\/maka-migdalowa-bezglutenowa-z-migdalow-gluten-free-metro-chef-250-g\/#breadcrumb","itemListElement":[{"@type":"ListItem","position":1,"name":"Strona g\u0142\u00f3wna","item":"https:\/\/racom.com.pl\/"},{"@type":"ListItem","position":2,"name":"Sklep","item":"https:\/\/racom.com.pl\/"},{"@type":"ListItem","position":3,"name":"M\u0105ka migda\u0142owa bezglutenowa z MIGDA\u0141\u00d3W Gluten Free Metro Chef 250 g"}]},{"@type":"WebSite","@id":"https:\/\/racom.com.pl\/#website","url":"https:\/\/racom.com.pl\/","name":"Mix Market - Supermarket z wszystkim co potrzeba do domu i nie tylko","description":"","publisher":{"@id":"https:\/\/racom.com.pl\/#organization"},"potentialAction":[{"@type":"SearchAction","target":{"@type":"EntryPoint","urlTemplate":"https:\/\/racom.com.pl\/?s={search_term_string}"},"query-input":{"@type":"PropertyValueSpecification","valueRequired":true,"valueName":"search_term_string"}}],"inLanguage":"pl-PL"},{"@type":"Organization","@id":"https:\/\/racom.com.pl\/#organization","name":"Mix Market - Supermarket z wszystkim co potrzeba do domu i nie tylko","url":"https:\/\/racom.com.pl\/","logo":{"@type":"ImageObject","inLanguage":"pl-PL","@id":"https:\/\/racom.com.pl\/#\/schema\/logo\/image\/","url":"https:\/\/racom.com.pl\/wp-content\/uploads\/2025\/07\/mixmarket_logo.png","contentUrl":"https:\/\/racom.com.pl\/wp-content\/uploads\/2025\/07\/mixmarket_logo.png","width":1024,"height":1024,"caption":"Mix Market - Supermarket z wszystkim co potrzeba do domu i nie tylko"},"image":{"@id":"https:\/\/racom.com.pl\/#\/schema\/logo\/image\/"}}]}},"_links":{"self":[{"href":"https:\/\/racom.com.pl\/index.php\/wp-json\/wp\/v2\/product\/2824","targetHints":{"allow":["GET"]}}],"collection":[{"href":"https:\/\/racom.com.pl\/index.php\/wp-json\/wp\/v2\/product"}],"about":[{"href":"https:\/\/racom.com.pl\/index.php\/wp-json\/wp\/v2\/types\/product"}],"replies":[{"embeddable":true,"href":"https:\/\/racom.com.pl\/index.php\/wp-json\/wp\/v2\/comments?post=2824"}],"wp:featuredmedia":[{"embeddable":true,"href":"https:\/\/racom.com.pl\/index.php\/wp-json\/wp\/v2\/media\/2827"}],"wp:attachment":[{"href":"https:\/\/racom.com.pl\/index.php\/wp-json\/wp\/v2\/media?parent=2824"}],"wp:term":[{"taxonomy":"product_brand","embeddable":true,"href":"https:\/\/racom.com.pl\/index.php\/wp-json\/wp\/v2\/product_brand?post=2824"},{"taxonomy":"product_cat","embeddable":true,"href":"https:\/\/racom.com.pl\/index.php\/wp-json\/wp\/v2\/product_cat?post=2824"},{"taxonomy":"product_tag","embeddable":true,"href":"https:\/\/racom.com.pl\/index.php\/wp-json\/wp\/v2\/product_tag?post=2824"}],"curies":[{"name":"wp","href":"https:\/\/api.w.org\/{rel}","templated":true}]}}