{"id":2828,"date":"2025-07-19T15:59:26","date_gmt":"2025-07-19T13:59:26","guid":{"rendered":"http:\/\/192.168.2.106\/index.php\/produkt\/metro-chef-sos-czosnkowy-duza-butelka-do-kebaba-burgera-frytek-770g\/"},"modified":"2025-07-19T15:59:26","modified_gmt":"2025-07-19T13:59:26","slug":"metro-chef-sos-czosnkowy-duza-butelka-do-kebaba-burgera-frytek-770g","status":"publish","type":"product","link":"https:\/\/racom.com.pl\/index.php\/produkt\/metro-chef-sos-czosnkowy-duza-butelka-do-kebaba-burgera-frytek-770g\/","title":{"rendered":"METRO Chef Sos czosnkowy Du\u017ca Butelka do KEBABA BURGERA FRYTEK 770g"},"content":{"rendered":"<h2>METRO Chef Sos czosnkowy 770g<\/h2>\n<p>Sk\u0142ad: woda, olej s\u0142onecznikowy, czosnek, modyfikowana skrobia kukurydziana, cukier, ocet spirytusowy, \u017b\u00d3\u0141KO JAJA, s\u00f3l,<\/p>\n<p>MUSZTARDA (woda, ocet spirytusowy, GORCZYCA BIA\u0141A, cukier, s\u00f3l, przyprawy, naturalne aromaty), aromat naturalny,<\/p>\n<p>Regulator kwasowo\u015bci (kwas cytrynowy), Stabilizator (guma ksantanowa, guma guar), Przeciwutleniacz (s\u00f3l wapniowodisodowa<\/p>\n<p>edta)<\/p>\n<p>Przechowywanie:&nbsp;Po otwarciu przechowywa\u0107 w lod\u00f3wce.<\/p>\n<p>Informacje dla alergik\u00f3w:<\/p>\n<p>Produkt zawiera:&nbsp;Jaja i produkty pochodne, Gorczyca i produkty pochodne<\/p>\n","protected":false},"excerpt":{"rendered":"<p>METRO Chef Sos czosnkowy 770g Sk\u0142ad: woda, olej s\u0142onecznikowy, czosnek, modyfikowana skrobia kukurydziana, cukier, ocet spirytusowy, \u017b\u00d3\u0141KO JAJA, s\u00f3l, MUSZTARDA (woda, ocet spirytusowy, GORCZYCA BIA\u0141A, cukier, s\u00f3l, przyprawy, naturalne aromaty), aromat naturalny, Regulator kwasowo\u015bci (kwas cytrynowy), Stabilizator (guma ksantanowa, guma guar), Przeciwutleniacz (s\u00f3l wapniowodisodowa edta) Przechowywanie:&nbsp;Po otwarciu przechowywa\u0107 w lod\u00f3wce. Informacje dla alergik\u00f3w: Produkt zawiera:&nbsp;Jaja [&hellip;]<\/p>\n","protected":false},"featured_media":2832,"comment_status":"open","ping_status":"closed","template":"","meta":[],"product_brand":[88],"product_cat":[109],"product_tag":[],"class_list":{"0":"post-2828","1":"product","2":"type-product","3":"status-publish","4":"has-post-thumbnail","6":"product_brand-bez-marki","7":"product_cat-sosy-kanapkowe-i-dressingi","9":"first","10":"instock","11":"taxable","12":"shipping-taxable","13":"purchasable","14":"product-type-simple"},"yoast_head":"<!-- This site is optimized with the Yoast SEO plugin v27.3 - https:\/\/yoast.com\/product\/yoast-seo-wordpress\/ -->\n<title>METRO Chef Sos czosnkowy Du\u017ca Butelka do KEBABA BURGERA FRYTEK 770g - Mix Market - Supermarket z wszystkim co potrzeba<\/title>\n<meta name=\"robots\" content=\"index, follow, max-snippet:-1, max-image-preview:large, max-video-preview:-1\" \/>\n<link rel=\"canonical\" href=\"https:\/\/racom.com.pl\/index.php\/produkt\/metro-chef-sos-czosnkowy-duza-butelka-do-kebaba-burgera-frytek-770g\/\" \/>\n<meta property=\"og:locale\" content=\"pl_PL\" \/>\n<meta property=\"og:type\" content=\"article\" \/>\n<meta property=\"og:title\" content=\"METRO Chef Sos czosnkowy Du\u017ca Butelka do KEBABA BURGERA FRYTEK 770g - Mix Market - Supermarket z wszystkim co potrzeba\" \/>\n<meta property=\"og:description\" content=\"METRO Chef Sos czosnkowy 770g Sk\u0142ad: woda, olej s\u0142onecznikowy, czosnek, modyfikowana skrobia kukurydziana, cukier, ocet spirytusowy, \u017b\u00d3\u0141KO JAJA, s\u00f3l, MUSZTARDA (woda, ocet spirytusowy, GORCZYCA BIA\u0141A, cukier, s\u00f3l, przyprawy, naturalne aromaty), aromat naturalny, Regulator kwasowo\u015bci (kwas cytrynowy), Stabilizator (guma ksantanowa, guma guar), Przeciwutleniacz (s\u00f3l wapniowodisodowa edta) Przechowywanie:&nbsp;Po otwarciu przechowywa\u0107 w lod\u00f3wce. Informacje dla alergik\u00f3w: Produkt zawiera:&nbsp;Jaja [&hellip;]\" \/>\n<meta property=\"og:url\" content=\"https:\/\/racom.com.pl\/index.php\/produkt\/metro-chef-sos-czosnkowy-duza-butelka-do-kebaba-burgera-frytek-770g\/\" \/>\n<meta property=\"og:site_name\" content=\"Mix Market - Supermarket z wszystkim co potrzeba\" \/>\n<meta property=\"og:image\" content=\"https:\/\/racom.com.pl\/wp-content\/uploads\/2025\/07\/allegro_687ba532e40984.80143456_815986294deb95836b2f786742fe.jpg\" \/>\n\t<meta property=\"og:image:width\" content=\"633\" \/>\n\t<meta property=\"og:image:height\" content=\"304\" \/>\n\t<meta property=\"og:image:type\" content=\"image\/jpeg\" \/>\n<meta name=\"twitter:card\" content=\"summary_large_image\" \/>\n<script type=\"application\/ld+json\" class=\"yoast-schema-graph\">{\"@context\":\"https:\\\/\\\/schema.org\",\"@graph\":[{\"@type\":\"WebPage\",\"@id\":\"https:\\\/\\\/racom.com.pl\\\/index.php\\\/produkt\\\/metro-chef-sos-czosnkowy-duza-butelka-do-kebaba-burgera-frytek-770g\\\/\",\"url\":\"https:\\\/\\\/racom.com.pl\\\/index.php\\\/produkt\\\/metro-chef-sos-czosnkowy-duza-butelka-do-kebaba-burgera-frytek-770g\\\/\",\"name\":\"METRO Chef Sos czosnkowy Du\u017ca Butelka do KEBABA BURGERA FRYTEK 770g - Mix Market - Supermarket z wszystkim co potrzeba\",\"isPartOf\":{\"@id\":\"https:\\\/\\\/racom.com.pl\\\/#website\"},\"primaryImageOfPage\":{\"@id\":\"https:\\\/\\\/racom.com.pl\\\/index.php\\\/produkt\\\/metro-chef-sos-czosnkowy-duza-butelka-do-kebaba-burgera-frytek-770g\\\/#primaryimage\"},\"image\":{\"@id\":\"https:\\\/\\\/racom.com.pl\\\/index.php\\\/produkt\\\/metro-chef-sos-czosnkowy-duza-butelka-do-kebaba-burgera-frytek-770g\\\/#primaryimage\"},\"thumbnailUrl\":\"https:\\\/\\\/racom.com.pl\\\/wp-content\\\/uploads\\\/2025\\\/07\\\/allegro_687ba532e40984.80143456_815986294deb95836b2f786742fe.jpg\",\"datePublished\":\"2025-07-19T13:59:26+00:00\",\"breadcrumb\":{\"@id\":\"https:\\\/\\\/racom.com.pl\\\/index.php\\\/produkt\\\/metro-chef-sos-czosnkowy-duza-butelka-do-kebaba-burgera-frytek-770g\\\/#breadcrumb\"},\"inLanguage\":\"pl-PL\",\"potentialAction\":[{\"@type\":\"ReadAction\",\"target\":[\"https:\\\/\\\/racom.com.pl\\\/index.php\\\/produkt\\\/metro-chef-sos-czosnkowy-duza-butelka-do-kebaba-burgera-frytek-770g\\\/\"]}]},{\"@type\":\"ImageObject\",\"inLanguage\":\"pl-PL\",\"@id\":\"https:\\\/\\\/racom.com.pl\\\/index.php\\\/produkt\\\/metro-chef-sos-czosnkowy-duza-butelka-do-kebaba-burgera-frytek-770g\\\/#primaryimage\",\"url\":\"https:\\\/\\\/racom.com.pl\\\/wp-content\\\/uploads\\\/2025\\\/07\\\/allegro_687ba532e40984.80143456_815986294deb95836b2f786742fe.jpg\",\"contentUrl\":\"https:\\\/\\\/racom.com.pl\\\/wp-content\\\/uploads\\\/2025\\\/07\\\/allegro_687ba532e40984.80143456_815986294deb95836b2f786742fe.jpg\",\"width\":633,\"height\":304},{\"@type\":\"BreadcrumbList\",\"@id\":\"https:\\\/\\\/racom.com.pl\\\/index.php\\\/produkt\\\/metro-chef-sos-czosnkowy-duza-butelka-do-kebaba-burgera-frytek-770g\\\/#breadcrumb\",\"itemListElement\":[{\"@type\":\"ListItem\",\"position\":1,\"name\":\"Strona g\u0142\u00f3wna\",\"item\":\"https:\\\/\\\/racom.com.pl\\\/\"},{\"@type\":\"ListItem\",\"position\":2,\"name\":\"Sklep\",\"item\":\"https:\\\/\\\/racom.com.pl\\\/\"},{\"@type\":\"ListItem\",\"position\":3,\"name\":\"METRO Chef Sos czosnkowy Du\u017ca Butelka do KEBABA BURGERA FRYTEK 770g\"}]},{\"@type\":\"WebSite\",\"@id\":\"https:\\\/\\\/racom.com.pl\\\/#website\",\"url\":\"https:\\\/\\\/racom.com.pl\\\/\",\"name\":\"Mix Market - Supermarket z wszystkim co potrzeba do domu i nie tylko\",\"description\":\"\",\"publisher\":{\"@id\":\"https:\\\/\\\/racom.com.pl\\\/#organization\"},\"potentialAction\":[{\"@type\":\"SearchAction\",\"target\":{\"@type\":\"EntryPoint\",\"urlTemplate\":\"https:\\\/\\\/racom.com.pl\\\/?s={search_term_string}\"},\"query-input\":{\"@type\":\"PropertyValueSpecification\",\"valueRequired\":true,\"valueName\":\"search_term_string\"}}],\"inLanguage\":\"pl-PL\"},{\"@type\":\"Organization\",\"@id\":\"https:\\\/\\\/racom.com.pl\\\/#organization\",\"name\":\"Mix Market - Supermarket z wszystkim co potrzeba do domu i nie tylko\",\"url\":\"https:\\\/\\\/racom.com.pl\\\/\",\"logo\":{\"@type\":\"ImageObject\",\"inLanguage\":\"pl-PL\",\"@id\":\"https:\\\/\\\/racom.com.pl\\\/#\\\/schema\\\/logo\\\/image\\\/\",\"url\":\"https:\\\/\\\/racom.com.pl\\\/wp-content\\\/uploads\\\/2025\\\/07\\\/mixmarket_logo.png\",\"contentUrl\":\"https:\\\/\\\/racom.com.pl\\\/wp-content\\\/uploads\\\/2025\\\/07\\\/mixmarket_logo.png\",\"width\":1024,\"height\":1024,\"caption\":\"Mix Market - Supermarket z wszystkim co potrzeba do domu i nie tylko\"},\"image\":{\"@id\":\"https:\\\/\\\/racom.com.pl\\\/#\\\/schema\\\/logo\\\/image\\\/\"}}]}<\/script>\n<!-- \/ Yoast SEO plugin. -->","yoast_head_json":{"title":"METRO Chef Sos czosnkowy Du\u017ca Butelka do KEBABA BURGERA FRYTEK 770g - Mix Market - Supermarket z wszystkim co potrzeba","robots":{"index":"index","follow":"follow","max-snippet":"max-snippet:-1","max-image-preview":"max-image-preview:large","max-video-preview":"max-video-preview:-1"},"canonical":"https:\/\/racom.com.pl\/index.php\/produkt\/metro-chef-sos-czosnkowy-duza-butelka-do-kebaba-burgera-frytek-770g\/","og_locale":"pl_PL","og_type":"article","og_title":"METRO Chef Sos czosnkowy Du\u017ca Butelka do KEBABA BURGERA FRYTEK 770g - Mix Market - Supermarket z wszystkim co potrzeba","og_description":"METRO Chef Sos czosnkowy 770g Sk\u0142ad: woda, olej s\u0142onecznikowy, czosnek, modyfikowana skrobia kukurydziana, cukier, ocet spirytusowy, \u017b\u00d3\u0141KO JAJA, s\u00f3l, MUSZTARDA (woda, ocet spirytusowy, GORCZYCA BIA\u0141A, cukier, s\u00f3l, przyprawy, naturalne aromaty), aromat naturalny, Regulator kwasowo\u015bci (kwas cytrynowy), Stabilizator (guma ksantanowa, guma guar), Przeciwutleniacz (s\u00f3l wapniowodisodowa edta) Przechowywanie:&nbsp;Po otwarciu przechowywa\u0107 w lod\u00f3wce. Informacje dla alergik\u00f3w: Produkt zawiera:&nbsp;Jaja [&hellip;]","og_url":"https:\/\/racom.com.pl\/index.php\/produkt\/metro-chef-sos-czosnkowy-duza-butelka-do-kebaba-burgera-frytek-770g\/","og_site_name":"Mix Market - Supermarket z wszystkim co potrzeba","og_image":[{"width":633,"height":304,"url":"https:\/\/racom.com.pl\/wp-content\/uploads\/2025\/07\/allegro_687ba532e40984.80143456_815986294deb95836b2f786742fe.jpg","type":"image\/jpeg"}],"twitter_card":"summary_large_image","schema":{"@context":"https:\/\/schema.org","@graph":[{"@type":"WebPage","@id":"https:\/\/racom.com.pl\/index.php\/produkt\/metro-chef-sos-czosnkowy-duza-butelka-do-kebaba-burgera-frytek-770g\/","url":"https:\/\/racom.com.pl\/index.php\/produkt\/metro-chef-sos-czosnkowy-duza-butelka-do-kebaba-burgera-frytek-770g\/","name":"METRO Chef Sos czosnkowy Du\u017ca Butelka do KEBABA BURGERA FRYTEK 770g - Mix Market - Supermarket z wszystkim co potrzeba","isPartOf":{"@id":"https:\/\/racom.com.pl\/#website"},"primaryImageOfPage":{"@id":"https:\/\/racom.com.pl\/index.php\/produkt\/metro-chef-sos-czosnkowy-duza-butelka-do-kebaba-burgera-frytek-770g\/#primaryimage"},"image":{"@id":"https:\/\/racom.com.pl\/index.php\/produkt\/metro-chef-sos-czosnkowy-duza-butelka-do-kebaba-burgera-frytek-770g\/#primaryimage"},"thumbnailUrl":"https:\/\/racom.com.pl\/wp-content\/uploads\/2025\/07\/allegro_687ba532e40984.80143456_815986294deb95836b2f786742fe.jpg","datePublished":"2025-07-19T13:59:26+00:00","breadcrumb":{"@id":"https:\/\/racom.com.pl\/index.php\/produkt\/metro-chef-sos-czosnkowy-duza-butelka-do-kebaba-burgera-frytek-770g\/#breadcrumb"},"inLanguage":"pl-PL","potentialAction":[{"@type":"ReadAction","target":["https:\/\/racom.com.pl\/index.php\/produkt\/metro-chef-sos-czosnkowy-duza-butelka-do-kebaba-burgera-frytek-770g\/"]}]},{"@type":"ImageObject","inLanguage":"pl-PL","@id":"https:\/\/racom.com.pl\/index.php\/produkt\/metro-chef-sos-czosnkowy-duza-butelka-do-kebaba-burgera-frytek-770g\/#primaryimage","url":"https:\/\/racom.com.pl\/wp-content\/uploads\/2025\/07\/allegro_687ba532e40984.80143456_815986294deb95836b2f786742fe.jpg","contentUrl":"https:\/\/racom.com.pl\/wp-content\/uploads\/2025\/07\/allegro_687ba532e40984.80143456_815986294deb95836b2f786742fe.jpg","width":633,"height":304},{"@type":"BreadcrumbList","@id":"https:\/\/racom.com.pl\/index.php\/produkt\/metro-chef-sos-czosnkowy-duza-butelka-do-kebaba-burgera-frytek-770g\/#breadcrumb","itemListElement":[{"@type":"ListItem","position":1,"name":"Strona g\u0142\u00f3wna","item":"https:\/\/racom.com.pl\/"},{"@type":"ListItem","position":2,"name":"Sklep","item":"https:\/\/racom.com.pl\/"},{"@type":"ListItem","position":3,"name":"METRO Chef Sos czosnkowy Du\u017ca Butelka do KEBABA BURGERA FRYTEK 770g"}]},{"@type":"WebSite","@id":"https:\/\/racom.com.pl\/#website","url":"https:\/\/racom.com.pl\/","name":"Mix Market - Supermarket z wszystkim co potrzeba do domu i nie tylko","description":"","publisher":{"@id":"https:\/\/racom.com.pl\/#organization"},"potentialAction":[{"@type":"SearchAction","target":{"@type":"EntryPoint","urlTemplate":"https:\/\/racom.com.pl\/?s={search_term_string}"},"query-input":{"@type":"PropertyValueSpecification","valueRequired":true,"valueName":"search_term_string"}}],"inLanguage":"pl-PL"},{"@type":"Organization","@id":"https:\/\/racom.com.pl\/#organization","name":"Mix Market - Supermarket z wszystkim co potrzeba do domu i nie tylko","url":"https:\/\/racom.com.pl\/","logo":{"@type":"ImageObject","inLanguage":"pl-PL","@id":"https:\/\/racom.com.pl\/#\/schema\/logo\/image\/","url":"https:\/\/racom.com.pl\/wp-content\/uploads\/2025\/07\/mixmarket_logo.png","contentUrl":"https:\/\/racom.com.pl\/wp-content\/uploads\/2025\/07\/mixmarket_logo.png","width":1024,"height":1024,"caption":"Mix Market - Supermarket z wszystkim co potrzeba do domu i nie tylko"},"image":{"@id":"https:\/\/racom.com.pl\/#\/schema\/logo\/image\/"}}]}},"_links":{"self":[{"href":"https:\/\/racom.com.pl\/index.php\/wp-json\/wp\/v2\/product\/2828","targetHints":{"allow":["GET"]}}],"collection":[{"href":"https:\/\/racom.com.pl\/index.php\/wp-json\/wp\/v2\/product"}],"about":[{"href":"https:\/\/racom.com.pl\/index.php\/wp-json\/wp\/v2\/types\/product"}],"replies":[{"embeddable":true,"href":"https:\/\/racom.com.pl\/index.php\/wp-json\/wp\/v2\/comments?post=2828"}],"wp:featuredmedia":[{"embeddable":true,"href":"https:\/\/racom.com.pl\/index.php\/wp-json\/wp\/v2\/media\/2832"}],"wp:attachment":[{"href":"https:\/\/racom.com.pl\/index.php\/wp-json\/wp\/v2\/media?parent=2828"}],"wp:term":[{"taxonomy":"product_brand","embeddable":true,"href":"https:\/\/racom.com.pl\/index.php\/wp-json\/wp\/v2\/product_brand?post=2828"},{"taxonomy":"product_cat","embeddable":true,"href":"https:\/\/racom.com.pl\/index.php\/wp-json\/wp\/v2\/product_cat?post=2828"},{"taxonomy":"product_tag","embeddable":true,"href":"https:\/\/racom.com.pl\/index.php\/wp-json\/wp\/v2\/product_tag?post=2828"}],"curies":[{"name":"wp","href":"https:\/\/api.w.org\/{rel}","templated":true}]}}