{"id":283,"date":"2025-07-18T17:21:39","date_gmt":"2025-07-18T15:21:39","guid":{"rendered":"http:\/\/192.168.2.106\/index.php\/produkt\/rolka-papieru-do-samsung-ml2010-1610-scx4521-xerox\/"},"modified":"2025-07-18T17:21:39","modified_gmt":"2025-07-18T15:21:39","slug":"rolka-papieru-do-samsung-ml2010-1610-scx4521-xerox","status":"publish","type":"product","link":"https:\/\/racom.com.pl\/index.php\/produkt\/rolka-papieru-do-samsung-ml2010-1610-scx4521-xerox\/","title":{"rendered":"ROLKA PAPIERU DO SAMSUNG ML2010 1610 SCX4521 XEROX"},"content":{"rendered":"<p><b>Fabrycznie nowa rolka pobieraj\u0105ca do drukarek laserowych Samsung<\/b><\/p>\n<p>Kompletna rolka (guma+obejma)<\/p>\n<p><b>Kompatybilno\u015b\u0107:<\/b><\/p>\n<p>DELL 1100, DELL 1110<\/p>\n<p>SAMSUNG CLP-300, CLP-350, CLP350N, CLP351NK, CLP351NKG,<\/p>\n<p>CLX2160,CLX3160FN, ML1610,<\/p>\n<p>ML1640, ML2010, ML2240,<\/p>\n<p>SCX4520, SCX4521, SCX4725,<\/p>\n<p>XEROX Phaser 3117, XEROX Phaser 3122, XEROX Phaser 3200MFP,<\/p>\n<p>XEROX WorkCentre PE220<\/p>\n<p>Kod produktu: A018<\/p>\n","protected":false},"excerpt":{"rendered":"<p>Fabrycznie nowa rolka pobieraj\u0105ca do drukarek laserowych Samsung Kompletna rolka (guma+obejma) Kompatybilno\u015b\u0107: DELL 1100, DELL 1110 SAMSUNG CLP-300, CLP-350, CLP350N, CLP351NK, CLP351NKG, CLX2160,CLX3160FN, ML1610, ML1640, ML2010, ML2240, SCX4520, SCX4521, SCX4725, XEROX Phaser 3117, XEROX Phaser 3122, XEROX Phaser 3200MFP, XEROX WorkCentre PE220 Kod produktu: A018<\/p>\n","protected":false},"featured_media":286,"comment_status":"open","ping_status":"closed","template":"","meta":[],"product_brand":[],"product_cat":[35],"product_tag":[],"class_list":{"0":"post-283","1":"product","2":"type-product","3":"status-publish","4":"has-post-thumbnail","6":"product_cat-drukarki-i-skanery","8":"first","9":"instock","10":"taxable","11":"shipping-taxable","12":"purchasable","13":"product-type-simple"},"yoast_head":"<!-- This site is optimized with the Yoast SEO plugin v27.3 - https:\/\/yoast.com\/product\/yoast-seo-wordpress\/ -->\n<title>ROLKA PAPIERU DO SAMSUNG ML2010 1610 SCX4521 XEROX - Mix Market - Supermarket z wszystkim co potrzeba<\/title>\n<meta name=\"robots\" content=\"index, follow, max-snippet:-1, max-image-preview:large, max-video-preview:-1\" \/>\n<link rel=\"canonical\" href=\"https:\/\/racom.com.pl\/index.php\/produkt\/rolka-papieru-do-samsung-ml2010-1610-scx4521-xerox\/\" \/>\n<meta property=\"og:locale\" content=\"pl_PL\" \/>\n<meta property=\"og:type\" content=\"article\" \/>\n<meta property=\"og:title\" content=\"ROLKA PAPIERU DO SAMSUNG ML2010 1610 SCX4521 XEROX - Mix Market - Supermarket z wszystkim co potrzeba\" \/>\n<meta property=\"og:description\" content=\"Fabrycznie nowa rolka pobieraj\u0105ca do drukarek laserowych Samsung Kompletna rolka (guma+obejma) Kompatybilno\u015b\u0107: DELL 1100, DELL 1110 SAMSUNG CLP-300, CLP-350, CLP350N, CLP351NK, CLP351NKG, CLX2160,CLX3160FN, ML1610, ML1640, ML2010, ML2240, SCX4520, SCX4521, SCX4725, XEROX Phaser 3117, XEROX Phaser 3122, XEROX Phaser 3200MFP, XEROX WorkCentre PE220 Kod produktu: A018\" \/>\n<meta property=\"og:url\" content=\"https:\/\/racom.com.pl\/index.php\/produkt\/rolka-papieru-do-samsung-ml2010-1610-scx4521-xerox\/\" \/>\n<meta property=\"og:site_name\" content=\"Mix Market - Supermarket z wszystkim co potrzeba\" \/>\n<meta property=\"og:image\" content=\"https:\/\/racom.com.pl\/wp-content\/uploads\/2025\/07\/allegro_687a668ee7cd12.55691479_28787c394820ae2075ca8d4fd58a.jpg\" \/>\n\t<meta property=\"og:image:width\" content=\"452\" \/>\n\t<meta property=\"og:image:height\" content=\"452\" \/>\n\t<meta property=\"og:image:type\" content=\"image\/jpeg\" \/>\n<meta name=\"twitter:card\" content=\"summary_large_image\" \/>\n<script type=\"application\/ld+json\" class=\"yoast-schema-graph\">{\"@context\":\"https:\\\/\\\/schema.org\",\"@graph\":[{\"@type\":\"WebPage\",\"@id\":\"https:\\\/\\\/racom.com.pl\\\/index.php\\\/produkt\\\/rolka-papieru-do-samsung-ml2010-1610-scx4521-xerox\\\/\",\"url\":\"https:\\\/\\\/racom.com.pl\\\/index.php\\\/produkt\\\/rolka-papieru-do-samsung-ml2010-1610-scx4521-xerox\\\/\",\"name\":\"ROLKA PAPIERU DO SAMSUNG ML2010 1610 SCX4521 XEROX - Mix Market - Supermarket z wszystkim co potrzeba\",\"isPartOf\":{\"@id\":\"https:\\\/\\\/racom.com.pl\\\/#website\"},\"primaryImageOfPage\":{\"@id\":\"https:\\\/\\\/racom.com.pl\\\/index.php\\\/produkt\\\/rolka-papieru-do-samsung-ml2010-1610-scx4521-xerox\\\/#primaryimage\"},\"image\":{\"@id\":\"https:\\\/\\\/racom.com.pl\\\/index.php\\\/produkt\\\/rolka-papieru-do-samsung-ml2010-1610-scx4521-xerox\\\/#primaryimage\"},\"thumbnailUrl\":\"https:\\\/\\\/racom.com.pl\\\/wp-content\\\/uploads\\\/2025\\\/07\\\/allegro_687a668ee7cd12.55691479_28787c394820ae2075ca8d4fd58a.jpg\",\"datePublished\":\"2025-07-18T15:21:39+00:00\",\"breadcrumb\":{\"@id\":\"https:\\\/\\\/racom.com.pl\\\/index.php\\\/produkt\\\/rolka-papieru-do-samsung-ml2010-1610-scx4521-xerox\\\/#breadcrumb\"},\"inLanguage\":\"pl-PL\",\"potentialAction\":[{\"@type\":\"ReadAction\",\"target\":[\"https:\\\/\\\/racom.com.pl\\\/index.php\\\/produkt\\\/rolka-papieru-do-samsung-ml2010-1610-scx4521-xerox\\\/\"]}]},{\"@type\":\"ImageObject\",\"inLanguage\":\"pl-PL\",\"@id\":\"https:\\\/\\\/racom.com.pl\\\/index.php\\\/produkt\\\/rolka-papieru-do-samsung-ml2010-1610-scx4521-xerox\\\/#primaryimage\",\"url\":\"https:\\\/\\\/racom.com.pl\\\/wp-content\\\/uploads\\\/2025\\\/07\\\/allegro_687a668ee7cd12.55691479_28787c394820ae2075ca8d4fd58a.jpg\",\"contentUrl\":\"https:\\\/\\\/racom.com.pl\\\/wp-content\\\/uploads\\\/2025\\\/07\\\/allegro_687a668ee7cd12.55691479_28787c394820ae2075ca8d4fd58a.jpg\",\"width\":452,\"height\":452},{\"@type\":\"BreadcrumbList\",\"@id\":\"https:\\\/\\\/racom.com.pl\\\/index.php\\\/produkt\\\/rolka-papieru-do-samsung-ml2010-1610-scx4521-xerox\\\/#breadcrumb\",\"itemListElement\":[{\"@type\":\"ListItem\",\"position\":1,\"name\":\"Strona g\u0142\u00f3wna\",\"item\":\"https:\\\/\\\/racom.com.pl\\\/\"},{\"@type\":\"ListItem\",\"position\":2,\"name\":\"Sklep\",\"item\":\"https:\\\/\\\/racom.com.pl\\\/\"},{\"@type\":\"ListItem\",\"position\":3,\"name\":\"ROLKA PAPIERU DO SAMSUNG ML2010 1610 SCX4521 XEROX\"}]},{\"@type\":\"WebSite\",\"@id\":\"https:\\\/\\\/racom.com.pl\\\/#website\",\"url\":\"https:\\\/\\\/racom.com.pl\\\/\",\"name\":\"Mix Market - Supermarket z wszystkim co potrzeba do domu i nie tylko\",\"description\":\"\",\"publisher\":{\"@id\":\"https:\\\/\\\/racom.com.pl\\\/#organization\"},\"potentialAction\":[{\"@type\":\"SearchAction\",\"target\":{\"@type\":\"EntryPoint\",\"urlTemplate\":\"https:\\\/\\\/racom.com.pl\\\/?s={search_term_string}\"},\"query-input\":{\"@type\":\"PropertyValueSpecification\",\"valueRequired\":true,\"valueName\":\"search_term_string\"}}],\"inLanguage\":\"pl-PL\"},{\"@type\":\"Organization\",\"@id\":\"https:\\\/\\\/racom.com.pl\\\/#organization\",\"name\":\"Mix Market - Supermarket z wszystkim co potrzeba do domu i nie tylko\",\"url\":\"https:\\\/\\\/racom.com.pl\\\/\",\"logo\":{\"@type\":\"ImageObject\",\"inLanguage\":\"pl-PL\",\"@id\":\"https:\\\/\\\/racom.com.pl\\\/#\\\/schema\\\/logo\\\/image\\\/\",\"url\":\"https:\\\/\\\/racom.com.pl\\\/wp-content\\\/uploads\\\/2025\\\/07\\\/mixmarket_logo.png\",\"contentUrl\":\"https:\\\/\\\/racom.com.pl\\\/wp-content\\\/uploads\\\/2025\\\/07\\\/mixmarket_logo.png\",\"width\":1024,\"height\":1024,\"caption\":\"Mix Market - Supermarket z wszystkim co potrzeba do domu i nie tylko\"},\"image\":{\"@id\":\"https:\\\/\\\/racom.com.pl\\\/#\\\/schema\\\/logo\\\/image\\\/\"}}]}<\/script>\n<!-- \/ Yoast SEO plugin. -->","yoast_head_json":{"title":"ROLKA PAPIERU DO SAMSUNG ML2010 1610 SCX4521 XEROX - Mix Market - Supermarket z wszystkim co potrzeba","robots":{"index":"index","follow":"follow","max-snippet":"max-snippet:-1","max-image-preview":"max-image-preview:large","max-video-preview":"max-video-preview:-1"},"canonical":"https:\/\/racom.com.pl\/index.php\/produkt\/rolka-papieru-do-samsung-ml2010-1610-scx4521-xerox\/","og_locale":"pl_PL","og_type":"article","og_title":"ROLKA PAPIERU DO SAMSUNG ML2010 1610 SCX4521 XEROX - Mix Market - Supermarket z wszystkim co potrzeba","og_description":"Fabrycznie nowa rolka pobieraj\u0105ca do drukarek laserowych Samsung Kompletna rolka (guma+obejma) Kompatybilno\u015b\u0107: DELL 1100, DELL 1110 SAMSUNG CLP-300, CLP-350, CLP350N, CLP351NK, CLP351NKG, CLX2160,CLX3160FN, ML1610, ML1640, ML2010, ML2240, SCX4520, SCX4521, SCX4725, XEROX Phaser 3117, XEROX Phaser 3122, XEROX Phaser 3200MFP, XEROX WorkCentre PE220 Kod produktu: A018","og_url":"https:\/\/racom.com.pl\/index.php\/produkt\/rolka-papieru-do-samsung-ml2010-1610-scx4521-xerox\/","og_site_name":"Mix Market - Supermarket z wszystkim co potrzeba","og_image":[{"width":452,"height":452,"url":"https:\/\/racom.com.pl\/wp-content\/uploads\/2025\/07\/allegro_687a668ee7cd12.55691479_28787c394820ae2075ca8d4fd58a.jpg","type":"image\/jpeg"}],"twitter_card":"summary_large_image","schema":{"@context":"https:\/\/schema.org","@graph":[{"@type":"WebPage","@id":"https:\/\/racom.com.pl\/index.php\/produkt\/rolka-papieru-do-samsung-ml2010-1610-scx4521-xerox\/","url":"https:\/\/racom.com.pl\/index.php\/produkt\/rolka-papieru-do-samsung-ml2010-1610-scx4521-xerox\/","name":"ROLKA PAPIERU DO SAMSUNG ML2010 1610 SCX4521 XEROX - Mix Market - Supermarket z wszystkim co potrzeba","isPartOf":{"@id":"https:\/\/racom.com.pl\/#website"},"primaryImageOfPage":{"@id":"https:\/\/racom.com.pl\/index.php\/produkt\/rolka-papieru-do-samsung-ml2010-1610-scx4521-xerox\/#primaryimage"},"image":{"@id":"https:\/\/racom.com.pl\/index.php\/produkt\/rolka-papieru-do-samsung-ml2010-1610-scx4521-xerox\/#primaryimage"},"thumbnailUrl":"https:\/\/racom.com.pl\/wp-content\/uploads\/2025\/07\/allegro_687a668ee7cd12.55691479_28787c394820ae2075ca8d4fd58a.jpg","datePublished":"2025-07-18T15:21:39+00:00","breadcrumb":{"@id":"https:\/\/racom.com.pl\/index.php\/produkt\/rolka-papieru-do-samsung-ml2010-1610-scx4521-xerox\/#breadcrumb"},"inLanguage":"pl-PL","potentialAction":[{"@type":"ReadAction","target":["https:\/\/racom.com.pl\/index.php\/produkt\/rolka-papieru-do-samsung-ml2010-1610-scx4521-xerox\/"]}]},{"@type":"ImageObject","inLanguage":"pl-PL","@id":"https:\/\/racom.com.pl\/index.php\/produkt\/rolka-papieru-do-samsung-ml2010-1610-scx4521-xerox\/#primaryimage","url":"https:\/\/racom.com.pl\/wp-content\/uploads\/2025\/07\/allegro_687a668ee7cd12.55691479_28787c394820ae2075ca8d4fd58a.jpg","contentUrl":"https:\/\/racom.com.pl\/wp-content\/uploads\/2025\/07\/allegro_687a668ee7cd12.55691479_28787c394820ae2075ca8d4fd58a.jpg","width":452,"height":452},{"@type":"BreadcrumbList","@id":"https:\/\/racom.com.pl\/index.php\/produkt\/rolka-papieru-do-samsung-ml2010-1610-scx4521-xerox\/#breadcrumb","itemListElement":[{"@type":"ListItem","position":1,"name":"Strona g\u0142\u00f3wna","item":"https:\/\/racom.com.pl\/"},{"@type":"ListItem","position":2,"name":"Sklep","item":"https:\/\/racom.com.pl\/"},{"@type":"ListItem","position":3,"name":"ROLKA PAPIERU DO SAMSUNG ML2010 1610 SCX4521 XEROX"}]},{"@type":"WebSite","@id":"https:\/\/racom.com.pl\/#website","url":"https:\/\/racom.com.pl\/","name":"Mix Market - Supermarket z wszystkim co potrzeba do domu i nie tylko","description":"","publisher":{"@id":"https:\/\/racom.com.pl\/#organization"},"potentialAction":[{"@type":"SearchAction","target":{"@type":"EntryPoint","urlTemplate":"https:\/\/racom.com.pl\/?s={search_term_string}"},"query-input":{"@type":"PropertyValueSpecification","valueRequired":true,"valueName":"search_term_string"}}],"inLanguage":"pl-PL"},{"@type":"Organization","@id":"https:\/\/racom.com.pl\/#organization","name":"Mix Market - Supermarket z wszystkim co potrzeba do domu i nie tylko","url":"https:\/\/racom.com.pl\/","logo":{"@type":"ImageObject","inLanguage":"pl-PL","@id":"https:\/\/racom.com.pl\/#\/schema\/logo\/image\/","url":"https:\/\/racom.com.pl\/wp-content\/uploads\/2025\/07\/mixmarket_logo.png","contentUrl":"https:\/\/racom.com.pl\/wp-content\/uploads\/2025\/07\/mixmarket_logo.png","width":1024,"height":1024,"caption":"Mix Market - Supermarket z wszystkim co potrzeba do domu i nie tylko"},"image":{"@id":"https:\/\/racom.com.pl\/#\/schema\/logo\/image\/"}}]}},"_links":{"self":[{"href":"https:\/\/racom.com.pl\/index.php\/wp-json\/wp\/v2\/product\/283","targetHints":{"allow":["GET"]}}],"collection":[{"href":"https:\/\/racom.com.pl\/index.php\/wp-json\/wp\/v2\/product"}],"about":[{"href":"https:\/\/racom.com.pl\/index.php\/wp-json\/wp\/v2\/types\/product"}],"replies":[{"embeddable":true,"href":"https:\/\/racom.com.pl\/index.php\/wp-json\/wp\/v2\/comments?post=283"}],"wp:featuredmedia":[{"embeddable":true,"href":"https:\/\/racom.com.pl\/index.php\/wp-json\/wp\/v2\/media\/286"}],"wp:attachment":[{"href":"https:\/\/racom.com.pl\/index.php\/wp-json\/wp\/v2\/media?parent=283"}],"wp:term":[{"taxonomy":"product_brand","embeddable":true,"href":"https:\/\/racom.com.pl\/index.php\/wp-json\/wp\/v2\/product_brand?post=283"},{"taxonomy":"product_cat","embeddable":true,"href":"https:\/\/racom.com.pl\/index.php\/wp-json\/wp\/v2\/product_cat?post=283"},{"taxonomy":"product_tag","embeddable":true,"href":"https:\/\/racom.com.pl\/index.php\/wp-json\/wp\/v2\/product_tag?post=283"}],"curies":[{"name":"wp","href":"https:\/\/api.w.org\/{rel}","templated":true}]}}