{"id":2833,"date":"2025-07-19T16:02:03","date_gmt":"2025-07-19T14:02:03","guid":{"rendered":"http:\/\/192.168.2.106\/index.php\/produkt\/czekolada-mleczna-groszki-makro-chef-duzy-worek-opakowanie-25-kg\/"},"modified":"2025-07-19T16:02:03","modified_gmt":"2025-07-19T14:02:03","slug":"czekolada-mleczna-groszki-makro-chef-duzy-worek-opakowanie-25-kg","status":"publish","type":"product","link":"https:\/\/racom.com.pl\/index.php\/produkt\/czekolada-mleczna-groszki-makro-chef-duzy-worek-opakowanie-25-kg\/","title":{"rendered":"Czekolada mleczna groszki Makro Chef du\u017cy Worek Opakowanie 2,5 kg"},"content":{"rendered":"<h2>Czekolada mleczna groszki 2,5 kg makro Chef<\/h2>\n<p><b>Sk\u0142adniki:<\/b><\/p>\n<ul>\n<li>cukier<\/li>\n<li>t\u0142uszcz czekoladowy<\/li>\n<li>miazga kakaowa<\/li>\n<li>odt\u0142uszczone MLEKO w proszku<\/li>\n<li>bezwodny t\u0142uszcz MLECZNY<\/li>\n<li>emulgator: lecytyna s\u0142onecznikowa<\/li>\n<li>aromat waniliowy<\/li>\n<li>Masa kakaowa minimum 38%<\/li>\n<\/ul>\n<p><b>Warto\u015b\u0107 od\u017cywcza na 100g:<\/b><\/p>\n<ul>\n<li>Warto\u015b\u0107 energetyczna: 2327 kJ \/ 558 kcal<\/li>\n<li>T\u0142uszcz: 35 g<\/li>\n<li>w tym kwasy t\u0142uszczowe nasycone: 21 g<\/li>\n<li>W\u0119glowodany: 52 g<\/li>\n<li>w tym cukry: 51 g<\/li>\n<li>Bia\u0142ko: 7,4 g<\/li>\n<li>S\u00f3l: 0,16 g<\/li>\n<\/ul>\n<p><b>Obecno\u015b\u0107 alergenu:<\/b><\/p>\n<ul>\n<li>Zawiera: MLEKO<\/li>\n<li>Mo\u017ce zawiera\u0107 : ORZECHY<\/li>\n<\/ul>\n","protected":false},"excerpt":{"rendered":"<p>Czekolada mleczna groszki 2,5 kg makro Chef Sk\u0142adniki: cukier t\u0142uszcz czekoladowy miazga kakaowa odt\u0142uszczone MLEKO w proszku bezwodny t\u0142uszcz MLECZNY emulgator: lecytyna s\u0142onecznikowa aromat waniliowy Masa kakaowa minimum 38% Warto\u015b\u0107 od\u017cywcza na 100g: Warto\u015b\u0107 energetyczna: 2327 kJ \/ 558 kcal T\u0142uszcz: 35 g w tym kwasy t\u0142uszczowe nasycone: 21 g W\u0119glowodany: 52 g w tym [&hellip;]<\/p>\n","protected":false},"featured_media":2836,"comment_status":"open","ping_status":"closed","template":"","meta":[],"product_brand":[203],"product_cat":[120],"product_tag":[],"class_list":{"0":"post-2833","1":"product","2":"type-product","3":"status-publish","4":"has-post-thumbnail","6":"product_brand-makro","7":"product_cat-slodycze-przekaski-desery","9":"first","10":"instock","11":"taxable","12":"shipping-taxable","13":"purchasable","14":"product-type-simple"},"yoast_head":"<!-- This site is optimized with the Yoast SEO plugin v27.3 - https:\/\/yoast.com\/product\/yoast-seo-wordpress\/ -->\n<title>Czekolada mleczna groszki Makro Chef du\u017cy Worek Opakowanie 2,5 kg - Mix Market - Supermarket z wszystkim co potrzeba<\/title>\n<meta name=\"robots\" content=\"index, follow, max-snippet:-1, max-image-preview:large, max-video-preview:-1\" \/>\n<link rel=\"canonical\" href=\"https:\/\/racom.com.pl\/index.php\/produkt\/czekolada-mleczna-groszki-makro-chef-duzy-worek-opakowanie-25-kg\/\" \/>\n<meta property=\"og:locale\" content=\"pl_PL\" \/>\n<meta property=\"og:type\" content=\"article\" \/>\n<meta property=\"og:title\" content=\"Czekolada mleczna groszki Makro Chef du\u017cy Worek Opakowanie 2,5 kg - Mix Market - Supermarket z wszystkim co potrzeba\" \/>\n<meta property=\"og:description\" content=\"Czekolada mleczna groszki 2,5 kg makro Chef Sk\u0142adniki: cukier t\u0142uszcz czekoladowy miazga kakaowa odt\u0142uszczone MLEKO w proszku bezwodny t\u0142uszcz MLECZNY emulgator: lecytyna s\u0142onecznikowa aromat waniliowy Masa kakaowa minimum 38% Warto\u015b\u0107 od\u017cywcza na 100g: Warto\u015b\u0107 energetyczna: 2327 kJ \/ 558 kcal T\u0142uszcz: 35 g w tym kwasy t\u0142uszczowe nasycone: 21 g W\u0119glowodany: 52 g w tym [&hellip;]\" \/>\n<meta property=\"og:url\" content=\"https:\/\/racom.com.pl\/index.php\/produkt\/czekolada-mleczna-groszki-makro-chef-duzy-worek-opakowanie-25-kg\/\" \/>\n<meta property=\"og:site_name\" content=\"Mix Market - Supermarket z wszystkim co potrzeba\" \/>\n<meta property=\"og:image\" content=\"https:\/\/racom.com.pl\/wp-content\/uploads\/2025\/07\/allegro_687ba5a90748a2.95490895_6cb23bcc4d1fa97362788035791e.jpg\" \/>\n\t<meta property=\"og:image:width\" content=\"400\" \/>\n\t<meta property=\"og:image:height\" content=\"400\" \/>\n\t<meta property=\"og:image:type\" content=\"image\/jpeg\" \/>\n<meta name=\"twitter:card\" content=\"summary_large_image\" \/>\n<script type=\"application\/ld+json\" class=\"yoast-schema-graph\">{\"@context\":\"https:\\\/\\\/schema.org\",\"@graph\":[{\"@type\":\"WebPage\",\"@id\":\"https:\\\/\\\/racom.com.pl\\\/index.php\\\/produkt\\\/czekolada-mleczna-groszki-makro-chef-duzy-worek-opakowanie-25-kg\\\/\",\"url\":\"https:\\\/\\\/racom.com.pl\\\/index.php\\\/produkt\\\/czekolada-mleczna-groszki-makro-chef-duzy-worek-opakowanie-25-kg\\\/\",\"name\":\"Czekolada mleczna groszki Makro Chef du\u017cy Worek Opakowanie 2,5 kg - Mix Market - Supermarket z wszystkim co potrzeba\",\"isPartOf\":{\"@id\":\"https:\\\/\\\/racom.com.pl\\\/#website\"},\"primaryImageOfPage\":{\"@id\":\"https:\\\/\\\/racom.com.pl\\\/index.php\\\/produkt\\\/czekolada-mleczna-groszki-makro-chef-duzy-worek-opakowanie-25-kg\\\/#primaryimage\"},\"image\":{\"@id\":\"https:\\\/\\\/racom.com.pl\\\/index.php\\\/produkt\\\/czekolada-mleczna-groszki-makro-chef-duzy-worek-opakowanie-25-kg\\\/#primaryimage\"},\"thumbnailUrl\":\"https:\\\/\\\/racom.com.pl\\\/wp-content\\\/uploads\\\/2025\\\/07\\\/allegro_687ba5a90748a2.95490895_6cb23bcc4d1fa97362788035791e.jpg\",\"datePublished\":\"2025-07-19T14:02:03+00:00\",\"breadcrumb\":{\"@id\":\"https:\\\/\\\/racom.com.pl\\\/index.php\\\/produkt\\\/czekolada-mleczna-groszki-makro-chef-duzy-worek-opakowanie-25-kg\\\/#breadcrumb\"},\"inLanguage\":\"pl-PL\",\"potentialAction\":[{\"@type\":\"ReadAction\",\"target\":[\"https:\\\/\\\/racom.com.pl\\\/index.php\\\/produkt\\\/czekolada-mleczna-groszki-makro-chef-duzy-worek-opakowanie-25-kg\\\/\"]}]},{\"@type\":\"ImageObject\",\"inLanguage\":\"pl-PL\",\"@id\":\"https:\\\/\\\/racom.com.pl\\\/index.php\\\/produkt\\\/czekolada-mleczna-groszki-makro-chef-duzy-worek-opakowanie-25-kg\\\/#primaryimage\",\"url\":\"https:\\\/\\\/racom.com.pl\\\/wp-content\\\/uploads\\\/2025\\\/07\\\/allegro_687ba5a90748a2.95490895_6cb23bcc4d1fa97362788035791e.jpg\",\"contentUrl\":\"https:\\\/\\\/racom.com.pl\\\/wp-content\\\/uploads\\\/2025\\\/07\\\/allegro_687ba5a90748a2.95490895_6cb23bcc4d1fa97362788035791e.jpg\",\"width\":400,\"height\":400},{\"@type\":\"BreadcrumbList\",\"@id\":\"https:\\\/\\\/racom.com.pl\\\/index.php\\\/produkt\\\/czekolada-mleczna-groszki-makro-chef-duzy-worek-opakowanie-25-kg\\\/#breadcrumb\",\"itemListElement\":[{\"@type\":\"ListItem\",\"position\":1,\"name\":\"Strona g\u0142\u00f3wna\",\"item\":\"https:\\\/\\\/racom.com.pl\\\/\"},{\"@type\":\"ListItem\",\"position\":2,\"name\":\"Sklep\",\"item\":\"https:\\\/\\\/racom.com.pl\\\/\"},{\"@type\":\"ListItem\",\"position\":3,\"name\":\"Czekolada mleczna groszki Makro Chef du\u017cy Worek Opakowanie 2,5 kg\"}]},{\"@type\":\"WebSite\",\"@id\":\"https:\\\/\\\/racom.com.pl\\\/#website\",\"url\":\"https:\\\/\\\/racom.com.pl\\\/\",\"name\":\"Mix Market - Supermarket z wszystkim co potrzeba do domu i nie tylko\",\"description\":\"\",\"publisher\":{\"@id\":\"https:\\\/\\\/racom.com.pl\\\/#organization\"},\"potentialAction\":[{\"@type\":\"SearchAction\",\"target\":{\"@type\":\"EntryPoint\",\"urlTemplate\":\"https:\\\/\\\/racom.com.pl\\\/?s={search_term_string}\"},\"query-input\":{\"@type\":\"PropertyValueSpecification\",\"valueRequired\":true,\"valueName\":\"search_term_string\"}}],\"inLanguage\":\"pl-PL\"},{\"@type\":\"Organization\",\"@id\":\"https:\\\/\\\/racom.com.pl\\\/#organization\",\"name\":\"Mix Market - Supermarket z wszystkim co potrzeba do domu i nie tylko\",\"url\":\"https:\\\/\\\/racom.com.pl\\\/\",\"logo\":{\"@type\":\"ImageObject\",\"inLanguage\":\"pl-PL\",\"@id\":\"https:\\\/\\\/racom.com.pl\\\/#\\\/schema\\\/logo\\\/image\\\/\",\"url\":\"https:\\\/\\\/racom.com.pl\\\/wp-content\\\/uploads\\\/2025\\\/07\\\/mixmarket_logo.png\",\"contentUrl\":\"https:\\\/\\\/racom.com.pl\\\/wp-content\\\/uploads\\\/2025\\\/07\\\/mixmarket_logo.png\",\"width\":1024,\"height\":1024,\"caption\":\"Mix Market - Supermarket z wszystkim co potrzeba do domu i nie tylko\"},\"image\":{\"@id\":\"https:\\\/\\\/racom.com.pl\\\/#\\\/schema\\\/logo\\\/image\\\/\"}}]}<\/script>\n<!-- \/ Yoast SEO plugin. -->","yoast_head_json":{"title":"Czekolada mleczna groszki Makro Chef du\u017cy Worek Opakowanie 2,5 kg - Mix Market - Supermarket z wszystkim co potrzeba","robots":{"index":"index","follow":"follow","max-snippet":"max-snippet:-1","max-image-preview":"max-image-preview:large","max-video-preview":"max-video-preview:-1"},"canonical":"https:\/\/racom.com.pl\/index.php\/produkt\/czekolada-mleczna-groszki-makro-chef-duzy-worek-opakowanie-25-kg\/","og_locale":"pl_PL","og_type":"article","og_title":"Czekolada mleczna groszki Makro Chef du\u017cy Worek Opakowanie 2,5 kg - Mix Market - Supermarket z wszystkim co potrzeba","og_description":"Czekolada mleczna groszki 2,5 kg makro Chef Sk\u0142adniki: cukier t\u0142uszcz czekoladowy miazga kakaowa odt\u0142uszczone MLEKO w proszku bezwodny t\u0142uszcz MLECZNY emulgator: lecytyna s\u0142onecznikowa aromat waniliowy Masa kakaowa minimum 38% Warto\u015b\u0107 od\u017cywcza na 100g: Warto\u015b\u0107 energetyczna: 2327 kJ \/ 558 kcal T\u0142uszcz: 35 g w tym kwasy t\u0142uszczowe nasycone: 21 g W\u0119glowodany: 52 g w tym [&hellip;]","og_url":"https:\/\/racom.com.pl\/index.php\/produkt\/czekolada-mleczna-groszki-makro-chef-duzy-worek-opakowanie-25-kg\/","og_site_name":"Mix Market - Supermarket z wszystkim co potrzeba","og_image":[{"width":400,"height":400,"url":"https:\/\/racom.com.pl\/wp-content\/uploads\/2025\/07\/allegro_687ba5a90748a2.95490895_6cb23bcc4d1fa97362788035791e.jpg","type":"image\/jpeg"}],"twitter_card":"summary_large_image","schema":{"@context":"https:\/\/schema.org","@graph":[{"@type":"WebPage","@id":"https:\/\/racom.com.pl\/index.php\/produkt\/czekolada-mleczna-groszki-makro-chef-duzy-worek-opakowanie-25-kg\/","url":"https:\/\/racom.com.pl\/index.php\/produkt\/czekolada-mleczna-groszki-makro-chef-duzy-worek-opakowanie-25-kg\/","name":"Czekolada mleczna groszki Makro Chef du\u017cy Worek Opakowanie 2,5 kg - Mix Market - Supermarket z wszystkim co potrzeba","isPartOf":{"@id":"https:\/\/racom.com.pl\/#website"},"primaryImageOfPage":{"@id":"https:\/\/racom.com.pl\/index.php\/produkt\/czekolada-mleczna-groszki-makro-chef-duzy-worek-opakowanie-25-kg\/#primaryimage"},"image":{"@id":"https:\/\/racom.com.pl\/index.php\/produkt\/czekolada-mleczna-groszki-makro-chef-duzy-worek-opakowanie-25-kg\/#primaryimage"},"thumbnailUrl":"https:\/\/racom.com.pl\/wp-content\/uploads\/2025\/07\/allegro_687ba5a90748a2.95490895_6cb23bcc4d1fa97362788035791e.jpg","datePublished":"2025-07-19T14:02:03+00:00","breadcrumb":{"@id":"https:\/\/racom.com.pl\/index.php\/produkt\/czekolada-mleczna-groszki-makro-chef-duzy-worek-opakowanie-25-kg\/#breadcrumb"},"inLanguage":"pl-PL","potentialAction":[{"@type":"ReadAction","target":["https:\/\/racom.com.pl\/index.php\/produkt\/czekolada-mleczna-groszki-makro-chef-duzy-worek-opakowanie-25-kg\/"]}]},{"@type":"ImageObject","inLanguage":"pl-PL","@id":"https:\/\/racom.com.pl\/index.php\/produkt\/czekolada-mleczna-groszki-makro-chef-duzy-worek-opakowanie-25-kg\/#primaryimage","url":"https:\/\/racom.com.pl\/wp-content\/uploads\/2025\/07\/allegro_687ba5a90748a2.95490895_6cb23bcc4d1fa97362788035791e.jpg","contentUrl":"https:\/\/racom.com.pl\/wp-content\/uploads\/2025\/07\/allegro_687ba5a90748a2.95490895_6cb23bcc4d1fa97362788035791e.jpg","width":400,"height":400},{"@type":"BreadcrumbList","@id":"https:\/\/racom.com.pl\/index.php\/produkt\/czekolada-mleczna-groszki-makro-chef-duzy-worek-opakowanie-25-kg\/#breadcrumb","itemListElement":[{"@type":"ListItem","position":1,"name":"Strona g\u0142\u00f3wna","item":"https:\/\/racom.com.pl\/"},{"@type":"ListItem","position":2,"name":"Sklep","item":"https:\/\/racom.com.pl\/"},{"@type":"ListItem","position":3,"name":"Czekolada mleczna groszki Makro Chef du\u017cy Worek Opakowanie 2,5 kg"}]},{"@type":"WebSite","@id":"https:\/\/racom.com.pl\/#website","url":"https:\/\/racom.com.pl\/","name":"Mix Market - Supermarket z wszystkim co potrzeba do domu i nie tylko","description":"","publisher":{"@id":"https:\/\/racom.com.pl\/#organization"},"potentialAction":[{"@type":"SearchAction","target":{"@type":"EntryPoint","urlTemplate":"https:\/\/racom.com.pl\/?s={search_term_string}"},"query-input":{"@type":"PropertyValueSpecification","valueRequired":true,"valueName":"search_term_string"}}],"inLanguage":"pl-PL"},{"@type":"Organization","@id":"https:\/\/racom.com.pl\/#organization","name":"Mix Market - Supermarket z wszystkim co potrzeba do domu i nie tylko","url":"https:\/\/racom.com.pl\/","logo":{"@type":"ImageObject","inLanguage":"pl-PL","@id":"https:\/\/racom.com.pl\/#\/schema\/logo\/image\/","url":"https:\/\/racom.com.pl\/wp-content\/uploads\/2025\/07\/mixmarket_logo.png","contentUrl":"https:\/\/racom.com.pl\/wp-content\/uploads\/2025\/07\/mixmarket_logo.png","width":1024,"height":1024,"caption":"Mix Market - Supermarket z wszystkim co potrzeba do domu i nie tylko"},"image":{"@id":"https:\/\/racom.com.pl\/#\/schema\/logo\/image\/"}}]}},"_links":{"self":[{"href":"https:\/\/racom.com.pl\/index.php\/wp-json\/wp\/v2\/product\/2833","targetHints":{"allow":["GET"]}}],"collection":[{"href":"https:\/\/racom.com.pl\/index.php\/wp-json\/wp\/v2\/product"}],"about":[{"href":"https:\/\/racom.com.pl\/index.php\/wp-json\/wp\/v2\/types\/product"}],"replies":[{"embeddable":true,"href":"https:\/\/racom.com.pl\/index.php\/wp-json\/wp\/v2\/comments?post=2833"}],"wp:featuredmedia":[{"embeddable":true,"href":"https:\/\/racom.com.pl\/index.php\/wp-json\/wp\/v2\/media\/2836"}],"wp:attachment":[{"href":"https:\/\/racom.com.pl\/index.php\/wp-json\/wp\/v2\/media?parent=2833"}],"wp:term":[{"taxonomy":"product_brand","embeddable":true,"href":"https:\/\/racom.com.pl\/index.php\/wp-json\/wp\/v2\/product_brand?post=2833"},{"taxonomy":"product_cat","embeddable":true,"href":"https:\/\/racom.com.pl\/index.php\/wp-json\/wp\/v2\/product_cat?post=2833"},{"taxonomy":"product_tag","embeddable":true,"href":"https:\/\/racom.com.pl\/index.php\/wp-json\/wp\/v2\/product_tag?post=2833"}],"curies":[{"name":"wp","href":"https:\/\/api.w.org\/{rel}","templated":true}]}}