{"id":2846,"date":"2025-07-19T16:07:20","date_gmt":"2025-07-19T14:07:20","guid":{"rendered":"http:\/\/192.168.2.106\/index.php\/produkt\/pasta-pistacjowa-100-cd-z-prazonych-pistacji-do-deserow-pieczywa-500g\/"},"modified":"2025-07-19T16:07:20","modified_gmt":"2025-07-19T14:07:20","slug":"pasta-pistacjowa-100-cd-z-prazonych-pistacji-do-deserow-pieczywa-500g","status":"publish","type":"product","link":"https:\/\/racom.com.pl\/index.php\/produkt\/pasta-pistacjowa-100-cd-z-prazonych-pistacji-do-deserow-pieczywa-500g\/","title":{"rendered":"Pasta Pistacjowa 100% CD z pra\u017conych pistacji do deser\u00f3w pieczywa 500g"},"content":{"rendered":"<h2>Pasta pistacjowa 100% CD, 500g<\/h2>\n<p><b>Pasta pistacjowa 100% CD, 500g<\/b><\/p>\n<p>Doskona\u0142a receptura i idealnie dobrane sk\u0142adniki tworz\u0105 niepowtarzalne kremy o szerokim zastosowaniu. Doskonale sprawdzaj\u0105 si\u0119 jako krem na kanapk\u0119, do nale\u015bnik\u00f3w, lod\u00f3w, deser\u00f3w oraz do bezpo\u015bredniego spo\u017cycia prosto ze s\u0142oika. Produkty oparte s\u0105 na wysokiej klasy sk\u0142adnikach, nie zawieraj\u0105 zag\u0119stnik\u00f3w ani stabilizator\u00f3w.<\/p>\n<p><b>Sk\u0142adniki:<\/b><\/p>\n<p>orzechy pistacjowe pra\u017cone 100 %<\/p>\n<p><b>Warto\u015b\u0107 od\u017cywcza w 100g:<\/b><\/p>\n<p>Warto\u015b\u0107 energetyczna 2513 kJ \/ 606 kcal<\/p>\n<p>T\u0142uszcz 49 g<\/p>\n<p>w tym kwasy t\u0142uszczowe nasycone 6,1 g<\/p>\n<p>W\u0119glowodany 25 g<\/p>\n<p>W tym cukry 8,2 g<\/p>\n<p>Bia\u0142ko 21 g<\/p>\n<p>S\u00f3l 0,02 g<\/p>\n<p><b>Alergeny:<\/b><\/p>\n<p>Produkt zawiera orzechy pistacjowe. Mo\u017ce zawiera\u0107 inne orzechy.<\/p>\n<p><b>Spos\u00f3b przechowywania:<\/b><\/p>\n<p>Przechowywa\u0107 w suchym, ch\u0142odnym i ciemnym miejscu.<\/p>\n","protected":false},"excerpt":{"rendered":"<p>Pasta pistacjowa 100% CD, 500g Pasta pistacjowa 100% CD, 500g Doskona\u0142a receptura i idealnie dobrane sk\u0142adniki tworz\u0105 niepowtarzalne kremy o szerokim zastosowaniu. Doskonale sprawdzaj\u0105 si\u0119 jako krem na kanapk\u0119, do nale\u015bnik\u00f3w, lod\u00f3w, deser\u00f3w oraz do bezpo\u015bredniego spo\u017cycia prosto ze s\u0142oika. Produkty oparte s\u0105 na wysokiej klasy sk\u0142adnikach, nie zawieraj\u0105 zag\u0119stnik\u00f3w ani stabilizator\u00f3w. Sk\u0142adniki: orzechy pistacjowe [&hellip;]<\/p>\n","protected":false},"featured_media":2849,"comment_status":"open","ping_status":"closed","template":"","meta":[],"product_brand":[194],"product_cat":[109],"product_tag":[],"class_list":{"0":"post-2846","1":"product","2":"type-product","3":"status-publish","4":"has-post-thumbnail","6":"product_brand-cd","7":"product_cat-sosy-kanapkowe-i-dressingi","9":"first","10":"instock","11":"taxable","12":"shipping-taxable","13":"purchasable","14":"product-type-simple"},"yoast_head":"<!-- This site is optimized with the Yoast SEO plugin v27.3 - https:\/\/yoast.com\/product\/yoast-seo-wordpress\/ -->\n<title>Pasta Pistacjowa 100% CD z pra\u017conych pistacji do deser\u00f3w pieczywa 500g - Mix Market - Supermarket z wszystkim co potrzeba<\/title>\n<meta name=\"robots\" content=\"index, follow, max-snippet:-1, max-image-preview:large, max-video-preview:-1\" \/>\n<link rel=\"canonical\" href=\"https:\/\/racom.com.pl\/index.php\/produkt\/pasta-pistacjowa-100-cd-z-prazonych-pistacji-do-deserow-pieczywa-500g\/\" \/>\n<meta property=\"og:locale\" content=\"pl_PL\" \/>\n<meta property=\"og:type\" content=\"article\" \/>\n<meta property=\"og:title\" content=\"Pasta Pistacjowa 100% CD z pra\u017conych pistacji do deser\u00f3w pieczywa 500g - Mix Market - Supermarket z wszystkim co potrzeba\" \/>\n<meta property=\"og:description\" content=\"Pasta pistacjowa 100% CD, 500g Pasta pistacjowa 100% CD, 500g Doskona\u0142a receptura i idealnie dobrane sk\u0142adniki tworz\u0105 niepowtarzalne kremy o szerokim zastosowaniu. Doskonale sprawdzaj\u0105 si\u0119 jako krem na kanapk\u0119, do nale\u015bnik\u00f3w, lod\u00f3w, deser\u00f3w oraz do bezpo\u015bredniego spo\u017cycia prosto ze s\u0142oika. Produkty oparte s\u0105 na wysokiej klasy sk\u0142adnikach, nie zawieraj\u0105 zag\u0119stnik\u00f3w ani stabilizator\u00f3w. Sk\u0142adniki: orzechy pistacjowe [&hellip;]\" \/>\n<meta property=\"og:url\" content=\"https:\/\/racom.com.pl\/index.php\/produkt\/pasta-pistacjowa-100-cd-z-prazonych-pistacji-do-deserow-pieczywa-500g\/\" \/>\n<meta property=\"og:site_name\" content=\"Mix Market - Supermarket z wszystkim co potrzeba\" \/>\n<meta property=\"og:image\" content=\"https:\/\/racom.com.pl\/wp-content\/uploads\/2025\/07\/allegro_687ba6e3eb9f02.54304991_c66db6e4417b8f8ff72873fb3915.jpg\" \/>\n\t<meta property=\"og:image:width\" content=\"733\" \/>\n\t<meta property=\"og:image:height\" content=\"699\" \/>\n\t<meta property=\"og:image:type\" content=\"image\/jpeg\" \/>\n<meta name=\"twitter:card\" content=\"summary_large_image\" \/>\n<meta name=\"twitter:label1\" content=\"Szacowany czas czytania\" \/>\n\t<meta name=\"twitter:data1\" content=\"1 minuta\" \/>\n<script type=\"application\/ld+json\" class=\"yoast-schema-graph\">{\"@context\":\"https:\\\/\\\/schema.org\",\"@graph\":[{\"@type\":\"WebPage\",\"@id\":\"https:\\\/\\\/racom.com.pl\\\/index.php\\\/produkt\\\/pasta-pistacjowa-100-cd-z-prazonych-pistacji-do-deserow-pieczywa-500g\\\/\",\"url\":\"https:\\\/\\\/racom.com.pl\\\/index.php\\\/produkt\\\/pasta-pistacjowa-100-cd-z-prazonych-pistacji-do-deserow-pieczywa-500g\\\/\",\"name\":\"Pasta Pistacjowa 100% CD z pra\u017conych pistacji do deser\u00f3w pieczywa 500g - Mix Market - Supermarket z wszystkim co potrzeba\",\"isPartOf\":{\"@id\":\"https:\\\/\\\/racom.com.pl\\\/#website\"},\"primaryImageOfPage\":{\"@id\":\"https:\\\/\\\/racom.com.pl\\\/index.php\\\/produkt\\\/pasta-pistacjowa-100-cd-z-prazonych-pistacji-do-deserow-pieczywa-500g\\\/#primaryimage\"},\"image\":{\"@id\":\"https:\\\/\\\/racom.com.pl\\\/index.php\\\/produkt\\\/pasta-pistacjowa-100-cd-z-prazonych-pistacji-do-deserow-pieczywa-500g\\\/#primaryimage\"},\"thumbnailUrl\":\"https:\\\/\\\/racom.com.pl\\\/wp-content\\\/uploads\\\/2025\\\/07\\\/allegro_687ba6e3eb9f02.54304991_c66db6e4417b8f8ff72873fb3915.jpg\",\"datePublished\":\"2025-07-19T14:07:20+00:00\",\"breadcrumb\":{\"@id\":\"https:\\\/\\\/racom.com.pl\\\/index.php\\\/produkt\\\/pasta-pistacjowa-100-cd-z-prazonych-pistacji-do-deserow-pieczywa-500g\\\/#breadcrumb\"},\"inLanguage\":\"pl-PL\",\"potentialAction\":[{\"@type\":\"ReadAction\",\"target\":[\"https:\\\/\\\/racom.com.pl\\\/index.php\\\/produkt\\\/pasta-pistacjowa-100-cd-z-prazonych-pistacji-do-deserow-pieczywa-500g\\\/\"]}]},{\"@type\":\"ImageObject\",\"inLanguage\":\"pl-PL\",\"@id\":\"https:\\\/\\\/racom.com.pl\\\/index.php\\\/produkt\\\/pasta-pistacjowa-100-cd-z-prazonych-pistacji-do-deserow-pieczywa-500g\\\/#primaryimage\",\"url\":\"https:\\\/\\\/racom.com.pl\\\/wp-content\\\/uploads\\\/2025\\\/07\\\/allegro_687ba6e3eb9f02.54304991_c66db6e4417b8f8ff72873fb3915.jpg\",\"contentUrl\":\"https:\\\/\\\/racom.com.pl\\\/wp-content\\\/uploads\\\/2025\\\/07\\\/allegro_687ba6e3eb9f02.54304991_c66db6e4417b8f8ff72873fb3915.jpg\",\"width\":733,\"height\":699},{\"@type\":\"BreadcrumbList\",\"@id\":\"https:\\\/\\\/racom.com.pl\\\/index.php\\\/produkt\\\/pasta-pistacjowa-100-cd-z-prazonych-pistacji-do-deserow-pieczywa-500g\\\/#breadcrumb\",\"itemListElement\":[{\"@type\":\"ListItem\",\"position\":1,\"name\":\"Strona g\u0142\u00f3wna\",\"item\":\"https:\\\/\\\/racom.com.pl\\\/\"},{\"@type\":\"ListItem\",\"position\":2,\"name\":\"Sklep\",\"item\":\"https:\\\/\\\/racom.com.pl\\\/\"},{\"@type\":\"ListItem\",\"position\":3,\"name\":\"Pasta Pistacjowa 100% CD z pra\u017conych pistacji do deser\u00f3w pieczywa 500g\"}]},{\"@type\":\"WebSite\",\"@id\":\"https:\\\/\\\/racom.com.pl\\\/#website\",\"url\":\"https:\\\/\\\/racom.com.pl\\\/\",\"name\":\"Mix Market - Supermarket z wszystkim co potrzeba do domu i nie tylko\",\"description\":\"\",\"publisher\":{\"@id\":\"https:\\\/\\\/racom.com.pl\\\/#organization\"},\"potentialAction\":[{\"@type\":\"SearchAction\",\"target\":{\"@type\":\"EntryPoint\",\"urlTemplate\":\"https:\\\/\\\/racom.com.pl\\\/?s={search_term_string}\"},\"query-input\":{\"@type\":\"PropertyValueSpecification\",\"valueRequired\":true,\"valueName\":\"search_term_string\"}}],\"inLanguage\":\"pl-PL\"},{\"@type\":\"Organization\",\"@id\":\"https:\\\/\\\/racom.com.pl\\\/#organization\",\"name\":\"Mix Market - Supermarket z wszystkim co potrzeba do domu i nie tylko\",\"url\":\"https:\\\/\\\/racom.com.pl\\\/\",\"logo\":{\"@type\":\"ImageObject\",\"inLanguage\":\"pl-PL\",\"@id\":\"https:\\\/\\\/racom.com.pl\\\/#\\\/schema\\\/logo\\\/image\\\/\",\"url\":\"https:\\\/\\\/racom.com.pl\\\/wp-content\\\/uploads\\\/2025\\\/07\\\/mixmarket_logo.png\",\"contentUrl\":\"https:\\\/\\\/racom.com.pl\\\/wp-content\\\/uploads\\\/2025\\\/07\\\/mixmarket_logo.png\",\"width\":1024,\"height\":1024,\"caption\":\"Mix Market - Supermarket z wszystkim co potrzeba do domu i nie tylko\"},\"image\":{\"@id\":\"https:\\\/\\\/racom.com.pl\\\/#\\\/schema\\\/logo\\\/image\\\/\"}}]}<\/script>\n<!-- \/ Yoast SEO plugin. -->","yoast_head_json":{"title":"Pasta Pistacjowa 100% CD z pra\u017conych pistacji do deser\u00f3w pieczywa 500g - Mix Market - Supermarket z wszystkim co potrzeba","robots":{"index":"index","follow":"follow","max-snippet":"max-snippet:-1","max-image-preview":"max-image-preview:large","max-video-preview":"max-video-preview:-1"},"canonical":"https:\/\/racom.com.pl\/index.php\/produkt\/pasta-pistacjowa-100-cd-z-prazonych-pistacji-do-deserow-pieczywa-500g\/","og_locale":"pl_PL","og_type":"article","og_title":"Pasta Pistacjowa 100% CD z pra\u017conych pistacji do deser\u00f3w pieczywa 500g - Mix Market - Supermarket z wszystkim co potrzeba","og_description":"Pasta pistacjowa 100% CD, 500g Pasta pistacjowa 100% CD, 500g Doskona\u0142a receptura i idealnie dobrane sk\u0142adniki tworz\u0105 niepowtarzalne kremy o szerokim zastosowaniu. Doskonale sprawdzaj\u0105 si\u0119 jako krem na kanapk\u0119, do nale\u015bnik\u00f3w, lod\u00f3w, deser\u00f3w oraz do bezpo\u015bredniego spo\u017cycia prosto ze s\u0142oika. Produkty oparte s\u0105 na wysokiej klasy sk\u0142adnikach, nie zawieraj\u0105 zag\u0119stnik\u00f3w ani stabilizator\u00f3w. Sk\u0142adniki: orzechy pistacjowe [&hellip;]","og_url":"https:\/\/racom.com.pl\/index.php\/produkt\/pasta-pistacjowa-100-cd-z-prazonych-pistacji-do-deserow-pieczywa-500g\/","og_site_name":"Mix Market - Supermarket z wszystkim co potrzeba","og_image":[{"width":733,"height":699,"url":"https:\/\/racom.com.pl\/wp-content\/uploads\/2025\/07\/allegro_687ba6e3eb9f02.54304991_c66db6e4417b8f8ff72873fb3915.jpg","type":"image\/jpeg"}],"twitter_card":"summary_large_image","twitter_misc":{"Szacowany czas czytania":"1 minuta"},"schema":{"@context":"https:\/\/schema.org","@graph":[{"@type":"WebPage","@id":"https:\/\/racom.com.pl\/index.php\/produkt\/pasta-pistacjowa-100-cd-z-prazonych-pistacji-do-deserow-pieczywa-500g\/","url":"https:\/\/racom.com.pl\/index.php\/produkt\/pasta-pistacjowa-100-cd-z-prazonych-pistacji-do-deserow-pieczywa-500g\/","name":"Pasta Pistacjowa 100% CD z pra\u017conych pistacji do deser\u00f3w pieczywa 500g - Mix Market - Supermarket z wszystkim co potrzeba","isPartOf":{"@id":"https:\/\/racom.com.pl\/#website"},"primaryImageOfPage":{"@id":"https:\/\/racom.com.pl\/index.php\/produkt\/pasta-pistacjowa-100-cd-z-prazonych-pistacji-do-deserow-pieczywa-500g\/#primaryimage"},"image":{"@id":"https:\/\/racom.com.pl\/index.php\/produkt\/pasta-pistacjowa-100-cd-z-prazonych-pistacji-do-deserow-pieczywa-500g\/#primaryimage"},"thumbnailUrl":"https:\/\/racom.com.pl\/wp-content\/uploads\/2025\/07\/allegro_687ba6e3eb9f02.54304991_c66db6e4417b8f8ff72873fb3915.jpg","datePublished":"2025-07-19T14:07:20+00:00","breadcrumb":{"@id":"https:\/\/racom.com.pl\/index.php\/produkt\/pasta-pistacjowa-100-cd-z-prazonych-pistacji-do-deserow-pieczywa-500g\/#breadcrumb"},"inLanguage":"pl-PL","potentialAction":[{"@type":"ReadAction","target":["https:\/\/racom.com.pl\/index.php\/produkt\/pasta-pistacjowa-100-cd-z-prazonych-pistacji-do-deserow-pieczywa-500g\/"]}]},{"@type":"ImageObject","inLanguage":"pl-PL","@id":"https:\/\/racom.com.pl\/index.php\/produkt\/pasta-pistacjowa-100-cd-z-prazonych-pistacji-do-deserow-pieczywa-500g\/#primaryimage","url":"https:\/\/racom.com.pl\/wp-content\/uploads\/2025\/07\/allegro_687ba6e3eb9f02.54304991_c66db6e4417b8f8ff72873fb3915.jpg","contentUrl":"https:\/\/racom.com.pl\/wp-content\/uploads\/2025\/07\/allegro_687ba6e3eb9f02.54304991_c66db6e4417b8f8ff72873fb3915.jpg","width":733,"height":699},{"@type":"BreadcrumbList","@id":"https:\/\/racom.com.pl\/index.php\/produkt\/pasta-pistacjowa-100-cd-z-prazonych-pistacji-do-deserow-pieczywa-500g\/#breadcrumb","itemListElement":[{"@type":"ListItem","position":1,"name":"Strona g\u0142\u00f3wna","item":"https:\/\/racom.com.pl\/"},{"@type":"ListItem","position":2,"name":"Sklep","item":"https:\/\/racom.com.pl\/"},{"@type":"ListItem","position":3,"name":"Pasta Pistacjowa 100% CD z pra\u017conych pistacji do deser\u00f3w pieczywa 500g"}]},{"@type":"WebSite","@id":"https:\/\/racom.com.pl\/#website","url":"https:\/\/racom.com.pl\/","name":"Mix Market - Supermarket z wszystkim co potrzeba do domu i nie tylko","description":"","publisher":{"@id":"https:\/\/racom.com.pl\/#organization"},"potentialAction":[{"@type":"SearchAction","target":{"@type":"EntryPoint","urlTemplate":"https:\/\/racom.com.pl\/?s={search_term_string}"},"query-input":{"@type":"PropertyValueSpecification","valueRequired":true,"valueName":"search_term_string"}}],"inLanguage":"pl-PL"},{"@type":"Organization","@id":"https:\/\/racom.com.pl\/#organization","name":"Mix Market - Supermarket z wszystkim co potrzeba do domu i nie tylko","url":"https:\/\/racom.com.pl\/","logo":{"@type":"ImageObject","inLanguage":"pl-PL","@id":"https:\/\/racom.com.pl\/#\/schema\/logo\/image\/","url":"https:\/\/racom.com.pl\/wp-content\/uploads\/2025\/07\/mixmarket_logo.png","contentUrl":"https:\/\/racom.com.pl\/wp-content\/uploads\/2025\/07\/mixmarket_logo.png","width":1024,"height":1024,"caption":"Mix Market - Supermarket z wszystkim co potrzeba do domu i nie tylko"},"image":{"@id":"https:\/\/racom.com.pl\/#\/schema\/logo\/image\/"}}]}},"_links":{"self":[{"href":"https:\/\/racom.com.pl\/index.php\/wp-json\/wp\/v2\/product\/2846","targetHints":{"allow":["GET"]}}],"collection":[{"href":"https:\/\/racom.com.pl\/index.php\/wp-json\/wp\/v2\/product"}],"about":[{"href":"https:\/\/racom.com.pl\/index.php\/wp-json\/wp\/v2\/types\/product"}],"replies":[{"embeddable":true,"href":"https:\/\/racom.com.pl\/index.php\/wp-json\/wp\/v2\/comments?post=2846"}],"wp:featuredmedia":[{"embeddable":true,"href":"https:\/\/racom.com.pl\/index.php\/wp-json\/wp\/v2\/media\/2849"}],"wp:attachment":[{"href":"https:\/\/racom.com.pl\/index.php\/wp-json\/wp\/v2\/media?parent=2846"}],"wp:term":[{"taxonomy":"product_brand","embeddable":true,"href":"https:\/\/racom.com.pl\/index.php\/wp-json\/wp\/v2\/product_brand?post=2846"},{"taxonomy":"product_cat","embeddable":true,"href":"https:\/\/racom.com.pl\/index.php\/wp-json\/wp\/v2\/product_cat?post=2846"},{"taxonomy":"product_tag","embeddable":true,"href":"https:\/\/racom.com.pl\/index.php\/wp-json\/wp\/v2\/product_tag?post=2846"}],"curies":[{"name":"wp","href":"https:\/\/api.w.org\/{rel}","templated":true}]}}