{"id":2877,"date":"2025-07-19T16:19:14","date_gmt":"2025-07-19T14:19:14","guid":{"rendered":"http:\/\/192.168.2.106\/index.php\/produkt\/czosnek-granulowany-aromatyczny-metro-chef-duzy-worek-1-4kg-1400g\/"},"modified":"2025-07-19T16:19:14","modified_gmt":"2025-07-19T14:19:14","slug":"czosnek-granulowany-aromatyczny-metro-chef-duzy-worek-1-4kg-1400g","status":"publish","type":"product","link":"https:\/\/racom.com.pl\/index.php\/produkt\/czosnek-granulowany-aromatyczny-metro-chef-duzy-worek-1-4kg-1400g\/","title":{"rendered":"Czosnek Granulowany Aromatyczny METRO Chef du\u017cy worek 1.4kg 1400g"},"content":{"rendered":"<p><b>Czosnek Granulowany Przyprawa 1400g Metro Chef<\/b><\/p>\n<p>Czosnek granulowany to niezast\u0105piona przyprawa w ka\u017cdej kuchni! Dzi\u0119ki swojej intensywnej aromatyczno\u015bci i wszechstronno\u015bci doskonale wzbogaca smak wielu potraw. Idealny do mi\u0119s, zup, sos\u00f3w, marynat oraz da\u0144 warzywnych. Wygodna forma granulatu u\u0142atwia dozowanie i przechowywanie, zapewniaj\u0105c d\u0142ugotrwa\u0142\u0105 \u015bwie\u017co\u015b\u0107 i wygod\u0119 u\u017cytkowania.<\/p>\n<p><b>Waga:<\/b> 1400g<\/p>\n<p><b>Sk\u0142ad:<\/b> 100% czosnek granulowany<\/p>\n<p> <b>Zastosowanie:<\/b> kuchnia domowa, gastronomia, przetw\u00f3rstwo spo\u017cywcze<\/p>\n<p>Dodaj wyrazisty smak swoim potrawom z naszym czosnkiem granulowanym!<\/p>\n","protected":false},"excerpt":{"rendered":"<p>Czosnek Granulowany Przyprawa 1400g Metro Chef Czosnek granulowany to niezast\u0105piona przyprawa w ka\u017cdej kuchni! Dzi\u0119ki swojej intensywnej aromatyczno\u015bci i wszechstronno\u015bci doskonale wzbogaca smak wielu potraw. Idealny do mi\u0119s, zup, sos\u00f3w, marynat oraz da\u0144 warzywnych. Wygodna forma granulatu u\u0142atwia dozowanie i przechowywanie, zapewniaj\u0105c d\u0142ugotrwa\u0142\u0105 \u015bwie\u017co\u015b\u0107 i wygod\u0119 u\u017cytkowania. Waga: 1400g Sk\u0142ad: 100% czosnek granulowany Zastosowanie: kuchnia [&hellip;]<\/p>\n","protected":false},"featured_media":2880,"comment_status":"open","ping_status":"closed","template":"","meta":[],"product_brand":[203],"product_cat":[125],"product_tag":[],"class_list":{"0":"post-2877","1":"product","2":"type-product","3":"status-publish","4":"has-post-thumbnail","6":"product_brand-makro","7":"product_cat-przyprawy-i-ziola","9":"first","10":"instock","11":"taxable","12":"shipping-taxable","13":"purchasable","14":"product-type-simple"},"yoast_head":"<!-- This site is optimized with the Yoast SEO plugin v27.3 - https:\/\/yoast.com\/product\/yoast-seo-wordpress\/ -->\n<title>Czosnek Granulowany Aromatyczny METRO Chef du\u017cy worek 1.4kg 1400g - Mix Market - Supermarket z wszystkim co potrzeba<\/title>\n<meta name=\"robots\" content=\"index, follow, max-snippet:-1, max-image-preview:large, max-video-preview:-1\" \/>\n<link rel=\"canonical\" href=\"https:\/\/racom.com.pl\/index.php\/produkt\/czosnek-granulowany-aromatyczny-metro-chef-duzy-worek-1-4kg-1400g\/\" \/>\n<meta property=\"og:locale\" content=\"pl_PL\" \/>\n<meta property=\"og:type\" content=\"article\" \/>\n<meta property=\"og:title\" content=\"Czosnek Granulowany Aromatyczny METRO Chef du\u017cy worek 1.4kg 1400g - Mix Market - Supermarket z wszystkim co potrzeba\" \/>\n<meta property=\"og:description\" content=\"Czosnek Granulowany Przyprawa 1400g Metro Chef Czosnek granulowany to niezast\u0105piona przyprawa w ka\u017cdej kuchni! Dzi\u0119ki swojej intensywnej aromatyczno\u015bci i wszechstronno\u015bci doskonale wzbogaca smak wielu potraw. Idealny do mi\u0119s, zup, sos\u00f3w, marynat oraz da\u0144 warzywnych. Wygodna forma granulatu u\u0142atwia dozowanie i przechowywanie, zapewniaj\u0105c d\u0142ugotrwa\u0142\u0105 \u015bwie\u017co\u015b\u0107 i wygod\u0119 u\u017cytkowania. Waga: 1400g Sk\u0142ad: 100% czosnek granulowany Zastosowanie: kuchnia [&hellip;]\" \/>\n<meta property=\"og:url\" content=\"https:\/\/racom.com.pl\/index.php\/produkt\/czosnek-granulowany-aromatyczny-metro-chef-duzy-worek-1-4kg-1400g\/\" \/>\n<meta property=\"og:site_name\" content=\"Mix Market - Supermarket z wszystkim co potrzeba\" \/>\n<meta property=\"og:image\" content=\"https:\/\/racom.com.pl\/wp-content\/uploads\/2025\/07\/allegro_687ba9b34f4a07.87345289_21f7f89c4ba38899f5464d8c6c39.jpg\" \/>\n\t<meta property=\"og:image:width\" content=\"400\" \/>\n\t<meta property=\"og:image:height\" content=\"400\" \/>\n\t<meta property=\"og:image:type\" content=\"image\/jpeg\" \/>\n<meta name=\"twitter:card\" content=\"summary_large_image\" \/>\n<script type=\"application\/ld+json\" class=\"yoast-schema-graph\">{\"@context\":\"https:\\\/\\\/schema.org\",\"@graph\":[{\"@type\":\"WebPage\",\"@id\":\"https:\\\/\\\/racom.com.pl\\\/index.php\\\/produkt\\\/czosnek-granulowany-aromatyczny-metro-chef-duzy-worek-1-4kg-1400g\\\/\",\"url\":\"https:\\\/\\\/racom.com.pl\\\/index.php\\\/produkt\\\/czosnek-granulowany-aromatyczny-metro-chef-duzy-worek-1-4kg-1400g\\\/\",\"name\":\"Czosnek Granulowany Aromatyczny METRO Chef du\u017cy worek 1.4kg 1400g - Mix Market - Supermarket z wszystkim co potrzeba\",\"isPartOf\":{\"@id\":\"https:\\\/\\\/racom.com.pl\\\/#website\"},\"primaryImageOfPage\":{\"@id\":\"https:\\\/\\\/racom.com.pl\\\/index.php\\\/produkt\\\/czosnek-granulowany-aromatyczny-metro-chef-duzy-worek-1-4kg-1400g\\\/#primaryimage\"},\"image\":{\"@id\":\"https:\\\/\\\/racom.com.pl\\\/index.php\\\/produkt\\\/czosnek-granulowany-aromatyczny-metro-chef-duzy-worek-1-4kg-1400g\\\/#primaryimage\"},\"thumbnailUrl\":\"https:\\\/\\\/racom.com.pl\\\/wp-content\\\/uploads\\\/2025\\\/07\\\/allegro_687ba9b34f4a07.87345289_21f7f89c4ba38899f5464d8c6c39.jpg\",\"datePublished\":\"2025-07-19T14:19:14+00:00\",\"breadcrumb\":{\"@id\":\"https:\\\/\\\/racom.com.pl\\\/index.php\\\/produkt\\\/czosnek-granulowany-aromatyczny-metro-chef-duzy-worek-1-4kg-1400g\\\/#breadcrumb\"},\"inLanguage\":\"pl-PL\",\"potentialAction\":[{\"@type\":\"ReadAction\",\"target\":[\"https:\\\/\\\/racom.com.pl\\\/index.php\\\/produkt\\\/czosnek-granulowany-aromatyczny-metro-chef-duzy-worek-1-4kg-1400g\\\/\"]}]},{\"@type\":\"ImageObject\",\"inLanguage\":\"pl-PL\",\"@id\":\"https:\\\/\\\/racom.com.pl\\\/index.php\\\/produkt\\\/czosnek-granulowany-aromatyczny-metro-chef-duzy-worek-1-4kg-1400g\\\/#primaryimage\",\"url\":\"https:\\\/\\\/racom.com.pl\\\/wp-content\\\/uploads\\\/2025\\\/07\\\/allegro_687ba9b34f4a07.87345289_21f7f89c4ba38899f5464d8c6c39.jpg\",\"contentUrl\":\"https:\\\/\\\/racom.com.pl\\\/wp-content\\\/uploads\\\/2025\\\/07\\\/allegro_687ba9b34f4a07.87345289_21f7f89c4ba38899f5464d8c6c39.jpg\",\"width\":400,\"height\":400},{\"@type\":\"BreadcrumbList\",\"@id\":\"https:\\\/\\\/racom.com.pl\\\/index.php\\\/produkt\\\/czosnek-granulowany-aromatyczny-metro-chef-duzy-worek-1-4kg-1400g\\\/#breadcrumb\",\"itemListElement\":[{\"@type\":\"ListItem\",\"position\":1,\"name\":\"Strona g\u0142\u00f3wna\",\"item\":\"https:\\\/\\\/racom.com.pl\\\/\"},{\"@type\":\"ListItem\",\"position\":2,\"name\":\"Sklep\",\"item\":\"https:\\\/\\\/racom.com.pl\\\/\"},{\"@type\":\"ListItem\",\"position\":3,\"name\":\"Czosnek Granulowany Aromatyczny METRO Chef du\u017cy worek 1.4kg 1400g\"}]},{\"@type\":\"WebSite\",\"@id\":\"https:\\\/\\\/racom.com.pl\\\/#website\",\"url\":\"https:\\\/\\\/racom.com.pl\\\/\",\"name\":\"Mix Market - Supermarket z wszystkim co potrzeba do domu i nie tylko\",\"description\":\"\",\"publisher\":{\"@id\":\"https:\\\/\\\/racom.com.pl\\\/#organization\"},\"potentialAction\":[{\"@type\":\"SearchAction\",\"target\":{\"@type\":\"EntryPoint\",\"urlTemplate\":\"https:\\\/\\\/racom.com.pl\\\/?s={search_term_string}\"},\"query-input\":{\"@type\":\"PropertyValueSpecification\",\"valueRequired\":true,\"valueName\":\"search_term_string\"}}],\"inLanguage\":\"pl-PL\"},{\"@type\":\"Organization\",\"@id\":\"https:\\\/\\\/racom.com.pl\\\/#organization\",\"name\":\"Mix Market - Supermarket z wszystkim co potrzeba do domu i nie tylko\",\"url\":\"https:\\\/\\\/racom.com.pl\\\/\",\"logo\":{\"@type\":\"ImageObject\",\"inLanguage\":\"pl-PL\",\"@id\":\"https:\\\/\\\/racom.com.pl\\\/#\\\/schema\\\/logo\\\/image\\\/\",\"url\":\"https:\\\/\\\/racom.com.pl\\\/wp-content\\\/uploads\\\/2025\\\/07\\\/mixmarket_logo.png\",\"contentUrl\":\"https:\\\/\\\/racom.com.pl\\\/wp-content\\\/uploads\\\/2025\\\/07\\\/mixmarket_logo.png\",\"width\":1024,\"height\":1024,\"caption\":\"Mix Market - Supermarket z wszystkim co potrzeba do domu i nie tylko\"},\"image\":{\"@id\":\"https:\\\/\\\/racom.com.pl\\\/#\\\/schema\\\/logo\\\/image\\\/\"}}]}<\/script>\n<!-- \/ Yoast SEO plugin. -->","yoast_head_json":{"title":"Czosnek Granulowany Aromatyczny METRO Chef du\u017cy worek 1.4kg 1400g - Mix Market - Supermarket z wszystkim co potrzeba","robots":{"index":"index","follow":"follow","max-snippet":"max-snippet:-1","max-image-preview":"max-image-preview:large","max-video-preview":"max-video-preview:-1"},"canonical":"https:\/\/racom.com.pl\/index.php\/produkt\/czosnek-granulowany-aromatyczny-metro-chef-duzy-worek-1-4kg-1400g\/","og_locale":"pl_PL","og_type":"article","og_title":"Czosnek Granulowany Aromatyczny METRO Chef du\u017cy worek 1.4kg 1400g - Mix Market - Supermarket z wszystkim co potrzeba","og_description":"Czosnek Granulowany Przyprawa 1400g Metro Chef Czosnek granulowany to niezast\u0105piona przyprawa w ka\u017cdej kuchni! Dzi\u0119ki swojej intensywnej aromatyczno\u015bci i wszechstronno\u015bci doskonale wzbogaca smak wielu potraw. Idealny do mi\u0119s, zup, sos\u00f3w, marynat oraz da\u0144 warzywnych. Wygodna forma granulatu u\u0142atwia dozowanie i przechowywanie, zapewniaj\u0105c d\u0142ugotrwa\u0142\u0105 \u015bwie\u017co\u015b\u0107 i wygod\u0119 u\u017cytkowania. Waga: 1400g Sk\u0142ad: 100% czosnek granulowany Zastosowanie: kuchnia [&hellip;]","og_url":"https:\/\/racom.com.pl\/index.php\/produkt\/czosnek-granulowany-aromatyczny-metro-chef-duzy-worek-1-4kg-1400g\/","og_site_name":"Mix Market - Supermarket z wszystkim co potrzeba","og_image":[{"width":400,"height":400,"url":"https:\/\/racom.com.pl\/wp-content\/uploads\/2025\/07\/allegro_687ba9b34f4a07.87345289_21f7f89c4ba38899f5464d8c6c39.jpg","type":"image\/jpeg"}],"twitter_card":"summary_large_image","schema":{"@context":"https:\/\/schema.org","@graph":[{"@type":"WebPage","@id":"https:\/\/racom.com.pl\/index.php\/produkt\/czosnek-granulowany-aromatyczny-metro-chef-duzy-worek-1-4kg-1400g\/","url":"https:\/\/racom.com.pl\/index.php\/produkt\/czosnek-granulowany-aromatyczny-metro-chef-duzy-worek-1-4kg-1400g\/","name":"Czosnek Granulowany Aromatyczny METRO Chef du\u017cy worek 1.4kg 1400g - Mix Market - Supermarket z wszystkim co potrzeba","isPartOf":{"@id":"https:\/\/racom.com.pl\/#website"},"primaryImageOfPage":{"@id":"https:\/\/racom.com.pl\/index.php\/produkt\/czosnek-granulowany-aromatyczny-metro-chef-duzy-worek-1-4kg-1400g\/#primaryimage"},"image":{"@id":"https:\/\/racom.com.pl\/index.php\/produkt\/czosnek-granulowany-aromatyczny-metro-chef-duzy-worek-1-4kg-1400g\/#primaryimage"},"thumbnailUrl":"https:\/\/racom.com.pl\/wp-content\/uploads\/2025\/07\/allegro_687ba9b34f4a07.87345289_21f7f89c4ba38899f5464d8c6c39.jpg","datePublished":"2025-07-19T14:19:14+00:00","breadcrumb":{"@id":"https:\/\/racom.com.pl\/index.php\/produkt\/czosnek-granulowany-aromatyczny-metro-chef-duzy-worek-1-4kg-1400g\/#breadcrumb"},"inLanguage":"pl-PL","potentialAction":[{"@type":"ReadAction","target":["https:\/\/racom.com.pl\/index.php\/produkt\/czosnek-granulowany-aromatyczny-metro-chef-duzy-worek-1-4kg-1400g\/"]}]},{"@type":"ImageObject","inLanguage":"pl-PL","@id":"https:\/\/racom.com.pl\/index.php\/produkt\/czosnek-granulowany-aromatyczny-metro-chef-duzy-worek-1-4kg-1400g\/#primaryimage","url":"https:\/\/racom.com.pl\/wp-content\/uploads\/2025\/07\/allegro_687ba9b34f4a07.87345289_21f7f89c4ba38899f5464d8c6c39.jpg","contentUrl":"https:\/\/racom.com.pl\/wp-content\/uploads\/2025\/07\/allegro_687ba9b34f4a07.87345289_21f7f89c4ba38899f5464d8c6c39.jpg","width":400,"height":400},{"@type":"BreadcrumbList","@id":"https:\/\/racom.com.pl\/index.php\/produkt\/czosnek-granulowany-aromatyczny-metro-chef-duzy-worek-1-4kg-1400g\/#breadcrumb","itemListElement":[{"@type":"ListItem","position":1,"name":"Strona g\u0142\u00f3wna","item":"https:\/\/racom.com.pl\/"},{"@type":"ListItem","position":2,"name":"Sklep","item":"https:\/\/racom.com.pl\/"},{"@type":"ListItem","position":3,"name":"Czosnek Granulowany Aromatyczny METRO Chef du\u017cy worek 1.4kg 1400g"}]},{"@type":"WebSite","@id":"https:\/\/racom.com.pl\/#website","url":"https:\/\/racom.com.pl\/","name":"Mix Market - Supermarket z wszystkim co potrzeba do domu i nie tylko","description":"","publisher":{"@id":"https:\/\/racom.com.pl\/#organization"},"potentialAction":[{"@type":"SearchAction","target":{"@type":"EntryPoint","urlTemplate":"https:\/\/racom.com.pl\/?s={search_term_string}"},"query-input":{"@type":"PropertyValueSpecification","valueRequired":true,"valueName":"search_term_string"}}],"inLanguage":"pl-PL"},{"@type":"Organization","@id":"https:\/\/racom.com.pl\/#organization","name":"Mix Market - Supermarket z wszystkim co potrzeba do domu i nie tylko","url":"https:\/\/racom.com.pl\/","logo":{"@type":"ImageObject","inLanguage":"pl-PL","@id":"https:\/\/racom.com.pl\/#\/schema\/logo\/image\/","url":"https:\/\/racom.com.pl\/wp-content\/uploads\/2025\/07\/mixmarket_logo.png","contentUrl":"https:\/\/racom.com.pl\/wp-content\/uploads\/2025\/07\/mixmarket_logo.png","width":1024,"height":1024,"caption":"Mix Market - Supermarket z wszystkim co potrzeba do domu i nie tylko"},"image":{"@id":"https:\/\/racom.com.pl\/#\/schema\/logo\/image\/"}}]}},"_links":{"self":[{"href":"https:\/\/racom.com.pl\/index.php\/wp-json\/wp\/v2\/product\/2877","targetHints":{"allow":["GET"]}}],"collection":[{"href":"https:\/\/racom.com.pl\/index.php\/wp-json\/wp\/v2\/product"}],"about":[{"href":"https:\/\/racom.com.pl\/index.php\/wp-json\/wp\/v2\/types\/product"}],"replies":[{"embeddable":true,"href":"https:\/\/racom.com.pl\/index.php\/wp-json\/wp\/v2\/comments?post=2877"}],"wp:featuredmedia":[{"embeddable":true,"href":"https:\/\/racom.com.pl\/index.php\/wp-json\/wp\/v2\/media\/2880"}],"wp:attachment":[{"href":"https:\/\/racom.com.pl\/index.php\/wp-json\/wp\/v2\/media?parent=2877"}],"wp:term":[{"taxonomy":"product_brand","embeddable":true,"href":"https:\/\/racom.com.pl\/index.php\/wp-json\/wp\/v2\/product_brand?post=2877"},{"taxonomy":"product_cat","embeddable":true,"href":"https:\/\/racom.com.pl\/index.php\/wp-json\/wp\/v2\/product_cat?post=2877"},{"taxonomy":"product_tag","embeddable":true,"href":"https:\/\/racom.com.pl\/index.php\/wp-json\/wp\/v2\/product_tag?post=2877"}],"curies":[{"name":"wp","href":"https:\/\/api.w.org\/{rel}","templated":true}]}}