{"id":2893,"date":"2025-07-19T16:49:49","date_gmt":"2025-07-19T14:49:49","guid":{"rendered":"http:\/\/192.168.2.106\/index.php\/produkt\/metro-chef-imbir-mielony-duze-opakowanie-gastro-390-g\/"},"modified":"2025-07-19T16:49:49","modified_gmt":"2025-07-19T14:49:49","slug":"metro-chef-imbir-mielony-duze-opakowanie-gastro-390-g","status":"publish","type":"product","link":"https:\/\/racom.com.pl\/index.php\/produkt\/metro-chef-imbir-mielony-duze-opakowanie-gastro-390-g\/","title":{"rendered":"METRO Chef Imbir mielony du\u017ce opakowanie gastro 390 g"},"content":{"rendered":"<h2>METRO Chef Imbir Mielony 390g<\/h2>\n<p>Imbir mielony to wszechstronna przyprawa o intensywnym, lekko pikantnym smaku i cytrusowym aromacie. Doskonale komponuje si\u0119 zar\u00f3wno z daniami s\u0142odkimi, jak i wytrawnymi. Idealny do mi\u0119s, zup, sos\u00f3w, wypiek\u00f3w, herbat oraz da\u0144 kuchni azjatyckiej. Produkt marki <b>METRO Chef<\/b> to gwarancja wysokiej jako\u015bci i d\u0142ugotrwa\u0142ej \u015bwie\u017co\u015bci.<\/p>\n<p><b>Waga:<\/b> 390g<\/p>\n<p><b>Sk\u0142ad:<\/b> 100% mielony imbir<\/p>\n<p><b>Zastosowanie:<\/b> mi\u0119sa, zupy, sosy, desery, napoje, kuchnia azjatycka<\/p>\n<p>Dodaj wyj\u0105tkowy smak i aromat swoim potrawom z imbirem mielonym METRO Chef!<\/p>\n","protected":false},"excerpt":{"rendered":"<p>METRO Chef Imbir Mielony 390g Imbir mielony to wszechstronna przyprawa o intensywnym, lekko pikantnym smaku i cytrusowym aromacie. Doskonale komponuje si\u0119 zar\u00f3wno z daniami s\u0142odkimi, jak i wytrawnymi. Idealny do mi\u0119s, zup, sos\u00f3w, wypiek\u00f3w, herbat oraz da\u0144 kuchni azjatyckiej. Produkt marki METRO Chef to gwarancja wysokiej jako\u015bci i d\u0142ugotrwa\u0142ej \u015bwie\u017co\u015bci. Waga: 390g Sk\u0142ad: 100% mielony [&hellip;]<\/p>\n","protected":false},"featured_media":2896,"comment_status":"open","ping_status":"closed","template":"","meta":[],"product_brand":[203],"product_cat":[125],"product_tag":[],"class_list":{"0":"post-2893","1":"product","2":"type-product","3":"status-publish","4":"has-post-thumbnail","6":"product_brand-makro","7":"product_cat-przyprawy-i-ziola","9":"first","10":"instock","11":"taxable","12":"shipping-taxable","13":"purchasable","14":"product-type-simple"},"yoast_head":"<!-- This site is optimized with the Yoast SEO plugin v27.3 - https:\/\/yoast.com\/product\/yoast-seo-wordpress\/ -->\n<title>METRO Chef Imbir mielony du\u017ce opakowanie gastro 390 g - Mix Market - Supermarket z wszystkim co potrzeba<\/title>\n<meta name=\"robots\" content=\"index, follow, max-snippet:-1, max-image-preview:large, max-video-preview:-1\" \/>\n<link rel=\"canonical\" href=\"https:\/\/racom.com.pl\/index.php\/produkt\/metro-chef-imbir-mielony-duze-opakowanie-gastro-390-g\/\" \/>\n<meta property=\"og:locale\" content=\"pl_PL\" \/>\n<meta property=\"og:type\" content=\"article\" \/>\n<meta property=\"og:title\" content=\"METRO Chef Imbir mielony du\u017ce opakowanie gastro 390 g - Mix Market - Supermarket z wszystkim co potrzeba\" \/>\n<meta property=\"og:description\" content=\"METRO Chef Imbir Mielony 390g Imbir mielony to wszechstronna przyprawa o intensywnym, lekko pikantnym smaku i cytrusowym aromacie. Doskonale komponuje si\u0119 zar\u00f3wno z daniami s\u0142odkimi, jak i wytrawnymi. Idealny do mi\u0119s, zup, sos\u00f3w, wypiek\u00f3w, herbat oraz da\u0144 kuchni azjatyckiej. Produkt marki METRO Chef to gwarancja wysokiej jako\u015bci i d\u0142ugotrwa\u0142ej \u015bwie\u017co\u015bci. Waga: 390g Sk\u0142ad: 100% mielony [&hellip;]\" \/>\n<meta property=\"og:url\" content=\"https:\/\/racom.com.pl\/index.php\/produkt\/metro-chef-imbir-mielony-duze-opakowanie-gastro-390-g\/\" \/>\n<meta property=\"og:site_name\" content=\"Mix Market - Supermarket z wszystkim co potrzeba\" \/>\n<meta property=\"og:image\" content=\"https:\/\/racom.com.pl\/wp-content\/uploads\/2025\/07\/allegro_687bb0e6d18ae8.39098381_76489bc744d6a7d67b0a9f317794.jpg\" \/>\n\t<meta property=\"og:image:width\" content=\"400\" \/>\n\t<meta property=\"og:image:height\" content=\"400\" \/>\n\t<meta property=\"og:image:type\" content=\"image\/jpeg\" \/>\n<meta name=\"twitter:card\" content=\"summary_large_image\" \/>\n<script type=\"application\/ld+json\" class=\"yoast-schema-graph\">{\"@context\":\"https:\\\/\\\/schema.org\",\"@graph\":[{\"@type\":\"WebPage\",\"@id\":\"https:\\\/\\\/racom.com.pl\\\/index.php\\\/produkt\\\/metro-chef-imbir-mielony-duze-opakowanie-gastro-390-g\\\/\",\"url\":\"https:\\\/\\\/racom.com.pl\\\/index.php\\\/produkt\\\/metro-chef-imbir-mielony-duze-opakowanie-gastro-390-g\\\/\",\"name\":\"METRO Chef Imbir mielony du\u017ce opakowanie gastro 390 g - Mix Market - Supermarket z wszystkim co potrzeba\",\"isPartOf\":{\"@id\":\"https:\\\/\\\/racom.com.pl\\\/#website\"},\"primaryImageOfPage\":{\"@id\":\"https:\\\/\\\/racom.com.pl\\\/index.php\\\/produkt\\\/metro-chef-imbir-mielony-duze-opakowanie-gastro-390-g\\\/#primaryimage\"},\"image\":{\"@id\":\"https:\\\/\\\/racom.com.pl\\\/index.php\\\/produkt\\\/metro-chef-imbir-mielony-duze-opakowanie-gastro-390-g\\\/#primaryimage\"},\"thumbnailUrl\":\"https:\\\/\\\/racom.com.pl\\\/wp-content\\\/uploads\\\/2025\\\/07\\\/allegro_687bb0e6d18ae8.39098381_76489bc744d6a7d67b0a9f317794.jpg\",\"datePublished\":\"2025-07-19T14:49:49+00:00\",\"breadcrumb\":{\"@id\":\"https:\\\/\\\/racom.com.pl\\\/index.php\\\/produkt\\\/metro-chef-imbir-mielony-duze-opakowanie-gastro-390-g\\\/#breadcrumb\"},\"inLanguage\":\"pl-PL\",\"potentialAction\":[{\"@type\":\"ReadAction\",\"target\":[\"https:\\\/\\\/racom.com.pl\\\/index.php\\\/produkt\\\/metro-chef-imbir-mielony-duze-opakowanie-gastro-390-g\\\/\"]}]},{\"@type\":\"ImageObject\",\"inLanguage\":\"pl-PL\",\"@id\":\"https:\\\/\\\/racom.com.pl\\\/index.php\\\/produkt\\\/metro-chef-imbir-mielony-duze-opakowanie-gastro-390-g\\\/#primaryimage\",\"url\":\"https:\\\/\\\/racom.com.pl\\\/wp-content\\\/uploads\\\/2025\\\/07\\\/allegro_687bb0e6d18ae8.39098381_76489bc744d6a7d67b0a9f317794.jpg\",\"contentUrl\":\"https:\\\/\\\/racom.com.pl\\\/wp-content\\\/uploads\\\/2025\\\/07\\\/allegro_687bb0e6d18ae8.39098381_76489bc744d6a7d67b0a9f317794.jpg\",\"width\":400,\"height\":400},{\"@type\":\"BreadcrumbList\",\"@id\":\"https:\\\/\\\/racom.com.pl\\\/index.php\\\/produkt\\\/metro-chef-imbir-mielony-duze-opakowanie-gastro-390-g\\\/#breadcrumb\",\"itemListElement\":[{\"@type\":\"ListItem\",\"position\":1,\"name\":\"Strona g\u0142\u00f3wna\",\"item\":\"https:\\\/\\\/racom.com.pl\\\/\"},{\"@type\":\"ListItem\",\"position\":2,\"name\":\"Sklep\",\"item\":\"https:\\\/\\\/racom.com.pl\\\/\"},{\"@type\":\"ListItem\",\"position\":3,\"name\":\"METRO Chef Imbir mielony du\u017ce opakowanie gastro 390 g\"}]},{\"@type\":\"WebSite\",\"@id\":\"https:\\\/\\\/racom.com.pl\\\/#website\",\"url\":\"https:\\\/\\\/racom.com.pl\\\/\",\"name\":\"Mix Market - Supermarket z wszystkim co potrzeba do domu i nie tylko\",\"description\":\"\",\"publisher\":{\"@id\":\"https:\\\/\\\/racom.com.pl\\\/#organization\"},\"potentialAction\":[{\"@type\":\"SearchAction\",\"target\":{\"@type\":\"EntryPoint\",\"urlTemplate\":\"https:\\\/\\\/racom.com.pl\\\/?s={search_term_string}\"},\"query-input\":{\"@type\":\"PropertyValueSpecification\",\"valueRequired\":true,\"valueName\":\"search_term_string\"}}],\"inLanguage\":\"pl-PL\"},{\"@type\":\"Organization\",\"@id\":\"https:\\\/\\\/racom.com.pl\\\/#organization\",\"name\":\"Mix Market - Supermarket z wszystkim co potrzeba do domu i nie tylko\",\"url\":\"https:\\\/\\\/racom.com.pl\\\/\",\"logo\":{\"@type\":\"ImageObject\",\"inLanguage\":\"pl-PL\",\"@id\":\"https:\\\/\\\/racom.com.pl\\\/#\\\/schema\\\/logo\\\/image\\\/\",\"url\":\"https:\\\/\\\/racom.com.pl\\\/wp-content\\\/uploads\\\/2025\\\/07\\\/mixmarket_logo.png\",\"contentUrl\":\"https:\\\/\\\/racom.com.pl\\\/wp-content\\\/uploads\\\/2025\\\/07\\\/mixmarket_logo.png\",\"width\":1024,\"height\":1024,\"caption\":\"Mix Market - Supermarket z wszystkim co potrzeba do domu i nie tylko\"},\"image\":{\"@id\":\"https:\\\/\\\/racom.com.pl\\\/#\\\/schema\\\/logo\\\/image\\\/\"}}]}<\/script>\n<!-- \/ Yoast SEO plugin. -->","yoast_head_json":{"title":"METRO Chef Imbir mielony du\u017ce opakowanie gastro 390 g - Mix Market - Supermarket z wszystkim co potrzeba","robots":{"index":"index","follow":"follow","max-snippet":"max-snippet:-1","max-image-preview":"max-image-preview:large","max-video-preview":"max-video-preview:-1"},"canonical":"https:\/\/racom.com.pl\/index.php\/produkt\/metro-chef-imbir-mielony-duze-opakowanie-gastro-390-g\/","og_locale":"pl_PL","og_type":"article","og_title":"METRO Chef Imbir mielony du\u017ce opakowanie gastro 390 g - Mix Market - Supermarket z wszystkim co potrzeba","og_description":"METRO Chef Imbir Mielony 390g Imbir mielony to wszechstronna przyprawa o intensywnym, lekko pikantnym smaku i cytrusowym aromacie. Doskonale komponuje si\u0119 zar\u00f3wno z daniami s\u0142odkimi, jak i wytrawnymi. Idealny do mi\u0119s, zup, sos\u00f3w, wypiek\u00f3w, herbat oraz da\u0144 kuchni azjatyckiej. Produkt marki METRO Chef to gwarancja wysokiej jako\u015bci i d\u0142ugotrwa\u0142ej \u015bwie\u017co\u015bci. Waga: 390g Sk\u0142ad: 100% mielony [&hellip;]","og_url":"https:\/\/racom.com.pl\/index.php\/produkt\/metro-chef-imbir-mielony-duze-opakowanie-gastro-390-g\/","og_site_name":"Mix Market - Supermarket z wszystkim co potrzeba","og_image":[{"width":400,"height":400,"url":"https:\/\/racom.com.pl\/wp-content\/uploads\/2025\/07\/allegro_687bb0e6d18ae8.39098381_76489bc744d6a7d67b0a9f317794.jpg","type":"image\/jpeg"}],"twitter_card":"summary_large_image","schema":{"@context":"https:\/\/schema.org","@graph":[{"@type":"WebPage","@id":"https:\/\/racom.com.pl\/index.php\/produkt\/metro-chef-imbir-mielony-duze-opakowanie-gastro-390-g\/","url":"https:\/\/racom.com.pl\/index.php\/produkt\/metro-chef-imbir-mielony-duze-opakowanie-gastro-390-g\/","name":"METRO Chef Imbir mielony du\u017ce opakowanie gastro 390 g - Mix Market - Supermarket z wszystkim co potrzeba","isPartOf":{"@id":"https:\/\/racom.com.pl\/#website"},"primaryImageOfPage":{"@id":"https:\/\/racom.com.pl\/index.php\/produkt\/metro-chef-imbir-mielony-duze-opakowanie-gastro-390-g\/#primaryimage"},"image":{"@id":"https:\/\/racom.com.pl\/index.php\/produkt\/metro-chef-imbir-mielony-duze-opakowanie-gastro-390-g\/#primaryimage"},"thumbnailUrl":"https:\/\/racom.com.pl\/wp-content\/uploads\/2025\/07\/allegro_687bb0e6d18ae8.39098381_76489bc744d6a7d67b0a9f317794.jpg","datePublished":"2025-07-19T14:49:49+00:00","breadcrumb":{"@id":"https:\/\/racom.com.pl\/index.php\/produkt\/metro-chef-imbir-mielony-duze-opakowanie-gastro-390-g\/#breadcrumb"},"inLanguage":"pl-PL","potentialAction":[{"@type":"ReadAction","target":["https:\/\/racom.com.pl\/index.php\/produkt\/metro-chef-imbir-mielony-duze-opakowanie-gastro-390-g\/"]}]},{"@type":"ImageObject","inLanguage":"pl-PL","@id":"https:\/\/racom.com.pl\/index.php\/produkt\/metro-chef-imbir-mielony-duze-opakowanie-gastro-390-g\/#primaryimage","url":"https:\/\/racom.com.pl\/wp-content\/uploads\/2025\/07\/allegro_687bb0e6d18ae8.39098381_76489bc744d6a7d67b0a9f317794.jpg","contentUrl":"https:\/\/racom.com.pl\/wp-content\/uploads\/2025\/07\/allegro_687bb0e6d18ae8.39098381_76489bc744d6a7d67b0a9f317794.jpg","width":400,"height":400},{"@type":"BreadcrumbList","@id":"https:\/\/racom.com.pl\/index.php\/produkt\/metro-chef-imbir-mielony-duze-opakowanie-gastro-390-g\/#breadcrumb","itemListElement":[{"@type":"ListItem","position":1,"name":"Strona g\u0142\u00f3wna","item":"https:\/\/racom.com.pl\/"},{"@type":"ListItem","position":2,"name":"Sklep","item":"https:\/\/racom.com.pl\/"},{"@type":"ListItem","position":3,"name":"METRO Chef Imbir mielony du\u017ce opakowanie gastro 390 g"}]},{"@type":"WebSite","@id":"https:\/\/racom.com.pl\/#website","url":"https:\/\/racom.com.pl\/","name":"Mix Market - Supermarket z wszystkim co potrzeba do domu i nie tylko","description":"","publisher":{"@id":"https:\/\/racom.com.pl\/#organization"},"potentialAction":[{"@type":"SearchAction","target":{"@type":"EntryPoint","urlTemplate":"https:\/\/racom.com.pl\/?s={search_term_string}"},"query-input":{"@type":"PropertyValueSpecification","valueRequired":true,"valueName":"search_term_string"}}],"inLanguage":"pl-PL"},{"@type":"Organization","@id":"https:\/\/racom.com.pl\/#organization","name":"Mix Market - Supermarket z wszystkim co potrzeba do domu i nie tylko","url":"https:\/\/racom.com.pl\/","logo":{"@type":"ImageObject","inLanguage":"pl-PL","@id":"https:\/\/racom.com.pl\/#\/schema\/logo\/image\/","url":"https:\/\/racom.com.pl\/wp-content\/uploads\/2025\/07\/mixmarket_logo.png","contentUrl":"https:\/\/racom.com.pl\/wp-content\/uploads\/2025\/07\/mixmarket_logo.png","width":1024,"height":1024,"caption":"Mix Market - Supermarket z wszystkim co potrzeba do domu i nie tylko"},"image":{"@id":"https:\/\/racom.com.pl\/#\/schema\/logo\/image\/"}}]}},"_links":{"self":[{"href":"https:\/\/racom.com.pl\/index.php\/wp-json\/wp\/v2\/product\/2893","targetHints":{"allow":["GET"]}}],"collection":[{"href":"https:\/\/racom.com.pl\/index.php\/wp-json\/wp\/v2\/product"}],"about":[{"href":"https:\/\/racom.com.pl\/index.php\/wp-json\/wp\/v2\/types\/product"}],"replies":[{"embeddable":true,"href":"https:\/\/racom.com.pl\/index.php\/wp-json\/wp\/v2\/comments?post=2893"}],"wp:featuredmedia":[{"embeddable":true,"href":"https:\/\/racom.com.pl\/index.php\/wp-json\/wp\/v2\/media\/2896"}],"wp:attachment":[{"href":"https:\/\/racom.com.pl\/index.php\/wp-json\/wp\/v2\/media?parent=2893"}],"wp:term":[{"taxonomy":"product_brand","embeddable":true,"href":"https:\/\/racom.com.pl\/index.php\/wp-json\/wp\/v2\/product_brand?post=2893"},{"taxonomy":"product_cat","embeddable":true,"href":"https:\/\/racom.com.pl\/index.php\/wp-json\/wp\/v2\/product_cat?post=2893"},{"taxonomy":"product_tag","embeddable":true,"href":"https:\/\/racom.com.pl\/index.php\/wp-json\/wp\/v2\/product_tag?post=2893"}],"curies":[{"name":"wp","href":"https:\/\/api.w.org\/{rel}","templated":true}]}}