{"id":2901,"date":"2025-07-19T16:52:55","date_gmt":"2025-07-19T14:52:55","guid":{"rendered":"http:\/\/192.168.2.106\/index.php\/produkt\/metro-chef-naturalna-laska-wanili-wanilia-2g-1-sztuka\/"},"modified":"2025-07-19T16:52:55","modified_gmt":"2025-07-19T14:52:55","slug":"metro-chef-naturalna-laska-wanili-wanilia-2g-1-sztuka","status":"publish","type":"product","link":"https:\/\/racom.com.pl\/index.php\/produkt\/metro-chef-naturalna-laska-wanili-wanilia-2g-1-sztuka\/","title":{"rendered":"METRO Chef naturalna Laska wanili Wanilia 2g 1-sztuka"},"content":{"rendered":"<h2>METRO Chef Laska Wanilii 2g (1 szt.)<\/h2>\n<p>Laska wanilii to naturalna i aromatyczna przyprawa, kt\u00f3ra nadaje wyj\u0105tkowy, s\u0142odki zapach i smak deserom, wypiekom oraz napojom. Doskona\u0142a do ciast, lod\u00f3w, krem\u00f3w, kawy, herbaty i likier\u00f3w. Produkt marki <b>METRO Chef<\/b> to gwarancja najwy\u017cszej jako\u015bci, intensywnego aromatu i naturalnego pochodzenia.<\/p>\n<p><b>Waga:<\/b> 2g (1 sztuka)<\/p>\n<p><b>Sk\u0142ad:<\/b> 100% laska wanilii<\/p>\n<p> <b>Zastosowanie:<\/b> desery, wypieki, napoje, lody, kremy<\/p>\n<p>Dodaj naturalny aromat wanilii do swoich ulubionych potraw z lask\u0105 wanilii METRO Chef!<\/p>\n","protected":false},"excerpt":{"rendered":"<p>METRO Chef Laska Wanilii 2g (1 szt.) Laska wanilii to naturalna i aromatyczna przyprawa, kt\u00f3ra nadaje wyj\u0105tkowy, s\u0142odki zapach i smak deserom, wypiekom oraz napojom. Doskona\u0142a do ciast, lod\u00f3w, krem\u00f3w, kawy, herbaty i likier\u00f3w. Produkt marki METRO Chef to gwarancja najwy\u017cszej jako\u015bci, intensywnego aromatu i naturalnego pochodzenia. Waga: 2g (1 sztuka) Sk\u0142ad: 100% laska wanilii [&hellip;]<\/p>\n","protected":false},"featured_media":2904,"comment_status":"open","ping_status":"closed","template":"","meta":[],"product_brand":[203],"product_cat":[125],"product_tag":[],"class_list":{"0":"post-2901","1":"product","2":"type-product","3":"status-publish","4":"has-post-thumbnail","6":"product_brand-makro","7":"product_cat-przyprawy-i-ziola","9":"first","10":"instock","11":"taxable","12":"shipping-taxable","13":"purchasable","14":"product-type-simple"},"yoast_head":"<!-- This site is optimized with the Yoast SEO plugin v27.3 - https:\/\/yoast.com\/product\/yoast-seo-wordpress\/ -->\n<title>METRO Chef naturalna Laska wanili Wanilia 2g 1-sztuka - Mix Market - Supermarket z wszystkim co potrzeba<\/title>\n<meta name=\"robots\" content=\"index, follow, max-snippet:-1, max-image-preview:large, max-video-preview:-1\" \/>\n<link rel=\"canonical\" href=\"https:\/\/racom.com.pl\/index.php\/produkt\/metro-chef-naturalna-laska-wanili-wanilia-2g-1-sztuka\/\" \/>\n<meta property=\"og:locale\" content=\"pl_PL\" \/>\n<meta property=\"og:type\" content=\"article\" \/>\n<meta property=\"og:title\" content=\"METRO Chef naturalna Laska wanili Wanilia 2g 1-sztuka - Mix Market - Supermarket z wszystkim co potrzeba\" \/>\n<meta property=\"og:description\" content=\"METRO Chef Laska Wanilii 2g (1 szt.) Laska wanilii to naturalna i aromatyczna przyprawa, kt\u00f3ra nadaje wyj\u0105tkowy, s\u0142odki zapach i smak deserom, wypiekom oraz napojom. Doskona\u0142a do ciast, lod\u00f3w, krem\u00f3w, kawy, herbaty i likier\u00f3w. Produkt marki METRO Chef to gwarancja najwy\u017cszej jako\u015bci, intensywnego aromatu i naturalnego pochodzenia. Waga: 2g (1 sztuka) Sk\u0142ad: 100% laska wanilii [&hellip;]\" \/>\n<meta property=\"og:url\" content=\"https:\/\/racom.com.pl\/index.php\/produkt\/metro-chef-naturalna-laska-wanili-wanilia-2g-1-sztuka\/\" \/>\n<meta property=\"og:site_name\" content=\"Mix Market - Supermarket z wszystkim co potrzeba\" \/>\n<meta property=\"og:image\" content=\"https:\/\/racom.com.pl\/wp-content\/uploads\/2025\/07\/allegro_687bb1918c4088.57040774_5c317e154631b2dba5fad3e56d0b.jpg\" \/>\n\t<meta property=\"og:image:width\" content=\"400\" \/>\n\t<meta property=\"og:image:height\" content=\"400\" \/>\n\t<meta property=\"og:image:type\" content=\"image\/jpeg\" \/>\n<meta name=\"twitter:card\" content=\"summary_large_image\" \/>\n<script type=\"application\/ld+json\" class=\"yoast-schema-graph\">{\"@context\":\"https:\\\/\\\/schema.org\",\"@graph\":[{\"@type\":\"WebPage\",\"@id\":\"https:\\\/\\\/racom.com.pl\\\/index.php\\\/produkt\\\/metro-chef-naturalna-laska-wanili-wanilia-2g-1-sztuka\\\/\",\"url\":\"https:\\\/\\\/racom.com.pl\\\/index.php\\\/produkt\\\/metro-chef-naturalna-laska-wanili-wanilia-2g-1-sztuka\\\/\",\"name\":\"METRO Chef naturalna Laska wanili Wanilia 2g 1-sztuka - Mix Market - Supermarket z wszystkim co potrzeba\",\"isPartOf\":{\"@id\":\"https:\\\/\\\/racom.com.pl\\\/#website\"},\"primaryImageOfPage\":{\"@id\":\"https:\\\/\\\/racom.com.pl\\\/index.php\\\/produkt\\\/metro-chef-naturalna-laska-wanili-wanilia-2g-1-sztuka\\\/#primaryimage\"},\"image\":{\"@id\":\"https:\\\/\\\/racom.com.pl\\\/index.php\\\/produkt\\\/metro-chef-naturalna-laska-wanili-wanilia-2g-1-sztuka\\\/#primaryimage\"},\"thumbnailUrl\":\"https:\\\/\\\/racom.com.pl\\\/wp-content\\\/uploads\\\/2025\\\/07\\\/allegro_687bb1918c4088.57040774_5c317e154631b2dba5fad3e56d0b.jpg\",\"datePublished\":\"2025-07-19T14:52:55+00:00\",\"breadcrumb\":{\"@id\":\"https:\\\/\\\/racom.com.pl\\\/index.php\\\/produkt\\\/metro-chef-naturalna-laska-wanili-wanilia-2g-1-sztuka\\\/#breadcrumb\"},\"inLanguage\":\"pl-PL\",\"potentialAction\":[{\"@type\":\"ReadAction\",\"target\":[\"https:\\\/\\\/racom.com.pl\\\/index.php\\\/produkt\\\/metro-chef-naturalna-laska-wanili-wanilia-2g-1-sztuka\\\/\"]}]},{\"@type\":\"ImageObject\",\"inLanguage\":\"pl-PL\",\"@id\":\"https:\\\/\\\/racom.com.pl\\\/index.php\\\/produkt\\\/metro-chef-naturalna-laska-wanili-wanilia-2g-1-sztuka\\\/#primaryimage\",\"url\":\"https:\\\/\\\/racom.com.pl\\\/wp-content\\\/uploads\\\/2025\\\/07\\\/allegro_687bb1918c4088.57040774_5c317e154631b2dba5fad3e56d0b.jpg\",\"contentUrl\":\"https:\\\/\\\/racom.com.pl\\\/wp-content\\\/uploads\\\/2025\\\/07\\\/allegro_687bb1918c4088.57040774_5c317e154631b2dba5fad3e56d0b.jpg\",\"width\":400,\"height\":400},{\"@type\":\"BreadcrumbList\",\"@id\":\"https:\\\/\\\/racom.com.pl\\\/index.php\\\/produkt\\\/metro-chef-naturalna-laska-wanili-wanilia-2g-1-sztuka\\\/#breadcrumb\",\"itemListElement\":[{\"@type\":\"ListItem\",\"position\":1,\"name\":\"Strona g\u0142\u00f3wna\",\"item\":\"https:\\\/\\\/racom.com.pl\\\/\"},{\"@type\":\"ListItem\",\"position\":2,\"name\":\"Sklep\",\"item\":\"https:\\\/\\\/racom.com.pl\\\/\"},{\"@type\":\"ListItem\",\"position\":3,\"name\":\"METRO Chef naturalna Laska wanili Wanilia 2g 1-sztuka\"}]},{\"@type\":\"WebSite\",\"@id\":\"https:\\\/\\\/racom.com.pl\\\/#website\",\"url\":\"https:\\\/\\\/racom.com.pl\\\/\",\"name\":\"Mix Market - Supermarket z wszystkim co potrzeba do domu i nie tylko\",\"description\":\"\",\"publisher\":{\"@id\":\"https:\\\/\\\/racom.com.pl\\\/#organization\"},\"potentialAction\":[{\"@type\":\"SearchAction\",\"target\":{\"@type\":\"EntryPoint\",\"urlTemplate\":\"https:\\\/\\\/racom.com.pl\\\/?s={search_term_string}\"},\"query-input\":{\"@type\":\"PropertyValueSpecification\",\"valueRequired\":true,\"valueName\":\"search_term_string\"}}],\"inLanguage\":\"pl-PL\"},{\"@type\":\"Organization\",\"@id\":\"https:\\\/\\\/racom.com.pl\\\/#organization\",\"name\":\"Mix Market - Supermarket z wszystkim co potrzeba do domu i nie tylko\",\"url\":\"https:\\\/\\\/racom.com.pl\\\/\",\"logo\":{\"@type\":\"ImageObject\",\"inLanguage\":\"pl-PL\",\"@id\":\"https:\\\/\\\/racom.com.pl\\\/#\\\/schema\\\/logo\\\/image\\\/\",\"url\":\"https:\\\/\\\/racom.com.pl\\\/wp-content\\\/uploads\\\/2025\\\/07\\\/mixmarket_logo.png\",\"contentUrl\":\"https:\\\/\\\/racom.com.pl\\\/wp-content\\\/uploads\\\/2025\\\/07\\\/mixmarket_logo.png\",\"width\":1024,\"height\":1024,\"caption\":\"Mix Market - Supermarket z wszystkim co potrzeba do domu i nie tylko\"},\"image\":{\"@id\":\"https:\\\/\\\/racom.com.pl\\\/#\\\/schema\\\/logo\\\/image\\\/\"}}]}<\/script>\n<!-- \/ Yoast SEO plugin. -->","yoast_head_json":{"title":"METRO Chef naturalna Laska wanili Wanilia 2g 1-sztuka - Mix Market - Supermarket z wszystkim co potrzeba","robots":{"index":"index","follow":"follow","max-snippet":"max-snippet:-1","max-image-preview":"max-image-preview:large","max-video-preview":"max-video-preview:-1"},"canonical":"https:\/\/racom.com.pl\/index.php\/produkt\/metro-chef-naturalna-laska-wanili-wanilia-2g-1-sztuka\/","og_locale":"pl_PL","og_type":"article","og_title":"METRO Chef naturalna Laska wanili Wanilia 2g 1-sztuka - Mix Market - Supermarket z wszystkim co potrzeba","og_description":"METRO Chef Laska Wanilii 2g (1 szt.) Laska wanilii to naturalna i aromatyczna przyprawa, kt\u00f3ra nadaje wyj\u0105tkowy, s\u0142odki zapach i smak deserom, wypiekom oraz napojom. Doskona\u0142a do ciast, lod\u00f3w, krem\u00f3w, kawy, herbaty i likier\u00f3w. Produkt marki METRO Chef to gwarancja najwy\u017cszej jako\u015bci, intensywnego aromatu i naturalnego pochodzenia. Waga: 2g (1 sztuka) Sk\u0142ad: 100% laska wanilii [&hellip;]","og_url":"https:\/\/racom.com.pl\/index.php\/produkt\/metro-chef-naturalna-laska-wanili-wanilia-2g-1-sztuka\/","og_site_name":"Mix Market - Supermarket z wszystkim co potrzeba","og_image":[{"width":400,"height":400,"url":"https:\/\/racom.com.pl\/wp-content\/uploads\/2025\/07\/allegro_687bb1918c4088.57040774_5c317e154631b2dba5fad3e56d0b.jpg","type":"image\/jpeg"}],"twitter_card":"summary_large_image","schema":{"@context":"https:\/\/schema.org","@graph":[{"@type":"WebPage","@id":"https:\/\/racom.com.pl\/index.php\/produkt\/metro-chef-naturalna-laska-wanili-wanilia-2g-1-sztuka\/","url":"https:\/\/racom.com.pl\/index.php\/produkt\/metro-chef-naturalna-laska-wanili-wanilia-2g-1-sztuka\/","name":"METRO Chef naturalna Laska wanili Wanilia 2g 1-sztuka - Mix Market - Supermarket z wszystkim co potrzeba","isPartOf":{"@id":"https:\/\/racom.com.pl\/#website"},"primaryImageOfPage":{"@id":"https:\/\/racom.com.pl\/index.php\/produkt\/metro-chef-naturalna-laska-wanili-wanilia-2g-1-sztuka\/#primaryimage"},"image":{"@id":"https:\/\/racom.com.pl\/index.php\/produkt\/metro-chef-naturalna-laska-wanili-wanilia-2g-1-sztuka\/#primaryimage"},"thumbnailUrl":"https:\/\/racom.com.pl\/wp-content\/uploads\/2025\/07\/allegro_687bb1918c4088.57040774_5c317e154631b2dba5fad3e56d0b.jpg","datePublished":"2025-07-19T14:52:55+00:00","breadcrumb":{"@id":"https:\/\/racom.com.pl\/index.php\/produkt\/metro-chef-naturalna-laska-wanili-wanilia-2g-1-sztuka\/#breadcrumb"},"inLanguage":"pl-PL","potentialAction":[{"@type":"ReadAction","target":["https:\/\/racom.com.pl\/index.php\/produkt\/metro-chef-naturalna-laska-wanili-wanilia-2g-1-sztuka\/"]}]},{"@type":"ImageObject","inLanguage":"pl-PL","@id":"https:\/\/racom.com.pl\/index.php\/produkt\/metro-chef-naturalna-laska-wanili-wanilia-2g-1-sztuka\/#primaryimage","url":"https:\/\/racom.com.pl\/wp-content\/uploads\/2025\/07\/allegro_687bb1918c4088.57040774_5c317e154631b2dba5fad3e56d0b.jpg","contentUrl":"https:\/\/racom.com.pl\/wp-content\/uploads\/2025\/07\/allegro_687bb1918c4088.57040774_5c317e154631b2dba5fad3e56d0b.jpg","width":400,"height":400},{"@type":"BreadcrumbList","@id":"https:\/\/racom.com.pl\/index.php\/produkt\/metro-chef-naturalna-laska-wanili-wanilia-2g-1-sztuka\/#breadcrumb","itemListElement":[{"@type":"ListItem","position":1,"name":"Strona g\u0142\u00f3wna","item":"https:\/\/racom.com.pl\/"},{"@type":"ListItem","position":2,"name":"Sklep","item":"https:\/\/racom.com.pl\/"},{"@type":"ListItem","position":3,"name":"METRO Chef naturalna Laska wanili Wanilia 2g 1-sztuka"}]},{"@type":"WebSite","@id":"https:\/\/racom.com.pl\/#website","url":"https:\/\/racom.com.pl\/","name":"Mix Market - Supermarket z wszystkim co potrzeba do domu i nie tylko","description":"","publisher":{"@id":"https:\/\/racom.com.pl\/#organization"},"potentialAction":[{"@type":"SearchAction","target":{"@type":"EntryPoint","urlTemplate":"https:\/\/racom.com.pl\/?s={search_term_string}"},"query-input":{"@type":"PropertyValueSpecification","valueRequired":true,"valueName":"search_term_string"}}],"inLanguage":"pl-PL"},{"@type":"Organization","@id":"https:\/\/racom.com.pl\/#organization","name":"Mix Market - Supermarket z wszystkim co potrzeba do domu i nie tylko","url":"https:\/\/racom.com.pl\/","logo":{"@type":"ImageObject","inLanguage":"pl-PL","@id":"https:\/\/racom.com.pl\/#\/schema\/logo\/image\/","url":"https:\/\/racom.com.pl\/wp-content\/uploads\/2025\/07\/mixmarket_logo.png","contentUrl":"https:\/\/racom.com.pl\/wp-content\/uploads\/2025\/07\/mixmarket_logo.png","width":1024,"height":1024,"caption":"Mix Market - Supermarket z wszystkim co potrzeba do domu i nie tylko"},"image":{"@id":"https:\/\/racom.com.pl\/#\/schema\/logo\/image\/"}}]}},"_links":{"self":[{"href":"https:\/\/racom.com.pl\/index.php\/wp-json\/wp\/v2\/product\/2901","targetHints":{"allow":["GET"]}}],"collection":[{"href":"https:\/\/racom.com.pl\/index.php\/wp-json\/wp\/v2\/product"}],"about":[{"href":"https:\/\/racom.com.pl\/index.php\/wp-json\/wp\/v2\/types\/product"}],"replies":[{"embeddable":true,"href":"https:\/\/racom.com.pl\/index.php\/wp-json\/wp\/v2\/comments?post=2901"}],"wp:featuredmedia":[{"embeddable":true,"href":"https:\/\/racom.com.pl\/index.php\/wp-json\/wp\/v2\/media\/2904"}],"wp:attachment":[{"href":"https:\/\/racom.com.pl\/index.php\/wp-json\/wp\/v2\/media?parent=2901"}],"wp:term":[{"taxonomy":"product_brand","embeddable":true,"href":"https:\/\/racom.com.pl\/index.php\/wp-json\/wp\/v2\/product_brand?post=2901"},{"taxonomy":"product_cat","embeddable":true,"href":"https:\/\/racom.com.pl\/index.php\/wp-json\/wp\/v2\/product_cat?post=2901"},{"taxonomy":"product_tag","embeddable":true,"href":"https:\/\/racom.com.pl\/index.php\/wp-json\/wp\/v2\/product_tag?post=2901"}],"curies":[{"name":"wp","href":"https:\/\/api.w.org\/{rel}","templated":true}]}}