{"id":2913,"date":"2025-07-19T16:57:21","date_gmt":"2025-07-19T14:57:21","guid":{"rendered":"http:\/\/192.168.2.106\/index.php\/produkt\/ciastka-amaretti-wloskie-ciasteczka-metro-chef-500-g\/"},"modified":"2025-07-19T16:57:21","modified_gmt":"2025-07-19T14:57:21","slug":"ciastka-amaretti-wloskie-ciasteczka-metro-chef-500-g","status":"publish","type":"product","link":"https:\/\/racom.com.pl\/index.php\/produkt\/ciastka-amaretti-wloskie-ciasteczka-metro-chef-500-g\/","title":{"rendered":"Ciastka Amaretti W\u0142oskie ciasteczka METRO Chef 500 g"},"content":{"rendered":"<h2>Ciastka amaretti 500 g METRO Chef<\/h2>\n<p>Delikatne i chrupi\u0105ce <b>ciastka Amaretti<\/b> marki <b>METRO Chef<\/b> to tradycyjny w\u0142oski przysmak, kt\u00f3ry zachwyca intensywnym aromatem i wyj\u0105tkowym smakiem.<\/p>\n<p><b>Sk\u0142adniki:<\/b><\/p>\n<ul>\n<li>burak cukrowy<\/li>\n<li>pestki moreli<\/li>\n<li>BIA\u0141KO JAJA<\/li>\n<li>LAKTOZA<\/li>\n<li>BIA\u0141KA MLEKA<\/li>\n<li>aromat<\/li>\n<li>Substancja spulchniaj\u0105ca (wodorow\u0119glan sodu)<\/li>\n<\/ul>\n<p><b>Zawiera:<\/b><\/p>\n<ul>\n<li>Jaja i produkty pochodne<\/li>\n<li>Mleko i produkty pochodne (w tym laktoza)<\/li>\n<\/ul>\n<p><b>Mo\u017ce zawiera\u0107:<\/b><\/p>\n<ul>\n<li>Zbo\u017ca zawieraj\u0105ce gluten (tj. Pszenica; \u017cyto; j\u0119czmie\u0144; owies; orkisz; kamut lub ich odmiany hybrydowe) i produkty pochodne<\/li>\n<li>Orzechy; tj. Migda\u0142 (Amygdalus communis L.); orzech laskowy (Corylus avellana); Orzech (Juglans regia); Nerkowiec (Anacardium occidentale); Orzech pekan (Carya illinoiesis (Wangenh.) K. Koch); Orzech brazylijski (Bertholletia excelsa); Orzechy pistacjowe (Pistacia vera); Orzechy makadamia i orzechy Queensland (Macadamia ternifolia) oraz produkty pochodne<\/li>\n<\/ul>\n<p><b>Warunki przechowywania:<\/b><\/p>\n<ul>\n<li>Przechowywa\u0107 w ch\u0142odnym; suchym miejscu z dala od bezpo\u015bredniego \u015bwiat\u0142a s\u0142onecznego<\/li>\n<\/ul>\n","protected":false},"excerpt":{"rendered":"<p>Ciastka amaretti 500 g METRO Chef Delikatne i chrupi\u0105ce ciastka Amaretti marki METRO Chef to tradycyjny w\u0142oski przysmak, kt\u00f3ry zachwyca intensywnym aromatem i wyj\u0105tkowym smakiem. Sk\u0142adniki: burak cukrowy pestki moreli BIA\u0141KO JAJA LAKTOZA BIA\u0141KA MLEKA aromat Substancja spulchniaj\u0105ca (wodorow\u0119glan sodu) Zawiera: Jaja i produkty pochodne Mleko i produkty pochodne (w tym laktoza) Mo\u017ce zawiera\u0107: Zbo\u017ca [&hellip;]<\/p>\n","protected":false},"featured_media":2916,"comment_status":"open","ping_status":"closed","template":"","meta":[],"product_brand":[202],"product_cat":[120],"product_tag":[],"class_list":{"0":"post-2913","1":"product","2":"type-product","3":"status-publish","4":"has-post-thumbnail","6":"product_brand-metro-chef","7":"product_cat-slodycze-przekaski-desery","9":"first","10":"instock","11":"taxable","12":"shipping-taxable","13":"purchasable","14":"product-type-simple"},"yoast_head":"<!-- This site is optimized with the Yoast SEO plugin v27.3 - https:\/\/yoast.com\/product\/yoast-seo-wordpress\/ -->\n<title>Ciastka Amaretti W\u0142oskie ciasteczka METRO Chef 500 g - Mix Market - Supermarket z wszystkim co potrzeba<\/title>\n<meta name=\"robots\" content=\"index, follow, max-snippet:-1, max-image-preview:large, max-video-preview:-1\" \/>\n<link rel=\"canonical\" href=\"https:\/\/racom.com.pl\/index.php\/produkt\/ciastka-amaretti-wloskie-ciasteczka-metro-chef-500-g\/\" \/>\n<meta property=\"og:locale\" content=\"pl_PL\" \/>\n<meta property=\"og:type\" content=\"article\" \/>\n<meta property=\"og:title\" content=\"Ciastka Amaretti W\u0142oskie ciasteczka METRO Chef 500 g - Mix Market - Supermarket z wszystkim co potrzeba\" \/>\n<meta property=\"og:description\" content=\"Ciastka amaretti 500 g METRO Chef Delikatne i chrupi\u0105ce ciastka Amaretti marki METRO Chef to tradycyjny w\u0142oski przysmak, kt\u00f3ry zachwyca intensywnym aromatem i wyj\u0105tkowym smakiem. Sk\u0142adniki: burak cukrowy pestki moreli BIA\u0141KO JAJA LAKTOZA BIA\u0141KA MLEKA aromat Substancja spulchniaj\u0105ca (wodorow\u0119glan sodu) Zawiera: Jaja i produkty pochodne Mleko i produkty pochodne (w tym laktoza) Mo\u017ce zawiera\u0107: Zbo\u017ca [&hellip;]\" \/>\n<meta property=\"og:url\" content=\"https:\/\/racom.com.pl\/index.php\/produkt\/ciastka-amaretti-wloskie-ciasteczka-metro-chef-500-g\/\" \/>\n<meta property=\"og:site_name\" content=\"Mix Market - Supermarket z wszystkim co potrzeba\" \/>\n<meta property=\"og:image\" content=\"https:\/\/racom.com.pl\/wp-content\/uploads\/2025\/07\/allegro_687bb295e983a4.29006874_806765474645899c555f6b5801c2.jpg\" \/>\n\t<meta property=\"og:image:width\" content=\"400\" \/>\n\t<meta property=\"og:image:height\" content=\"400\" \/>\n\t<meta property=\"og:image:type\" content=\"image\/jpeg\" \/>\n<meta name=\"twitter:card\" content=\"summary_large_image\" \/>\n<meta name=\"twitter:label1\" content=\"Szacowany czas czytania\" \/>\n\t<meta name=\"twitter:data1\" content=\"1 minuta\" \/>\n<script type=\"application\/ld+json\" class=\"yoast-schema-graph\">{\"@context\":\"https:\\\/\\\/schema.org\",\"@graph\":[{\"@type\":\"WebPage\",\"@id\":\"https:\\\/\\\/racom.com.pl\\\/index.php\\\/produkt\\\/ciastka-amaretti-wloskie-ciasteczka-metro-chef-500-g\\\/\",\"url\":\"https:\\\/\\\/racom.com.pl\\\/index.php\\\/produkt\\\/ciastka-amaretti-wloskie-ciasteczka-metro-chef-500-g\\\/\",\"name\":\"Ciastka Amaretti W\u0142oskie ciasteczka METRO Chef 500 g - Mix Market - Supermarket z wszystkim co potrzeba\",\"isPartOf\":{\"@id\":\"https:\\\/\\\/racom.com.pl\\\/#website\"},\"primaryImageOfPage\":{\"@id\":\"https:\\\/\\\/racom.com.pl\\\/index.php\\\/produkt\\\/ciastka-amaretti-wloskie-ciasteczka-metro-chef-500-g\\\/#primaryimage\"},\"image\":{\"@id\":\"https:\\\/\\\/racom.com.pl\\\/index.php\\\/produkt\\\/ciastka-amaretti-wloskie-ciasteczka-metro-chef-500-g\\\/#primaryimage\"},\"thumbnailUrl\":\"https:\\\/\\\/racom.com.pl\\\/wp-content\\\/uploads\\\/2025\\\/07\\\/allegro_687bb295e983a4.29006874_806765474645899c555f6b5801c2.jpg\",\"datePublished\":\"2025-07-19T14:57:21+00:00\",\"breadcrumb\":{\"@id\":\"https:\\\/\\\/racom.com.pl\\\/index.php\\\/produkt\\\/ciastka-amaretti-wloskie-ciasteczka-metro-chef-500-g\\\/#breadcrumb\"},\"inLanguage\":\"pl-PL\",\"potentialAction\":[{\"@type\":\"ReadAction\",\"target\":[\"https:\\\/\\\/racom.com.pl\\\/index.php\\\/produkt\\\/ciastka-amaretti-wloskie-ciasteczka-metro-chef-500-g\\\/\"]}]},{\"@type\":\"ImageObject\",\"inLanguage\":\"pl-PL\",\"@id\":\"https:\\\/\\\/racom.com.pl\\\/index.php\\\/produkt\\\/ciastka-amaretti-wloskie-ciasteczka-metro-chef-500-g\\\/#primaryimage\",\"url\":\"https:\\\/\\\/racom.com.pl\\\/wp-content\\\/uploads\\\/2025\\\/07\\\/allegro_687bb295e983a4.29006874_806765474645899c555f6b5801c2.jpg\",\"contentUrl\":\"https:\\\/\\\/racom.com.pl\\\/wp-content\\\/uploads\\\/2025\\\/07\\\/allegro_687bb295e983a4.29006874_806765474645899c555f6b5801c2.jpg\",\"width\":400,\"height\":400},{\"@type\":\"BreadcrumbList\",\"@id\":\"https:\\\/\\\/racom.com.pl\\\/index.php\\\/produkt\\\/ciastka-amaretti-wloskie-ciasteczka-metro-chef-500-g\\\/#breadcrumb\",\"itemListElement\":[{\"@type\":\"ListItem\",\"position\":1,\"name\":\"Strona g\u0142\u00f3wna\",\"item\":\"https:\\\/\\\/racom.com.pl\\\/\"},{\"@type\":\"ListItem\",\"position\":2,\"name\":\"Sklep\",\"item\":\"https:\\\/\\\/racom.com.pl\\\/\"},{\"@type\":\"ListItem\",\"position\":3,\"name\":\"Ciastka Amaretti W\u0142oskie ciasteczka METRO Chef 500 g\"}]},{\"@type\":\"WebSite\",\"@id\":\"https:\\\/\\\/racom.com.pl\\\/#website\",\"url\":\"https:\\\/\\\/racom.com.pl\\\/\",\"name\":\"Mix Market - Supermarket z wszystkim co potrzeba do domu i nie tylko\",\"description\":\"\",\"publisher\":{\"@id\":\"https:\\\/\\\/racom.com.pl\\\/#organization\"},\"potentialAction\":[{\"@type\":\"SearchAction\",\"target\":{\"@type\":\"EntryPoint\",\"urlTemplate\":\"https:\\\/\\\/racom.com.pl\\\/?s={search_term_string}\"},\"query-input\":{\"@type\":\"PropertyValueSpecification\",\"valueRequired\":true,\"valueName\":\"search_term_string\"}}],\"inLanguage\":\"pl-PL\"},{\"@type\":\"Organization\",\"@id\":\"https:\\\/\\\/racom.com.pl\\\/#organization\",\"name\":\"Mix Market - Supermarket z wszystkim co potrzeba do domu i nie tylko\",\"url\":\"https:\\\/\\\/racom.com.pl\\\/\",\"logo\":{\"@type\":\"ImageObject\",\"inLanguage\":\"pl-PL\",\"@id\":\"https:\\\/\\\/racom.com.pl\\\/#\\\/schema\\\/logo\\\/image\\\/\",\"url\":\"https:\\\/\\\/racom.com.pl\\\/wp-content\\\/uploads\\\/2025\\\/07\\\/mixmarket_logo.png\",\"contentUrl\":\"https:\\\/\\\/racom.com.pl\\\/wp-content\\\/uploads\\\/2025\\\/07\\\/mixmarket_logo.png\",\"width\":1024,\"height\":1024,\"caption\":\"Mix Market - Supermarket z wszystkim co potrzeba do domu i nie tylko\"},\"image\":{\"@id\":\"https:\\\/\\\/racom.com.pl\\\/#\\\/schema\\\/logo\\\/image\\\/\"}}]}<\/script>\n<!-- \/ Yoast SEO plugin. -->","yoast_head_json":{"title":"Ciastka Amaretti W\u0142oskie ciasteczka METRO Chef 500 g - Mix Market - Supermarket z wszystkim co potrzeba","robots":{"index":"index","follow":"follow","max-snippet":"max-snippet:-1","max-image-preview":"max-image-preview:large","max-video-preview":"max-video-preview:-1"},"canonical":"https:\/\/racom.com.pl\/index.php\/produkt\/ciastka-amaretti-wloskie-ciasteczka-metro-chef-500-g\/","og_locale":"pl_PL","og_type":"article","og_title":"Ciastka Amaretti W\u0142oskie ciasteczka METRO Chef 500 g - Mix Market - Supermarket z wszystkim co potrzeba","og_description":"Ciastka amaretti 500 g METRO Chef Delikatne i chrupi\u0105ce ciastka Amaretti marki METRO Chef to tradycyjny w\u0142oski przysmak, kt\u00f3ry zachwyca intensywnym aromatem i wyj\u0105tkowym smakiem. Sk\u0142adniki: burak cukrowy pestki moreli BIA\u0141KO JAJA LAKTOZA BIA\u0141KA MLEKA aromat Substancja spulchniaj\u0105ca (wodorow\u0119glan sodu) Zawiera: Jaja i produkty pochodne Mleko i produkty pochodne (w tym laktoza) Mo\u017ce zawiera\u0107: Zbo\u017ca [&hellip;]","og_url":"https:\/\/racom.com.pl\/index.php\/produkt\/ciastka-amaretti-wloskie-ciasteczka-metro-chef-500-g\/","og_site_name":"Mix Market - Supermarket z wszystkim co potrzeba","og_image":[{"width":400,"height":400,"url":"https:\/\/racom.com.pl\/wp-content\/uploads\/2025\/07\/allegro_687bb295e983a4.29006874_806765474645899c555f6b5801c2.jpg","type":"image\/jpeg"}],"twitter_card":"summary_large_image","twitter_misc":{"Szacowany czas czytania":"1 minuta"},"schema":{"@context":"https:\/\/schema.org","@graph":[{"@type":"WebPage","@id":"https:\/\/racom.com.pl\/index.php\/produkt\/ciastka-amaretti-wloskie-ciasteczka-metro-chef-500-g\/","url":"https:\/\/racom.com.pl\/index.php\/produkt\/ciastka-amaretti-wloskie-ciasteczka-metro-chef-500-g\/","name":"Ciastka Amaretti W\u0142oskie ciasteczka METRO Chef 500 g - Mix Market - Supermarket z wszystkim co potrzeba","isPartOf":{"@id":"https:\/\/racom.com.pl\/#website"},"primaryImageOfPage":{"@id":"https:\/\/racom.com.pl\/index.php\/produkt\/ciastka-amaretti-wloskie-ciasteczka-metro-chef-500-g\/#primaryimage"},"image":{"@id":"https:\/\/racom.com.pl\/index.php\/produkt\/ciastka-amaretti-wloskie-ciasteczka-metro-chef-500-g\/#primaryimage"},"thumbnailUrl":"https:\/\/racom.com.pl\/wp-content\/uploads\/2025\/07\/allegro_687bb295e983a4.29006874_806765474645899c555f6b5801c2.jpg","datePublished":"2025-07-19T14:57:21+00:00","breadcrumb":{"@id":"https:\/\/racom.com.pl\/index.php\/produkt\/ciastka-amaretti-wloskie-ciasteczka-metro-chef-500-g\/#breadcrumb"},"inLanguage":"pl-PL","potentialAction":[{"@type":"ReadAction","target":["https:\/\/racom.com.pl\/index.php\/produkt\/ciastka-amaretti-wloskie-ciasteczka-metro-chef-500-g\/"]}]},{"@type":"ImageObject","inLanguage":"pl-PL","@id":"https:\/\/racom.com.pl\/index.php\/produkt\/ciastka-amaretti-wloskie-ciasteczka-metro-chef-500-g\/#primaryimage","url":"https:\/\/racom.com.pl\/wp-content\/uploads\/2025\/07\/allegro_687bb295e983a4.29006874_806765474645899c555f6b5801c2.jpg","contentUrl":"https:\/\/racom.com.pl\/wp-content\/uploads\/2025\/07\/allegro_687bb295e983a4.29006874_806765474645899c555f6b5801c2.jpg","width":400,"height":400},{"@type":"BreadcrumbList","@id":"https:\/\/racom.com.pl\/index.php\/produkt\/ciastka-amaretti-wloskie-ciasteczka-metro-chef-500-g\/#breadcrumb","itemListElement":[{"@type":"ListItem","position":1,"name":"Strona g\u0142\u00f3wna","item":"https:\/\/racom.com.pl\/"},{"@type":"ListItem","position":2,"name":"Sklep","item":"https:\/\/racom.com.pl\/"},{"@type":"ListItem","position":3,"name":"Ciastka Amaretti W\u0142oskie ciasteczka METRO Chef 500 g"}]},{"@type":"WebSite","@id":"https:\/\/racom.com.pl\/#website","url":"https:\/\/racom.com.pl\/","name":"Mix Market - Supermarket z wszystkim co potrzeba do domu i nie tylko","description":"","publisher":{"@id":"https:\/\/racom.com.pl\/#organization"},"potentialAction":[{"@type":"SearchAction","target":{"@type":"EntryPoint","urlTemplate":"https:\/\/racom.com.pl\/?s={search_term_string}"},"query-input":{"@type":"PropertyValueSpecification","valueRequired":true,"valueName":"search_term_string"}}],"inLanguage":"pl-PL"},{"@type":"Organization","@id":"https:\/\/racom.com.pl\/#organization","name":"Mix Market - Supermarket z wszystkim co potrzeba do domu i nie tylko","url":"https:\/\/racom.com.pl\/","logo":{"@type":"ImageObject","inLanguage":"pl-PL","@id":"https:\/\/racom.com.pl\/#\/schema\/logo\/image\/","url":"https:\/\/racom.com.pl\/wp-content\/uploads\/2025\/07\/mixmarket_logo.png","contentUrl":"https:\/\/racom.com.pl\/wp-content\/uploads\/2025\/07\/mixmarket_logo.png","width":1024,"height":1024,"caption":"Mix Market - Supermarket z wszystkim co potrzeba do domu i nie tylko"},"image":{"@id":"https:\/\/racom.com.pl\/#\/schema\/logo\/image\/"}}]}},"_links":{"self":[{"href":"https:\/\/racom.com.pl\/index.php\/wp-json\/wp\/v2\/product\/2913","targetHints":{"allow":["GET"]}}],"collection":[{"href":"https:\/\/racom.com.pl\/index.php\/wp-json\/wp\/v2\/product"}],"about":[{"href":"https:\/\/racom.com.pl\/index.php\/wp-json\/wp\/v2\/types\/product"}],"replies":[{"embeddable":true,"href":"https:\/\/racom.com.pl\/index.php\/wp-json\/wp\/v2\/comments?post=2913"}],"wp:featuredmedia":[{"embeddable":true,"href":"https:\/\/racom.com.pl\/index.php\/wp-json\/wp\/v2\/media\/2916"}],"wp:attachment":[{"href":"https:\/\/racom.com.pl\/index.php\/wp-json\/wp\/v2\/media?parent=2913"}],"wp:term":[{"taxonomy":"product_brand","embeddable":true,"href":"https:\/\/racom.com.pl\/index.php\/wp-json\/wp\/v2\/product_brand?post=2913"},{"taxonomy":"product_cat","embeddable":true,"href":"https:\/\/racom.com.pl\/index.php\/wp-json\/wp\/v2\/product_cat?post=2913"},{"taxonomy":"product_tag","embeddable":true,"href":"https:\/\/racom.com.pl\/index.php\/wp-json\/wp\/v2\/product_tag?post=2913"}],"curies":[{"name":"wp","href":"https:\/\/api.w.org\/{rel}","templated":true}]}}