{"id":2924,"date":"2025-07-19T17:02:24","date_gmt":"2025-07-19T15:02:24","guid":{"rendered":"http:\/\/192.168.2.106\/index.php\/produkt\/lisc-laurowy-caly-suszony-sloik-pet-makro-chef-40-g\/"},"modified":"2025-07-19T17:02:24","modified_gmt":"2025-07-19T15:02:24","slug":"lisc-laurowy-caly-suszony-sloik-pet-makro-chef-40-g","status":"publish","type":"product","link":"https:\/\/racom.com.pl\/index.php\/produkt\/lisc-laurowy-caly-suszony-sloik-pet-makro-chef-40-g\/","title":{"rendered":"Li\u015b\u0107 Laurowy ca\u0142y suszony S\u0142oik PET MAKRO Chef 40 g"},"content":{"rendered":"<h2>Li\u015b\u0107 Laurowy 40 g \u2013 Aromatyczna Przyprawa<\/h2>\n<p><b>Li\u015b\u0107 laurowy<\/b> to suszona przyprawa pochodz\u0105ca z li\u015bci drzewa laurowego, charakteryzuj\u0105ca si\u0119 <b>intensywnym, zio\u0142owym aromatem<\/b> i delikatnie gorzkim posmakiem. Jest niezast\u0105pionym dodatkiem do <b>zup, sos\u00f3w, mi\u0119s, ryb, marynat oraz da\u0144 warzywnych<\/b>, nadaj\u0105c im g\u0142\u0119bi i wyj\u0105tkowego aromatu.<\/p>\n<p><b>Cechy produktu:<\/b><\/p>\n<p>\u2714 Intensywny aromat i bogaty smak<\/p>\n<p>\u2714 Doskona\u0142y do gotowania i marynowania<\/p>\n<p>\u2714 Wydajne opakowanie 40 g \u2013 starcza na d\u0142ugi czas<\/p>\n<p><b>Spos\u00f3b u\u017cycia:<\/b><\/p>\n<p>Dodaj 1\u20132 li\u015bcie do gotuj\u0105cych si\u0119 potraw, a przed podaniem usu\u0144 je, aby unikn\u0105\u0107 gorzkiego posmaku. <b>U\u017cywaj z umiarem<\/b>, by nie przyt\u0142oczy\u0107 innych sk\u0142adnik\u00f3w.<\/p>\n<p>Przechowywa\u0107 w <b>suchym i ch\u0142odnym miejscu<\/b>, z dala od wilgoci, by zachowa\u0107 \u015bwie\u017co\u015b\u0107 i pe\u0142ni\u0119 aromatu.<\/p>\n<p>4o<\/p>\n<p><b>Obecno\u015b\u0107 alergenu<\/b><\/p>\n<p><b>Mo\u017ce zawiera\u0107<\/b><\/p>\n<p>Zbo\u017ca zawieraj\u0105ce gluten (tj. Pszenica; \u017cyto; j\u0119czmie\u0144; owies; orkisz; kamut lub ich odmiany hybrydowe) i produkty pochodne<\/p>\n<p>Jaja i produkty pochodne<\/p>\n<p>Soja i produkty pochodne<\/p>\n<p>Mleko i produkty pochodne (w tym laktoza)<\/p>\n<p>Seler i produkty pochodne<\/p>\n<p>Gorczyca i produkty pochodne<\/p>\n<p>Nasiona sezamu i produkty pochodne<\/p>\n<p><b>Warto\u015b\u0107 od\u017cywcza:<\/b><\/p>\n<ul>\n<li>100g, Porcja, RWS<\/li>\n<\/ul>\n<p><b>Warto\u015b\u0107 energetyczna:<\/b><\/p>\n<ul>\n<li>1473 kJ, 0 kJ, 18 %<\/li>\n<li>352 kcal, 0 kcal, 18 %<\/li>\n<\/ul>\n<p><b>T\u0142uszcz:<\/b><\/p>\n<ul>\n<li>8.4 g, g, 12 %<\/li>\n<\/ul>\n<p><b>Kwasy t\u0142uszczowe nasycone:<\/b><\/p>\n<ul>\n<li>2.3 g, g, 12 %<\/li>\n<\/ul>\n<p><b>W\u0119glowodany:<\/b><\/p>\n<ul>\n<li>49 g, g, 19 %<\/li>\n<\/ul>\n<p><b>Cukry:<\/b><\/p>\n<ul>\n<li>48 g, g, 53 %<\/li>\n<\/ul>\n<p><b>Bia\u0142ko:<\/b><\/p>\n<ul>\n<li>7.6 g, g, 15 %<\/li>\n<\/ul>\n<p><b>s\u00f3d:<\/b><\/p>\n<ul>\n<li>0.02 g, g, %<\/li>\n<\/ul>\n<p><b>S\u00f3l:<\/b><\/p>\n<ul>\n<li>0.06 g, g, 1 %<\/li>\n<\/ul>\n","protected":false},"excerpt":{"rendered":"<p>Li\u015b\u0107 Laurowy 40 g \u2013 Aromatyczna Przyprawa Li\u015b\u0107 laurowy to suszona przyprawa pochodz\u0105ca z li\u015bci drzewa laurowego, charakteryzuj\u0105ca si\u0119 intensywnym, zio\u0142owym aromatem i delikatnie gorzkim posmakiem. Jest niezast\u0105pionym dodatkiem do zup, sos\u00f3w, mi\u0119s, ryb, marynat oraz da\u0144 warzywnych, nadaj\u0105c im g\u0142\u0119bi i wyj\u0105tkowego aromatu. Cechy produktu: \u2714 Intensywny aromat i bogaty smak \u2714 Doskona\u0142y do [&hellip;]<\/p>\n","protected":false},"featured_media":2927,"comment_status":"open","ping_status":"closed","template":"","meta":[],"product_brand":[202],"product_cat":[125],"product_tag":[],"class_list":{"0":"post-2924","1":"product","2":"type-product","3":"status-publish","4":"has-post-thumbnail","6":"product_brand-metro-chef","7":"product_cat-przyprawy-i-ziola","9":"first","10":"instock","11":"taxable","12":"shipping-taxable","13":"purchasable","14":"product-type-simple"},"yoast_head":"<!-- This site is optimized with the Yoast SEO plugin v27.3 - https:\/\/yoast.com\/product\/yoast-seo-wordpress\/ -->\n<title>Li\u015b\u0107 Laurowy ca\u0142y suszony S\u0142oik PET MAKRO Chef 40 g - Mix Market - Supermarket z wszystkim co potrzeba<\/title>\n<meta name=\"robots\" content=\"index, follow, max-snippet:-1, max-image-preview:large, max-video-preview:-1\" \/>\n<link rel=\"canonical\" href=\"https:\/\/racom.com.pl\/index.php\/produkt\/lisc-laurowy-caly-suszony-sloik-pet-makro-chef-40-g\/\" \/>\n<meta property=\"og:locale\" content=\"pl_PL\" \/>\n<meta property=\"og:type\" content=\"article\" \/>\n<meta property=\"og:title\" content=\"Li\u015b\u0107 Laurowy ca\u0142y suszony S\u0142oik PET MAKRO Chef 40 g - Mix Market - Supermarket z wszystkim co potrzeba\" \/>\n<meta property=\"og:description\" content=\"Li\u015b\u0107 Laurowy 40 g \u2013 Aromatyczna Przyprawa Li\u015b\u0107 laurowy to suszona przyprawa pochodz\u0105ca z li\u015bci drzewa laurowego, charakteryzuj\u0105ca si\u0119 intensywnym, zio\u0142owym aromatem i delikatnie gorzkim posmakiem. Jest niezast\u0105pionym dodatkiem do zup, sos\u00f3w, mi\u0119s, ryb, marynat oraz da\u0144 warzywnych, nadaj\u0105c im g\u0142\u0119bi i wyj\u0105tkowego aromatu. Cechy produktu: \u2714 Intensywny aromat i bogaty smak \u2714 Doskona\u0142y do [&hellip;]\" \/>\n<meta property=\"og:url\" content=\"https:\/\/racom.com.pl\/index.php\/produkt\/lisc-laurowy-caly-suszony-sloik-pet-makro-chef-40-g\/\" \/>\n<meta property=\"og:site_name\" content=\"Mix Market - Supermarket z wszystkim co potrzeba\" \/>\n<meta property=\"og:image\" content=\"https:\/\/racom.com.pl\/wp-content\/uploads\/2025\/07\/allegro_687bb3ce237a52.63040483_d1609a504aef8877d7548a5f9d4a.jpg\" \/>\n\t<meta property=\"og:image:width\" content=\"400\" \/>\n\t<meta property=\"og:image:height\" content=\"400\" \/>\n\t<meta property=\"og:image:type\" content=\"image\/jpeg\" \/>\n<meta name=\"twitter:card\" content=\"summary_large_image\" \/>\n<meta name=\"twitter:label1\" content=\"Szacowany czas czytania\" \/>\n\t<meta name=\"twitter:data1\" content=\"1 minuta\" \/>\n<script type=\"application\/ld+json\" class=\"yoast-schema-graph\">{\"@context\":\"https:\\\/\\\/schema.org\",\"@graph\":[{\"@type\":\"WebPage\",\"@id\":\"https:\\\/\\\/racom.com.pl\\\/index.php\\\/produkt\\\/lisc-laurowy-caly-suszony-sloik-pet-makro-chef-40-g\\\/\",\"url\":\"https:\\\/\\\/racom.com.pl\\\/index.php\\\/produkt\\\/lisc-laurowy-caly-suszony-sloik-pet-makro-chef-40-g\\\/\",\"name\":\"Li\u015b\u0107 Laurowy ca\u0142y suszony S\u0142oik PET MAKRO Chef 40 g - Mix Market - Supermarket z wszystkim co potrzeba\",\"isPartOf\":{\"@id\":\"https:\\\/\\\/racom.com.pl\\\/#website\"},\"primaryImageOfPage\":{\"@id\":\"https:\\\/\\\/racom.com.pl\\\/index.php\\\/produkt\\\/lisc-laurowy-caly-suszony-sloik-pet-makro-chef-40-g\\\/#primaryimage\"},\"image\":{\"@id\":\"https:\\\/\\\/racom.com.pl\\\/index.php\\\/produkt\\\/lisc-laurowy-caly-suszony-sloik-pet-makro-chef-40-g\\\/#primaryimage\"},\"thumbnailUrl\":\"https:\\\/\\\/racom.com.pl\\\/wp-content\\\/uploads\\\/2025\\\/07\\\/allegro_687bb3ce237a52.63040483_d1609a504aef8877d7548a5f9d4a.jpg\",\"datePublished\":\"2025-07-19T15:02:24+00:00\",\"breadcrumb\":{\"@id\":\"https:\\\/\\\/racom.com.pl\\\/index.php\\\/produkt\\\/lisc-laurowy-caly-suszony-sloik-pet-makro-chef-40-g\\\/#breadcrumb\"},\"inLanguage\":\"pl-PL\",\"potentialAction\":[{\"@type\":\"ReadAction\",\"target\":[\"https:\\\/\\\/racom.com.pl\\\/index.php\\\/produkt\\\/lisc-laurowy-caly-suszony-sloik-pet-makro-chef-40-g\\\/\"]}]},{\"@type\":\"ImageObject\",\"inLanguage\":\"pl-PL\",\"@id\":\"https:\\\/\\\/racom.com.pl\\\/index.php\\\/produkt\\\/lisc-laurowy-caly-suszony-sloik-pet-makro-chef-40-g\\\/#primaryimage\",\"url\":\"https:\\\/\\\/racom.com.pl\\\/wp-content\\\/uploads\\\/2025\\\/07\\\/allegro_687bb3ce237a52.63040483_d1609a504aef8877d7548a5f9d4a.jpg\",\"contentUrl\":\"https:\\\/\\\/racom.com.pl\\\/wp-content\\\/uploads\\\/2025\\\/07\\\/allegro_687bb3ce237a52.63040483_d1609a504aef8877d7548a5f9d4a.jpg\",\"width\":400,\"height\":400},{\"@type\":\"BreadcrumbList\",\"@id\":\"https:\\\/\\\/racom.com.pl\\\/index.php\\\/produkt\\\/lisc-laurowy-caly-suszony-sloik-pet-makro-chef-40-g\\\/#breadcrumb\",\"itemListElement\":[{\"@type\":\"ListItem\",\"position\":1,\"name\":\"Strona g\u0142\u00f3wna\",\"item\":\"https:\\\/\\\/racom.com.pl\\\/\"},{\"@type\":\"ListItem\",\"position\":2,\"name\":\"Sklep\",\"item\":\"https:\\\/\\\/racom.com.pl\\\/\"},{\"@type\":\"ListItem\",\"position\":3,\"name\":\"Li\u015b\u0107 Laurowy ca\u0142y suszony S\u0142oik PET MAKRO Chef 40 g\"}]},{\"@type\":\"WebSite\",\"@id\":\"https:\\\/\\\/racom.com.pl\\\/#website\",\"url\":\"https:\\\/\\\/racom.com.pl\\\/\",\"name\":\"Mix Market - Supermarket z wszystkim co potrzeba do domu i nie tylko\",\"description\":\"\",\"publisher\":{\"@id\":\"https:\\\/\\\/racom.com.pl\\\/#organization\"},\"potentialAction\":[{\"@type\":\"SearchAction\",\"target\":{\"@type\":\"EntryPoint\",\"urlTemplate\":\"https:\\\/\\\/racom.com.pl\\\/?s={search_term_string}\"},\"query-input\":{\"@type\":\"PropertyValueSpecification\",\"valueRequired\":true,\"valueName\":\"search_term_string\"}}],\"inLanguage\":\"pl-PL\"},{\"@type\":\"Organization\",\"@id\":\"https:\\\/\\\/racom.com.pl\\\/#organization\",\"name\":\"Mix Market - Supermarket z wszystkim co potrzeba do domu i nie tylko\",\"url\":\"https:\\\/\\\/racom.com.pl\\\/\",\"logo\":{\"@type\":\"ImageObject\",\"inLanguage\":\"pl-PL\",\"@id\":\"https:\\\/\\\/racom.com.pl\\\/#\\\/schema\\\/logo\\\/image\\\/\",\"url\":\"https:\\\/\\\/racom.com.pl\\\/wp-content\\\/uploads\\\/2025\\\/07\\\/mixmarket_logo.png\",\"contentUrl\":\"https:\\\/\\\/racom.com.pl\\\/wp-content\\\/uploads\\\/2025\\\/07\\\/mixmarket_logo.png\",\"width\":1024,\"height\":1024,\"caption\":\"Mix Market - Supermarket z wszystkim co potrzeba do domu i nie tylko\"},\"image\":{\"@id\":\"https:\\\/\\\/racom.com.pl\\\/#\\\/schema\\\/logo\\\/image\\\/\"}}]}<\/script>\n<!-- \/ Yoast SEO plugin. -->","yoast_head_json":{"title":"Li\u015b\u0107 Laurowy ca\u0142y suszony S\u0142oik PET MAKRO Chef 40 g - Mix Market - Supermarket z wszystkim co potrzeba","robots":{"index":"index","follow":"follow","max-snippet":"max-snippet:-1","max-image-preview":"max-image-preview:large","max-video-preview":"max-video-preview:-1"},"canonical":"https:\/\/racom.com.pl\/index.php\/produkt\/lisc-laurowy-caly-suszony-sloik-pet-makro-chef-40-g\/","og_locale":"pl_PL","og_type":"article","og_title":"Li\u015b\u0107 Laurowy ca\u0142y suszony S\u0142oik PET MAKRO Chef 40 g - Mix Market - Supermarket z wszystkim co potrzeba","og_description":"Li\u015b\u0107 Laurowy 40 g \u2013 Aromatyczna Przyprawa Li\u015b\u0107 laurowy to suszona przyprawa pochodz\u0105ca z li\u015bci drzewa laurowego, charakteryzuj\u0105ca si\u0119 intensywnym, zio\u0142owym aromatem i delikatnie gorzkim posmakiem. Jest niezast\u0105pionym dodatkiem do zup, sos\u00f3w, mi\u0119s, ryb, marynat oraz da\u0144 warzywnych, nadaj\u0105c im g\u0142\u0119bi i wyj\u0105tkowego aromatu. Cechy produktu: \u2714 Intensywny aromat i bogaty smak \u2714 Doskona\u0142y do [&hellip;]","og_url":"https:\/\/racom.com.pl\/index.php\/produkt\/lisc-laurowy-caly-suszony-sloik-pet-makro-chef-40-g\/","og_site_name":"Mix Market - Supermarket z wszystkim co potrzeba","og_image":[{"width":400,"height":400,"url":"https:\/\/racom.com.pl\/wp-content\/uploads\/2025\/07\/allegro_687bb3ce237a52.63040483_d1609a504aef8877d7548a5f9d4a.jpg","type":"image\/jpeg"}],"twitter_card":"summary_large_image","twitter_misc":{"Szacowany czas czytania":"1 minuta"},"schema":{"@context":"https:\/\/schema.org","@graph":[{"@type":"WebPage","@id":"https:\/\/racom.com.pl\/index.php\/produkt\/lisc-laurowy-caly-suszony-sloik-pet-makro-chef-40-g\/","url":"https:\/\/racom.com.pl\/index.php\/produkt\/lisc-laurowy-caly-suszony-sloik-pet-makro-chef-40-g\/","name":"Li\u015b\u0107 Laurowy ca\u0142y suszony S\u0142oik PET MAKRO Chef 40 g - Mix Market - Supermarket z wszystkim co potrzeba","isPartOf":{"@id":"https:\/\/racom.com.pl\/#website"},"primaryImageOfPage":{"@id":"https:\/\/racom.com.pl\/index.php\/produkt\/lisc-laurowy-caly-suszony-sloik-pet-makro-chef-40-g\/#primaryimage"},"image":{"@id":"https:\/\/racom.com.pl\/index.php\/produkt\/lisc-laurowy-caly-suszony-sloik-pet-makro-chef-40-g\/#primaryimage"},"thumbnailUrl":"https:\/\/racom.com.pl\/wp-content\/uploads\/2025\/07\/allegro_687bb3ce237a52.63040483_d1609a504aef8877d7548a5f9d4a.jpg","datePublished":"2025-07-19T15:02:24+00:00","breadcrumb":{"@id":"https:\/\/racom.com.pl\/index.php\/produkt\/lisc-laurowy-caly-suszony-sloik-pet-makro-chef-40-g\/#breadcrumb"},"inLanguage":"pl-PL","potentialAction":[{"@type":"ReadAction","target":["https:\/\/racom.com.pl\/index.php\/produkt\/lisc-laurowy-caly-suszony-sloik-pet-makro-chef-40-g\/"]}]},{"@type":"ImageObject","inLanguage":"pl-PL","@id":"https:\/\/racom.com.pl\/index.php\/produkt\/lisc-laurowy-caly-suszony-sloik-pet-makro-chef-40-g\/#primaryimage","url":"https:\/\/racom.com.pl\/wp-content\/uploads\/2025\/07\/allegro_687bb3ce237a52.63040483_d1609a504aef8877d7548a5f9d4a.jpg","contentUrl":"https:\/\/racom.com.pl\/wp-content\/uploads\/2025\/07\/allegro_687bb3ce237a52.63040483_d1609a504aef8877d7548a5f9d4a.jpg","width":400,"height":400},{"@type":"BreadcrumbList","@id":"https:\/\/racom.com.pl\/index.php\/produkt\/lisc-laurowy-caly-suszony-sloik-pet-makro-chef-40-g\/#breadcrumb","itemListElement":[{"@type":"ListItem","position":1,"name":"Strona g\u0142\u00f3wna","item":"https:\/\/racom.com.pl\/"},{"@type":"ListItem","position":2,"name":"Sklep","item":"https:\/\/racom.com.pl\/"},{"@type":"ListItem","position":3,"name":"Li\u015b\u0107 Laurowy ca\u0142y suszony S\u0142oik PET MAKRO Chef 40 g"}]},{"@type":"WebSite","@id":"https:\/\/racom.com.pl\/#website","url":"https:\/\/racom.com.pl\/","name":"Mix Market - Supermarket z wszystkim co potrzeba do domu i nie tylko","description":"","publisher":{"@id":"https:\/\/racom.com.pl\/#organization"},"potentialAction":[{"@type":"SearchAction","target":{"@type":"EntryPoint","urlTemplate":"https:\/\/racom.com.pl\/?s={search_term_string}"},"query-input":{"@type":"PropertyValueSpecification","valueRequired":true,"valueName":"search_term_string"}}],"inLanguage":"pl-PL"},{"@type":"Organization","@id":"https:\/\/racom.com.pl\/#organization","name":"Mix Market - Supermarket z wszystkim co potrzeba do domu i nie tylko","url":"https:\/\/racom.com.pl\/","logo":{"@type":"ImageObject","inLanguage":"pl-PL","@id":"https:\/\/racom.com.pl\/#\/schema\/logo\/image\/","url":"https:\/\/racom.com.pl\/wp-content\/uploads\/2025\/07\/mixmarket_logo.png","contentUrl":"https:\/\/racom.com.pl\/wp-content\/uploads\/2025\/07\/mixmarket_logo.png","width":1024,"height":1024,"caption":"Mix Market - Supermarket z wszystkim co potrzeba do domu i nie tylko"},"image":{"@id":"https:\/\/racom.com.pl\/#\/schema\/logo\/image\/"}}]}},"_links":{"self":[{"href":"https:\/\/racom.com.pl\/index.php\/wp-json\/wp\/v2\/product\/2924","targetHints":{"allow":["GET"]}}],"collection":[{"href":"https:\/\/racom.com.pl\/index.php\/wp-json\/wp\/v2\/product"}],"about":[{"href":"https:\/\/racom.com.pl\/index.php\/wp-json\/wp\/v2\/types\/product"}],"replies":[{"embeddable":true,"href":"https:\/\/racom.com.pl\/index.php\/wp-json\/wp\/v2\/comments?post=2924"}],"wp:featuredmedia":[{"embeddable":true,"href":"https:\/\/racom.com.pl\/index.php\/wp-json\/wp\/v2\/media\/2927"}],"wp:attachment":[{"href":"https:\/\/racom.com.pl\/index.php\/wp-json\/wp\/v2\/media?parent=2924"}],"wp:term":[{"taxonomy":"product_brand","embeddable":true,"href":"https:\/\/racom.com.pl\/index.php\/wp-json\/wp\/v2\/product_brand?post=2924"},{"taxonomy":"product_cat","embeddable":true,"href":"https:\/\/racom.com.pl\/index.php\/wp-json\/wp\/v2\/product_cat?post=2924"},{"taxonomy":"product_tag","embeddable":true,"href":"https:\/\/racom.com.pl\/index.php\/wp-json\/wp\/v2\/product_tag?post=2924"}],"curies":[{"name":"wp","href":"https:\/\/api.w.org\/{rel}","templated":true}]}}