{"id":2956,"date":"2025-07-19T17:13:43","date_gmt":"2025-07-19T15:13:43","guid":{"rendered":"http:\/\/192.168.2.106\/index.php\/produkt\/syrop-barmanski-rioba-do-drinkow-brzoskwiniowy-brzoskwinia-700-ml\/"},"modified":"2025-07-19T17:13:43","modified_gmt":"2025-07-19T15:13:43","slug":"syrop-barmanski-rioba-do-drinkow-brzoskwiniowy-brzoskwinia-700-ml","status":"publish","type":"product","link":"https:\/\/racom.com.pl\/index.php\/produkt\/syrop-barmanski-rioba-do-drinkow-brzoskwiniowy-brzoskwinia-700-ml\/","title":{"rendered":"Syrop barma\u0144ski RIOBA do drink\u00f3w Brzoskwiniowy BRZOSKWINIA 700 ml"},"content":{"rendered":"<h2>Syrop Brzoskwiniowy Rioba 700 ml<\/h2>\n<p>Oryginalny francuski likier o brzoskwiniowym smaku i soczystej barwie.<\/p>\n<p>Marka Rioba zosta\u0142a stworzona z my\u015bl\u0105 o profesjonalnych kawiarniach, restauracjach oraz barach, dlatego jej produkty s\u0105 jedynie wysokiej klasy. Syropy barma\u0144skie tej destylarni to idealny sk\u0142adnik dla ka\u017cdego rodzaju drink\u00f3w i koktajli, nawet tych najbardziej wyszukanych. Stanowi\u0105 r\u00f3wnie\u017c wy\u015bmienity dodatek kawy i herbaty.<\/p>\n<h2>Produkt w\u0142a\u015bciwy dla wegan i wegetarian.<\/h2>\n<p><b>Wstrz\u0105sn\u0105\u0107 przed otwarciem.<\/b><\/p>\n<p>Sugerowana proporcja syropu do wody to 1:7.<\/p>\n<h2>Sk\u0142adniki:<\/h2>\n<ul>\n<li>P\u0142ynny cukier<\/li>\n<li>Woda<\/li>\n<li>Zag\u0119szczony sok brzoskwiniowy 1,65% (odpowiada 13,5% soku brzoskwiniowego z zag\u0119szczonego soku brzoskwiniowego)<\/li>\n<li>Zag\u0119szczony sok cytrynowy0,42% (odpowiada 3,7% soku cytrynowego z zag\u0119szczonego soku cytrynowego)<\/li>\n<li>Kwas: kwas cytrynowy<\/li>\n<li>aromaty<\/li>\n<li>Barwniki: antocyjany, kwas karminowy<\/li>\n<\/ul>\n<h2>W 100 ml produktu:<\/h2>\n<ul>\n<li>energia:&nbsp;<b>1401 kJ \/ 335 kcal<\/b><\/li>\n<li>t\u0142uszcz: <b>&lt; 0,5 g <\/b>w tym kwasy nasycone:<b> &lt; 0,1 g<\/b><\/li>\n<li>w\u0119glowodany:&nbsp;<b>82,5 g <\/b>w tym cukry:&nbsp;<b>82,1 g<\/b><\/li>\n<li>bia\u0142ko:&nbsp;<b>&lt; 0,5 g<\/b><\/li>\n<li>s\u00f3l:&nbsp;<b>0,03 g<\/b><\/li>\n<\/ul>\n<p><b>Przechowywanie:&nbsp;<\/b>Przechowywa\u0107 w suchym i ch\u0142odnym miejscu z dala od \u015bwiat\u0142a.<\/p>\n<p>Po otwarciu zu\u017cy\u0107 w ci\u0105gu 2 miesi\u0119cy.<\/p>\n","protected":false},"excerpt":{"rendered":"<p>Syrop Brzoskwiniowy Rioba 700 ml Oryginalny francuski likier o brzoskwiniowym smaku i soczystej barwie. Marka Rioba zosta\u0142a stworzona z my\u015bl\u0105 o profesjonalnych kawiarniach, restauracjach oraz barach, dlatego jej produkty s\u0105 jedynie wysokiej klasy. Syropy barma\u0144skie tej destylarni to idealny sk\u0142adnik dla ka\u017cdego rodzaju drink\u00f3w i koktajli, nawet tych najbardziej wyszukanych. Stanowi\u0105 r\u00f3wnie\u017c wy\u015bmienity dodatek kawy [&hellip;]<\/p>\n","protected":false},"featured_media":2303,"comment_status":"open","ping_status":"closed","template":"","meta":[],"product_brand":[117],"product_cat":[116],"product_tag":[],"class_list":{"0":"post-2956","1":"product","2":"type-product","3":"status-publish","4":"has-post-thumbnail","6":"product_brand-rioba","7":"product_cat-napoje-i-akcesoria","9":"first","10":"instock","11":"taxable","12":"shipping-taxable","13":"purchasable","14":"product-type-simple"},"yoast_head":"<!-- This site is optimized with the Yoast SEO plugin v27.3 - https:\/\/yoast.com\/product\/yoast-seo-wordpress\/ -->\n<title>Syrop barma\u0144ski RIOBA do drink\u00f3w Brzoskwiniowy BRZOSKWINIA 700 ml - Mix Market - Supermarket z wszystkim co potrzeba<\/title>\n<meta name=\"robots\" content=\"index, follow, max-snippet:-1, max-image-preview:large, max-video-preview:-1\" \/>\n<link rel=\"canonical\" href=\"https:\/\/racom.com.pl\/index.php\/produkt\/syrop-barmanski-rioba-do-drinkow-brzoskwiniowy-brzoskwinia-700-ml\/\" \/>\n<meta property=\"og:locale\" content=\"pl_PL\" \/>\n<meta property=\"og:type\" content=\"article\" \/>\n<meta property=\"og:title\" content=\"Syrop barma\u0144ski RIOBA do drink\u00f3w Brzoskwiniowy BRZOSKWINIA 700 ml - Mix Market - Supermarket z wszystkim co potrzeba\" \/>\n<meta property=\"og:description\" content=\"Syrop Brzoskwiniowy Rioba 700 ml Oryginalny francuski likier o brzoskwiniowym smaku i soczystej barwie. Marka Rioba zosta\u0142a stworzona z my\u015bl\u0105 o profesjonalnych kawiarniach, restauracjach oraz barach, dlatego jej produkty s\u0105 jedynie wysokiej klasy. Syropy barma\u0144skie tej destylarni to idealny sk\u0142adnik dla ka\u017cdego rodzaju drink\u00f3w i koktajli, nawet tych najbardziej wyszukanych. Stanowi\u0105 r\u00f3wnie\u017c wy\u015bmienity dodatek kawy [&hellip;]\" \/>\n<meta property=\"og:url\" content=\"https:\/\/racom.com.pl\/index.php\/produkt\/syrop-barmanski-rioba-do-drinkow-brzoskwiniowy-brzoskwinia-700-ml\/\" \/>\n<meta property=\"og:site_name\" content=\"Mix Market - Supermarket z wszystkim co potrzeba\" \/>\n<meta property=\"og:image\" content=\"https:\/\/racom.com.pl\/wp-content\/uploads\/2025\/07\/allegro_687ab0a810e126.60275561_76ec748342ca9512f372c7f1a0e9.jpg\" \/>\n\t<meta property=\"og:image:width\" content=\"450\" \/>\n\t<meta property=\"og:image:height\" content=\"300\" \/>\n\t<meta property=\"og:image:type\" content=\"image\/jpeg\" \/>\n<meta name=\"twitter:card\" content=\"summary_large_image\" \/>\n<meta name=\"twitter:label1\" content=\"Szacowany czas czytania\" \/>\n\t<meta name=\"twitter:data1\" content=\"1 minuta\" \/>\n<script type=\"application\/ld+json\" class=\"yoast-schema-graph\">{\"@context\":\"https:\\\/\\\/schema.org\",\"@graph\":[{\"@type\":\"WebPage\",\"@id\":\"https:\\\/\\\/racom.com.pl\\\/index.php\\\/produkt\\\/syrop-barmanski-rioba-do-drinkow-brzoskwiniowy-brzoskwinia-700-ml\\\/\",\"url\":\"https:\\\/\\\/racom.com.pl\\\/index.php\\\/produkt\\\/syrop-barmanski-rioba-do-drinkow-brzoskwiniowy-brzoskwinia-700-ml\\\/\",\"name\":\"Syrop barma\u0144ski RIOBA do drink\u00f3w Brzoskwiniowy BRZOSKWINIA 700 ml - Mix Market - Supermarket z wszystkim co potrzeba\",\"isPartOf\":{\"@id\":\"https:\\\/\\\/racom.com.pl\\\/#website\"},\"primaryImageOfPage\":{\"@id\":\"https:\\\/\\\/racom.com.pl\\\/index.php\\\/produkt\\\/syrop-barmanski-rioba-do-drinkow-brzoskwiniowy-brzoskwinia-700-ml\\\/#primaryimage\"},\"image\":{\"@id\":\"https:\\\/\\\/racom.com.pl\\\/index.php\\\/produkt\\\/syrop-barmanski-rioba-do-drinkow-brzoskwiniowy-brzoskwinia-700-ml\\\/#primaryimage\"},\"thumbnailUrl\":\"https:\\\/\\\/racom.com.pl\\\/wp-content\\\/uploads\\\/2025\\\/07\\\/allegro_687ab0a810e126.60275561_76ec748342ca9512f372c7f1a0e9.jpg\",\"datePublished\":\"2025-07-19T15:13:43+00:00\",\"breadcrumb\":{\"@id\":\"https:\\\/\\\/racom.com.pl\\\/index.php\\\/produkt\\\/syrop-barmanski-rioba-do-drinkow-brzoskwiniowy-brzoskwinia-700-ml\\\/#breadcrumb\"},\"inLanguage\":\"pl-PL\",\"potentialAction\":[{\"@type\":\"ReadAction\",\"target\":[\"https:\\\/\\\/racom.com.pl\\\/index.php\\\/produkt\\\/syrop-barmanski-rioba-do-drinkow-brzoskwiniowy-brzoskwinia-700-ml\\\/\"]}]},{\"@type\":\"ImageObject\",\"inLanguage\":\"pl-PL\",\"@id\":\"https:\\\/\\\/racom.com.pl\\\/index.php\\\/produkt\\\/syrop-barmanski-rioba-do-drinkow-brzoskwiniowy-brzoskwinia-700-ml\\\/#primaryimage\",\"url\":\"https:\\\/\\\/racom.com.pl\\\/wp-content\\\/uploads\\\/2025\\\/07\\\/allegro_687ab0a810e126.60275561_76ec748342ca9512f372c7f1a0e9.jpg\",\"contentUrl\":\"https:\\\/\\\/racom.com.pl\\\/wp-content\\\/uploads\\\/2025\\\/07\\\/allegro_687ab0a810e126.60275561_76ec748342ca9512f372c7f1a0e9.jpg\",\"width\":450,\"height\":300},{\"@type\":\"BreadcrumbList\",\"@id\":\"https:\\\/\\\/racom.com.pl\\\/index.php\\\/produkt\\\/syrop-barmanski-rioba-do-drinkow-brzoskwiniowy-brzoskwinia-700-ml\\\/#breadcrumb\",\"itemListElement\":[{\"@type\":\"ListItem\",\"position\":1,\"name\":\"Strona g\u0142\u00f3wna\",\"item\":\"https:\\\/\\\/racom.com.pl\\\/\"},{\"@type\":\"ListItem\",\"position\":2,\"name\":\"Sklep\",\"item\":\"https:\\\/\\\/racom.com.pl\\\/\"},{\"@type\":\"ListItem\",\"position\":3,\"name\":\"Syrop barma\u0144ski RIOBA do drink\u00f3w Brzoskwiniowy BRZOSKWINIA 700 ml\"}]},{\"@type\":\"WebSite\",\"@id\":\"https:\\\/\\\/racom.com.pl\\\/#website\",\"url\":\"https:\\\/\\\/racom.com.pl\\\/\",\"name\":\"Mix Market - Supermarket z wszystkim co potrzeba do domu i nie tylko\",\"description\":\"\",\"publisher\":{\"@id\":\"https:\\\/\\\/racom.com.pl\\\/#organization\"},\"potentialAction\":[{\"@type\":\"SearchAction\",\"target\":{\"@type\":\"EntryPoint\",\"urlTemplate\":\"https:\\\/\\\/racom.com.pl\\\/?s={search_term_string}\"},\"query-input\":{\"@type\":\"PropertyValueSpecification\",\"valueRequired\":true,\"valueName\":\"search_term_string\"}}],\"inLanguage\":\"pl-PL\"},{\"@type\":\"Organization\",\"@id\":\"https:\\\/\\\/racom.com.pl\\\/#organization\",\"name\":\"Mix Market - Supermarket z wszystkim co potrzeba do domu i nie tylko\",\"url\":\"https:\\\/\\\/racom.com.pl\\\/\",\"logo\":{\"@type\":\"ImageObject\",\"inLanguage\":\"pl-PL\",\"@id\":\"https:\\\/\\\/racom.com.pl\\\/#\\\/schema\\\/logo\\\/image\\\/\",\"url\":\"https:\\\/\\\/racom.com.pl\\\/wp-content\\\/uploads\\\/2025\\\/07\\\/mixmarket_logo.png\",\"contentUrl\":\"https:\\\/\\\/racom.com.pl\\\/wp-content\\\/uploads\\\/2025\\\/07\\\/mixmarket_logo.png\",\"width\":1024,\"height\":1024,\"caption\":\"Mix Market - Supermarket z wszystkim co potrzeba do domu i nie tylko\"},\"image\":{\"@id\":\"https:\\\/\\\/racom.com.pl\\\/#\\\/schema\\\/logo\\\/image\\\/\"}}]}<\/script>\n<!-- \/ Yoast SEO plugin. -->","yoast_head_json":{"title":"Syrop barma\u0144ski RIOBA do drink\u00f3w Brzoskwiniowy BRZOSKWINIA 700 ml - Mix Market - Supermarket z wszystkim co potrzeba","robots":{"index":"index","follow":"follow","max-snippet":"max-snippet:-1","max-image-preview":"max-image-preview:large","max-video-preview":"max-video-preview:-1"},"canonical":"https:\/\/racom.com.pl\/index.php\/produkt\/syrop-barmanski-rioba-do-drinkow-brzoskwiniowy-brzoskwinia-700-ml\/","og_locale":"pl_PL","og_type":"article","og_title":"Syrop barma\u0144ski RIOBA do drink\u00f3w Brzoskwiniowy BRZOSKWINIA 700 ml - Mix Market - Supermarket z wszystkim co potrzeba","og_description":"Syrop Brzoskwiniowy Rioba 700 ml Oryginalny francuski likier o brzoskwiniowym smaku i soczystej barwie. Marka Rioba zosta\u0142a stworzona z my\u015bl\u0105 o profesjonalnych kawiarniach, restauracjach oraz barach, dlatego jej produkty s\u0105 jedynie wysokiej klasy. Syropy barma\u0144skie tej destylarni to idealny sk\u0142adnik dla ka\u017cdego rodzaju drink\u00f3w i koktajli, nawet tych najbardziej wyszukanych. Stanowi\u0105 r\u00f3wnie\u017c wy\u015bmienity dodatek kawy [&hellip;]","og_url":"https:\/\/racom.com.pl\/index.php\/produkt\/syrop-barmanski-rioba-do-drinkow-brzoskwiniowy-brzoskwinia-700-ml\/","og_site_name":"Mix Market - Supermarket z wszystkim co potrzeba","og_image":[{"width":450,"height":300,"url":"https:\/\/racom.com.pl\/wp-content\/uploads\/2025\/07\/allegro_687ab0a810e126.60275561_76ec748342ca9512f372c7f1a0e9.jpg","type":"image\/jpeg"}],"twitter_card":"summary_large_image","twitter_misc":{"Szacowany czas czytania":"1 minuta"},"schema":{"@context":"https:\/\/schema.org","@graph":[{"@type":"WebPage","@id":"https:\/\/racom.com.pl\/index.php\/produkt\/syrop-barmanski-rioba-do-drinkow-brzoskwiniowy-brzoskwinia-700-ml\/","url":"https:\/\/racom.com.pl\/index.php\/produkt\/syrop-barmanski-rioba-do-drinkow-brzoskwiniowy-brzoskwinia-700-ml\/","name":"Syrop barma\u0144ski RIOBA do drink\u00f3w Brzoskwiniowy BRZOSKWINIA 700 ml - Mix Market - Supermarket z wszystkim co potrzeba","isPartOf":{"@id":"https:\/\/racom.com.pl\/#website"},"primaryImageOfPage":{"@id":"https:\/\/racom.com.pl\/index.php\/produkt\/syrop-barmanski-rioba-do-drinkow-brzoskwiniowy-brzoskwinia-700-ml\/#primaryimage"},"image":{"@id":"https:\/\/racom.com.pl\/index.php\/produkt\/syrop-barmanski-rioba-do-drinkow-brzoskwiniowy-brzoskwinia-700-ml\/#primaryimage"},"thumbnailUrl":"https:\/\/racom.com.pl\/wp-content\/uploads\/2025\/07\/allegro_687ab0a810e126.60275561_76ec748342ca9512f372c7f1a0e9.jpg","datePublished":"2025-07-19T15:13:43+00:00","breadcrumb":{"@id":"https:\/\/racom.com.pl\/index.php\/produkt\/syrop-barmanski-rioba-do-drinkow-brzoskwiniowy-brzoskwinia-700-ml\/#breadcrumb"},"inLanguage":"pl-PL","potentialAction":[{"@type":"ReadAction","target":["https:\/\/racom.com.pl\/index.php\/produkt\/syrop-barmanski-rioba-do-drinkow-brzoskwiniowy-brzoskwinia-700-ml\/"]}]},{"@type":"ImageObject","inLanguage":"pl-PL","@id":"https:\/\/racom.com.pl\/index.php\/produkt\/syrop-barmanski-rioba-do-drinkow-brzoskwiniowy-brzoskwinia-700-ml\/#primaryimage","url":"https:\/\/racom.com.pl\/wp-content\/uploads\/2025\/07\/allegro_687ab0a810e126.60275561_76ec748342ca9512f372c7f1a0e9.jpg","contentUrl":"https:\/\/racom.com.pl\/wp-content\/uploads\/2025\/07\/allegro_687ab0a810e126.60275561_76ec748342ca9512f372c7f1a0e9.jpg","width":450,"height":300},{"@type":"BreadcrumbList","@id":"https:\/\/racom.com.pl\/index.php\/produkt\/syrop-barmanski-rioba-do-drinkow-brzoskwiniowy-brzoskwinia-700-ml\/#breadcrumb","itemListElement":[{"@type":"ListItem","position":1,"name":"Strona g\u0142\u00f3wna","item":"https:\/\/racom.com.pl\/"},{"@type":"ListItem","position":2,"name":"Sklep","item":"https:\/\/racom.com.pl\/"},{"@type":"ListItem","position":3,"name":"Syrop barma\u0144ski RIOBA do drink\u00f3w Brzoskwiniowy BRZOSKWINIA 700 ml"}]},{"@type":"WebSite","@id":"https:\/\/racom.com.pl\/#website","url":"https:\/\/racom.com.pl\/","name":"Mix Market - Supermarket z wszystkim co potrzeba do domu i nie tylko","description":"","publisher":{"@id":"https:\/\/racom.com.pl\/#organization"},"potentialAction":[{"@type":"SearchAction","target":{"@type":"EntryPoint","urlTemplate":"https:\/\/racom.com.pl\/?s={search_term_string}"},"query-input":{"@type":"PropertyValueSpecification","valueRequired":true,"valueName":"search_term_string"}}],"inLanguage":"pl-PL"},{"@type":"Organization","@id":"https:\/\/racom.com.pl\/#organization","name":"Mix Market - Supermarket z wszystkim co potrzeba do domu i nie tylko","url":"https:\/\/racom.com.pl\/","logo":{"@type":"ImageObject","inLanguage":"pl-PL","@id":"https:\/\/racom.com.pl\/#\/schema\/logo\/image\/","url":"https:\/\/racom.com.pl\/wp-content\/uploads\/2025\/07\/mixmarket_logo.png","contentUrl":"https:\/\/racom.com.pl\/wp-content\/uploads\/2025\/07\/mixmarket_logo.png","width":1024,"height":1024,"caption":"Mix Market - Supermarket z wszystkim co potrzeba do domu i nie tylko"},"image":{"@id":"https:\/\/racom.com.pl\/#\/schema\/logo\/image\/"}}]}},"_links":{"self":[{"href":"https:\/\/racom.com.pl\/index.php\/wp-json\/wp\/v2\/product\/2956","targetHints":{"allow":["GET"]}}],"collection":[{"href":"https:\/\/racom.com.pl\/index.php\/wp-json\/wp\/v2\/product"}],"about":[{"href":"https:\/\/racom.com.pl\/index.php\/wp-json\/wp\/v2\/types\/product"}],"replies":[{"embeddable":true,"href":"https:\/\/racom.com.pl\/index.php\/wp-json\/wp\/v2\/comments?post=2956"}],"wp:featuredmedia":[{"embeddable":true,"href":"https:\/\/racom.com.pl\/index.php\/wp-json\/wp\/v2\/media\/2303"}],"wp:attachment":[{"href":"https:\/\/racom.com.pl\/index.php\/wp-json\/wp\/v2\/media?parent=2956"}],"wp:term":[{"taxonomy":"product_brand","embeddable":true,"href":"https:\/\/racom.com.pl\/index.php\/wp-json\/wp\/v2\/product_brand?post=2956"},{"taxonomy":"product_cat","embeddable":true,"href":"https:\/\/racom.com.pl\/index.php\/wp-json\/wp\/v2\/product_cat?post=2956"},{"taxonomy":"product_tag","embeddable":true,"href":"https:\/\/racom.com.pl\/index.php\/wp-json\/wp\/v2\/product_tag?post=2956"}],"curies":[{"name":"wp","href":"https:\/\/api.w.org\/{rel}","templated":true}]}}