{"id":2981,"date":"2025-07-19T17:23:31","date_gmt":"2025-07-19T15:23:31","guid":{"rendered":"http:\/\/192.168.2.106\/index.php\/produkt\/ciastka-kruche-herbatniki-karmel-do-kawy-rioba-200szt-1-2kg-2\/"},"modified":"2025-07-19T17:23:31","modified_gmt":"2025-07-19T15:23:31","slug":"ciastka-kruche-herbatniki-karmel-do-kawy-rioba-200szt-1-2kg-2","status":"publish","type":"product","link":"https:\/\/racom.com.pl\/index.php\/produkt\/ciastka-kruche-herbatniki-karmel-do-kawy-rioba-200szt-1-2kg-2\/","title":{"rendered":"Ciastka kruche Herbatniki KARMEL do kawy Rioba 200szt 1.2kg"},"content":{"rendered":"<h2>Ciastka kruche Herbatniki KARMEL do kawy Rioba 200szt 1.2kg<\/h2>\n<p>Ciasteczka Rioba karmelowe pakowane pojedynczo 1,2 kg s\u0105 idealnym wyborem dla mi\u0142o\u015bnik\u00f3w s\u0142odkich smak\u00f3w. Ka\u017cde opakowanie zawiera 1,2 kg pysznych, chrupi\u0105cych ciasteczek, kt\u00f3re zapewni\u0105 Ci niezapomniane doznania smakowe. W kartonie 200 sztuk.<\/p>\n<p>Nasze ciasteczka Rioba s\u0105 starannie przygotowane z najwy\u017cszej jako\u015bci sk\u0142adnik\u00f3w, aby zagwarantowa\u0107 Ci doskona\u0142y smak i tekstur\u0119. Karmelowy smak nadaje im wyj\u0105tkowego charakteru, kt\u00f3ry z pewno\u015bci\u0105 przypadnie do gustu zar\u00f3wno dzieciom, jak i doros\u0142ym.<\/p>\n<p>Ponadto, ciasteczka s\u0105 indywidualnie pakowane, co zapewnia ich \u015bwie\u017co\u015b\u0107 i wygod\u0119 podczas przechowywania. Mo\u017cesz zabra\u0107 je ze sob\u0105 do pracy, szko\u0142y czy na piknik, aby cieszy\u0107 si\u0119 nimi w dowolnym miejscu i czasie.<\/p>\n<p>Dzi\u0119ki temu 1,2 kg opakowaniu ciasteczek Rioba, mo\u017cesz si\u0119 delektowa\u0107 nimi przez d\u0142u\u017cszy czas lub podzieli\u0107 si\u0119 nimi z rodzin\u0105 i przyjaci\u00f3\u0142mi na r\u00f3\u017cnych okazjach. Niezale\u017cnie od tego, czy organizujesz przyj\u0119cie, czy po prostu chcesz mie\u0107 co\u015b do podjadania w domu, nasze ciasteczka b\u0119d\u0105 uzupe\u0142nieniem idealnym.<\/p>\n<p>Nie czekaj d\u0142u\u017cej i zam\u00f3w teraz nasze karmelowe ciasteczka Rioba pakowane pojedynczo w 1,2 kg opakowaniach. Spraw sobie i swoim bliskim niebia\u0144sk\u0105 uczt\u0119 smakow\u0105, kt\u00f3ra zostanie na d\u0142ugo w Waszej pami\u0119ci!<\/p>\n","protected":false},"excerpt":{"rendered":"<p>Ciastka kruche Herbatniki KARMEL do kawy Rioba 200szt 1.2kg Ciasteczka Rioba karmelowe pakowane pojedynczo 1,2 kg s\u0105 idealnym wyborem dla mi\u0142o\u015bnik\u00f3w s\u0142odkich smak\u00f3w. Ka\u017cde opakowanie zawiera 1,2 kg pysznych, chrupi\u0105cych ciasteczek, kt\u00f3re zapewni\u0105 Ci niezapomniane doznania smakowe. W kartonie 200 sztuk. Nasze ciasteczka Rioba s\u0105 starannie przygotowane z najwy\u017cszej jako\u015bci sk\u0142adnik\u00f3w, aby zagwarantowa\u0107 Ci doskona\u0142y [&hellip;]<\/p>\n","protected":false},"featured_media":2286,"comment_status":"open","ping_status":"closed","template":"","meta":[],"product_brand":[117],"product_cat":[120],"product_tag":[],"class_list":{"0":"post-2981","1":"product","2":"type-product","3":"status-publish","4":"has-post-thumbnail","6":"product_brand-rioba","7":"product_cat-slodycze-przekaski-desery","9":"first","10":"instock","11":"taxable","12":"shipping-taxable","13":"purchasable","14":"product-type-simple"},"yoast_head":"<!-- This site is optimized with the Yoast SEO plugin v27.3 - https:\/\/yoast.com\/product\/yoast-seo-wordpress\/ -->\n<title>Ciastka kruche Herbatniki KARMEL do kawy Rioba 200szt 1.2kg - Mix Market - Supermarket z wszystkim co potrzeba<\/title>\n<meta name=\"robots\" content=\"index, follow, max-snippet:-1, max-image-preview:large, max-video-preview:-1\" \/>\n<link rel=\"canonical\" href=\"https:\/\/racom.com.pl\/index.php\/produkt\/ciastka-kruche-herbatniki-karmel-do-kawy-rioba-200szt-1-2kg-2\/\" \/>\n<meta property=\"og:locale\" content=\"pl_PL\" \/>\n<meta property=\"og:type\" content=\"article\" \/>\n<meta property=\"og:title\" content=\"Ciastka kruche Herbatniki KARMEL do kawy Rioba 200szt 1.2kg - Mix Market - Supermarket z wszystkim co potrzeba\" \/>\n<meta property=\"og:description\" content=\"Ciastka kruche Herbatniki KARMEL do kawy Rioba 200szt 1.2kg Ciasteczka Rioba karmelowe pakowane pojedynczo 1,2 kg s\u0105 idealnym wyborem dla mi\u0142o\u015bnik\u00f3w s\u0142odkich smak\u00f3w. Ka\u017cde opakowanie zawiera 1,2 kg pysznych, chrupi\u0105cych ciasteczek, kt\u00f3re zapewni\u0105 Ci niezapomniane doznania smakowe. W kartonie 200 sztuk. Nasze ciasteczka Rioba s\u0105 starannie przygotowane z najwy\u017cszej jako\u015bci sk\u0142adnik\u00f3w, aby zagwarantowa\u0107 Ci doskona\u0142y [&hellip;]\" \/>\n<meta property=\"og:url\" content=\"https:\/\/racom.com.pl\/index.php\/produkt\/ciastka-kruche-herbatniki-karmel-do-kawy-rioba-200szt-1-2kg-2\/\" \/>\n<meta property=\"og:site_name\" content=\"Mix Market - Supermarket z wszystkim co potrzeba\" \/>\n<meta property=\"og:image\" content=\"https:\/\/racom.com.pl\/wp-content\/uploads\/2025\/07\/allegro_687aafdc99c7f4.11303857_42d4bb444152b1bf1d6ecccea5c5.jpg\" \/>\n\t<meta property=\"og:image:width\" content=\"400\" \/>\n\t<meta property=\"og:image:height\" content=\"400\" \/>\n\t<meta property=\"og:image:type\" content=\"image\/jpeg\" \/>\n<meta name=\"twitter:card\" content=\"summary_large_image\" \/>\n<meta name=\"twitter:label1\" content=\"Szacowany czas czytania\" \/>\n\t<meta name=\"twitter:data1\" content=\"1 minuta\" \/>\n<script type=\"application\/ld+json\" class=\"yoast-schema-graph\">{\"@context\":\"https:\\\/\\\/schema.org\",\"@graph\":[{\"@type\":\"WebPage\",\"@id\":\"https:\\\/\\\/racom.com.pl\\\/index.php\\\/produkt\\\/ciastka-kruche-herbatniki-karmel-do-kawy-rioba-200szt-1-2kg-2\\\/\",\"url\":\"https:\\\/\\\/racom.com.pl\\\/index.php\\\/produkt\\\/ciastka-kruche-herbatniki-karmel-do-kawy-rioba-200szt-1-2kg-2\\\/\",\"name\":\"Ciastka kruche Herbatniki KARMEL do kawy Rioba 200szt 1.2kg - Mix Market - Supermarket z wszystkim co potrzeba\",\"isPartOf\":{\"@id\":\"https:\\\/\\\/racom.com.pl\\\/#website\"},\"primaryImageOfPage\":{\"@id\":\"https:\\\/\\\/racom.com.pl\\\/index.php\\\/produkt\\\/ciastka-kruche-herbatniki-karmel-do-kawy-rioba-200szt-1-2kg-2\\\/#primaryimage\"},\"image\":{\"@id\":\"https:\\\/\\\/racom.com.pl\\\/index.php\\\/produkt\\\/ciastka-kruche-herbatniki-karmel-do-kawy-rioba-200szt-1-2kg-2\\\/#primaryimage\"},\"thumbnailUrl\":\"https:\\\/\\\/racom.com.pl\\\/wp-content\\\/uploads\\\/2025\\\/07\\\/allegro_687aafdc99c7f4.11303857_42d4bb444152b1bf1d6ecccea5c5.jpg\",\"datePublished\":\"2025-07-19T15:23:31+00:00\",\"breadcrumb\":{\"@id\":\"https:\\\/\\\/racom.com.pl\\\/index.php\\\/produkt\\\/ciastka-kruche-herbatniki-karmel-do-kawy-rioba-200szt-1-2kg-2\\\/#breadcrumb\"},\"inLanguage\":\"pl-PL\",\"potentialAction\":[{\"@type\":\"ReadAction\",\"target\":[\"https:\\\/\\\/racom.com.pl\\\/index.php\\\/produkt\\\/ciastka-kruche-herbatniki-karmel-do-kawy-rioba-200szt-1-2kg-2\\\/\"]}]},{\"@type\":\"ImageObject\",\"inLanguage\":\"pl-PL\",\"@id\":\"https:\\\/\\\/racom.com.pl\\\/index.php\\\/produkt\\\/ciastka-kruche-herbatniki-karmel-do-kawy-rioba-200szt-1-2kg-2\\\/#primaryimage\",\"url\":\"https:\\\/\\\/racom.com.pl\\\/wp-content\\\/uploads\\\/2025\\\/07\\\/allegro_687aafdc99c7f4.11303857_42d4bb444152b1bf1d6ecccea5c5.jpg\",\"contentUrl\":\"https:\\\/\\\/racom.com.pl\\\/wp-content\\\/uploads\\\/2025\\\/07\\\/allegro_687aafdc99c7f4.11303857_42d4bb444152b1bf1d6ecccea5c5.jpg\",\"width\":400,\"height\":400},{\"@type\":\"BreadcrumbList\",\"@id\":\"https:\\\/\\\/racom.com.pl\\\/index.php\\\/produkt\\\/ciastka-kruche-herbatniki-karmel-do-kawy-rioba-200szt-1-2kg-2\\\/#breadcrumb\",\"itemListElement\":[{\"@type\":\"ListItem\",\"position\":1,\"name\":\"Strona g\u0142\u00f3wna\",\"item\":\"https:\\\/\\\/racom.com.pl\\\/\"},{\"@type\":\"ListItem\",\"position\":2,\"name\":\"Sklep\",\"item\":\"https:\\\/\\\/racom.com.pl\\\/\"},{\"@type\":\"ListItem\",\"position\":3,\"name\":\"Ciastka kruche Herbatniki KARMEL do kawy Rioba 200szt 1.2kg\"}]},{\"@type\":\"WebSite\",\"@id\":\"https:\\\/\\\/racom.com.pl\\\/#website\",\"url\":\"https:\\\/\\\/racom.com.pl\\\/\",\"name\":\"Mix Market - Supermarket z wszystkim co potrzeba do domu i nie tylko\",\"description\":\"\",\"publisher\":{\"@id\":\"https:\\\/\\\/racom.com.pl\\\/#organization\"},\"potentialAction\":[{\"@type\":\"SearchAction\",\"target\":{\"@type\":\"EntryPoint\",\"urlTemplate\":\"https:\\\/\\\/racom.com.pl\\\/?s={search_term_string}\"},\"query-input\":{\"@type\":\"PropertyValueSpecification\",\"valueRequired\":true,\"valueName\":\"search_term_string\"}}],\"inLanguage\":\"pl-PL\"},{\"@type\":\"Organization\",\"@id\":\"https:\\\/\\\/racom.com.pl\\\/#organization\",\"name\":\"Mix Market - Supermarket z wszystkim co potrzeba do domu i nie tylko\",\"url\":\"https:\\\/\\\/racom.com.pl\\\/\",\"logo\":{\"@type\":\"ImageObject\",\"inLanguage\":\"pl-PL\",\"@id\":\"https:\\\/\\\/racom.com.pl\\\/#\\\/schema\\\/logo\\\/image\\\/\",\"url\":\"https:\\\/\\\/racom.com.pl\\\/wp-content\\\/uploads\\\/2025\\\/07\\\/mixmarket_logo.png\",\"contentUrl\":\"https:\\\/\\\/racom.com.pl\\\/wp-content\\\/uploads\\\/2025\\\/07\\\/mixmarket_logo.png\",\"width\":1024,\"height\":1024,\"caption\":\"Mix Market - Supermarket z wszystkim co potrzeba do domu i nie tylko\"},\"image\":{\"@id\":\"https:\\\/\\\/racom.com.pl\\\/#\\\/schema\\\/logo\\\/image\\\/\"}}]}<\/script>\n<!-- \/ Yoast SEO plugin. -->","yoast_head_json":{"title":"Ciastka kruche Herbatniki KARMEL do kawy Rioba 200szt 1.2kg - Mix Market - Supermarket z wszystkim co potrzeba","robots":{"index":"index","follow":"follow","max-snippet":"max-snippet:-1","max-image-preview":"max-image-preview:large","max-video-preview":"max-video-preview:-1"},"canonical":"https:\/\/racom.com.pl\/index.php\/produkt\/ciastka-kruche-herbatniki-karmel-do-kawy-rioba-200szt-1-2kg-2\/","og_locale":"pl_PL","og_type":"article","og_title":"Ciastka kruche Herbatniki KARMEL do kawy Rioba 200szt 1.2kg - Mix Market - Supermarket z wszystkim co potrzeba","og_description":"Ciastka kruche Herbatniki KARMEL do kawy Rioba 200szt 1.2kg Ciasteczka Rioba karmelowe pakowane pojedynczo 1,2 kg s\u0105 idealnym wyborem dla mi\u0142o\u015bnik\u00f3w s\u0142odkich smak\u00f3w. Ka\u017cde opakowanie zawiera 1,2 kg pysznych, chrupi\u0105cych ciasteczek, kt\u00f3re zapewni\u0105 Ci niezapomniane doznania smakowe. W kartonie 200 sztuk. Nasze ciasteczka Rioba s\u0105 starannie przygotowane z najwy\u017cszej jako\u015bci sk\u0142adnik\u00f3w, aby zagwarantowa\u0107 Ci doskona\u0142y [&hellip;]","og_url":"https:\/\/racom.com.pl\/index.php\/produkt\/ciastka-kruche-herbatniki-karmel-do-kawy-rioba-200szt-1-2kg-2\/","og_site_name":"Mix Market - Supermarket z wszystkim co potrzeba","og_image":[{"width":400,"height":400,"url":"https:\/\/racom.com.pl\/wp-content\/uploads\/2025\/07\/allegro_687aafdc99c7f4.11303857_42d4bb444152b1bf1d6ecccea5c5.jpg","type":"image\/jpeg"}],"twitter_card":"summary_large_image","twitter_misc":{"Szacowany czas czytania":"1 minuta"},"schema":{"@context":"https:\/\/schema.org","@graph":[{"@type":"WebPage","@id":"https:\/\/racom.com.pl\/index.php\/produkt\/ciastka-kruche-herbatniki-karmel-do-kawy-rioba-200szt-1-2kg-2\/","url":"https:\/\/racom.com.pl\/index.php\/produkt\/ciastka-kruche-herbatniki-karmel-do-kawy-rioba-200szt-1-2kg-2\/","name":"Ciastka kruche Herbatniki KARMEL do kawy Rioba 200szt 1.2kg - Mix Market - Supermarket z wszystkim co potrzeba","isPartOf":{"@id":"https:\/\/racom.com.pl\/#website"},"primaryImageOfPage":{"@id":"https:\/\/racom.com.pl\/index.php\/produkt\/ciastka-kruche-herbatniki-karmel-do-kawy-rioba-200szt-1-2kg-2\/#primaryimage"},"image":{"@id":"https:\/\/racom.com.pl\/index.php\/produkt\/ciastka-kruche-herbatniki-karmel-do-kawy-rioba-200szt-1-2kg-2\/#primaryimage"},"thumbnailUrl":"https:\/\/racom.com.pl\/wp-content\/uploads\/2025\/07\/allegro_687aafdc99c7f4.11303857_42d4bb444152b1bf1d6ecccea5c5.jpg","datePublished":"2025-07-19T15:23:31+00:00","breadcrumb":{"@id":"https:\/\/racom.com.pl\/index.php\/produkt\/ciastka-kruche-herbatniki-karmel-do-kawy-rioba-200szt-1-2kg-2\/#breadcrumb"},"inLanguage":"pl-PL","potentialAction":[{"@type":"ReadAction","target":["https:\/\/racom.com.pl\/index.php\/produkt\/ciastka-kruche-herbatniki-karmel-do-kawy-rioba-200szt-1-2kg-2\/"]}]},{"@type":"ImageObject","inLanguage":"pl-PL","@id":"https:\/\/racom.com.pl\/index.php\/produkt\/ciastka-kruche-herbatniki-karmel-do-kawy-rioba-200szt-1-2kg-2\/#primaryimage","url":"https:\/\/racom.com.pl\/wp-content\/uploads\/2025\/07\/allegro_687aafdc99c7f4.11303857_42d4bb444152b1bf1d6ecccea5c5.jpg","contentUrl":"https:\/\/racom.com.pl\/wp-content\/uploads\/2025\/07\/allegro_687aafdc99c7f4.11303857_42d4bb444152b1bf1d6ecccea5c5.jpg","width":400,"height":400},{"@type":"BreadcrumbList","@id":"https:\/\/racom.com.pl\/index.php\/produkt\/ciastka-kruche-herbatniki-karmel-do-kawy-rioba-200szt-1-2kg-2\/#breadcrumb","itemListElement":[{"@type":"ListItem","position":1,"name":"Strona g\u0142\u00f3wna","item":"https:\/\/racom.com.pl\/"},{"@type":"ListItem","position":2,"name":"Sklep","item":"https:\/\/racom.com.pl\/"},{"@type":"ListItem","position":3,"name":"Ciastka kruche Herbatniki KARMEL do kawy Rioba 200szt 1.2kg"}]},{"@type":"WebSite","@id":"https:\/\/racom.com.pl\/#website","url":"https:\/\/racom.com.pl\/","name":"Mix Market - Supermarket z wszystkim co potrzeba do domu i nie tylko","description":"","publisher":{"@id":"https:\/\/racom.com.pl\/#organization"},"potentialAction":[{"@type":"SearchAction","target":{"@type":"EntryPoint","urlTemplate":"https:\/\/racom.com.pl\/?s={search_term_string}"},"query-input":{"@type":"PropertyValueSpecification","valueRequired":true,"valueName":"search_term_string"}}],"inLanguage":"pl-PL"},{"@type":"Organization","@id":"https:\/\/racom.com.pl\/#organization","name":"Mix Market - Supermarket z wszystkim co potrzeba do domu i nie tylko","url":"https:\/\/racom.com.pl\/","logo":{"@type":"ImageObject","inLanguage":"pl-PL","@id":"https:\/\/racom.com.pl\/#\/schema\/logo\/image\/","url":"https:\/\/racom.com.pl\/wp-content\/uploads\/2025\/07\/mixmarket_logo.png","contentUrl":"https:\/\/racom.com.pl\/wp-content\/uploads\/2025\/07\/mixmarket_logo.png","width":1024,"height":1024,"caption":"Mix Market - Supermarket z wszystkim co potrzeba do domu i nie tylko"},"image":{"@id":"https:\/\/racom.com.pl\/#\/schema\/logo\/image\/"}}]}},"_links":{"self":[{"href":"https:\/\/racom.com.pl\/index.php\/wp-json\/wp\/v2\/product\/2981","targetHints":{"allow":["GET"]}}],"collection":[{"href":"https:\/\/racom.com.pl\/index.php\/wp-json\/wp\/v2\/product"}],"about":[{"href":"https:\/\/racom.com.pl\/index.php\/wp-json\/wp\/v2\/types\/product"}],"replies":[{"embeddable":true,"href":"https:\/\/racom.com.pl\/index.php\/wp-json\/wp\/v2\/comments?post=2981"}],"wp:featuredmedia":[{"embeddable":true,"href":"https:\/\/racom.com.pl\/index.php\/wp-json\/wp\/v2\/media\/2286"}],"wp:attachment":[{"href":"https:\/\/racom.com.pl\/index.php\/wp-json\/wp\/v2\/media?parent=2981"}],"wp:term":[{"taxonomy":"product_brand","embeddable":true,"href":"https:\/\/racom.com.pl\/index.php\/wp-json\/wp\/v2\/product_brand?post=2981"},{"taxonomy":"product_cat","embeddable":true,"href":"https:\/\/racom.com.pl\/index.php\/wp-json\/wp\/v2\/product_cat?post=2981"},{"taxonomy":"product_tag","embeddable":true,"href":"https:\/\/racom.com.pl\/index.php\/wp-json\/wp\/v2\/product_tag?post=2981"}],"curies":[{"name":"wp","href":"https:\/\/api.w.org\/{rel}","templated":true}]}}