{"id":2983,"date":"2025-07-19T17:24:40","date_gmt":"2025-07-19T15:24:40","guid":{"rendered":"http:\/\/192.168.2.106\/index.php\/produkt\/dodatki-do-karmy-dla-kota-dla-psa-fulvi-pets-krople-15-ml\/"},"modified":"2025-07-19T17:24:40","modified_gmt":"2025-07-19T15:24:40","slug":"dodatki-do-karmy-dla-kota-dla-psa-fulvi-pets-krople-15-ml","status":"publish","type":"product","link":"https:\/\/racom.com.pl\/index.php\/produkt\/dodatki-do-karmy-dla-kota-dla-psa-fulvi-pets-krople-15-ml\/","title":{"rendered":"Dodatki do karmy dla kota, dla psa Fulvi Pets krople 15 ml"},"content":{"rendered":"<h2>FULVI PETS DIGEST &#8211; 15 ml (75 dni suplementacji)<\/h2>\n<p><b>FULVI PETS &#8211; TO WI\u0118CEJ NI\u017b WITAMINY.<\/b><\/p>\n<p><b>Fulvi Pets Digest&nbsp;<\/b>to innowacyjny dodatek funkcjonalny do karmy dla ps\u00f3w i kot\u00f3w w postaci kropli stworzony przy wsp\u00f3\u0142pracy z lekarzami weterynarii, aby wspiera\u0107&nbsp;<b>prawid\u0142owe trawienie&nbsp;<\/b>i&nbsp;<b>optymalne wch\u0142anianie sk\u0142adnik\u00f3w od\u017cywczych<\/b>&nbsp;z po\u017cywienia.<\/p>\n<p>Sk\u0142adniki i ich proporcje w FULVI PETS DIGEST zosta\u0142y tak skomponowane, aby rozwi\u0105zywa\u0107 problemy trawienne zwierz\u0105t wynikaj\u0105ce z ich niedobor\u00f3w i zapobiega\u0107 ich nawrotom.<\/p>\n<p><b>W\u0142\u0105czaj\u0105c Fulvi Pets DIGEST do diety Twojego zwierzaka, zapewnisz mu cenn\u0105 pomoc w:<\/b><\/p>\n<ul>\n<li>Procesie regeneracji kom\u00f3rek.<\/li>\n<li>Regulacji proces\u00f3w trawienia.<\/li>\n<li>Walce z paso\u017cytami uk\u0142adu pokarmowego.<\/li>\n<li>Codziennym usuwaniu toksyn i metali ci\u0119\u017ckich z organizmu.<\/li>\n<li>Odbudowie prawid\u0142owej flory bakteryjnej jelit.<\/li>\n<li>Nasyceniu organizmu w niezb\u0119dne&nbsp; minera\u0142y, aminokwasy i witaminy.<\/li>\n<\/ul>\n<p><b>Dodatkowo, zagwarantuje wsparcie w leczeniu, gdy Tw\u00f3j pupil cierpi na:<\/b><\/p>\n<ul>\n<li>zesp\u00f3\u0142 z\u0142ego wch\u0142aniania,<\/li>\n<li>zaburzenia mikrobiomu jelitowego,<\/li>\n<li>wychudzenie i wyniszczenie organizmu b\u0119d\u0105cego&nbsp; skutkiem, chor\u00f3b jelit, trzustki i w\u0105troby,<\/li>\n<li>alergie pokarmowe,<\/li>\n<li>problemy wynikaj\u0105ce z brak\u00f3w od\u017cywczych<\/li>\n<\/ul>\n<p><b>FULVI PETS DIGEST jest te\u017c szczeg\u00f3lnie polecany:<\/b><\/p>\n<ul>\n<li>przy wspomaganiu proces\u00f3w trawiennych u kot\u00f3w i ps\u00f3w borykaj\u0105cych si\u0119 z problemami wynikaj\u0105cymi z np.<\/li>\n<li>podczas i po zastosowaniu antybiotykoterapii lub innego leczenia wp\u0142ywaj\u0105cego na trawienie oraz stan flory bakteryjnej przewodu pokarmowego<\/li>\n<li>dla zwierz\u0105t zestresowanych, po traumach, operacjach czy wypadkach kiedy potrzebuj\u0105 wsparcia zar\u00f3wno w funkcjonowaniu przewodu pokarmowego jak i uk\u0142adu nerwowego<\/li>\n<\/ul>\n<p><b>SK\u0141AD: kwas fulwowy, kwas foliowy, witamina B12 w formie metylokobalaminy.<\/b><\/p>\n<p>Produkt nie zawiera&nbsp; cukru, laktozy, zb\u00f3\u017c, a tak\u017ce&nbsp; wype\u0142niaczy, substancji stabilizuj\u0105cych, konserwant\u00f3w i sztucznych barwnik\u00f3w. Jest wolny od GMO, glutenu, soi, i innych alergen\u00f3w. Jest naturalny, wysoce przyswajalny i \u0142atwy w u\u017cyciu (p\u0142ynna formu\u0142a).<\/p>\n<p><b>SPOS\u00d3B U\u017bYCIA:<\/b><\/p>\n<p>O ile lekarz weterynarii nie zaleci inaczej 6 kropli (0,2 ml) zmiesza\u0107 z karm\u0105 such\u0105\/mokr\u0105 lub wod\u0105. Podawa\u0107 raz na dob\u0119. Wstrz\u0105sn\u0105\u0107 przed u\u017cyciem.<\/p>\n<p><b>Opakowanie zawiera 75 dziennych porcji.<\/b><\/p>\n<p><b>PRZECHOWYWANIE:<\/b><\/p>\n<p>Produkt nale\u017cy przechowywa\u0107 w suchym i ch\u0142odnym miejscu, z dala od \u015bwiat\u0142a s\u0142onecznego i poza zasi\u0119giem dzieci.<\/p>\n<p>Nale\u017cy przestrzega\u0107 wskaz\u00f3wek dotycz\u0105cych przechowywania podanych na opakowaniu.<\/p>\n<p><b>Przed zastosowaniem zalecamy konsultacj\u0119 z lekarzem weterynarii.<\/b><\/p>\n","protected":false},"excerpt":{"rendered":"<p>FULVI PETS DIGEST &#8211; 15 ml (75 dni suplementacji) FULVI PETS &#8211; TO WI\u0118CEJ NI\u017b WITAMINY. Fulvi Pets Digest&nbsp;to innowacyjny dodatek funkcjonalny do karmy dla ps\u00f3w i kot\u00f3w w postaci kropli stworzony przy wsp\u00f3\u0142pracy z lekarzami weterynarii, aby wspiera\u0107&nbsp;prawid\u0142owe trawienie&nbsp;i&nbsp;optymalne wch\u0142anianie sk\u0142adnik\u00f3w od\u017cywczych&nbsp;z po\u017cywienia. Sk\u0142adniki i ich proporcje w FULVI PETS DIGEST zosta\u0142y tak skomponowane, [&hellip;]<\/p>\n","protected":false},"featured_media":2988,"comment_status":"open","ping_status":"closed","template":"","meta":[],"product_brand":[208],"product_cat":[207],"product_tag":[],"class_list":{"0":"post-2983","1":"product","2":"type-product","3":"status-publish","4":"has-post-thumbnail","6":"product_brand-fulvi-pets","7":"product_cat-suplementy-dla-psow-i-kotow","9":"first","10":"instock","11":"taxable","12":"shipping-taxable","13":"purchasable","14":"product-type-simple"},"yoast_head":"<!-- This site is optimized with the Yoast SEO plugin v27.3 - https:\/\/yoast.com\/product\/yoast-seo-wordpress\/ -->\n<title>Dodatki do karmy dla kota, dla psa Fulvi Pets krople 15 ml - Mix Market - Supermarket z wszystkim co potrzeba<\/title>\n<meta name=\"robots\" content=\"index, follow, max-snippet:-1, max-image-preview:large, max-video-preview:-1\" \/>\n<link rel=\"canonical\" href=\"https:\/\/racom.com.pl\/index.php\/produkt\/dodatki-do-karmy-dla-kota-dla-psa-fulvi-pets-krople-15-ml\/\" \/>\n<meta property=\"og:locale\" content=\"pl_PL\" \/>\n<meta property=\"og:type\" content=\"article\" \/>\n<meta property=\"og:title\" content=\"Dodatki do karmy dla kota, dla psa Fulvi Pets krople 15 ml - Mix Market - Supermarket z wszystkim co potrzeba\" \/>\n<meta property=\"og:description\" content=\"FULVI PETS DIGEST &#8211; 15 ml (75 dni suplementacji) FULVI PETS &#8211; TO WI\u0118CEJ NI\u017b WITAMINY. Fulvi Pets Digest&nbsp;to innowacyjny dodatek funkcjonalny do karmy dla ps\u00f3w i kot\u00f3w w postaci kropli stworzony przy wsp\u00f3\u0142pracy z lekarzami weterynarii, aby wspiera\u0107&nbsp;prawid\u0142owe trawienie&nbsp;i&nbsp;optymalne wch\u0142anianie sk\u0142adnik\u00f3w od\u017cywczych&nbsp;z po\u017cywienia. Sk\u0142adniki i ich proporcje w FULVI PETS DIGEST zosta\u0142y tak skomponowane, [&hellip;]\" \/>\n<meta property=\"og:url\" content=\"https:\/\/racom.com.pl\/index.php\/produkt\/dodatki-do-karmy-dla-kota-dla-psa-fulvi-pets-krople-15-ml\/\" \/>\n<meta property=\"og:site_name\" content=\"Mix Market - Supermarket z wszystkim co potrzeba\" \/>\n<meta property=\"og:image\" content=\"https:\/\/racom.com.pl\/wp-content\/uploads\/2025\/07\/allegro_687bb92d586963.92736289_3116c3324efa85ffb8f642ca65d6.jpg\" \/>\n\t<meta property=\"og:image:width\" content=\"1080\" \/>\n\t<meta property=\"og:image:height\" content=\"1080\" \/>\n\t<meta property=\"og:image:type\" content=\"image\/jpeg\" \/>\n<meta name=\"twitter:card\" content=\"summary_large_image\" \/>\n<meta name=\"twitter:label1\" content=\"Szacowany czas czytania\" \/>\n\t<meta name=\"twitter:data1\" content=\"2 minuty\" \/>\n<script type=\"application\/ld+json\" class=\"yoast-schema-graph\">{\"@context\":\"https:\\\/\\\/schema.org\",\"@graph\":[{\"@type\":\"WebPage\",\"@id\":\"https:\\\/\\\/racom.com.pl\\\/index.php\\\/produkt\\\/dodatki-do-karmy-dla-kota-dla-psa-fulvi-pets-krople-15-ml\\\/\",\"url\":\"https:\\\/\\\/racom.com.pl\\\/index.php\\\/produkt\\\/dodatki-do-karmy-dla-kota-dla-psa-fulvi-pets-krople-15-ml\\\/\",\"name\":\"Dodatki do karmy dla kota, dla psa Fulvi Pets krople 15 ml - Mix Market - Supermarket z wszystkim co potrzeba\",\"isPartOf\":{\"@id\":\"https:\\\/\\\/racom.com.pl\\\/#website\"},\"primaryImageOfPage\":{\"@id\":\"https:\\\/\\\/racom.com.pl\\\/index.php\\\/produkt\\\/dodatki-do-karmy-dla-kota-dla-psa-fulvi-pets-krople-15-ml\\\/#primaryimage\"},\"image\":{\"@id\":\"https:\\\/\\\/racom.com.pl\\\/index.php\\\/produkt\\\/dodatki-do-karmy-dla-kota-dla-psa-fulvi-pets-krople-15-ml\\\/#primaryimage\"},\"thumbnailUrl\":\"https:\\\/\\\/racom.com.pl\\\/wp-content\\\/uploads\\\/2025\\\/07\\\/allegro_687bb92d586963.92736289_3116c3324efa85ffb8f642ca65d6.jpg\",\"datePublished\":\"2025-07-19T15:24:40+00:00\",\"breadcrumb\":{\"@id\":\"https:\\\/\\\/racom.com.pl\\\/index.php\\\/produkt\\\/dodatki-do-karmy-dla-kota-dla-psa-fulvi-pets-krople-15-ml\\\/#breadcrumb\"},\"inLanguage\":\"pl-PL\",\"potentialAction\":[{\"@type\":\"ReadAction\",\"target\":[\"https:\\\/\\\/racom.com.pl\\\/index.php\\\/produkt\\\/dodatki-do-karmy-dla-kota-dla-psa-fulvi-pets-krople-15-ml\\\/\"]}]},{\"@type\":\"ImageObject\",\"inLanguage\":\"pl-PL\",\"@id\":\"https:\\\/\\\/racom.com.pl\\\/index.php\\\/produkt\\\/dodatki-do-karmy-dla-kota-dla-psa-fulvi-pets-krople-15-ml\\\/#primaryimage\",\"url\":\"https:\\\/\\\/racom.com.pl\\\/wp-content\\\/uploads\\\/2025\\\/07\\\/allegro_687bb92d586963.92736289_3116c3324efa85ffb8f642ca65d6.jpg\",\"contentUrl\":\"https:\\\/\\\/racom.com.pl\\\/wp-content\\\/uploads\\\/2025\\\/07\\\/allegro_687bb92d586963.92736289_3116c3324efa85ffb8f642ca65d6.jpg\",\"width\":1080,\"height\":1080},{\"@type\":\"BreadcrumbList\",\"@id\":\"https:\\\/\\\/racom.com.pl\\\/index.php\\\/produkt\\\/dodatki-do-karmy-dla-kota-dla-psa-fulvi-pets-krople-15-ml\\\/#breadcrumb\",\"itemListElement\":[{\"@type\":\"ListItem\",\"position\":1,\"name\":\"Strona g\u0142\u00f3wna\",\"item\":\"https:\\\/\\\/racom.com.pl\\\/\"},{\"@type\":\"ListItem\",\"position\":2,\"name\":\"Sklep\",\"item\":\"https:\\\/\\\/racom.com.pl\\\/\"},{\"@type\":\"ListItem\",\"position\":3,\"name\":\"Dodatki do karmy dla kota, dla psa Fulvi Pets krople 15 ml\"}]},{\"@type\":\"WebSite\",\"@id\":\"https:\\\/\\\/racom.com.pl\\\/#website\",\"url\":\"https:\\\/\\\/racom.com.pl\\\/\",\"name\":\"Mix Market - Supermarket z wszystkim co potrzeba do domu i nie tylko\",\"description\":\"\",\"publisher\":{\"@id\":\"https:\\\/\\\/racom.com.pl\\\/#organization\"},\"potentialAction\":[{\"@type\":\"SearchAction\",\"target\":{\"@type\":\"EntryPoint\",\"urlTemplate\":\"https:\\\/\\\/racom.com.pl\\\/?s={search_term_string}\"},\"query-input\":{\"@type\":\"PropertyValueSpecification\",\"valueRequired\":true,\"valueName\":\"search_term_string\"}}],\"inLanguage\":\"pl-PL\"},{\"@type\":\"Organization\",\"@id\":\"https:\\\/\\\/racom.com.pl\\\/#organization\",\"name\":\"Mix Market - Supermarket z wszystkim co potrzeba do domu i nie tylko\",\"url\":\"https:\\\/\\\/racom.com.pl\\\/\",\"logo\":{\"@type\":\"ImageObject\",\"inLanguage\":\"pl-PL\",\"@id\":\"https:\\\/\\\/racom.com.pl\\\/#\\\/schema\\\/logo\\\/image\\\/\",\"url\":\"https:\\\/\\\/racom.com.pl\\\/wp-content\\\/uploads\\\/2025\\\/07\\\/mixmarket_logo.png\",\"contentUrl\":\"https:\\\/\\\/racom.com.pl\\\/wp-content\\\/uploads\\\/2025\\\/07\\\/mixmarket_logo.png\",\"width\":1024,\"height\":1024,\"caption\":\"Mix Market - Supermarket z wszystkim co potrzeba do domu i nie tylko\"},\"image\":{\"@id\":\"https:\\\/\\\/racom.com.pl\\\/#\\\/schema\\\/logo\\\/image\\\/\"}}]}<\/script>\n<!-- \/ Yoast SEO plugin. -->","yoast_head_json":{"title":"Dodatki do karmy dla kota, dla psa Fulvi Pets krople 15 ml - Mix Market - Supermarket z wszystkim co potrzeba","robots":{"index":"index","follow":"follow","max-snippet":"max-snippet:-1","max-image-preview":"max-image-preview:large","max-video-preview":"max-video-preview:-1"},"canonical":"https:\/\/racom.com.pl\/index.php\/produkt\/dodatki-do-karmy-dla-kota-dla-psa-fulvi-pets-krople-15-ml\/","og_locale":"pl_PL","og_type":"article","og_title":"Dodatki do karmy dla kota, dla psa Fulvi Pets krople 15 ml - Mix Market - Supermarket z wszystkim co potrzeba","og_description":"FULVI PETS DIGEST &#8211; 15 ml (75 dni suplementacji) FULVI PETS &#8211; TO WI\u0118CEJ NI\u017b WITAMINY. Fulvi Pets Digest&nbsp;to innowacyjny dodatek funkcjonalny do karmy dla ps\u00f3w i kot\u00f3w w postaci kropli stworzony przy wsp\u00f3\u0142pracy z lekarzami weterynarii, aby wspiera\u0107&nbsp;prawid\u0142owe trawienie&nbsp;i&nbsp;optymalne wch\u0142anianie sk\u0142adnik\u00f3w od\u017cywczych&nbsp;z po\u017cywienia. Sk\u0142adniki i ich proporcje w FULVI PETS DIGEST zosta\u0142y tak skomponowane, [&hellip;]","og_url":"https:\/\/racom.com.pl\/index.php\/produkt\/dodatki-do-karmy-dla-kota-dla-psa-fulvi-pets-krople-15-ml\/","og_site_name":"Mix Market - Supermarket z wszystkim co potrzeba","og_image":[{"width":1080,"height":1080,"url":"https:\/\/racom.com.pl\/wp-content\/uploads\/2025\/07\/allegro_687bb92d586963.92736289_3116c3324efa85ffb8f642ca65d6.jpg","type":"image\/jpeg"}],"twitter_card":"summary_large_image","twitter_misc":{"Szacowany czas czytania":"2 minuty"},"schema":{"@context":"https:\/\/schema.org","@graph":[{"@type":"WebPage","@id":"https:\/\/racom.com.pl\/index.php\/produkt\/dodatki-do-karmy-dla-kota-dla-psa-fulvi-pets-krople-15-ml\/","url":"https:\/\/racom.com.pl\/index.php\/produkt\/dodatki-do-karmy-dla-kota-dla-psa-fulvi-pets-krople-15-ml\/","name":"Dodatki do karmy dla kota, dla psa Fulvi Pets krople 15 ml - Mix Market - Supermarket z wszystkim co potrzeba","isPartOf":{"@id":"https:\/\/racom.com.pl\/#website"},"primaryImageOfPage":{"@id":"https:\/\/racom.com.pl\/index.php\/produkt\/dodatki-do-karmy-dla-kota-dla-psa-fulvi-pets-krople-15-ml\/#primaryimage"},"image":{"@id":"https:\/\/racom.com.pl\/index.php\/produkt\/dodatki-do-karmy-dla-kota-dla-psa-fulvi-pets-krople-15-ml\/#primaryimage"},"thumbnailUrl":"https:\/\/racom.com.pl\/wp-content\/uploads\/2025\/07\/allegro_687bb92d586963.92736289_3116c3324efa85ffb8f642ca65d6.jpg","datePublished":"2025-07-19T15:24:40+00:00","breadcrumb":{"@id":"https:\/\/racom.com.pl\/index.php\/produkt\/dodatki-do-karmy-dla-kota-dla-psa-fulvi-pets-krople-15-ml\/#breadcrumb"},"inLanguage":"pl-PL","potentialAction":[{"@type":"ReadAction","target":["https:\/\/racom.com.pl\/index.php\/produkt\/dodatki-do-karmy-dla-kota-dla-psa-fulvi-pets-krople-15-ml\/"]}]},{"@type":"ImageObject","inLanguage":"pl-PL","@id":"https:\/\/racom.com.pl\/index.php\/produkt\/dodatki-do-karmy-dla-kota-dla-psa-fulvi-pets-krople-15-ml\/#primaryimage","url":"https:\/\/racom.com.pl\/wp-content\/uploads\/2025\/07\/allegro_687bb92d586963.92736289_3116c3324efa85ffb8f642ca65d6.jpg","contentUrl":"https:\/\/racom.com.pl\/wp-content\/uploads\/2025\/07\/allegro_687bb92d586963.92736289_3116c3324efa85ffb8f642ca65d6.jpg","width":1080,"height":1080},{"@type":"BreadcrumbList","@id":"https:\/\/racom.com.pl\/index.php\/produkt\/dodatki-do-karmy-dla-kota-dla-psa-fulvi-pets-krople-15-ml\/#breadcrumb","itemListElement":[{"@type":"ListItem","position":1,"name":"Strona g\u0142\u00f3wna","item":"https:\/\/racom.com.pl\/"},{"@type":"ListItem","position":2,"name":"Sklep","item":"https:\/\/racom.com.pl\/"},{"@type":"ListItem","position":3,"name":"Dodatki do karmy dla kota, dla psa Fulvi Pets krople 15 ml"}]},{"@type":"WebSite","@id":"https:\/\/racom.com.pl\/#website","url":"https:\/\/racom.com.pl\/","name":"Mix Market - Supermarket z wszystkim co potrzeba do domu i nie tylko","description":"","publisher":{"@id":"https:\/\/racom.com.pl\/#organization"},"potentialAction":[{"@type":"SearchAction","target":{"@type":"EntryPoint","urlTemplate":"https:\/\/racom.com.pl\/?s={search_term_string}"},"query-input":{"@type":"PropertyValueSpecification","valueRequired":true,"valueName":"search_term_string"}}],"inLanguage":"pl-PL"},{"@type":"Organization","@id":"https:\/\/racom.com.pl\/#organization","name":"Mix Market - Supermarket z wszystkim co potrzeba do domu i nie tylko","url":"https:\/\/racom.com.pl\/","logo":{"@type":"ImageObject","inLanguage":"pl-PL","@id":"https:\/\/racom.com.pl\/#\/schema\/logo\/image\/","url":"https:\/\/racom.com.pl\/wp-content\/uploads\/2025\/07\/mixmarket_logo.png","contentUrl":"https:\/\/racom.com.pl\/wp-content\/uploads\/2025\/07\/mixmarket_logo.png","width":1024,"height":1024,"caption":"Mix Market - Supermarket z wszystkim co potrzeba do domu i nie tylko"},"image":{"@id":"https:\/\/racom.com.pl\/#\/schema\/logo\/image\/"}}]}},"_links":{"self":[{"href":"https:\/\/racom.com.pl\/index.php\/wp-json\/wp\/v2\/product\/2983","targetHints":{"allow":["GET"]}}],"collection":[{"href":"https:\/\/racom.com.pl\/index.php\/wp-json\/wp\/v2\/product"}],"about":[{"href":"https:\/\/racom.com.pl\/index.php\/wp-json\/wp\/v2\/types\/product"}],"replies":[{"embeddable":true,"href":"https:\/\/racom.com.pl\/index.php\/wp-json\/wp\/v2\/comments?post=2983"}],"wp:featuredmedia":[{"embeddable":true,"href":"https:\/\/racom.com.pl\/index.php\/wp-json\/wp\/v2\/media\/2988"}],"wp:attachment":[{"href":"https:\/\/racom.com.pl\/index.php\/wp-json\/wp\/v2\/media?parent=2983"}],"wp:term":[{"taxonomy":"product_brand","embeddable":true,"href":"https:\/\/racom.com.pl\/index.php\/wp-json\/wp\/v2\/product_brand?post=2983"},{"taxonomy":"product_cat","embeddable":true,"href":"https:\/\/racom.com.pl\/index.php\/wp-json\/wp\/v2\/product_cat?post=2983"},{"taxonomy":"product_tag","embeddable":true,"href":"https:\/\/racom.com.pl\/index.php\/wp-json\/wp\/v2\/product_tag?post=2983"}],"curies":[{"name":"wp","href":"https:\/\/api.w.org\/{rel}","templated":true}]}}