{"id":2989,"date":"2025-07-19T17:27:07","date_gmt":"2025-07-19T15:27:07","guid":{"rendered":"http:\/\/192.168.2.106\/index.php\/produkt\/kasza-kuskus-rani-duze-opakowanie-worek-5kg\/"},"modified":"2025-07-19T17:27:07","modified_gmt":"2025-07-19T15:27:07","slug":"kasza-kuskus-rani-duze-opakowanie-worek-5kg","status":"publish","type":"product","link":"https:\/\/racom.com.pl\/index.php\/produkt\/kasza-kuskus-rani-duze-opakowanie-worek-5kg\/","title":{"rendered":"Kasza KUSKUS Rani Du\u017ce opakowanie Worek 5kg"},"content":{"rendered":"<h2>Kuskus paczkowana 5 kg Rani<\/h2>\n<p><b>Kasza Kuskus Rani 5 kg<\/b><\/p>\n<p><b>Opis produktu:<\/b><\/p>\n<p>Kasza kuskus Rani to <b>b\u0142yskawiczna w przygotowaniu i niezwykle uniwersalna<\/b> kasza produkowana z <b>pszenicy durum<\/b>. To <b>tradycyjny sk\u0142adnik kuchni p\u00f3\u0142nocnoafryka\u0144skiej<\/b>, kt\u00f3ry zdobywa coraz wi\u0119ksz\u0105 popularno\u015b\u0107 r\u00f3wnie\u017c w Europie. Dzi\u0119ki swojej lekkiej i puszystej konsystencji doskonale sprawdzi si\u0119 zar\u00f3wno w daniach <b>wytrawnych, jak i s\u0142odkich<\/b>.<\/p>\n<p><b>Cechy produktu:<\/b><\/p>\n<p>\u2714 <b>B\u0142yskawiczne przygotowanie \u2013 wystarczy zala\u0107 wrz\u0105tkiem<\/b><\/p>\n<p>\u2714 <b>Wszechstronne zastosowanie \u2013 do da\u0144 mi\u0119snych, warzywnych i deser\u00f3w<\/b><\/p>\n<p>\u2714 <b>Lekka i puszysta konsystencja<\/b><\/p>\n<p>\u2714 <b>Produkt o wysokiej warto\u015bci od\u017cywczej<\/b><\/p>\n<p><b>Zastosowanie:<\/b><\/p>\n<p>Kuskus to <b>idealny dodatek do mi\u0119s, ryb, warzyw, sa\u0142atek oraz da\u0144 jednogarnkowych<\/b>. Mo\u017cna go r\u00f3wnie\u017c przygotowa\u0107 w wersji na s\u0142odko z bakaliami, cynamonem i miodem.<\/p>\n<p><b>Spos\u00f3b przygotowania:<\/b><\/p>\n<p>Wystarczy <b>zala\u0107 kasz\u0119 wrz\u0105tkiem w proporcji 1:1,5 (kuskus:woda)<\/b>, przykry\u0107 na <b>5 minut<\/b>, a nast\u0119pnie <b>wymiesza\u0107 widelcem<\/b>.<\/p>\n<p><b>Spos\u00f3b przechowywania:<\/b><\/p>\n<p>Przechowywa\u0107 w <b>suchym i ch\u0142odnym miejscu<\/b>, w szczelnym opakowaniu, z dala od wilgoci.<\/p>\n","protected":false},"excerpt":{"rendered":"<p>Kuskus paczkowana 5 kg Rani Kasza Kuskus Rani 5 kg Opis produktu: Kasza kuskus Rani to b\u0142yskawiczna w przygotowaniu i niezwykle uniwersalna kasza produkowana z pszenicy durum. To tradycyjny sk\u0142adnik kuchni p\u00f3\u0142nocnoafryka\u0144skiej, kt\u00f3ry zdobywa coraz wi\u0119ksz\u0105 popularno\u015b\u0107 r\u00f3wnie\u017c w Europie. Dzi\u0119ki swojej lekkiej i puszystej konsystencji doskonale sprawdzi si\u0119 zar\u00f3wno w daniach wytrawnych, jak i [&hellip;]<\/p>\n","protected":false},"featured_media":2991,"comment_status":"open","ping_status":"closed","template":"","meta":[],"product_brand":[209],"product_cat":[130],"product_tag":[],"class_list":{"0":"post-2989","1":"product","2":"type-product","3":"status-publish","4":"has-post-thumbnail","6":"product_brand-rani","7":"product_cat-produkty-sypkie","9":"first","10":"instock","11":"taxable","12":"shipping-taxable","13":"purchasable","14":"product-type-simple"},"yoast_head":"<!-- This site is optimized with the Yoast SEO plugin v27.3 - https:\/\/yoast.com\/product\/yoast-seo-wordpress\/ -->\n<title>Kasza KUSKUS Rani Du\u017ce opakowanie Worek 5kg - Mix Market - Supermarket z wszystkim co potrzeba<\/title>\n<meta name=\"robots\" content=\"index, follow, max-snippet:-1, max-image-preview:large, max-video-preview:-1\" \/>\n<link rel=\"canonical\" href=\"https:\/\/racom.com.pl\/index.php\/produkt\/kasza-kuskus-rani-duze-opakowanie-worek-5kg\/\" \/>\n<meta property=\"og:locale\" content=\"pl_PL\" \/>\n<meta property=\"og:type\" content=\"article\" \/>\n<meta property=\"og:title\" content=\"Kasza KUSKUS Rani Du\u017ce opakowanie Worek 5kg - Mix Market - Supermarket z wszystkim co potrzeba\" \/>\n<meta property=\"og:description\" content=\"Kuskus paczkowana 5 kg Rani Kasza Kuskus Rani 5 kg Opis produktu: Kasza kuskus Rani to b\u0142yskawiczna w przygotowaniu i niezwykle uniwersalna kasza produkowana z pszenicy durum. To tradycyjny sk\u0142adnik kuchni p\u00f3\u0142nocnoafryka\u0144skiej, kt\u00f3ry zdobywa coraz wi\u0119ksz\u0105 popularno\u015b\u0107 r\u00f3wnie\u017c w Europie. Dzi\u0119ki swojej lekkiej i puszystej konsystencji doskonale sprawdzi si\u0119 zar\u00f3wno w daniach wytrawnych, jak i [&hellip;]\" \/>\n<meta property=\"og:url\" content=\"https:\/\/racom.com.pl\/index.php\/produkt\/kasza-kuskus-rani-duze-opakowanie-worek-5kg\/\" \/>\n<meta property=\"og:site_name\" content=\"Mix Market - Supermarket z wszystkim co potrzeba\" \/>\n<meta property=\"og:image\" content=\"https:\/\/racom.com.pl\/wp-content\/uploads\/2025\/07\/allegro_687bb988a20c85.21882040_5c652aed46cdab568cb86b14bba0.jpg\" \/>\n\t<meta property=\"og:image:width\" content=\"2365\" \/>\n\t<meta property=\"og:image:height\" content=\"2365\" \/>\n\t<meta property=\"og:image:type\" content=\"image\/jpeg\" \/>\n<meta name=\"twitter:card\" content=\"summary_large_image\" \/>\n<meta name=\"twitter:label1\" content=\"Szacowany czas czytania\" \/>\n\t<meta name=\"twitter:data1\" content=\"1 minuta\" \/>\n<script type=\"application\/ld+json\" class=\"yoast-schema-graph\">{\"@context\":\"https:\\\/\\\/schema.org\",\"@graph\":[{\"@type\":\"WebPage\",\"@id\":\"https:\\\/\\\/racom.com.pl\\\/index.php\\\/produkt\\\/kasza-kuskus-rani-duze-opakowanie-worek-5kg\\\/\",\"url\":\"https:\\\/\\\/racom.com.pl\\\/index.php\\\/produkt\\\/kasza-kuskus-rani-duze-opakowanie-worek-5kg\\\/\",\"name\":\"Kasza KUSKUS Rani Du\u017ce opakowanie Worek 5kg - Mix Market - Supermarket z wszystkim co potrzeba\",\"isPartOf\":{\"@id\":\"https:\\\/\\\/racom.com.pl\\\/#website\"},\"primaryImageOfPage\":{\"@id\":\"https:\\\/\\\/racom.com.pl\\\/index.php\\\/produkt\\\/kasza-kuskus-rani-duze-opakowanie-worek-5kg\\\/#primaryimage\"},\"image\":{\"@id\":\"https:\\\/\\\/racom.com.pl\\\/index.php\\\/produkt\\\/kasza-kuskus-rani-duze-opakowanie-worek-5kg\\\/#primaryimage\"},\"thumbnailUrl\":\"https:\\\/\\\/racom.com.pl\\\/wp-content\\\/uploads\\\/2025\\\/07\\\/allegro_687bb988a20c85.21882040_5c652aed46cdab568cb86b14bba0.jpg\",\"datePublished\":\"2025-07-19T15:27:07+00:00\",\"breadcrumb\":{\"@id\":\"https:\\\/\\\/racom.com.pl\\\/index.php\\\/produkt\\\/kasza-kuskus-rani-duze-opakowanie-worek-5kg\\\/#breadcrumb\"},\"inLanguage\":\"pl-PL\",\"potentialAction\":[{\"@type\":\"ReadAction\",\"target\":[\"https:\\\/\\\/racom.com.pl\\\/index.php\\\/produkt\\\/kasza-kuskus-rani-duze-opakowanie-worek-5kg\\\/\"]}]},{\"@type\":\"ImageObject\",\"inLanguage\":\"pl-PL\",\"@id\":\"https:\\\/\\\/racom.com.pl\\\/index.php\\\/produkt\\\/kasza-kuskus-rani-duze-opakowanie-worek-5kg\\\/#primaryimage\",\"url\":\"https:\\\/\\\/racom.com.pl\\\/wp-content\\\/uploads\\\/2025\\\/07\\\/allegro_687bb988a20c85.21882040_5c652aed46cdab568cb86b14bba0.jpg\",\"contentUrl\":\"https:\\\/\\\/racom.com.pl\\\/wp-content\\\/uploads\\\/2025\\\/07\\\/allegro_687bb988a20c85.21882040_5c652aed46cdab568cb86b14bba0.jpg\",\"width\":2365,\"height\":2365},{\"@type\":\"BreadcrumbList\",\"@id\":\"https:\\\/\\\/racom.com.pl\\\/index.php\\\/produkt\\\/kasza-kuskus-rani-duze-opakowanie-worek-5kg\\\/#breadcrumb\",\"itemListElement\":[{\"@type\":\"ListItem\",\"position\":1,\"name\":\"Strona g\u0142\u00f3wna\",\"item\":\"https:\\\/\\\/racom.com.pl\\\/\"},{\"@type\":\"ListItem\",\"position\":2,\"name\":\"Sklep\",\"item\":\"https:\\\/\\\/racom.com.pl\\\/\"},{\"@type\":\"ListItem\",\"position\":3,\"name\":\"Kasza KUSKUS Rani Du\u017ce opakowanie Worek 5kg\"}]},{\"@type\":\"WebSite\",\"@id\":\"https:\\\/\\\/racom.com.pl\\\/#website\",\"url\":\"https:\\\/\\\/racom.com.pl\\\/\",\"name\":\"Mix Market - Supermarket z wszystkim co potrzeba do domu i nie tylko\",\"description\":\"\",\"publisher\":{\"@id\":\"https:\\\/\\\/racom.com.pl\\\/#organization\"},\"potentialAction\":[{\"@type\":\"SearchAction\",\"target\":{\"@type\":\"EntryPoint\",\"urlTemplate\":\"https:\\\/\\\/racom.com.pl\\\/?s={search_term_string}\"},\"query-input\":{\"@type\":\"PropertyValueSpecification\",\"valueRequired\":true,\"valueName\":\"search_term_string\"}}],\"inLanguage\":\"pl-PL\"},{\"@type\":\"Organization\",\"@id\":\"https:\\\/\\\/racom.com.pl\\\/#organization\",\"name\":\"Mix Market - Supermarket z wszystkim co potrzeba do domu i nie tylko\",\"url\":\"https:\\\/\\\/racom.com.pl\\\/\",\"logo\":{\"@type\":\"ImageObject\",\"inLanguage\":\"pl-PL\",\"@id\":\"https:\\\/\\\/racom.com.pl\\\/#\\\/schema\\\/logo\\\/image\\\/\",\"url\":\"https:\\\/\\\/racom.com.pl\\\/wp-content\\\/uploads\\\/2025\\\/07\\\/mixmarket_logo.png\",\"contentUrl\":\"https:\\\/\\\/racom.com.pl\\\/wp-content\\\/uploads\\\/2025\\\/07\\\/mixmarket_logo.png\",\"width\":1024,\"height\":1024,\"caption\":\"Mix Market - Supermarket z wszystkim co potrzeba do domu i nie tylko\"},\"image\":{\"@id\":\"https:\\\/\\\/racom.com.pl\\\/#\\\/schema\\\/logo\\\/image\\\/\"}}]}<\/script>\n<!-- \/ Yoast SEO plugin. -->","yoast_head_json":{"title":"Kasza KUSKUS Rani Du\u017ce opakowanie Worek 5kg - Mix Market - Supermarket z wszystkim co potrzeba","robots":{"index":"index","follow":"follow","max-snippet":"max-snippet:-1","max-image-preview":"max-image-preview:large","max-video-preview":"max-video-preview:-1"},"canonical":"https:\/\/racom.com.pl\/index.php\/produkt\/kasza-kuskus-rani-duze-opakowanie-worek-5kg\/","og_locale":"pl_PL","og_type":"article","og_title":"Kasza KUSKUS Rani Du\u017ce opakowanie Worek 5kg - Mix Market - Supermarket z wszystkim co potrzeba","og_description":"Kuskus paczkowana 5 kg Rani Kasza Kuskus Rani 5 kg Opis produktu: Kasza kuskus Rani to b\u0142yskawiczna w przygotowaniu i niezwykle uniwersalna kasza produkowana z pszenicy durum. To tradycyjny sk\u0142adnik kuchni p\u00f3\u0142nocnoafryka\u0144skiej, kt\u00f3ry zdobywa coraz wi\u0119ksz\u0105 popularno\u015b\u0107 r\u00f3wnie\u017c w Europie. Dzi\u0119ki swojej lekkiej i puszystej konsystencji doskonale sprawdzi si\u0119 zar\u00f3wno w daniach wytrawnych, jak i [&hellip;]","og_url":"https:\/\/racom.com.pl\/index.php\/produkt\/kasza-kuskus-rani-duze-opakowanie-worek-5kg\/","og_site_name":"Mix Market - Supermarket z wszystkim co potrzeba","og_image":[{"width":2365,"height":2365,"url":"https:\/\/racom.com.pl\/wp-content\/uploads\/2025\/07\/allegro_687bb988a20c85.21882040_5c652aed46cdab568cb86b14bba0.jpg","type":"image\/jpeg"}],"twitter_card":"summary_large_image","twitter_misc":{"Szacowany czas czytania":"1 minuta"},"schema":{"@context":"https:\/\/schema.org","@graph":[{"@type":"WebPage","@id":"https:\/\/racom.com.pl\/index.php\/produkt\/kasza-kuskus-rani-duze-opakowanie-worek-5kg\/","url":"https:\/\/racom.com.pl\/index.php\/produkt\/kasza-kuskus-rani-duze-opakowanie-worek-5kg\/","name":"Kasza KUSKUS Rani Du\u017ce opakowanie Worek 5kg - Mix Market - Supermarket z wszystkim co potrzeba","isPartOf":{"@id":"https:\/\/racom.com.pl\/#website"},"primaryImageOfPage":{"@id":"https:\/\/racom.com.pl\/index.php\/produkt\/kasza-kuskus-rani-duze-opakowanie-worek-5kg\/#primaryimage"},"image":{"@id":"https:\/\/racom.com.pl\/index.php\/produkt\/kasza-kuskus-rani-duze-opakowanie-worek-5kg\/#primaryimage"},"thumbnailUrl":"https:\/\/racom.com.pl\/wp-content\/uploads\/2025\/07\/allegro_687bb988a20c85.21882040_5c652aed46cdab568cb86b14bba0.jpg","datePublished":"2025-07-19T15:27:07+00:00","breadcrumb":{"@id":"https:\/\/racom.com.pl\/index.php\/produkt\/kasza-kuskus-rani-duze-opakowanie-worek-5kg\/#breadcrumb"},"inLanguage":"pl-PL","potentialAction":[{"@type":"ReadAction","target":["https:\/\/racom.com.pl\/index.php\/produkt\/kasza-kuskus-rani-duze-opakowanie-worek-5kg\/"]}]},{"@type":"ImageObject","inLanguage":"pl-PL","@id":"https:\/\/racom.com.pl\/index.php\/produkt\/kasza-kuskus-rani-duze-opakowanie-worek-5kg\/#primaryimage","url":"https:\/\/racom.com.pl\/wp-content\/uploads\/2025\/07\/allegro_687bb988a20c85.21882040_5c652aed46cdab568cb86b14bba0.jpg","contentUrl":"https:\/\/racom.com.pl\/wp-content\/uploads\/2025\/07\/allegro_687bb988a20c85.21882040_5c652aed46cdab568cb86b14bba0.jpg","width":2365,"height":2365},{"@type":"BreadcrumbList","@id":"https:\/\/racom.com.pl\/index.php\/produkt\/kasza-kuskus-rani-duze-opakowanie-worek-5kg\/#breadcrumb","itemListElement":[{"@type":"ListItem","position":1,"name":"Strona g\u0142\u00f3wna","item":"https:\/\/racom.com.pl\/"},{"@type":"ListItem","position":2,"name":"Sklep","item":"https:\/\/racom.com.pl\/"},{"@type":"ListItem","position":3,"name":"Kasza KUSKUS Rani Du\u017ce opakowanie Worek 5kg"}]},{"@type":"WebSite","@id":"https:\/\/racom.com.pl\/#website","url":"https:\/\/racom.com.pl\/","name":"Mix Market - Supermarket z wszystkim co potrzeba do domu i nie tylko","description":"","publisher":{"@id":"https:\/\/racom.com.pl\/#organization"},"potentialAction":[{"@type":"SearchAction","target":{"@type":"EntryPoint","urlTemplate":"https:\/\/racom.com.pl\/?s={search_term_string}"},"query-input":{"@type":"PropertyValueSpecification","valueRequired":true,"valueName":"search_term_string"}}],"inLanguage":"pl-PL"},{"@type":"Organization","@id":"https:\/\/racom.com.pl\/#organization","name":"Mix Market - Supermarket z wszystkim co potrzeba do domu i nie tylko","url":"https:\/\/racom.com.pl\/","logo":{"@type":"ImageObject","inLanguage":"pl-PL","@id":"https:\/\/racom.com.pl\/#\/schema\/logo\/image\/","url":"https:\/\/racom.com.pl\/wp-content\/uploads\/2025\/07\/mixmarket_logo.png","contentUrl":"https:\/\/racom.com.pl\/wp-content\/uploads\/2025\/07\/mixmarket_logo.png","width":1024,"height":1024,"caption":"Mix Market - Supermarket z wszystkim co potrzeba do domu i nie tylko"},"image":{"@id":"https:\/\/racom.com.pl\/#\/schema\/logo\/image\/"}}]}},"_links":{"self":[{"href":"https:\/\/racom.com.pl\/index.php\/wp-json\/wp\/v2\/product\/2989","targetHints":{"allow":["GET"]}}],"collection":[{"href":"https:\/\/racom.com.pl\/index.php\/wp-json\/wp\/v2\/product"}],"about":[{"href":"https:\/\/racom.com.pl\/index.php\/wp-json\/wp\/v2\/types\/product"}],"replies":[{"embeddable":true,"href":"https:\/\/racom.com.pl\/index.php\/wp-json\/wp\/v2\/comments?post=2989"}],"wp:featuredmedia":[{"embeddable":true,"href":"https:\/\/racom.com.pl\/index.php\/wp-json\/wp\/v2\/media\/2991"}],"wp:attachment":[{"href":"https:\/\/racom.com.pl\/index.php\/wp-json\/wp\/v2\/media?parent=2989"}],"wp:term":[{"taxonomy":"product_brand","embeddable":true,"href":"https:\/\/racom.com.pl\/index.php\/wp-json\/wp\/v2\/product_brand?post=2989"},{"taxonomy":"product_cat","embeddable":true,"href":"https:\/\/racom.com.pl\/index.php\/wp-json\/wp\/v2\/product_cat?post=2989"},{"taxonomy":"product_tag","embeddable":true,"href":"https:\/\/racom.com.pl\/index.php\/wp-json\/wp\/v2\/product_tag?post=2989"}],"curies":[{"name":"wp","href":"https:\/\/api.w.org\/{rel}","templated":true}]}}