{"id":2994,"date":"2025-07-19T17:29:17","date_gmt":"2025-07-19T15:29:17","guid":{"rendered":"http:\/\/192.168.2.106\/index.php\/produkt\/orangina-original-pomarancza-zgrzewka-1-4-l-1400ml-x6-sztuk\/"},"modified":"2025-07-19T17:29:17","modified_gmt":"2025-07-19T15:29:17","slug":"orangina-original-pomarancza-zgrzewka-1-4-l-1400ml-x6-sztuk","status":"publish","type":"product","link":"https:\/\/racom.com.pl\/index.php\/produkt\/orangina-original-pomarancza-zgrzewka-1-4-l-1400ml-x6-sztuk\/","title":{"rendered":"ORANGINA Original pomara\u0144cza ZGRZEWKA 1.4 L (1400ml) x6 sztuk"},"content":{"rendered":"<h2>ORANGINA ORIGINAL 6&#215;1,4L<\/h2>\n<p>Orangina Original to unikatowy nap\u00f3j gazowany o intensywnym smaku cytrus\u00f3w, kt\u00f3ry od lat zachwyca konsument\u00f3w na ca\u0142ym \u015bwiecie. Dzi\u0119ki starannie wyselekcjonowanym sk\u0142adnikom, takim jak \u015bwie\u017ce pomara\u0144cze, cytryny i grejpfruty, ka\u017cdy \u0142yk tego orze\u017awiaj\u0105cego napoju to prawdziwa uczta dla podniebienia. Zaskocz swoich go\u015bci wyj\u0105tkowym smakiem Oranginy Original i si\u0119gnij po niego ju\u017c dzisiaj!<\/p>\n<p>Warto\u015bci od\u017cywcze:<\/p>\n<ul>\n<li><b>Warto\u015b\u0107 energetyczna:<\/b> 39kcal<\/li>\n<li><b>T\u0142uszcz:<\/b> 0g<\/li>\n<li><b>Kwasy t\u0142uszczowe nasycone:<\/b> 0g<\/li>\n<li><b>W\u0119glowodany:<\/b> 9,3g<\/li>\n<li><b>Cukry:<\/b> 8,9g<\/li>\n<li><b>Bia\u0142ko:<\/b> 0,1g<\/li>\n<li><b>S\u00f3l:<\/b> 0g<\/li>\n<\/ul>\n<p>Sk\u0142adniki:<\/p>\n<p>Woda, sok pomara\u0144czowy z zag\u0119szczonego soku pomara\u0144czowego i innych owoc\u00f3w cytrusowych 12% (pomara\u0144czy 10%, cytryny, mandarynki, grejpfruta), cukier, dwutlenek w\u0119gla, mi\u0105\u017csz owoc\u00f3w cytrusowych 2% (mi\u0105\u017csz z pomara\u0144czy, mi\u0105\u017csz z mandarynki), ekstrakt ze sk\u00f3rki pomara\u0144czy, naturalne aromaty pomara\u0144czy.<\/p>\n","protected":false},"excerpt":{"rendered":"<p>ORANGINA ORIGINAL 6&#215;1,4L Orangina Original to unikatowy nap\u00f3j gazowany o intensywnym smaku cytrus\u00f3w, kt\u00f3ry od lat zachwyca konsument\u00f3w na ca\u0142ym \u015bwiecie. Dzi\u0119ki starannie wyselekcjonowanym sk\u0142adnikom, takim jak \u015bwie\u017ce pomara\u0144cze, cytryny i grejpfruty, ka\u017cdy \u0142yk tego orze\u017awiaj\u0105cego napoju to prawdziwa uczta dla podniebienia. Zaskocz swoich go\u015bci wyj\u0105tkowym smakiem Oranginy Original i si\u0119gnij po niego ju\u017c dzisiaj! [&hellip;]<\/p>\n","protected":false},"featured_media":2997,"comment_status":"open","ping_status":"closed","template":"","meta":[],"product_brand":[210],"product_cat":[116],"product_tag":[],"class_list":{"0":"post-2994","1":"product","2":"type-product","3":"status-publish","4":"has-post-thumbnail","6":"product_brand-orangina","7":"product_cat-napoje-i-akcesoria","9":"first","10":"instock","11":"taxable","12":"shipping-taxable","13":"purchasable","14":"product-type-simple"},"yoast_head":"<!-- This site is optimized with the Yoast SEO plugin v27.3 - https:\/\/yoast.com\/product\/yoast-seo-wordpress\/ -->\n<title>ORANGINA Original pomara\u0144cza ZGRZEWKA 1.4 L (1400ml) x6 sztuk - Mix Market - Supermarket z wszystkim co potrzeba<\/title>\n<meta name=\"robots\" content=\"index, follow, max-snippet:-1, max-image-preview:large, max-video-preview:-1\" \/>\n<link rel=\"canonical\" href=\"https:\/\/racom.com.pl\/index.php\/produkt\/orangina-original-pomarancza-zgrzewka-1-4-l-1400ml-x6-sztuk\/\" \/>\n<meta property=\"og:locale\" content=\"pl_PL\" \/>\n<meta property=\"og:type\" content=\"article\" \/>\n<meta property=\"og:title\" content=\"ORANGINA Original pomara\u0144cza ZGRZEWKA 1.4 L (1400ml) x6 sztuk - Mix Market - Supermarket z wszystkim co potrzeba\" \/>\n<meta property=\"og:description\" content=\"ORANGINA ORIGINAL 6&#215;1,4L Orangina Original to unikatowy nap\u00f3j gazowany o intensywnym smaku cytrus\u00f3w, kt\u00f3ry od lat zachwyca konsument\u00f3w na ca\u0142ym \u015bwiecie. Dzi\u0119ki starannie wyselekcjonowanym sk\u0142adnikom, takim jak \u015bwie\u017ce pomara\u0144cze, cytryny i grejpfruty, ka\u017cdy \u0142yk tego orze\u017awiaj\u0105cego napoju to prawdziwa uczta dla podniebienia. Zaskocz swoich go\u015bci wyj\u0105tkowym smakiem Oranginy Original i si\u0119gnij po niego ju\u017c dzisiaj! [&hellip;]\" \/>\n<meta property=\"og:url\" content=\"https:\/\/racom.com.pl\/index.php\/produkt\/orangina-original-pomarancza-zgrzewka-1-4-l-1400ml-x6-sztuk\/\" \/>\n<meta property=\"og:site_name\" content=\"Mix Market - Supermarket z wszystkim co potrzeba\" \/>\n<meta property=\"og:image\" content=\"https:\/\/racom.com.pl\/wp-content\/uploads\/2025\/07\/allegro_687bba0992ec03.10095278_9be374ca451ea9f1c8d41ad8142a.jpg\" \/>\n\t<meta property=\"og:image:width\" content=\"2365\" \/>\n\t<meta property=\"og:image:height\" content=\"2365\" \/>\n\t<meta property=\"og:image:type\" content=\"image\/jpeg\" \/>\n<meta name=\"twitter:card\" content=\"summary_large_image\" \/>\n<meta name=\"twitter:label1\" content=\"Szacowany czas czytania\" \/>\n\t<meta name=\"twitter:data1\" content=\"1 minuta\" \/>\n<script type=\"application\/ld+json\" class=\"yoast-schema-graph\">{\"@context\":\"https:\\\/\\\/schema.org\",\"@graph\":[{\"@type\":\"WebPage\",\"@id\":\"https:\\\/\\\/racom.com.pl\\\/index.php\\\/produkt\\\/orangina-original-pomarancza-zgrzewka-1-4-l-1400ml-x6-sztuk\\\/\",\"url\":\"https:\\\/\\\/racom.com.pl\\\/index.php\\\/produkt\\\/orangina-original-pomarancza-zgrzewka-1-4-l-1400ml-x6-sztuk\\\/\",\"name\":\"ORANGINA Original pomara\u0144cza ZGRZEWKA 1.4 L (1400ml) x6 sztuk - Mix Market - Supermarket z wszystkim co potrzeba\",\"isPartOf\":{\"@id\":\"https:\\\/\\\/racom.com.pl\\\/#website\"},\"primaryImageOfPage\":{\"@id\":\"https:\\\/\\\/racom.com.pl\\\/index.php\\\/produkt\\\/orangina-original-pomarancza-zgrzewka-1-4-l-1400ml-x6-sztuk\\\/#primaryimage\"},\"image\":{\"@id\":\"https:\\\/\\\/racom.com.pl\\\/index.php\\\/produkt\\\/orangina-original-pomarancza-zgrzewka-1-4-l-1400ml-x6-sztuk\\\/#primaryimage\"},\"thumbnailUrl\":\"https:\\\/\\\/racom.com.pl\\\/wp-content\\\/uploads\\\/2025\\\/07\\\/allegro_687bba0992ec03.10095278_9be374ca451ea9f1c8d41ad8142a.jpg\",\"datePublished\":\"2025-07-19T15:29:17+00:00\",\"breadcrumb\":{\"@id\":\"https:\\\/\\\/racom.com.pl\\\/index.php\\\/produkt\\\/orangina-original-pomarancza-zgrzewka-1-4-l-1400ml-x6-sztuk\\\/#breadcrumb\"},\"inLanguage\":\"pl-PL\",\"potentialAction\":[{\"@type\":\"ReadAction\",\"target\":[\"https:\\\/\\\/racom.com.pl\\\/index.php\\\/produkt\\\/orangina-original-pomarancza-zgrzewka-1-4-l-1400ml-x6-sztuk\\\/\"]}]},{\"@type\":\"ImageObject\",\"inLanguage\":\"pl-PL\",\"@id\":\"https:\\\/\\\/racom.com.pl\\\/index.php\\\/produkt\\\/orangina-original-pomarancza-zgrzewka-1-4-l-1400ml-x6-sztuk\\\/#primaryimage\",\"url\":\"https:\\\/\\\/racom.com.pl\\\/wp-content\\\/uploads\\\/2025\\\/07\\\/allegro_687bba0992ec03.10095278_9be374ca451ea9f1c8d41ad8142a.jpg\",\"contentUrl\":\"https:\\\/\\\/racom.com.pl\\\/wp-content\\\/uploads\\\/2025\\\/07\\\/allegro_687bba0992ec03.10095278_9be374ca451ea9f1c8d41ad8142a.jpg\",\"width\":2365,\"height\":2365},{\"@type\":\"BreadcrumbList\",\"@id\":\"https:\\\/\\\/racom.com.pl\\\/index.php\\\/produkt\\\/orangina-original-pomarancza-zgrzewka-1-4-l-1400ml-x6-sztuk\\\/#breadcrumb\",\"itemListElement\":[{\"@type\":\"ListItem\",\"position\":1,\"name\":\"Strona g\u0142\u00f3wna\",\"item\":\"https:\\\/\\\/racom.com.pl\\\/\"},{\"@type\":\"ListItem\",\"position\":2,\"name\":\"Sklep\",\"item\":\"https:\\\/\\\/racom.com.pl\\\/\"},{\"@type\":\"ListItem\",\"position\":3,\"name\":\"ORANGINA Original pomara\u0144cza ZGRZEWKA 1.4 L (1400ml) x6 sztuk\"}]},{\"@type\":\"WebSite\",\"@id\":\"https:\\\/\\\/racom.com.pl\\\/#website\",\"url\":\"https:\\\/\\\/racom.com.pl\\\/\",\"name\":\"Mix Market - Supermarket z wszystkim co potrzeba do domu i nie tylko\",\"description\":\"\",\"publisher\":{\"@id\":\"https:\\\/\\\/racom.com.pl\\\/#organization\"},\"potentialAction\":[{\"@type\":\"SearchAction\",\"target\":{\"@type\":\"EntryPoint\",\"urlTemplate\":\"https:\\\/\\\/racom.com.pl\\\/?s={search_term_string}\"},\"query-input\":{\"@type\":\"PropertyValueSpecification\",\"valueRequired\":true,\"valueName\":\"search_term_string\"}}],\"inLanguage\":\"pl-PL\"},{\"@type\":\"Organization\",\"@id\":\"https:\\\/\\\/racom.com.pl\\\/#organization\",\"name\":\"Mix Market - Supermarket z wszystkim co potrzeba do domu i nie tylko\",\"url\":\"https:\\\/\\\/racom.com.pl\\\/\",\"logo\":{\"@type\":\"ImageObject\",\"inLanguage\":\"pl-PL\",\"@id\":\"https:\\\/\\\/racom.com.pl\\\/#\\\/schema\\\/logo\\\/image\\\/\",\"url\":\"https:\\\/\\\/racom.com.pl\\\/wp-content\\\/uploads\\\/2025\\\/07\\\/mixmarket_logo.png\",\"contentUrl\":\"https:\\\/\\\/racom.com.pl\\\/wp-content\\\/uploads\\\/2025\\\/07\\\/mixmarket_logo.png\",\"width\":1024,\"height\":1024,\"caption\":\"Mix Market - Supermarket z wszystkim co potrzeba do domu i nie tylko\"},\"image\":{\"@id\":\"https:\\\/\\\/racom.com.pl\\\/#\\\/schema\\\/logo\\\/image\\\/\"}}]}<\/script>\n<!-- \/ Yoast SEO plugin. -->","yoast_head_json":{"title":"ORANGINA Original pomara\u0144cza ZGRZEWKA 1.4 L (1400ml) x6 sztuk - Mix Market - Supermarket z wszystkim co potrzeba","robots":{"index":"index","follow":"follow","max-snippet":"max-snippet:-1","max-image-preview":"max-image-preview:large","max-video-preview":"max-video-preview:-1"},"canonical":"https:\/\/racom.com.pl\/index.php\/produkt\/orangina-original-pomarancza-zgrzewka-1-4-l-1400ml-x6-sztuk\/","og_locale":"pl_PL","og_type":"article","og_title":"ORANGINA Original pomara\u0144cza ZGRZEWKA 1.4 L (1400ml) x6 sztuk - Mix Market - Supermarket z wszystkim co potrzeba","og_description":"ORANGINA ORIGINAL 6&#215;1,4L Orangina Original to unikatowy nap\u00f3j gazowany o intensywnym smaku cytrus\u00f3w, kt\u00f3ry od lat zachwyca konsument\u00f3w na ca\u0142ym \u015bwiecie. Dzi\u0119ki starannie wyselekcjonowanym sk\u0142adnikom, takim jak \u015bwie\u017ce pomara\u0144cze, cytryny i grejpfruty, ka\u017cdy \u0142yk tego orze\u017awiaj\u0105cego napoju to prawdziwa uczta dla podniebienia. Zaskocz swoich go\u015bci wyj\u0105tkowym smakiem Oranginy Original i si\u0119gnij po niego ju\u017c dzisiaj! [&hellip;]","og_url":"https:\/\/racom.com.pl\/index.php\/produkt\/orangina-original-pomarancza-zgrzewka-1-4-l-1400ml-x6-sztuk\/","og_site_name":"Mix Market - Supermarket z wszystkim co potrzeba","og_image":[{"width":2365,"height":2365,"url":"https:\/\/racom.com.pl\/wp-content\/uploads\/2025\/07\/allegro_687bba0992ec03.10095278_9be374ca451ea9f1c8d41ad8142a.jpg","type":"image\/jpeg"}],"twitter_card":"summary_large_image","twitter_misc":{"Szacowany czas czytania":"1 minuta"},"schema":{"@context":"https:\/\/schema.org","@graph":[{"@type":"WebPage","@id":"https:\/\/racom.com.pl\/index.php\/produkt\/orangina-original-pomarancza-zgrzewka-1-4-l-1400ml-x6-sztuk\/","url":"https:\/\/racom.com.pl\/index.php\/produkt\/orangina-original-pomarancza-zgrzewka-1-4-l-1400ml-x6-sztuk\/","name":"ORANGINA Original pomara\u0144cza ZGRZEWKA 1.4 L (1400ml) x6 sztuk - Mix Market - Supermarket z wszystkim co potrzeba","isPartOf":{"@id":"https:\/\/racom.com.pl\/#website"},"primaryImageOfPage":{"@id":"https:\/\/racom.com.pl\/index.php\/produkt\/orangina-original-pomarancza-zgrzewka-1-4-l-1400ml-x6-sztuk\/#primaryimage"},"image":{"@id":"https:\/\/racom.com.pl\/index.php\/produkt\/orangina-original-pomarancza-zgrzewka-1-4-l-1400ml-x6-sztuk\/#primaryimage"},"thumbnailUrl":"https:\/\/racom.com.pl\/wp-content\/uploads\/2025\/07\/allegro_687bba0992ec03.10095278_9be374ca451ea9f1c8d41ad8142a.jpg","datePublished":"2025-07-19T15:29:17+00:00","breadcrumb":{"@id":"https:\/\/racom.com.pl\/index.php\/produkt\/orangina-original-pomarancza-zgrzewka-1-4-l-1400ml-x6-sztuk\/#breadcrumb"},"inLanguage":"pl-PL","potentialAction":[{"@type":"ReadAction","target":["https:\/\/racom.com.pl\/index.php\/produkt\/orangina-original-pomarancza-zgrzewka-1-4-l-1400ml-x6-sztuk\/"]}]},{"@type":"ImageObject","inLanguage":"pl-PL","@id":"https:\/\/racom.com.pl\/index.php\/produkt\/orangina-original-pomarancza-zgrzewka-1-4-l-1400ml-x6-sztuk\/#primaryimage","url":"https:\/\/racom.com.pl\/wp-content\/uploads\/2025\/07\/allegro_687bba0992ec03.10095278_9be374ca451ea9f1c8d41ad8142a.jpg","contentUrl":"https:\/\/racom.com.pl\/wp-content\/uploads\/2025\/07\/allegro_687bba0992ec03.10095278_9be374ca451ea9f1c8d41ad8142a.jpg","width":2365,"height":2365},{"@type":"BreadcrumbList","@id":"https:\/\/racom.com.pl\/index.php\/produkt\/orangina-original-pomarancza-zgrzewka-1-4-l-1400ml-x6-sztuk\/#breadcrumb","itemListElement":[{"@type":"ListItem","position":1,"name":"Strona g\u0142\u00f3wna","item":"https:\/\/racom.com.pl\/"},{"@type":"ListItem","position":2,"name":"Sklep","item":"https:\/\/racom.com.pl\/"},{"@type":"ListItem","position":3,"name":"ORANGINA Original pomara\u0144cza ZGRZEWKA 1.4 L (1400ml) x6 sztuk"}]},{"@type":"WebSite","@id":"https:\/\/racom.com.pl\/#website","url":"https:\/\/racom.com.pl\/","name":"Mix Market - Supermarket z wszystkim co potrzeba do domu i nie tylko","description":"","publisher":{"@id":"https:\/\/racom.com.pl\/#organization"},"potentialAction":[{"@type":"SearchAction","target":{"@type":"EntryPoint","urlTemplate":"https:\/\/racom.com.pl\/?s={search_term_string}"},"query-input":{"@type":"PropertyValueSpecification","valueRequired":true,"valueName":"search_term_string"}}],"inLanguage":"pl-PL"},{"@type":"Organization","@id":"https:\/\/racom.com.pl\/#organization","name":"Mix Market - Supermarket z wszystkim co potrzeba do domu i nie tylko","url":"https:\/\/racom.com.pl\/","logo":{"@type":"ImageObject","inLanguage":"pl-PL","@id":"https:\/\/racom.com.pl\/#\/schema\/logo\/image\/","url":"https:\/\/racom.com.pl\/wp-content\/uploads\/2025\/07\/mixmarket_logo.png","contentUrl":"https:\/\/racom.com.pl\/wp-content\/uploads\/2025\/07\/mixmarket_logo.png","width":1024,"height":1024,"caption":"Mix Market - Supermarket z wszystkim co potrzeba do domu i nie tylko"},"image":{"@id":"https:\/\/racom.com.pl\/#\/schema\/logo\/image\/"}}]}},"_links":{"self":[{"href":"https:\/\/racom.com.pl\/index.php\/wp-json\/wp\/v2\/product\/2994","targetHints":{"allow":["GET"]}}],"collection":[{"href":"https:\/\/racom.com.pl\/index.php\/wp-json\/wp\/v2\/product"}],"about":[{"href":"https:\/\/racom.com.pl\/index.php\/wp-json\/wp\/v2\/types\/product"}],"replies":[{"embeddable":true,"href":"https:\/\/racom.com.pl\/index.php\/wp-json\/wp\/v2\/comments?post=2994"}],"wp:featuredmedia":[{"embeddable":true,"href":"https:\/\/racom.com.pl\/index.php\/wp-json\/wp\/v2\/media\/2997"}],"wp:attachment":[{"href":"https:\/\/racom.com.pl\/index.php\/wp-json\/wp\/v2\/media?parent=2994"}],"wp:term":[{"taxonomy":"product_brand","embeddable":true,"href":"https:\/\/racom.com.pl\/index.php\/wp-json\/wp\/v2\/product_brand?post=2994"},{"taxonomy":"product_cat","embeddable":true,"href":"https:\/\/racom.com.pl\/index.php\/wp-json\/wp\/v2\/product_cat?post=2994"},{"taxonomy":"product_tag","embeddable":true,"href":"https:\/\/racom.com.pl\/index.php\/wp-json\/wp\/v2\/product_tag?post=2994"}],"curies":[{"name":"wp","href":"https:\/\/api.w.org\/{rel}","templated":true}]}}