{"id":3002,"date":"2025-07-19T17:31:09","date_gmt":"2025-07-19T15:31:09","guid":{"rendered":"http:\/\/192.168.2.106\/index.php\/produkt\/tymbark-sok-100-pomarancza-z-witamina-c-zgrzewka-6x-1l\/"},"modified":"2025-07-19T17:31:09","modified_gmt":"2025-07-19T15:31:09","slug":"tymbark-sok-100-pomarancza-z-witamina-c-zgrzewka-6x-1l","status":"publish","type":"product","link":"https:\/\/racom.com.pl\/index.php\/produkt\/tymbark-sok-100-pomarancza-z-witamina-c-zgrzewka-6x-1l\/","title":{"rendered":"Tymbark Sok 100% Pomara\u0144cza z witamin\u0105 C Zgrzewka 6x 1L"},"content":{"rendered":"<h2>TYMBARK SOK 100% POMARA\u0143CZA 1 L<\/h2>\n<h2>TYMBARK SOK 100% POMARA\u0143CZA 1 L<\/h2>\n<p>Szklanka soku do \u015bniadania Ten sok jest \u017ar\u00f3d\u0142em witaminy C, dzi\u0119ki kt\u00f3rej Tw\u00f3j organizm \u0142atwiej przyswaja \u017celazo zawarte w Twoim \u015bniadaniu.<\/p>\n<p>Witamina C pomaga w prawid\u0142owym funkcjonowaniu uk\u0142adu odporno\u015bciowego. Potas pomaga w prawid\u0142owym funkcjonowaniu mi\u0119\u015bni, uk\u0142adu nerwowego oraz w utrzymaniu prawid\u0142owego ci\u015bnienia krwi. Zr\u00f3wnowa\u017cona dieta oraz zdrowy tryb \u017cycia maj\u0105 du\u017ce znaczenie dla zachowania zdrowia.<\/p>\n<p>sok pomara\u0144czowy 100% z zag\u0119szczonego soku, witamina C<\/p>\n<p>Warto\u015b\u0107 od\u017cywcza w 100 ml: Energia: 187 kJ \/ 44 kcal, T\u0142uszcz: 0 g, w tym kwasy nasycone: 0 g, W\u0119glowodany: 10 g, w tym cukry: 10 g, Bia\u0142ko: 0,6 g, S\u00f3l: 0 g, Witamina C: 6 mg \/ 7,5%*, Potas: 150 mg \/ 7,5%*, *% referencyjnej warto\u015bci spo\u017cycia, Zawiera naturalnie wyst\u0119puj\u0105ce cukry tylko z owoc\u00f3w.<\/p>\n","protected":false},"excerpt":{"rendered":"<p>TYMBARK SOK 100% POMARA\u0143CZA 1 L TYMBARK SOK 100% POMARA\u0143CZA 1 L Szklanka soku do \u015bniadania Ten sok jest \u017ar\u00f3d\u0142em witaminy C, dzi\u0119ki kt\u00f3rej Tw\u00f3j organizm \u0142atwiej przyswaja \u017celazo zawarte w Twoim \u015bniadaniu. Witamina C pomaga w prawid\u0142owym funkcjonowaniu uk\u0142adu odporno\u015bciowego. Potas pomaga w prawid\u0142owym funkcjonowaniu mi\u0119\u015bni, uk\u0142adu nerwowego oraz w utrzymaniu prawid\u0142owego ci\u015bnienia krwi. [&hellip;]<\/p>\n","protected":false},"featured_media":3005,"comment_status":"open","ping_status":"closed","template":"","meta":[],"product_brand":[151],"product_cat":[116],"product_tag":[],"class_list":{"0":"post-3002","1":"product","2":"type-product","3":"status-publish","4":"has-post-thumbnail","6":"product_brand-tymbark","7":"product_cat-napoje-i-akcesoria","9":"first","10":"instock","11":"taxable","12":"shipping-taxable","13":"purchasable","14":"product-type-simple"},"yoast_head":"<!-- This site is optimized with the Yoast SEO plugin v27.3 - https:\/\/yoast.com\/product\/yoast-seo-wordpress\/ -->\n<title>Tymbark Sok 100% Pomara\u0144cza z witamin\u0105 C Zgrzewka 6x 1L - Mix Market - Supermarket z wszystkim co potrzeba<\/title>\n<meta name=\"robots\" content=\"index, follow, max-snippet:-1, max-image-preview:large, max-video-preview:-1\" \/>\n<link rel=\"canonical\" href=\"https:\/\/racom.com.pl\/index.php\/produkt\/tymbark-sok-100-pomarancza-z-witamina-c-zgrzewka-6x-1l\/\" \/>\n<meta property=\"og:locale\" content=\"pl_PL\" \/>\n<meta property=\"og:type\" content=\"article\" \/>\n<meta property=\"og:title\" content=\"Tymbark Sok 100% Pomara\u0144cza z witamin\u0105 C Zgrzewka 6x 1L - Mix Market - Supermarket z wszystkim co potrzeba\" \/>\n<meta property=\"og:description\" content=\"TYMBARK SOK 100% POMARA\u0143CZA 1 L TYMBARK SOK 100% POMARA\u0143CZA 1 L Szklanka soku do \u015bniadania Ten sok jest \u017ar\u00f3d\u0142em witaminy C, dzi\u0119ki kt\u00f3rej Tw\u00f3j organizm \u0142atwiej przyswaja \u017celazo zawarte w Twoim \u015bniadaniu. Witamina C pomaga w prawid\u0142owym funkcjonowaniu uk\u0142adu odporno\u015bciowego. Potas pomaga w prawid\u0142owym funkcjonowaniu mi\u0119\u015bni, uk\u0142adu nerwowego oraz w utrzymaniu prawid\u0142owego ci\u015bnienia krwi. [&hellip;]\" \/>\n<meta property=\"og:url\" content=\"https:\/\/racom.com.pl\/index.php\/produkt\/tymbark-sok-100-pomarancza-z-witamina-c-zgrzewka-6x-1l\/\" \/>\n<meta property=\"og:site_name\" content=\"Mix Market - Supermarket z wszystkim co potrzeba\" \/>\n<meta property=\"og:image\" content=\"https:\/\/racom.com.pl\/wp-content\/uploads\/2025\/07\/allegro_687bba46ef7cd4.85322355_9dac321547839b925fbf9581c035.jpg\" \/>\n\t<meta property=\"og:image:width\" content=\"2365\" \/>\n\t<meta property=\"og:image:height\" content=\"2365\" \/>\n\t<meta property=\"og:image:type\" content=\"image\/jpeg\" \/>\n<meta name=\"twitter:card\" content=\"summary_large_image\" \/>\n<meta name=\"twitter:label1\" content=\"Szacowany czas czytania\" \/>\n\t<meta name=\"twitter:data1\" content=\"1 minuta\" \/>\n<script type=\"application\/ld+json\" class=\"yoast-schema-graph\">{\"@context\":\"https:\\\/\\\/schema.org\",\"@graph\":[{\"@type\":\"WebPage\",\"@id\":\"https:\\\/\\\/racom.com.pl\\\/index.php\\\/produkt\\\/tymbark-sok-100-pomarancza-z-witamina-c-zgrzewka-6x-1l\\\/\",\"url\":\"https:\\\/\\\/racom.com.pl\\\/index.php\\\/produkt\\\/tymbark-sok-100-pomarancza-z-witamina-c-zgrzewka-6x-1l\\\/\",\"name\":\"Tymbark Sok 100% Pomara\u0144cza z witamin\u0105 C Zgrzewka 6x 1L - Mix Market - Supermarket z wszystkim co potrzeba\",\"isPartOf\":{\"@id\":\"https:\\\/\\\/racom.com.pl\\\/#website\"},\"primaryImageOfPage\":{\"@id\":\"https:\\\/\\\/racom.com.pl\\\/index.php\\\/produkt\\\/tymbark-sok-100-pomarancza-z-witamina-c-zgrzewka-6x-1l\\\/#primaryimage\"},\"image\":{\"@id\":\"https:\\\/\\\/racom.com.pl\\\/index.php\\\/produkt\\\/tymbark-sok-100-pomarancza-z-witamina-c-zgrzewka-6x-1l\\\/#primaryimage\"},\"thumbnailUrl\":\"https:\\\/\\\/racom.com.pl\\\/wp-content\\\/uploads\\\/2025\\\/07\\\/allegro_687bba46ef7cd4.85322355_9dac321547839b925fbf9581c035.jpg\",\"datePublished\":\"2025-07-19T15:31:09+00:00\",\"breadcrumb\":{\"@id\":\"https:\\\/\\\/racom.com.pl\\\/index.php\\\/produkt\\\/tymbark-sok-100-pomarancza-z-witamina-c-zgrzewka-6x-1l\\\/#breadcrumb\"},\"inLanguage\":\"pl-PL\",\"potentialAction\":[{\"@type\":\"ReadAction\",\"target\":[\"https:\\\/\\\/racom.com.pl\\\/index.php\\\/produkt\\\/tymbark-sok-100-pomarancza-z-witamina-c-zgrzewka-6x-1l\\\/\"]}]},{\"@type\":\"ImageObject\",\"inLanguage\":\"pl-PL\",\"@id\":\"https:\\\/\\\/racom.com.pl\\\/index.php\\\/produkt\\\/tymbark-sok-100-pomarancza-z-witamina-c-zgrzewka-6x-1l\\\/#primaryimage\",\"url\":\"https:\\\/\\\/racom.com.pl\\\/wp-content\\\/uploads\\\/2025\\\/07\\\/allegro_687bba46ef7cd4.85322355_9dac321547839b925fbf9581c035.jpg\",\"contentUrl\":\"https:\\\/\\\/racom.com.pl\\\/wp-content\\\/uploads\\\/2025\\\/07\\\/allegro_687bba46ef7cd4.85322355_9dac321547839b925fbf9581c035.jpg\",\"width\":2365,\"height\":2365},{\"@type\":\"BreadcrumbList\",\"@id\":\"https:\\\/\\\/racom.com.pl\\\/index.php\\\/produkt\\\/tymbark-sok-100-pomarancza-z-witamina-c-zgrzewka-6x-1l\\\/#breadcrumb\",\"itemListElement\":[{\"@type\":\"ListItem\",\"position\":1,\"name\":\"Strona g\u0142\u00f3wna\",\"item\":\"https:\\\/\\\/racom.com.pl\\\/\"},{\"@type\":\"ListItem\",\"position\":2,\"name\":\"Sklep\",\"item\":\"https:\\\/\\\/racom.com.pl\\\/\"},{\"@type\":\"ListItem\",\"position\":3,\"name\":\"Tymbark Sok 100% Pomara\u0144cza z witamin\u0105 C Zgrzewka 6x 1L\"}]},{\"@type\":\"WebSite\",\"@id\":\"https:\\\/\\\/racom.com.pl\\\/#website\",\"url\":\"https:\\\/\\\/racom.com.pl\\\/\",\"name\":\"Mix Market - Supermarket z wszystkim co potrzeba do domu i nie tylko\",\"description\":\"\",\"publisher\":{\"@id\":\"https:\\\/\\\/racom.com.pl\\\/#organization\"},\"potentialAction\":[{\"@type\":\"SearchAction\",\"target\":{\"@type\":\"EntryPoint\",\"urlTemplate\":\"https:\\\/\\\/racom.com.pl\\\/?s={search_term_string}\"},\"query-input\":{\"@type\":\"PropertyValueSpecification\",\"valueRequired\":true,\"valueName\":\"search_term_string\"}}],\"inLanguage\":\"pl-PL\"},{\"@type\":\"Organization\",\"@id\":\"https:\\\/\\\/racom.com.pl\\\/#organization\",\"name\":\"Mix Market - Supermarket z wszystkim co potrzeba do domu i nie tylko\",\"url\":\"https:\\\/\\\/racom.com.pl\\\/\",\"logo\":{\"@type\":\"ImageObject\",\"inLanguage\":\"pl-PL\",\"@id\":\"https:\\\/\\\/racom.com.pl\\\/#\\\/schema\\\/logo\\\/image\\\/\",\"url\":\"https:\\\/\\\/racom.com.pl\\\/wp-content\\\/uploads\\\/2025\\\/07\\\/mixmarket_logo.png\",\"contentUrl\":\"https:\\\/\\\/racom.com.pl\\\/wp-content\\\/uploads\\\/2025\\\/07\\\/mixmarket_logo.png\",\"width\":1024,\"height\":1024,\"caption\":\"Mix Market - Supermarket z wszystkim co potrzeba do domu i nie tylko\"},\"image\":{\"@id\":\"https:\\\/\\\/racom.com.pl\\\/#\\\/schema\\\/logo\\\/image\\\/\"}}]}<\/script>\n<!-- \/ Yoast SEO plugin. -->","yoast_head_json":{"title":"Tymbark Sok 100% Pomara\u0144cza z witamin\u0105 C Zgrzewka 6x 1L - Mix Market - Supermarket z wszystkim co potrzeba","robots":{"index":"index","follow":"follow","max-snippet":"max-snippet:-1","max-image-preview":"max-image-preview:large","max-video-preview":"max-video-preview:-1"},"canonical":"https:\/\/racom.com.pl\/index.php\/produkt\/tymbark-sok-100-pomarancza-z-witamina-c-zgrzewka-6x-1l\/","og_locale":"pl_PL","og_type":"article","og_title":"Tymbark Sok 100% Pomara\u0144cza z witamin\u0105 C Zgrzewka 6x 1L - Mix Market - Supermarket z wszystkim co potrzeba","og_description":"TYMBARK SOK 100% POMARA\u0143CZA 1 L TYMBARK SOK 100% POMARA\u0143CZA 1 L Szklanka soku do \u015bniadania Ten sok jest \u017ar\u00f3d\u0142em witaminy C, dzi\u0119ki kt\u00f3rej Tw\u00f3j organizm \u0142atwiej przyswaja \u017celazo zawarte w Twoim \u015bniadaniu. Witamina C pomaga w prawid\u0142owym funkcjonowaniu uk\u0142adu odporno\u015bciowego. Potas pomaga w prawid\u0142owym funkcjonowaniu mi\u0119\u015bni, uk\u0142adu nerwowego oraz w utrzymaniu prawid\u0142owego ci\u015bnienia krwi. [&hellip;]","og_url":"https:\/\/racom.com.pl\/index.php\/produkt\/tymbark-sok-100-pomarancza-z-witamina-c-zgrzewka-6x-1l\/","og_site_name":"Mix Market - Supermarket z wszystkim co potrzeba","og_image":[{"width":2365,"height":2365,"url":"https:\/\/racom.com.pl\/wp-content\/uploads\/2025\/07\/allegro_687bba46ef7cd4.85322355_9dac321547839b925fbf9581c035.jpg","type":"image\/jpeg"}],"twitter_card":"summary_large_image","twitter_misc":{"Szacowany czas czytania":"1 minuta"},"schema":{"@context":"https:\/\/schema.org","@graph":[{"@type":"WebPage","@id":"https:\/\/racom.com.pl\/index.php\/produkt\/tymbark-sok-100-pomarancza-z-witamina-c-zgrzewka-6x-1l\/","url":"https:\/\/racom.com.pl\/index.php\/produkt\/tymbark-sok-100-pomarancza-z-witamina-c-zgrzewka-6x-1l\/","name":"Tymbark Sok 100% Pomara\u0144cza z witamin\u0105 C Zgrzewka 6x 1L - Mix Market - Supermarket z wszystkim co potrzeba","isPartOf":{"@id":"https:\/\/racom.com.pl\/#website"},"primaryImageOfPage":{"@id":"https:\/\/racom.com.pl\/index.php\/produkt\/tymbark-sok-100-pomarancza-z-witamina-c-zgrzewka-6x-1l\/#primaryimage"},"image":{"@id":"https:\/\/racom.com.pl\/index.php\/produkt\/tymbark-sok-100-pomarancza-z-witamina-c-zgrzewka-6x-1l\/#primaryimage"},"thumbnailUrl":"https:\/\/racom.com.pl\/wp-content\/uploads\/2025\/07\/allegro_687bba46ef7cd4.85322355_9dac321547839b925fbf9581c035.jpg","datePublished":"2025-07-19T15:31:09+00:00","breadcrumb":{"@id":"https:\/\/racom.com.pl\/index.php\/produkt\/tymbark-sok-100-pomarancza-z-witamina-c-zgrzewka-6x-1l\/#breadcrumb"},"inLanguage":"pl-PL","potentialAction":[{"@type":"ReadAction","target":["https:\/\/racom.com.pl\/index.php\/produkt\/tymbark-sok-100-pomarancza-z-witamina-c-zgrzewka-6x-1l\/"]}]},{"@type":"ImageObject","inLanguage":"pl-PL","@id":"https:\/\/racom.com.pl\/index.php\/produkt\/tymbark-sok-100-pomarancza-z-witamina-c-zgrzewka-6x-1l\/#primaryimage","url":"https:\/\/racom.com.pl\/wp-content\/uploads\/2025\/07\/allegro_687bba46ef7cd4.85322355_9dac321547839b925fbf9581c035.jpg","contentUrl":"https:\/\/racom.com.pl\/wp-content\/uploads\/2025\/07\/allegro_687bba46ef7cd4.85322355_9dac321547839b925fbf9581c035.jpg","width":2365,"height":2365},{"@type":"BreadcrumbList","@id":"https:\/\/racom.com.pl\/index.php\/produkt\/tymbark-sok-100-pomarancza-z-witamina-c-zgrzewka-6x-1l\/#breadcrumb","itemListElement":[{"@type":"ListItem","position":1,"name":"Strona g\u0142\u00f3wna","item":"https:\/\/racom.com.pl\/"},{"@type":"ListItem","position":2,"name":"Sklep","item":"https:\/\/racom.com.pl\/"},{"@type":"ListItem","position":3,"name":"Tymbark Sok 100% Pomara\u0144cza z witamin\u0105 C Zgrzewka 6x 1L"}]},{"@type":"WebSite","@id":"https:\/\/racom.com.pl\/#website","url":"https:\/\/racom.com.pl\/","name":"Mix Market - Supermarket z wszystkim co potrzeba do domu i nie tylko","description":"","publisher":{"@id":"https:\/\/racom.com.pl\/#organization"},"potentialAction":[{"@type":"SearchAction","target":{"@type":"EntryPoint","urlTemplate":"https:\/\/racom.com.pl\/?s={search_term_string}"},"query-input":{"@type":"PropertyValueSpecification","valueRequired":true,"valueName":"search_term_string"}}],"inLanguage":"pl-PL"},{"@type":"Organization","@id":"https:\/\/racom.com.pl\/#organization","name":"Mix Market - Supermarket z wszystkim co potrzeba do domu i nie tylko","url":"https:\/\/racom.com.pl\/","logo":{"@type":"ImageObject","inLanguage":"pl-PL","@id":"https:\/\/racom.com.pl\/#\/schema\/logo\/image\/","url":"https:\/\/racom.com.pl\/wp-content\/uploads\/2025\/07\/mixmarket_logo.png","contentUrl":"https:\/\/racom.com.pl\/wp-content\/uploads\/2025\/07\/mixmarket_logo.png","width":1024,"height":1024,"caption":"Mix Market - Supermarket z wszystkim co potrzeba do domu i nie tylko"},"image":{"@id":"https:\/\/racom.com.pl\/#\/schema\/logo\/image\/"}}]}},"_links":{"self":[{"href":"https:\/\/racom.com.pl\/index.php\/wp-json\/wp\/v2\/product\/3002","targetHints":{"allow":["GET"]}}],"collection":[{"href":"https:\/\/racom.com.pl\/index.php\/wp-json\/wp\/v2\/product"}],"about":[{"href":"https:\/\/racom.com.pl\/index.php\/wp-json\/wp\/v2\/types\/product"}],"replies":[{"embeddable":true,"href":"https:\/\/racom.com.pl\/index.php\/wp-json\/wp\/v2\/comments?post=3002"}],"wp:featuredmedia":[{"embeddable":true,"href":"https:\/\/racom.com.pl\/index.php\/wp-json\/wp\/v2\/media\/3005"}],"wp:attachment":[{"href":"https:\/\/racom.com.pl\/index.php\/wp-json\/wp\/v2\/media?parent=3002"}],"wp:term":[{"taxonomy":"product_brand","embeddable":true,"href":"https:\/\/racom.com.pl\/index.php\/wp-json\/wp\/v2\/product_brand?post=3002"},{"taxonomy":"product_cat","embeddable":true,"href":"https:\/\/racom.com.pl\/index.php\/wp-json\/wp\/v2\/product_cat?post=3002"},{"taxonomy":"product_tag","embeddable":true,"href":"https:\/\/racom.com.pl\/index.php\/wp-json\/wp\/v2\/product_tag?post=3002"}],"curies":[{"name":"wp","href":"https:\/\/api.w.org\/{rel}","templated":true}]}}