{"id":3010,"date":"2025-07-19T17:32:05","date_gmt":"2025-07-19T15:32:05","guid":{"rendered":"http:\/\/192.168.2.106\/index.php\/produkt\/syrop-herbapol-granat-grenadyna-wit-c-duze-opakowanie-kanister-3-1l-3100ml\/"},"modified":"2025-07-19T17:32:05","modified_gmt":"2025-07-19T15:32:05","slug":"syrop-herbapol-granat-grenadyna-wit-c-duze-opakowanie-kanister-3-1l-3100ml","status":"publish","type":"product","link":"https:\/\/racom.com.pl\/index.php\/produkt\/syrop-herbapol-granat-grenadyna-wit-c-duze-opakowanie-kanister-3-1l-3100ml\/","title":{"rendered":"Syrop Herbapol GRANAT Grenadyna wit. C Du\u017ce Opakowanie Kanister 3.1L 3100ml"},"content":{"rendered":"<h2>Owocowa Spi\u017carnia Grenadyna o smaku granatu 3,1L<\/h2>\n<p>Suplement diety w p\u0142ynie z witamin\u0105 C o smaku granatu.<\/p>\n<p>Nasz produkt sprawdza si\u0119 jako urozmaicenie: herbaty, deser\u00f3w, da\u0144, koktajli.<\/p>\n<p>Korzystny efekt wynikaj\u0105cy z deklarowanego dzia\u0142ania wyst\u0119puje w przypadku spo\u017cycia 40 ml produktu (2 x 20 ml).<\/p>\n<ul>\n<li>Suplement diety nie mo\u017ce by\u0107 stosowany jako substytut zr\u00f3\u017cnicowanej diety. Zr\u00f3wnowa\u017cona i zr\u00f3\u017cnicowana dieta oraz zdrowy styl \u017cycia s\u0105 podstaw\u0105 zapewnienia prawid\u0142owego funkcjonowania organizmu. Produkt nieodpowiedni dla diabetyk\u00f3w.<\/li>\n<li>Przechowywa\u0107 w zamkni\u0119tym opakowaniu w temperaturze pokojowej, w spos\u00f3b niedost\u0119pny dla ma\u0142ych dzieci. Chroni\u0107 od \u015bwiat\u0142a.<\/li>\n<\/ul>\n<p>Opakowanie zawiera 77,5 zalecanych dziennych porcji po 40 ml.<\/p>\n<p>Sk\u0142adniki:<\/p>\n<p>A \u2013 cukier lub B \u2013 syrop glukozowo-fruktozowy, woda, 0,2% zag\u0119szczonego soku z granatu o ekstrakcie og\u00f3lnym 65%, zag\u0119szczony sok aroniowy, regulator kwasowo\u015bci: kwas cytrynowy, koncentrat soku z czarnej marchwi, substancja konserwuj\u0105ca: benzoesan sodu, aromat, witamina C, barwnik: czerwie\u0144 allura AC.<\/p>\n<p>Litera (A lub B) umieszczona przy numerze partii wskazuje na u\u017cyty do produkcji sk\u0142adnik.<\/p>\n<p>Czerwie\u0144 allura mo\u017ce mie\u0107 szkodliwy wp\u0142yw na aktywno\u015b\u0107 i skupienie uwagi u dzieci.<\/p>\n<\/p>\n<p>Warto\u015b\u0107 od\u017cywcza w 100 ml:<\/p>\n<p>Warto\u015b\u0107 energetyczna 1400 kJ (329 kcal), W\u0119glowodany: 82 g (w tym cukry 81 g), S\u00f3l: 0,05 g.<\/p>\n<p>Warto\u015b\u0107 od\u017cywcza w 40 ml:<\/p>\n<p>Warto\u015b\u0107 energetyczna 560 kJ (132 kcal), W\u0119glowodany: 33 g (w tym cukry: 32 g), S\u00f3l: 0,02 g.<\/p>\n<p>Zawiera znikome ilo\u015bci t\u0142uszczu (w tym kwas\u00f3w t\u0142uszczowych nasyconych) i bia\u0142ka.<\/p>\n<p>Dzienna porcja (40ml) zawiera:<\/p>\n<p>Witamina C 40 mg (50% RWS*)<\/p>\n<p>*RWS \u2013 referencyjna warto\u015b\u0107 spo\u017cycia<\/p>\n<p>PRODUCENT:<\/p>\n<p>HERBAPOL LUBLIN<\/p>\n<p>ul. Diamentowa 25<\/p>\n<p>20-471 Lublin<\/p>\n<p>POLSKA<\/p>\n","protected":false},"excerpt":{"rendered":"<p>Owocowa Spi\u017carnia Grenadyna o smaku granatu 3,1L Suplement diety w p\u0142ynie z witamin\u0105 C o smaku granatu. Nasz produkt sprawdza si\u0119 jako urozmaicenie: herbaty, deser\u00f3w, da\u0144, koktajli. Korzystny efekt wynikaj\u0105cy z deklarowanego dzia\u0142ania wyst\u0119puje w przypadku spo\u017cycia 40 ml produktu (2 x 20 ml). Suplement diety nie mo\u017ce by\u0107 stosowany jako substytut zr\u00f3\u017cnicowanej diety. Zr\u00f3wnowa\u017cona [&hellip;]<\/p>\n","protected":false},"featured_media":3013,"comment_status":"open","ping_status":"closed","template":"","meta":[],"product_brand":[144],"product_cat":[116],"product_tag":[],"class_list":{"0":"post-3010","1":"product","2":"type-product","3":"status-publish","4":"has-post-thumbnail","6":"product_brand-herbapol","7":"product_cat-napoje-i-akcesoria","9":"first","10":"outofstock","11":"taxable","12":"shipping-taxable","13":"purchasable","14":"product-type-simple"},"yoast_head":"<!-- This site is optimized with the Yoast SEO plugin v27.3 - https:\/\/yoast.com\/product\/yoast-seo-wordpress\/ -->\n<title>Syrop Herbapol GRANAT Grenadyna wit. C Du\u017ce Opakowanie Kanister 3.1L 3100ml - Mix Market - Supermarket z wszystkim co potrzeba<\/title>\n<meta name=\"robots\" content=\"index, follow, max-snippet:-1, max-image-preview:large, max-video-preview:-1\" \/>\n<link rel=\"canonical\" href=\"https:\/\/racom.com.pl\/index.php\/produkt\/syrop-herbapol-granat-grenadyna-wit-c-duze-opakowanie-kanister-3-1l-3100ml\/\" \/>\n<meta property=\"og:locale\" content=\"pl_PL\" \/>\n<meta property=\"og:type\" content=\"article\" \/>\n<meta property=\"og:title\" content=\"Syrop Herbapol GRANAT Grenadyna wit. C Du\u017ce Opakowanie Kanister 3.1L 3100ml - Mix Market - Supermarket z wszystkim co potrzeba\" \/>\n<meta property=\"og:description\" content=\"Owocowa Spi\u017carnia Grenadyna o smaku granatu 3,1L Suplement diety w p\u0142ynie z witamin\u0105 C o smaku granatu. Nasz produkt sprawdza si\u0119 jako urozmaicenie: herbaty, deser\u00f3w, da\u0144, koktajli. Korzystny efekt wynikaj\u0105cy z deklarowanego dzia\u0142ania wyst\u0119puje w przypadku spo\u017cycia 40 ml produktu (2 x 20 ml). Suplement diety nie mo\u017ce by\u0107 stosowany jako substytut zr\u00f3\u017cnicowanej diety. Zr\u00f3wnowa\u017cona [&hellip;]\" \/>\n<meta property=\"og:url\" content=\"https:\/\/racom.com.pl\/index.php\/produkt\/syrop-herbapol-granat-grenadyna-wit-c-duze-opakowanie-kanister-3-1l-3100ml\/\" \/>\n<meta property=\"og:site_name\" content=\"Mix Market - Supermarket z wszystkim co potrzeba\" \/>\n<meta property=\"og:image\" content=\"https:\/\/racom.com.pl\/wp-content\/uploads\/2025\/07\/allegro_687bbab95cece3.86529768_bf7fa5ab46c4ae6a89dd8cc54aeb.jpg\" \/>\n\t<meta property=\"og:image:width\" content=\"2365\" \/>\n\t<meta property=\"og:image:height\" content=\"2365\" \/>\n\t<meta property=\"og:image:type\" content=\"image\/jpeg\" \/>\n<meta name=\"twitter:card\" content=\"summary_large_image\" \/>\n<meta name=\"twitter:label1\" content=\"Szacowany czas czytania\" \/>\n\t<meta name=\"twitter:data1\" content=\"1 minuta\" \/>\n<script type=\"application\/ld+json\" class=\"yoast-schema-graph\">{\"@context\":\"https:\\\/\\\/schema.org\",\"@graph\":[{\"@type\":\"WebPage\",\"@id\":\"https:\\\/\\\/racom.com.pl\\\/index.php\\\/produkt\\\/syrop-herbapol-granat-grenadyna-wit-c-duze-opakowanie-kanister-3-1l-3100ml\\\/\",\"url\":\"https:\\\/\\\/racom.com.pl\\\/index.php\\\/produkt\\\/syrop-herbapol-granat-grenadyna-wit-c-duze-opakowanie-kanister-3-1l-3100ml\\\/\",\"name\":\"Syrop Herbapol GRANAT Grenadyna wit. C Du\u017ce Opakowanie Kanister 3.1L 3100ml - Mix Market - Supermarket z wszystkim co potrzeba\",\"isPartOf\":{\"@id\":\"https:\\\/\\\/racom.com.pl\\\/#website\"},\"primaryImageOfPage\":{\"@id\":\"https:\\\/\\\/racom.com.pl\\\/index.php\\\/produkt\\\/syrop-herbapol-granat-grenadyna-wit-c-duze-opakowanie-kanister-3-1l-3100ml\\\/#primaryimage\"},\"image\":{\"@id\":\"https:\\\/\\\/racom.com.pl\\\/index.php\\\/produkt\\\/syrop-herbapol-granat-grenadyna-wit-c-duze-opakowanie-kanister-3-1l-3100ml\\\/#primaryimage\"},\"thumbnailUrl\":\"https:\\\/\\\/racom.com.pl\\\/wp-content\\\/uploads\\\/2025\\\/07\\\/allegro_687bbab95cece3.86529768_bf7fa5ab46c4ae6a89dd8cc54aeb.jpg\",\"datePublished\":\"2025-07-19T15:32:05+00:00\",\"breadcrumb\":{\"@id\":\"https:\\\/\\\/racom.com.pl\\\/index.php\\\/produkt\\\/syrop-herbapol-granat-grenadyna-wit-c-duze-opakowanie-kanister-3-1l-3100ml\\\/#breadcrumb\"},\"inLanguage\":\"pl-PL\",\"potentialAction\":[{\"@type\":\"ReadAction\",\"target\":[\"https:\\\/\\\/racom.com.pl\\\/index.php\\\/produkt\\\/syrop-herbapol-granat-grenadyna-wit-c-duze-opakowanie-kanister-3-1l-3100ml\\\/\"]}]},{\"@type\":\"ImageObject\",\"inLanguage\":\"pl-PL\",\"@id\":\"https:\\\/\\\/racom.com.pl\\\/index.php\\\/produkt\\\/syrop-herbapol-granat-grenadyna-wit-c-duze-opakowanie-kanister-3-1l-3100ml\\\/#primaryimage\",\"url\":\"https:\\\/\\\/racom.com.pl\\\/wp-content\\\/uploads\\\/2025\\\/07\\\/allegro_687bbab95cece3.86529768_bf7fa5ab46c4ae6a89dd8cc54aeb.jpg\",\"contentUrl\":\"https:\\\/\\\/racom.com.pl\\\/wp-content\\\/uploads\\\/2025\\\/07\\\/allegro_687bbab95cece3.86529768_bf7fa5ab46c4ae6a89dd8cc54aeb.jpg\",\"width\":2365,\"height\":2365},{\"@type\":\"BreadcrumbList\",\"@id\":\"https:\\\/\\\/racom.com.pl\\\/index.php\\\/produkt\\\/syrop-herbapol-granat-grenadyna-wit-c-duze-opakowanie-kanister-3-1l-3100ml\\\/#breadcrumb\",\"itemListElement\":[{\"@type\":\"ListItem\",\"position\":1,\"name\":\"Strona g\u0142\u00f3wna\",\"item\":\"https:\\\/\\\/racom.com.pl\\\/\"},{\"@type\":\"ListItem\",\"position\":2,\"name\":\"Sklep\",\"item\":\"https:\\\/\\\/racom.com.pl\\\/\"},{\"@type\":\"ListItem\",\"position\":3,\"name\":\"Syrop Herbapol GRANAT Grenadyna wit. C Du\u017ce Opakowanie Kanister 3.1L 3100ml\"}]},{\"@type\":\"WebSite\",\"@id\":\"https:\\\/\\\/racom.com.pl\\\/#website\",\"url\":\"https:\\\/\\\/racom.com.pl\\\/\",\"name\":\"Mix Market - Supermarket z wszystkim co potrzeba do domu i nie tylko\",\"description\":\"\",\"publisher\":{\"@id\":\"https:\\\/\\\/racom.com.pl\\\/#organization\"},\"potentialAction\":[{\"@type\":\"SearchAction\",\"target\":{\"@type\":\"EntryPoint\",\"urlTemplate\":\"https:\\\/\\\/racom.com.pl\\\/?s={search_term_string}\"},\"query-input\":{\"@type\":\"PropertyValueSpecification\",\"valueRequired\":true,\"valueName\":\"search_term_string\"}}],\"inLanguage\":\"pl-PL\"},{\"@type\":\"Organization\",\"@id\":\"https:\\\/\\\/racom.com.pl\\\/#organization\",\"name\":\"Mix Market - Supermarket z wszystkim co potrzeba do domu i nie tylko\",\"url\":\"https:\\\/\\\/racom.com.pl\\\/\",\"logo\":{\"@type\":\"ImageObject\",\"inLanguage\":\"pl-PL\",\"@id\":\"https:\\\/\\\/racom.com.pl\\\/#\\\/schema\\\/logo\\\/image\\\/\",\"url\":\"https:\\\/\\\/racom.com.pl\\\/wp-content\\\/uploads\\\/2025\\\/07\\\/mixmarket_logo.png\",\"contentUrl\":\"https:\\\/\\\/racom.com.pl\\\/wp-content\\\/uploads\\\/2025\\\/07\\\/mixmarket_logo.png\",\"width\":1024,\"height\":1024,\"caption\":\"Mix Market - Supermarket z wszystkim co potrzeba do domu i nie tylko\"},\"image\":{\"@id\":\"https:\\\/\\\/racom.com.pl\\\/#\\\/schema\\\/logo\\\/image\\\/\"}}]}<\/script>\n<!-- \/ Yoast SEO plugin. -->","yoast_head_json":{"title":"Syrop Herbapol GRANAT Grenadyna wit. C Du\u017ce Opakowanie Kanister 3.1L 3100ml - Mix Market - Supermarket z wszystkim co potrzeba","robots":{"index":"index","follow":"follow","max-snippet":"max-snippet:-1","max-image-preview":"max-image-preview:large","max-video-preview":"max-video-preview:-1"},"canonical":"https:\/\/racom.com.pl\/index.php\/produkt\/syrop-herbapol-granat-grenadyna-wit-c-duze-opakowanie-kanister-3-1l-3100ml\/","og_locale":"pl_PL","og_type":"article","og_title":"Syrop Herbapol GRANAT Grenadyna wit. C Du\u017ce Opakowanie Kanister 3.1L 3100ml - Mix Market - Supermarket z wszystkim co potrzeba","og_description":"Owocowa Spi\u017carnia Grenadyna o smaku granatu 3,1L Suplement diety w p\u0142ynie z witamin\u0105 C o smaku granatu. Nasz produkt sprawdza si\u0119 jako urozmaicenie: herbaty, deser\u00f3w, da\u0144, koktajli. Korzystny efekt wynikaj\u0105cy z deklarowanego dzia\u0142ania wyst\u0119puje w przypadku spo\u017cycia 40 ml produktu (2 x 20 ml). Suplement diety nie mo\u017ce by\u0107 stosowany jako substytut zr\u00f3\u017cnicowanej diety. Zr\u00f3wnowa\u017cona [&hellip;]","og_url":"https:\/\/racom.com.pl\/index.php\/produkt\/syrop-herbapol-granat-grenadyna-wit-c-duze-opakowanie-kanister-3-1l-3100ml\/","og_site_name":"Mix Market - Supermarket z wszystkim co potrzeba","og_image":[{"width":2365,"height":2365,"url":"https:\/\/racom.com.pl\/wp-content\/uploads\/2025\/07\/allegro_687bbab95cece3.86529768_bf7fa5ab46c4ae6a89dd8cc54aeb.jpg","type":"image\/jpeg"}],"twitter_card":"summary_large_image","twitter_misc":{"Szacowany czas czytania":"1 minuta"},"schema":{"@context":"https:\/\/schema.org","@graph":[{"@type":"WebPage","@id":"https:\/\/racom.com.pl\/index.php\/produkt\/syrop-herbapol-granat-grenadyna-wit-c-duze-opakowanie-kanister-3-1l-3100ml\/","url":"https:\/\/racom.com.pl\/index.php\/produkt\/syrop-herbapol-granat-grenadyna-wit-c-duze-opakowanie-kanister-3-1l-3100ml\/","name":"Syrop Herbapol GRANAT Grenadyna wit. C Du\u017ce Opakowanie Kanister 3.1L 3100ml - Mix Market - Supermarket z wszystkim co potrzeba","isPartOf":{"@id":"https:\/\/racom.com.pl\/#website"},"primaryImageOfPage":{"@id":"https:\/\/racom.com.pl\/index.php\/produkt\/syrop-herbapol-granat-grenadyna-wit-c-duze-opakowanie-kanister-3-1l-3100ml\/#primaryimage"},"image":{"@id":"https:\/\/racom.com.pl\/index.php\/produkt\/syrop-herbapol-granat-grenadyna-wit-c-duze-opakowanie-kanister-3-1l-3100ml\/#primaryimage"},"thumbnailUrl":"https:\/\/racom.com.pl\/wp-content\/uploads\/2025\/07\/allegro_687bbab95cece3.86529768_bf7fa5ab46c4ae6a89dd8cc54aeb.jpg","datePublished":"2025-07-19T15:32:05+00:00","breadcrumb":{"@id":"https:\/\/racom.com.pl\/index.php\/produkt\/syrop-herbapol-granat-grenadyna-wit-c-duze-opakowanie-kanister-3-1l-3100ml\/#breadcrumb"},"inLanguage":"pl-PL","potentialAction":[{"@type":"ReadAction","target":["https:\/\/racom.com.pl\/index.php\/produkt\/syrop-herbapol-granat-grenadyna-wit-c-duze-opakowanie-kanister-3-1l-3100ml\/"]}]},{"@type":"ImageObject","inLanguage":"pl-PL","@id":"https:\/\/racom.com.pl\/index.php\/produkt\/syrop-herbapol-granat-grenadyna-wit-c-duze-opakowanie-kanister-3-1l-3100ml\/#primaryimage","url":"https:\/\/racom.com.pl\/wp-content\/uploads\/2025\/07\/allegro_687bbab95cece3.86529768_bf7fa5ab46c4ae6a89dd8cc54aeb.jpg","contentUrl":"https:\/\/racom.com.pl\/wp-content\/uploads\/2025\/07\/allegro_687bbab95cece3.86529768_bf7fa5ab46c4ae6a89dd8cc54aeb.jpg","width":2365,"height":2365},{"@type":"BreadcrumbList","@id":"https:\/\/racom.com.pl\/index.php\/produkt\/syrop-herbapol-granat-grenadyna-wit-c-duze-opakowanie-kanister-3-1l-3100ml\/#breadcrumb","itemListElement":[{"@type":"ListItem","position":1,"name":"Strona g\u0142\u00f3wna","item":"https:\/\/racom.com.pl\/"},{"@type":"ListItem","position":2,"name":"Sklep","item":"https:\/\/racom.com.pl\/"},{"@type":"ListItem","position":3,"name":"Syrop Herbapol GRANAT Grenadyna wit. C Du\u017ce Opakowanie Kanister 3.1L 3100ml"}]},{"@type":"WebSite","@id":"https:\/\/racom.com.pl\/#website","url":"https:\/\/racom.com.pl\/","name":"Mix Market - Supermarket z wszystkim co potrzeba do domu i nie tylko","description":"","publisher":{"@id":"https:\/\/racom.com.pl\/#organization"},"potentialAction":[{"@type":"SearchAction","target":{"@type":"EntryPoint","urlTemplate":"https:\/\/racom.com.pl\/?s={search_term_string}"},"query-input":{"@type":"PropertyValueSpecification","valueRequired":true,"valueName":"search_term_string"}}],"inLanguage":"pl-PL"},{"@type":"Organization","@id":"https:\/\/racom.com.pl\/#organization","name":"Mix Market - Supermarket z wszystkim co potrzeba do domu i nie tylko","url":"https:\/\/racom.com.pl\/","logo":{"@type":"ImageObject","inLanguage":"pl-PL","@id":"https:\/\/racom.com.pl\/#\/schema\/logo\/image\/","url":"https:\/\/racom.com.pl\/wp-content\/uploads\/2025\/07\/mixmarket_logo.png","contentUrl":"https:\/\/racom.com.pl\/wp-content\/uploads\/2025\/07\/mixmarket_logo.png","width":1024,"height":1024,"caption":"Mix Market - Supermarket z wszystkim co potrzeba do domu i nie tylko"},"image":{"@id":"https:\/\/racom.com.pl\/#\/schema\/logo\/image\/"}}]}},"_links":{"self":[{"href":"https:\/\/racom.com.pl\/index.php\/wp-json\/wp\/v2\/product\/3010","targetHints":{"allow":["GET"]}}],"collection":[{"href":"https:\/\/racom.com.pl\/index.php\/wp-json\/wp\/v2\/product"}],"about":[{"href":"https:\/\/racom.com.pl\/index.php\/wp-json\/wp\/v2\/types\/product"}],"replies":[{"embeddable":true,"href":"https:\/\/racom.com.pl\/index.php\/wp-json\/wp\/v2\/comments?post=3010"}],"wp:featuredmedia":[{"embeddable":true,"href":"https:\/\/racom.com.pl\/index.php\/wp-json\/wp\/v2\/media\/3013"}],"wp:attachment":[{"href":"https:\/\/racom.com.pl\/index.php\/wp-json\/wp\/v2\/media?parent=3010"}],"wp:term":[{"taxonomy":"product_brand","embeddable":true,"href":"https:\/\/racom.com.pl\/index.php\/wp-json\/wp\/v2\/product_brand?post=3010"},{"taxonomy":"product_cat","embeddable":true,"href":"https:\/\/racom.com.pl\/index.php\/wp-json\/wp\/v2\/product_cat?post=3010"},{"taxonomy":"product_tag","embeddable":true,"href":"https:\/\/racom.com.pl\/index.php\/wp-json\/wp\/v2\/product_tag?post=3010"}],"curies":[{"name":"wp","href":"https:\/\/api.w.org\/{rel}","templated":true}]}}