{"id":3014,"date":"2025-07-19T17:33:34","date_gmt":"2025-07-19T15:33:34","guid":{"rendered":"http:\/\/192.168.2.106\/index.php\/produkt\/tge-topseller-xxl-olej-rzepakowy-100-duze-opakowanie-5l\/"},"modified":"2025-07-19T17:33:34","modified_gmt":"2025-07-19T15:33:34","slug":"tge-topseller-xxl-olej-rzepakowy-100-duze-opakowanie-5l","status":"publish","type":"product","link":"https:\/\/racom.com.pl\/index.php\/produkt\/tge-topseller-xxl-olej-rzepakowy-100-duze-opakowanie-5l\/","title":{"rendered":"TGE Topseller XXL Olej rzepakowy 100% Du\u017ce opakowanie 5L"},"content":{"rendered":"<h2>TOPSELLER Olej rzepakowy 100% XXL 5l do gotowania, pieczenia i sma\u017cenia<\/h2>\n<p>TOPSELLER Olej rzepakowy 100% 5l, <b>t\u0142oczony na ciep\u0142o, wyprodukowany w Polsce.<\/b><\/p>\n<p>Idealnie sprawdzi si\u0119 codziennie w kuchni do gotowania, pieczenia i sma\u017cenia ulubionych potraw.<\/p>\n<h2>\u2b50 Parametry:<\/h2>\n<p><b>\u2705Rodzaj produktu:<\/b> Olej rzepakowy<\/p>\n<p><b>\u2705Metoda t\u0142oczenia:<\/b> Na ciep\u0142o<\/p>\n<p><b>\u2705Pojemno\u015b\u0107:<\/b> 5 l (dm\u00b3)<\/p>\n<p><b>\u2705Kraj pochodzenia\/Wyprodukowano w:<\/b> Polska<\/p>\n<p><b>\u2705Zastosowanie:<\/b> Do gotowania, Do pieczenia, Do sma\u017cenia<\/p>\n<p><b>\u2705Sk\u0142adniki:<\/b> Olej rzepakowy 100%<\/p>\n<p><b>\u2705Kraj pochodzenia g\u0142\u00f3wnego sk\u0142adnika:<\/b> Polska<\/p>\n<p><b>\u2705Waga jednostkowa brutto<\/b>: 4,6 kg<\/p>\n<p><b>\u2705<\/b><b>Spos\u00f3b przechowywania:<\/b> przechowywa\u0107 w suchym i ch\u0142odnym miejscu<\/p>\n<h2>\u2b50 Parametry:<\/h2>\n<p><b>\u2705Rodzaj produktu:<\/b> Olej rzepakowy<\/p>\n<p><b>\u2705Metoda t\u0142oczenia:<\/b> Na ciep\u0142o<\/p>\n<p><b>\u2705Pojemno\u015b\u0107:<\/b> 5 l (dm\u00b3)<\/p>\n<p><b>\u2705Kraj pochodzenia\/Wyprodukowano w:<\/b> Polska<\/p>\n<p><b>\u2705Zastosowanie:<\/b> Do gotowania, Do pieczenia, Do sma\u017cenia<\/p>\n<p><b>\u2705Sk\u0142adniki:<\/b> Olej rzepakowy 100%<\/p>\n<p><b>\u2705Kraj pochodzenia g\u0142\u00f3wnego sk\u0142adnika:<\/b> Polska<\/p>\n<p><b>\u2705Waga jednostkowa brutto<\/b>: 4,6 kg<\/p>\n<p><b>\u2705<\/b><b>Spos\u00f3b przechowywania:<\/b> przechowywa\u0107 w suchym i ch\u0142odnym miejscu<\/p>\n<h2>\u2b50 Warto\u015bci od\u017cywcze:<\/h2>\n<p><b>\u2705<\/b>Jednostka b\u0119d\u0105ca podstaw\u0105 przelicze\u0144 &#8211; g\/100 ml<\/p>\n<p>Warto\u015b\u0107 energetyczna kcal &#8211; 828 kcal<\/p>\n<p>Warto\u015b\u0107 energetyczna kJ &#8211; 3404 kJ<\/p>\n<p>Wielko\u015b\u0107 porcji &#8211; 100 g<\/p>\n<p>Zawarto\u015b\u0107 bia\u0142ek &#8211; 0 g<\/p>\n<p>Zawarto\u015b\u0107 soli &#8211; 0 g<\/p>\n<p>Kwasy t\u0142uszczowe nasycone &#8211; 6,9 g<\/p>\n<p>Zawarto\u015b\u0107 t\u0142uszcz\u00f3w (og\u00f3lnie) &#8211; 92 g<\/p>\n<p>Alkohole wielowodorotlenowe &#8211; poliole &#8211; 0 g<\/p>\n<p>Cukry &#8211; 0 g<\/p>\n<p>Zawarto\u015b\u0107 w\u0119glowodan\u00f3w &#8211; 0 g<\/p>\n<p>Skrobia &#8211; 0 g<\/p>\n<p>Warto\u015b\u0107 energetyczna kcal (energia) &#8211; 44 %RWS<\/p>\n<p>Zawarto\u015b\u0107 t\u0142uszcz\u00f3w (kwasy t\u0142uszczowe nasycone) &#8211; 38 %RWS<\/p>\n","protected":false},"excerpt":{"rendered":"<p>TOPSELLER Olej rzepakowy 100% XXL 5l do gotowania, pieczenia i sma\u017cenia TOPSELLER Olej rzepakowy 100% 5l, t\u0142oczony na ciep\u0142o, wyprodukowany w Polsce. Idealnie sprawdzi si\u0119 codziennie w kuchni do gotowania, pieczenia i sma\u017cenia ulubionych potraw. \u2b50 Parametry: \u2705Rodzaj produktu: Olej rzepakowy \u2705Metoda t\u0142oczenia: Na ciep\u0142o \u2705Pojemno\u015b\u0107: 5 l (dm\u00b3) \u2705Kraj pochodzenia\/Wyprodukowano w: Polska \u2705Zastosowanie: Do [&hellip;]<\/p>\n","protected":false},"featured_media":3017,"comment_status":"open","ping_status":"closed","template":"","meta":[],"product_brand":[213],"product_cat":[114],"product_tag":[],"class_list":{"0":"post-3014","1":"product","2":"type-product","3":"status-publish","4":"has-post-thumbnail","6":"product_brand-topseller","7":"product_cat-oliwa-olej-ocet","9":"first","10":"instock","11":"taxable","12":"shipping-taxable","13":"purchasable","14":"product-type-simple"},"yoast_head":"<!-- This site is optimized with the Yoast SEO plugin v27.3 - https:\/\/yoast.com\/product\/yoast-seo-wordpress\/ -->\n<title>TGE Topseller XXL Olej rzepakowy 100% Du\u017ce opakowanie 5L - Mix Market - Supermarket z wszystkim co potrzeba<\/title>\n<meta name=\"robots\" content=\"index, follow, max-snippet:-1, max-image-preview:large, max-video-preview:-1\" \/>\n<link rel=\"canonical\" href=\"https:\/\/racom.com.pl\/index.php\/produkt\/tge-topseller-xxl-olej-rzepakowy-100-duze-opakowanie-5l\/\" \/>\n<meta property=\"og:locale\" content=\"pl_PL\" \/>\n<meta property=\"og:type\" content=\"article\" \/>\n<meta property=\"og:title\" content=\"TGE Topseller XXL Olej rzepakowy 100% Du\u017ce opakowanie 5L - Mix Market - Supermarket z wszystkim co potrzeba\" \/>\n<meta property=\"og:description\" content=\"TOPSELLER Olej rzepakowy 100% XXL 5l do gotowania, pieczenia i sma\u017cenia TOPSELLER Olej rzepakowy 100% 5l, t\u0142oczony na ciep\u0142o, wyprodukowany w Polsce. Idealnie sprawdzi si\u0119 codziennie w kuchni do gotowania, pieczenia i sma\u017cenia ulubionych potraw. \u2b50 Parametry: \u2705Rodzaj produktu: Olej rzepakowy \u2705Metoda t\u0142oczenia: Na ciep\u0142o \u2705Pojemno\u015b\u0107: 5 l (dm\u00b3) \u2705Kraj pochodzenia\/Wyprodukowano w: Polska \u2705Zastosowanie: Do [&hellip;]\" \/>\n<meta property=\"og:url\" content=\"https:\/\/racom.com.pl\/index.php\/produkt\/tge-topseller-xxl-olej-rzepakowy-100-duze-opakowanie-5l\/\" \/>\n<meta property=\"og:site_name\" content=\"Mix Market - Supermarket z wszystkim co potrzeba\" \/>\n<meta property=\"og:image\" content=\"https:\/\/racom.com.pl\/wp-content\/uploads\/2025\/07\/allegro_687bbaf9b0bc12.30360213_4fafc20749cc89766a14c0d9d4a1.jpg\" \/>\n\t<meta property=\"og:image:width\" content=\"792\" \/>\n\t<meta property=\"og:image:height\" content=\"1580\" \/>\n\t<meta property=\"og:image:type\" content=\"image\/jpeg\" \/>\n<meta name=\"twitter:card\" content=\"summary_large_image\" \/>\n<meta name=\"twitter:label1\" content=\"Szacowany czas czytania\" \/>\n\t<meta name=\"twitter:data1\" content=\"1 minuta\" \/>\n<script type=\"application\/ld+json\" class=\"yoast-schema-graph\">{\"@context\":\"https:\\\/\\\/schema.org\",\"@graph\":[{\"@type\":\"WebPage\",\"@id\":\"https:\\\/\\\/racom.com.pl\\\/index.php\\\/produkt\\\/tge-topseller-xxl-olej-rzepakowy-100-duze-opakowanie-5l\\\/\",\"url\":\"https:\\\/\\\/racom.com.pl\\\/index.php\\\/produkt\\\/tge-topseller-xxl-olej-rzepakowy-100-duze-opakowanie-5l\\\/\",\"name\":\"TGE Topseller XXL Olej rzepakowy 100% Du\u017ce opakowanie 5L - Mix Market - Supermarket z wszystkim co potrzeba\",\"isPartOf\":{\"@id\":\"https:\\\/\\\/racom.com.pl\\\/#website\"},\"primaryImageOfPage\":{\"@id\":\"https:\\\/\\\/racom.com.pl\\\/index.php\\\/produkt\\\/tge-topseller-xxl-olej-rzepakowy-100-duze-opakowanie-5l\\\/#primaryimage\"},\"image\":{\"@id\":\"https:\\\/\\\/racom.com.pl\\\/index.php\\\/produkt\\\/tge-topseller-xxl-olej-rzepakowy-100-duze-opakowanie-5l\\\/#primaryimage\"},\"thumbnailUrl\":\"https:\\\/\\\/racom.com.pl\\\/wp-content\\\/uploads\\\/2025\\\/07\\\/allegro_687bbaf9b0bc12.30360213_4fafc20749cc89766a14c0d9d4a1.jpg\",\"datePublished\":\"2025-07-19T15:33:34+00:00\",\"breadcrumb\":{\"@id\":\"https:\\\/\\\/racom.com.pl\\\/index.php\\\/produkt\\\/tge-topseller-xxl-olej-rzepakowy-100-duze-opakowanie-5l\\\/#breadcrumb\"},\"inLanguage\":\"pl-PL\",\"potentialAction\":[{\"@type\":\"ReadAction\",\"target\":[\"https:\\\/\\\/racom.com.pl\\\/index.php\\\/produkt\\\/tge-topseller-xxl-olej-rzepakowy-100-duze-opakowanie-5l\\\/\"]}]},{\"@type\":\"ImageObject\",\"inLanguage\":\"pl-PL\",\"@id\":\"https:\\\/\\\/racom.com.pl\\\/index.php\\\/produkt\\\/tge-topseller-xxl-olej-rzepakowy-100-duze-opakowanie-5l\\\/#primaryimage\",\"url\":\"https:\\\/\\\/racom.com.pl\\\/wp-content\\\/uploads\\\/2025\\\/07\\\/allegro_687bbaf9b0bc12.30360213_4fafc20749cc89766a14c0d9d4a1.jpg\",\"contentUrl\":\"https:\\\/\\\/racom.com.pl\\\/wp-content\\\/uploads\\\/2025\\\/07\\\/allegro_687bbaf9b0bc12.30360213_4fafc20749cc89766a14c0d9d4a1.jpg\",\"width\":792,\"height\":1580},{\"@type\":\"BreadcrumbList\",\"@id\":\"https:\\\/\\\/racom.com.pl\\\/index.php\\\/produkt\\\/tge-topseller-xxl-olej-rzepakowy-100-duze-opakowanie-5l\\\/#breadcrumb\",\"itemListElement\":[{\"@type\":\"ListItem\",\"position\":1,\"name\":\"Strona g\u0142\u00f3wna\",\"item\":\"https:\\\/\\\/racom.com.pl\\\/\"},{\"@type\":\"ListItem\",\"position\":2,\"name\":\"Sklep\",\"item\":\"https:\\\/\\\/racom.com.pl\\\/\"},{\"@type\":\"ListItem\",\"position\":3,\"name\":\"TGE Topseller XXL Olej rzepakowy 100% Du\u017ce opakowanie 5L\"}]},{\"@type\":\"WebSite\",\"@id\":\"https:\\\/\\\/racom.com.pl\\\/#website\",\"url\":\"https:\\\/\\\/racom.com.pl\\\/\",\"name\":\"Mix Market - Supermarket z wszystkim co potrzeba do domu i nie tylko\",\"description\":\"\",\"publisher\":{\"@id\":\"https:\\\/\\\/racom.com.pl\\\/#organization\"},\"potentialAction\":[{\"@type\":\"SearchAction\",\"target\":{\"@type\":\"EntryPoint\",\"urlTemplate\":\"https:\\\/\\\/racom.com.pl\\\/?s={search_term_string}\"},\"query-input\":{\"@type\":\"PropertyValueSpecification\",\"valueRequired\":true,\"valueName\":\"search_term_string\"}}],\"inLanguage\":\"pl-PL\"},{\"@type\":\"Organization\",\"@id\":\"https:\\\/\\\/racom.com.pl\\\/#organization\",\"name\":\"Mix Market - Supermarket z wszystkim co potrzeba do domu i nie tylko\",\"url\":\"https:\\\/\\\/racom.com.pl\\\/\",\"logo\":{\"@type\":\"ImageObject\",\"inLanguage\":\"pl-PL\",\"@id\":\"https:\\\/\\\/racom.com.pl\\\/#\\\/schema\\\/logo\\\/image\\\/\",\"url\":\"https:\\\/\\\/racom.com.pl\\\/wp-content\\\/uploads\\\/2025\\\/07\\\/mixmarket_logo.png\",\"contentUrl\":\"https:\\\/\\\/racom.com.pl\\\/wp-content\\\/uploads\\\/2025\\\/07\\\/mixmarket_logo.png\",\"width\":1024,\"height\":1024,\"caption\":\"Mix Market - Supermarket z wszystkim co potrzeba do domu i nie tylko\"},\"image\":{\"@id\":\"https:\\\/\\\/racom.com.pl\\\/#\\\/schema\\\/logo\\\/image\\\/\"}}]}<\/script>\n<!-- \/ Yoast SEO plugin. -->","yoast_head_json":{"title":"TGE Topseller XXL Olej rzepakowy 100% Du\u017ce opakowanie 5L - Mix Market - Supermarket z wszystkim co potrzeba","robots":{"index":"index","follow":"follow","max-snippet":"max-snippet:-1","max-image-preview":"max-image-preview:large","max-video-preview":"max-video-preview:-1"},"canonical":"https:\/\/racom.com.pl\/index.php\/produkt\/tge-topseller-xxl-olej-rzepakowy-100-duze-opakowanie-5l\/","og_locale":"pl_PL","og_type":"article","og_title":"TGE Topseller XXL Olej rzepakowy 100% Du\u017ce opakowanie 5L - Mix Market - Supermarket z wszystkim co potrzeba","og_description":"TOPSELLER Olej rzepakowy 100% XXL 5l do gotowania, pieczenia i sma\u017cenia TOPSELLER Olej rzepakowy 100% 5l, t\u0142oczony na ciep\u0142o, wyprodukowany w Polsce. Idealnie sprawdzi si\u0119 codziennie w kuchni do gotowania, pieczenia i sma\u017cenia ulubionych potraw. \u2b50 Parametry: \u2705Rodzaj produktu: Olej rzepakowy \u2705Metoda t\u0142oczenia: Na ciep\u0142o \u2705Pojemno\u015b\u0107: 5 l (dm\u00b3) \u2705Kraj pochodzenia\/Wyprodukowano w: Polska \u2705Zastosowanie: Do [&hellip;]","og_url":"https:\/\/racom.com.pl\/index.php\/produkt\/tge-topseller-xxl-olej-rzepakowy-100-duze-opakowanie-5l\/","og_site_name":"Mix Market - Supermarket z wszystkim co potrzeba","og_image":[{"width":792,"height":1580,"url":"https:\/\/racom.com.pl\/wp-content\/uploads\/2025\/07\/allegro_687bbaf9b0bc12.30360213_4fafc20749cc89766a14c0d9d4a1.jpg","type":"image\/jpeg"}],"twitter_card":"summary_large_image","twitter_misc":{"Szacowany czas czytania":"1 minuta"},"schema":{"@context":"https:\/\/schema.org","@graph":[{"@type":"WebPage","@id":"https:\/\/racom.com.pl\/index.php\/produkt\/tge-topseller-xxl-olej-rzepakowy-100-duze-opakowanie-5l\/","url":"https:\/\/racom.com.pl\/index.php\/produkt\/tge-topseller-xxl-olej-rzepakowy-100-duze-opakowanie-5l\/","name":"TGE Topseller XXL Olej rzepakowy 100% Du\u017ce opakowanie 5L - Mix Market - Supermarket z wszystkim co potrzeba","isPartOf":{"@id":"https:\/\/racom.com.pl\/#website"},"primaryImageOfPage":{"@id":"https:\/\/racom.com.pl\/index.php\/produkt\/tge-topseller-xxl-olej-rzepakowy-100-duze-opakowanie-5l\/#primaryimage"},"image":{"@id":"https:\/\/racom.com.pl\/index.php\/produkt\/tge-topseller-xxl-olej-rzepakowy-100-duze-opakowanie-5l\/#primaryimage"},"thumbnailUrl":"https:\/\/racom.com.pl\/wp-content\/uploads\/2025\/07\/allegro_687bbaf9b0bc12.30360213_4fafc20749cc89766a14c0d9d4a1.jpg","datePublished":"2025-07-19T15:33:34+00:00","breadcrumb":{"@id":"https:\/\/racom.com.pl\/index.php\/produkt\/tge-topseller-xxl-olej-rzepakowy-100-duze-opakowanie-5l\/#breadcrumb"},"inLanguage":"pl-PL","potentialAction":[{"@type":"ReadAction","target":["https:\/\/racom.com.pl\/index.php\/produkt\/tge-topseller-xxl-olej-rzepakowy-100-duze-opakowanie-5l\/"]}]},{"@type":"ImageObject","inLanguage":"pl-PL","@id":"https:\/\/racom.com.pl\/index.php\/produkt\/tge-topseller-xxl-olej-rzepakowy-100-duze-opakowanie-5l\/#primaryimage","url":"https:\/\/racom.com.pl\/wp-content\/uploads\/2025\/07\/allegro_687bbaf9b0bc12.30360213_4fafc20749cc89766a14c0d9d4a1.jpg","contentUrl":"https:\/\/racom.com.pl\/wp-content\/uploads\/2025\/07\/allegro_687bbaf9b0bc12.30360213_4fafc20749cc89766a14c0d9d4a1.jpg","width":792,"height":1580},{"@type":"BreadcrumbList","@id":"https:\/\/racom.com.pl\/index.php\/produkt\/tge-topseller-xxl-olej-rzepakowy-100-duze-opakowanie-5l\/#breadcrumb","itemListElement":[{"@type":"ListItem","position":1,"name":"Strona g\u0142\u00f3wna","item":"https:\/\/racom.com.pl\/"},{"@type":"ListItem","position":2,"name":"Sklep","item":"https:\/\/racom.com.pl\/"},{"@type":"ListItem","position":3,"name":"TGE Topseller XXL Olej rzepakowy 100% Du\u017ce opakowanie 5L"}]},{"@type":"WebSite","@id":"https:\/\/racom.com.pl\/#website","url":"https:\/\/racom.com.pl\/","name":"Mix Market - Supermarket z wszystkim co potrzeba do domu i nie tylko","description":"","publisher":{"@id":"https:\/\/racom.com.pl\/#organization"},"potentialAction":[{"@type":"SearchAction","target":{"@type":"EntryPoint","urlTemplate":"https:\/\/racom.com.pl\/?s={search_term_string}"},"query-input":{"@type":"PropertyValueSpecification","valueRequired":true,"valueName":"search_term_string"}}],"inLanguage":"pl-PL"},{"@type":"Organization","@id":"https:\/\/racom.com.pl\/#organization","name":"Mix Market - Supermarket z wszystkim co potrzeba do domu i nie tylko","url":"https:\/\/racom.com.pl\/","logo":{"@type":"ImageObject","inLanguage":"pl-PL","@id":"https:\/\/racom.com.pl\/#\/schema\/logo\/image\/","url":"https:\/\/racom.com.pl\/wp-content\/uploads\/2025\/07\/mixmarket_logo.png","contentUrl":"https:\/\/racom.com.pl\/wp-content\/uploads\/2025\/07\/mixmarket_logo.png","width":1024,"height":1024,"caption":"Mix Market - Supermarket z wszystkim co potrzeba do domu i nie tylko"},"image":{"@id":"https:\/\/racom.com.pl\/#\/schema\/logo\/image\/"}}]}},"_links":{"self":[{"href":"https:\/\/racom.com.pl\/index.php\/wp-json\/wp\/v2\/product\/3014","targetHints":{"allow":["GET"]}}],"collection":[{"href":"https:\/\/racom.com.pl\/index.php\/wp-json\/wp\/v2\/product"}],"about":[{"href":"https:\/\/racom.com.pl\/index.php\/wp-json\/wp\/v2\/types\/product"}],"replies":[{"embeddable":true,"href":"https:\/\/racom.com.pl\/index.php\/wp-json\/wp\/v2\/comments?post=3014"}],"wp:featuredmedia":[{"embeddable":true,"href":"https:\/\/racom.com.pl\/index.php\/wp-json\/wp\/v2\/media\/3017"}],"wp:attachment":[{"href":"https:\/\/racom.com.pl\/index.php\/wp-json\/wp\/v2\/media?parent=3014"}],"wp:term":[{"taxonomy":"product_brand","embeddable":true,"href":"https:\/\/racom.com.pl\/index.php\/wp-json\/wp\/v2\/product_brand?post=3014"},{"taxonomy":"product_cat","embeddable":true,"href":"https:\/\/racom.com.pl\/index.php\/wp-json\/wp\/v2\/product_cat?post=3014"},{"taxonomy":"product_tag","embeddable":true,"href":"https:\/\/racom.com.pl\/index.php\/wp-json\/wp\/v2\/product_tag?post=3014"}],"curies":[{"name":"wp","href":"https:\/\/api.w.org\/{rel}","templated":true}]}}