{"id":303,"date":"2025-07-18T17:22:42","date_gmt":"2025-07-18T15:22:42","guid":{"rendered":"http:\/\/192.168.2.106\/index.php\/produkt\/lampa-do-projektora-sanyo-poa-lmp122-plc-xu49-xw57\/"},"modified":"2025-07-18T17:22:42","modified_gmt":"2025-07-18T15:22:42","slug":"lampa-do-projektora-sanyo-poa-lmp122-plc-xu49-xw57","status":"publish","type":"product","link":"https:\/\/racom.com.pl\/index.php\/produkt\/lampa-do-projektora-sanyo-poa-lmp122-plc-xu49-xw57\/","title":{"rendered":"LAMPA DO PROJEKTORA SANYO POA-LMP122 PLC-XU49 XW57"},"content":{"rendered":"<p><b>LAMPA DO PROJEKTORA SANYO POA-LMP122<\/b><\/p>\n<p>Fabrycznie nowa lampa do projektor\u00f3w SANYO.<\/p>\n<p>Wysokiej jako\u015bci zamiennik.<\/p>\n<p>GW. 6 miesi\u0119cy.<\/p>\n<p>Oznaczenie producenta: POA-LMP122<\/p>\n<p>Kompatybilne projektory SANYO:<\/p>\n<p>LC-XB21B \/ PLC-XW57 \/ PLC-XU49<\/p>\n<p>Kod produktu: B033<\/p>\n","protected":false},"excerpt":{"rendered":"<p>LAMPA DO PROJEKTORA SANYO POA-LMP122 Fabrycznie nowa lampa do projektor\u00f3w SANYO. Wysokiej jako\u015bci zamiennik. GW. 6 miesi\u0119cy. Oznaczenie producenta: POA-LMP122 Kompatybilne projektory SANYO: LC-XB21B \/ PLC-XW57 \/ PLC-XU49 Kod produktu: B033<\/p>\n","protected":false},"featured_media":310,"comment_status":"open","ping_status":"closed","template":"","meta":[],"product_brand":[44],"product_cat":[43],"product_tag":[],"class_list":{"0":"post-303","1":"product","2":"type-product","3":"status-publish","4":"has-post-thumbnail","6":"product_brand-movano","7":"product_cat-tv-i-video","9":"first","10":"instock","11":"taxable","12":"shipping-taxable","13":"purchasable","14":"product-type-simple"},"yoast_head":"<!-- This site is optimized with the Yoast SEO plugin v27.3 - https:\/\/yoast.com\/product\/yoast-seo-wordpress\/ -->\n<title>LAMPA DO PROJEKTORA SANYO POA-LMP122 PLC-XU49 XW57 - Mix Market - Supermarket z wszystkim co potrzeba<\/title>\n<meta name=\"robots\" content=\"index, follow, max-snippet:-1, max-image-preview:large, max-video-preview:-1\" \/>\n<link rel=\"canonical\" href=\"https:\/\/racom.com.pl\/index.php\/produkt\/lampa-do-projektora-sanyo-poa-lmp122-plc-xu49-xw57\/\" \/>\n<meta property=\"og:locale\" content=\"pl_PL\" \/>\n<meta property=\"og:type\" content=\"article\" \/>\n<meta property=\"og:title\" content=\"LAMPA DO PROJEKTORA SANYO POA-LMP122 PLC-XU49 XW57 - Mix Market - Supermarket z wszystkim co potrzeba\" \/>\n<meta property=\"og:description\" content=\"LAMPA DO PROJEKTORA SANYO POA-LMP122 Fabrycznie nowa lampa do projektor\u00f3w SANYO. Wysokiej jako\u015bci zamiennik. GW. 6 miesi\u0119cy. Oznaczenie producenta: POA-LMP122 Kompatybilne projektory SANYO: LC-XB21B \/ PLC-XW57 \/ PLC-XU49 Kod produktu: B033\" \/>\n<meta property=\"og:url\" content=\"https:\/\/racom.com.pl\/index.php\/produkt\/lampa-do-projektora-sanyo-poa-lmp122-plc-xu49-xw57\/\" \/>\n<meta property=\"og:site_name\" content=\"Mix Market - Supermarket z wszystkim co potrzeba\" \/>\n<meta property=\"og:image\" content=\"https:\/\/racom.com.pl\/wp-content\/uploads\/2025\/07\/allegro_687a66da27e969.42330704_d9968b7f4827988ebe874ca55f4b.jpg\" \/>\n\t<meta property=\"og:image:width\" content=\"1080\" \/>\n\t<meta property=\"og:image:height\" content=\"1080\" \/>\n\t<meta property=\"og:image:type\" content=\"image\/jpeg\" \/>\n<meta name=\"twitter:card\" content=\"summary_large_image\" \/>\n<script type=\"application\/ld+json\" class=\"yoast-schema-graph\">{\"@context\":\"https:\\\/\\\/schema.org\",\"@graph\":[{\"@type\":\"WebPage\",\"@id\":\"https:\\\/\\\/racom.com.pl\\\/index.php\\\/produkt\\\/lampa-do-projektora-sanyo-poa-lmp122-plc-xu49-xw57\\\/\",\"url\":\"https:\\\/\\\/racom.com.pl\\\/index.php\\\/produkt\\\/lampa-do-projektora-sanyo-poa-lmp122-plc-xu49-xw57\\\/\",\"name\":\"LAMPA DO PROJEKTORA SANYO POA-LMP122 PLC-XU49 XW57 - Mix Market - Supermarket z wszystkim co potrzeba\",\"isPartOf\":{\"@id\":\"https:\\\/\\\/racom.com.pl\\\/#website\"},\"primaryImageOfPage\":{\"@id\":\"https:\\\/\\\/racom.com.pl\\\/index.php\\\/produkt\\\/lampa-do-projektora-sanyo-poa-lmp122-plc-xu49-xw57\\\/#primaryimage\"},\"image\":{\"@id\":\"https:\\\/\\\/racom.com.pl\\\/index.php\\\/produkt\\\/lampa-do-projektora-sanyo-poa-lmp122-plc-xu49-xw57\\\/#primaryimage\"},\"thumbnailUrl\":\"https:\\\/\\\/racom.com.pl\\\/wp-content\\\/uploads\\\/2025\\\/07\\\/allegro_687a66da27e969.42330704_d9968b7f4827988ebe874ca55f4b.jpg\",\"datePublished\":\"2025-07-18T15:22:42+00:00\",\"breadcrumb\":{\"@id\":\"https:\\\/\\\/racom.com.pl\\\/index.php\\\/produkt\\\/lampa-do-projektora-sanyo-poa-lmp122-plc-xu49-xw57\\\/#breadcrumb\"},\"inLanguage\":\"pl-PL\",\"potentialAction\":[{\"@type\":\"ReadAction\",\"target\":[\"https:\\\/\\\/racom.com.pl\\\/index.php\\\/produkt\\\/lampa-do-projektora-sanyo-poa-lmp122-plc-xu49-xw57\\\/\"]}]},{\"@type\":\"ImageObject\",\"inLanguage\":\"pl-PL\",\"@id\":\"https:\\\/\\\/racom.com.pl\\\/index.php\\\/produkt\\\/lampa-do-projektora-sanyo-poa-lmp122-plc-xu49-xw57\\\/#primaryimage\",\"url\":\"https:\\\/\\\/racom.com.pl\\\/wp-content\\\/uploads\\\/2025\\\/07\\\/allegro_687a66da27e969.42330704_d9968b7f4827988ebe874ca55f4b.jpg\",\"contentUrl\":\"https:\\\/\\\/racom.com.pl\\\/wp-content\\\/uploads\\\/2025\\\/07\\\/allegro_687a66da27e969.42330704_d9968b7f4827988ebe874ca55f4b.jpg\",\"width\":1080,\"height\":1080},{\"@type\":\"BreadcrumbList\",\"@id\":\"https:\\\/\\\/racom.com.pl\\\/index.php\\\/produkt\\\/lampa-do-projektora-sanyo-poa-lmp122-plc-xu49-xw57\\\/#breadcrumb\",\"itemListElement\":[{\"@type\":\"ListItem\",\"position\":1,\"name\":\"Strona g\u0142\u00f3wna\",\"item\":\"https:\\\/\\\/racom.com.pl\\\/\"},{\"@type\":\"ListItem\",\"position\":2,\"name\":\"Sklep\",\"item\":\"https:\\\/\\\/racom.com.pl\\\/\"},{\"@type\":\"ListItem\",\"position\":3,\"name\":\"LAMPA DO PROJEKTORA SANYO POA-LMP122 PLC-XU49 XW57\"}]},{\"@type\":\"WebSite\",\"@id\":\"https:\\\/\\\/racom.com.pl\\\/#website\",\"url\":\"https:\\\/\\\/racom.com.pl\\\/\",\"name\":\"Mix Market - Supermarket z wszystkim co potrzeba do domu i nie tylko\",\"description\":\"\",\"publisher\":{\"@id\":\"https:\\\/\\\/racom.com.pl\\\/#organization\"},\"potentialAction\":[{\"@type\":\"SearchAction\",\"target\":{\"@type\":\"EntryPoint\",\"urlTemplate\":\"https:\\\/\\\/racom.com.pl\\\/?s={search_term_string}\"},\"query-input\":{\"@type\":\"PropertyValueSpecification\",\"valueRequired\":true,\"valueName\":\"search_term_string\"}}],\"inLanguage\":\"pl-PL\"},{\"@type\":\"Organization\",\"@id\":\"https:\\\/\\\/racom.com.pl\\\/#organization\",\"name\":\"Mix Market - Supermarket z wszystkim co potrzeba do domu i nie tylko\",\"url\":\"https:\\\/\\\/racom.com.pl\\\/\",\"logo\":{\"@type\":\"ImageObject\",\"inLanguage\":\"pl-PL\",\"@id\":\"https:\\\/\\\/racom.com.pl\\\/#\\\/schema\\\/logo\\\/image\\\/\",\"url\":\"https:\\\/\\\/racom.com.pl\\\/wp-content\\\/uploads\\\/2025\\\/07\\\/mixmarket_logo.png\",\"contentUrl\":\"https:\\\/\\\/racom.com.pl\\\/wp-content\\\/uploads\\\/2025\\\/07\\\/mixmarket_logo.png\",\"width\":1024,\"height\":1024,\"caption\":\"Mix Market - Supermarket z wszystkim co potrzeba do domu i nie tylko\"},\"image\":{\"@id\":\"https:\\\/\\\/racom.com.pl\\\/#\\\/schema\\\/logo\\\/image\\\/\"}}]}<\/script>\n<!-- \/ Yoast SEO plugin. -->","yoast_head_json":{"title":"LAMPA DO PROJEKTORA SANYO POA-LMP122 PLC-XU49 XW57 - Mix Market - Supermarket z wszystkim co potrzeba","robots":{"index":"index","follow":"follow","max-snippet":"max-snippet:-1","max-image-preview":"max-image-preview:large","max-video-preview":"max-video-preview:-1"},"canonical":"https:\/\/racom.com.pl\/index.php\/produkt\/lampa-do-projektora-sanyo-poa-lmp122-plc-xu49-xw57\/","og_locale":"pl_PL","og_type":"article","og_title":"LAMPA DO PROJEKTORA SANYO POA-LMP122 PLC-XU49 XW57 - Mix Market - Supermarket z wszystkim co potrzeba","og_description":"LAMPA DO PROJEKTORA SANYO POA-LMP122 Fabrycznie nowa lampa do projektor\u00f3w SANYO. Wysokiej jako\u015bci zamiennik. GW. 6 miesi\u0119cy. Oznaczenie producenta: POA-LMP122 Kompatybilne projektory SANYO: LC-XB21B \/ PLC-XW57 \/ PLC-XU49 Kod produktu: B033","og_url":"https:\/\/racom.com.pl\/index.php\/produkt\/lampa-do-projektora-sanyo-poa-lmp122-plc-xu49-xw57\/","og_site_name":"Mix Market - Supermarket z wszystkim co potrzeba","og_image":[{"width":1080,"height":1080,"url":"https:\/\/racom.com.pl\/wp-content\/uploads\/2025\/07\/allegro_687a66da27e969.42330704_d9968b7f4827988ebe874ca55f4b.jpg","type":"image\/jpeg"}],"twitter_card":"summary_large_image","schema":{"@context":"https:\/\/schema.org","@graph":[{"@type":"WebPage","@id":"https:\/\/racom.com.pl\/index.php\/produkt\/lampa-do-projektora-sanyo-poa-lmp122-plc-xu49-xw57\/","url":"https:\/\/racom.com.pl\/index.php\/produkt\/lampa-do-projektora-sanyo-poa-lmp122-plc-xu49-xw57\/","name":"LAMPA DO PROJEKTORA SANYO POA-LMP122 PLC-XU49 XW57 - Mix Market - Supermarket z wszystkim co potrzeba","isPartOf":{"@id":"https:\/\/racom.com.pl\/#website"},"primaryImageOfPage":{"@id":"https:\/\/racom.com.pl\/index.php\/produkt\/lampa-do-projektora-sanyo-poa-lmp122-plc-xu49-xw57\/#primaryimage"},"image":{"@id":"https:\/\/racom.com.pl\/index.php\/produkt\/lampa-do-projektora-sanyo-poa-lmp122-plc-xu49-xw57\/#primaryimage"},"thumbnailUrl":"https:\/\/racom.com.pl\/wp-content\/uploads\/2025\/07\/allegro_687a66da27e969.42330704_d9968b7f4827988ebe874ca55f4b.jpg","datePublished":"2025-07-18T15:22:42+00:00","breadcrumb":{"@id":"https:\/\/racom.com.pl\/index.php\/produkt\/lampa-do-projektora-sanyo-poa-lmp122-plc-xu49-xw57\/#breadcrumb"},"inLanguage":"pl-PL","potentialAction":[{"@type":"ReadAction","target":["https:\/\/racom.com.pl\/index.php\/produkt\/lampa-do-projektora-sanyo-poa-lmp122-plc-xu49-xw57\/"]}]},{"@type":"ImageObject","inLanguage":"pl-PL","@id":"https:\/\/racom.com.pl\/index.php\/produkt\/lampa-do-projektora-sanyo-poa-lmp122-plc-xu49-xw57\/#primaryimage","url":"https:\/\/racom.com.pl\/wp-content\/uploads\/2025\/07\/allegro_687a66da27e969.42330704_d9968b7f4827988ebe874ca55f4b.jpg","contentUrl":"https:\/\/racom.com.pl\/wp-content\/uploads\/2025\/07\/allegro_687a66da27e969.42330704_d9968b7f4827988ebe874ca55f4b.jpg","width":1080,"height":1080},{"@type":"BreadcrumbList","@id":"https:\/\/racom.com.pl\/index.php\/produkt\/lampa-do-projektora-sanyo-poa-lmp122-plc-xu49-xw57\/#breadcrumb","itemListElement":[{"@type":"ListItem","position":1,"name":"Strona g\u0142\u00f3wna","item":"https:\/\/racom.com.pl\/"},{"@type":"ListItem","position":2,"name":"Sklep","item":"https:\/\/racom.com.pl\/"},{"@type":"ListItem","position":3,"name":"LAMPA DO PROJEKTORA SANYO POA-LMP122 PLC-XU49 XW57"}]},{"@type":"WebSite","@id":"https:\/\/racom.com.pl\/#website","url":"https:\/\/racom.com.pl\/","name":"Mix Market - Supermarket z wszystkim co potrzeba do domu i nie tylko","description":"","publisher":{"@id":"https:\/\/racom.com.pl\/#organization"},"potentialAction":[{"@type":"SearchAction","target":{"@type":"EntryPoint","urlTemplate":"https:\/\/racom.com.pl\/?s={search_term_string}"},"query-input":{"@type":"PropertyValueSpecification","valueRequired":true,"valueName":"search_term_string"}}],"inLanguage":"pl-PL"},{"@type":"Organization","@id":"https:\/\/racom.com.pl\/#organization","name":"Mix Market - Supermarket z wszystkim co potrzeba do domu i nie tylko","url":"https:\/\/racom.com.pl\/","logo":{"@type":"ImageObject","inLanguage":"pl-PL","@id":"https:\/\/racom.com.pl\/#\/schema\/logo\/image\/","url":"https:\/\/racom.com.pl\/wp-content\/uploads\/2025\/07\/mixmarket_logo.png","contentUrl":"https:\/\/racom.com.pl\/wp-content\/uploads\/2025\/07\/mixmarket_logo.png","width":1024,"height":1024,"caption":"Mix Market - Supermarket z wszystkim co potrzeba do domu i nie tylko"},"image":{"@id":"https:\/\/racom.com.pl\/#\/schema\/logo\/image\/"}}]}},"_links":{"self":[{"href":"https:\/\/racom.com.pl\/index.php\/wp-json\/wp\/v2\/product\/303","targetHints":{"allow":["GET"]}}],"collection":[{"href":"https:\/\/racom.com.pl\/index.php\/wp-json\/wp\/v2\/product"}],"about":[{"href":"https:\/\/racom.com.pl\/index.php\/wp-json\/wp\/v2\/types\/product"}],"replies":[{"embeddable":true,"href":"https:\/\/racom.com.pl\/index.php\/wp-json\/wp\/v2\/comments?post=303"}],"wp:featuredmedia":[{"embeddable":true,"href":"https:\/\/racom.com.pl\/index.php\/wp-json\/wp\/v2\/media\/310"}],"wp:attachment":[{"href":"https:\/\/racom.com.pl\/index.php\/wp-json\/wp\/v2\/media?parent=303"}],"wp:term":[{"taxonomy":"product_brand","embeddable":true,"href":"https:\/\/racom.com.pl\/index.php\/wp-json\/wp\/v2\/product_brand?post=303"},{"taxonomy":"product_cat","embeddable":true,"href":"https:\/\/racom.com.pl\/index.php\/wp-json\/wp\/v2\/product_cat?post=303"},{"taxonomy":"product_tag","embeddable":true,"href":"https:\/\/racom.com.pl\/index.php\/wp-json\/wp\/v2\/product_tag?post=303"}],"curies":[{"name":"wp","href":"https:\/\/api.w.org\/{rel}","templated":true}]}}