{"id":3067,"date":"2025-07-19T18:47:18","date_gmt":"2025-07-19T16:47:18","guid":{"rendered":"http:\/\/192.168.2.106\/index.php\/produkt\/woda-mineralna-cisowianka-niegazowana-puszka-033l-zgrzewka-24-sztuki\/"},"modified":"2025-07-19T18:47:18","modified_gmt":"2025-07-19T16:47:18","slug":"woda-mineralna-cisowianka-niegazowana-puszka-033l-zgrzewka-24-sztuki","status":"publish","type":"product","link":"https:\/\/racom.com.pl\/index.php\/produkt\/woda-mineralna-cisowianka-niegazowana-puszka-033l-zgrzewka-24-sztuki\/","title":{"rendered":"Woda mineralna Cisowianka NIEGAZOWANA puszka 0,33L Zgrzewka 24-sztuki"},"content":{"rendered":"<h2>Cisowianka Woda mineralna niegazowana zgrzewka 24 x 330 ml<\/h2>\n<h2>Cisowianka Woda Mineralna Niegazowana Puszka 330 ml<\/h2>\n<p><b>Oferta dotyczy 24szt (puszek).<\/b><\/p>\n<p>Dobrze znana naturalna woda mineralna, nierozerwalnie zwi\u0105zana z uzdrowiskowym mikroklimatem na\u0142\u0119czowskich pok\u0142ad\u00f3w wodono\u015bnych z oko\u0142o 400-letni\u0105 histori\u0105, rozlewana u \u017ar\u00f3d\u0142a, w ultranowoczesnym zak\u0142adzie, z zastosowaniem rozwi\u0105za\u0144, kt\u00f3re umo\u017cliwiaj\u0105 zachowanie jej pierwotnych, naturalnych w\u0142a\u015bciwo\u015bci.<\/p>\n<p>Ma\u0142a i niet\u0142uk\u0105ca si\u0119 puszka Cisowianki Niegazowanej pasuje zar\u00f3wno do damskiej torebki, jak i do du\u017cego, podr\u00f3\u017cnego plecaka. \u015aredniozmineralizowana, naturalnie niskosodowa i odpowiednia dla diety ubogiej w s\u00f3d.<\/p>\n<p>Obecne opakowanie skraca czas ch\u0142odzenia, dzi\u0119ki czemu Cisowianka niegazowana gasi pragnienie jeszcze skuteczniej, a jej subtelny smak sprawia, \u017ce Cisowianka jest idealn\u0105 wod\u0105 na ka\u017cd\u0105 okazj\u0119.<\/p>\n<p><b>Dane producenta\/dystrybutora:<\/b><\/p>\n<p>Na\u0142\u0119cz\u00f3w Zdr\u00f3j Sp. z o.o. Drzewce 35, 24-150 Na\u0142\u0119cz\u00f3w<\/p>\n","protected":false},"excerpt":{"rendered":"<p>Cisowianka Woda mineralna niegazowana zgrzewka 24 x 330 ml Cisowianka Woda Mineralna Niegazowana Puszka 330 ml Oferta dotyczy 24szt (puszek). Dobrze znana naturalna woda mineralna, nierozerwalnie zwi\u0105zana z uzdrowiskowym mikroklimatem na\u0142\u0119czowskich pok\u0142ad\u00f3w wodono\u015bnych z oko\u0142o 400-letni\u0105 histori\u0105, rozlewana u \u017ar\u00f3d\u0142a, w ultranowoczesnym zak\u0142adzie, z zastosowaniem rozwi\u0105za\u0144, kt\u00f3re umo\u017cliwiaj\u0105 zachowanie jej pierwotnych, naturalnych w\u0142a\u015bciwo\u015bci. Ma\u0142a i [&hellip;]<\/p>\n","protected":false},"featured_media":3071,"comment_status":"open","ping_status":"closed","template":"","meta":[],"product_brand":[88],"product_cat":[116],"product_tag":[],"class_list":{"0":"post-3067","1":"product","2":"type-product","3":"status-publish","4":"has-post-thumbnail","6":"product_brand-bez-marki","7":"product_cat-napoje-i-akcesoria","9":"first","10":"instock","11":"taxable","12":"shipping-taxable","13":"purchasable","14":"product-type-simple"},"yoast_head":"<!-- This site is optimized with the Yoast SEO plugin v27.3 - https:\/\/yoast.com\/product\/yoast-seo-wordpress\/ -->\n<title>Woda mineralna Cisowianka NIEGAZOWANA puszka 0,33L Zgrzewka 24-sztuki - Mix Market - Supermarket z wszystkim co potrzeba<\/title>\n<meta name=\"robots\" content=\"index, follow, max-snippet:-1, max-image-preview:large, max-video-preview:-1\" \/>\n<link rel=\"canonical\" href=\"https:\/\/racom.com.pl\/index.php\/produkt\/woda-mineralna-cisowianka-niegazowana-puszka-033l-zgrzewka-24-sztuki\/\" \/>\n<meta property=\"og:locale\" content=\"pl_PL\" \/>\n<meta property=\"og:type\" content=\"article\" \/>\n<meta property=\"og:title\" content=\"Woda mineralna Cisowianka NIEGAZOWANA puszka 0,33L Zgrzewka 24-sztuki - Mix Market - Supermarket z wszystkim co potrzeba\" \/>\n<meta property=\"og:description\" content=\"Cisowianka Woda mineralna niegazowana zgrzewka 24 x 330 ml Cisowianka Woda Mineralna Niegazowana Puszka 330 ml Oferta dotyczy 24szt (puszek). Dobrze znana naturalna woda mineralna, nierozerwalnie zwi\u0105zana z uzdrowiskowym mikroklimatem na\u0142\u0119czowskich pok\u0142ad\u00f3w wodono\u015bnych z oko\u0142o 400-letni\u0105 histori\u0105, rozlewana u \u017ar\u00f3d\u0142a, w ultranowoczesnym zak\u0142adzie, z zastosowaniem rozwi\u0105za\u0144, kt\u00f3re umo\u017cliwiaj\u0105 zachowanie jej pierwotnych, naturalnych w\u0142a\u015bciwo\u015bci. Ma\u0142a i [&hellip;]\" \/>\n<meta property=\"og:url\" content=\"https:\/\/racom.com.pl\/index.php\/produkt\/woda-mineralna-cisowianka-niegazowana-puszka-033l-zgrzewka-24-sztuki\/\" \/>\n<meta property=\"og:site_name\" content=\"Mix Market - Supermarket z wszystkim co potrzeba\" \/>\n<meta property=\"og:image\" content=\"https:\/\/racom.com.pl\/wp-content\/uploads\/2025\/07\/allegro_687bcc6be7b8d4.97336733_2fa6e4294d01b8cd7f7b4100eb1e.jpg\" \/>\n\t<meta property=\"og:image:width\" content=\"603\" \/>\n\t<meta property=\"og:image:height\" content=\"138\" \/>\n\t<meta property=\"og:image:type\" content=\"image\/jpeg\" \/>\n<meta name=\"twitter:card\" content=\"summary_large_image\" \/>\n<meta name=\"twitter:label1\" content=\"Szacowany czas czytania\" \/>\n\t<meta name=\"twitter:data1\" content=\"1 minuta\" \/>\n<script type=\"application\/ld+json\" class=\"yoast-schema-graph\">{\"@context\":\"https:\\\/\\\/schema.org\",\"@graph\":[{\"@type\":\"WebPage\",\"@id\":\"https:\\\/\\\/racom.com.pl\\\/index.php\\\/produkt\\\/woda-mineralna-cisowianka-niegazowana-puszka-033l-zgrzewka-24-sztuki\\\/\",\"url\":\"https:\\\/\\\/racom.com.pl\\\/index.php\\\/produkt\\\/woda-mineralna-cisowianka-niegazowana-puszka-033l-zgrzewka-24-sztuki\\\/\",\"name\":\"Woda mineralna Cisowianka NIEGAZOWANA puszka 0,33L Zgrzewka 24-sztuki - Mix Market - Supermarket z wszystkim co potrzeba\",\"isPartOf\":{\"@id\":\"https:\\\/\\\/racom.com.pl\\\/#website\"},\"primaryImageOfPage\":{\"@id\":\"https:\\\/\\\/racom.com.pl\\\/index.php\\\/produkt\\\/woda-mineralna-cisowianka-niegazowana-puszka-033l-zgrzewka-24-sztuki\\\/#primaryimage\"},\"image\":{\"@id\":\"https:\\\/\\\/racom.com.pl\\\/index.php\\\/produkt\\\/woda-mineralna-cisowianka-niegazowana-puszka-033l-zgrzewka-24-sztuki\\\/#primaryimage\"},\"thumbnailUrl\":\"https:\\\/\\\/racom.com.pl\\\/wp-content\\\/uploads\\\/2025\\\/07\\\/allegro_687bcc6be7b8d4.97336733_2fa6e4294d01b8cd7f7b4100eb1e.jpg\",\"datePublished\":\"2025-07-19T16:47:18+00:00\",\"breadcrumb\":{\"@id\":\"https:\\\/\\\/racom.com.pl\\\/index.php\\\/produkt\\\/woda-mineralna-cisowianka-niegazowana-puszka-033l-zgrzewka-24-sztuki\\\/#breadcrumb\"},\"inLanguage\":\"pl-PL\",\"potentialAction\":[{\"@type\":\"ReadAction\",\"target\":[\"https:\\\/\\\/racom.com.pl\\\/index.php\\\/produkt\\\/woda-mineralna-cisowianka-niegazowana-puszka-033l-zgrzewka-24-sztuki\\\/\"]}]},{\"@type\":\"ImageObject\",\"inLanguage\":\"pl-PL\",\"@id\":\"https:\\\/\\\/racom.com.pl\\\/index.php\\\/produkt\\\/woda-mineralna-cisowianka-niegazowana-puszka-033l-zgrzewka-24-sztuki\\\/#primaryimage\",\"url\":\"https:\\\/\\\/racom.com.pl\\\/wp-content\\\/uploads\\\/2025\\\/07\\\/allegro_687bcc6be7b8d4.97336733_2fa6e4294d01b8cd7f7b4100eb1e.jpg\",\"contentUrl\":\"https:\\\/\\\/racom.com.pl\\\/wp-content\\\/uploads\\\/2025\\\/07\\\/allegro_687bcc6be7b8d4.97336733_2fa6e4294d01b8cd7f7b4100eb1e.jpg\",\"width\":603,\"height\":138},{\"@type\":\"BreadcrumbList\",\"@id\":\"https:\\\/\\\/racom.com.pl\\\/index.php\\\/produkt\\\/woda-mineralna-cisowianka-niegazowana-puszka-033l-zgrzewka-24-sztuki\\\/#breadcrumb\",\"itemListElement\":[{\"@type\":\"ListItem\",\"position\":1,\"name\":\"Strona g\u0142\u00f3wna\",\"item\":\"https:\\\/\\\/racom.com.pl\\\/\"},{\"@type\":\"ListItem\",\"position\":2,\"name\":\"Sklep\",\"item\":\"https:\\\/\\\/racom.com.pl\\\/\"},{\"@type\":\"ListItem\",\"position\":3,\"name\":\"Woda mineralna Cisowianka NIEGAZOWANA puszka 0,33L Zgrzewka 24-sztuki\"}]},{\"@type\":\"WebSite\",\"@id\":\"https:\\\/\\\/racom.com.pl\\\/#website\",\"url\":\"https:\\\/\\\/racom.com.pl\\\/\",\"name\":\"Mix Market - Supermarket z wszystkim co potrzeba do domu i nie tylko\",\"description\":\"\",\"publisher\":{\"@id\":\"https:\\\/\\\/racom.com.pl\\\/#organization\"},\"potentialAction\":[{\"@type\":\"SearchAction\",\"target\":{\"@type\":\"EntryPoint\",\"urlTemplate\":\"https:\\\/\\\/racom.com.pl\\\/?s={search_term_string}\"},\"query-input\":{\"@type\":\"PropertyValueSpecification\",\"valueRequired\":true,\"valueName\":\"search_term_string\"}}],\"inLanguage\":\"pl-PL\"},{\"@type\":\"Organization\",\"@id\":\"https:\\\/\\\/racom.com.pl\\\/#organization\",\"name\":\"Mix Market - Supermarket z wszystkim co potrzeba do domu i nie tylko\",\"url\":\"https:\\\/\\\/racom.com.pl\\\/\",\"logo\":{\"@type\":\"ImageObject\",\"inLanguage\":\"pl-PL\",\"@id\":\"https:\\\/\\\/racom.com.pl\\\/#\\\/schema\\\/logo\\\/image\\\/\",\"url\":\"https:\\\/\\\/racom.com.pl\\\/wp-content\\\/uploads\\\/2025\\\/07\\\/mixmarket_logo.png\",\"contentUrl\":\"https:\\\/\\\/racom.com.pl\\\/wp-content\\\/uploads\\\/2025\\\/07\\\/mixmarket_logo.png\",\"width\":1024,\"height\":1024,\"caption\":\"Mix Market - Supermarket z wszystkim co potrzeba do domu i nie tylko\"},\"image\":{\"@id\":\"https:\\\/\\\/racom.com.pl\\\/#\\\/schema\\\/logo\\\/image\\\/\"}}]}<\/script>\n<!-- \/ Yoast SEO plugin. -->","yoast_head_json":{"title":"Woda mineralna Cisowianka NIEGAZOWANA puszka 0,33L Zgrzewka 24-sztuki - Mix Market - Supermarket z wszystkim co potrzeba","robots":{"index":"index","follow":"follow","max-snippet":"max-snippet:-1","max-image-preview":"max-image-preview:large","max-video-preview":"max-video-preview:-1"},"canonical":"https:\/\/racom.com.pl\/index.php\/produkt\/woda-mineralna-cisowianka-niegazowana-puszka-033l-zgrzewka-24-sztuki\/","og_locale":"pl_PL","og_type":"article","og_title":"Woda mineralna Cisowianka NIEGAZOWANA puszka 0,33L Zgrzewka 24-sztuki - Mix Market - Supermarket z wszystkim co potrzeba","og_description":"Cisowianka Woda mineralna niegazowana zgrzewka 24 x 330 ml Cisowianka Woda Mineralna Niegazowana Puszka 330 ml Oferta dotyczy 24szt (puszek). Dobrze znana naturalna woda mineralna, nierozerwalnie zwi\u0105zana z uzdrowiskowym mikroklimatem na\u0142\u0119czowskich pok\u0142ad\u00f3w wodono\u015bnych z oko\u0142o 400-letni\u0105 histori\u0105, rozlewana u \u017ar\u00f3d\u0142a, w ultranowoczesnym zak\u0142adzie, z zastosowaniem rozwi\u0105za\u0144, kt\u00f3re umo\u017cliwiaj\u0105 zachowanie jej pierwotnych, naturalnych w\u0142a\u015bciwo\u015bci. Ma\u0142a i [&hellip;]","og_url":"https:\/\/racom.com.pl\/index.php\/produkt\/woda-mineralna-cisowianka-niegazowana-puszka-033l-zgrzewka-24-sztuki\/","og_site_name":"Mix Market - Supermarket z wszystkim co potrzeba","og_image":[{"width":603,"height":138,"url":"https:\/\/racom.com.pl\/wp-content\/uploads\/2025\/07\/allegro_687bcc6be7b8d4.97336733_2fa6e4294d01b8cd7f7b4100eb1e.jpg","type":"image\/jpeg"}],"twitter_card":"summary_large_image","twitter_misc":{"Szacowany czas czytania":"1 minuta"},"schema":{"@context":"https:\/\/schema.org","@graph":[{"@type":"WebPage","@id":"https:\/\/racom.com.pl\/index.php\/produkt\/woda-mineralna-cisowianka-niegazowana-puszka-033l-zgrzewka-24-sztuki\/","url":"https:\/\/racom.com.pl\/index.php\/produkt\/woda-mineralna-cisowianka-niegazowana-puszka-033l-zgrzewka-24-sztuki\/","name":"Woda mineralna Cisowianka NIEGAZOWANA puszka 0,33L Zgrzewka 24-sztuki - Mix Market - Supermarket z wszystkim co potrzeba","isPartOf":{"@id":"https:\/\/racom.com.pl\/#website"},"primaryImageOfPage":{"@id":"https:\/\/racom.com.pl\/index.php\/produkt\/woda-mineralna-cisowianka-niegazowana-puszka-033l-zgrzewka-24-sztuki\/#primaryimage"},"image":{"@id":"https:\/\/racom.com.pl\/index.php\/produkt\/woda-mineralna-cisowianka-niegazowana-puszka-033l-zgrzewka-24-sztuki\/#primaryimage"},"thumbnailUrl":"https:\/\/racom.com.pl\/wp-content\/uploads\/2025\/07\/allegro_687bcc6be7b8d4.97336733_2fa6e4294d01b8cd7f7b4100eb1e.jpg","datePublished":"2025-07-19T16:47:18+00:00","breadcrumb":{"@id":"https:\/\/racom.com.pl\/index.php\/produkt\/woda-mineralna-cisowianka-niegazowana-puszka-033l-zgrzewka-24-sztuki\/#breadcrumb"},"inLanguage":"pl-PL","potentialAction":[{"@type":"ReadAction","target":["https:\/\/racom.com.pl\/index.php\/produkt\/woda-mineralna-cisowianka-niegazowana-puszka-033l-zgrzewka-24-sztuki\/"]}]},{"@type":"ImageObject","inLanguage":"pl-PL","@id":"https:\/\/racom.com.pl\/index.php\/produkt\/woda-mineralna-cisowianka-niegazowana-puszka-033l-zgrzewka-24-sztuki\/#primaryimage","url":"https:\/\/racom.com.pl\/wp-content\/uploads\/2025\/07\/allegro_687bcc6be7b8d4.97336733_2fa6e4294d01b8cd7f7b4100eb1e.jpg","contentUrl":"https:\/\/racom.com.pl\/wp-content\/uploads\/2025\/07\/allegro_687bcc6be7b8d4.97336733_2fa6e4294d01b8cd7f7b4100eb1e.jpg","width":603,"height":138},{"@type":"BreadcrumbList","@id":"https:\/\/racom.com.pl\/index.php\/produkt\/woda-mineralna-cisowianka-niegazowana-puszka-033l-zgrzewka-24-sztuki\/#breadcrumb","itemListElement":[{"@type":"ListItem","position":1,"name":"Strona g\u0142\u00f3wna","item":"https:\/\/racom.com.pl\/"},{"@type":"ListItem","position":2,"name":"Sklep","item":"https:\/\/racom.com.pl\/"},{"@type":"ListItem","position":3,"name":"Woda mineralna Cisowianka NIEGAZOWANA puszka 0,33L Zgrzewka 24-sztuki"}]},{"@type":"WebSite","@id":"https:\/\/racom.com.pl\/#website","url":"https:\/\/racom.com.pl\/","name":"Mix Market - Supermarket z wszystkim co potrzeba do domu i nie tylko","description":"","publisher":{"@id":"https:\/\/racom.com.pl\/#organization"},"potentialAction":[{"@type":"SearchAction","target":{"@type":"EntryPoint","urlTemplate":"https:\/\/racom.com.pl\/?s={search_term_string}"},"query-input":{"@type":"PropertyValueSpecification","valueRequired":true,"valueName":"search_term_string"}}],"inLanguage":"pl-PL"},{"@type":"Organization","@id":"https:\/\/racom.com.pl\/#organization","name":"Mix Market - Supermarket z wszystkim co potrzeba do domu i nie tylko","url":"https:\/\/racom.com.pl\/","logo":{"@type":"ImageObject","inLanguage":"pl-PL","@id":"https:\/\/racom.com.pl\/#\/schema\/logo\/image\/","url":"https:\/\/racom.com.pl\/wp-content\/uploads\/2025\/07\/mixmarket_logo.png","contentUrl":"https:\/\/racom.com.pl\/wp-content\/uploads\/2025\/07\/mixmarket_logo.png","width":1024,"height":1024,"caption":"Mix Market - Supermarket z wszystkim co potrzeba do domu i nie tylko"},"image":{"@id":"https:\/\/racom.com.pl\/#\/schema\/logo\/image\/"}}]}},"_links":{"self":[{"href":"https:\/\/racom.com.pl\/index.php\/wp-json\/wp\/v2\/product\/3067","targetHints":{"allow":["GET"]}}],"collection":[{"href":"https:\/\/racom.com.pl\/index.php\/wp-json\/wp\/v2\/product"}],"about":[{"href":"https:\/\/racom.com.pl\/index.php\/wp-json\/wp\/v2\/types\/product"}],"replies":[{"embeddable":true,"href":"https:\/\/racom.com.pl\/index.php\/wp-json\/wp\/v2\/comments?post=3067"}],"wp:featuredmedia":[{"embeddable":true,"href":"https:\/\/racom.com.pl\/index.php\/wp-json\/wp\/v2\/media\/3071"}],"wp:attachment":[{"href":"https:\/\/racom.com.pl\/index.php\/wp-json\/wp\/v2\/media?parent=3067"}],"wp:term":[{"taxonomy":"product_brand","embeddable":true,"href":"https:\/\/racom.com.pl\/index.php\/wp-json\/wp\/v2\/product_brand?post=3067"},{"taxonomy":"product_cat","embeddable":true,"href":"https:\/\/racom.com.pl\/index.php\/wp-json\/wp\/v2\/product_cat?post=3067"},{"taxonomy":"product_tag","embeddable":true,"href":"https:\/\/racom.com.pl\/index.php\/wp-json\/wp\/v2\/product_tag?post=3067"}],"curies":[{"name":"wp","href":"https:\/\/api.w.org\/{rel}","templated":true}]}}