{"id":3072,"date":"2025-07-19T18:49:13","date_gmt":"2025-07-19T16:49:13","guid":{"rendered":"http:\/\/192.168.2.106\/index.php\/produkt\/kwas-chlebowy-obolon-napoj-gazowany-1l-zgrzewka-12-sztuk\/"},"modified":"2025-07-19T18:49:13","modified_gmt":"2025-07-19T16:49:13","slug":"kwas-chlebowy-obolon-napoj-gazowany-1l-zgrzewka-12-sztuk","status":"publish","type":"product","link":"https:\/\/racom.com.pl\/index.php\/produkt\/kwas-chlebowy-obolon-napoj-gazowany-1l-zgrzewka-12-sztuk\/","title":{"rendered":"Kwas Chlebowy OBOLON Nap\u00f3j gazowany 1L ZGRZEWKA 12 sztuk"},"content":{"rendered":"<p><b>Kwas Chlebowy \u201eObolon\u201d 1L \u2013 Zestaw 12 Butelek<\/b><\/p>\n<p> <b>Naturalny i Orze\u017awiaj\u0105cy Smak<\/b><\/p>\n<p>Gazowany nap\u00f3j bezalkoholowy <b>Kwas Chlebowy \u201eObolon\u201d<\/b> to idealny spos\u00f3b na ugaszenie pragnienia. Jego tradycyjna receptura i bogaty smak sprawiaj\u0105, \u017ce jest uwielbiany przez mi\u0142o\u015bnik\u00f3w kwasu chlebowego.<\/p>\n<p>\ud83d\udd39 <b>Najwy\u017csza Jako\u015b\u0107 Sk\u0142adnik\u00f3w<\/b><\/p>\n<p>Nap\u00f3j powstaje na bazie naturalnych sk\u0142adnik\u00f3w, takich jak <b>brzeczka zbo\u017cowa, s\u0142\u00f3d j\u0119czmienny, m\u0105ka pszenna i j\u0119czmienna<\/b>, z dodatkiem olejku kminkowego. Dzi\u0119ki temu ma wyj\u0105tkowy, g\u0142\u0119boki smak i aromat.<\/p>\n<p>\ud83d\udd39 <b>\u015awietna Alternatywa dla S\u0142odzonych Napoj\u00f3w<\/b><\/p>\n<p>Kwas chlebowy \u201eObolon\u201d to doskona\u0142a propozycja dla os\u00f3b szukaj\u0105cych <b>naturalnej alternatywy dla gazowanych napoj\u00f3w<\/b>. Zawiera <b>tylko 31 kcal na 100 ml<\/b> i nie zawiera t\u0142uszczu.<\/p>\n<p>\ud83d\udce6 <b>Zestaw zawiera:<\/b><\/p>\n<p>\u2705 12 butelek po 1L ka\u017cda<\/p>\n<p><b>Sk\u0142adniki:<\/b><\/p>\n<p>\ud83d\udca7 Woda<\/p>\n<p>\ud83c\udf5e Brzeczka zbo\u017cowa (m\u0105ka pszenna, m\u0105ka j\u0119czmienna, s\u0142\u00f3d j\u0119czmienny, karmel)<\/p>\n<p>\ud83c\udf6f Cukier<\/p>\n<p>\ud83c\udf3f Aromat s\u0142odowy<\/p>\n<p>\ud83c\udf4b Kwas cytrynowy (regulator kwasowo\u015bci)<\/p>\n<p>\ud83c\udf3e Barwnik: karmel<\/p>\n<p>\ud83d\udee1 Konserwant: benzoesan sodu<\/p>\n<p>\ud83c\udf31 Olejek kminkowy<\/p>\n<p>\ud83d\udca8 Dwutlenek w\u0119gla<\/p>\n<p>\u26a0 <b>Zawiera gluten (j\u0119czmie\u0144, pszenica)<\/b><\/p>\n<p>\ud83d\udcca <b>Warto\u015bci od\u017cywcze (100 ml):<\/b><\/p>\n<p>\u2714 Energia: <b>130 kJ \/ 31 kcal<\/b><\/p>\n<p>\u2714 W\u0119glowodany: <b>7,8 g<\/b> (w tym cukry <b>7,3 g<\/b>)<\/p>\n<p>\u2714 T\u0142uszcz: <b>0 g<\/b><\/p>\n<p>\u2714 Bia\u0142ko: <b>0 g<\/b><\/p>\n<p>\u2714 S\u00f3l: <b>0,01 g<\/b><\/p>\n","protected":false},"excerpt":{"rendered":"<p>Kwas Chlebowy \u201eObolon\u201d 1L \u2013 Zestaw 12 Butelek Naturalny i Orze\u017awiaj\u0105cy Smak Gazowany nap\u00f3j bezalkoholowy Kwas Chlebowy \u201eObolon\u201d to idealny spos\u00f3b na ugaszenie pragnienia. Jego tradycyjna receptura i bogaty smak sprawiaj\u0105, \u017ce jest uwielbiany przez mi\u0142o\u015bnik\u00f3w kwasu chlebowego. \ud83d\udd39 Najwy\u017csza Jako\u015b\u0107 Sk\u0142adnik\u00f3w Nap\u00f3j powstaje na bazie naturalnych sk\u0142adnik\u00f3w, takich jak brzeczka zbo\u017cowa, s\u0142\u00f3d j\u0119czmienny, m\u0105ka [&hellip;]<\/p>\n","protected":false},"featured_media":3075,"comment_status":"open","ping_status":"closed","template":"","meta":[],"product_brand":[214],"product_cat":[116],"product_tag":[],"class_list":{"0":"post-3072","1":"product","2":"type-product","3":"status-publish","4":"has-post-thumbnail","6":"product_brand-obolon","7":"product_cat-napoje-i-akcesoria","9":"first","10":"instock","11":"taxable","12":"shipping-taxable","13":"purchasable","14":"product-type-simple"},"yoast_head":"<!-- This site is optimized with the Yoast SEO plugin v27.3 - https:\/\/yoast.com\/product\/yoast-seo-wordpress\/ -->\n<title>Kwas Chlebowy OBOLON Nap\u00f3j gazowany 1L ZGRZEWKA 12 sztuk - Mix Market - Supermarket z wszystkim co potrzeba<\/title>\n<meta name=\"robots\" content=\"index, follow, max-snippet:-1, max-image-preview:large, max-video-preview:-1\" \/>\n<link rel=\"canonical\" href=\"https:\/\/racom.com.pl\/index.php\/produkt\/kwas-chlebowy-obolon-napoj-gazowany-1l-zgrzewka-12-sztuk\/\" \/>\n<meta property=\"og:locale\" content=\"pl_PL\" \/>\n<meta property=\"og:type\" content=\"article\" \/>\n<meta property=\"og:title\" content=\"Kwas Chlebowy OBOLON Nap\u00f3j gazowany 1L ZGRZEWKA 12 sztuk - Mix Market - Supermarket z wszystkim co potrzeba\" \/>\n<meta property=\"og:description\" content=\"Kwas Chlebowy \u201eObolon\u201d 1L \u2013 Zestaw 12 Butelek Naturalny i Orze\u017awiaj\u0105cy Smak Gazowany nap\u00f3j bezalkoholowy Kwas Chlebowy \u201eObolon\u201d to idealny spos\u00f3b na ugaszenie pragnienia. Jego tradycyjna receptura i bogaty smak sprawiaj\u0105, \u017ce jest uwielbiany przez mi\u0142o\u015bnik\u00f3w kwasu chlebowego. \ud83d\udd39 Najwy\u017csza Jako\u015b\u0107 Sk\u0142adnik\u00f3w Nap\u00f3j powstaje na bazie naturalnych sk\u0142adnik\u00f3w, takich jak brzeczka zbo\u017cowa, s\u0142\u00f3d j\u0119czmienny, m\u0105ka [&hellip;]\" \/>\n<meta property=\"og:url\" content=\"https:\/\/racom.com.pl\/index.php\/produkt\/kwas-chlebowy-obolon-napoj-gazowany-1l-zgrzewka-12-sztuk\/\" \/>\n<meta property=\"og:site_name\" content=\"Mix Market - Supermarket z wszystkim co potrzeba\" \/>\n<meta property=\"og:image\" content=\"https:\/\/racom.com.pl\/wp-content\/uploads\/2025\/07\/allegro_687bcccbcd62a2.98971528_c7d35a33418e8e85ba492c9e3071.jpg\" \/>\n\t<meta property=\"og:image:width\" content=\"2365\" \/>\n\t<meta property=\"og:image:height\" content=\"2365\" \/>\n\t<meta property=\"og:image:type\" content=\"image\/jpeg\" \/>\n<meta name=\"twitter:card\" content=\"summary_large_image\" \/>\n<meta name=\"twitter:label1\" content=\"Szacowany czas czytania\" \/>\n\t<meta name=\"twitter:data1\" content=\"1 minuta\" \/>\n<script type=\"application\/ld+json\" class=\"yoast-schema-graph\">{\"@context\":\"https:\\\/\\\/schema.org\",\"@graph\":[{\"@type\":\"WebPage\",\"@id\":\"https:\\\/\\\/racom.com.pl\\\/index.php\\\/produkt\\\/kwas-chlebowy-obolon-napoj-gazowany-1l-zgrzewka-12-sztuk\\\/\",\"url\":\"https:\\\/\\\/racom.com.pl\\\/index.php\\\/produkt\\\/kwas-chlebowy-obolon-napoj-gazowany-1l-zgrzewka-12-sztuk\\\/\",\"name\":\"Kwas Chlebowy OBOLON Nap\u00f3j gazowany 1L ZGRZEWKA 12 sztuk - Mix Market - Supermarket z wszystkim co potrzeba\",\"isPartOf\":{\"@id\":\"https:\\\/\\\/racom.com.pl\\\/#website\"},\"primaryImageOfPage\":{\"@id\":\"https:\\\/\\\/racom.com.pl\\\/index.php\\\/produkt\\\/kwas-chlebowy-obolon-napoj-gazowany-1l-zgrzewka-12-sztuk\\\/#primaryimage\"},\"image\":{\"@id\":\"https:\\\/\\\/racom.com.pl\\\/index.php\\\/produkt\\\/kwas-chlebowy-obolon-napoj-gazowany-1l-zgrzewka-12-sztuk\\\/#primaryimage\"},\"thumbnailUrl\":\"https:\\\/\\\/racom.com.pl\\\/wp-content\\\/uploads\\\/2025\\\/07\\\/allegro_687bcccbcd62a2.98971528_c7d35a33418e8e85ba492c9e3071.jpg\",\"datePublished\":\"2025-07-19T16:49:13+00:00\",\"breadcrumb\":{\"@id\":\"https:\\\/\\\/racom.com.pl\\\/index.php\\\/produkt\\\/kwas-chlebowy-obolon-napoj-gazowany-1l-zgrzewka-12-sztuk\\\/#breadcrumb\"},\"inLanguage\":\"pl-PL\",\"potentialAction\":[{\"@type\":\"ReadAction\",\"target\":[\"https:\\\/\\\/racom.com.pl\\\/index.php\\\/produkt\\\/kwas-chlebowy-obolon-napoj-gazowany-1l-zgrzewka-12-sztuk\\\/\"]}]},{\"@type\":\"ImageObject\",\"inLanguage\":\"pl-PL\",\"@id\":\"https:\\\/\\\/racom.com.pl\\\/index.php\\\/produkt\\\/kwas-chlebowy-obolon-napoj-gazowany-1l-zgrzewka-12-sztuk\\\/#primaryimage\",\"url\":\"https:\\\/\\\/racom.com.pl\\\/wp-content\\\/uploads\\\/2025\\\/07\\\/allegro_687bcccbcd62a2.98971528_c7d35a33418e8e85ba492c9e3071.jpg\",\"contentUrl\":\"https:\\\/\\\/racom.com.pl\\\/wp-content\\\/uploads\\\/2025\\\/07\\\/allegro_687bcccbcd62a2.98971528_c7d35a33418e8e85ba492c9e3071.jpg\",\"width\":2365,\"height\":2365},{\"@type\":\"BreadcrumbList\",\"@id\":\"https:\\\/\\\/racom.com.pl\\\/index.php\\\/produkt\\\/kwas-chlebowy-obolon-napoj-gazowany-1l-zgrzewka-12-sztuk\\\/#breadcrumb\",\"itemListElement\":[{\"@type\":\"ListItem\",\"position\":1,\"name\":\"Strona g\u0142\u00f3wna\",\"item\":\"https:\\\/\\\/racom.com.pl\\\/\"},{\"@type\":\"ListItem\",\"position\":2,\"name\":\"Sklep\",\"item\":\"https:\\\/\\\/racom.com.pl\\\/\"},{\"@type\":\"ListItem\",\"position\":3,\"name\":\"Kwas Chlebowy OBOLON Nap\u00f3j gazowany 1L ZGRZEWKA 12 sztuk\"}]},{\"@type\":\"WebSite\",\"@id\":\"https:\\\/\\\/racom.com.pl\\\/#website\",\"url\":\"https:\\\/\\\/racom.com.pl\\\/\",\"name\":\"Mix Market - Supermarket z wszystkim co potrzeba do domu i nie tylko\",\"description\":\"\",\"publisher\":{\"@id\":\"https:\\\/\\\/racom.com.pl\\\/#organization\"},\"potentialAction\":[{\"@type\":\"SearchAction\",\"target\":{\"@type\":\"EntryPoint\",\"urlTemplate\":\"https:\\\/\\\/racom.com.pl\\\/?s={search_term_string}\"},\"query-input\":{\"@type\":\"PropertyValueSpecification\",\"valueRequired\":true,\"valueName\":\"search_term_string\"}}],\"inLanguage\":\"pl-PL\"},{\"@type\":\"Organization\",\"@id\":\"https:\\\/\\\/racom.com.pl\\\/#organization\",\"name\":\"Mix Market - Supermarket z wszystkim co potrzeba do domu i nie tylko\",\"url\":\"https:\\\/\\\/racom.com.pl\\\/\",\"logo\":{\"@type\":\"ImageObject\",\"inLanguage\":\"pl-PL\",\"@id\":\"https:\\\/\\\/racom.com.pl\\\/#\\\/schema\\\/logo\\\/image\\\/\",\"url\":\"https:\\\/\\\/racom.com.pl\\\/wp-content\\\/uploads\\\/2025\\\/07\\\/mixmarket_logo.png\",\"contentUrl\":\"https:\\\/\\\/racom.com.pl\\\/wp-content\\\/uploads\\\/2025\\\/07\\\/mixmarket_logo.png\",\"width\":1024,\"height\":1024,\"caption\":\"Mix Market - Supermarket z wszystkim co potrzeba do domu i nie tylko\"},\"image\":{\"@id\":\"https:\\\/\\\/racom.com.pl\\\/#\\\/schema\\\/logo\\\/image\\\/\"}}]}<\/script>\n<!-- \/ Yoast SEO plugin. -->","yoast_head_json":{"title":"Kwas Chlebowy OBOLON Nap\u00f3j gazowany 1L ZGRZEWKA 12 sztuk - Mix Market - Supermarket z wszystkim co potrzeba","robots":{"index":"index","follow":"follow","max-snippet":"max-snippet:-1","max-image-preview":"max-image-preview:large","max-video-preview":"max-video-preview:-1"},"canonical":"https:\/\/racom.com.pl\/index.php\/produkt\/kwas-chlebowy-obolon-napoj-gazowany-1l-zgrzewka-12-sztuk\/","og_locale":"pl_PL","og_type":"article","og_title":"Kwas Chlebowy OBOLON Nap\u00f3j gazowany 1L ZGRZEWKA 12 sztuk - Mix Market - Supermarket z wszystkim co potrzeba","og_description":"Kwas Chlebowy \u201eObolon\u201d 1L \u2013 Zestaw 12 Butelek Naturalny i Orze\u017awiaj\u0105cy Smak Gazowany nap\u00f3j bezalkoholowy Kwas Chlebowy \u201eObolon\u201d to idealny spos\u00f3b na ugaszenie pragnienia. Jego tradycyjna receptura i bogaty smak sprawiaj\u0105, \u017ce jest uwielbiany przez mi\u0142o\u015bnik\u00f3w kwasu chlebowego. \ud83d\udd39 Najwy\u017csza Jako\u015b\u0107 Sk\u0142adnik\u00f3w Nap\u00f3j powstaje na bazie naturalnych sk\u0142adnik\u00f3w, takich jak brzeczka zbo\u017cowa, s\u0142\u00f3d j\u0119czmienny, m\u0105ka [&hellip;]","og_url":"https:\/\/racom.com.pl\/index.php\/produkt\/kwas-chlebowy-obolon-napoj-gazowany-1l-zgrzewka-12-sztuk\/","og_site_name":"Mix Market - Supermarket z wszystkim co potrzeba","og_image":[{"width":2365,"height":2365,"url":"https:\/\/racom.com.pl\/wp-content\/uploads\/2025\/07\/allegro_687bcccbcd62a2.98971528_c7d35a33418e8e85ba492c9e3071.jpg","type":"image\/jpeg"}],"twitter_card":"summary_large_image","twitter_misc":{"Szacowany czas czytania":"1 minuta"},"schema":{"@context":"https:\/\/schema.org","@graph":[{"@type":"WebPage","@id":"https:\/\/racom.com.pl\/index.php\/produkt\/kwas-chlebowy-obolon-napoj-gazowany-1l-zgrzewka-12-sztuk\/","url":"https:\/\/racom.com.pl\/index.php\/produkt\/kwas-chlebowy-obolon-napoj-gazowany-1l-zgrzewka-12-sztuk\/","name":"Kwas Chlebowy OBOLON Nap\u00f3j gazowany 1L ZGRZEWKA 12 sztuk - Mix Market - Supermarket z wszystkim co potrzeba","isPartOf":{"@id":"https:\/\/racom.com.pl\/#website"},"primaryImageOfPage":{"@id":"https:\/\/racom.com.pl\/index.php\/produkt\/kwas-chlebowy-obolon-napoj-gazowany-1l-zgrzewka-12-sztuk\/#primaryimage"},"image":{"@id":"https:\/\/racom.com.pl\/index.php\/produkt\/kwas-chlebowy-obolon-napoj-gazowany-1l-zgrzewka-12-sztuk\/#primaryimage"},"thumbnailUrl":"https:\/\/racom.com.pl\/wp-content\/uploads\/2025\/07\/allegro_687bcccbcd62a2.98971528_c7d35a33418e8e85ba492c9e3071.jpg","datePublished":"2025-07-19T16:49:13+00:00","breadcrumb":{"@id":"https:\/\/racom.com.pl\/index.php\/produkt\/kwas-chlebowy-obolon-napoj-gazowany-1l-zgrzewka-12-sztuk\/#breadcrumb"},"inLanguage":"pl-PL","potentialAction":[{"@type":"ReadAction","target":["https:\/\/racom.com.pl\/index.php\/produkt\/kwas-chlebowy-obolon-napoj-gazowany-1l-zgrzewka-12-sztuk\/"]}]},{"@type":"ImageObject","inLanguage":"pl-PL","@id":"https:\/\/racom.com.pl\/index.php\/produkt\/kwas-chlebowy-obolon-napoj-gazowany-1l-zgrzewka-12-sztuk\/#primaryimage","url":"https:\/\/racom.com.pl\/wp-content\/uploads\/2025\/07\/allegro_687bcccbcd62a2.98971528_c7d35a33418e8e85ba492c9e3071.jpg","contentUrl":"https:\/\/racom.com.pl\/wp-content\/uploads\/2025\/07\/allegro_687bcccbcd62a2.98971528_c7d35a33418e8e85ba492c9e3071.jpg","width":2365,"height":2365},{"@type":"BreadcrumbList","@id":"https:\/\/racom.com.pl\/index.php\/produkt\/kwas-chlebowy-obolon-napoj-gazowany-1l-zgrzewka-12-sztuk\/#breadcrumb","itemListElement":[{"@type":"ListItem","position":1,"name":"Strona g\u0142\u00f3wna","item":"https:\/\/racom.com.pl\/"},{"@type":"ListItem","position":2,"name":"Sklep","item":"https:\/\/racom.com.pl\/"},{"@type":"ListItem","position":3,"name":"Kwas Chlebowy OBOLON Nap\u00f3j gazowany 1L ZGRZEWKA 12 sztuk"}]},{"@type":"WebSite","@id":"https:\/\/racom.com.pl\/#website","url":"https:\/\/racom.com.pl\/","name":"Mix Market - Supermarket z wszystkim co potrzeba do domu i nie tylko","description":"","publisher":{"@id":"https:\/\/racom.com.pl\/#organization"},"potentialAction":[{"@type":"SearchAction","target":{"@type":"EntryPoint","urlTemplate":"https:\/\/racom.com.pl\/?s={search_term_string}"},"query-input":{"@type":"PropertyValueSpecification","valueRequired":true,"valueName":"search_term_string"}}],"inLanguage":"pl-PL"},{"@type":"Organization","@id":"https:\/\/racom.com.pl\/#organization","name":"Mix Market - Supermarket z wszystkim co potrzeba do domu i nie tylko","url":"https:\/\/racom.com.pl\/","logo":{"@type":"ImageObject","inLanguage":"pl-PL","@id":"https:\/\/racom.com.pl\/#\/schema\/logo\/image\/","url":"https:\/\/racom.com.pl\/wp-content\/uploads\/2025\/07\/mixmarket_logo.png","contentUrl":"https:\/\/racom.com.pl\/wp-content\/uploads\/2025\/07\/mixmarket_logo.png","width":1024,"height":1024,"caption":"Mix Market - Supermarket z wszystkim co potrzeba do domu i nie tylko"},"image":{"@id":"https:\/\/racom.com.pl\/#\/schema\/logo\/image\/"}}]}},"_links":{"self":[{"href":"https:\/\/racom.com.pl\/index.php\/wp-json\/wp\/v2\/product\/3072","targetHints":{"allow":["GET"]}}],"collection":[{"href":"https:\/\/racom.com.pl\/index.php\/wp-json\/wp\/v2\/product"}],"about":[{"href":"https:\/\/racom.com.pl\/index.php\/wp-json\/wp\/v2\/types\/product"}],"replies":[{"embeddable":true,"href":"https:\/\/racom.com.pl\/index.php\/wp-json\/wp\/v2\/comments?post=3072"}],"wp:featuredmedia":[{"embeddable":true,"href":"https:\/\/racom.com.pl\/index.php\/wp-json\/wp\/v2\/media\/3075"}],"wp:attachment":[{"href":"https:\/\/racom.com.pl\/index.php\/wp-json\/wp\/v2\/media?parent=3072"}],"wp:term":[{"taxonomy":"product_brand","embeddable":true,"href":"https:\/\/racom.com.pl\/index.php\/wp-json\/wp\/v2\/product_brand?post=3072"},{"taxonomy":"product_cat","embeddable":true,"href":"https:\/\/racom.com.pl\/index.php\/wp-json\/wp\/v2\/product_cat?post=3072"},{"taxonomy":"product_tag","embeddable":true,"href":"https:\/\/racom.com.pl\/index.php\/wp-json\/wp\/v2\/product_tag?post=3072"}],"curies":[{"name":"wp","href":"https:\/\/api.w.org\/{rel}","templated":true}]}}