{"id":3076,"date":"2025-07-19T18:50:42","date_gmt":"2025-07-19T16:50:42","guid":{"rendered":"http:\/\/192.168.2.106\/index.php\/produkt\/syrop-barmanski-rioba-do-drinkow-gorzka-czekolada-700ml\/"},"modified":"2025-07-19T18:50:42","modified_gmt":"2025-07-19T16:50:42","slug":"syrop-barmanski-rioba-do-drinkow-gorzka-czekolada-700ml","status":"publish","type":"product","link":"https:\/\/racom.com.pl\/index.php\/produkt\/syrop-barmanski-rioba-do-drinkow-gorzka-czekolada-700ml\/","title":{"rendered":"Syrop barma\u0144ski RIOBA do drink\u00f3w GORZKA CZEKOLADA 700ml"},"content":{"rendered":"<p><b>Syrop Barma\u0144ski RIOBA \u2013 Gorzka Czekolada 700 ml<\/b><\/p>\n<p> <b>Wyj\u0105tkowy smak gorzkiej czekolady w p\u0142ynnej formie!<\/b><\/p>\n<p>Syrop barma\u0144ski <b>RIOBA Gorzka Czekolada<\/b> to doskona\u0142y dodatek do <b>drink\u00f3w, koktajli, kawy, deser\u00f3w i shake\u2019\u00f3w<\/b>. Jego intensywny, g\u0142\u0119boki smak sprawia, \u017ce idealnie komponuje si\u0119 zar\u00f3wno z napojami alkoholowymi, jak i bezalkoholowymi.<\/p>\n<p>\ud83d\udd39 <b>Idealny do:<\/b><\/p>\n<p>\u2705 Drink\u00f3w i koktajli (np. Espresso Martini, Chocolate Martini)<\/p>\n<p>\u2705 Kawy (latte, cappuccino, mocha)<\/p>\n<p>\u2705 Gor\u0105cej czekolady<\/p>\n<p>\u2705 Deser\u00f3w i lod\u00f3w<\/p>\n<p>\u2705 Shake\u2019\u00f3w i koktajli mlecznych<\/p>\n<p>\ud83d\udce6 <b>Pojemno\u015b\u0107:<\/b> 700 ml<\/p>\n<p>\ud83d\udccc <b>Dlaczego warto wybra\u0107 RIOBA?<\/b><\/p>\n<p>\u2714 Profesjonalna jako\u015b\u0107 barma\u0144ska<\/p>\n<p>\u2714 G\u0142\u0119boki, intensywny smak gorzkiej czekolady<\/p>\n","protected":false},"excerpt":{"rendered":"<p>Syrop Barma\u0144ski RIOBA \u2013 Gorzka Czekolada 700 ml Wyj\u0105tkowy smak gorzkiej czekolady w p\u0142ynnej formie! Syrop barma\u0144ski RIOBA Gorzka Czekolada to doskona\u0142y dodatek do drink\u00f3w, koktajli, kawy, deser\u00f3w i shake\u2019\u00f3w. Jego intensywny, g\u0142\u0119boki smak sprawia, \u017ce idealnie komponuje si\u0119 zar\u00f3wno z napojami alkoholowymi, jak i bezalkoholowymi. \ud83d\udd39 Idealny do: \u2705 Drink\u00f3w i koktajli (np. Espresso [&hellip;]<\/p>\n","protected":false},"featured_media":3080,"comment_status":"open","ping_status":"closed","template":"","meta":[],"product_brand":[117],"product_cat":[116],"product_tag":[],"class_list":{"0":"post-3076","1":"product","2":"type-product","3":"status-publish","4":"has-post-thumbnail","6":"product_brand-rioba","7":"product_cat-napoje-i-akcesoria","9":"first","10":"instock","11":"taxable","12":"shipping-taxable","13":"purchasable","14":"product-type-simple"},"yoast_head":"<!-- This site is optimized with the Yoast SEO plugin v27.3 - https:\/\/yoast.com\/product\/yoast-seo-wordpress\/ -->\n<title>Syrop barma\u0144ski RIOBA do drink\u00f3w GORZKA CZEKOLADA 700ml - Mix Market - Supermarket z wszystkim co potrzeba<\/title>\n<meta name=\"robots\" content=\"index, follow, max-snippet:-1, max-image-preview:large, max-video-preview:-1\" \/>\n<link rel=\"canonical\" href=\"https:\/\/racom.com.pl\/index.php\/produkt\/syrop-barmanski-rioba-do-drinkow-gorzka-czekolada-700ml\/\" \/>\n<meta property=\"og:locale\" content=\"pl_PL\" \/>\n<meta property=\"og:type\" content=\"article\" \/>\n<meta property=\"og:title\" content=\"Syrop barma\u0144ski RIOBA do drink\u00f3w GORZKA CZEKOLADA 700ml - Mix Market - Supermarket z wszystkim co potrzeba\" \/>\n<meta property=\"og:description\" content=\"Syrop Barma\u0144ski RIOBA \u2013 Gorzka Czekolada 700 ml Wyj\u0105tkowy smak gorzkiej czekolady w p\u0142ynnej formie! Syrop barma\u0144ski RIOBA Gorzka Czekolada to doskona\u0142y dodatek do drink\u00f3w, koktajli, kawy, deser\u00f3w i shake\u2019\u00f3w. Jego intensywny, g\u0142\u0119boki smak sprawia, \u017ce idealnie komponuje si\u0119 zar\u00f3wno z napojami alkoholowymi, jak i bezalkoholowymi. \ud83d\udd39 Idealny do: \u2705 Drink\u00f3w i koktajli (np. Espresso [&hellip;]\" \/>\n<meta property=\"og:url\" content=\"https:\/\/racom.com.pl\/index.php\/produkt\/syrop-barmanski-rioba-do-drinkow-gorzka-czekolada-700ml\/\" \/>\n<meta property=\"og:site_name\" content=\"Mix Market - Supermarket z wszystkim co potrzeba\" \/>\n<meta property=\"og:image\" content=\"https:\/\/racom.com.pl\/wp-content\/uploads\/2025\/07\/allegro_687bcd40589493.86275845_486913b44dd4844ced05844d163e.jpg\" \/>\n\t<meta property=\"og:image:width\" content=\"805\" \/>\n\t<meta property=\"og:image:height\" content=\"720\" \/>\n\t<meta property=\"og:image:type\" content=\"image\/jpeg\" \/>\n<meta name=\"twitter:card\" content=\"summary_large_image\" \/>\n<script type=\"application\/ld+json\" class=\"yoast-schema-graph\">{\"@context\":\"https:\\\/\\\/schema.org\",\"@graph\":[{\"@type\":\"WebPage\",\"@id\":\"https:\\\/\\\/racom.com.pl\\\/index.php\\\/produkt\\\/syrop-barmanski-rioba-do-drinkow-gorzka-czekolada-700ml\\\/\",\"url\":\"https:\\\/\\\/racom.com.pl\\\/index.php\\\/produkt\\\/syrop-barmanski-rioba-do-drinkow-gorzka-czekolada-700ml\\\/\",\"name\":\"Syrop barma\u0144ski RIOBA do drink\u00f3w GORZKA CZEKOLADA 700ml - Mix Market - Supermarket z wszystkim co potrzeba\",\"isPartOf\":{\"@id\":\"https:\\\/\\\/racom.com.pl\\\/#website\"},\"primaryImageOfPage\":{\"@id\":\"https:\\\/\\\/racom.com.pl\\\/index.php\\\/produkt\\\/syrop-barmanski-rioba-do-drinkow-gorzka-czekolada-700ml\\\/#primaryimage\"},\"image\":{\"@id\":\"https:\\\/\\\/racom.com.pl\\\/index.php\\\/produkt\\\/syrop-barmanski-rioba-do-drinkow-gorzka-czekolada-700ml\\\/#primaryimage\"},\"thumbnailUrl\":\"https:\\\/\\\/racom.com.pl\\\/wp-content\\\/uploads\\\/2025\\\/07\\\/allegro_687bcd40589493.86275845_486913b44dd4844ced05844d163e.jpg\",\"datePublished\":\"2025-07-19T16:50:42+00:00\",\"breadcrumb\":{\"@id\":\"https:\\\/\\\/racom.com.pl\\\/index.php\\\/produkt\\\/syrop-barmanski-rioba-do-drinkow-gorzka-czekolada-700ml\\\/#breadcrumb\"},\"inLanguage\":\"pl-PL\",\"potentialAction\":[{\"@type\":\"ReadAction\",\"target\":[\"https:\\\/\\\/racom.com.pl\\\/index.php\\\/produkt\\\/syrop-barmanski-rioba-do-drinkow-gorzka-czekolada-700ml\\\/\"]}]},{\"@type\":\"ImageObject\",\"inLanguage\":\"pl-PL\",\"@id\":\"https:\\\/\\\/racom.com.pl\\\/index.php\\\/produkt\\\/syrop-barmanski-rioba-do-drinkow-gorzka-czekolada-700ml\\\/#primaryimage\",\"url\":\"https:\\\/\\\/racom.com.pl\\\/wp-content\\\/uploads\\\/2025\\\/07\\\/allegro_687bcd40589493.86275845_486913b44dd4844ced05844d163e.jpg\",\"contentUrl\":\"https:\\\/\\\/racom.com.pl\\\/wp-content\\\/uploads\\\/2025\\\/07\\\/allegro_687bcd40589493.86275845_486913b44dd4844ced05844d163e.jpg\",\"width\":805,\"height\":720},{\"@type\":\"BreadcrumbList\",\"@id\":\"https:\\\/\\\/racom.com.pl\\\/index.php\\\/produkt\\\/syrop-barmanski-rioba-do-drinkow-gorzka-czekolada-700ml\\\/#breadcrumb\",\"itemListElement\":[{\"@type\":\"ListItem\",\"position\":1,\"name\":\"Strona g\u0142\u00f3wna\",\"item\":\"https:\\\/\\\/racom.com.pl\\\/\"},{\"@type\":\"ListItem\",\"position\":2,\"name\":\"Sklep\",\"item\":\"https:\\\/\\\/racom.com.pl\\\/\"},{\"@type\":\"ListItem\",\"position\":3,\"name\":\"Syrop barma\u0144ski RIOBA do drink\u00f3w GORZKA CZEKOLADA 700ml\"}]},{\"@type\":\"WebSite\",\"@id\":\"https:\\\/\\\/racom.com.pl\\\/#website\",\"url\":\"https:\\\/\\\/racom.com.pl\\\/\",\"name\":\"Mix Market - Supermarket z wszystkim co potrzeba do domu i nie tylko\",\"description\":\"\",\"publisher\":{\"@id\":\"https:\\\/\\\/racom.com.pl\\\/#organization\"},\"potentialAction\":[{\"@type\":\"SearchAction\",\"target\":{\"@type\":\"EntryPoint\",\"urlTemplate\":\"https:\\\/\\\/racom.com.pl\\\/?s={search_term_string}\"},\"query-input\":{\"@type\":\"PropertyValueSpecification\",\"valueRequired\":true,\"valueName\":\"search_term_string\"}}],\"inLanguage\":\"pl-PL\"},{\"@type\":\"Organization\",\"@id\":\"https:\\\/\\\/racom.com.pl\\\/#organization\",\"name\":\"Mix Market - Supermarket z wszystkim co potrzeba do domu i nie tylko\",\"url\":\"https:\\\/\\\/racom.com.pl\\\/\",\"logo\":{\"@type\":\"ImageObject\",\"inLanguage\":\"pl-PL\",\"@id\":\"https:\\\/\\\/racom.com.pl\\\/#\\\/schema\\\/logo\\\/image\\\/\",\"url\":\"https:\\\/\\\/racom.com.pl\\\/wp-content\\\/uploads\\\/2025\\\/07\\\/mixmarket_logo.png\",\"contentUrl\":\"https:\\\/\\\/racom.com.pl\\\/wp-content\\\/uploads\\\/2025\\\/07\\\/mixmarket_logo.png\",\"width\":1024,\"height\":1024,\"caption\":\"Mix Market - Supermarket z wszystkim co potrzeba do domu i nie tylko\"},\"image\":{\"@id\":\"https:\\\/\\\/racom.com.pl\\\/#\\\/schema\\\/logo\\\/image\\\/\"}}]}<\/script>\n<!-- \/ Yoast SEO plugin. -->","yoast_head_json":{"title":"Syrop barma\u0144ski RIOBA do drink\u00f3w GORZKA CZEKOLADA 700ml - Mix Market - Supermarket z wszystkim co potrzeba","robots":{"index":"index","follow":"follow","max-snippet":"max-snippet:-1","max-image-preview":"max-image-preview:large","max-video-preview":"max-video-preview:-1"},"canonical":"https:\/\/racom.com.pl\/index.php\/produkt\/syrop-barmanski-rioba-do-drinkow-gorzka-czekolada-700ml\/","og_locale":"pl_PL","og_type":"article","og_title":"Syrop barma\u0144ski RIOBA do drink\u00f3w GORZKA CZEKOLADA 700ml - Mix Market - Supermarket z wszystkim co potrzeba","og_description":"Syrop Barma\u0144ski RIOBA \u2013 Gorzka Czekolada 700 ml Wyj\u0105tkowy smak gorzkiej czekolady w p\u0142ynnej formie! Syrop barma\u0144ski RIOBA Gorzka Czekolada to doskona\u0142y dodatek do drink\u00f3w, koktajli, kawy, deser\u00f3w i shake\u2019\u00f3w. Jego intensywny, g\u0142\u0119boki smak sprawia, \u017ce idealnie komponuje si\u0119 zar\u00f3wno z napojami alkoholowymi, jak i bezalkoholowymi. \ud83d\udd39 Idealny do: \u2705 Drink\u00f3w i koktajli (np. Espresso [&hellip;]","og_url":"https:\/\/racom.com.pl\/index.php\/produkt\/syrop-barmanski-rioba-do-drinkow-gorzka-czekolada-700ml\/","og_site_name":"Mix Market - Supermarket z wszystkim co potrzeba","og_image":[{"width":805,"height":720,"url":"https:\/\/racom.com.pl\/wp-content\/uploads\/2025\/07\/allegro_687bcd40589493.86275845_486913b44dd4844ced05844d163e.jpg","type":"image\/jpeg"}],"twitter_card":"summary_large_image","schema":{"@context":"https:\/\/schema.org","@graph":[{"@type":"WebPage","@id":"https:\/\/racom.com.pl\/index.php\/produkt\/syrop-barmanski-rioba-do-drinkow-gorzka-czekolada-700ml\/","url":"https:\/\/racom.com.pl\/index.php\/produkt\/syrop-barmanski-rioba-do-drinkow-gorzka-czekolada-700ml\/","name":"Syrop barma\u0144ski RIOBA do drink\u00f3w GORZKA CZEKOLADA 700ml - Mix Market - Supermarket z wszystkim co potrzeba","isPartOf":{"@id":"https:\/\/racom.com.pl\/#website"},"primaryImageOfPage":{"@id":"https:\/\/racom.com.pl\/index.php\/produkt\/syrop-barmanski-rioba-do-drinkow-gorzka-czekolada-700ml\/#primaryimage"},"image":{"@id":"https:\/\/racom.com.pl\/index.php\/produkt\/syrop-barmanski-rioba-do-drinkow-gorzka-czekolada-700ml\/#primaryimage"},"thumbnailUrl":"https:\/\/racom.com.pl\/wp-content\/uploads\/2025\/07\/allegro_687bcd40589493.86275845_486913b44dd4844ced05844d163e.jpg","datePublished":"2025-07-19T16:50:42+00:00","breadcrumb":{"@id":"https:\/\/racom.com.pl\/index.php\/produkt\/syrop-barmanski-rioba-do-drinkow-gorzka-czekolada-700ml\/#breadcrumb"},"inLanguage":"pl-PL","potentialAction":[{"@type":"ReadAction","target":["https:\/\/racom.com.pl\/index.php\/produkt\/syrop-barmanski-rioba-do-drinkow-gorzka-czekolada-700ml\/"]}]},{"@type":"ImageObject","inLanguage":"pl-PL","@id":"https:\/\/racom.com.pl\/index.php\/produkt\/syrop-barmanski-rioba-do-drinkow-gorzka-czekolada-700ml\/#primaryimage","url":"https:\/\/racom.com.pl\/wp-content\/uploads\/2025\/07\/allegro_687bcd40589493.86275845_486913b44dd4844ced05844d163e.jpg","contentUrl":"https:\/\/racom.com.pl\/wp-content\/uploads\/2025\/07\/allegro_687bcd40589493.86275845_486913b44dd4844ced05844d163e.jpg","width":805,"height":720},{"@type":"BreadcrumbList","@id":"https:\/\/racom.com.pl\/index.php\/produkt\/syrop-barmanski-rioba-do-drinkow-gorzka-czekolada-700ml\/#breadcrumb","itemListElement":[{"@type":"ListItem","position":1,"name":"Strona g\u0142\u00f3wna","item":"https:\/\/racom.com.pl\/"},{"@type":"ListItem","position":2,"name":"Sklep","item":"https:\/\/racom.com.pl\/"},{"@type":"ListItem","position":3,"name":"Syrop barma\u0144ski RIOBA do drink\u00f3w GORZKA CZEKOLADA 700ml"}]},{"@type":"WebSite","@id":"https:\/\/racom.com.pl\/#website","url":"https:\/\/racom.com.pl\/","name":"Mix Market - Supermarket z wszystkim co potrzeba do domu i nie tylko","description":"","publisher":{"@id":"https:\/\/racom.com.pl\/#organization"},"potentialAction":[{"@type":"SearchAction","target":{"@type":"EntryPoint","urlTemplate":"https:\/\/racom.com.pl\/?s={search_term_string}"},"query-input":{"@type":"PropertyValueSpecification","valueRequired":true,"valueName":"search_term_string"}}],"inLanguage":"pl-PL"},{"@type":"Organization","@id":"https:\/\/racom.com.pl\/#organization","name":"Mix Market - Supermarket z wszystkim co potrzeba do domu i nie tylko","url":"https:\/\/racom.com.pl\/","logo":{"@type":"ImageObject","inLanguage":"pl-PL","@id":"https:\/\/racom.com.pl\/#\/schema\/logo\/image\/","url":"https:\/\/racom.com.pl\/wp-content\/uploads\/2025\/07\/mixmarket_logo.png","contentUrl":"https:\/\/racom.com.pl\/wp-content\/uploads\/2025\/07\/mixmarket_logo.png","width":1024,"height":1024,"caption":"Mix Market - Supermarket z wszystkim co potrzeba do domu i nie tylko"},"image":{"@id":"https:\/\/racom.com.pl\/#\/schema\/logo\/image\/"}}]}},"_links":{"self":[{"href":"https:\/\/racom.com.pl\/index.php\/wp-json\/wp\/v2\/product\/3076","targetHints":{"allow":["GET"]}}],"collection":[{"href":"https:\/\/racom.com.pl\/index.php\/wp-json\/wp\/v2\/product"}],"about":[{"href":"https:\/\/racom.com.pl\/index.php\/wp-json\/wp\/v2\/types\/product"}],"replies":[{"embeddable":true,"href":"https:\/\/racom.com.pl\/index.php\/wp-json\/wp\/v2\/comments?post=3076"}],"wp:featuredmedia":[{"embeddable":true,"href":"https:\/\/racom.com.pl\/index.php\/wp-json\/wp\/v2\/media\/3080"}],"wp:attachment":[{"href":"https:\/\/racom.com.pl\/index.php\/wp-json\/wp\/v2\/media?parent=3076"}],"wp:term":[{"taxonomy":"product_brand","embeddable":true,"href":"https:\/\/racom.com.pl\/index.php\/wp-json\/wp\/v2\/product_brand?post=3076"},{"taxonomy":"product_cat","embeddable":true,"href":"https:\/\/racom.com.pl\/index.php\/wp-json\/wp\/v2\/product_cat?post=3076"},{"taxonomy":"product_tag","embeddable":true,"href":"https:\/\/racom.com.pl\/index.php\/wp-json\/wp\/v2\/product_tag?post=3076"}],"curies":[{"name":"wp","href":"https:\/\/api.w.org\/{rel}","templated":true}]}}