{"id":3085,"date":"2025-07-19T18:54:00","date_gmt":"2025-07-19T16:54:00","guid":{"rendered":"http:\/\/192.168.2.106\/index.php\/produkt\/syrop-barmanski-rioba-do-drinkow-trzcina-cukrowa-cukier-trzcinowy-700-ml\/"},"modified":"2025-07-19T18:54:00","modified_gmt":"2025-07-19T16:54:00","slug":"syrop-barmanski-rioba-do-drinkow-trzcina-cukrowa-cukier-trzcinowy-700-ml","status":"publish","type":"product","link":"https:\/\/racom.com.pl\/index.php\/produkt\/syrop-barmanski-rioba-do-drinkow-trzcina-cukrowa-cukier-trzcinowy-700-ml\/","title":{"rendered":"Syrop barma\u0144ski RIOBA do drink\u00f3w TRZCINA CUKROWA CUKIER TRZCINOWY 700 ml"},"content":{"rendered":"<h2>SYROP BARMA\u0143SKI TRZCINOWY do drink\u00f3w Rioba 700ml<\/h2>\n<p>\u27a1\ufe0f Syrop barma\u0144ski Rioba <b>TRZCINA CUKROWA<\/b> to produkt o intensywnym smaku.<\/p>\n<p>Syrop barma\u0144ski trzcinowy charakteryzuje si\u0119 s\u0142odkim smakiem i ma w sobie nutk\u0119 egzotyki.<\/p>\n<p>Teraz przygotowywanie drink\u00f3w jest o niebo \u0142atwiejsze, wystarczy tylko po\u0142\u0105czy\u0107 sok Rioba z ulubionym alkoholem.<\/p>\n<p>\u27a1\ufe0f Dodatkowe informacje o produkcie:<\/p>\n<p>Syropy barma\u0144skie to unikalny produkt, kt\u00f3ry charakteryzuje si\u0119 intensywnym smakiem i wysok\u0105 g\u0119sto\u015bci\u0105. S\u0142u\u017cy w celu tworzenia smakowych drink\u00f3w oraz nadawania im niepowtarzalnej barwy.<\/p>\n<p>Swoje zastosowanie znajdzie zar\u00f3wno w du\u017cych barach, a tak\u017ce podczas domowych imprez gdy b\u0119dziesz chcia\u0142 zaserwowa\u0107 swoim go\u015bciom wyj\u0105tkowy nap\u00f3j.<\/p>\n<p>\u2705 Specyfikacja<\/p>\n<p>Producent: Rioba<\/p>\n<p>Pojemno\u015b\u0107: 700ml<\/p>\n","protected":false},"excerpt":{"rendered":"<p>SYROP BARMA\u0143SKI TRZCINOWY do drink\u00f3w Rioba 700ml \u27a1\ufe0f Syrop barma\u0144ski Rioba TRZCINA CUKROWA to produkt o intensywnym smaku. Syrop barma\u0144ski trzcinowy charakteryzuje si\u0119 s\u0142odkim smakiem i ma w sobie nutk\u0119 egzotyki. Teraz przygotowywanie drink\u00f3w jest o niebo \u0142atwiejsze, wystarczy tylko po\u0142\u0105czy\u0107 sok Rioba z ulubionym alkoholem. \u27a1\ufe0f Dodatkowe informacje o produkcie: Syropy barma\u0144skie to unikalny [&hellip;]<\/p>\n","protected":false},"featured_media":3088,"comment_status":"open","ping_status":"closed","template":"","meta":[],"product_brand":[117],"product_cat":[116],"product_tag":[],"class_list":{"0":"post-3085","1":"product","2":"type-product","3":"status-publish","4":"has-post-thumbnail","6":"product_brand-rioba","7":"product_cat-napoje-i-akcesoria","9":"first","10":"instock","11":"taxable","12":"shipping-taxable","13":"purchasable","14":"product-type-simple"},"yoast_head":"<!-- This site is optimized with the Yoast SEO plugin v27.3 - https:\/\/yoast.com\/product\/yoast-seo-wordpress\/ -->\n<title>Syrop barma\u0144ski RIOBA do drink\u00f3w TRZCINA CUKROWA CUKIER TRZCINOWY 700 ml - Mix Market - Supermarket z wszystkim co potrzeba<\/title>\n<meta name=\"robots\" content=\"index, follow, max-snippet:-1, max-image-preview:large, max-video-preview:-1\" \/>\n<link rel=\"canonical\" href=\"https:\/\/racom.com.pl\/index.php\/produkt\/syrop-barmanski-rioba-do-drinkow-trzcina-cukrowa-cukier-trzcinowy-700-ml\/\" \/>\n<meta property=\"og:locale\" content=\"pl_PL\" \/>\n<meta property=\"og:type\" content=\"article\" \/>\n<meta property=\"og:title\" content=\"Syrop barma\u0144ski RIOBA do drink\u00f3w TRZCINA CUKROWA CUKIER TRZCINOWY 700 ml - Mix Market - Supermarket z wszystkim co potrzeba\" \/>\n<meta property=\"og:description\" content=\"SYROP BARMA\u0143SKI TRZCINOWY do drink\u00f3w Rioba 700ml \u27a1\ufe0f Syrop barma\u0144ski Rioba TRZCINA CUKROWA to produkt o intensywnym smaku. Syrop barma\u0144ski trzcinowy charakteryzuje si\u0119 s\u0142odkim smakiem i ma w sobie nutk\u0119 egzotyki. Teraz przygotowywanie drink\u00f3w jest o niebo \u0142atwiejsze, wystarczy tylko po\u0142\u0105czy\u0107 sok Rioba z ulubionym alkoholem. \u27a1\ufe0f Dodatkowe informacje o produkcie: Syropy barma\u0144skie to unikalny [&hellip;]\" \/>\n<meta property=\"og:url\" content=\"https:\/\/racom.com.pl\/index.php\/produkt\/syrop-barmanski-rioba-do-drinkow-trzcina-cukrowa-cukier-trzcinowy-700-ml\/\" \/>\n<meta property=\"og:site_name\" content=\"Mix Market - Supermarket z wszystkim co potrzeba\" \/>\n<meta property=\"og:image\" content=\"https:\/\/racom.com.pl\/wp-content\/uploads\/2025\/07\/allegro_687bcde35d0f69.15689302_7a9583da4afe96c82f01d0dd9dfc.jpg\" \/>\n\t<meta property=\"og:image:width\" content=\"189\" \/>\n\t<meta property=\"og:image:height\" content=\"481\" \/>\n\t<meta property=\"og:image:type\" content=\"image\/jpeg\" \/>\n<meta name=\"twitter:card\" content=\"summary_large_image\" \/>\n<meta name=\"twitter:label1\" content=\"Szacowany czas czytania\" \/>\n\t<meta name=\"twitter:data1\" content=\"1 minuta\" \/>\n<script type=\"application\/ld+json\" class=\"yoast-schema-graph\">{\"@context\":\"https:\\\/\\\/schema.org\",\"@graph\":[{\"@type\":\"WebPage\",\"@id\":\"https:\\\/\\\/racom.com.pl\\\/index.php\\\/produkt\\\/syrop-barmanski-rioba-do-drinkow-trzcina-cukrowa-cukier-trzcinowy-700-ml\\\/\",\"url\":\"https:\\\/\\\/racom.com.pl\\\/index.php\\\/produkt\\\/syrop-barmanski-rioba-do-drinkow-trzcina-cukrowa-cukier-trzcinowy-700-ml\\\/\",\"name\":\"Syrop barma\u0144ski RIOBA do drink\u00f3w TRZCINA CUKROWA CUKIER TRZCINOWY 700 ml - Mix Market - Supermarket z wszystkim co potrzeba\",\"isPartOf\":{\"@id\":\"https:\\\/\\\/racom.com.pl\\\/#website\"},\"primaryImageOfPage\":{\"@id\":\"https:\\\/\\\/racom.com.pl\\\/index.php\\\/produkt\\\/syrop-barmanski-rioba-do-drinkow-trzcina-cukrowa-cukier-trzcinowy-700-ml\\\/#primaryimage\"},\"image\":{\"@id\":\"https:\\\/\\\/racom.com.pl\\\/index.php\\\/produkt\\\/syrop-barmanski-rioba-do-drinkow-trzcina-cukrowa-cukier-trzcinowy-700-ml\\\/#primaryimage\"},\"thumbnailUrl\":\"https:\\\/\\\/racom.com.pl\\\/wp-content\\\/uploads\\\/2025\\\/07\\\/allegro_687bcde35d0f69.15689302_7a9583da4afe96c82f01d0dd9dfc.jpg\",\"datePublished\":\"2025-07-19T16:54:00+00:00\",\"breadcrumb\":{\"@id\":\"https:\\\/\\\/racom.com.pl\\\/index.php\\\/produkt\\\/syrop-barmanski-rioba-do-drinkow-trzcina-cukrowa-cukier-trzcinowy-700-ml\\\/#breadcrumb\"},\"inLanguage\":\"pl-PL\",\"potentialAction\":[{\"@type\":\"ReadAction\",\"target\":[\"https:\\\/\\\/racom.com.pl\\\/index.php\\\/produkt\\\/syrop-barmanski-rioba-do-drinkow-trzcina-cukrowa-cukier-trzcinowy-700-ml\\\/\"]}]},{\"@type\":\"ImageObject\",\"inLanguage\":\"pl-PL\",\"@id\":\"https:\\\/\\\/racom.com.pl\\\/index.php\\\/produkt\\\/syrop-barmanski-rioba-do-drinkow-trzcina-cukrowa-cukier-trzcinowy-700-ml\\\/#primaryimage\",\"url\":\"https:\\\/\\\/racom.com.pl\\\/wp-content\\\/uploads\\\/2025\\\/07\\\/allegro_687bcde35d0f69.15689302_7a9583da4afe96c82f01d0dd9dfc.jpg\",\"contentUrl\":\"https:\\\/\\\/racom.com.pl\\\/wp-content\\\/uploads\\\/2025\\\/07\\\/allegro_687bcde35d0f69.15689302_7a9583da4afe96c82f01d0dd9dfc.jpg\",\"width\":189,\"height\":481},{\"@type\":\"BreadcrumbList\",\"@id\":\"https:\\\/\\\/racom.com.pl\\\/index.php\\\/produkt\\\/syrop-barmanski-rioba-do-drinkow-trzcina-cukrowa-cukier-trzcinowy-700-ml\\\/#breadcrumb\",\"itemListElement\":[{\"@type\":\"ListItem\",\"position\":1,\"name\":\"Strona g\u0142\u00f3wna\",\"item\":\"https:\\\/\\\/racom.com.pl\\\/\"},{\"@type\":\"ListItem\",\"position\":2,\"name\":\"Sklep\",\"item\":\"https:\\\/\\\/racom.com.pl\\\/\"},{\"@type\":\"ListItem\",\"position\":3,\"name\":\"Syrop barma\u0144ski RIOBA do drink\u00f3w TRZCINA CUKROWA CUKIER TRZCINOWY 700 ml\"}]},{\"@type\":\"WebSite\",\"@id\":\"https:\\\/\\\/racom.com.pl\\\/#website\",\"url\":\"https:\\\/\\\/racom.com.pl\\\/\",\"name\":\"Mix Market - Supermarket z wszystkim co potrzeba do domu i nie tylko\",\"description\":\"\",\"publisher\":{\"@id\":\"https:\\\/\\\/racom.com.pl\\\/#organization\"},\"potentialAction\":[{\"@type\":\"SearchAction\",\"target\":{\"@type\":\"EntryPoint\",\"urlTemplate\":\"https:\\\/\\\/racom.com.pl\\\/?s={search_term_string}\"},\"query-input\":{\"@type\":\"PropertyValueSpecification\",\"valueRequired\":true,\"valueName\":\"search_term_string\"}}],\"inLanguage\":\"pl-PL\"},{\"@type\":\"Organization\",\"@id\":\"https:\\\/\\\/racom.com.pl\\\/#organization\",\"name\":\"Mix Market - Supermarket z wszystkim co potrzeba do domu i nie tylko\",\"url\":\"https:\\\/\\\/racom.com.pl\\\/\",\"logo\":{\"@type\":\"ImageObject\",\"inLanguage\":\"pl-PL\",\"@id\":\"https:\\\/\\\/racom.com.pl\\\/#\\\/schema\\\/logo\\\/image\\\/\",\"url\":\"https:\\\/\\\/racom.com.pl\\\/wp-content\\\/uploads\\\/2025\\\/07\\\/mixmarket_logo.png\",\"contentUrl\":\"https:\\\/\\\/racom.com.pl\\\/wp-content\\\/uploads\\\/2025\\\/07\\\/mixmarket_logo.png\",\"width\":1024,\"height\":1024,\"caption\":\"Mix Market - Supermarket z wszystkim co potrzeba do domu i nie tylko\"},\"image\":{\"@id\":\"https:\\\/\\\/racom.com.pl\\\/#\\\/schema\\\/logo\\\/image\\\/\"}}]}<\/script>\n<!-- \/ Yoast SEO plugin. -->","yoast_head_json":{"title":"Syrop barma\u0144ski RIOBA do drink\u00f3w TRZCINA CUKROWA CUKIER TRZCINOWY 700 ml - Mix Market - Supermarket z wszystkim co potrzeba","robots":{"index":"index","follow":"follow","max-snippet":"max-snippet:-1","max-image-preview":"max-image-preview:large","max-video-preview":"max-video-preview:-1"},"canonical":"https:\/\/racom.com.pl\/index.php\/produkt\/syrop-barmanski-rioba-do-drinkow-trzcina-cukrowa-cukier-trzcinowy-700-ml\/","og_locale":"pl_PL","og_type":"article","og_title":"Syrop barma\u0144ski RIOBA do drink\u00f3w TRZCINA CUKROWA CUKIER TRZCINOWY 700 ml - Mix Market - Supermarket z wszystkim co potrzeba","og_description":"SYROP BARMA\u0143SKI TRZCINOWY do drink\u00f3w Rioba 700ml \u27a1\ufe0f Syrop barma\u0144ski Rioba TRZCINA CUKROWA to produkt o intensywnym smaku. Syrop barma\u0144ski trzcinowy charakteryzuje si\u0119 s\u0142odkim smakiem i ma w sobie nutk\u0119 egzotyki. Teraz przygotowywanie drink\u00f3w jest o niebo \u0142atwiejsze, wystarczy tylko po\u0142\u0105czy\u0107 sok Rioba z ulubionym alkoholem. \u27a1\ufe0f Dodatkowe informacje o produkcie: Syropy barma\u0144skie to unikalny [&hellip;]","og_url":"https:\/\/racom.com.pl\/index.php\/produkt\/syrop-barmanski-rioba-do-drinkow-trzcina-cukrowa-cukier-trzcinowy-700-ml\/","og_site_name":"Mix Market - Supermarket z wszystkim co potrzeba","og_image":[{"width":189,"height":481,"url":"https:\/\/racom.com.pl\/wp-content\/uploads\/2025\/07\/allegro_687bcde35d0f69.15689302_7a9583da4afe96c82f01d0dd9dfc.jpg","type":"image\/jpeg"}],"twitter_card":"summary_large_image","twitter_misc":{"Szacowany czas czytania":"1 minuta"},"schema":{"@context":"https:\/\/schema.org","@graph":[{"@type":"WebPage","@id":"https:\/\/racom.com.pl\/index.php\/produkt\/syrop-barmanski-rioba-do-drinkow-trzcina-cukrowa-cukier-trzcinowy-700-ml\/","url":"https:\/\/racom.com.pl\/index.php\/produkt\/syrop-barmanski-rioba-do-drinkow-trzcina-cukrowa-cukier-trzcinowy-700-ml\/","name":"Syrop barma\u0144ski RIOBA do drink\u00f3w TRZCINA CUKROWA CUKIER TRZCINOWY 700 ml - Mix Market - Supermarket z wszystkim co potrzeba","isPartOf":{"@id":"https:\/\/racom.com.pl\/#website"},"primaryImageOfPage":{"@id":"https:\/\/racom.com.pl\/index.php\/produkt\/syrop-barmanski-rioba-do-drinkow-trzcina-cukrowa-cukier-trzcinowy-700-ml\/#primaryimage"},"image":{"@id":"https:\/\/racom.com.pl\/index.php\/produkt\/syrop-barmanski-rioba-do-drinkow-trzcina-cukrowa-cukier-trzcinowy-700-ml\/#primaryimage"},"thumbnailUrl":"https:\/\/racom.com.pl\/wp-content\/uploads\/2025\/07\/allegro_687bcde35d0f69.15689302_7a9583da4afe96c82f01d0dd9dfc.jpg","datePublished":"2025-07-19T16:54:00+00:00","breadcrumb":{"@id":"https:\/\/racom.com.pl\/index.php\/produkt\/syrop-barmanski-rioba-do-drinkow-trzcina-cukrowa-cukier-trzcinowy-700-ml\/#breadcrumb"},"inLanguage":"pl-PL","potentialAction":[{"@type":"ReadAction","target":["https:\/\/racom.com.pl\/index.php\/produkt\/syrop-barmanski-rioba-do-drinkow-trzcina-cukrowa-cukier-trzcinowy-700-ml\/"]}]},{"@type":"ImageObject","inLanguage":"pl-PL","@id":"https:\/\/racom.com.pl\/index.php\/produkt\/syrop-barmanski-rioba-do-drinkow-trzcina-cukrowa-cukier-trzcinowy-700-ml\/#primaryimage","url":"https:\/\/racom.com.pl\/wp-content\/uploads\/2025\/07\/allegro_687bcde35d0f69.15689302_7a9583da4afe96c82f01d0dd9dfc.jpg","contentUrl":"https:\/\/racom.com.pl\/wp-content\/uploads\/2025\/07\/allegro_687bcde35d0f69.15689302_7a9583da4afe96c82f01d0dd9dfc.jpg","width":189,"height":481},{"@type":"BreadcrumbList","@id":"https:\/\/racom.com.pl\/index.php\/produkt\/syrop-barmanski-rioba-do-drinkow-trzcina-cukrowa-cukier-trzcinowy-700-ml\/#breadcrumb","itemListElement":[{"@type":"ListItem","position":1,"name":"Strona g\u0142\u00f3wna","item":"https:\/\/racom.com.pl\/"},{"@type":"ListItem","position":2,"name":"Sklep","item":"https:\/\/racom.com.pl\/"},{"@type":"ListItem","position":3,"name":"Syrop barma\u0144ski RIOBA do drink\u00f3w TRZCINA CUKROWA CUKIER TRZCINOWY 700 ml"}]},{"@type":"WebSite","@id":"https:\/\/racom.com.pl\/#website","url":"https:\/\/racom.com.pl\/","name":"Mix Market - Supermarket z wszystkim co potrzeba do domu i nie tylko","description":"","publisher":{"@id":"https:\/\/racom.com.pl\/#organization"},"potentialAction":[{"@type":"SearchAction","target":{"@type":"EntryPoint","urlTemplate":"https:\/\/racom.com.pl\/?s={search_term_string}"},"query-input":{"@type":"PropertyValueSpecification","valueRequired":true,"valueName":"search_term_string"}}],"inLanguage":"pl-PL"},{"@type":"Organization","@id":"https:\/\/racom.com.pl\/#organization","name":"Mix Market - Supermarket z wszystkim co potrzeba do domu i nie tylko","url":"https:\/\/racom.com.pl\/","logo":{"@type":"ImageObject","inLanguage":"pl-PL","@id":"https:\/\/racom.com.pl\/#\/schema\/logo\/image\/","url":"https:\/\/racom.com.pl\/wp-content\/uploads\/2025\/07\/mixmarket_logo.png","contentUrl":"https:\/\/racom.com.pl\/wp-content\/uploads\/2025\/07\/mixmarket_logo.png","width":1024,"height":1024,"caption":"Mix Market - Supermarket z wszystkim co potrzeba do domu i nie tylko"},"image":{"@id":"https:\/\/racom.com.pl\/#\/schema\/logo\/image\/"}}]}},"_links":{"self":[{"href":"https:\/\/racom.com.pl\/index.php\/wp-json\/wp\/v2\/product\/3085","targetHints":{"allow":["GET"]}}],"collection":[{"href":"https:\/\/racom.com.pl\/index.php\/wp-json\/wp\/v2\/product"}],"about":[{"href":"https:\/\/racom.com.pl\/index.php\/wp-json\/wp\/v2\/types\/product"}],"replies":[{"embeddable":true,"href":"https:\/\/racom.com.pl\/index.php\/wp-json\/wp\/v2\/comments?post=3085"}],"wp:featuredmedia":[{"embeddable":true,"href":"https:\/\/racom.com.pl\/index.php\/wp-json\/wp\/v2\/media\/3088"}],"wp:attachment":[{"href":"https:\/\/racom.com.pl\/index.php\/wp-json\/wp\/v2\/media?parent=3085"}],"wp:term":[{"taxonomy":"product_brand","embeddable":true,"href":"https:\/\/racom.com.pl\/index.php\/wp-json\/wp\/v2\/product_brand?post=3085"},{"taxonomy":"product_cat","embeddable":true,"href":"https:\/\/racom.com.pl\/index.php\/wp-json\/wp\/v2\/product_cat?post=3085"},{"taxonomy":"product_tag","embeddable":true,"href":"https:\/\/racom.com.pl\/index.php\/wp-json\/wp\/v2\/product_tag?post=3085"}],"curies":[{"name":"wp","href":"https:\/\/api.w.org\/{rel}","templated":true}]}}