{"id":3098,"date":"2025-07-19T18:58:23","date_gmt":"2025-07-19T16:58:23","guid":{"rendered":"http:\/\/192.168.2.106\/index.php\/produkt\/woda-mineralna-cisowianka-silnie-gazowana-butelka-12x700ml-zgrzewka-12szt\/"},"modified":"2025-07-19T18:58:23","modified_gmt":"2025-07-19T16:58:23","slug":"woda-mineralna-cisowianka-silnie-gazowana-butelka-12x700ml-zgrzewka-12szt","status":"publish","type":"product","link":"https:\/\/racom.com.pl\/index.php\/produkt\/woda-mineralna-cisowianka-silnie-gazowana-butelka-12x700ml-zgrzewka-12szt\/","title":{"rendered":"Woda mineralna Cisowianka Silnie Gazowana Butelka 12x700ml Zgrzewka 12szt"},"content":{"rendered":"<h2>Woda Silne Gazowana Cisowianka 700ml x 12<\/h2>\n<h2>Szczeg\u00f3\u0142owe informacje o wodzie:<\/h2>\n<ul>\n<li><b>Marka<\/b>: Cisowianka<\/li>\n<li><b>Rodzaj<\/b>: Silnie Gazowana<\/li>\n<li><b>Pojemno\u015b\u0107: <\/b>700 ml<\/li>\n<li><b>Ilo\u015b\u0107 sztuk w zestawie:<\/b> 12<\/li>\n<li>Bez substancji konserwuj\u0105cych<\/li>\n<li>Produkt niskokaloryczny<\/li>\n<li>Typ opakowania: butelka PET<\/li>\n<\/ul>\n<p><b>\u2705 <\/b>Naturalna woda mineralna, <b>wysokonasycona<\/b> dwutlenkiem w\u0119gla, <b>\u015bredniozmineralizowana<\/b>.<\/p>\n<p><b>\u2705<\/b> <b>Odpowiednia dla diety<\/b> ubogiej w <b>s\u00f3d<\/b><\/p>\n<p><b>\u2705&nbsp;<\/b>Du\u017ce&nbsp;<b>intensywne b\u0105belki<\/b>&nbsp;i wyj\u0105tkowy smak<\/p>\n<p><b>\u2705 Idealne orze\u017awienie<\/b>&nbsp;na upalne dni<\/p>\n<p><b>Og\u00f3lna mineralizacja: 742 mg\/l.<\/b><\/p>\n<ul>\n<li>Wodorow\u0119glanowy HCO3 &#8211;&nbsp;539,1 mg\/l<\/li>\n<li>Magnezowy Mg 2+&nbsp;21,9 mg\/l<\/li>\n<li>Wapniowy Ca 2+&nbsp;130,3 mg\/l<\/li>\n<li>Sodowy Na +&nbsp;&nbsp;11,0 mg\/l<\/li>\n<\/ul>\n<p><b>Sk\u0142adnik niezdysocjowany :<\/b><\/p>\n<ul>\n<li>Krzemionka SiO2 22,1mg\/l<\/li>\n<\/ul>\n","protected":false},"excerpt":{"rendered":"<p>Woda Silne Gazowana Cisowianka 700ml x 12 Szczeg\u00f3\u0142owe informacje o wodzie: Marka: Cisowianka Rodzaj: Silnie Gazowana Pojemno\u015b\u0107: 700 ml Ilo\u015b\u0107 sztuk w zestawie: 12 Bez substancji konserwuj\u0105cych Produkt niskokaloryczny Typ opakowania: butelka PET \u2705 Naturalna woda mineralna, wysokonasycona dwutlenkiem w\u0119gla, \u015bredniozmineralizowana. \u2705 Odpowiednia dla diety ubogiej w s\u00f3d \u2705&nbsp;Du\u017ce&nbsp;intensywne b\u0105belki&nbsp;i wyj\u0105tkowy smak \u2705 Idealne orze\u017awienie&nbsp;na [&hellip;]<\/p>\n","protected":false},"featured_media":3094,"comment_status":"open","ping_status":"closed","template":"","meta":[],"product_brand":[159],"product_cat":[116],"product_tag":[],"class_list":{"0":"post-3098","1":"product","2":"type-product","3":"status-publish","4":"has-post-thumbnail","6":"product_brand-cisowianka","7":"product_cat-napoje-i-akcesoria","9":"first","10":"instock","11":"taxable","12":"shipping-taxable","13":"purchasable","14":"product-type-simple"},"yoast_head":"<!-- This site is optimized with the Yoast SEO plugin v27.3 - https:\/\/yoast.com\/product\/yoast-seo-wordpress\/ -->\n<title>Woda mineralna Cisowianka Silnie Gazowana Butelka 12x700ml Zgrzewka 12szt - Mix Market - Supermarket z wszystkim co potrzeba<\/title>\n<meta name=\"robots\" content=\"index, follow, max-snippet:-1, max-image-preview:large, max-video-preview:-1\" \/>\n<link rel=\"canonical\" href=\"https:\/\/racom.com.pl\/index.php\/produkt\/woda-mineralna-cisowianka-silnie-gazowana-butelka-12x700ml-zgrzewka-12szt\/\" \/>\n<meta property=\"og:locale\" content=\"pl_PL\" \/>\n<meta property=\"og:type\" content=\"article\" \/>\n<meta property=\"og:title\" content=\"Woda mineralna Cisowianka Silnie Gazowana Butelka 12x700ml Zgrzewka 12szt - Mix Market - Supermarket z wszystkim co potrzeba\" \/>\n<meta property=\"og:description\" content=\"Woda Silne Gazowana Cisowianka 700ml x 12 Szczeg\u00f3\u0142owe informacje o wodzie: Marka: Cisowianka Rodzaj: Silnie Gazowana Pojemno\u015b\u0107: 700 ml Ilo\u015b\u0107 sztuk w zestawie: 12 Bez substancji konserwuj\u0105cych Produkt niskokaloryczny Typ opakowania: butelka PET \u2705 Naturalna woda mineralna, wysokonasycona dwutlenkiem w\u0119gla, \u015bredniozmineralizowana. \u2705 Odpowiednia dla diety ubogiej w s\u00f3d \u2705&nbsp;Du\u017ce&nbsp;intensywne b\u0105belki&nbsp;i wyj\u0105tkowy smak \u2705 Idealne orze\u017awienie&nbsp;na [&hellip;]\" \/>\n<meta property=\"og:url\" content=\"https:\/\/racom.com.pl\/index.php\/produkt\/woda-mineralna-cisowianka-silnie-gazowana-butelka-12x700ml-zgrzewka-12szt\/\" \/>\n<meta property=\"og:site_name\" content=\"Mix Market - Supermarket z wszystkim co potrzeba\" \/>\n<meta property=\"og:image\" content=\"https:\/\/racom.com.pl\/wp-content\/uploads\/2025\/07\/allegro_687bce65121353.86658347_c9e7edbb4e66aec3c3b2fa77ee7f.jpg\" \/>\n\t<meta property=\"og:image:width\" content=\"720\" \/>\n\t<meta property=\"og:image:height\" content=\"720\" \/>\n\t<meta property=\"og:image:type\" content=\"image\/jpeg\" \/>\n<meta name=\"twitter:card\" content=\"summary_large_image\" \/>\n<script type=\"application\/ld+json\" class=\"yoast-schema-graph\">{\"@context\":\"https:\\\/\\\/schema.org\",\"@graph\":[{\"@type\":\"WebPage\",\"@id\":\"https:\\\/\\\/racom.com.pl\\\/index.php\\\/produkt\\\/woda-mineralna-cisowianka-silnie-gazowana-butelka-12x700ml-zgrzewka-12szt\\\/\",\"url\":\"https:\\\/\\\/racom.com.pl\\\/index.php\\\/produkt\\\/woda-mineralna-cisowianka-silnie-gazowana-butelka-12x700ml-zgrzewka-12szt\\\/\",\"name\":\"Woda mineralna Cisowianka Silnie Gazowana Butelka 12x700ml Zgrzewka 12szt - Mix Market - Supermarket z wszystkim co potrzeba\",\"isPartOf\":{\"@id\":\"https:\\\/\\\/racom.com.pl\\\/#website\"},\"primaryImageOfPage\":{\"@id\":\"https:\\\/\\\/racom.com.pl\\\/index.php\\\/produkt\\\/woda-mineralna-cisowianka-silnie-gazowana-butelka-12x700ml-zgrzewka-12szt\\\/#primaryimage\"},\"image\":{\"@id\":\"https:\\\/\\\/racom.com.pl\\\/index.php\\\/produkt\\\/woda-mineralna-cisowianka-silnie-gazowana-butelka-12x700ml-zgrzewka-12szt\\\/#primaryimage\"},\"thumbnailUrl\":\"https:\\\/\\\/racom.com.pl\\\/wp-content\\\/uploads\\\/2025\\\/07\\\/allegro_687bce65121353.86658347_c9e7edbb4e66aec3c3b2fa77ee7f.jpg\",\"datePublished\":\"2025-07-19T16:58:23+00:00\",\"breadcrumb\":{\"@id\":\"https:\\\/\\\/racom.com.pl\\\/index.php\\\/produkt\\\/woda-mineralna-cisowianka-silnie-gazowana-butelka-12x700ml-zgrzewka-12szt\\\/#breadcrumb\"},\"inLanguage\":\"pl-PL\",\"potentialAction\":[{\"@type\":\"ReadAction\",\"target\":[\"https:\\\/\\\/racom.com.pl\\\/index.php\\\/produkt\\\/woda-mineralna-cisowianka-silnie-gazowana-butelka-12x700ml-zgrzewka-12szt\\\/\"]}]},{\"@type\":\"ImageObject\",\"inLanguage\":\"pl-PL\",\"@id\":\"https:\\\/\\\/racom.com.pl\\\/index.php\\\/produkt\\\/woda-mineralna-cisowianka-silnie-gazowana-butelka-12x700ml-zgrzewka-12szt\\\/#primaryimage\",\"url\":\"https:\\\/\\\/racom.com.pl\\\/wp-content\\\/uploads\\\/2025\\\/07\\\/allegro_687bce65121353.86658347_c9e7edbb4e66aec3c3b2fa77ee7f.jpg\",\"contentUrl\":\"https:\\\/\\\/racom.com.pl\\\/wp-content\\\/uploads\\\/2025\\\/07\\\/allegro_687bce65121353.86658347_c9e7edbb4e66aec3c3b2fa77ee7f.jpg\",\"width\":720,\"height\":720},{\"@type\":\"BreadcrumbList\",\"@id\":\"https:\\\/\\\/racom.com.pl\\\/index.php\\\/produkt\\\/woda-mineralna-cisowianka-silnie-gazowana-butelka-12x700ml-zgrzewka-12szt\\\/#breadcrumb\",\"itemListElement\":[{\"@type\":\"ListItem\",\"position\":1,\"name\":\"Strona g\u0142\u00f3wna\",\"item\":\"https:\\\/\\\/racom.com.pl\\\/\"},{\"@type\":\"ListItem\",\"position\":2,\"name\":\"Sklep\",\"item\":\"https:\\\/\\\/racom.com.pl\\\/\"},{\"@type\":\"ListItem\",\"position\":3,\"name\":\"Woda mineralna Cisowianka Silnie Gazowana Butelka 12x700ml Zgrzewka 12szt\"}]},{\"@type\":\"WebSite\",\"@id\":\"https:\\\/\\\/racom.com.pl\\\/#website\",\"url\":\"https:\\\/\\\/racom.com.pl\\\/\",\"name\":\"Mix Market - Supermarket z wszystkim co potrzeba do domu i nie tylko\",\"description\":\"\",\"publisher\":{\"@id\":\"https:\\\/\\\/racom.com.pl\\\/#organization\"},\"potentialAction\":[{\"@type\":\"SearchAction\",\"target\":{\"@type\":\"EntryPoint\",\"urlTemplate\":\"https:\\\/\\\/racom.com.pl\\\/?s={search_term_string}\"},\"query-input\":{\"@type\":\"PropertyValueSpecification\",\"valueRequired\":true,\"valueName\":\"search_term_string\"}}],\"inLanguage\":\"pl-PL\"},{\"@type\":\"Organization\",\"@id\":\"https:\\\/\\\/racom.com.pl\\\/#organization\",\"name\":\"Mix Market - Supermarket z wszystkim co potrzeba do domu i nie tylko\",\"url\":\"https:\\\/\\\/racom.com.pl\\\/\",\"logo\":{\"@type\":\"ImageObject\",\"inLanguage\":\"pl-PL\",\"@id\":\"https:\\\/\\\/racom.com.pl\\\/#\\\/schema\\\/logo\\\/image\\\/\",\"url\":\"https:\\\/\\\/racom.com.pl\\\/wp-content\\\/uploads\\\/2025\\\/07\\\/mixmarket_logo.png\",\"contentUrl\":\"https:\\\/\\\/racom.com.pl\\\/wp-content\\\/uploads\\\/2025\\\/07\\\/mixmarket_logo.png\",\"width\":1024,\"height\":1024,\"caption\":\"Mix Market - Supermarket z wszystkim co potrzeba do domu i nie tylko\"},\"image\":{\"@id\":\"https:\\\/\\\/racom.com.pl\\\/#\\\/schema\\\/logo\\\/image\\\/\"}}]}<\/script>\n<!-- \/ Yoast SEO plugin. -->","yoast_head_json":{"title":"Woda mineralna Cisowianka Silnie Gazowana Butelka 12x700ml Zgrzewka 12szt - Mix Market - Supermarket z wszystkim co potrzeba","robots":{"index":"index","follow":"follow","max-snippet":"max-snippet:-1","max-image-preview":"max-image-preview:large","max-video-preview":"max-video-preview:-1"},"canonical":"https:\/\/racom.com.pl\/index.php\/produkt\/woda-mineralna-cisowianka-silnie-gazowana-butelka-12x700ml-zgrzewka-12szt\/","og_locale":"pl_PL","og_type":"article","og_title":"Woda mineralna Cisowianka Silnie Gazowana Butelka 12x700ml Zgrzewka 12szt - Mix Market - Supermarket z wszystkim co potrzeba","og_description":"Woda Silne Gazowana Cisowianka 700ml x 12 Szczeg\u00f3\u0142owe informacje o wodzie: Marka: Cisowianka Rodzaj: Silnie Gazowana Pojemno\u015b\u0107: 700 ml Ilo\u015b\u0107 sztuk w zestawie: 12 Bez substancji konserwuj\u0105cych Produkt niskokaloryczny Typ opakowania: butelka PET \u2705 Naturalna woda mineralna, wysokonasycona dwutlenkiem w\u0119gla, \u015bredniozmineralizowana. \u2705 Odpowiednia dla diety ubogiej w s\u00f3d \u2705&nbsp;Du\u017ce&nbsp;intensywne b\u0105belki&nbsp;i wyj\u0105tkowy smak \u2705 Idealne orze\u017awienie&nbsp;na [&hellip;]","og_url":"https:\/\/racom.com.pl\/index.php\/produkt\/woda-mineralna-cisowianka-silnie-gazowana-butelka-12x700ml-zgrzewka-12szt\/","og_site_name":"Mix Market - Supermarket z wszystkim co potrzeba","og_image":[{"width":720,"height":720,"url":"https:\/\/racom.com.pl\/wp-content\/uploads\/2025\/07\/allegro_687bce65121353.86658347_c9e7edbb4e66aec3c3b2fa77ee7f.jpg","type":"image\/jpeg"}],"twitter_card":"summary_large_image","schema":{"@context":"https:\/\/schema.org","@graph":[{"@type":"WebPage","@id":"https:\/\/racom.com.pl\/index.php\/produkt\/woda-mineralna-cisowianka-silnie-gazowana-butelka-12x700ml-zgrzewka-12szt\/","url":"https:\/\/racom.com.pl\/index.php\/produkt\/woda-mineralna-cisowianka-silnie-gazowana-butelka-12x700ml-zgrzewka-12szt\/","name":"Woda mineralna Cisowianka Silnie Gazowana Butelka 12x700ml Zgrzewka 12szt - Mix Market - Supermarket z wszystkim co potrzeba","isPartOf":{"@id":"https:\/\/racom.com.pl\/#website"},"primaryImageOfPage":{"@id":"https:\/\/racom.com.pl\/index.php\/produkt\/woda-mineralna-cisowianka-silnie-gazowana-butelka-12x700ml-zgrzewka-12szt\/#primaryimage"},"image":{"@id":"https:\/\/racom.com.pl\/index.php\/produkt\/woda-mineralna-cisowianka-silnie-gazowana-butelka-12x700ml-zgrzewka-12szt\/#primaryimage"},"thumbnailUrl":"https:\/\/racom.com.pl\/wp-content\/uploads\/2025\/07\/allegro_687bce65121353.86658347_c9e7edbb4e66aec3c3b2fa77ee7f.jpg","datePublished":"2025-07-19T16:58:23+00:00","breadcrumb":{"@id":"https:\/\/racom.com.pl\/index.php\/produkt\/woda-mineralna-cisowianka-silnie-gazowana-butelka-12x700ml-zgrzewka-12szt\/#breadcrumb"},"inLanguage":"pl-PL","potentialAction":[{"@type":"ReadAction","target":["https:\/\/racom.com.pl\/index.php\/produkt\/woda-mineralna-cisowianka-silnie-gazowana-butelka-12x700ml-zgrzewka-12szt\/"]}]},{"@type":"ImageObject","inLanguage":"pl-PL","@id":"https:\/\/racom.com.pl\/index.php\/produkt\/woda-mineralna-cisowianka-silnie-gazowana-butelka-12x700ml-zgrzewka-12szt\/#primaryimage","url":"https:\/\/racom.com.pl\/wp-content\/uploads\/2025\/07\/allegro_687bce65121353.86658347_c9e7edbb4e66aec3c3b2fa77ee7f.jpg","contentUrl":"https:\/\/racom.com.pl\/wp-content\/uploads\/2025\/07\/allegro_687bce65121353.86658347_c9e7edbb4e66aec3c3b2fa77ee7f.jpg","width":720,"height":720},{"@type":"BreadcrumbList","@id":"https:\/\/racom.com.pl\/index.php\/produkt\/woda-mineralna-cisowianka-silnie-gazowana-butelka-12x700ml-zgrzewka-12szt\/#breadcrumb","itemListElement":[{"@type":"ListItem","position":1,"name":"Strona g\u0142\u00f3wna","item":"https:\/\/racom.com.pl\/"},{"@type":"ListItem","position":2,"name":"Sklep","item":"https:\/\/racom.com.pl\/"},{"@type":"ListItem","position":3,"name":"Woda mineralna Cisowianka Silnie Gazowana Butelka 12x700ml Zgrzewka 12szt"}]},{"@type":"WebSite","@id":"https:\/\/racom.com.pl\/#website","url":"https:\/\/racom.com.pl\/","name":"Mix Market - Supermarket z wszystkim co potrzeba do domu i nie tylko","description":"","publisher":{"@id":"https:\/\/racom.com.pl\/#organization"},"potentialAction":[{"@type":"SearchAction","target":{"@type":"EntryPoint","urlTemplate":"https:\/\/racom.com.pl\/?s={search_term_string}"},"query-input":{"@type":"PropertyValueSpecification","valueRequired":true,"valueName":"search_term_string"}}],"inLanguage":"pl-PL"},{"@type":"Organization","@id":"https:\/\/racom.com.pl\/#organization","name":"Mix Market - Supermarket z wszystkim co potrzeba do domu i nie tylko","url":"https:\/\/racom.com.pl\/","logo":{"@type":"ImageObject","inLanguage":"pl-PL","@id":"https:\/\/racom.com.pl\/#\/schema\/logo\/image\/","url":"https:\/\/racom.com.pl\/wp-content\/uploads\/2025\/07\/mixmarket_logo.png","contentUrl":"https:\/\/racom.com.pl\/wp-content\/uploads\/2025\/07\/mixmarket_logo.png","width":1024,"height":1024,"caption":"Mix Market - Supermarket z wszystkim co potrzeba do domu i nie tylko"},"image":{"@id":"https:\/\/racom.com.pl\/#\/schema\/logo\/image\/"}}]}},"_links":{"self":[{"href":"https:\/\/racom.com.pl\/index.php\/wp-json\/wp\/v2\/product\/3098","targetHints":{"allow":["GET"]}}],"collection":[{"href":"https:\/\/racom.com.pl\/index.php\/wp-json\/wp\/v2\/product"}],"about":[{"href":"https:\/\/racom.com.pl\/index.php\/wp-json\/wp\/v2\/types\/product"}],"replies":[{"embeddable":true,"href":"https:\/\/racom.com.pl\/index.php\/wp-json\/wp\/v2\/comments?post=3098"}],"wp:featuredmedia":[{"embeddable":true,"href":"https:\/\/racom.com.pl\/index.php\/wp-json\/wp\/v2\/media\/3094"}],"wp:attachment":[{"href":"https:\/\/racom.com.pl\/index.php\/wp-json\/wp\/v2\/media?parent=3098"}],"wp:term":[{"taxonomy":"product_brand","embeddable":true,"href":"https:\/\/racom.com.pl\/index.php\/wp-json\/wp\/v2\/product_brand?post=3098"},{"taxonomy":"product_cat","embeddable":true,"href":"https:\/\/racom.com.pl\/index.php\/wp-json\/wp\/v2\/product_cat?post=3098"},{"taxonomy":"product_tag","embeddable":true,"href":"https:\/\/racom.com.pl\/index.php\/wp-json\/wp\/v2\/product_tag?post=3098"}],"curies":[{"name":"wp","href":"https:\/\/api.w.org\/{rel}","templated":true}]}}