{"id":3101,"date":"2025-07-19T18:59:18","date_gmt":"2025-07-19T16:59:18","guid":{"rendered":"http:\/\/192.168.2.106\/index.php\/produkt\/naturalna-woda-mineralna-mila-muszyna-1-l-x-6-sztuk-zgrzewka\/"},"modified":"2025-07-19T18:59:18","modified_gmt":"2025-07-19T16:59:18","slug":"naturalna-woda-mineralna-mila-muszyna-1-l-x-6-sztuk-zgrzewka","status":"publish","type":"product","link":"https:\/\/racom.com.pl\/index.php\/produkt\/naturalna-woda-mineralna-mila-muszyna-1-l-x-6-sztuk-zgrzewka\/","title":{"rendered":"Naturalna woda mineralna MILA MUSZYNA 1 L x 6 sztuk ZGRZEWKA"},"content":{"rendered":"<h2>NATURALNA WODA MINERALNA NISKOGAZOWANA WYSOKOZMINERALIZOWANA 1 L &#8211; MILA MUSZYNA &#8211;&nbsp; MILA MUSZYNA<\/h2>\n<h2>\u26abMila Muszyna \u2013 Naturalna Woda Mineralna<\/h2>\n<p><b>\u2705Pojemno\u015b\u0107:<\/b> 1 L<\/p>\n<p>\u26ab<b>Oferta dotyczy zgrzewki 6szt. Ka\u017cda butelka 1L.<\/b><\/p>\n<p><b>\u2705Rodzaj:<\/b> Naturalna woda mineralna, wysokozmineralizowana, niskonasycona dwutlenkiem w\u0119gla<\/p>\n<p><b>\u2705Bogactwo minera\u0142\u00f3w dla zdrowia<\/b><\/p>\n<p>Mila Muszyna to naturalna woda mineralna o wysokiej zawarto\u015bci sk\u0142adnik\u00f3w mineralnych \u2013 \u0142\u0105cznie <b>2606 mg\/L<\/b>. Szczeg\u00f3lnie wyr\u00f3\u017cnia si\u0119 du\u017c\u0105 ilo\u015bci\u0105 <b>wodorow\u0119glan\u00f3w (2257 mg\/L), magnezu (150 mg\/L) oraz wapnia (128 mg\/L)<\/b>, kt\u00f3re wspieraj\u0105 prawid\u0142owe funkcjonowanie organizmu.<\/p>\n<p>Dzi\u0119ki obecno\u015bci <b>magnezu i wapnia<\/b>, woda ta mo\u017ce przyczynia\u0107 si\u0119 do prawid\u0142owej pracy mi\u0119\u015bni, uk\u0142adu nerwowego oraz wzmacnia\u0107 ko\u015bci. <b>Wodorow\u0119glany<\/b> pomagaj\u0105 regulowa\u0107 gospodark\u0119 kwasowo-zasadow\u0105 organizmu.<\/p>\n<p><b>\u2705Naturalna czysto\u015b\u0107 i delikatny smak<\/b><\/p>\n<p>Mila Muszyna pochodzi z <b>odwiertu Piotr w Muszynie<\/b>, a jej jako\u015b\u0107 jest zachowana dzi\u0119ki procesowi filtracji, napowietrzania oraz cz\u0119\u015bciowego odgazowania. Charakteryzuje si\u0119 \u0142agodnym smakiem i lekko alkalicznym odczynem (<b>pH 6,6<\/b>).<\/p>\n<p><b>\u2705Idealna na co dzie\u0144<\/b><\/p>\n<p>Dzi\u0119ki <b>niskiej zawarto\u015bci dwutlenku w\u0119gla<\/b> (do 1500 mg\/L) oraz bogactwu sk\u0142adnik\u00f3w mineralnych, Mila Muszyna doskonale sprawdza si\u0119 do codziennego spo\u017cycia. Jest odpowiednia dla os\u00f3b aktywnych, dbaj\u0105cych o zdrowie oraz poszukuj\u0105cych naturalnego \u017ar\u00f3d\u0142a minera\u0142\u00f3w.<\/p>\n<p><b>\u2705Spos\u00f3b przechowywania<\/b><\/p>\n<p>Aby zachowa\u0107 \u015bwie\u017co\u015b\u0107 i najwy\u017csz\u0105 jako\u015b\u0107, przechowuj w ch\u0142odnym, zaciemnionym miejscu, bez obcych zapach\u00f3w. Po otwarciu zaleca si\u0119 spo\u017cycie w ci\u0105gu <b>12 godzin<\/b>.<\/p>\n<p><b>\u2705Mila Muszyna \u2013 naturalne bogactwo minera\u0142\u00f3w w ka\u017cdej kropli!<\/b><\/p>\n<p><b>PRODUCENT &#8211; NAZWA I ADRES<\/b><\/p>\n<p>Polskie Zdroje Sp. z O.O., ul. Pi\u0142sudskiego 25, 33-700 Muszyna<\/p>\n","protected":false},"excerpt":{"rendered":"<p>NATURALNA WODA MINERALNA NISKOGAZOWANA WYSOKOZMINERALIZOWANA 1 L &#8211; MILA MUSZYNA &#8211;&nbsp; MILA MUSZYNA \u26abMila Muszyna \u2013 Naturalna Woda Mineralna \u2705Pojemno\u015b\u0107: 1 L \u26abOferta dotyczy zgrzewki 6szt. Ka\u017cda butelka 1L. \u2705Rodzaj: Naturalna woda mineralna, wysokozmineralizowana, niskonasycona dwutlenkiem w\u0119gla \u2705Bogactwo minera\u0142\u00f3w dla zdrowia Mila Muszyna to naturalna woda mineralna o wysokiej zawarto\u015bci sk\u0142adnik\u00f3w mineralnych \u2013 \u0142\u0105cznie 2606 [&hellip;]<\/p>\n","protected":false},"featured_media":3105,"comment_status":"open","ping_status":"closed","template":"","meta":[],"product_brand":[215],"product_cat":[116],"product_tag":[],"class_list":{"0":"post-3101","1":"product","2":"type-product","3":"status-publish","4":"has-post-thumbnail","6":"product_brand-mila","7":"product_cat-napoje-i-akcesoria","9":"first","10":"instock","11":"taxable","12":"shipping-taxable","13":"purchasable","14":"product-type-simple"},"yoast_head":"<!-- This site is optimized with the Yoast SEO plugin v27.3 - https:\/\/yoast.com\/product\/yoast-seo-wordpress\/ -->\n<title>Naturalna woda mineralna MILA MUSZYNA 1 L x 6 sztuk ZGRZEWKA - Mix Market - Supermarket z wszystkim co potrzeba<\/title>\n<meta name=\"robots\" content=\"index, follow, max-snippet:-1, max-image-preview:large, max-video-preview:-1\" \/>\n<link rel=\"canonical\" href=\"https:\/\/racom.com.pl\/index.php\/produkt\/naturalna-woda-mineralna-mila-muszyna-1-l-x-6-sztuk-zgrzewka\/\" \/>\n<meta property=\"og:locale\" content=\"pl_PL\" \/>\n<meta property=\"og:type\" content=\"article\" \/>\n<meta property=\"og:title\" content=\"Naturalna woda mineralna MILA MUSZYNA 1 L x 6 sztuk ZGRZEWKA - Mix Market - Supermarket z wszystkim co potrzeba\" \/>\n<meta property=\"og:description\" content=\"NATURALNA WODA MINERALNA NISKOGAZOWANA WYSOKOZMINERALIZOWANA 1 L &#8211; MILA MUSZYNA &#8211;&nbsp; MILA MUSZYNA \u26abMila Muszyna \u2013 Naturalna Woda Mineralna \u2705Pojemno\u015b\u0107: 1 L \u26abOferta dotyczy zgrzewki 6szt. Ka\u017cda butelka 1L. \u2705Rodzaj: Naturalna woda mineralna, wysokozmineralizowana, niskonasycona dwutlenkiem w\u0119gla \u2705Bogactwo minera\u0142\u00f3w dla zdrowia Mila Muszyna to naturalna woda mineralna o wysokiej zawarto\u015bci sk\u0142adnik\u00f3w mineralnych \u2013 \u0142\u0105cznie 2606 [&hellip;]\" \/>\n<meta property=\"og:url\" content=\"https:\/\/racom.com.pl\/index.php\/produkt\/naturalna-woda-mineralna-mila-muszyna-1-l-x-6-sztuk-zgrzewka\/\" \/>\n<meta property=\"og:site_name\" content=\"Mix Market - Supermarket z wszystkim co potrzeba\" \/>\n<meta property=\"og:image\" content=\"https:\/\/racom.com.pl\/wp-content\/uploads\/2025\/07\/allegro_687bcf61152e99.99376801_47a7bf6b4db6946d4aad3f137e57.jpg\" \/>\n\t<meta property=\"og:image:width\" content=\"2000\" \/>\n\t<meta property=\"og:image:height\" content=\"2000\" \/>\n\t<meta property=\"og:image:type\" content=\"image\/jpeg\" \/>\n<meta name=\"twitter:card\" content=\"summary_large_image\" \/>\n<meta name=\"twitter:label1\" content=\"Szacowany czas czytania\" \/>\n\t<meta name=\"twitter:data1\" content=\"1 minuta\" \/>\n<script type=\"application\/ld+json\" class=\"yoast-schema-graph\">{\"@context\":\"https:\\\/\\\/schema.org\",\"@graph\":[{\"@type\":\"WebPage\",\"@id\":\"https:\\\/\\\/racom.com.pl\\\/index.php\\\/produkt\\\/naturalna-woda-mineralna-mila-muszyna-1-l-x-6-sztuk-zgrzewka\\\/\",\"url\":\"https:\\\/\\\/racom.com.pl\\\/index.php\\\/produkt\\\/naturalna-woda-mineralna-mila-muszyna-1-l-x-6-sztuk-zgrzewka\\\/\",\"name\":\"Naturalna woda mineralna MILA MUSZYNA 1 L x 6 sztuk ZGRZEWKA - Mix Market - Supermarket z wszystkim co potrzeba\",\"isPartOf\":{\"@id\":\"https:\\\/\\\/racom.com.pl\\\/#website\"},\"primaryImageOfPage\":{\"@id\":\"https:\\\/\\\/racom.com.pl\\\/index.php\\\/produkt\\\/naturalna-woda-mineralna-mila-muszyna-1-l-x-6-sztuk-zgrzewka\\\/#primaryimage\"},\"image\":{\"@id\":\"https:\\\/\\\/racom.com.pl\\\/index.php\\\/produkt\\\/naturalna-woda-mineralna-mila-muszyna-1-l-x-6-sztuk-zgrzewka\\\/#primaryimage\"},\"thumbnailUrl\":\"https:\\\/\\\/racom.com.pl\\\/wp-content\\\/uploads\\\/2025\\\/07\\\/allegro_687bcf61152e99.99376801_47a7bf6b4db6946d4aad3f137e57.jpg\",\"datePublished\":\"2025-07-19T16:59:18+00:00\",\"breadcrumb\":{\"@id\":\"https:\\\/\\\/racom.com.pl\\\/index.php\\\/produkt\\\/naturalna-woda-mineralna-mila-muszyna-1-l-x-6-sztuk-zgrzewka\\\/#breadcrumb\"},\"inLanguage\":\"pl-PL\",\"potentialAction\":[{\"@type\":\"ReadAction\",\"target\":[\"https:\\\/\\\/racom.com.pl\\\/index.php\\\/produkt\\\/naturalna-woda-mineralna-mila-muszyna-1-l-x-6-sztuk-zgrzewka\\\/\"]}]},{\"@type\":\"ImageObject\",\"inLanguage\":\"pl-PL\",\"@id\":\"https:\\\/\\\/racom.com.pl\\\/index.php\\\/produkt\\\/naturalna-woda-mineralna-mila-muszyna-1-l-x-6-sztuk-zgrzewka\\\/#primaryimage\",\"url\":\"https:\\\/\\\/racom.com.pl\\\/wp-content\\\/uploads\\\/2025\\\/07\\\/allegro_687bcf61152e99.99376801_47a7bf6b4db6946d4aad3f137e57.jpg\",\"contentUrl\":\"https:\\\/\\\/racom.com.pl\\\/wp-content\\\/uploads\\\/2025\\\/07\\\/allegro_687bcf61152e99.99376801_47a7bf6b4db6946d4aad3f137e57.jpg\",\"width\":2000,\"height\":2000},{\"@type\":\"BreadcrumbList\",\"@id\":\"https:\\\/\\\/racom.com.pl\\\/index.php\\\/produkt\\\/naturalna-woda-mineralna-mila-muszyna-1-l-x-6-sztuk-zgrzewka\\\/#breadcrumb\",\"itemListElement\":[{\"@type\":\"ListItem\",\"position\":1,\"name\":\"Strona g\u0142\u00f3wna\",\"item\":\"https:\\\/\\\/racom.com.pl\\\/\"},{\"@type\":\"ListItem\",\"position\":2,\"name\":\"Sklep\",\"item\":\"https:\\\/\\\/racom.com.pl\\\/\"},{\"@type\":\"ListItem\",\"position\":3,\"name\":\"Naturalna woda mineralna MILA MUSZYNA 1 L x 6 sztuk ZGRZEWKA\"}]},{\"@type\":\"WebSite\",\"@id\":\"https:\\\/\\\/racom.com.pl\\\/#website\",\"url\":\"https:\\\/\\\/racom.com.pl\\\/\",\"name\":\"Mix Market - Supermarket z wszystkim co potrzeba do domu i nie tylko\",\"description\":\"\",\"publisher\":{\"@id\":\"https:\\\/\\\/racom.com.pl\\\/#organization\"},\"potentialAction\":[{\"@type\":\"SearchAction\",\"target\":{\"@type\":\"EntryPoint\",\"urlTemplate\":\"https:\\\/\\\/racom.com.pl\\\/?s={search_term_string}\"},\"query-input\":{\"@type\":\"PropertyValueSpecification\",\"valueRequired\":true,\"valueName\":\"search_term_string\"}}],\"inLanguage\":\"pl-PL\"},{\"@type\":\"Organization\",\"@id\":\"https:\\\/\\\/racom.com.pl\\\/#organization\",\"name\":\"Mix Market - Supermarket z wszystkim co potrzeba do domu i nie tylko\",\"url\":\"https:\\\/\\\/racom.com.pl\\\/\",\"logo\":{\"@type\":\"ImageObject\",\"inLanguage\":\"pl-PL\",\"@id\":\"https:\\\/\\\/racom.com.pl\\\/#\\\/schema\\\/logo\\\/image\\\/\",\"url\":\"https:\\\/\\\/racom.com.pl\\\/wp-content\\\/uploads\\\/2025\\\/07\\\/mixmarket_logo.png\",\"contentUrl\":\"https:\\\/\\\/racom.com.pl\\\/wp-content\\\/uploads\\\/2025\\\/07\\\/mixmarket_logo.png\",\"width\":1024,\"height\":1024,\"caption\":\"Mix Market - Supermarket z wszystkim co potrzeba do domu i nie tylko\"},\"image\":{\"@id\":\"https:\\\/\\\/racom.com.pl\\\/#\\\/schema\\\/logo\\\/image\\\/\"}}]}<\/script>\n<!-- \/ Yoast SEO plugin. -->","yoast_head_json":{"title":"Naturalna woda mineralna MILA MUSZYNA 1 L x 6 sztuk ZGRZEWKA - Mix Market - Supermarket z wszystkim co potrzeba","robots":{"index":"index","follow":"follow","max-snippet":"max-snippet:-1","max-image-preview":"max-image-preview:large","max-video-preview":"max-video-preview:-1"},"canonical":"https:\/\/racom.com.pl\/index.php\/produkt\/naturalna-woda-mineralna-mila-muszyna-1-l-x-6-sztuk-zgrzewka\/","og_locale":"pl_PL","og_type":"article","og_title":"Naturalna woda mineralna MILA MUSZYNA 1 L x 6 sztuk ZGRZEWKA - Mix Market - Supermarket z wszystkim co potrzeba","og_description":"NATURALNA WODA MINERALNA NISKOGAZOWANA WYSOKOZMINERALIZOWANA 1 L &#8211; MILA MUSZYNA &#8211;&nbsp; MILA MUSZYNA \u26abMila Muszyna \u2013 Naturalna Woda Mineralna \u2705Pojemno\u015b\u0107: 1 L \u26abOferta dotyczy zgrzewki 6szt. Ka\u017cda butelka 1L. \u2705Rodzaj: Naturalna woda mineralna, wysokozmineralizowana, niskonasycona dwutlenkiem w\u0119gla \u2705Bogactwo minera\u0142\u00f3w dla zdrowia Mila Muszyna to naturalna woda mineralna o wysokiej zawarto\u015bci sk\u0142adnik\u00f3w mineralnych \u2013 \u0142\u0105cznie 2606 [&hellip;]","og_url":"https:\/\/racom.com.pl\/index.php\/produkt\/naturalna-woda-mineralna-mila-muszyna-1-l-x-6-sztuk-zgrzewka\/","og_site_name":"Mix Market - Supermarket z wszystkim co potrzeba","og_image":[{"width":2000,"height":2000,"url":"https:\/\/racom.com.pl\/wp-content\/uploads\/2025\/07\/allegro_687bcf61152e99.99376801_47a7bf6b4db6946d4aad3f137e57.jpg","type":"image\/jpeg"}],"twitter_card":"summary_large_image","twitter_misc":{"Szacowany czas czytania":"1 minuta"},"schema":{"@context":"https:\/\/schema.org","@graph":[{"@type":"WebPage","@id":"https:\/\/racom.com.pl\/index.php\/produkt\/naturalna-woda-mineralna-mila-muszyna-1-l-x-6-sztuk-zgrzewka\/","url":"https:\/\/racom.com.pl\/index.php\/produkt\/naturalna-woda-mineralna-mila-muszyna-1-l-x-6-sztuk-zgrzewka\/","name":"Naturalna woda mineralna MILA MUSZYNA 1 L x 6 sztuk ZGRZEWKA - Mix Market - Supermarket z wszystkim co potrzeba","isPartOf":{"@id":"https:\/\/racom.com.pl\/#website"},"primaryImageOfPage":{"@id":"https:\/\/racom.com.pl\/index.php\/produkt\/naturalna-woda-mineralna-mila-muszyna-1-l-x-6-sztuk-zgrzewka\/#primaryimage"},"image":{"@id":"https:\/\/racom.com.pl\/index.php\/produkt\/naturalna-woda-mineralna-mila-muszyna-1-l-x-6-sztuk-zgrzewka\/#primaryimage"},"thumbnailUrl":"https:\/\/racom.com.pl\/wp-content\/uploads\/2025\/07\/allegro_687bcf61152e99.99376801_47a7bf6b4db6946d4aad3f137e57.jpg","datePublished":"2025-07-19T16:59:18+00:00","breadcrumb":{"@id":"https:\/\/racom.com.pl\/index.php\/produkt\/naturalna-woda-mineralna-mila-muszyna-1-l-x-6-sztuk-zgrzewka\/#breadcrumb"},"inLanguage":"pl-PL","potentialAction":[{"@type":"ReadAction","target":["https:\/\/racom.com.pl\/index.php\/produkt\/naturalna-woda-mineralna-mila-muszyna-1-l-x-6-sztuk-zgrzewka\/"]}]},{"@type":"ImageObject","inLanguage":"pl-PL","@id":"https:\/\/racom.com.pl\/index.php\/produkt\/naturalna-woda-mineralna-mila-muszyna-1-l-x-6-sztuk-zgrzewka\/#primaryimage","url":"https:\/\/racom.com.pl\/wp-content\/uploads\/2025\/07\/allegro_687bcf61152e99.99376801_47a7bf6b4db6946d4aad3f137e57.jpg","contentUrl":"https:\/\/racom.com.pl\/wp-content\/uploads\/2025\/07\/allegro_687bcf61152e99.99376801_47a7bf6b4db6946d4aad3f137e57.jpg","width":2000,"height":2000},{"@type":"BreadcrumbList","@id":"https:\/\/racom.com.pl\/index.php\/produkt\/naturalna-woda-mineralna-mila-muszyna-1-l-x-6-sztuk-zgrzewka\/#breadcrumb","itemListElement":[{"@type":"ListItem","position":1,"name":"Strona g\u0142\u00f3wna","item":"https:\/\/racom.com.pl\/"},{"@type":"ListItem","position":2,"name":"Sklep","item":"https:\/\/racom.com.pl\/"},{"@type":"ListItem","position":3,"name":"Naturalna woda mineralna MILA MUSZYNA 1 L x 6 sztuk ZGRZEWKA"}]},{"@type":"WebSite","@id":"https:\/\/racom.com.pl\/#website","url":"https:\/\/racom.com.pl\/","name":"Mix Market - Supermarket z wszystkim co potrzeba do domu i nie tylko","description":"","publisher":{"@id":"https:\/\/racom.com.pl\/#organization"},"potentialAction":[{"@type":"SearchAction","target":{"@type":"EntryPoint","urlTemplate":"https:\/\/racom.com.pl\/?s={search_term_string}"},"query-input":{"@type":"PropertyValueSpecification","valueRequired":true,"valueName":"search_term_string"}}],"inLanguage":"pl-PL"},{"@type":"Organization","@id":"https:\/\/racom.com.pl\/#organization","name":"Mix Market - Supermarket z wszystkim co potrzeba do domu i nie tylko","url":"https:\/\/racom.com.pl\/","logo":{"@type":"ImageObject","inLanguage":"pl-PL","@id":"https:\/\/racom.com.pl\/#\/schema\/logo\/image\/","url":"https:\/\/racom.com.pl\/wp-content\/uploads\/2025\/07\/mixmarket_logo.png","contentUrl":"https:\/\/racom.com.pl\/wp-content\/uploads\/2025\/07\/mixmarket_logo.png","width":1024,"height":1024,"caption":"Mix Market - Supermarket z wszystkim co potrzeba do domu i nie tylko"},"image":{"@id":"https:\/\/racom.com.pl\/#\/schema\/logo\/image\/"}}]}},"_links":{"self":[{"href":"https:\/\/racom.com.pl\/index.php\/wp-json\/wp\/v2\/product\/3101","targetHints":{"allow":["GET"]}}],"collection":[{"href":"https:\/\/racom.com.pl\/index.php\/wp-json\/wp\/v2\/product"}],"about":[{"href":"https:\/\/racom.com.pl\/index.php\/wp-json\/wp\/v2\/types\/product"}],"replies":[{"embeddable":true,"href":"https:\/\/racom.com.pl\/index.php\/wp-json\/wp\/v2\/comments?post=3101"}],"wp:featuredmedia":[{"embeddable":true,"href":"https:\/\/racom.com.pl\/index.php\/wp-json\/wp\/v2\/media\/3105"}],"wp:attachment":[{"href":"https:\/\/racom.com.pl\/index.php\/wp-json\/wp\/v2\/media?parent=3101"}],"wp:term":[{"taxonomy":"product_brand","embeddable":true,"href":"https:\/\/racom.com.pl\/index.php\/wp-json\/wp\/v2\/product_brand?post=3101"},{"taxonomy":"product_cat","embeddable":true,"href":"https:\/\/racom.com.pl\/index.php\/wp-json\/wp\/v2\/product_cat?post=3101"},{"taxonomy":"product_tag","embeddable":true,"href":"https:\/\/racom.com.pl\/index.php\/wp-json\/wp\/v2\/product_tag?post=3101"}],"curies":[{"name":"wp","href":"https:\/\/api.w.org\/{rel}","templated":true}]}}