{"id":3106,"date":"2025-07-19T19:01:45","date_gmt":"2025-07-19T17:01:45","guid":{"rendered":"http:\/\/192.168.2.106\/index.php\/produkt\/metro-chef-sos-do-hamburgerow-wrapow-tortilli-hamburgerowy-950g\/"},"modified":"2025-07-19T19:01:45","modified_gmt":"2025-07-19T17:01:45","slug":"metro-chef-sos-do-hamburgerow-wrapow-tortilli-hamburgerowy-950g","status":"publish","type":"product","link":"https:\/\/racom.com.pl\/index.php\/produkt\/metro-chef-sos-do-hamburgerow-wrapow-tortilli-hamburgerowy-950g\/","title":{"rendered":"METRO Chef Sos do HAMBURGER\u00d3W WRAP\u00d3W TORTILLI Hamburgerowy 950g"},"content":{"rendered":"<h2>Metro Chef \u2013 Sos do Hamburger\u00f3w, Wrap\u00f3w i Tortilli<\/h2>\n<p><b>\u26abPojemno\u015b\u0107:<\/b> 950 g<\/p>\n<p><b>\u26abIdealny do:<\/b> hamburger\u00f3w, wrap\u00f3w, tortilli, kanapek i innych da\u0144 fast food<\/p>\n<p><b>\u26abBogaty smak i kremowa konsystencja<\/b><\/p>\n<p>\u2705Sos Metro Chef to doskona\u0142e po\u0142\u0105czenie <b>oleju rzepakowego, musztardy, suszonych warzyw (kapusty i cebuli)<\/b> oraz aromatycznych przypraw. Dzi\u0119ki temu charakteryzuje si\u0119 wyrazistym smakiem, kt\u00f3ry idealnie podkre\u015bla smak burger\u00f3w, wrap\u00f3w i tortilli.<\/p>\n<p><b>\u26abStarannie dobrane sk\u0142adniki<\/b><\/p>\n<ul>\n<li><b>\u2705Musztarda<\/b> z <b>gorczyc\u0105 bia\u0142\u0105<\/b> nadaje lekkiej ostro\u015bci<\/li>\n<li><b>\u2705Suszona kapusta i cebula<\/b> wzbogacaj\u0105 smak warzywn\u0105 nut\u0105<\/li>\n<li><b>\u2705Przyprawy<\/b> i <b>ocet spirytusowy<\/b> dodaj\u0105 charakterystycznego aromatu<\/li>\n<li><b>\u2705Kremowa konsystencja<\/b> dzi\u0119ki skrobi modyfikowanej i gumie guar<\/li>\n<\/ul>\n<p><b>\u26abPrzechowywanie<\/b><\/p>\n<p>Po otwarciu przechowywa\u0107 w lod\u00f3wce i spo\u017cy\u0107 w okre\u015blonym terminie podanym na opakowaniu.<\/p>\n<p><b>\u26abMetro Chef \u2013 idealny dodatek do Twoich ulubionych da\u0144!<\/b><\/p>\n","protected":false},"excerpt":{"rendered":"<p>Metro Chef \u2013 Sos do Hamburger\u00f3w, Wrap\u00f3w i Tortilli \u26abPojemno\u015b\u0107: 950 g \u26abIdealny do: hamburger\u00f3w, wrap\u00f3w, tortilli, kanapek i innych da\u0144 fast food \u26abBogaty smak i kremowa konsystencja \u2705Sos Metro Chef to doskona\u0142e po\u0142\u0105czenie oleju rzepakowego, musztardy, suszonych warzyw (kapusty i cebuli) oraz aromatycznych przypraw. Dzi\u0119ki temu charakteryzuje si\u0119 wyrazistym smakiem, kt\u00f3ry idealnie podkre\u015bla smak [&hellip;]<\/p>\n","protected":false},"featured_media":3110,"comment_status":"open","ping_status":"closed","template":"","meta":[],"product_brand":[88],"product_cat":[109],"product_tag":[],"class_list":{"0":"post-3106","1":"product","2":"type-product","3":"status-publish","4":"has-post-thumbnail","6":"product_brand-bez-marki","7":"product_cat-sosy-kanapkowe-i-dressingi","9":"first","10":"instock","11":"taxable","12":"shipping-taxable","13":"purchasable","14":"product-type-simple"},"yoast_head":"<!-- This site is optimized with the Yoast SEO plugin v27.3 - https:\/\/yoast.com\/product\/yoast-seo-wordpress\/ -->\n<title>METRO Chef Sos do HAMBURGER\u00d3W WRAP\u00d3W TORTILLI Hamburgerowy 950g - Mix Market - Supermarket z wszystkim co potrzeba<\/title>\n<meta name=\"robots\" content=\"index, follow, max-snippet:-1, max-image-preview:large, max-video-preview:-1\" \/>\n<link rel=\"canonical\" href=\"https:\/\/racom.com.pl\/index.php\/produkt\/metro-chef-sos-do-hamburgerow-wrapow-tortilli-hamburgerowy-950g\/\" \/>\n<meta property=\"og:locale\" content=\"pl_PL\" \/>\n<meta property=\"og:type\" content=\"article\" \/>\n<meta property=\"og:title\" content=\"METRO Chef Sos do HAMBURGER\u00d3W WRAP\u00d3W TORTILLI Hamburgerowy 950g - Mix Market - Supermarket z wszystkim co potrzeba\" \/>\n<meta property=\"og:description\" content=\"Metro Chef \u2013 Sos do Hamburger\u00f3w, Wrap\u00f3w i Tortilli \u26abPojemno\u015b\u0107: 950 g \u26abIdealny do: hamburger\u00f3w, wrap\u00f3w, tortilli, kanapek i innych da\u0144 fast food \u26abBogaty smak i kremowa konsystencja \u2705Sos Metro Chef to doskona\u0142e po\u0142\u0105czenie oleju rzepakowego, musztardy, suszonych warzyw (kapusty i cebuli) oraz aromatycznych przypraw. Dzi\u0119ki temu charakteryzuje si\u0119 wyrazistym smakiem, kt\u00f3ry idealnie podkre\u015bla smak [&hellip;]\" \/>\n<meta property=\"og:url\" content=\"https:\/\/racom.com.pl\/index.php\/produkt\/metro-chef-sos-do-hamburgerow-wrapow-tortilli-hamburgerowy-950g\/\" \/>\n<meta property=\"og:site_name\" content=\"Mix Market - Supermarket z wszystkim co potrzeba\" \/>\n<meta property=\"og:image\" content=\"https:\/\/racom.com.pl\/wp-content\/uploads\/2025\/07\/allegro_687bcfcc9933a6.46760718_3b7270d643879f6672b2beee50f2.jpg\" \/>\n\t<meta property=\"og:image:width\" content=\"433\" \/>\n\t<meta property=\"og:image:height\" content=\"480\" \/>\n\t<meta property=\"og:image:type\" content=\"image\/jpeg\" \/>\n<meta name=\"twitter:card\" content=\"summary_large_image\" \/>\n<meta name=\"twitter:label1\" content=\"Szacowany czas czytania\" \/>\n\t<meta name=\"twitter:data1\" content=\"1 minuta\" \/>\n<script type=\"application\/ld+json\" class=\"yoast-schema-graph\">{\"@context\":\"https:\\\/\\\/schema.org\",\"@graph\":[{\"@type\":\"WebPage\",\"@id\":\"https:\\\/\\\/racom.com.pl\\\/index.php\\\/produkt\\\/metro-chef-sos-do-hamburgerow-wrapow-tortilli-hamburgerowy-950g\\\/\",\"url\":\"https:\\\/\\\/racom.com.pl\\\/index.php\\\/produkt\\\/metro-chef-sos-do-hamburgerow-wrapow-tortilli-hamburgerowy-950g\\\/\",\"name\":\"METRO Chef Sos do HAMBURGER\u00d3W WRAP\u00d3W TORTILLI Hamburgerowy 950g - Mix Market - Supermarket z wszystkim co potrzeba\",\"isPartOf\":{\"@id\":\"https:\\\/\\\/racom.com.pl\\\/#website\"},\"primaryImageOfPage\":{\"@id\":\"https:\\\/\\\/racom.com.pl\\\/index.php\\\/produkt\\\/metro-chef-sos-do-hamburgerow-wrapow-tortilli-hamburgerowy-950g\\\/#primaryimage\"},\"image\":{\"@id\":\"https:\\\/\\\/racom.com.pl\\\/index.php\\\/produkt\\\/metro-chef-sos-do-hamburgerow-wrapow-tortilli-hamburgerowy-950g\\\/#primaryimage\"},\"thumbnailUrl\":\"https:\\\/\\\/racom.com.pl\\\/wp-content\\\/uploads\\\/2025\\\/07\\\/allegro_687bcfcc9933a6.46760718_3b7270d643879f6672b2beee50f2.jpg\",\"datePublished\":\"2025-07-19T17:01:45+00:00\",\"breadcrumb\":{\"@id\":\"https:\\\/\\\/racom.com.pl\\\/index.php\\\/produkt\\\/metro-chef-sos-do-hamburgerow-wrapow-tortilli-hamburgerowy-950g\\\/#breadcrumb\"},\"inLanguage\":\"pl-PL\",\"potentialAction\":[{\"@type\":\"ReadAction\",\"target\":[\"https:\\\/\\\/racom.com.pl\\\/index.php\\\/produkt\\\/metro-chef-sos-do-hamburgerow-wrapow-tortilli-hamburgerowy-950g\\\/\"]}]},{\"@type\":\"ImageObject\",\"inLanguage\":\"pl-PL\",\"@id\":\"https:\\\/\\\/racom.com.pl\\\/index.php\\\/produkt\\\/metro-chef-sos-do-hamburgerow-wrapow-tortilli-hamburgerowy-950g\\\/#primaryimage\",\"url\":\"https:\\\/\\\/racom.com.pl\\\/wp-content\\\/uploads\\\/2025\\\/07\\\/allegro_687bcfcc9933a6.46760718_3b7270d643879f6672b2beee50f2.jpg\",\"contentUrl\":\"https:\\\/\\\/racom.com.pl\\\/wp-content\\\/uploads\\\/2025\\\/07\\\/allegro_687bcfcc9933a6.46760718_3b7270d643879f6672b2beee50f2.jpg\",\"width\":433,\"height\":480},{\"@type\":\"BreadcrumbList\",\"@id\":\"https:\\\/\\\/racom.com.pl\\\/index.php\\\/produkt\\\/metro-chef-sos-do-hamburgerow-wrapow-tortilli-hamburgerowy-950g\\\/#breadcrumb\",\"itemListElement\":[{\"@type\":\"ListItem\",\"position\":1,\"name\":\"Strona g\u0142\u00f3wna\",\"item\":\"https:\\\/\\\/racom.com.pl\\\/\"},{\"@type\":\"ListItem\",\"position\":2,\"name\":\"Sklep\",\"item\":\"https:\\\/\\\/racom.com.pl\\\/\"},{\"@type\":\"ListItem\",\"position\":3,\"name\":\"METRO Chef Sos do HAMBURGER\u00d3W WRAP\u00d3W TORTILLI Hamburgerowy 950g\"}]},{\"@type\":\"WebSite\",\"@id\":\"https:\\\/\\\/racom.com.pl\\\/#website\",\"url\":\"https:\\\/\\\/racom.com.pl\\\/\",\"name\":\"Mix Market - Supermarket z wszystkim co potrzeba do domu i nie tylko\",\"description\":\"\",\"publisher\":{\"@id\":\"https:\\\/\\\/racom.com.pl\\\/#organization\"},\"potentialAction\":[{\"@type\":\"SearchAction\",\"target\":{\"@type\":\"EntryPoint\",\"urlTemplate\":\"https:\\\/\\\/racom.com.pl\\\/?s={search_term_string}\"},\"query-input\":{\"@type\":\"PropertyValueSpecification\",\"valueRequired\":true,\"valueName\":\"search_term_string\"}}],\"inLanguage\":\"pl-PL\"},{\"@type\":\"Organization\",\"@id\":\"https:\\\/\\\/racom.com.pl\\\/#organization\",\"name\":\"Mix Market - Supermarket z wszystkim co potrzeba do domu i nie tylko\",\"url\":\"https:\\\/\\\/racom.com.pl\\\/\",\"logo\":{\"@type\":\"ImageObject\",\"inLanguage\":\"pl-PL\",\"@id\":\"https:\\\/\\\/racom.com.pl\\\/#\\\/schema\\\/logo\\\/image\\\/\",\"url\":\"https:\\\/\\\/racom.com.pl\\\/wp-content\\\/uploads\\\/2025\\\/07\\\/mixmarket_logo.png\",\"contentUrl\":\"https:\\\/\\\/racom.com.pl\\\/wp-content\\\/uploads\\\/2025\\\/07\\\/mixmarket_logo.png\",\"width\":1024,\"height\":1024,\"caption\":\"Mix Market - Supermarket z wszystkim co potrzeba do domu i nie tylko\"},\"image\":{\"@id\":\"https:\\\/\\\/racom.com.pl\\\/#\\\/schema\\\/logo\\\/image\\\/\"}}]}<\/script>\n<!-- \/ Yoast SEO plugin. -->","yoast_head_json":{"title":"METRO Chef Sos do HAMBURGER\u00d3W WRAP\u00d3W TORTILLI Hamburgerowy 950g - Mix Market - Supermarket z wszystkim co potrzeba","robots":{"index":"index","follow":"follow","max-snippet":"max-snippet:-1","max-image-preview":"max-image-preview:large","max-video-preview":"max-video-preview:-1"},"canonical":"https:\/\/racom.com.pl\/index.php\/produkt\/metro-chef-sos-do-hamburgerow-wrapow-tortilli-hamburgerowy-950g\/","og_locale":"pl_PL","og_type":"article","og_title":"METRO Chef Sos do HAMBURGER\u00d3W WRAP\u00d3W TORTILLI Hamburgerowy 950g - Mix Market - Supermarket z wszystkim co potrzeba","og_description":"Metro Chef \u2013 Sos do Hamburger\u00f3w, Wrap\u00f3w i Tortilli \u26abPojemno\u015b\u0107: 950 g \u26abIdealny do: hamburger\u00f3w, wrap\u00f3w, tortilli, kanapek i innych da\u0144 fast food \u26abBogaty smak i kremowa konsystencja \u2705Sos Metro Chef to doskona\u0142e po\u0142\u0105czenie oleju rzepakowego, musztardy, suszonych warzyw (kapusty i cebuli) oraz aromatycznych przypraw. Dzi\u0119ki temu charakteryzuje si\u0119 wyrazistym smakiem, kt\u00f3ry idealnie podkre\u015bla smak [&hellip;]","og_url":"https:\/\/racom.com.pl\/index.php\/produkt\/metro-chef-sos-do-hamburgerow-wrapow-tortilli-hamburgerowy-950g\/","og_site_name":"Mix Market - Supermarket z wszystkim co potrzeba","og_image":[{"width":433,"height":480,"url":"https:\/\/racom.com.pl\/wp-content\/uploads\/2025\/07\/allegro_687bcfcc9933a6.46760718_3b7270d643879f6672b2beee50f2.jpg","type":"image\/jpeg"}],"twitter_card":"summary_large_image","twitter_misc":{"Szacowany czas czytania":"1 minuta"},"schema":{"@context":"https:\/\/schema.org","@graph":[{"@type":"WebPage","@id":"https:\/\/racom.com.pl\/index.php\/produkt\/metro-chef-sos-do-hamburgerow-wrapow-tortilli-hamburgerowy-950g\/","url":"https:\/\/racom.com.pl\/index.php\/produkt\/metro-chef-sos-do-hamburgerow-wrapow-tortilli-hamburgerowy-950g\/","name":"METRO Chef Sos do HAMBURGER\u00d3W WRAP\u00d3W TORTILLI Hamburgerowy 950g - Mix Market - Supermarket z wszystkim co potrzeba","isPartOf":{"@id":"https:\/\/racom.com.pl\/#website"},"primaryImageOfPage":{"@id":"https:\/\/racom.com.pl\/index.php\/produkt\/metro-chef-sos-do-hamburgerow-wrapow-tortilli-hamburgerowy-950g\/#primaryimage"},"image":{"@id":"https:\/\/racom.com.pl\/index.php\/produkt\/metro-chef-sos-do-hamburgerow-wrapow-tortilli-hamburgerowy-950g\/#primaryimage"},"thumbnailUrl":"https:\/\/racom.com.pl\/wp-content\/uploads\/2025\/07\/allegro_687bcfcc9933a6.46760718_3b7270d643879f6672b2beee50f2.jpg","datePublished":"2025-07-19T17:01:45+00:00","breadcrumb":{"@id":"https:\/\/racom.com.pl\/index.php\/produkt\/metro-chef-sos-do-hamburgerow-wrapow-tortilli-hamburgerowy-950g\/#breadcrumb"},"inLanguage":"pl-PL","potentialAction":[{"@type":"ReadAction","target":["https:\/\/racom.com.pl\/index.php\/produkt\/metro-chef-sos-do-hamburgerow-wrapow-tortilli-hamburgerowy-950g\/"]}]},{"@type":"ImageObject","inLanguage":"pl-PL","@id":"https:\/\/racom.com.pl\/index.php\/produkt\/metro-chef-sos-do-hamburgerow-wrapow-tortilli-hamburgerowy-950g\/#primaryimage","url":"https:\/\/racom.com.pl\/wp-content\/uploads\/2025\/07\/allegro_687bcfcc9933a6.46760718_3b7270d643879f6672b2beee50f2.jpg","contentUrl":"https:\/\/racom.com.pl\/wp-content\/uploads\/2025\/07\/allegro_687bcfcc9933a6.46760718_3b7270d643879f6672b2beee50f2.jpg","width":433,"height":480},{"@type":"BreadcrumbList","@id":"https:\/\/racom.com.pl\/index.php\/produkt\/metro-chef-sos-do-hamburgerow-wrapow-tortilli-hamburgerowy-950g\/#breadcrumb","itemListElement":[{"@type":"ListItem","position":1,"name":"Strona g\u0142\u00f3wna","item":"https:\/\/racom.com.pl\/"},{"@type":"ListItem","position":2,"name":"Sklep","item":"https:\/\/racom.com.pl\/"},{"@type":"ListItem","position":3,"name":"METRO Chef Sos do HAMBURGER\u00d3W WRAP\u00d3W TORTILLI Hamburgerowy 950g"}]},{"@type":"WebSite","@id":"https:\/\/racom.com.pl\/#website","url":"https:\/\/racom.com.pl\/","name":"Mix Market - Supermarket z wszystkim co potrzeba do domu i nie tylko","description":"","publisher":{"@id":"https:\/\/racom.com.pl\/#organization"},"potentialAction":[{"@type":"SearchAction","target":{"@type":"EntryPoint","urlTemplate":"https:\/\/racom.com.pl\/?s={search_term_string}"},"query-input":{"@type":"PropertyValueSpecification","valueRequired":true,"valueName":"search_term_string"}}],"inLanguage":"pl-PL"},{"@type":"Organization","@id":"https:\/\/racom.com.pl\/#organization","name":"Mix Market - Supermarket z wszystkim co potrzeba do domu i nie tylko","url":"https:\/\/racom.com.pl\/","logo":{"@type":"ImageObject","inLanguage":"pl-PL","@id":"https:\/\/racom.com.pl\/#\/schema\/logo\/image\/","url":"https:\/\/racom.com.pl\/wp-content\/uploads\/2025\/07\/mixmarket_logo.png","contentUrl":"https:\/\/racom.com.pl\/wp-content\/uploads\/2025\/07\/mixmarket_logo.png","width":1024,"height":1024,"caption":"Mix Market - Supermarket z wszystkim co potrzeba do domu i nie tylko"},"image":{"@id":"https:\/\/racom.com.pl\/#\/schema\/logo\/image\/"}}]}},"_links":{"self":[{"href":"https:\/\/racom.com.pl\/index.php\/wp-json\/wp\/v2\/product\/3106","targetHints":{"allow":["GET"]}}],"collection":[{"href":"https:\/\/racom.com.pl\/index.php\/wp-json\/wp\/v2\/product"}],"about":[{"href":"https:\/\/racom.com.pl\/index.php\/wp-json\/wp\/v2\/types\/product"}],"replies":[{"embeddable":true,"href":"https:\/\/racom.com.pl\/index.php\/wp-json\/wp\/v2\/comments?post=3106"}],"wp:featuredmedia":[{"embeddable":true,"href":"https:\/\/racom.com.pl\/index.php\/wp-json\/wp\/v2\/media\/3110"}],"wp:attachment":[{"href":"https:\/\/racom.com.pl\/index.php\/wp-json\/wp\/v2\/media?parent=3106"}],"wp:term":[{"taxonomy":"product_brand","embeddable":true,"href":"https:\/\/racom.com.pl\/index.php\/wp-json\/wp\/v2\/product_brand?post=3106"},{"taxonomy":"product_cat","embeddable":true,"href":"https:\/\/racom.com.pl\/index.php\/wp-json\/wp\/v2\/product_cat?post=3106"},{"taxonomy":"product_tag","embeddable":true,"href":"https:\/\/racom.com.pl\/index.php\/wp-json\/wp\/v2\/product_tag?post=3106"}],"curies":[{"name":"wp","href":"https:\/\/api.w.org\/{rel}","templated":true}]}}