{"id":3126,"date":"2025-07-19T19:08:28","date_gmt":"2025-07-19T17:08:28","guid":{"rendered":"http:\/\/192.168.2.106\/index.php\/produkt\/2x-woda-lecznicza-krynica-zdroj-zuber-karton-3l-zestaw-6l-2\/"},"modified":"2025-07-19T19:08:28","modified_gmt":"2025-07-19T17:08:28","slug":"2x-woda-lecznicza-krynica-zdroj-zuber-karton-3l-zestaw-6l-2","status":"publish","type":"product","link":"https:\/\/racom.com.pl\/index.php\/produkt\/2x-woda-lecznicza-krynica-zdroj-zuber-karton-3l-zestaw-6l-2\/","title":{"rendered":"2x Woda LECZNICZA Krynica Zdr\u00f3j &#8211; Zuber Karton 3L (Zestaw 6L)"},"content":{"rendered":"<h2>2x Zuber 3L &#8211; Woda Lecznicza &#8211; Krynica Zdr\u00f3j<\/h2>\n<p>Uzdrowisko Krynica-\u017begiest\u00f3w S.A.<\/p>\n<p><b>Oferta dotyczy zestawu 2 kartony ka\u017cdy 3L (\u0142\u0105cznie 6L wody).<\/b><\/p>\n<p><b>Woda lecznicza Zuber Kryniczanka naturalna 3L<\/b><\/p>\n<p><b>Woda lecznicza Zuber<\/b>&nbsp;jest najbardziej zmineralizowan\u0105 wod\u0105 lecznicz\u0105 wyst\u0119puj\u0105c\u0105 na terenie Polski. Kuracja pitna t\u0105 wod\u0105 wzmaga przemian\u0119 bia\u0142kowo-t\u0142uszczowo-w\u0119glowodanow\u0105, leczy wszelkie dolegliwo\u015bci zwi\u0105zane z przemian\u0105 materii, ale tak\u017ce dzia\u0142a przeciwzapalnie i oczyszcza przew\u00f3d pokarmowy.&nbsp;Woda Zuber ma sw\u00f3j specyficzny (na pocz\u0105tku kuracji mo\u017ce przykry) smak, do kt\u00f3rego mo\u017cna si\u0119 przyzwyczai\u0107.<\/p>\n<p><b>Wskazania do picia wody Zuber:<\/b><\/p>\n<p>Woda lecznicza Zuber najcz\u0119\u015bciej pita jest przez osoby maj\u0105ce problem z uk\u0142adem pokarmowym. Schorzenia\/dolegliwo\u015bci kt\u00f3re leczy\/wspomaga leczenie:<\/p>\n<ul>\n<li>Choroba wrzodowa (wrzody \u017co\u0142\u0105dka)<\/li>\n<li>Zgaga<\/li>\n<li>Przewlek\u0142e nie\u017cyty \u017co\u0142\u0105dka i dwunastnicy<\/li>\n<li>Schorzenia p\u0119cherzyka \u017c\u00f3\u0142ciowego i dr\u00f3g \u017c\u00f3\u0142ciowych<\/li>\n<li>Wspomaga leczenie w\u0105troby<\/li>\n<li>Zaparcia<\/li>\n<li>Cukrzyca &#8211; obni\u017ca podwy\u017cszony poziom cukru we krwi (w po\u0142\u0105czeniu z&nbsp;wod\u0105 Jana)<\/li>\n<li>Mia\u017cd\u017cyca&nbsp;&#8211; obni\u017ca podwy\u017cszony poziom&nbsp;cholesterolu&nbsp;we krwi<\/li>\n<li>Stan po nadu\u017cyciu alkoholu, tzw. kac alkoholowy<\/li>\n<\/ul>\n<p><b>Dawkowanie wody leczniczej Zuber<\/b><\/p>\n<p>Trzy razy dziennie&nbsp;na p\u00f3\u0142 godziny przed posi\u0142kiem,&nbsp;p\u00f3\u0142 szklanki Zubera zmieszanego z&nbsp;po\u0142ow\u0105 szklanki wody mineralnej (lub woda Jana w przypadku cukrzyk\u00f3w). Godzin\u0119 przed piciem nie nale\u017cy spo\u017cywa\u0107 surowych owoc\u00f3w i warzyw.<\/p>\n","protected":false},"excerpt":{"rendered":"<p>2x Zuber 3L &#8211; Woda Lecznicza &#8211; Krynica Zdr\u00f3j Uzdrowisko Krynica-\u017begiest\u00f3w S.A. Oferta dotyczy zestawu 2 kartony ka\u017cdy 3L (\u0142\u0105cznie 6L wody). Woda lecznicza Zuber Kryniczanka naturalna 3L Woda lecznicza Zuber&nbsp;jest najbardziej zmineralizowan\u0105 wod\u0105 lecznicz\u0105 wyst\u0119puj\u0105c\u0105 na terenie Polski. Kuracja pitna t\u0105 wod\u0105 wzmaga przemian\u0119 bia\u0142kowo-t\u0142uszczowo-w\u0119glowodanow\u0105, leczy wszelkie dolegliwo\u015bci zwi\u0105zane z przemian\u0105 materii, ale tak\u017ce [&hellip;]<\/p>\n","protected":false},"featured_media":2669,"comment_status":"open","ping_status":"closed","template":"","meta":[],"product_brand":[216],"product_cat":[116],"product_tag":[],"class_list":{"0":"post-3126","1":"product","2":"type-product","3":"status-publish","4":"has-post-thumbnail","6":"product_brand-kryniczanka","7":"product_cat-napoje-i-akcesoria","9":"first","10":"instock","11":"taxable","12":"shipping-taxable","13":"purchasable","14":"product-type-simple"},"yoast_head":"<!-- This site is optimized with the Yoast SEO plugin v27.3 - https:\/\/yoast.com\/product\/yoast-seo-wordpress\/ -->\n<title>2x Woda LECZNICZA Krynica Zdr\u00f3j - Zuber Karton 3L (Zestaw 6L) - Mix Market - Supermarket z wszystkim co potrzeba<\/title>\n<meta name=\"robots\" content=\"index, follow, max-snippet:-1, max-image-preview:large, max-video-preview:-1\" \/>\n<link rel=\"canonical\" href=\"https:\/\/racom.com.pl\/index.php\/produkt\/2x-woda-lecznicza-krynica-zdroj-zuber-karton-3l-zestaw-6l-2\/\" \/>\n<meta property=\"og:locale\" content=\"pl_PL\" \/>\n<meta property=\"og:type\" content=\"article\" \/>\n<meta property=\"og:title\" content=\"2x Woda LECZNICZA Krynica Zdr\u00f3j - Zuber Karton 3L (Zestaw 6L) - Mix Market - Supermarket z wszystkim co potrzeba\" \/>\n<meta property=\"og:description\" content=\"2x Zuber 3L &#8211; Woda Lecznicza &#8211; Krynica Zdr\u00f3j Uzdrowisko Krynica-\u017begiest\u00f3w S.A. Oferta dotyczy zestawu 2 kartony ka\u017cdy 3L (\u0142\u0105cznie 6L wody). Woda lecznicza Zuber Kryniczanka naturalna 3L Woda lecznicza Zuber&nbsp;jest najbardziej zmineralizowan\u0105 wod\u0105 lecznicz\u0105 wyst\u0119puj\u0105c\u0105 na terenie Polski. Kuracja pitna t\u0105 wod\u0105 wzmaga przemian\u0119 bia\u0142kowo-t\u0142uszczowo-w\u0119glowodanow\u0105, leczy wszelkie dolegliwo\u015bci zwi\u0105zane z przemian\u0105 materii, ale tak\u017ce [&hellip;]\" \/>\n<meta property=\"og:url\" content=\"https:\/\/racom.com.pl\/index.php\/produkt\/2x-woda-lecznicza-krynica-zdroj-zuber-karton-3l-zestaw-6l-2\/\" \/>\n<meta property=\"og:site_name\" content=\"Mix Market - Supermarket z wszystkim co potrzeba\" \/>\n<meta property=\"og:image\" content=\"https:\/\/racom.com.pl\/wp-content\/uploads\/2025\/07\/allegro_687ac3a5b3bda1.29043377_3cfc9db94cbaa021f60e583b8a4c.jpg\" \/>\n\t<meta property=\"og:image:width\" content=\"2560\" \/>\n\t<meta property=\"og:image:height\" content=\"2560\" \/>\n\t<meta property=\"og:image:type\" content=\"image\/jpeg\" \/>\n<meta name=\"twitter:card\" content=\"summary_large_image\" \/>\n<meta name=\"twitter:label1\" content=\"Szacowany czas czytania\" \/>\n\t<meta name=\"twitter:data1\" content=\"1 minuta\" \/>\n<script type=\"application\/ld+json\" class=\"yoast-schema-graph\">{\"@context\":\"https:\\\/\\\/schema.org\",\"@graph\":[{\"@type\":\"WebPage\",\"@id\":\"https:\\\/\\\/racom.com.pl\\\/index.php\\\/produkt\\\/2x-woda-lecznicza-krynica-zdroj-zuber-karton-3l-zestaw-6l-2\\\/\",\"url\":\"https:\\\/\\\/racom.com.pl\\\/index.php\\\/produkt\\\/2x-woda-lecznicza-krynica-zdroj-zuber-karton-3l-zestaw-6l-2\\\/\",\"name\":\"2x Woda LECZNICZA Krynica Zdr\u00f3j - Zuber Karton 3L (Zestaw 6L) - Mix Market - Supermarket z wszystkim co potrzeba\",\"isPartOf\":{\"@id\":\"https:\\\/\\\/racom.com.pl\\\/#website\"},\"primaryImageOfPage\":{\"@id\":\"https:\\\/\\\/racom.com.pl\\\/index.php\\\/produkt\\\/2x-woda-lecznicza-krynica-zdroj-zuber-karton-3l-zestaw-6l-2\\\/#primaryimage\"},\"image\":{\"@id\":\"https:\\\/\\\/racom.com.pl\\\/index.php\\\/produkt\\\/2x-woda-lecznicza-krynica-zdroj-zuber-karton-3l-zestaw-6l-2\\\/#primaryimage\"},\"thumbnailUrl\":\"https:\\\/\\\/racom.com.pl\\\/wp-content\\\/uploads\\\/2025\\\/07\\\/allegro_687ac3a5b3bda1.29043377_3cfc9db94cbaa021f60e583b8a4c.jpg\",\"datePublished\":\"2025-07-19T17:08:28+00:00\",\"breadcrumb\":{\"@id\":\"https:\\\/\\\/racom.com.pl\\\/index.php\\\/produkt\\\/2x-woda-lecznicza-krynica-zdroj-zuber-karton-3l-zestaw-6l-2\\\/#breadcrumb\"},\"inLanguage\":\"pl-PL\",\"potentialAction\":[{\"@type\":\"ReadAction\",\"target\":[\"https:\\\/\\\/racom.com.pl\\\/index.php\\\/produkt\\\/2x-woda-lecznicza-krynica-zdroj-zuber-karton-3l-zestaw-6l-2\\\/\"]}]},{\"@type\":\"ImageObject\",\"inLanguage\":\"pl-PL\",\"@id\":\"https:\\\/\\\/racom.com.pl\\\/index.php\\\/produkt\\\/2x-woda-lecznicza-krynica-zdroj-zuber-karton-3l-zestaw-6l-2\\\/#primaryimage\",\"url\":\"https:\\\/\\\/racom.com.pl\\\/wp-content\\\/uploads\\\/2025\\\/07\\\/allegro_687ac3a5b3bda1.29043377_3cfc9db94cbaa021f60e583b8a4c.jpg\",\"contentUrl\":\"https:\\\/\\\/racom.com.pl\\\/wp-content\\\/uploads\\\/2025\\\/07\\\/allegro_687ac3a5b3bda1.29043377_3cfc9db94cbaa021f60e583b8a4c.jpg\",\"width\":2560,\"height\":2560},{\"@type\":\"BreadcrumbList\",\"@id\":\"https:\\\/\\\/racom.com.pl\\\/index.php\\\/produkt\\\/2x-woda-lecznicza-krynica-zdroj-zuber-karton-3l-zestaw-6l-2\\\/#breadcrumb\",\"itemListElement\":[{\"@type\":\"ListItem\",\"position\":1,\"name\":\"Strona g\u0142\u00f3wna\",\"item\":\"https:\\\/\\\/racom.com.pl\\\/\"},{\"@type\":\"ListItem\",\"position\":2,\"name\":\"Sklep\",\"item\":\"https:\\\/\\\/racom.com.pl\\\/\"},{\"@type\":\"ListItem\",\"position\":3,\"name\":\"2x Woda LECZNICZA Krynica Zdr\u00f3j &#8211; Zuber Karton 3L (Zestaw 6L)\"}]},{\"@type\":\"WebSite\",\"@id\":\"https:\\\/\\\/racom.com.pl\\\/#website\",\"url\":\"https:\\\/\\\/racom.com.pl\\\/\",\"name\":\"Mix Market - Supermarket z wszystkim co potrzeba do domu i nie tylko\",\"description\":\"\",\"publisher\":{\"@id\":\"https:\\\/\\\/racom.com.pl\\\/#organization\"},\"potentialAction\":[{\"@type\":\"SearchAction\",\"target\":{\"@type\":\"EntryPoint\",\"urlTemplate\":\"https:\\\/\\\/racom.com.pl\\\/?s={search_term_string}\"},\"query-input\":{\"@type\":\"PropertyValueSpecification\",\"valueRequired\":true,\"valueName\":\"search_term_string\"}}],\"inLanguage\":\"pl-PL\"},{\"@type\":\"Organization\",\"@id\":\"https:\\\/\\\/racom.com.pl\\\/#organization\",\"name\":\"Mix Market - Supermarket z wszystkim co potrzeba do domu i nie tylko\",\"url\":\"https:\\\/\\\/racom.com.pl\\\/\",\"logo\":{\"@type\":\"ImageObject\",\"inLanguage\":\"pl-PL\",\"@id\":\"https:\\\/\\\/racom.com.pl\\\/#\\\/schema\\\/logo\\\/image\\\/\",\"url\":\"https:\\\/\\\/racom.com.pl\\\/wp-content\\\/uploads\\\/2025\\\/07\\\/mixmarket_logo.png\",\"contentUrl\":\"https:\\\/\\\/racom.com.pl\\\/wp-content\\\/uploads\\\/2025\\\/07\\\/mixmarket_logo.png\",\"width\":1024,\"height\":1024,\"caption\":\"Mix Market - Supermarket z wszystkim co potrzeba do domu i nie tylko\"},\"image\":{\"@id\":\"https:\\\/\\\/racom.com.pl\\\/#\\\/schema\\\/logo\\\/image\\\/\"}}]}<\/script>\n<!-- \/ Yoast SEO plugin. -->","yoast_head_json":{"title":"2x Woda LECZNICZA Krynica Zdr\u00f3j - Zuber Karton 3L (Zestaw 6L) - Mix Market - Supermarket z wszystkim co potrzeba","robots":{"index":"index","follow":"follow","max-snippet":"max-snippet:-1","max-image-preview":"max-image-preview:large","max-video-preview":"max-video-preview:-1"},"canonical":"https:\/\/racom.com.pl\/index.php\/produkt\/2x-woda-lecznicza-krynica-zdroj-zuber-karton-3l-zestaw-6l-2\/","og_locale":"pl_PL","og_type":"article","og_title":"2x Woda LECZNICZA Krynica Zdr\u00f3j - Zuber Karton 3L (Zestaw 6L) - Mix Market - Supermarket z wszystkim co potrzeba","og_description":"2x Zuber 3L &#8211; Woda Lecznicza &#8211; Krynica Zdr\u00f3j Uzdrowisko Krynica-\u017begiest\u00f3w S.A. Oferta dotyczy zestawu 2 kartony ka\u017cdy 3L (\u0142\u0105cznie 6L wody). Woda lecznicza Zuber Kryniczanka naturalna 3L Woda lecznicza Zuber&nbsp;jest najbardziej zmineralizowan\u0105 wod\u0105 lecznicz\u0105 wyst\u0119puj\u0105c\u0105 na terenie Polski. Kuracja pitna t\u0105 wod\u0105 wzmaga przemian\u0119 bia\u0142kowo-t\u0142uszczowo-w\u0119glowodanow\u0105, leczy wszelkie dolegliwo\u015bci zwi\u0105zane z przemian\u0105 materii, ale tak\u017ce [&hellip;]","og_url":"https:\/\/racom.com.pl\/index.php\/produkt\/2x-woda-lecznicza-krynica-zdroj-zuber-karton-3l-zestaw-6l-2\/","og_site_name":"Mix Market - Supermarket z wszystkim co potrzeba","og_image":[{"width":2560,"height":2560,"url":"https:\/\/racom.com.pl\/wp-content\/uploads\/2025\/07\/allegro_687ac3a5b3bda1.29043377_3cfc9db94cbaa021f60e583b8a4c.jpg","type":"image\/jpeg"}],"twitter_card":"summary_large_image","twitter_misc":{"Szacowany czas czytania":"1 minuta"},"schema":{"@context":"https:\/\/schema.org","@graph":[{"@type":"WebPage","@id":"https:\/\/racom.com.pl\/index.php\/produkt\/2x-woda-lecznicza-krynica-zdroj-zuber-karton-3l-zestaw-6l-2\/","url":"https:\/\/racom.com.pl\/index.php\/produkt\/2x-woda-lecznicza-krynica-zdroj-zuber-karton-3l-zestaw-6l-2\/","name":"2x Woda LECZNICZA Krynica Zdr\u00f3j - Zuber Karton 3L (Zestaw 6L) - Mix Market - Supermarket z wszystkim co potrzeba","isPartOf":{"@id":"https:\/\/racom.com.pl\/#website"},"primaryImageOfPage":{"@id":"https:\/\/racom.com.pl\/index.php\/produkt\/2x-woda-lecznicza-krynica-zdroj-zuber-karton-3l-zestaw-6l-2\/#primaryimage"},"image":{"@id":"https:\/\/racom.com.pl\/index.php\/produkt\/2x-woda-lecznicza-krynica-zdroj-zuber-karton-3l-zestaw-6l-2\/#primaryimage"},"thumbnailUrl":"https:\/\/racom.com.pl\/wp-content\/uploads\/2025\/07\/allegro_687ac3a5b3bda1.29043377_3cfc9db94cbaa021f60e583b8a4c.jpg","datePublished":"2025-07-19T17:08:28+00:00","breadcrumb":{"@id":"https:\/\/racom.com.pl\/index.php\/produkt\/2x-woda-lecznicza-krynica-zdroj-zuber-karton-3l-zestaw-6l-2\/#breadcrumb"},"inLanguage":"pl-PL","potentialAction":[{"@type":"ReadAction","target":["https:\/\/racom.com.pl\/index.php\/produkt\/2x-woda-lecznicza-krynica-zdroj-zuber-karton-3l-zestaw-6l-2\/"]}]},{"@type":"ImageObject","inLanguage":"pl-PL","@id":"https:\/\/racom.com.pl\/index.php\/produkt\/2x-woda-lecznicza-krynica-zdroj-zuber-karton-3l-zestaw-6l-2\/#primaryimage","url":"https:\/\/racom.com.pl\/wp-content\/uploads\/2025\/07\/allegro_687ac3a5b3bda1.29043377_3cfc9db94cbaa021f60e583b8a4c.jpg","contentUrl":"https:\/\/racom.com.pl\/wp-content\/uploads\/2025\/07\/allegro_687ac3a5b3bda1.29043377_3cfc9db94cbaa021f60e583b8a4c.jpg","width":2560,"height":2560},{"@type":"BreadcrumbList","@id":"https:\/\/racom.com.pl\/index.php\/produkt\/2x-woda-lecznicza-krynica-zdroj-zuber-karton-3l-zestaw-6l-2\/#breadcrumb","itemListElement":[{"@type":"ListItem","position":1,"name":"Strona g\u0142\u00f3wna","item":"https:\/\/racom.com.pl\/"},{"@type":"ListItem","position":2,"name":"Sklep","item":"https:\/\/racom.com.pl\/"},{"@type":"ListItem","position":3,"name":"2x Woda LECZNICZA Krynica Zdr\u00f3j &#8211; Zuber Karton 3L (Zestaw 6L)"}]},{"@type":"WebSite","@id":"https:\/\/racom.com.pl\/#website","url":"https:\/\/racom.com.pl\/","name":"Mix Market - Supermarket z wszystkim co potrzeba do domu i nie tylko","description":"","publisher":{"@id":"https:\/\/racom.com.pl\/#organization"},"potentialAction":[{"@type":"SearchAction","target":{"@type":"EntryPoint","urlTemplate":"https:\/\/racom.com.pl\/?s={search_term_string}"},"query-input":{"@type":"PropertyValueSpecification","valueRequired":true,"valueName":"search_term_string"}}],"inLanguage":"pl-PL"},{"@type":"Organization","@id":"https:\/\/racom.com.pl\/#organization","name":"Mix Market - Supermarket z wszystkim co potrzeba do domu i nie tylko","url":"https:\/\/racom.com.pl\/","logo":{"@type":"ImageObject","inLanguage":"pl-PL","@id":"https:\/\/racom.com.pl\/#\/schema\/logo\/image\/","url":"https:\/\/racom.com.pl\/wp-content\/uploads\/2025\/07\/mixmarket_logo.png","contentUrl":"https:\/\/racom.com.pl\/wp-content\/uploads\/2025\/07\/mixmarket_logo.png","width":1024,"height":1024,"caption":"Mix Market - Supermarket z wszystkim co potrzeba do domu i nie tylko"},"image":{"@id":"https:\/\/racom.com.pl\/#\/schema\/logo\/image\/"}}]}},"_links":{"self":[{"href":"https:\/\/racom.com.pl\/index.php\/wp-json\/wp\/v2\/product\/3126","targetHints":{"allow":["GET"]}}],"collection":[{"href":"https:\/\/racom.com.pl\/index.php\/wp-json\/wp\/v2\/product"}],"about":[{"href":"https:\/\/racom.com.pl\/index.php\/wp-json\/wp\/v2\/types\/product"}],"replies":[{"embeddable":true,"href":"https:\/\/racom.com.pl\/index.php\/wp-json\/wp\/v2\/comments?post=3126"}],"wp:featuredmedia":[{"embeddable":true,"href":"https:\/\/racom.com.pl\/index.php\/wp-json\/wp\/v2\/media\/2669"}],"wp:attachment":[{"href":"https:\/\/racom.com.pl\/index.php\/wp-json\/wp\/v2\/media?parent=3126"}],"wp:term":[{"taxonomy":"product_brand","embeddable":true,"href":"https:\/\/racom.com.pl\/index.php\/wp-json\/wp\/v2\/product_brand?post=3126"},{"taxonomy":"product_cat","embeddable":true,"href":"https:\/\/racom.com.pl\/index.php\/wp-json\/wp\/v2\/product_cat?post=3126"},{"taxonomy":"product_tag","embeddable":true,"href":"https:\/\/racom.com.pl\/index.php\/wp-json\/wp\/v2\/product_tag?post=3126"}],"curies":[{"name":"wp","href":"https:\/\/api.w.org\/{rel}","templated":true}]}}