{"id":3128,"date":"2025-07-19T19:08:43","date_gmt":"2025-07-19T17:08:43","guid":{"rendered":"http:\/\/192.168.2.106\/index.php\/produkt\/kamis-mieszanka-przyprawowa-przyprawa-do-kurczaka-wiaderko-gastronomii-5kg-2\/"},"modified":"2025-07-19T19:08:43","modified_gmt":"2025-07-19T17:08:43","slug":"kamis-mieszanka-przyprawowa-przyprawa-do-kurczaka-wiaderko-gastronomii-5kg-2","status":"publish","type":"product","link":"https:\/\/racom.com.pl\/index.php\/produkt\/kamis-mieszanka-przyprawowa-przyprawa-do-kurczaka-wiaderko-gastronomii-5kg-2\/","title":{"rendered":"Kamis Mieszanka przyprawowa Przyprawa do KURCZAKA Wiaderko gastronomii 5kg"},"content":{"rendered":"<h2>KAMIS PRZYPRAWA DO KURCZAKA 5KG<\/h2>\n<h2>KAMIS<\/h2>\n<p>Przyprawa do kurczaka z\u0142ocista jest doskonale skomponowan\u0105 mieszank\u0105 przypraw zio\u0142owych i korzennych, dzi\u0119ki kt\u00f3rej potrawa zyskuje niezr\u00f3wnany smak i aromat. Curry nadaje potrawie odpowiedni aromat, papryka s\u0142odka poprawia kolor potrawy, chili i pieprz czyni\u0105 j\u0105 odpowiednio pikantn\u0105, za\u015b imbir dostarcza potrawie korzenny aromat z nieco s\u0142odkaw\u0105 nut\u0105.<\/p>\n<p>Przyprawa do kurczaka z\u0142ocista mo\u017ce by\u0107 u\u017cywana do nacierania mi\u0119sa przed pieczeniem lub duszeniem, mo\u017ce by\u0107 r\u00f3wnie\u017c stosowana do sporz\u0105dzania sos\u00f3w.<\/p>\n<p><b>Typ:<\/b> Mieszanki przypraw<\/p>\n<p><b>Kraj pochodzenia\/Wyprodukowano w:<\/b> Polska<\/p>\n<p><b>Przeznaczenie:<\/b> Do kurczaka<\/p>\n<p><b>Zawarto\u015b\u0107 netto:<\/b> 5 kg<\/p>\n<p><b>Sk\u0142adniki:<\/b> S\u00f3l, papryka s\u0142odka i ostra, wzmacniacz smaku: glutaminian monosodowy; czosnek, kurkuma, kolendra, kozieradka, imbir, kmin rzymski, cynamon, go\u017adziki, ga\u0142ka muszkato\u0142owa.<\/p>\n<p>Alergeny<\/p>\n<p><b>Seler i produkty pochodne:<\/b> Mo\u017ce zawiera\u0107<\/p>\n<p><b>Jaja i produkty pochodne:<\/b> Mo\u017ce zawiera\u0107<\/p>\n<p><b>Gorczyca i produkty pochodne:<\/b> Mo\u017ce zawiera\u0107<\/p>\n<p><b>Mleko i produkty pochodne (\u0142\u0105cznie z laktoz\u0105):<\/b> Mo\u017ce zawiera\u0107<\/p>\n<p><b>Zbo\u017ca zawierajace gluten:<\/b> Mo\u017ce zawiera\u0107<\/p>\n<p><b>Soja i produkty pochodne:<\/b> Mo\u017ce zawiera\u0107<\/p>\n<p><b>Nasiona sezamu i produkty pochodne:<\/b> Mo\u017ce zawiera\u0107<\/p>\n<p><b>Spos\u00f3b przechowywania:<\/b> przechowywa\u0107 w suchym i ch\u0142odnym miejscu<\/p>\n<p><b>Zawarto\u015b\u0107 t\u0142uszcz\u00f3w (kwasy t\u0142uszczowe nasycone) w zadeklarowanej jednostce (g):<\/b> 0,4 g<\/p>\n<p><b>Zawarto\u015b\u0107 w\u0119glowodan\u00f3w (cukry) w zadeklarowanej jednostce (g):<\/b> 4,2 g<\/p>\n<p><b>Zawarto\u015b\u0107 soli (og\u00f3lnie) w zadeklarowanej jednostce (g lub ml):<\/b> 61,8 g<\/p>\n<p><b>Jednostka b\u0119d\u0105ca podstaw\u0105 przelicze\u0144:<\/b> g\/100 g<\/p>\n<p><b>Wielko\u015b\u0107 porcji:<\/b> 100 g<\/p>\n<p><b>Warto\u015b\u0107 energetyczna kcal (energia) w zadeklarowanej jednostce:<\/b> 135,0 kcal\/100g<\/p>\n<p><b>Zawarto\u015b\u0107 t\u0142uszcz\u00f3w (og\u00f3lnie) w zadeklarowanej jednostce (g):<\/b> 2,4 g<\/p>\n","protected":false},"excerpt":{"rendered":"<p>KAMIS PRZYPRAWA DO KURCZAKA 5KG KAMIS Przyprawa do kurczaka z\u0142ocista jest doskonale skomponowan\u0105 mieszank\u0105 przypraw zio\u0142owych i korzennych, dzi\u0119ki kt\u00f3rej potrawa zyskuje niezr\u00f3wnany smak i aromat. Curry nadaje potrawie odpowiedni aromat, papryka s\u0142odka poprawia kolor potrawy, chili i pieprz czyni\u0105 j\u0105 odpowiednio pikantn\u0105, za\u015b imbir dostarcza potrawie korzenny aromat z nieco s\u0142odkaw\u0105 nut\u0105. Przyprawa do [&hellip;]<\/p>\n","protected":false},"featured_media":2522,"comment_status":"open","ping_status":"closed","template":"","meta":[],"product_brand":[162],"product_cat":[125],"product_tag":[],"class_list":{"0":"post-3128","1":"product","2":"type-product","3":"status-publish","4":"has-post-thumbnail","6":"product_brand-kamis","7":"product_cat-przyprawy-i-ziola","9":"first","10":"instock","11":"taxable","12":"shipping-taxable","13":"purchasable","14":"product-type-simple"},"yoast_head":"<!-- This site is optimized with the Yoast SEO plugin v27.3 - https:\/\/yoast.com\/product\/yoast-seo-wordpress\/ -->\n<title>Kamis Mieszanka przyprawowa Przyprawa do KURCZAKA Wiaderko gastronomii 5kg - Mix Market - Supermarket z wszystkim co potrzeba<\/title>\n<meta name=\"robots\" content=\"index, follow, max-snippet:-1, max-image-preview:large, max-video-preview:-1\" \/>\n<link rel=\"canonical\" href=\"https:\/\/racom.com.pl\/index.php\/produkt\/kamis-mieszanka-przyprawowa-przyprawa-do-kurczaka-wiaderko-gastronomii-5kg-2\/\" \/>\n<meta property=\"og:locale\" content=\"pl_PL\" \/>\n<meta property=\"og:type\" content=\"article\" \/>\n<meta property=\"og:title\" content=\"Kamis Mieszanka przyprawowa Przyprawa do KURCZAKA Wiaderko gastronomii 5kg - Mix Market - Supermarket z wszystkim co potrzeba\" \/>\n<meta property=\"og:description\" content=\"KAMIS PRZYPRAWA DO KURCZAKA 5KG KAMIS Przyprawa do kurczaka z\u0142ocista jest doskonale skomponowan\u0105 mieszank\u0105 przypraw zio\u0142owych i korzennych, dzi\u0119ki kt\u00f3rej potrawa zyskuje niezr\u00f3wnany smak i aromat. Curry nadaje potrawie odpowiedni aromat, papryka s\u0142odka poprawia kolor potrawy, chili i pieprz czyni\u0105 j\u0105 odpowiednio pikantn\u0105, za\u015b imbir dostarcza potrawie korzenny aromat z nieco s\u0142odkaw\u0105 nut\u0105. Przyprawa do [&hellip;]\" \/>\n<meta property=\"og:url\" content=\"https:\/\/racom.com.pl\/index.php\/produkt\/kamis-mieszanka-przyprawowa-przyprawa-do-kurczaka-wiaderko-gastronomii-5kg-2\/\" \/>\n<meta property=\"og:site_name\" content=\"Mix Market - Supermarket z wszystkim co potrzeba\" \/>\n<meta property=\"og:image\" content=\"https:\/\/racom.com.pl\/wp-content\/uploads\/2025\/07\/allegro_687abbf28e15b6.06736137_586014cc4ef289ff5514a491af3a.jpg\" \/>\n\t<meta property=\"og:image:width\" content=\"2365\" \/>\n\t<meta property=\"og:image:height\" content=\"2365\" \/>\n\t<meta property=\"og:image:type\" content=\"image\/jpeg\" \/>\n<meta name=\"twitter:card\" content=\"summary_large_image\" \/>\n<meta name=\"twitter:label1\" content=\"Szacowany czas czytania\" \/>\n\t<meta name=\"twitter:data1\" content=\"1 minuta\" \/>\n<script type=\"application\/ld+json\" class=\"yoast-schema-graph\">{\"@context\":\"https:\\\/\\\/schema.org\",\"@graph\":[{\"@type\":\"WebPage\",\"@id\":\"https:\\\/\\\/racom.com.pl\\\/index.php\\\/produkt\\\/kamis-mieszanka-przyprawowa-przyprawa-do-kurczaka-wiaderko-gastronomii-5kg-2\\\/\",\"url\":\"https:\\\/\\\/racom.com.pl\\\/index.php\\\/produkt\\\/kamis-mieszanka-przyprawowa-przyprawa-do-kurczaka-wiaderko-gastronomii-5kg-2\\\/\",\"name\":\"Kamis Mieszanka przyprawowa Przyprawa do KURCZAKA Wiaderko gastronomii 5kg - Mix Market - Supermarket z wszystkim co potrzeba\",\"isPartOf\":{\"@id\":\"https:\\\/\\\/racom.com.pl\\\/#website\"},\"primaryImageOfPage\":{\"@id\":\"https:\\\/\\\/racom.com.pl\\\/index.php\\\/produkt\\\/kamis-mieszanka-przyprawowa-przyprawa-do-kurczaka-wiaderko-gastronomii-5kg-2\\\/#primaryimage\"},\"image\":{\"@id\":\"https:\\\/\\\/racom.com.pl\\\/index.php\\\/produkt\\\/kamis-mieszanka-przyprawowa-przyprawa-do-kurczaka-wiaderko-gastronomii-5kg-2\\\/#primaryimage\"},\"thumbnailUrl\":\"https:\\\/\\\/racom.com.pl\\\/wp-content\\\/uploads\\\/2025\\\/07\\\/allegro_687abbf28e15b6.06736137_586014cc4ef289ff5514a491af3a.jpg\",\"datePublished\":\"2025-07-19T17:08:43+00:00\",\"breadcrumb\":{\"@id\":\"https:\\\/\\\/racom.com.pl\\\/index.php\\\/produkt\\\/kamis-mieszanka-przyprawowa-przyprawa-do-kurczaka-wiaderko-gastronomii-5kg-2\\\/#breadcrumb\"},\"inLanguage\":\"pl-PL\",\"potentialAction\":[{\"@type\":\"ReadAction\",\"target\":[\"https:\\\/\\\/racom.com.pl\\\/index.php\\\/produkt\\\/kamis-mieszanka-przyprawowa-przyprawa-do-kurczaka-wiaderko-gastronomii-5kg-2\\\/\"]}]},{\"@type\":\"ImageObject\",\"inLanguage\":\"pl-PL\",\"@id\":\"https:\\\/\\\/racom.com.pl\\\/index.php\\\/produkt\\\/kamis-mieszanka-przyprawowa-przyprawa-do-kurczaka-wiaderko-gastronomii-5kg-2\\\/#primaryimage\",\"url\":\"https:\\\/\\\/racom.com.pl\\\/wp-content\\\/uploads\\\/2025\\\/07\\\/allegro_687abbf28e15b6.06736137_586014cc4ef289ff5514a491af3a.jpg\",\"contentUrl\":\"https:\\\/\\\/racom.com.pl\\\/wp-content\\\/uploads\\\/2025\\\/07\\\/allegro_687abbf28e15b6.06736137_586014cc4ef289ff5514a491af3a.jpg\",\"width\":2365,\"height\":2365},{\"@type\":\"BreadcrumbList\",\"@id\":\"https:\\\/\\\/racom.com.pl\\\/index.php\\\/produkt\\\/kamis-mieszanka-przyprawowa-przyprawa-do-kurczaka-wiaderko-gastronomii-5kg-2\\\/#breadcrumb\",\"itemListElement\":[{\"@type\":\"ListItem\",\"position\":1,\"name\":\"Strona g\u0142\u00f3wna\",\"item\":\"https:\\\/\\\/racom.com.pl\\\/\"},{\"@type\":\"ListItem\",\"position\":2,\"name\":\"Sklep\",\"item\":\"https:\\\/\\\/racom.com.pl\\\/\"},{\"@type\":\"ListItem\",\"position\":3,\"name\":\"Kamis Mieszanka przyprawowa Przyprawa do KURCZAKA Wiaderko gastronomii 5kg\"}]},{\"@type\":\"WebSite\",\"@id\":\"https:\\\/\\\/racom.com.pl\\\/#website\",\"url\":\"https:\\\/\\\/racom.com.pl\\\/\",\"name\":\"Mix Market - Supermarket z wszystkim co potrzeba do domu i nie tylko\",\"description\":\"\",\"publisher\":{\"@id\":\"https:\\\/\\\/racom.com.pl\\\/#organization\"},\"potentialAction\":[{\"@type\":\"SearchAction\",\"target\":{\"@type\":\"EntryPoint\",\"urlTemplate\":\"https:\\\/\\\/racom.com.pl\\\/?s={search_term_string}\"},\"query-input\":{\"@type\":\"PropertyValueSpecification\",\"valueRequired\":true,\"valueName\":\"search_term_string\"}}],\"inLanguage\":\"pl-PL\"},{\"@type\":\"Organization\",\"@id\":\"https:\\\/\\\/racom.com.pl\\\/#organization\",\"name\":\"Mix Market - Supermarket z wszystkim co potrzeba do domu i nie tylko\",\"url\":\"https:\\\/\\\/racom.com.pl\\\/\",\"logo\":{\"@type\":\"ImageObject\",\"inLanguage\":\"pl-PL\",\"@id\":\"https:\\\/\\\/racom.com.pl\\\/#\\\/schema\\\/logo\\\/image\\\/\",\"url\":\"https:\\\/\\\/racom.com.pl\\\/wp-content\\\/uploads\\\/2025\\\/07\\\/mixmarket_logo.png\",\"contentUrl\":\"https:\\\/\\\/racom.com.pl\\\/wp-content\\\/uploads\\\/2025\\\/07\\\/mixmarket_logo.png\",\"width\":1024,\"height\":1024,\"caption\":\"Mix Market - Supermarket z wszystkim co potrzeba do domu i nie tylko\"},\"image\":{\"@id\":\"https:\\\/\\\/racom.com.pl\\\/#\\\/schema\\\/logo\\\/image\\\/\"}}]}<\/script>\n<!-- \/ Yoast SEO plugin. -->","yoast_head_json":{"title":"Kamis Mieszanka przyprawowa Przyprawa do KURCZAKA Wiaderko gastronomii 5kg - Mix Market - Supermarket z wszystkim co potrzeba","robots":{"index":"index","follow":"follow","max-snippet":"max-snippet:-1","max-image-preview":"max-image-preview:large","max-video-preview":"max-video-preview:-1"},"canonical":"https:\/\/racom.com.pl\/index.php\/produkt\/kamis-mieszanka-przyprawowa-przyprawa-do-kurczaka-wiaderko-gastronomii-5kg-2\/","og_locale":"pl_PL","og_type":"article","og_title":"Kamis Mieszanka przyprawowa Przyprawa do KURCZAKA Wiaderko gastronomii 5kg - Mix Market - Supermarket z wszystkim co potrzeba","og_description":"KAMIS PRZYPRAWA DO KURCZAKA 5KG KAMIS Przyprawa do kurczaka z\u0142ocista jest doskonale skomponowan\u0105 mieszank\u0105 przypraw zio\u0142owych i korzennych, dzi\u0119ki kt\u00f3rej potrawa zyskuje niezr\u00f3wnany smak i aromat. Curry nadaje potrawie odpowiedni aromat, papryka s\u0142odka poprawia kolor potrawy, chili i pieprz czyni\u0105 j\u0105 odpowiednio pikantn\u0105, za\u015b imbir dostarcza potrawie korzenny aromat z nieco s\u0142odkaw\u0105 nut\u0105. Przyprawa do [&hellip;]","og_url":"https:\/\/racom.com.pl\/index.php\/produkt\/kamis-mieszanka-przyprawowa-przyprawa-do-kurczaka-wiaderko-gastronomii-5kg-2\/","og_site_name":"Mix Market - Supermarket z wszystkim co potrzeba","og_image":[{"width":2365,"height":2365,"url":"https:\/\/racom.com.pl\/wp-content\/uploads\/2025\/07\/allegro_687abbf28e15b6.06736137_586014cc4ef289ff5514a491af3a.jpg","type":"image\/jpeg"}],"twitter_card":"summary_large_image","twitter_misc":{"Szacowany czas czytania":"1 minuta"},"schema":{"@context":"https:\/\/schema.org","@graph":[{"@type":"WebPage","@id":"https:\/\/racom.com.pl\/index.php\/produkt\/kamis-mieszanka-przyprawowa-przyprawa-do-kurczaka-wiaderko-gastronomii-5kg-2\/","url":"https:\/\/racom.com.pl\/index.php\/produkt\/kamis-mieszanka-przyprawowa-przyprawa-do-kurczaka-wiaderko-gastronomii-5kg-2\/","name":"Kamis Mieszanka przyprawowa Przyprawa do KURCZAKA Wiaderko gastronomii 5kg - Mix Market - Supermarket z wszystkim co potrzeba","isPartOf":{"@id":"https:\/\/racom.com.pl\/#website"},"primaryImageOfPage":{"@id":"https:\/\/racom.com.pl\/index.php\/produkt\/kamis-mieszanka-przyprawowa-przyprawa-do-kurczaka-wiaderko-gastronomii-5kg-2\/#primaryimage"},"image":{"@id":"https:\/\/racom.com.pl\/index.php\/produkt\/kamis-mieszanka-przyprawowa-przyprawa-do-kurczaka-wiaderko-gastronomii-5kg-2\/#primaryimage"},"thumbnailUrl":"https:\/\/racom.com.pl\/wp-content\/uploads\/2025\/07\/allegro_687abbf28e15b6.06736137_586014cc4ef289ff5514a491af3a.jpg","datePublished":"2025-07-19T17:08:43+00:00","breadcrumb":{"@id":"https:\/\/racom.com.pl\/index.php\/produkt\/kamis-mieszanka-przyprawowa-przyprawa-do-kurczaka-wiaderko-gastronomii-5kg-2\/#breadcrumb"},"inLanguage":"pl-PL","potentialAction":[{"@type":"ReadAction","target":["https:\/\/racom.com.pl\/index.php\/produkt\/kamis-mieszanka-przyprawowa-przyprawa-do-kurczaka-wiaderko-gastronomii-5kg-2\/"]}]},{"@type":"ImageObject","inLanguage":"pl-PL","@id":"https:\/\/racom.com.pl\/index.php\/produkt\/kamis-mieszanka-przyprawowa-przyprawa-do-kurczaka-wiaderko-gastronomii-5kg-2\/#primaryimage","url":"https:\/\/racom.com.pl\/wp-content\/uploads\/2025\/07\/allegro_687abbf28e15b6.06736137_586014cc4ef289ff5514a491af3a.jpg","contentUrl":"https:\/\/racom.com.pl\/wp-content\/uploads\/2025\/07\/allegro_687abbf28e15b6.06736137_586014cc4ef289ff5514a491af3a.jpg","width":2365,"height":2365},{"@type":"BreadcrumbList","@id":"https:\/\/racom.com.pl\/index.php\/produkt\/kamis-mieszanka-przyprawowa-przyprawa-do-kurczaka-wiaderko-gastronomii-5kg-2\/#breadcrumb","itemListElement":[{"@type":"ListItem","position":1,"name":"Strona g\u0142\u00f3wna","item":"https:\/\/racom.com.pl\/"},{"@type":"ListItem","position":2,"name":"Sklep","item":"https:\/\/racom.com.pl\/"},{"@type":"ListItem","position":3,"name":"Kamis Mieszanka przyprawowa Przyprawa do KURCZAKA Wiaderko gastronomii 5kg"}]},{"@type":"WebSite","@id":"https:\/\/racom.com.pl\/#website","url":"https:\/\/racom.com.pl\/","name":"Mix Market - Supermarket z wszystkim co potrzeba do domu i nie tylko","description":"","publisher":{"@id":"https:\/\/racom.com.pl\/#organization"},"potentialAction":[{"@type":"SearchAction","target":{"@type":"EntryPoint","urlTemplate":"https:\/\/racom.com.pl\/?s={search_term_string}"},"query-input":{"@type":"PropertyValueSpecification","valueRequired":true,"valueName":"search_term_string"}}],"inLanguage":"pl-PL"},{"@type":"Organization","@id":"https:\/\/racom.com.pl\/#organization","name":"Mix Market - Supermarket z wszystkim co potrzeba do domu i nie tylko","url":"https:\/\/racom.com.pl\/","logo":{"@type":"ImageObject","inLanguage":"pl-PL","@id":"https:\/\/racom.com.pl\/#\/schema\/logo\/image\/","url":"https:\/\/racom.com.pl\/wp-content\/uploads\/2025\/07\/mixmarket_logo.png","contentUrl":"https:\/\/racom.com.pl\/wp-content\/uploads\/2025\/07\/mixmarket_logo.png","width":1024,"height":1024,"caption":"Mix Market - Supermarket z wszystkim co potrzeba do domu i nie tylko"},"image":{"@id":"https:\/\/racom.com.pl\/#\/schema\/logo\/image\/"}}]}},"_links":{"self":[{"href":"https:\/\/racom.com.pl\/index.php\/wp-json\/wp\/v2\/product\/3128","targetHints":{"allow":["GET"]}}],"collection":[{"href":"https:\/\/racom.com.pl\/index.php\/wp-json\/wp\/v2\/product"}],"about":[{"href":"https:\/\/racom.com.pl\/index.php\/wp-json\/wp\/v2\/types\/product"}],"replies":[{"embeddable":true,"href":"https:\/\/racom.com.pl\/index.php\/wp-json\/wp\/v2\/comments?post=3128"}],"wp:featuredmedia":[{"embeddable":true,"href":"https:\/\/racom.com.pl\/index.php\/wp-json\/wp\/v2\/media\/2522"}],"wp:attachment":[{"href":"https:\/\/racom.com.pl\/index.php\/wp-json\/wp\/v2\/media?parent=3128"}],"wp:term":[{"taxonomy":"product_brand","embeddable":true,"href":"https:\/\/racom.com.pl\/index.php\/wp-json\/wp\/v2\/product_brand?post=3128"},{"taxonomy":"product_cat","embeddable":true,"href":"https:\/\/racom.com.pl\/index.php\/wp-json\/wp\/v2\/product_cat?post=3128"},{"taxonomy":"product_tag","embeddable":true,"href":"https:\/\/racom.com.pl\/index.php\/wp-json\/wp\/v2\/product_tag?post=3128"}],"curies":[{"name":"wp","href":"https:\/\/api.w.org\/{rel}","templated":true}]}}