{"id":3136,"date":"2025-07-19T19:11:49","date_gmt":"2025-07-19T17:11:49","guid":{"rendered":"http:\/\/192.168.2.106\/index.php\/produkt\/woda-lecznicza-jan-oczyszczenie-3l-x-3-sztuk-zestaw\/"},"modified":"2025-07-19T19:11:49","modified_gmt":"2025-07-19T17:11:49","slug":"woda-lecznicza-jan-oczyszczenie-3l-x-3-sztuk-zestaw","status":"publish","type":"product","link":"https:\/\/racom.com.pl\/index.php\/produkt\/woda-lecznicza-jan-oczyszczenie-3l-x-3-sztuk-zestaw\/","title":{"rendered":"Woda Lecznicza Jan Oczyszczenie 3L x 3 sztuk ZESTAW"},"content":{"rendered":"<h2>Naturalna Woda Lecznicza Jan<\/h2>\n<h2>Zestaw zawiera 3szt (\u0142\u0105cznie 9L wody)<\/h2>\n<p>Pochodzi ze Zdroju Jana usytuowanego u podn\u00f3\u017ca p\u00f3\u0142nocnej cz\u0119\u015bci G\u00f3ry Parkowej w Krynicy-Zdroju, na Polanie Jan\u00f3wka. To w\u0142a\u015bnie tutaj w po\u0142owie XX w., pracownik k\u0105pielowy Jan Bojanowski odkry\u0142 kilkana\u015bcie wyp\u0142yw\u00f3w w\u00f3d leczniczych, z kt\u00f3rych trzy uj\u0119te zosta\u0142y w zdr\u00f3j Jana, dzi\u0119ki staraniom dr. Henryka Ebersa.<\/p>\n<h2>Hipoosmotyczna szczawa<\/h2>\n<p>Jan jest silnie hipoosmotyczn\u0105 szczaw\u0105 wodorow\u0119glanowo-wapniow\u0105 z zawarto\u015bci\u0105 chlork\u00f3w, bardzo moczop\u0119dn\u0105, idealn\u0105 w leczeniu kamicy nerkowej. Stosowana r\u00f3wnie\u017c w leczeniu innych schorze\u0144 nerek i dr\u00f3g moczowych oraz mia\u017cd\u017cycy i cukrzycy (w po\u0142\u0105czeniu z wod\u0105 \u201eZuber\u201d) wydatnie obni\u017ca poziom cholesterolu i cukru we krwi. Rozpuszczone w wodzie sk\u0142adniki mineralne podane do picia bior\u0105 udzia\u0142 w gospodarce wodno-elektrolitowej. Woda Jan uwalnia od kamieni nerkowych i zapobiega ich powstawaniu.<\/p>\n<h2>Korzystne dzia\u0142ania<\/h2>\n<p>Urolodzy ustalili, \u017ce podawanie wody Jan wyra\u017anie pot\u0119guje wydalanie z moczem soli wapnia, fosforan\u00f3w i magnezu, podstawowych budulc\u00f3w kamieni nerkowych. Ma bardzo silne dzia\u0142anie moczop\u0119dne. Woda wyp\u0142ukuje z\u0142ogi, przeciwdzia\u0142a zaka\u017ceniu dr\u00f3g moczowych oraz nawrotowi kamicy. Woda Jan z Krynicy-Zdroju wp\u0142ywa zar\u00f3wno na obni\u017cenie poziomu glukozy, jaki i podniesienie poziomu potasu i wapnia w surowicy krwi.<\/p>\n<h2>Zastosowanie<\/h2>\n<p><b>W krenoterapii w celu leczenia:<\/b><\/p>\n<ul>\n<li>chor\u00f3b nerek i dr\u00f3g moczowych,<\/li>\n<li>cukrzycy,<\/li>\n<li>oty\u0142o\u015bci,<\/li>\n<li>nadczynno\u015bci tarczycy,<\/li>\n<li>osteoporozy<\/li>\n<\/ul>\n<p><b>W inhalacjach\/p\u0142ukankach w celu leczenia:<\/b><\/p>\n<ul>\n<li>przewlek\u0142ych nie\u017cyt\u00f3w alergicznych g\u00f3rnych dr\u00f3g oddechowych,<\/li>\n<li>paradontozy,<\/li>\n<li>zanikowego nie\u017cytu \u015bluz\u00f3wek<\/li>\n<\/ul>\n<h2>Zalecane dawkowanie<\/h2>\n<p>W leczeniu &#8211; \u015bci\u015ble wed\u0142ug wskaza\u0144 lekarza. Profilaktycznie,&nbsp; ok. 250 ml (w indywidualnych przypadkach wi\u0119cej) 3 x dziennie, 30-45 minut przed posi\u0142kiem. Nale\u017cy pi\u0107 powoli, ma\u0142ymi \u0142ykami, o temperaturze takiej jak\u0105 posiada na wyp\u0142ywie, gdy\u017c jej ogrzanie mo\u017ce skutkowa\u0107 utrat\u0105 wielu w\u0142a\u015bciwo\u015bci biochemicznych z powodu wytr\u0105cania si\u0119 niekt\u00f3rych sk\u0142adnik\u00f3w mineralnych.<\/p>\n<p>Wod\u0119 Jan mo\u017cna stosowa\u0107 w po\u0142\u0105czeniu z wod\u0105 Zuber, w stosunku 1:1 (100 ml : 100 ml) w leczeniu nie\u017cyt\u00f3w nadkwa\u015bnych oraz w stosunku 1:3 ( 100 ml wody Zuber : 50 ml wody Jan) w schorzeniach p\u0119cherzyka \u017c\u00f3\u0142ciowego, w\u0105troby, trzustki i przemiany materii. Celem zmniejszenia zawarto\u015bci dwutlenku w\u0119gla w wodzie, mieszank\u0119 w\u00f3d Zuber i Jan pijemy lekko podgrzan\u0105 w \u0142a\u017ani wodnej (ok. 40\u00b0C). W ten spos\u00f3b unikniemy podra\u017cnienia \u015bluz\u00f3wki i wzmo\u017cenia dzia\u0142ania \u017c\u00f3\u0142ciop\u0119dnego i \u017c\u00f3\u0142ciotw\u00f3rczego.<\/p>\n<p>Osad w wodzie jest zjawiskiem naturalnym.<\/p>\n<h2>Na godzin\u0119 przed piciem nie nale\u017cy spo\u017cywa\u0107 surowych owoc\u00f3w i jarzyn.<\/h2>\n<p><b>Twoje ulubione miejsce na codzienne zakupy.<\/b><\/p>\n","protected":false},"excerpt":{"rendered":"<p>Naturalna Woda Lecznicza Jan Zestaw zawiera 3szt (\u0142\u0105cznie 9L wody) Pochodzi ze Zdroju Jana usytuowanego u podn\u00f3\u017ca p\u00f3\u0142nocnej cz\u0119\u015bci G\u00f3ry Parkowej w Krynicy-Zdroju, na Polanie Jan\u00f3wka. To w\u0142a\u015bnie tutaj w po\u0142owie XX w., pracownik k\u0105pielowy Jan Bojanowski odkry\u0142 kilkana\u015bcie wyp\u0142yw\u00f3w w\u00f3d leczniczych, z kt\u00f3rych trzy uj\u0119te zosta\u0142y w zdr\u00f3j Jana, dzi\u0119ki staraniom dr. Henryka Ebersa. [&hellip;]<\/p>\n","protected":false},"featured_media":3139,"comment_status":"open","ping_status":"closed","template":"","meta":[],"product_brand":[216],"product_cat":[116],"product_tag":[],"class_list":{"0":"post-3136","1":"product","2":"type-product","3":"status-publish","4":"has-post-thumbnail","6":"product_brand-kryniczanka","7":"product_cat-napoje-i-akcesoria","9":"first","10":"instock","11":"taxable","12":"shipping-taxable","13":"purchasable","14":"product-type-simple"},"yoast_head":"<!-- This site is optimized with the Yoast SEO plugin v27.3 - https:\/\/yoast.com\/product\/yoast-seo-wordpress\/ -->\n<title>Woda Lecznicza Jan Oczyszczenie 3L x 3 sztuk ZESTAW - Mix Market - Supermarket z wszystkim co potrzeba<\/title>\n<meta name=\"robots\" content=\"index, follow, max-snippet:-1, max-image-preview:large, max-video-preview:-1\" \/>\n<link rel=\"canonical\" href=\"https:\/\/racom.com.pl\/index.php\/produkt\/woda-lecznicza-jan-oczyszczenie-3l-x-3-sztuk-zestaw\/\" \/>\n<meta property=\"og:locale\" content=\"pl_PL\" \/>\n<meta property=\"og:type\" content=\"article\" \/>\n<meta property=\"og:title\" content=\"Woda Lecznicza Jan Oczyszczenie 3L x 3 sztuk ZESTAW - Mix Market - Supermarket z wszystkim co potrzeba\" \/>\n<meta property=\"og:description\" content=\"Naturalna Woda Lecznicza Jan Zestaw zawiera 3szt (\u0142\u0105cznie 9L wody) Pochodzi ze Zdroju Jana usytuowanego u podn\u00f3\u017ca p\u00f3\u0142nocnej cz\u0119\u015bci G\u00f3ry Parkowej w Krynicy-Zdroju, na Polanie Jan\u00f3wka. To w\u0142a\u015bnie tutaj w po\u0142owie XX w., pracownik k\u0105pielowy Jan Bojanowski odkry\u0142 kilkana\u015bcie wyp\u0142yw\u00f3w w\u00f3d leczniczych, z kt\u00f3rych trzy uj\u0119te zosta\u0142y w zdr\u00f3j Jana, dzi\u0119ki staraniom dr. Henryka Ebersa. [&hellip;]\" \/>\n<meta property=\"og:url\" content=\"https:\/\/racom.com.pl\/index.php\/produkt\/woda-lecznicza-jan-oczyszczenie-3l-x-3-sztuk-zestaw\/\" \/>\n<meta property=\"og:site_name\" content=\"Mix Market - Supermarket z wszystkim co potrzeba\" \/>\n<meta property=\"og:image\" content=\"https:\/\/racom.com.pl\/wp-content\/uploads\/2025\/07\/allegro_687bd221c1a727.62358251_7765f0454a31abf3bdbec7392e27.jpg\" \/>\n\t<meta property=\"og:image:width\" content=\"2365\" \/>\n\t<meta property=\"og:image:height\" content=\"2365\" \/>\n\t<meta property=\"og:image:type\" content=\"image\/jpeg\" \/>\n<meta name=\"twitter:card\" content=\"summary_large_image\" \/>\n<meta name=\"twitter:label1\" content=\"Szacowany czas czytania\" \/>\n\t<meta name=\"twitter:data1\" content=\"2 minuty\" \/>\n<script type=\"application\/ld+json\" class=\"yoast-schema-graph\">{\"@context\":\"https:\\\/\\\/schema.org\",\"@graph\":[{\"@type\":\"WebPage\",\"@id\":\"https:\\\/\\\/racom.com.pl\\\/index.php\\\/produkt\\\/woda-lecznicza-jan-oczyszczenie-3l-x-3-sztuk-zestaw\\\/\",\"url\":\"https:\\\/\\\/racom.com.pl\\\/index.php\\\/produkt\\\/woda-lecznicza-jan-oczyszczenie-3l-x-3-sztuk-zestaw\\\/\",\"name\":\"Woda Lecznicza Jan Oczyszczenie 3L x 3 sztuk ZESTAW - Mix Market - Supermarket z wszystkim co potrzeba\",\"isPartOf\":{\"@id\":\"https:\\\/\\\/racom.com.pl\\\/#website\"},\"primaryImageOfPage\":{\"@id\":\"https:\\\/\\\/racom.com.pl\\\/index.php\\\/produkt\\\/woda-lecznicza-jan-oczyszczenie-3l-x-3-sztuk-zestaw\\\/#primaryimage\"},\"image\":{\"@id\":\"https:\\\/\\\/racom.com.pl\\\/index.php\\\/produkt\\\/woda-lecznicza-jan-oczyszczenie-3l-x-3-sztuk-zestaw\\\/#primaryimage\"},\"thumbnailUrl\":\"https:\\\/\\\/racom.com.pl\\\/wp-content\\\/uploads\\\/2025\\\/07\\\/allegro_687bd221c1a727.62358251_7765f0454a31abf3bdbec7392e27.jpg\",\"datePublished\":\"2025-07-19T17:11:49+00:00\",\"breadcrumb\":{\"@id\":\"https:\\\/\\\/racom.com.pl\\\/index.php\\\/produkt\\\/woda-lecznicza-jan-oczyszczenie-3l-x-3-sztuk-zestaw\\\/#breadcrumb\"},\"inLanguage\":\"pl-PL\",\"potentialAction\":[{\"@type\":\"ReadAction\",\"target\":[\"https:\\\/\\\/racom.com.pl\\\/index.php\\\/produkt\\\/woda-lecznicza-jan-oczyszczenie-3l-x-3-sztuk-zestaw\\\/\"]}]},{\"@type\":\"ImageObject\",\"inLanguage\":\"pl-PL\",\"@id\":\"https:\\\/\\\/racom.com.pl\\\/index.php\\\/produkt\\\/woda-lecznicza-jan-oczyszczenie-3l-x-3-sztuk-zestaw\\\/#primaryimage\",\"url\":\"https:\\\/\\\/racom.com.pl\\\/wp-content\\\/uploads\\\/2025\\\/07\\\/allegro_687bd221c1a727.62358251_7765f0454a31abf3bdbec7392e27.jpg\",\"contentUrl\":\"https:\\\/\\\/racom.com.pl\\\/wp-content\\\/uploads\\\/2025\\\/07\\\/allegro_687bd221c1a727.62358251_7765f0454a31abf3bdbec7392e27.jpg\",\"width\":2365,\"height\":2365},{\"@type\":\"BreadcrumbList\",\"@id\":\"https:\\\/\\\/racom.com.pl\\\/index.php\\\/produkt\\\/woda-lecznicza-jan-oczyszczenie-3l-x-3-sztuk-zestaw\\\/#breadcrumb\",\"itemListElement\":[{\"@type\":\"ListItem\",\"position\":1,\"name\":\"Strona g\u0142\u00f3wna\",\"item\":\"https:\\\/\\\/racom.com.pl\\\/\"},{\"@type\":\"ListItem\",\"position\":2,\"name\":\"Sklep\",\"item\":\"https:\\\/\\\/racom.com.pl\\\/\"},{\"@type\":\"ListItem\",\"position\":3,\"name\":\"Woda Lecznicza Jan Oczyszczenie 3L x 3 sztuk ZESTAW\"}]},{\"@type\":\"WebSite\",\"@id\":\"https:\\\/\\\/racom.com.pl\\\/#website\",\"url\":\"https:\\\/\\\/racom.com.pl\\\/\",\"name\":\"Mix Market - Supermarket z wszystkim co potrzeba do domu i nie tylko\",\"description\":\"\",\"publisher\":{\"@id\":\"https:\\\/\\\/racom.com.pl\\\/#organization\"},\"potentialAction\":[{\"@type\":\"SearchAction\",\"target\":{\"@type\":\"EntryPoint\",\"urlTemplate\":\"https:\\\/\\\/racom.com.pl\\\/?s={search_term_string}\"},\"query-input\":{\"@type\":\"PropertyValueSpecification\",\"valueRequired\":true,\"valueName\":\"search_term_string\"}}],\"inLanguage\":\"pl-PL\"},{\"@type\":\"Organization\",\"@id\":\"https:\\\/\\\/racom.com.pl\\\/#organization\",\"name\":\"Mix Market - Supermarket z wszystkim co potrzeba do domu i nie tylko\",\"url\":\"https:\\\/\\\/racom.com.pl\\\/\",\"logo\":{\"@type\":\"ImageObject\",\"inLanguage\":\"pl-PL\",\"@id\":\"https:\\\/\\\/racom.com.pl\\\/#\\\/schema\\\/logo\\\/image\\\/\",\"url\":\"https:\\\/\\\/racom.com.pl\\\/wp-content\\\/uploads\\\/2025\\\/07\\\/mixmarket_logo.png\",\"contentUrl\":\"https:\\\/\\\/racom.com.pl\\\/wp-content\\\/uploads\\\/2025\\\/07\\\/mixmarket_logo.png\",\"width\":1024,\"height\":1024,\"caption\":\"Mix Market - Supermarket z wszystkim co potrzeba do domu i nie tylko\"},\"image\":{\"@id\":\"https:\\\/\\\/racom.com.pl\\\/#\\\/schema\\\/logo\\\/image\\\/\"}}]}<\/script>\n<!-- \/ Yoast SEO plugin. -->","yoast_head_json":{"title":"Woda Lecznicza Jan Oczyszczenie 3L x 3 sztuk ZESTAW - Mix Market - Supermarket z wszystkim co potrzeba","robots":{"index":"index","follow":"follow","max-snippet":"max-snippet:-1","max-image-preview":"max-image-preview:large","max-video-preview":"max-video-preview:-1"},"canonical":"https:\/\/racom.com.pl\/index.php\/produkt\/woda-lecznicza-jan-oczyszczenie-3l-x-3-sztuk-zestaw\/","og_locale":"pl_PL","og_type":"article","og_title":"Woda Lecznicza Jan Oczyszczenie 3L x 3 sztuk ZESTAW - Mix Market - Supermarket z wszystkim co potrzeba","og_description":"Naturalna Woda Lecznicza Jan Zestaw zawiera 3szt (\u0142\u0105cznie 9L wody) Pochodzi ze Zdroju Jana usytuowanego u podn\u00f3\u017ca p\u00f3\u0142nocnej cz\u0119\u015bci G\u00f3ry Parkowej w Krynicy-Zdroju, na Polanie Jan\u00f3wka. To w\u0142a\u015bnie tutaj w po\u0142owie XX w., pracownik k\u0105pielowy Jan Bojanowski odkry\u0142 kilkana\u015bcie wyp\u0142yw\u00f3w w\u00f3d leczniczych, z kt\u00f3rych trzy uj\u0119te zosta\u0142y w zdr\u00f3j Jana, dzi\u0119ki staraniom dr. Henryka Ebersa. [&hellip;]","og_url":"https:\/\/racom.com.pl\/index.php\/produkt\/woda-lecznicza-jan-oczyszczenie-3l-x-3-sztuk-zestaw\/","og_site_name":"Mix Market - Supermarket z wszystkim co potrzeba","og_image":[{"width":2365,"height":2365,"url":"https:\/\/racom.com.pl\/wp-content\/uploads\/2025\/07\/allegro_687bd221c1a727.62358251_7765f0454a31abf3bdbec7392e27.jpg","type":"image\/jpeg"}],"twitter_card":"summary_large_image","twitter_misc":{"Szacowany czas czytania":"2 minuty"},"schema":{"@context":"https:\/\/schema.org","@graph":[{"@type":"WebPage","@id":"https:\/\/racom.com.pl\/index.php\/produkt\/woda-lecznicza-jan-oczyszczenie-3l-x-3-sztuk-zestaw\/","url":"https:\/\/racom.com.pl\/index.php\/produkt\/woda-lecznicza-jan-oczyszczenie-3l-x-3-sztuk-zestaw\/","name":"Woda Lecznicza Jan Oczyszczenie 3L x 3 sztuk ZESTAW - Mix Market - Supermarket z wszystkim co potrzeba","isPartOf":{"@id":"https:\/\/racom.com.pl\/#website"},"primaryImageOfPage":{"@id":"https:\/\/racom.com.pl\/index.php\/produkt\/woda-lecznicza-jan-oczyszczenie-3l-x-3-sztuk-zestaw\/#primaryimage"},"image":{"@id":"https:\/\/racom.com.pl\/index.php\/produkt\/woda-lecznicza-jan-oczyszczenie-3l-x-3-sztuk-zestaw\/#primaryimage"},"thumbnailUrl":"https:\/\/racom.com.pl\/wp-content\/uploads\/2025\/07\/allegro_687bd221c1a727.62358251_7765f0454a31abf3bdbec7392e27.jpg","datePublished":"2025-07-19T17:11:49+00:00","breadcrumb":{"@id":"https:\/\/racom.com.pl\/index.php\/produkt\/woda-lecznicza-jan-oczyszczenie-3l-x-3-sztuk-zestaw\/#breadcrumb"},"inLanguage":"pl-PL","potentialAction":[{"@type":"ReadAction","target":["https:\/\/racom.com.pl\/index.php\/produkt\/woda-lecznicza-jan-oczyszczenie-3l-x-3-sztuk-zestaw\/"]}]},{"@type":"ImageObject","inLanguage":"pl-PL","@id":"https:\/\/racom.com.pl\/index.php\/produkt\/woda-lecznicza-jan-oczyszczenie-3l-x-3-sztuk-zestaw\/#primaryimage","url":"https:\/\/racom.com.pl\/wp-content\/uploads\/2025\/07\/allegro_687bd221c1a727.62358251_7765f0454a31abf3bdbec7392e27.jpg","contentUrl":"https:\/\/racom.com.pl\/wp-content\/uploads\/2025\/07\/allegro_687bd221c1a727.62358251_7765f0454a31abf3bdbec7392e27.jpg","width":2365,"height":2365},{"@type":"BreadcrumbList","@id":"https:\/\/racom.com.pl\/index.php\/produkt\/woda-lecznicza-jan-oczyszczenie-3l-x-3-sztuk-zestaw\/#breadcrumb","itemListElement":[{"@type":"ListItem","position":1,"name":"Strona g\u0142\u00f3wna","item":"https:\/\/racom.com.pl\/"},{"@type":"ListItem","position":2,"name":"Sklep","item":"https:\/\/racom.com.pl\/"},{"@type":"ListItem","position":3,"name":"Woda Lecznicza Jan Oczyszczenie 3L x 3 sztuk ZESTAW"}]},{"@type":"WebSite","@id":"https:\/\/racom.com.pl\/#website","url":"https:\/\/racom.com.pl\/","name":"Mix Market - Supermarket z wszystkim co potrzeba do domu i nie tylko","description":"","publisher":{"@id":"https:\/\/racom.com.pl\/#organization"},"potentialAction":[{"@type":"SearchAction","target":{"@type":"EntryPoint","urlTemplate":"https:\/\/racom.com.pl\/?s={search_term_string}"},"query-input":{"@type":"PropertyValueSpecification","valueRequired":true,"valueName":"search_term_string"}}],"inLanguage":"pl-PL"},{"@type":"Organization","@id":"https:\/\/racom.com.pl\/#organization","name":"Mix Market - Supermarket z wszystkim co potrzeba do domu i nie tylko","url":"https:\/\/racom.com.pl\/","logo":{"@type":"ImageObject","inLanguage":"pl-PL","@id":"https:\/\/racom.com.pl\/#\/schema\/logo\/image\/","url":"https:\/\/racom.com.pl\/wp-content\/uploads\/2025\/07\/mixmarket_logo.png","contentUrl":"https:\/\/racom.com.pl\/wp-content\/uploads\/2025\/07\/mixmarket_logo.png","width":1024,"height":1024,"caption":"Mix Market - Supermarket z wszystkim co potrzeba do domu i nie tylko"},"image":{"@id":"https:\/\/racom.com.pl\/#\/schema\/logo\/image\/"}}]}},"_links":{"self":[{"href":"https:\/\/racom.com.pl\/index.php\/wp-json\/wp\/v2\/product\/3136","targetHints":{"allow":["GET"]}}],"collection":[{"href":"https:\/\/racom.com.pl\/index.php\/wp-json\/wp\/v2\/product"}],"about":[{"href":"https:\/\/racom.com.pl\/index.php\/wp-json\/wp\/v2\/types\/product"}],"replies":[{"embeddable":true,"href":"https:\/\/racom.com.pl\/index.php\/wp-json\/wp\/v2\/comments?post=3136"}],"wp:featuredmedia":[{"embeddable":true,"href":"https:\/\/racom.com.pl\/index.php\/wp-json\/wp\/v2\/media\/3139"}],"wp:attachment":[{"href":"https:\/\/racom.com.pl\/index.php\/wp-json\/wp\/v2\/media?parent=3136"}],"wp:term":[{"taxonomy":"product_brand","embeddable":true,"href":"https:\/\/racom.com.pl\/index.php\/wp-json\/wp\/v2\/product_brand?post=3136"},{"taxonomy":"product_cat","embeddable":true,"href":"https:\/\/racom.com.pl\/index.php\/wp-json\/wp\/v2\/product_cat?post=3136"},{"taxonomy":"product_tag","embeddable":true,"href":"https:\/\/racom.com.pl\/index.php\/wp-json\/wp\/v2\/product_tag?post=3136"}],"curies":[{"name":"wp","href":"https:\/\/api.w.org\/{rel}","templated":true}]}}