{"id":3140,"date":"2025-07-19T19:13:32","date_gmt":"2025-07-19T17:13:32","guid":{"rendered":"http:\/\/192.168.2.106\/index.php\/produkt\/sos-czosnkowy-z-jogurtem-fanex-duza-butelka-950g\/"},"modified":"2025-07-19T19:13:32","modified_gmt":"2025-07-19T17:13:32","slug":"sos-czosnkowy-z-jogurtem-fanex-duza-butelka-950g","status":"publish","type":"product","link":"https:\/\/racom.com.pl\/index.php\/produkt\/sos-czosnkowy-z-jogurtem-fanex-duza-butelka-950g\/","title":{"rendered":"Sos Czosnkowy z jogurtem FANEX du\u017ca butelka 950g"},"content":{"rendered":"<h2>Sos Czosnkowy z Jogurtem FANEX nr.61 950g<\/h2>\n<p>Najlepszy sos czosnkowy powinien mie\u0107 wyrazisty, ale jednocze\u015bnie dobrze zbalansowany smak \u2013 tak, by nie przy\u0107mi\u0107 g\u0142\u00f3wnego dania, ale jednocze\u015bnie zaznacza\u0107 swoj\u0105 obecno\u015b\u0107 na podniebieniu. Taki w\u0142a\u015bnie jest sos czosnkowy Fanex \u2013 intensywny w smaku, kremowy w konsystencji i&#8230; po prostu pyszny!<\/p>\n<p>Sos czosnkowy Fanex idealnie komponuje si\u0119 z pizz\u0105, burgerami czy hot-dogami. \u015awietnie pasuje do klasycznej, angielskiej ryby z frytkami, a tak\u017ce do pieczonych warzyw (w tym zw\u0142aszcza ziemniak\u00f3w). Mo\u017cna \u0142\u0105czy\u0107 go z innymi sosami i tworzy\u0107 w\u0142asne kompozycje lub podawa\u0107 solo \u2013 jak dip do chrupi\u0105cej papryki, marchewki i og\u00f3rka czy gotowych przek\u0105sek \u2013 nachos\u00f3w, chips\u00f3w, paluszk\u00f3w b\u0105d\u017a wafli ry\u017cowych. To kulinarny niezb\u0119dnik, kt\u00f3ry sprawdzi si\u0119 w ka\u017cdej kuchni!<\/p>\n<p><b>Warto\u015bci od\u017cywcze w 100g<\/b><\/p>\n<ul>\n<li>Warto\u015b\u0107 energetyczna &#8211; 1865kJ\/ 452kcal<\/li>\n<li>T\u0142uszcz &#8211; 46g<\/li>\n<li>w tym kwasy t\u0142uszczowe nasycone &#8211; 3,5g<\/li>\n<li>W\u0119glowodany &#8211; 7,1g<\/li>\n<li>w tym cukry &#8211; 5,7g<\/li>\n<li>Bia\u0142ko &#8211; 2,3g<\/li>\n<li>S\u00f3l &#8211; 1,2g<\/li>\n<\/ul>\n","protected":false},"excerpt":{"rendered":"<p>Sos Czosnkowy z Jogurtem FANEX nr.61 950g Najlepszy sos czosnkowy powinien mie\u0107 wyrazisty, ale jednocze\u015bnie dobrze zbalansowany smak \u2013 tak, by nie przy\u0107mi\u0107 g\u0142\u00f3wnego dania, ale jednocze\u015bnie zaznacza\u0107 swoj\u0105 obecno\u015b\u0107 na podniebieniu. Taki w\u0142a\u015bnie jest sos czosnkowy Fanex \u2013 intensywny w smaku, kremowy w konsystencji i&#8230; po prostu pyszny! Sos czosnkowy Fanex idealnie komponuje si\u0119 [&hellip;]<\/p>\n","protected":false},"featured_media":3144,"comment_status":"open","ping_status":"closed","template":"","meta":[],"product_brand":[110],"product_cat":[109],"product_tag":[],"class_list":{"0":"post-3140","1":"product","2":"type-product","3":"status-publish","4":"has-post-thumbnail","6":"product_brand-fanex","7":"product_cat-sosy-kanapkowe-i-dressingi","9":"first","10":"instock","11":"taxable","12":"shipping-taxable","13":"purchasable","14":"product-type-simple"},"yoast_head":"<!-- This site is optimized with the Yoast SEO plugin v27.3 - https:\/\/yoast.com\/product\/yoast-seo-wordpress\/ -->\n<title>Sos Czosnkowy z jogurtem FANEX du\u017ca butelka 950g - Mix Market - Supermarket z wszystkim co potrzeba<\/title>\n<meta name=\"robots\" content=\"index, follow, max-snippet:-1, max-image-preview:large, max-video-preview:-1\" \/>\n<link rel=\"canonical\" href=\"https:\/\/racom.com.pl\/index.php\/produkt\/sos-czosnkowy-z-jogurtem-fanex-duza-butelka-950g\/\" \/>\n<meta property=\"og:locale\" content=\"pl_PL\" \/>\n<meta property=\"og:type\" content=\"article\" \/>\n<meta property=\"og:title\" content=\"Sos Czosnkowy z jogurtem FANEX du\u017ca butelka 950g - Mix Market - Supermarket z wszystkim co potrzeba\" \/>\n<meta property=\"og:description\" content=\"Sos Czosnkowy z Jogurtem FANEX nr.61 950g Najlepszy sos czosnkowy powinien mie\u0107 wyrazisty, ale jednocze\u015bnie dobrze zbalansowany smak \u2013 tak, by nie przy\u0107mi\u0107 g\u0142\u00f3wnego dania, ale jednocze\u015bnie zaznacza\u0107 swoj\u0105 obecno\u015b\u0107 na podniebieniu. Taki w\u0142a\u015bnie jest sos czosnkowy Fanex \u2013 intensywny w smaku, kremowy w konsystencji i&#8230; po prostu pyszny! Sos czosnkowy Fanex idealnie komponuje si\u0119 [&hellip;]\" \/>\n<meta property=\"og:url\" content=\"https:\/\/racom.com.pl\/index.php\/produkt\/sos-czosnkowy-z-jogurtem-fanex-duza-butelka-950g\/\" \/>\n<meta property=\"og:site_name\" content=\"Mix Market - Supermarket z wszystkim co potrzeba\" \/>\n<meta property=\"og:image\" content=\"https:\/\/racom.com.pl\/wp-content\/uploads\/2025\/07\/allegro_687bd2b4b79ed1.42559330_7ae3d21247ce9f122999b00a9d1a.jpg\" \/>\n\t<meta property=\"og:image:width\" content=\"978\" \/>\n\t<meta property=\"og:image:height\" content=\"813\" \/>\n\t<meta property=\"og:image:type\" content=\"image\/jpeg\" \/>\n<meta name=\"twitter:card\" content=\"summary_large_image\" \/>\n<meta name=\"twitter:label1\" content=\"Szacowany czas czytania\" \/>\n\t<meta name=\"twitter:data1\" content=\"1 minuta\" \/>\n<script type=\"application\/ld+json\" class=\"yoast-schema-graph\">{\"@context\":\"https:\\\/\\\/schema.org\",\"@graph\":[{\"@type\":\"WebPage\",\"@id\":\"https:\\\/\\\/racom.com.pl\\\/index.php\\\/produkt\\\/sos-czosnkowy-z-jogurtem-fanex-duza-butelka-950g\\\/\",\"url\":\"https:\\\/\\\/racom.com.pl\\\/index.php\\\/produkt\\\/sos-czosnkowy-z-jogurtem-fanex-duza-butelka-950g\\\/\",\"name\":\"Sos Czosnkowy z jogurtem FANEX du\u017ca butelka 950g - Mix Market - Supermarket z wszystkim co potrzeba\",\"isPartOf\":{\"@id\":\"https:\\\/\\\/racom.com.pl\\\/#website\"},\"primaryImageOfPage\":{\"@id\":\"https:\\\/\\\/racom.com.pl\\\/index.php\\\/produkt\\\/sos-czosnkowy-z-jogurtem-fanex-duza-butelka-950g\\\/#primaryimage\"},\"image\":{\"@id\":\"https:\\\/\\\/racom.com.pl\\\/index.php\\\/produkt\\\/sos-czosnkowy-z-jogurtem-fanex-duza-butelka-950g\\\/#primaryimage\"},\"thumbnailUrl\":\"https:\\\/\\\/racom.com.pl\\\/wp-content\\\/uploads\\\/2025\\\/07\\\/allegro_687bd2b4b79ed1.42559330_7ae3d21247ce9f122999b00a9d1a.jpg\",\"datePublished\":\"2025-07-19T17:13:32+00:00\",\"breadcrumb\":{\"@id\":\"https:\\\/\\\/racom.com.pl\\\/index.php\\\/produkt\\\/sos-czosnkowy-z-jogurtem-fanex-duza-butelka-950g\\\/#breadcrumb\"},\"inLanguage\":\"pl-PL\",\"potentialAction\":[{\"@type\":\"ReadAction\",\"target\":[\"https:\\\/\\\/racom.com.pl\\\/index.php\\\/produkt\\\/sos-czosnkowy-z-jogurtem-fanex-duza-butelka-950g\\\/\"]}]},{\"@type\":\"ImageObject\",\"inLanguage\":\"pl-PL\",\"@id\":\"https:\\\/\\\/racom.com.pl\\\/index.php\\\/produkt\\\/sos-czosnkowy-z-jogurtem-fanex-duza-butelka-950g\\\/#primaryimage\",\"url\":\"https:\\\/\\\/racom.com.pl\\\/wp-content\\\/uploads\\\/2025\\\/07\\\/allegro_687bd2b4b79ed1.42559330_7ae3d21247ce9f122999b00a9d1a.jpg\",\"contentUrl\":\"https:\\\/\\\/racom.com.pl\\\/wp-content\\\/uploads\\\/2025\\\/07\\\/allegro_687bd2b4b79ed1.42559330_7ae3d21247ce9f122999b00a9d1a.jpg\",\"width\":978,\"height\":813},{\"@type\":\"BreadcrumbList\",\"@id\":\"https:\\\/\\\/racom.com.pl\\\/index.php\\\/produkt\\\/sos-czosnkowy-z-jogurtem-fanex-duza-butelka-950g\\\/#breadcrumb\",\"itemListElement\":[{\"@type\":\"ListItem\",\"position\":1,\"name\":\"Strona g\u0142\u00f3wna\",\"item\":\"https:\\\/\\\/racom.com.pl\\\/\"},{\"@type\":\"ListItem\",\"position\":2,\"name\":\"Sklep\",\"item\":\"https:\\\/\\\/racom.com.pl\\\/\"},{\"@type\":\"ListItem\",\"position\":3,\"name\":\"Sos Czosnkowy z jogurtem FANEX du\u017ca butelka 950g\"}]},{\"@type\":\"WebSite\",\"@id\":\"https:\\\/\\\/racom.com.pl\\\/#website\",\"url\":\"https:\\\/\\\/racom.com.pl\\\/\",\"name\":\"Mix Market - Supermarket z wszystkim co potrzeba do domu i nie tylko\",\"description\":\"\",\"publisher\":{\"@id\":\"https:\\\/\\\/racom.com.pl\\\/#organization\"},\"potentialAction\":[{\"@type\":\"SearchAction\",\"target\":{\"@type\":\"EntryPoint\",\"urlTemplate\":\"https:\\\/\\\/racom.com.pl\\\/?s={search_term_string}\"},\"query-input\":{\"@type\":\"PropertyValueSpecification\",\"valueRequired\":true,\"valueName\":\"search_term_string\"}}],\"inLanguage\":\"pl-PL\"},{\"@type\":\"Organization\",\"@id\":\"https:\\\/\\\/racom.com.pl\\\/#organization\",\"name\":\"Mix Market - Supermarket z wszystkim co potrzeba do domu i nie tylko\",\"url\":\"https:\\\/\\\/racom.com.pl\\\/\",\"logo\":{\"@type\":\"ImageObject\",\"inLanguage\":\"pl-PL\",\"@id\":\"https:\\\/\\\/racom.com.pl\\\/#\\\/schema\\\/logo\\\/image\\\/\",\"url\":\"https:\\\/\\\/racom.com.pl\\\/wp-content\\\/uploads\\\/2025\\\/07\\\/mixmarket_logo.png\",\"contentUrl\":\"https:\\\/\\\/racom.com.pl\\\/wp-content\\\/uploads\\\/2025\\\/07\\\/mixmarket_logo.png\",\"width\":1024,\"height\":1024,\"caption\":\"Mix Market - Supermarket z wszystkim co potrzeba do domu i nie tylko\"},\"image\":{\"@id\":\"https:\\\/\\\/racom.com.pl\\\/#\\\/schema\\\/logo\\\/image\\\/\"}}]}<\/script>\n<!-- \/ Yoast SEO plugin. -->","yoast_head_json":{"title":"Sos Czosnkowy z jogurtem FANEX du\u017ca butelka 950g - Mix Market - Supermarket z wszystkim co potrzeba","robots":{"index":"index","follow":"follow","max-snippet":"max-snippet:-1","max-image-preview":"max-image-preview:large","max-video-preview":"max-video-preview:-1"},"canonical":"https:\/\/racom.com.pl\/index.php\/produkt\/sos-czosnkowy-z-jogurtem-fanex-duza-butelka-950g\/","og_locale":"pl_PL","og_type":"article","og_title":"Sos Czosnkowy z jogurtem FANEX du\u017ca butelka 950g - Mix Market - Supermarket z wszystkim co potrzeba","og_description":"Sos Czosnkowy z Jogurtem FANEX nr.61 950g Najlepszy sos czosnkowy powinien mie\u0107 wyrazisty, ale jednocze\u015bnie dobrze zbalansowany smak \u2013 tak, by nie przy\u0107mi\u0107 g\u0142\u00f3wnego dania, ale jednocze\u015bnie zaznacza\u0107 swoj\u0105 obecno\u015b\u0107 na podniebieniu. Taki w\u0142a\u015bnie jest sos czosnkowy Fanex \u2013 intensywny w smaku, kremowy w konsystencji i&#8230; po prostu pyszny! Sos czosnkowy Fanex idealnie komponuje si\u0119 [&hellip;]","og_url":"https:\/\/racom.com.pl\/index.php\/produkt\/sos-czosnkowy-z-jogurtem-fanex-duza-butelka-950g\/","og_site_name":"Mix Market - Supermarket z wszystkim co potrzeba","og_image":[{"width":978,"height":813,"url":"https:\/\/racom.com.pl\/wp-content\/uploads\/2025\/07\/allegro_687bd2b4b79ed1.42559330_7ae3d21247ce9f122999b00a9d1a.jpg","type":"image\/jpeg"}],"twitter_card":"summary_large_image","twitter_misc":{"Szacowany czas czytania":"1 minuta"},"schema":{"@context":"https:\/\/schema.org","@graph":[{"@type":"WebPage","@id":"https:\/\/racom.com.pl\/index.php\/produkt\/sos-czosnkowy-z-jogurtem-fanex-duza-butelka-950g\/","url":"https:\/\/racom.com.pl\/index.php\/produkt\/sos-czosnkowy-z-jogurtem-fanex-duza-butelka-950g\/","name":"Sos Czosnkowy z jogurtem FANEX du\u017ca butelka 950g - Mix Market - Supermarket z wszystkim co potrzeba","isPartOf":{"@id":"https:\/\/racom.com.pl\/#website"},"primaryImageOfPage":{"@id":"https:\/\/racom.com.pl\/index.php\/produkt\/sos-czosnkowy-z-jogurtem-fanex-duza-butelka-950g\/#primaryimage"},"image":{"@id":"https:\/\/racom.com.pl\/index.php\/produkt\/sos-czosnkowy-z-jogurtem-fanex-duza-butelka-950g\/#primaryimage"},"thumbnailUrl":"https:\/\/racom.com.pl\/wp-content\/uploads\/2025\/07\/allegro_687bd2b4b79ed1.42559330_7ae3d21247ce9f122999b00a9d1a.jpg","datePublished":"2025-07-19T17:13:32+00:00","breadcrumb":{"@id":"https:\/\/racom.com.pl\/index.php\/produkt\/sos-czosnkowy-z-jogurtem-fanex-duza-butelka-950g\/#breadcrumb"},"inLanguage":"pl-PL","potentialAction":[{"@type":"ReadAction","target":["https:\/\/racom.com.pl\/index.php\/produkt\/sos-czosnkowy-z-jogurtem-fanex-duza-butelka-950g\/"]}]},{"@type":"ImageObject","inLanguage":"pl-PL","@id":"https:\/\/racom.com.pl\/index.php\/produkt\/sos-czosnkowy-z-jogurtem-fanex-duza-butelka-950g\/#primaryimage","url":"https:\/\/racom.com.pl\/wp-content\/uploads\/2025\/07\/allegro_687bd2b4b79ed1.42559330_7ae3d21247ce9f122999b00a9d1a.jpg","contentUrl":"https:\/\/racom.com.pl\/wp-content\/uploads\/2025\/07\/allegro_687bd2b4b79ed1.42559330_7ae3d21247ce9f122999b00a9d1a.jpg","width":978,"height":813},{"@type":"BreadcrumbList","@id":"https:\/\/racom.com.pl\/index.php\/produkt\/sos-czosnkowy-z-jogurtem-fanex-duza-butelka-950g\/#breadcrumb","itemListElement":[{"@type":"ListItem","position":1,"name":"Strona g\u0142\u00f3wna","item":"https:\/\/racom.com.pl\/"},{"@type":"ListItem","position":2,"name":"Sklep","item":"https:\/\/racom.com.pl\/"},{"@type":"ListItem","position":3,"name":"Sos Czosnkowy z jogurtem FANEX du\u017ca butelka 950g"}]},{"@type":"WebSite","@id":"https:\/\/racom.com.pl\/#website","url":"https:\/\/racom.com.pl\/","name":"Mix Market - Supermarket z wszystkim co potrzeba do domu i nie tylko","description":"","publisher":{"@id":"https:\/\/racom.com.pl\/#organization"},"potentialAction":[{"@type":"SearchAction","target":{"@type":"EntryPoint","urlTemplate":"https:\/\/racom.com.pl\/?s={search_term_string}"},"query-input":{"@type":"PropertyValueSpecification","valueRequired":true,"valueName":"search_term_string"}}],"inLanguage":"pl-PL"},{"@type":"Organization","@id":"https:\/\/racom.com.pl\/#organization","name":"Mix Market - Supermarket z wszystkim co potrzeba do domu i nie tylko","url":"https:\/\/racom.com.pl\/","logo":{"@type":"ImageObject","inLanguage":"pl-PL","@id":"https:\/\/racom.com.pl\/#\/schema\/logo\/image\/","url":"https:\/\/racom.com.pl\/wp-content\/uploads\/2025\/07\/mixmarket_logo.png","contentUrl":"https:\/\/racom.com.pl\/wp-content\/uploads\/2025\/07\/mixmarket_logo.png","width":1024,"height":1024,"caption":"Mix Market - Supermarket z wszystkim co potrzeba do domu i nie tylko"},"image":{"@id":"https:\/\/racom.com.pl\/#\/schema\/logo\/image\/"}}]}},"_links":{"self":[{"href":"https:\/\/racom.com.pl\/index.php\/wp-json\/wp\/v2\/product\/3140","targetHints":{"allow":["GET"]}}],"collection":[{"href":"https:\/\/racom.com.pl\/index.php\/wp-json\/wp\/v2\/product"}],"about":[{"href":"https:\/\/racom.com.pl\/index.php\/wp-json\/wp\/v2\/types\/product"}],"replies":[{"embeddable":true,"href":"https:\/\/racom.com.pl\/index.php\/wp-json\/wp\/v2\/comments?post=3140"}],"wp:featuredmedia":[{"embeddable":true,"href":"https:\/\/racom.com.pl\/index.php\/wp-json\/wp\/v2\/media\/3144"}],"wp:attachment":[{"href":"https:\/\/racom.com.pl\/index.php\/wp-json\/wp\/v2\/media?parent=3140"}],"wp:term":[{"taxonomy":"product_brand","embeddable":true,"href":"https:\/\/racom.com.pl\/index.php\/wp-json\/wp\/v2\/product_brand?post=3140"},{"taxonomy":"product_cat","embeddable":true,"href":"https:\/\/racom.com.pl\/index.php\/wp-json\/wp\/v2\/product_cat?post=3140"},{"taxonomy":"product_tag","embeddable":true,"href":"https:\/\/racom.com.pl\/index.php\/wp-json\/wp\/v2\/product_tag?post=3140"}],"curies":[{"name":"wp","href":"https:\/\/api.w.org\/{rel}","templated":true}]}}