{"id":3145,"date":"2025-07-19T19:15:55","date_gmt":"2025-07-19T17:15:55","guid":{"rendered":"http:\/\/192.168.2.106\/index.php\/produkt\/tymbark-czekoladowy-sos-do-deserow-lodow-gofrow-czekolada-1kg\/"},"modified":"2025-07-19T19:15:55","modified_gmt":"2025-07-19T17:15:55","slug":"tymbark-czekoladowy-sos-do-deserow-lodow-gofrow-czekolada-1kg","status":"publish","type":"product","link":"https:\/\/racom.com.pl\/index.php\/produkt\/tymbark-czekoladowy-sos-do-deserow-lodow-gofrow-czekolada-1kg\/","title":{"rendered":"Tymbark CZEKOLADOWY Sos do Deser\u00f3w Lod\u00f3w Gofr\u00f3w CZEKOLADA 1kg"},"content":{"rendered":"<h2>Tymbark sos Czekoladowy 1kg<\/h2>\n<p><b>Sos o smaku czekolady<\/b>&nbsp;\u015bwietnie pasuje do ulubionych s\u0142odko\u015bci. Jego&nbsp;<b>czekoladowy smak<\/b>&nbsp;urozmaici wiele deser\u00f3w, takich jak nale\u015bniki, gofry, lody czy domowy budy\u0144.<\/p>\n<p>Sosy deserowe Tymbark stanowi\u0105 \u015bwietny dodatek do s\u0142odkich da\u0144, lod\u00f3w i deser\u00f3w. Znakomicie podkre\u015blaj\u0105 smak lod\u00f3w, galaretek, budyni\u00f3w, ciast, nale\u015bnik\u00f3w i sa\u0142atek owocowych.<\/p>\n<ul>\n<li>Maj\u0105 intensywny smak.<\/li>\n<li>Doskonale nadaj\u0105 si\u0119 do dekoracji.<\/li>\n<li>Por\u0119czne i funkcjonalne opakowania u\u0142atwiaj\u0105 aplikacj\u0119.<\/li>\n<\/ul>\n<p><b>Masa netto:<\/b>&nbsp;1 kg<\/p>\n","protected":false},"excerpt":{"rendered":"<p>Tymbark sos Czekoladowy 1kg Sos o smaku czekolady&nbsp;\u015bwietnie pasuje do ulubionych s\u0142odko\u015bci. Jego&nbsp;czekoladowy smak&nbsp;urozmaici wiele deser\u00f3w, takich jak nale\u015bniki, gofry, lody czy domowy budy\u0144. Sosy deserowe Tymbark stanowi\u0105 \u015bwietny dodatek do s\u0142odkich da\u0144, lod\u00f3w i deser\u00f3w. Znakomicie podkre\u015blaj\u0105 smak lod\u00f3w, galaretek, budyni\u00f3w, ciast, nale\u015bnik\u00f3w i sa\u0142atek owocowych. Maj\u0105 intensywny smak. Doskonale nadaj\u0105 si\u0119 do dekoracji. [&hellip;]<\/p>\n","protected":false},"featured_media":3151,"comment_status":"open","ping_status":"closed","template":"","meta":[],"product_brand":[151],"product_cat":[109],"product_tag":[],"class_list":{"0":"post-3145","1":"product","2":"type-product","3":"status-publish","4":"has-post-thumbnail","6":"product_brand-tymbark","7":"product_cat-sosy-kanapkowe-i-dressingi","9":"first","10":"instock","11":"taxable","12":"shipping-taxable","13":"purchasable","14":"product-type-simple"},"yoast_head":"<!-- This site is optimized with the Yoast SEO plugin v27.3 - https:\/\/yoast.com\/product\/yoast-seo-wordpress\/ -->\n<title>Tymbark CZEKOLADOWY Sos do Deser\u00f3w Lod\u00f3w Gofr\u00f3w CZEKOLADA 1kg - Mix Market - Supermarket z wszystkim co potrzeba<\/title>\n<meta name=\"robots\" content=\"index, follow, max-snippet:-1, max-image-preview:large, max-video-preview:-1\" \/>\n<link rel=\"canonical\" href=\"https:\/\/racom.com.pl\/index.php\/produkt\/tymbark-czekoladowy-sos-do-deserow-lodow-gofrow-czekolada-1kg\/\" \/>\n<meta property=\"og:locale\" content=\"pl_PL\" \/>\n<meta property=\"og:type\" content=\"article\" \/>\n<meta property=\"og:title\" content=\"Tymbark CZEKOLADOWY Sos do Deser\u00f3w Lod\u00f3w Gofr\u00f3w CZEKOLADA 1kg - Mix Market - Supermarket z wszystkim co potrzeba\" \/>\n<meta property=\"og:description\" content=\"Tymbark sos Czekoladowy 1kg Sos o smaku czekolady&nbsp;\u015bwietnie pasuje do ulubionych s\u0142odko\u015bci. Jego&nbsp;czekoladowy smak&nbsp;urozmaici wiele deser\u00f3w, takich jak nale\u015bniki, gofry, lody czy domowy budy\u0144. Sosy deserowe Tymbark stanowi\u0105 \u015bwietny dodatek do s\u0142odkich da\u0144, lod\u00f3w i deser\u00f3w. Znakomicie podkre\u015blaj\u0105 smak lod\u00f3w, galaretek, budyni\u00f3w, ciast, nale\u015bnik\u00f3w i sa\u0142atek owocowych. Maj\u0105 intensywny smak. Doskonale nadaj\u0105 si\u0119 do dekoracji. [&hellip;]\" \/>\n<meta property=\"og:url\" content=\"https:\/\/racom.com.pl\/index.php\/produkt\/tymbark-czekoladowy-sos-do-deserow-lodow-gofrow-czekolada-1kg\/\" \/>\n<meta property=\"og:site_name\" content=\"Mix Market - Supermarket z wszystkim co potrzeba\" \/>\n<meta property=\"og:image\" content=\"https:\/\/racom.com.pl\/wp-content\/uploads\/2025\/07\/allegro_687bd362689f71.31072210_cec11c00456bae1c2c9337b5ffa4.jpg\" \/>\n\t<meta property=\"og:image:width\" content=\"800\" \/>\n\t<meta property=\"og:image:height\" content=\"1000\" \/>\n\t<meta property=\"og:image:type\" content=\"image\/jpeg\" \/>\n<meta name=\"twitter:card\" content=\"summary_large_image\" \/>\n<script type=\"application\/ld+json\" class=\"yoast-schema-graph\">{\"@context\":\"https:\\\/\\\/schema.org\",\"@graph\":[{\"@type\":\"WebPage\",\"@id\":\"https:\\\/\\\/racom.com.pl\\\/index.php\\\/produkt\\\/tymbark-czekoladowy-sos-do-deserow-lodow-gofrow-czekolada-1kg\\\/\",\"url\":\"https:\\\/\\\/racom.com.pl\\\/index.php\\\/produkt\\\/tymbark-czekoladowy-sos-do-deserow-lodow-gofrow-czekolada-1kg\\\/\",\"name\":\"Tymbark CZEKOLADOWY Sos do Deser\u00f3w Lod\u00f3w Gofr\u00f3w CZEKOLADA 1kg - Mix Market - Supermarket z wszystkim co potrzeba\",\"isPartOf\":{\"@id\":\"https:\\\/\\\/racom.com.pl\\\/#website\"},\"primaryImageOfPage\":{\"@id\":\"https:\\\/\\\/racom.com.pl\\\/index.php\\\/produkt\\\/tymbark-czekoladowy-sos-do-deserow-lodow-gofrow-czekolada-1kg\\\/#primaryimage\"},\"image\":{\"@id\":\"https:\\\/\\\/racom.com.pl\\\/index.php\\\/produkt\\\/tymbark-czekoladowy-sos-do-deserow-lodow-gofrow-czekolada-1kg\\\/#primaryimage\"},\"thumbnailUrl\":\"https:\\\/\\\/racom.com.pl\\\/wp-content\\\/uploads\\\/2025\\\/07\\\/allegro_687bd362689f71.31072210_cec11c00456bae1c2c9337b5ffa4.jpg\",\"datePublished\":\"2025-07-19T17:15:55+00:00\",\"breadcrumb\":{\"@id\":\"https:\\\/\\\/racom.com.pl\\\/index.php\\\/produkt\\\/tymbark-czekoladowy-sos-do-deserow-lodow-gofrow-czekolada-1kg\\\/#breadcrumb\"},\"inLanguage\":\"pl-PL\",\"potentialAction\":[{\"@type\":\"ReadAction\",\"target\":[\"https:\\\/\\\/racom.com.pl\\\/index.php\\\/produkt\\\/tymbark-czekoladowy-sos-do-deserow-lodow-gofrow-czekolada-1kg\\\/\"]}]},{\"@type\":\"ImageObject\",\"inLanguage\":\"pl-PL\",\"@id\":\"https:\\\/\\\/racom.com.pl\\\/index.php\\\/produkt\\\/tymbark-czekoladowy-sos-do-deserow-lodow-gofrow-czekolada-1kg\\\/#primaryimage\",\"url\":\"https:\\\/\\\/racom.com.pl\\\/wp-content\\\/uploads\\\/2025\\\/07\\\/allegro_687bd362689f71.31072210_cec11c00456bae1c2c9337b5ffa4.jpg\",\"contentUrl\":\"https:\\\/\\\/racom.com.pl\\\/wp-content\\\/uploads\\\/2025\\\/07\\\/allegro_687bd362689f71.31072210_cec11c00456bae1c2c9337b5ffa4.jpg\",\"width\":800,\"height\":1000},{\"@type\":\"BreadcrumbList\",\"@id\":\"https:\\\/\\\/racom.com.pl\\\/index.php\\\/produkt\\\/tymbark-czekoladowy-sos-do-deserow-lodow-gofrow-czekolada-1kg\\\/#breadcrumb\",\"itemListElement\":[{\"@type\":\"ListItem\",\"position\":1,\"name\":\"Strona g\u0142\u00f3wna\",\"item\":\"https:\\\/\\\/racom.com.pl\\\/\"},{\"@type\":\"ListItem\",\"position\":2,\"name\":\"Sklep\",\"item\":\"https:\\\/\\\/racom.com.pl\\\/\"},{\"@type\":\"ListItem\",\"position\":3,\"name\":\"Tymbark CZEKOLADOWY Sos do Deser\u00f3w Lod\u00f3w Gofr\u00f3w CZEKOLADA 1kg\"}]},{\"@type\":\"WebSite\",\"@id\":\"https:\\\/\\\/racom.com.pl\\\/#website\",\"url\":\"https:\\\/\\\/racom.com.pl\\\/\",\"name\":\"Mix Market - Supermarket z wszystkim co potrzeba do domu i nie tylko\",\"description\":\"\",\"publisher\":{\"@id\":\"https:\\\/\\\/racom.com.pl\\\/#organization\"},\"potentialAction\":[{\"@type\":\"SearchAction\",\"target\":{\"@type\":\"EntryPoint\",\"urlTemplate\":\"https:\\\/\\\/racom.com.pl\\\/?s={search_term_string}\"},\"query-input\":{\"@type\":\"PropertyValueSpecification\",\"valueRequired\":true,\"valueName\":\"search_term_string\"}}],\"inLanguage\":\"pl-PL\"},{\"@type\":\"Organization\",\"@id\":\"https:\\\/\\\/racom.com.pl\\\/#organization\",\"name\":\"Mix Market - Supermarket z wszystkim co potrzeba do domu i nie tylko\",\"url\":\"https:\\\/\\\/racom.com.pl\\\/\",\"logo\":{\"@type\":\"ImageObject\",\"inLanguage\":\"pl-PL\",\"@id\":\"https:\\\/\\\/racom.com.pl\\\/#\\\/schema\\\/logo\\\/image\\\/\",\"url\":\"https:\\\/\\\/racom.com.pl\\\/wp-content\\\/uploads\\\/2025\\\/07\\\/mixmarket_logo.png\",\"contentUrl\":\"https:\\\/\\\/racom.com.pl\\\/wp-content\\\/uploads\\\/2025\\\/07\\\/mixmarket_logo.png\",\"width\":1024,\"height\":1024,\"caption\":\"Mix Market - Supermarket z wszystkim co potrzeba do domu i nie tylko\"},\"image\":{\"@id\":\"https:\\\/\\\/racom.com.pl\\\/#\\\/schema\\\/logo\\\/image\\\/\"}}]}<\/script>\n<!-- \/ Yoast SEO plugin. -->","yoast_head_json":{"title":"Tymbark CZEKOLADOWY Sos do Deser\u00f3w Lod\u00f3w Gofr\u00f3w CZEKOLADA 1kg - Mix Market - Supermarket z wszystkim co potrzeba","robots":{"index":"index","follow":"follow","max-snippet":"max-snippet:-1","max-image-preview":"max-image-preview:large","max-video-preview":"max-video-preview:-1"},"canonical":"https:\/\/racom.com.pl\/index.php\/produkt\/tymbark-czekoladowy-sos-do-deserow-lodow-gofrow-czekolada-1kg\/","og_locale":"pl_PL","og_type":"article","og_title":"Tymbark CZEKOLADOWY Sos do Deser\u00f3w Lod\u00f3w Gofr\u00f3w CZEKOLADA 1kg - Mix Market - Supermarket z wszystkim co potrzeba","og_description":"Tymbark sos Czekoladowy 1kg Sos o smaku czekolady&nbsp;\u015bwietnie pasuje do ulubionych s\u0142odko\u015bci. Jego&nbsp;czekoladowy smak&nbsp;urozmaici wiele deser\u00f3w, takich jak nale\u015bniki, gofry, lody czy domowy budy\u0144. Sosy deserowe Tymbark stanowi\u0105 \u015bwietny dodatek do s\u0142odkich da\u0144, lod\u00f3w i deser\u00f3w. Znakomicie podkre\u015blaj\u0105 smak lod\u00f3w, galaretek, budyni\u00f3w, ciast, nale\u015bnik\u00f3w i sa\u0142atek owocowych. Maj\u0105 intensywny smak. Doskonale nadaj\u0105 si\u0119 do dekoracji. [&hellip;]","og_url":"https:\/\/racom.com.pl\/index.php\/produkt\/tymbark-czekoladowy-sos-do-deserow-lodow-gofrow-czekolada-1kg\/","og_site_name":"Mix Market - Supermarket z wszystkim co potrzeba","og_image":[{"width":800,"height":1000,"url":"https:\/\/racom.com.pl\/wp-content\/uploads\/2025\/07\/allegro_687bd362689f71.31072210_cec11c00456bae1c2c9337b5ffa4.jpg","type":"image\/jpeg"}],"twitter_card":"summary_large_image","schema":{"@context":"https:\/\/schema.org","@graph":[{"@type":"WebPage","@id":"https:\/\/racom.com.pl\/index.php\/produkt\/tymbark-czekoladowy-sos-do-deserow-lodow-gofrow-czekolada-1kg\/","url":"https:\/\/racom.com.pl\/index.php\/produkt\/tymbark-czekoladowy-sos-do-deserow-lodow-gofrow-czekolada-1kg\/","name":"Tymbark CZEKOLADOWY Sos do Deser\u00f3w Lod\u00f3w Gofr\u00f3w CZEKOLADA 1kg - Mix Market - Supermarket z wszystkim co potrzeba","isPartOf":{"@id":"https:\/\/racom.com.pl\/#website"},"primaryImageOfPage":{"@id":"https:\/\/racom.com.pl\/index.php\/produkt\/tymbark-czekoladowy-sos-do-deserow-lodow-gofrow-czekolada-1kg\/#primaryimage"},"image":{"@id":"https:\/\/racom.com.pl\/index.php\/produkt\/tymbark-czekoladowy-sos-do-deserow-lodow-gofrow-czekolada-1kg\/#primaryimage"},"thumbnailUrl":"https:\/\/racom.com.pl\/wp-content\/uploads\/2025\/07\/allegro_687bd362689f71.31072210_cec11c00456bae1c2c9337b5ffa4.jpg","datePublished":"2025-07-19T17:15:55+00:00","breadcrumb":{"@id":"https:\/\/racom.com.pl\/index.php\/produkt\/tymbark-czekoladowy-sos-do-deserow-lodow-gofrow-czekolada-1kg\/#breadcrumb"},"inLanguage":"pl-PL","potentialAction":[{"@type":"ReadAction","target":["https:\/\/racom.com.pl\/index.php\/produkt\/tymbark-czekoladowy-sos-do-deserow-lodow-gofrow-czekolada-1kg\/"]}]},{"@type":"ImageObject","inLanguage":"pl-PL","@id":"https:\/\/racom.com.pl\/index.php\/produkt\/tymbark-czekoladowy-sos-do-deserow-lodow-gofrow-czekolada-1kg\/#primaryimage","url":"https:\/\/racom.com.pl\/wp-content\/uploads\/2025\/07\/allegro_687bd362689f71.31072210_cec11c00456bae1c2c9337b5ffa4.jpg","contentUrl":"https:\/\/racom.com.pl\/wp-content\/uploads\/2025\/07\/allegro_687bd362689f71.31072210_cec11c00456bae1c2c9337b5ffa4.jpg","width":800,"height":1000},{"@type":"BreadcrumbList","@id":"https:\/\/racom.com.pl\/index.php\/produkt\/tymbark-czekoladowy-sos-do-deserow-lodow-gofrow-czekolada-1kg\/#breadcrumb","itemListElement":[{"@type":"ListItem","position":1,"name":"Strona g\u0142\u00f3wna","item":"https:\/\/racom.com.pl\/"},{"@type":"ListItem","position":2,"name":"Sklep","item":"https:\/\/racom.com.pl\/"},{"@type":"ListItem","position":3,"name":"Tymbark CZEKOLADOWY Sos do Deser\u00f3w Lod\u00f3w Gofr\u00f3w CZEKOLADA 1kg"}]},{"@type":"WebSite","@id":"https:\/\/racom.com.pl\/#website","url":"https:\/\/racom.com.pl\/","name":"Mix Market - Supermarket z wszystkim co potrzeba do domu i nie tylko","description":"","publisher":{"@id":"https:\/\/racom.com.pl\/#organization"},"potentialAction":[{"@type":"SearchAction","target":{"@type":"EntryPoint","urlTemplate":"https:\/\/racom.com.pl\/?s={search_term_string}"},"query-input":{"@type":"PropertyValueSpecification","valueRequired":true,"valueName":"search_term_string"}}],"inLanguage":"pl-PL"},{"@type":"Organization","@id":"https:\/\/racom.com.pl\/#organization","name":"Mix Market - Supermarket z wszystkim co potrzeba do domu i nie tylko","url":"https:\/\/racom.com.pl\/","logo":{"@type":"ImageObject","inLanguage":"pl-PL","@id":"https:\/\/racom.com.pl\/#\/schema\/logo\/image\/","url":"https:\/\/racom.com.pl\/wp-content\/uploads\/2025\/07\/mixmarket_logo.png","contentUrl":"https:\/\/racom.com.pl\/wp-content\/uploads\/2025\/07\/mixmarket_logo.png","width":1024,"height":1024,"caption":"Mix Market - Supermarket z wszystkim co potrzeba do domu i nie tylko"},"image":{"@id":"https:\/\/racom.com.pl\/#\/schema\/logo\/image\/"}}]}},"_links":{"self":[{"href":"https:\/\/racom.com.pl\/index.php\/wp-json\/wp\/v2\/product\/3145","targetHints":{"allow":["GET"]}}],"collection":[{"href":"https:\/\/racom.com.pl\/index.php\/wp-json\/wp\/v2\/product"}],"about":[{"href":"https:\/\/racom.com.pl\/index.php\/wp-json\/wp\/v2\/types\/product"}],"replies":[{"embeddable":true,"href":"https:\/\/racom.com.pl\/index.php\/wp-json\/wp\/v2\/comments?post=3145"}],"wp:featuredmedia":[{"embeddable":true,"href":"https:\/\/racom.com.pl\/index.php\/wp-json\/wp\/v2\/media\/3151"}],"wp:attachment":[{"href":"https:\/\/racom.com.pl\/index.php\/wp-json\/wp\/v2\/media?parent=3145"}],"wp:term":[{"taxonomy":"product_brand","embeddable":true,"href":"https:\/\/racom.com.pl\/index.php\/wp-json\/wp\/v2\/product_brand?post=3145"},{"taxonomy":"product_cat","embeddable":true,"href":"https:\/\/racom.com.pl\/index.php\/wp-json\/wp\/v2\/product_cat?post=3145"},{"taxonomy":"product_tag","embeddable":true,"href":"https:\/\/racom.com.pl\/index.php\/wp-json\/wp\/v2\/product_tag?post=3145"}],"curies":[{"name":"wp","href":"https:\/\/api.w.org\/{rel}","templated":true}]}}