{"id":3164,"date":"2025-07-19T19:23:03","date_gmt":"2025-07-19T17:23:03","guid":{"rendered":"http:\/\/192.168.2.106\/index.php\/produkt\/makaron-swiderki-fusilli-metro-chef-duze-opakowanie-5kg\/"},"modified":"2025-07-19T19:23:03","modified_gmt":"2025-07-19T17:23:03","slug":"makaron-swiderki-fusilli-metro-chef-duze-opakowanie-5kg","status":"publish","type":"product","link":"https:\/\/racom.com.pl\/index.php\/produkt\/makaron-swiderki-fusilli-metro-chef-duze-opakowanie-5kg\/","title":{"rendered":"Makaron \u015bwiderki FUSILLI METRO Chef du\u017ce opakowanie 5kg"},"content":{"rendered":"<h2>Makaron \u015awiderki FUSILLI z pszenicy DURUM \u2013 Metro Chef \u2013 5 kg<\/h2>\n<p>Wysokiej jako\u015bci <b>makaron fusilli (\u015bwiderki)<\/b> od znanej marki <b>Metro Chef<\/b> w du\u017cym, ekonomicznym opakowaniu <b>5 kg<\/b>. Wyprodukowany z <b>m\u0105ki z pszenicy durum (semoliny)<\/b>, co zapewnia idealn\u0105 spr\u0119\u017cysto\u015b\u0107 i wytrzyma\u0142o\u015b\u0107 na rozgotowanie. Rowkowana forma \u015bwiderk\u00f3w \u015bwietnie zatrzymuje sosy, sprawiaj\u0105c, \u017ce ka\u017cde danie smakuje jeszcze lepiej.<\/p>\n<p><b>\u2705 Klasyczny kszta\u0142t FUSILLI \u2013 idealny do sos\u00f3w i zapiekanek<\/b><\/p>\n<p><b>\u2705 Wysoka jako\u015b\u0107 semoliny z pszenicy durum<\/b><\/p>\n<p><b>\u2705 Du\u017ce opakowanie \u2013 idealne do gastronomii i u\u017cytku domowego<\/b><\/p>\n<p><b>Sk\u0142adniki:<\/b><\/p>\n<ul>\n<li>M\u0105ka z pszenicy durum (semolina)<\/li>\n<\/ul>\n<p><b>Alergeny:<\/b><\/p>\n<ul>\n<li><b>Zawiera<\/b>: gluten (pszenica, \u017cyto, j\u0119czmie\u0144, owies, orkisz, kamut i ich odmiany hybrydowe)<\/li>\n<li><b>Mo\u017ce zawiera\u0107<\/b>: soj\u0119 i gorczyc\u0119 oraz ich produkty pochodne<\/li>\n<\/ul>\n<p><b>Warto\u015b\u0107 od\u017cywcza w 100 g:<\/b><\/p>\n<ul>\n<li>Warto\u015b\u0107 energetyczna: 1512 kJ \/ 356,5 kcal<\/li>\n<li>T\u0142uszcz: 1,5 g\n<p>w tym kwasy t\u0142uszczowe nasycone: 0,3 g<\/p>\n<\/li>\n<li>W\u0119glowodany: 72 g\n<p>w tym cukry: 2,5 g<\/p>\n<\/li>\n<li>Bia\u0142ko: 12,5 g<\/li>\n<li>S\u00f3d: 0,004 g<\/li>\n<li>S\u00f3l: 0,01 g<\/li>\n<\/ul>\n<p><b>Produkt idealny do restauracji, bar\u00f3w, sto\u0142\u00f3wek, cateringu, ale tak\u017ce do codziennego gotowania w domu. Makaron fusilli \u015bwietnie sprawdzi si\u0119 w daniach z sosem, sa\u0142atkach makaronowych czy zapiekankach.<\/b><\/p>\n<p><b>Waga netto: 5 kg<\/b><\/p>\n<p>\ufffd\ud83c\uddf9 <b>Jako\u015b\u0107 inspirowana w\u0142osk\u0105 tradycj\u0105 \u2013 Metro Chef<\/b><\/p>\n","protected":false},"excerpt":{"rendered":"<p>Makaron \u015awiderki FUSILLI z pszenicy DURUM \u2013 Metro Chef \u2013 5 kg Wysokiej jako\u015bci makaron fusilli (\u015bwiderki) od znanej marki Metro Chef w du\u017cym, ekonomicznym opakowaniu 5 kg. Wyprodukowany z m\u0105ki z pszenicy durum (semoliny), co zapewnia idealn\u0105 spr\u0119\u017cysto\u015b\u0107 i wytrzyma\u0142o\u015b\u0107 na rozgotowanie. Rowkowana forma \u015bwiderk\u00f3w \u015bwietnie zatrzymuje sosy, sprawiaj\u0105c, \u017ce ka\u017cde danie smakuje jeszcze [&hellip;]<\/p>\n","protected":false},"featured_media":3167,"comment_status":"open","ping_status":"closed","template":"","meta":[],"product_brand":[202],"product_cat":[130],"product_tag":[],"class_list":{"0":"post-3164","1":"product","2":"type-product","3":"status-publish","4":"has-post-thumbnail","6":"product_brand-metro-chef","7":"product_cat-produkty-sypkie","9":"first","10":"instock","11":"taxable","12":"shipping-taxable","13":"purchasable","14":"product-type-simple"},"yoast_head":"<!-- This site is optimized with the Yoast SEO plugin v27.3 - https:\/\/yoast.com\/product\/yoast-seo-wordpress\/ -->\n<title>Makaron \u015bwiderki FUSILLI METRO Chef du\u017ce opakowanie 5kg - Mix Market - Supermarket z wszystkim co potrzeba<\/title>\n<meta name=\"robots\" content=\"index, follow, max-snippet:-1, max-image-preview:large, max-video-preview:-1\" \/>\n<link rel=\"canonical\" href=\"https:\/\/racom.com.pl\/index.php\/produkt\/makaron-swiderki-fusilli-metro-chef-duze-opakowanie-5kg\/\" \/>\n<meta property=\"og:locale\" content=\"pl_PL\" \/>\n<meta property=\"og:type\" content=\"article\" \/>\n<meta property=\"og:title\" content=\"Makaron \u015bwiderki FUSILLI METRO Chef du\u017ce opakowanie 5kg - Mix Market - Supermarket z wszystkim co potrzeba\" \/>\n<meta property=\"og:description\" content=\"Makaron \u015awiderki FUSILLI z pszenicy DURUM \u2013 Metro Chef \u2013 5 kg Wysokiej jako\u015bci makaron fusilli (\u015bwiderki) od znanej marki Metro Chef w du\u017cym, ekonomicznym opakowaniu 5 kg. Wyprodukowany z m\u0105ki z pszenicy durum (semoliny), co zapewnia idealn\u0105 spr\u0119\u017cysto\u015b\u0107 i wytrzyma\u0142o\u015b\u0107 na rozgotowanie. Rowkowana forma \u015bwiderk\u00f3w \u015bwietnie zatrzymuje sosy, sprawiaj\u0105c, \u017ce ka\u017cde danie smakuje jeszcze [&hellip;]\" \/>\n<meta property=\"og:url\" content=\"https:\/\/racom.com.pl\/index.php\/produkt\/makaron-swiderki-fusilli-metro-chef-duze-opakowanie-5kg\/\" \/>\n<meta property=\"og:site_name\" content=\"Mix Market - Supermarket z wszystkim co potrzeba\" \/>\n<meta property=\"og:image\" content=\"https:\/\/racom.com.pl\/wp-content\/uploads\/2025\/07\/allegro_687bd4aebe3947.94383126_a29852e0426a9c6d2c4ff0121cda.jpg\" \/>\n\t<meta property=\"og:image:width\" content=\"400\" \/>\n\t<meta property=\"og:image:height\" content=\"400\" \/>\n\t<meta property=\"og:image:type\" content=\"image\/jpeg\" \/>\n<meta name=\"twitter:card\" content=\"summary_large_image\" \/>\n<meta name=\"twitter:label1\" content=\"Szacowany czas czytania\" \/>\n\t<meta name=\"twitter:data1\" content=\"1 minuta\" \/>\n<script type=\"application\/ld+json\" class=\"yoast-schema-graph\">{\"@context\":\"https:\\\/\\\/schema.org\",\"@graph\":[{\"@type\":\"WebPage\",\"@id\":\"https:\\\/\\\/racom.com.pl\\\/index.php\\\/produkt\\\/makaron-swiderki-fusilli-metro-chef-duze-opakowanie-5kg\\\/\",\"url\":\"https:\\\/\\\/racom.com.pl\\\/index.php\\\/produkt\\\/makaron-swiderki-fusilli-metro-chef-duze-opakowanie-5kg\\\/\",\"name\":\"Makaron \u015bwiderki FUSILLI METRO Chef du\u017ce opakowanie 5kg - Mix Market - Supermarket z wszystkim co potrzeba\",\"isPartOf\":{\"@id\":\"https:\\\/\\\/racom.com.pl\\\/#website\"},\"primaryImageOfPage\":{\"@id\":\"https:\\\/\\\/racom.com.pl\\\/index.php\\\/produkt\\\/makaron-swiderki-fusilli-metro-chef-duze-opakowanie-5kg\\\/#primaryimage\"},\"image\":{\"@id\":\"https:\\\/\\\/racom.com.pl\\\/index.php\\\/produkt\\\/makaron-swiderki-fusilli-metro-chef-duze-opakowanie-5kg\\\/#primaryimage\"},\"thumbnailUrl\":\"https:\\\/\\\/racom.com.pl\\\/wp-content\\\/uploads\\\/2025\\\/07\\\/allegro_687bd4aebe3947.94383126_a29852e0426a9c6d2c4ff0121cda.jpg\",\"datePublished\":\"2025-07-19T17:23:03+00:00\",\"breadcrumb\":{\"@id\":\"https:\\\/\\\/racom.com.pl\\\/index.php\\\/produkt\\\/makaron-swiderki-fusilli-metro-chef-duze-opakowanie-5kg\\\/#breadcrumb\"},\"inLanguage\":\"pl-PL\",\"potentialAction\":[{\"@type\":\"ReadAction\",\"target\":[\"https:\\\/\\\/racom.com.pl\\\/index.php\\\/produkt\\\/makaron-swiderki-fusilli-metro-chef-duze-opakowanie-5kg\\\/\"]}]},{\"@type\":\"ImageObject\",\"inLanguage\":\"pl-PL\",\"@id\":\"https:\\\/\\\/racom.com.pl\\\/index.php\\\/produkt\\\/makaron-swiderki-fusilli-metro-chef-duze-opakowanie-5kg\\\/#primaryimage\",\"url\":\"https:\\\/\\\/racom.com.pl\\\/wp-content\\\/uploads\\\/2025\\\/07\\\/allegro_687bd4aebe3947.94383126_a29852e0426a9c6d2c4ff0121cda.jpg\",\"contentUrl\":\"https:\\\/\\\/racom.com.pl\\\/wp-content\\\/uploads\\\/2025\\\/07\\\/allegro_687bd4aebe3947.94383126_a29852e0426a9c6d2c4ff0121cda.jpg\",\"width\":400,\"height\":400},{\"@type\":\"BreadcrumbList\",\"@id\":\"https:\\\/\\\/racom.com.pl\\\/index.php\\\/produkt\\\/makaron-swiderki-fusilli-metro-chef-duze-opakowanie-5kg\\\/#breadcrumb\",\"itemListElement\":[{\"@type\":\"ListItem\",\"position\":1,\"name\":\"Strona g\u0142\u00f3wna\",\"item\":\"https:\\\/\\\/racom.com.pl\\\/\"},{\"@type\":\"ListItem\",\"position\":2,\"name\":\"Sklep\",\"item\":\"https:\\\/\\\/racom.com.pl\\\/\"},{\"@type\":\"ListItem\",\"position\":3,\"name\":\"Makaron \u015bwiderki FUSILLI METRO Chef du\u017ce opakowanie 5kg\"}]},{\"@type\":\"WebSite\",\"@id\":\"https:\\\/\\\/racom.com.pl\\\/#website\",\"url\":\"https:\\\/\\\/racom.com.pl\\\/\",\"name\":\"Mix Market - Supermarket z wszystkim co potrzeba do domu i nie tylko\",\"description\":\"\",\"publisher\":{\"@id\":\"https:\\\/\\\/racom.com.pl\\\/#organization\"},\"potentialAction\":[{\"@type\":\"SearchAction\",\"target\":{\"@type\":\"EntryPoint\",\"urlTemplate\":\"https:\\\/\\\/racom.com.pl\\\/?s={search_term_string}\"},\"query-input\":{\"@type\":\"PropertyValueSpecification\",\"valueRequired\":true,\"valueName\":\"search_term_string\"}}],\"inLanguage\":\"pl-PL\"},{\"@type\":\"Organization\",\"@id\":\"https:\\\/\\\/racom.com.pl\\\/#organization\",\"name\":\"Mix Market - Supermarket z wszystkim co potrzeba do domu i nie tylko\",\"url\":\"https:\\\/\\\/racom.com.pl\\\/\",\"logo\":{\"@type\":\"ImageObject\",\"inLanguage\":\"pl-PL\",\"@id\":\"https:\\\/\\\/racom.com.pl\\\/#\\\/schema\\\/logo\\\/image\\\/\",\"url\":\"https:\\\/\\\/racom.com.pl\\\/wp-content\\\/uploads\\\/2025\\\/07\\\/mixmarket_logo.png\",\"contentUrl\":\"https:\\\/\\\/racom.com.pl\\\/wp-content\\\/uploads\\\/2025\\\/07\\\/mixmarket_logo.png\",\"width\":1024,\"height\":1024,\"caption\":\"Mix Market - Supermarket z wszystkim co potrzeba do domu i nie tylko\"},\"image\":{\"@id\":\"https:\\\/\\\/racom.com.pl\\\/#\\\/schema\\\/logo\\\/image\\\/\"}}]}<\/script>\n<!-- \/ Yoast SEO plugin. -->","yoast_head_json":{"title":"Makaron \u015bwiderki FUSILLI METRO Chef du\u017ce opakowanie 5kg - Mix Market - Supermarket z wszystkim co potrzeba","robots":{"index":"index","follow":"follow","max-snippet":"max-snippet:-1","max-image-preview":"max-image-preview:large","max-video-preview":"max-video-preview:-1"},"canonical":"https:\/\/racom.com.pl\/index.php\/produkt\/makaron-swiderki-fusilli-metro-chef-duze-opakowanie-5kg\/","og_locale":"pl_PL","og_type":"article","og_title":"Makaron \u015bwiderki FUSILLI METRO Chef du\u017ce opakowanie 5kg - Mix Market - Supermarket z wszystkim co potrzeba","og_description":"Makaron \u015awiderki FUSILLI z pszenicy DURUM \u2013 Metro Chef \u2013 5 kg Wysokiej jako\u015bci makaron fusilli (\u015bwiderki) od znanej marki Metro Chef w du\u017cym, ekonomicznym opakowaniu 5 kg. Wyprodukowany z m\u0105ki z pszenicy durum (semoliny), co zapewnia idealn\u0105 spr\u0119\u017cysto\u015b\u0107 i wytrzyma\u0142o\u015b\u0107 na rozgotowanie. Rowkowana forma \u015bwiderk\u00f3w \u015bwietnie zatrzymuje sosy, sprawiaj\u0105c, \u017ce ka\u017cde danie smakuje jeszcze [&hellip;]","og_url":"https:\/\/racom.com.pl\/index.php\/produkt\/makaron-swiderki-fusilli-metro-chef-duze-opakowanie-5kg\/","og_site_name":"Mix Market - Supermarket z wszystkim co potrzeba","og_image":[{"width":400,"height":400,"url":"https:\/\/racom.com.pl\/wp-content\/uploads\/2025\/07\/allegro_687bd4aebe3947.94383126_a29852e0426a9c6d2c4ff0121cda.jpg","type":"image\/jpeg"}],"twitter_card":"summary_large_image","twitter_misc":{"Szacowany czas czytania":"1 minuta"},"schema":{"@context":"https:\/\/schema.org","@graph":[{"@type":"WebPage","@id":"https:\/\/racom.com.pl\/index.php\/produkt\/makaron-swiderki-fusilli-metro-chef-duze-opakowanie-5kg\/","url":"https:\/\/racom.com.pl\/index.php\/produkt\/makaron-swiderki-fusilli-metro-chef-duze-opakowanie-5kg\/","name":"Makaron \u015bwiderki FUSILLI METRO Chef du\u017ce opakowanie 5kg - Mix Market - Supermarket z wszystkim co potrzeba","isPartOf":{"@id":"https:\/\/racom.com.pl\/#website"},"primaryImageOfPage":{"@id":"https:\/\/racom.com.pl\/index.php\/produkt\/makaron-swiderki-fusilli-metro-chef-duze-opakowanie-5kg\/#primaryimage"},"image":{"@id":"https:\/\/racom.com.pl\/index.php\/produkt\/makaron-swiderki-fusilli-metro-chef-duze-opakowanie-5kg\/#primaryimage"},"thumbnailUrl":"https:\/\/racom.com.pl\/wp-content\/uploads\/2025\/07\/allegro_687bd4aebe3947.94383126_a29852e0426a9c6d2c4ff0121cda.jpg","datePublished":"2025-07-19T17:23:03+00:00","breadcrumb":{"@id":"https:\/\/racom.com.pl\/index.php\/produkt\/makaron-swiderki-fusilli-metro-chef-duze-opakowanie-5kg\/#breadcrumb"},"inLanguage":"pl-PL","potentialAction":[{"@type":"ReadAction","target":["https:\/\/racom.com.pl\/index.php\/produkt\/makaron-swiderki-fusilli-metro-chef-duze-opakowanie-5kg\/"]}]},{"@type":"ImageObject","inLanguage":"pl-PL","@id":"https:\/\/racom.com.pl\/index.php\/produkt\/makaron-swiderki-fusilli-metro-chef-duze-opakowanie-5kg\/#primaryimage","url":"https:\/\/racom.com.pl\/wp-content\/uploads\/2025\/07\/allegro_687bd4aebe3947.94383126_a29852e0426a9c6d2c4ff0121cda.jpg","contentUrl":"https:\/\/racom.com.pl\/wp-content\/uploads\/2025\/07\/allegro_687bd4aebe3947.94383126_a29852e0426a9c6d2c4ff0121cda.jpg","width":400,"height":400},{"@type":"BreadcrumbList","@id":"https:\/\/racom.com.pl\/index.php\/produkt\/makaron-swiderki-fusilli-metro-chef-duze-opakowanie-5kg\/#breadcrumb","itemListElement":[{"@type":"ListItem","position":1,"name":"Strona g\u0142\u00f3wna","item":"https:\/\/racom.com.pl\/"},{"@type":"ListItem","position":2,"name":"Sklep","item":"https:\/\/racom.com.pl\/"},{"@type":"ListItem","position":3,"name":"Makaron \u015bwiderki FUSILLI METRO Chef du\u017ce opakowanie 5kg"}]},{"@type":"WebSite","@id":"https:\/\/racom.com.pl\/#website","url":"https:\/\/racom.com.pl\/","name":"Mix Market - Supermarket z wszystkim co potrzeba do domu i nie tylko","description":"","publisher":{"@id":"https:\/\/racom.com.pl\/#organization"},"potentialAction":[{"@type":"SearchAction","target":{"@type":"EntryPoint","urlTemplate":"https:\/\/racom.com.pl\/?s={search_term_string}"},"query-input":{"@type":"PropertyValueSpecification","valueRequired":true,"valueName":"search_term_string"}}],"inLanguage":"pl-PL"},{"@type":"Organization","@id":"https:\/\/racom.com.pl\/#organization","name":"Mix Market - Supermarket z wszystkim co potrzeba do domu i nie tylko","url":"https:\/\/racom.com.pl\/","logo":{"@type":"ImageObject","inLanguage":"pl-PL","@id":"https:\/\/racom.com.pl\/#\/schema\/logo\/image\/","url":"https:\/\/racom.com.pl\/wp-content\/uploads\/2025\/07\/mixmarket_logo.png","contentUrl":"https:\/\/racom.com.pl\/wp-content\/uploads\/2025\/07\/mixmarket_logo.png","width":1024,"height":1024,"caption":"Mix Market - Supermarket z wszystkim co potrzeba do domu i nie tylko"},"image":{"@id":"https:\/\/racom.com.pl\/#\/schema\/logo\/image\/"}}]}},"_links":{"self":[{"href":"https:\/\/racom.com.pl\/index.php\/wp-json\/wp\/v2\/product\/3164","targetHints":{"allow":["GET"]}}],"collection":[{"href":"https:\/\/racom.com.pl\/index.php\/wp-json\/wp\/v2\/product"}],"about":[{"href":"https:\/\/racom.com.pl\/index.php\/wp-json\/wp\/v2\/types\/product"}],"replies":[{"embeddable":true,"href":"https:\/\/racom.com.pl\/index.php\/wp-json\/wp\/v2\/comments?post=3164"}],"wp:featuredmedia":[{"embeddable":true,"href":"https:\/\/racom.com.pl\/index.php\/wp-json\/wp\/v2\/media\/3167"}],"wp:attachment":[{"href":"https:\/\/racom.com.pl\/index.php\/wp-json\/wp\/v2\/media?parent=3164"}],"wp:term":[{"taxonomy":"product_brand","embeddable":true,"href":"https:\/\/racom.com.pl\/index.php\/wp-json\/wp\/v2\/product_brand?post=3164"},{"taxonomy":"product_cat","embeddable":true,"href":"https:\/\/racom.com.pl\/index.php\/wp-json\/wp\/v2\/product_cat?post=3164"},{"taxonomy":"product_tag","embeddable":true,"href":"https:\/\/racom.com.pl\/index.php\/wp-json\/wp\/v2\/product_tag?post=3164"}],"curies":[{"name":"wp","href":"https:\/\/api.w.org\/{rel}","templated":true}]}}