{"id":3175,"date":"2025-07-19T19:59:01","date_gmt":"2025-07-19T17:59:01","guid":{"rendered":"http:\/\/192.168.2.106\/index.php\/produkt\/woda-cisowianka-mineralna-naturalna-niegazowana-zgrzewka-12-sztuk-500-ml\/"},"modified":"2025-07-19T19:59:01","modified_gmt":"2025-07-19T17:59:01","slug":"woda-cisowianka-mineralna-naturalna-niegazowana-zgrzewka-12-sztuk-500-ml","status":"publish","type":"product","link":"https:\/\/racom.com.pl\/index.php\/produkt\/woda-cisowianka-mineralna-naturalna-niegazowana-zgrzewka-12-sztuk-500-ml\/","title":{"rendered":"Woda Cisowianka mineralna naturalna niegazowana ZGRZEWKA 12 sztuk 500 ml"},"content":{"rendered":"<h2>Woda mineralna CISOWIANKA niegazowana 0,5 L ZGRZEWKA 12 sztuk<\/h2>\n<p><b>Cechy produktu:<\/b><\/p>\n<ul>\n<li>Woda mineralna niegazowana&nbsp;<b>\u2705<\/b><\/li>\n<li><b>Niskosodowa&nbsp;<\/b><b>\u2705<\/b><\/li>\n<li><b>Pojemno\u015b\u0107: 500 ml&nbsp;\u2705<\/b><\/li>\n<li>Producent: Cisowianka&nbsp;\u2705<\/li>\n<\/ul>\n<p><b>Cisowianka to naturalna woda mineralna,&nbsp;<\/b>pochodz\u0105ca z na\u0142\u0119czowskich pok\u0142ad\u00f3w wodono\u015bnych,<b> znajduj\u0105cych si\u0119 na g\u0142\u0119boko\u015bci 100 metr\u00f3w,<\/b> nierozerwalnie zwi\u0105zanych z <b>mikroklimatem uzdrowiskowym.<\/b><\/p>\n<p><b>Wiek naturalnej wody mineralnej Cisowianka,<\/b> czyli czas przenikania kropli do pok\u0142ad\u00f3w, z kt\u00f3rych jest czerpana, wynosi <b>oko\u0142o 400 lat<\/b>, co stanowi ewenement na skal\u0119 \u015bwiatow\u0105. Cisowianka jest wod\u0105 <b>naturalnie niskosodow\u0105,<\/b> <b>odpowiedni\u0105 dla diety ubogiej w s\u00f3d.<\/b><\/p>\n<p><b>Og\u00f3lna mineralizacja&nbsp;742 mg\/l&nbsp;<\/b>(Jony w mg\/l):<\/p>\n<ul>\n<li>Wapniowy Ca 2+: 130,3<\/li>\n<li>Magnezowy Mg 2+: 21,9<\/li>\n<li>Sodowy Na +: 11,0<\/li>\n<li>Wodorow\u0119glanowy HCO3-: 539,1<\/li>\n<\/ul>\n<p><b>Sk\u0142adnik niezdysocjowany w mg\/l:<\/b><\/p>\n<ul>\n<li>Krzemionka SiO2: 22,1<\/li>\n<\/ul>\n<p>\u2b50&nbsp;<b>Cisowianka to zdrowie, spok\u00f3j i urok Na\u0142\u0119czowa, zamkni\u0119ty w ka\u017cdej kropli wody&nbsp;<\/b>\u2b50<\/p>\n<p>Historia wody mineralnej Cisowianka zacz\u0119\u0142a si\u0119 w 1979 roku, kiedy to po raz pierwszy zosta\u0142a ona<b> wydobyta ze z\u0142\u00f3\u017c wodono\u015bnych<\/b>. Jej nazwa pochodzi od wymy\u015blonego przez Stefana \u017beromskiego i opisanego w \u201eLudziach Bezdomnych\u201d uzdrowiska \u201eCisy\u201d.<\/p>\n","protected":false},"excerpt":{"rendered":"<p>Woda mineralna CISOWIANKA niegazowana 0,5 L ZGRZEWKA 12 sztuk Cechy produktu: Woda mineralna niegazowana&nbsp;\u2705 Niskosodowa&nbsp;\u2705 Pojemno\u015b\u0107: 500 ml&nbsp;\u2705 Producent: Cisowianka&nbsp;\u2705 Cisowianka to naturalna woda mineralna,&nbsp;pochodz\u0105ca z na\u0142\u0119czowskich pok\u0142ad\u00f3w wodono\u015bnych, znajduj\u0105cych si\u0119 na g\u0142\u0119boko\u015bci 100 metr\u00f3w, nierozerwalnie zwi\u0105zanych z mikroklimatem uzdrowiskowym. Wiek naturalnej wody mineralnej Cisowianka, czyli czas przenikania kropli do pok\u0142ad\u00f3w, z kt\u00f3rych jest czerpana, [&hellip;]<\/p>\n","protected":false},"featured_media":3179,"comment_status":"open","ping_status":"closed","template":"","meta":[],"product_brand":[159],"product_cat":[116],"product_tag":[],"class_list":{"0":"post-3175","1":"product","2":"type-product","3":"status-publish","4":"has-post-thumbnail","6":"product_brand-cisowianka","7":"product_cat-napoje-i-akcesoria","9":"first","10":"instock","11":"taxable","12":"shipping-taxable","13":"purchasable","14":"product-type-simple"},"yoast_head":"<!-- This site is optimized with the Yoast SEO plugin v27.3 - https:\/\/yoast.com\/product\/yoast-seo-wordpress\/ -->\n<title>Woda Cisowianka mineralna naturalna niegazowana ZGRZEWKA 12 sztuk 500 ml - Mix Market - Supermarket z wszystkim co potrzeba<\/title>\n<meta name=\"robots\" content=\"index, follow, max-snippet:-1, max-image-preview:large, max-video-preview:-1\" \/>\n<link rel=\"canonical\" href=\"https:\/\/racom.com.pl\/index.php\/produkt\/woda-cisowianka-mineralna-naturalna-niegazowana-zgrzewka-12-sztuk-500-ml\/\" \/>\n<meta property=\"og:locale\" content=\"pl_PL\" \/>\n<meta property=\"og:type\" content=\"article\" \/>\n<meta property=\"og:title\" content=\"Woda Cisowianka mineralna naturalna niegazowana ZGRZEWKA 12 sztuk 500 ml - Mix Market - Supermarket z wszystkim co potrzeba\" \/>\n<meta property=\"og:description\" content=\"Woda mineralna CISOWIANKA niegazowana 0,5 L ZGRZEWKA 12 sztuk Cechy produktu: Woda mineralna niegazowana&nbsp;\u2705 Niskosodowa&nbsp;\u2705 Pojemno\u015b\u0107: 500 ml&nbsp;\u2705 Producent: Cisowianka&nbsp;\u2705 Cisowianka to naturalna woda mineralna,&nbsp;pochodz\u0105ca z na\u0142\u0119czowskich pok\u0142ad\u00f3w wodono\u015bnych, znajduj\u0105cych si\u0119 na g\u0142\u0119boko\u015bci 100 metr\u00f3w, nierozerwalnie zwi\u0105zanych z mikroklimatem uzdrowiskowym. Wiek naturalnej wody mineralnej Cisowianka, czyli czas przenikania kropli do pok\u0142ad\u00f3w, z kt\u00f3rych jest czerpana, [&hellip;]\" \/>\n<meta property=\"og:url\" content=\"https:\/\/racom.com.pl\/index.php\/produkt\/woda-cisowianka-mineralna-naturalna-niegazowana-zgrzewka-12-sztuk-500-ml\/\" \/>\n<meta property=\"og:site_name\" content=\"Mix Market - Supermarket z wszystkim co potrzeba\" \/>\n<meta property=\"og:image\" content=\"https:\/\/racom.com.pl\/wp-content\/uploads\/2025\/07\/allegro_687bdd489619e0.05625399_ae097bbe428fb497162d5e06bbb7.jpg\" \/>\n\t<meta property=\"og:image:width\" content=\"788\" \/>\n\t<meta property=\"og:image:height\" content=\"2362\" \/>\n\t<meta property=\"og:image:type\" content=\"image\/jpeg\" \/>\n<meta name=\"twitter:card\" content=\"summary_large_image\" \/>\n<meta name=\"twitter:label1\" content=\"Szacowany czas czytania\" \/>\n\t<meta name=\"twitter:data1\" content=\"1 minuta\" \/>\n<script type=\"application\/ld+json\" class=\"yoast-schema-graph\">{\"@context\":\"https:\\\/\\\/schema.org\",\"@graph\":[{\"@type\":\"WebPage\",\"@id\":\"https:\\\/\\\/racom.com.pl\\\/index.php\\\/produkt\\\/woda-cisowianka-mineralna-naturalna-niegazowana-zgrzewka-12-sztuk-500-ml\\\/\",\"url\":\"https:\\\/\\\/racom.com.pl\\\/index.php\\\/produkt\\\/woda-cisowianka-mineralna-naturalna-niegazowana-zgrzewka-12-sztuk-500-ml\\\/\",\"name\":\"Woda Cisowianka mineralna naturalna niegazowana ZGRZEWKA 12 sztuk 500 ml - Mix Market - Supermarket z wszystkim co potrzeba\",\"isPartOf\":{\"@id\":\"https:\\\/\\\/racom.com.pl\\\/#website\"},\"primaryImageOfPage\":{\"@id\":\"https:\\\/\\\/racom.com.pl\\\/index.php\\\/produkt\\\/woda-cisowianka-mineralna-naturalna-niegazowana-zgrzewka-12-sztuk-500-ml\\\/#primaryimage\"},\"image\":{\"@id\":\"https:\\\/\\\/racom.com.pl\\\/index.php\\\/produkt\\\/woda-cisowianka-mineralna-naturalna-niegazowana-zgrzewka-12-sztuk-500-ml\\\/#primaryimage\"},\"thumbnailUrl\":\"https:\\\/\\\/racom.com.pl\\\/wp-content\\\/uploads\\\/2025\\\/07\\\/allegro_687bdd489619e0.05625399_ae097bbe428fb497162d5e06bbb7.jpg\",\"datePublished\":\"2025-07-19T17:59:01+00:00\",\"breadcrumb\":{\"@id\":\"https:\\\/\\\/racom.com.pl\\\/index.php\\\/produkt\\\/woda-cisowianka-mineralna-naturalna-niegazowana-zgrzewka-12-sztuk-500-ml\\\/#breadcrumb\"},\"inLanguage\":\"pl-PL\",\"potentialAction\":[{\"@type\":\"ReadAction\",\"target\":[\"https:\\\/\\\/racom.com.pl\\\/index.php\\\/produkt\\\/woda-cisowianka-mineralna-naturalna-niegazowana-zgrzewka-12-sztuk-500-ml\\\/\"]}]},{\"@type\":\"ImageObject\",\"inLanguage\":\"pl-PL\",\"@id\":\"https:\\\/\\\/racom.com.pl\\\/index.php\\\/produkt\\\/woda-cisowianka-mineralna-naturalna-niegazowana-zgrzewka-12-sztuk-500-ml\\\/#primaryimage\",\"url\":\"https:\\\/\\\/racom.com.pl\\\/wp-content\\\/uploads\\\/2025\\\/07\\\/allegro_687bdd489619e0.05625399_ae097bbe428fb497162d5e06bbb7.jpg\",\"contentUrl\":\"https:\\\/\\\/racom.com.pl\\\/wp-content\\\/uploads\\\/2025\\\/07\\\/allegro_687bdd489619e0.05625399_ae097bbe428fb497162d5e06bbb7.jpg\",\"width\":788,\"height\":2362},{\"@type\":\"BreadcrumbList\",\"@id\":\"https:\\\/\\\/racom.com.pl\\\/index.php\\\/produkt\\\/woda-cisowianka-mineralna-naturalna-niegazowana-zgrzewka-12-sztuk-500-ml\\\/#breadcrumb\",\"itemListElement\":[{\"@type\":\"ListItem\",\"position\":1,\"name\":\"Strona g\u0142\u00f3wna\",\"item\":\"https:\\\/\\\/racom.com.pl\\\/\"},{\"@type\":\"ListItem\",\"position\":2,\"name\":\"Sklep\",\"item\":\"https:\\\/\\\/racom.com.pl\\\/\"},{\"@type\":\"ListItem\",\"position\":3,\"name\":\"Woda Cisowianka mineralna naturalna niegazowana ZGRZEWKA 12 sztuk 500 ml\"}]},{\"@type\":\"WebSite\",\"@id\":\"https:\\\/\\\/racom.com.pl\\\/#website\",\"url\":\"https:\\\/\\\/racom.com.pl\\\/\",\"name\":\"Mix Market - Supermarket z wszystkim co potrzeba do domu i nie tylko\",\"description\":\"\",\"publisher\":{\"@id\":\"https:\\\/\\\/racom.com.pl\\\/#organization\"},\"potentialAction\":[{\"@type\":\"SearchAction\",\"target\":{\"@type\":\"EntryPoint\",\"urlTemplate\":\"https:\\\/\\\/racom.com.pl\\\/?s={search_term_string}\"},\"query-input\":{\"@type\":\"PropertyValueSpecification\",\"valueRequired\":true,\"valueName\":\"search_term_string\"}}],\"inLanguage\":\"pl-PL\"},{\"@type\":\"Organization\",\"@id\":\"https:\\\/\\\/racom.com.pl\\\/#organization\",\"name\":\"Mix Market - Supermarket z wszystkim co potrzeba do domu i nie tylko\",\"url\":\"https:\\\/\\\/racom.com.pl\\\/\",\"logo\":{\"@type\":\"ImageObject\",\"inLanguage\":\"pl-PL\",\"@id\":\"https:\\\/\\\/racom.com.pl\\\/#\\\/schema\\\/logo\\\/image\\\/\",\"url\":\"https:\\\/\\\/racom.com.pl\\\/wp-content\\\/uploads\\\/2025\\\/07\\\/mixmarket_logo.png\",\"contentUrl\":\"https:\\\/\\\/racom.com.pl\\\/wp-content\\\/uploads\\\/2025\\\/07\\\/mixmarket_logo.png\",\"width\":1024,\"height\":1024,\"caption\":\"Mix Market - Supermarket z wszystkim co potrzeba do domu i nie tylko\"},\"image\":{\"@id\":\"https:\\\/\\\/racom.com.pl\\\/#\\\/schema\\\/logo\\\/image\\\/\"}}]}<\/script>\n<!-- \/ Yoast SEO plugin. -->","yoast_head_json":{"title":"Woda Cisowianka mineralna naturalna niegazowana ZGRZEWKA 12 sztuk 500 ml - Mix Market - Supermarket z wszystkim co potrzeba","robots":{"index":"index","follow":"follow","max-snippet":"max-snippet:-1","max-image-preview":"max-image-preview:large","max-video-preview":"max-video-preview:-1"},"canonical":"https:\/\/racom.com.pl\/index.php\/produkt\/woda-cisowianka-mineralna-naturalna-niegazowana-zgrzewka-12-sztuk-500-ml\/","og_locale":"pl_PL","og_type":"article","og_title":"Woda Cisowianka mineralna naturalna niegazowana ZGRZEWKA 12 sztuk 500 ml - Mix Market - Supermarket z wszystkim co potrzeba","og_description":"Woda mineralna CISOWIANKA niegazowana 0,5 L ZGRZEWKA 12 sztuk Cechy produktu: Woda mineralna niegazowana&nbsp;\u2705 Niskosodowa&nbsp;\u2705 Pojemno\u015b\u0107: 500 ml&nbsp;\u2705 Producent: Cisowianka&nbsp;\u2705 Cisowianka to naturalna woda mineralna,&nbsp;pochodz\u0105ca z na\u0142\u0119czowskich pok\u0142ad\u00f3w wodono\u015bnych, znajduj\u0105cych si\u0119 na g\u0142\u0119boko\u015bci 100 metr\u00f3w, nierozerwalnie zwi\u0105zanych z mikroklimatem uzdrowiskowym. Wiek naturalnej wody mineralnej Cisowianka, czyli czas przenikania kropli do pok\u0142ad\u00f3w, z kt\u00f3rych jest czerpana, [&hellip;]","og_url":"https:\/\/racom.com.pl\/index.php\/produkt\/woda-cisowianka-mineralna-naturalna-niegazowana-zgrzewka-12-sztuk-500-ml\/","og_site_name":"Mix Market - Supermarket z wszystkim co potrzeba","og_image":[{"width":788,"height":2362,"url":"https:\/\/racom.com.pl\/wp-content\/uploads\/2025\/07\/allegro_687bdd489619e0.05625399_ae097bbe428fb497162d5e06bbb7.jpg","type":"image\/jpeg"}],"twitter_card":"summary_large_image","twitter_misc":{"Szacowany czas czytania":"1 minuta"},"schema":{"@context":"https:\/\/schema.org","@graph":[{"@type":"WebPage","@id":"https:\/\/racom.com.pl\/index.php\/produkt\/woda-cisowianka-mineralna-naturalna-niegazowana-zgrzewka-12-sztuk-500-ml\/","url":"https:\/\/racom.com.pl\/index.php\/produkt\/woda-cisowianka-mineralna-naturalna-niegazowana-zgrzewka-12-sztuk-500-ml\/","name":"Woda Cisowianka mineralna naturalna niegazowana ZGRZEWKA 12 sztuk 500 ml - Mix Market - Supermarket z wszystkim co potrzeba","isPartOf":{"@id":"https:\/\/racom.com.pl\/#website"},"primaryImageOfPage":{"@id":"https:\/\/racom.com.pl\/index.php\/produkt\/woda-cisowianka-mineralna-naturalna-niegazowana-zgrzewka-12-sztuk-500-ml\/#primaryimage"},"image":{"@id":"https:\/\/racom.com.pl\/index.php\/produkt\/woda-cisowianka-mineralna-naturalna-niegazowana-zgrzewka-12-sztuk-500-ml\/#primaryimage"},"thumbnailUrl":"https:\/\/racom.com.pl\/wp-content\/uploads\/2025\/07\/allegro_687bdd489619e0.05625399_ae097bbe428fb497162d5e06bbb7.jpg","datePublished":"2025-07-19T17:59:01+00:00","breadcrumb":{"@id":"https:\/\/racom.com.pl\/index.php\/produkt\/woda-cisowianka-mineralna-naturalna-niegazowana-zgrzewka-12-sztuk-500-ml\/#breadcrumb"},"inLanguage":"pl-PL","potentialAction":[{"@type":"ReadAction","target":["https:\/\/racom.com.pl\/index.php\/produkt\/woda-cisowianka-mineralna-naturalna-niegazowana-zgrzewka-12-sztuk-500-ml\/"]}]},{"@type":"ImageObject","inLanguage":"pl-PL","@id":"https:\/\/racom.com.pl\/index.php\/produkt\/woda-cisowianka-mineralna-naturalna-niegazowana-zgrzewka-12-sztuk-500-ml\/#primaryimage","url":"https:\/\/racom.com.pl\/wp-content\/uploads\/2025\/07\/allegro_687bdd489619e0.05625399_ae097bbe428fb497162d5e06bbb7.jpg","contentUrl":"https:\/\/racom.com.pl\/wp-content\/uploads\/2025\/07\/allegro_687bdd489619e0.05625399_ae097bbe428fb497162d5e06bbb7.jpg","width":788,"height":2362},{"@type":"BreadcrumbList","@id":"https:\/\/racom.com.pl\/index.php\/produkt\/woda-cisowianka-mineralna-naturalna-niegazowana-zgrzewka-12-sztuk-500-ml\/#breadcrumb","itemListElement":[{"@type":"ListItem","position":1,"name":"Strona g\u0142\u00f3wna","item":"https:\/\/racom.com.pl\/"},{"@type":"ListItem","position":2,"name":"Sklep","item":"https:\/\/racom.com.pl\/"},{"@type":"ListItem","position":3,"name":"Woda Cisowianka mineralna naturalna niegazowana ZGRZEWKA 12 sztuk 500 ml"}]},{"@type":"WebSite","@id":"https:\/\/racom.com.pl\/#website","url":"https:\/\/racom.com.pl\/","name":"Mix Market - Supermarket z wszystkim co potrzeba do domu i nie tylko","description":"","publisher":{"@id":"https:\/\/racom.com.pl\/#organization"},"potentialAction":[{"@type":"SearchAction","target":{"@type":"EntryPoint","urlTemplate":"https:\/\/racom.com.pl\/?s={search_term_string}"},"query-input":{"@type":"PropertyValueSpecification","valueRequired":true,"valueName":"search_term_string"}}],"inLanguage":"pl-PL"},{"@type":"Organization","@id":"https:\/\/racom.com.pl\/#organization","name":"Mix Market - Supermarket z wszystkim co potrzeba do domu i nie tylko","url":"https:\/\/racom.com.pl\/","logo":{"@type":"ImageObject","inLanguage":"pl-PL","@id":"https:\/\/racom.com.pl\/#\/schema\/logo\/image\/","url":"https:\/\/racom.com.pl\/wp-content\/uploads\/2025\/07\/mixmarket_logo.png","contentUrl":"https:\/\/racom.com.pl\/wp-content\/uploads\/2025\/07\/mixmarket_logo.png","width":1024,"height":1024,"caption":"Mix Market - Supermarket z wszystkim co potrzeba do domu i nie tylko"},"image":{"@id":"https:\/\/racom.com.pl\/#\/schema\/logo\/image\/"}}]}},"_links":{"self":[{"href":"https:\/\/racom.com.pl\/index.php\/wp-json\/wp\/v2\/product\/3175","targetHints":{"allow":["GET"]}}],"collection":[{"href":"https:\/\/racom.com.pl\/index.php\/wp-json\/wp\/v2\/product"}],"about":[{"href":"https:\/\/racom.com.pl\/index.php\/wp-json\/wp\/v2\/types\/product"}],"replies":[{"embeddable":true,"href":"https:\/\/racom.com.pl\/index.php\/wp-json\/wp\/v2\/comments?post=3175"}],"wp:featuredmedia":[{"embeddable":true,"href":"https:\/\/racom.com.pl\/index.php\/wp-json\/wp\/v2\/media\/3179"}],"wp:attachment":[{"href":"https:\/\/racom.com.pl\/index.php\/wp-json\/wp\/v2\/media?parent=3175"}],"wp:term":[{"taxonomy":"product_brand","embeddable":true,"href":"https:\/\/racom.com.pl\/index.php\/wp-json\/wp\/v2\/product_brand?post=3175"},{"taxonomy":"product_cat","embeddable":true,"href":"https:\/\/racom.com.pl\/index.php\/wp-json\/wp\/v2\/product_cat?post=3175"},{"taxonomy":"product_tag","embeddable":true,"href":"https:\/\/racom.com.pl\/index.php\/wp-json\/wp\/v2\/product_tag?post=3175"}],"curies":[{"name":"wp","href":"https:\/\/api.w.org\/{rel}","templated":true}]}}