{"id":3187,"date":"2025-07-19T20:04:54","date_gmt":"2025-07-19T18:04:54","guid":{"rendered":"http:\/\/192.168.2.106\/index.php\/produkt\/herbata-czarna-ekspresowa-dilmah-ceylon-gold-100g-50-torebek\/"},"modified":"2025-07-19T20:04:54","modified_gmt":"2025-07-19T18:04:54","slug":"herbata-czarna-ekspresowa-dilmah-ceylon-gold-100g-50-torebek","status":"publish","type":"product","link":"https:\/\/racom.com.pl\/index.php\/produkt\/herbata-czarna-ekspresowa-dilmah-ceylon-gold-100g-50-torebek\/","title":{"rendered":"Herbata czarna ekspresowa Dilmah Ceylon Gold 100g 50 torebek"},"content":{"rendered":"<h2>Dilmah Ceylon Gold \u2013 Klasyczna czarna herbata cejlo\u0144ska<\/h2>\n<p>Aromatyczna czarna herbata o \u015bredniej mocy i g\u0142\u0119bokiej barwie. Starannie dobrana mieszanka herbat z wysoko po\u0142o\u017conych plantacji Sri Lanki (li\u015b\u0107 BOPF). L\u017cejsza od Dilmah Premium Tea, idealna na ka\u017cd\u0105 por\u0119 dnia.<\/p>\n<p><b>Zawarto\u015b\u0107 opakowania:<\/b><\/p>\n<p>50 torebek ekspresowych po 2 g, z zawieszk\u0105.<\/p>\n<p><b>Smak i w\u0142a\u015bciwo\u015bci:<\/b><\/p>\n<ul>\n<li>\u015arednia moc naparu<\/li>\n<li>Uniwersalna:\n<p>\u2022 <b>3 min<\/b> \u2013 lekko pobudzaj\u0105ca, idealna na \u015bniadanie<\/p>\n<p>\u2022 <b>5 min<\/b> \u2013 delikatna i relaksuj\u0105ca na wiecz\u00f3r<\/p>\n<\/li>\n<\/ul>\n<p><b>Sk\u0142ad:<\/b><\/p>\n<p>100% czarna herbata cejlo\u0144ska (li\u015b\u0107 BOPF), bez dodatk\u00f3w.<\/p>\n<p><b>Spos\u00f3b przygotowania:<\/b><\/p>\n<p>1 torebk\u0119 zala\u0107 220 ml \u015bwie\u017co zagotowanego wrz\u0105tku. Parzy\u0107 3\u20135 minut wed\u0142ug upodoba\u0144. Najlepiej smakuje bez dodatk\u00f3w, ale mo\u017cna wzbogaci\u0107 napar np. miodem, mi\u0119t\u0105, imbirem, cytryn\u0105, traw\u0105 cytrynow\u0105 lub kardamonem.<\/p>\n<p><b>Przechowywanie:<\/b><\/p>\n<p>Przechowywa\u0107 w suchym, czystym, szczelnym pojemniku, z dala od obcych zapach\u00f3w \u2013 najlepiej w lod\u00f3wce.<\/p>\n<p><b>Kraj pochodzenia:<\/b><\/p>\n<p>Sri Lanka (dawniej Cejlon)<\/p>\n<h2>Herbaty Czarne<\/h2>\n<p>Na Cejlonie cenimy sobie lokaln\u0105 tradycj\u0119 uprawy i przetwarzania herbaty, kt\u00f3ra zapewni\u0142a herbacie cejlo\u0144skiej renom\u0119 najlepszej na \u015bwiecie.<\/p>\n<p>Od wiek\u00f3w znana jako ojczyzna najwy\u017cej jako\u015bci herbaty, Sri Lanka&nbsp; (dawniej Cejlon) szczyci si\u0119 wspania\u0142ym naturalnym bogactwem herbat maj\u0105cym swoje \u017ar\u00f3d\u0142o w wyj\u0105tkowej topografii kraju.<\/p>\n<p>Do produkcji swoich herbat Dilmah wykorzystuje jedynie najlepsze spo\u015br\u00f3d cejlo\u0144skich upraw stoj\u0105c tym samym na stra\u017cy wielowiekowego dziedzictwa przemys\u0142u herbacianego wyspy i piel\u0119gnuj\u0105c lokalne rzemios\u0142o.<\/p>\n<h2>Magia herbaty kryje si\u0119 w jej naturalnej r\u00f3\u017cnorodno\u015bci.<\/h2>\n<p>Czarne, czerwone, zielone i bia\u0142e &#8211; wszystkie herbaty Dilmah rosn\u0105 w rytmie natury. W g\u00f3rach albo nad oceanem, w tropikalnym s\u0142o\u0144cu lub w strugach deszczu. Czasem zrywane s\u0105 w ch\u0142odne poranki, a czasami w upalne popo\u0142udnia. I dlatego jedne maj\u0105 mocny smak, inne z kolei bardzo lekki. R\u00f3\u017cni\u0105 si\u0119 te\u017c kolorami napar\u00f3w &#8211; br\u0105zowymi, pomara\u0144czowymi albo nawet jasno\u017c\u00f3\u0142tymi.<\/p>\n<p>Herbaty Dilmah to dar natury, kt\u00f3ry w pe\u0142ni doceniamy.<\/p>\n<p>W naszych herbatach znajduj\u0105 si\u0119 tylko m\u0142ode, r\u0119cznie zebrane z krzewu listki daj\u0105ce najsmaczniejszy napar. Tradycyjn\u0105 metod\u0105 produkcji wydobywamy i zachowujemy ich naturalne walory, a odpowiednim opakowaniem zabezpieczamy to, co w herbacie najlepsze, a\u017c do chwili zaparzenia.<\/p>\n","protected":false},"excerpt":{"rendered":"<p>Dilmah Ceylon Gold \u2013 Klasyczna czarna herbata cejlo\u0144ska Aromatyczna czarna herbata o \u015bredniej mocy i g\u0142\u0119bokiej barwie. Starannie dobrana mieszanka herbat z wysoko po\u0142o\u017conych plantacji Sri Lanki (li\u015b\u0107 BOPF). L\u017cejsza od Dilmah Premium Tea, idealna na ka\u017cd\u0105 por\u0119 dnia. Zawarto\u015b\u0107 opakowania: 50 torebek ekspresowych po 2 g, z zawieszk\u0105. Smak i w\u0142a\u015bciwo\u015bci: \u015arednia moc naparu [&hellip;]<\/p>\n","protected":false},"featured_media":3191,"comment_status":"open","ping_status":"closed","template":"","meta":[],"product_brand":[143],"product_cat":[141],"product_tag":[],"class_list":{"0":"post-3187","1":"product","2":"type-product","3":"status-publish","4":"has-post-thumbnail","6":"product_brand-dilmah","7":"product_cat-herbata-i-napary","9":"first","10":"instock","11":"taxable","12":"shipping-taxable","13":"purchasable","14":"product-type-simple"},"yoast_head":"<!-- This site is optimized with the Yoast SEO plugin v27.3 - https:\/\/yoast.com\/product\/yoast-seo-wordpress\/ -->\n<title>Herbata czarna ekspresowa Dilmah Ceylon Gold 100g 50 torebek - Mix Market - Supermarket z wszystkim co potrzeba<\/title>\n<meta name=\"robots\" content=\"index, follow, max-snippet:-1, max-image-preview:large, max-video-preview:-1\" \/>\n<link rel=\"canonical\" href=\"https:\/\/racom.com.pl\/index.php\/produkt\/herbata-czarna-ekspresowa-dilmah-ceylon-gold-100g-50-torebek\/\" \/>\n<meta property=\"og:locale\" content=\"pl_PL\" \/>\n<meta property=\"og:type\" content=\"article\" \/>\n<meta property=\"og:title\" content=\"Herbata czarna ekspresowa Dilmah Ceylon Gold 100g 50 torebek - Mix Market - Supermarket z wszystkim co potrzeba\" \/>\n<meta property=\"og:description\" content=\"Dilmah Ceylon Gold \u2013 Klasyczna czarna herbata cejlo\u0144ska Aromatyczna czarna herbata o \u015bredniej mocy i g\u0142\u0119bokiej barwie. Starannie dobrana mieszanka herbat z wysoko po\u0142o\u017conych plantacji Sri Lanki (li\u015b\u0107 BOPF). L\u017cejsza od Dilmah Premium Tea, idealna na ka\u017cd\u0105 por\u0119 dnia. Zawarto\u015b\u0107 opakowania: 50 torebek ekspresowych po 2 g, z zawieszk\u0105. Smak i w\u0142a\u015bciwo\u015bci: \u015arednia moc naparu [&hellip;]\" \/>\n<meta property=\"og:url\" content=\"https:\/\/racom.com.pl\/index.php\/produkt\/herbata-czarna-ekspresowa-dilmah-ceylon-gold-100g-50-torebek\/\" \/>\n<meta property=\"og:site_name\" content=\"Mix Market - Supermarket z wszystkim co potrzeba\" \/>\n<meta property=\"og:image\" content=\"https:\/\/racom.com.pl\/wp-content\/uploads\/2025\/07\/allegro_687bdea5b74a59.48490756_2afc30fb47ecaff5a3f25343b428.jpg\" \/>\n\t<meta property=\"og:image:width\" content=\"1367\" \/>\n\t<meta property=\"og:image:height\" content=\"2047\" \/>\n\t<meta property=\"og:image:type\" content=\"image\/jpeg\" \/>\n<meta name=\"twitter:card\" content=\"summary_large_image\" \/>\n<meta name=\"twitter:label1\" content=\"Szacowany czas czytania\" \/>\n\t<meta name=\"twitter:data1\" content=\"2 minuty\" \/>\n<script type=\"application\/ld+json\" class=\"yoast-schema-graph\">{\"@context\":\"https:\\\/\\\/schema.org\",\"@graph\":[{\"@type\":\"WebPage\",\"@id\":\"https:\\\/\\\/racom.com.pl\\\/index.php\\\/produkt\\\/herbata-czarna-ekspresowa-dilmah-ceylon-gold-100g-50-torebek\\\/\",\"url\":\"https:\\\/\\\/racom.com.pl\\\/index.php\\\/produkt\\\/herbata-czarna-ekspresowa-dilmah-ceylon-gold-100g-50-torebek\\\/\",\"name\":\"Herbata czarna ekspresowa Dilmah Ceylon Gold 100g 50 torebek - Mix Market - Supermarket z wszystkim co potrzeba\",\"isPartOf\":{\"@id\":\"https:\\\/\\\/racom.com.pl\\\/#website\"},\"primaryImageOfPage\":{\"@id\":\"https:\\\/\\\/racom.com.pl\\\/index.php\\\/produkt\\\/herbata-czarna-ekspresowa-dilmah-ceylon-gold-100g-50-torebek\\\/#primaryimage\"},\"image\":{\"@id\":\"https:\\\/\\\/racom.com.pl\\\/index.php\\\/produkt\\\/herbata-czarna-ekspresowa-dilmah-ceylon-gold-100g-50-torebek\\\/#primaryimage\"},\"thumbnailUrl\":\"https:\\\/\\\/racom.com.pl\\\/wp-content\\\/uploads\\\/2025\\\/07\\\/allegro_687bdea5b74a59.48490756_2afc30fb47ecaff5a3f25343b428.jpg\",\"datePublished\":\"2025-07-19T18:04:54+00:00\",\"breadcrumb\":{\"@id\":\"https:\\\/\\\/racom.com.pl\\\/index.php\\\/produkt\\\/herbata-czarna-ekspresowa-dilmah-ceylon-gold-100g-50-torebek\\\/#breadcrumb\"},\"inLanguage\":\"pl-PL\",\"potentialAction\":[{\"@type\":\"ReadAction\",\"target\":[\"https:\\\/\\\/racom.com.pl\\\/index.php\\\/produkt\\\/herbata-czarna-ekspresowa-dilmah-ceylon-gold-100g-50-torebek\\\/\"]}]},{\"@type\":\"ImageObject\",\"inLanguage\":\"pl-PL\",\"@id\":\"https:\\\/\\\/racom.com.pl\\\/index.php\\\/produkt\\\/herbata-czarna-ekspresowa-dilmah-ceylon-gold-100g-50-torebek\\\/#primaryimage\",\"url\":\"https:\\\/\\\/racom.com.pl\\\/wp-content\\\/uploads\\\/2025\\\/07\\\/allegro_687bdea5b74a59.48490756_2afc30fb47ecaff5a3f25343b428.jpg\",\"contentUrl\":\"https:\\\/\\\/racom.com.pl\\\/wp-content\\\/uploads\\\/2025\\\/07\\\/allegro_687bdea5b74a59.48490756_2afc30fb47ecaff5a3f25343b428.jpg\",\"width\":1367,\"height\":2047},{\"@type\":\"BreadcrumbList\",\"@id\":\"https:\\\/\\\/racom.com.pl\\\/index.php\\\/produkt\\\/herbata-czarna-ekspresowa-dilmah-ceylon-gold-100g-50-torebek\\\/#breadcrumb\",\"itemListElement\":[{\"@type\":\"ListItem\",\"position\":1,\"name\":\"Strona g\u0142\u00f3wna\",\"item\":\"https:\\\/\\\/racom.com.pl\\\/\"},{\"@type\":\"ListItem\",\"position\":2,\"name\":\"Sklep\",\"item\":\"https:\\\/\\\/racom.com.pl\\\/\"},{\"@type\":\"ListItem\",\"position\":3,\"name\":\"Herbata czarna ekspresowa Dilmah Ceylon Gold 100g 50 torebek\"}]},{\"@type\":\"WebSite\",\"@id\":\"https:\\\/\\\/racom.com.pl\\\/#website\",\"url\":\"https:\\\/\\\/racom.com.pl\\\/\",\"name\":\"Mix Market - Supermarket z wszystkim co potrzeba do domu i nie tylko\",\"description\":\"\",\"publisher\":{\"@id\":\"https:\\\/\\\/racom.com.pl\\\/#organization\"},\"potentialAction\":[{\"@type\":\"SearchAction\",\"target\":{\"@type\":\"EntryPoint\",\"urlTemplate\":\"https:\\\/\\\/racom.com.pl\\\/?s={search_term_string}\"},\"query-input\":{\"@type\":\"PropertyValueSpecification\",\"valueRequired\":true,\"valueName\":\"search_term_string\"}}],\"inLanguage\":\"pl-PL\"},{\"@type\":\"Organization\",\"@id\":\"https:\\\/\\\/racom.com.pl\\\/#organization\",\"name\":\"Mix Market - Supermarket z wszystkim co potrzeba do domu i nie tylko\",\"url\":\"https:\\\/\\\/racom.com.pl\\\/\",\"logo\":{\"@type\":\"ImageObject\",\"inLanguage\":\"pl-PL\",\"@id\":\"https:\\\/\\\/racom.com.pl\\\/#\\\/schema\\\/logo\\\/image\\\/\",\"url\":\"https:\\\/\\\/racom.com.pl\\\/wp-content\\\/uploads\\\/2025\\\/07\\\/mixmarket_logo.png\",\"contentUrl\":\"https:\\\/\\\/racom.com.pl\\\/wp-content\\\/uploads\\\/2025\\\/07\\\/mixmarket_logo.png\",\"width\":1024,\"height\":1024,\"caption\":\"Mix Market - Supermarket z wszystkim co potrzeba do domu i nie tylko\"},\"image\":{\"@id\":\"https:\\\/\\\/racom.com.pl\\\/#\\\/schema\\\/logo\\\/image\\\/\"}}]}<\/script>\n<!-- \/ Yoast SEO plugin. -->","yoast_head_json":{"title":"Herbata czarna ekspresowa Dilmah Ceylon Gold 100g 50 torebek - Mix Market - Supermarket z wszystkim co potrzeba","robots":{"index":"index","follow":"follow","max-snippet":"max-snippet:-1","max-image-preview":"max-image-preview:large","max-video-preview":"max-video-preview:-1"},"canonical":"https:\/\/racom.com.pl\/index.php\/produkt\/herbata-czarna-ekspresowa-dilmah-ceylon-gold-100g-50-torebek\/","og_locale":"pl_PL","og_type":"article","og_title":"Herbata czarna ekspresowa Dilmah Ceylon Gold 100g 50 torebek - Mix Market - Supermarket z wszystkim co potrzeba","og_description":"Dilmah Ceylon Gold \u2013 Klasyczna czarna herbata cejlo\u0144ska Aromatyczna czarna herbata o \u015bredniej mocy i g\u0142\u0119bokiej barwie. Starannie dobrana mieszanka herbat z wysoko po\u0142o\u017conych plantacji Sri Lanki (li\u015b\u0107 BOPF). L\u017cejsza od Dilmah Premium Tea, idealna na ka\u017cd\u0105 por\u0119 dnia. Zawarto\u015b\u0107 opakowania: 50 torebek ekspresowych po 2 g, z zawieszk\u0105. Smak i w\u0142a\u015bciwo\u015bci: \u015arednia moc naparu [&hellip;]","og_url":"https:\/\/racom.com.pl\/index.php\/produkt\/herbata-czarna-ekspresowa-dilmah-ceylon-gold-100g-50-torebek\/","og_site_name":"Mix Market - Supermarket z wszystkim co potrzeba","og_image":[{"width":1367,"height":2047,"url":"https:\/\/racom.com.pl\/wp-content\/uploads\/2025\/07\/allegro_687bdea5b74a59.48490756_2afc30fb47ecaff5a3f25343b428.jpg","type":"image\/jpeg"}],"twitter_card":"summary_large_image","twitter_misc":{"Szacowany czas czytania":"2 minuty"},"schema":{"@context":"https:\/\/schema.org","@graph":[{"@type":"WebPage","@id":"https:\/\/racom.com.pl\/index.php\/produkt\/herbata-czarna-ekspresowa-dilmah-ceylon-gold-100g-50-torebek\/","url":"https:\/\/racom.com.pl\/index.php\/produkt\/herbata-czarna-ekspresowa-dilmah-ceylon-gold-100g-50-torebek\/","name":"Herbata czarna ekspresowa Dilmah Ceylon Gold 100g 50 torebek - Mix Market - Supermarket z wszystkim co potrzeba","isPartOf":{"@id":"https:\/\/racom.com.pl\/#website"},"primaryImageOfPage":{"@id":"https:\/\/racom.com.pl\/index.php\/produkt\/herbata-czarna-ekspresowa-dilmah-ceylon-gold-100g-50-torebek\/#primaryimage"},"image":{"@id":"https:\/\/racom.com.pl\/index.php\/produkt\/herbata-czarna-ekspresowa-dilmah-ceylon-gold-100g-50-torebek\/#primaryimage"},"thumbnailUrl":"https:\/\/racom.com.pl\/wp-content\/uploads\/2025\/07\/allegro_687bdea5b74a59.48490756_2afc30fb47ecaff5a3f25343b428.jpg","datePublished":"2025-07-19T18:04:54+00:00","breadcrumb":{"@id":"https:\/\/racom.com.pl\/index.php\/produkt\/herbata-czarna-ekspresowa-dilmah-ceylon-gold-100g-50-torebek\/#breadcrumb"},"inLanguage":"pl-PL","potentialAction":[{"@type":"ReadAction","target":["https:\/\/racom.com.pl\/index.php\/produkt\/herbata-czarna-ekspresowa-dilmah-ceylon-gold-100g-50-torebek\/"]}]},{"@type":"ImageObject","inLanguage":"pl-PL","@id":"https:\/\/racom.com.pl\/index.php\/produkt\/herbata-czarna-ekspresowa-dilmah-ceylon-gold-100g-50-torebek\/#primaryimage","url":"https:\/\/racom.com.pl\/wp-content\/uploads\/2025\/07\/allegro_687bdea5b74a59.48490756_2afc30fb47ecaff5a3f25343b428.jpg","contentUrl":"https:\/\/racom.com.pl\/wp-content\/uploads\/2025\/07\/allegro_687bdea5b74a59.48490756_2afc30fb47ecaff5a3f25343b428.jpg","width":1367,"height":2047},{"@type":"BreadcrumbList","@id":"https:\/\/racom.com.pl\/index.php\/produkt\/herbata-czarna-ekspresowa-dilmah-ceylon-gold-100g-50-torebek\/#breadcrumb","itemListElement":[{"@type":"ListItem","position":1,"name":"Strona g\u0142\u00f3wna","item":"https:\/\/racom.com.pl\/"},{"@type":"ListItem","position":2,"name":"Sklep","item":"https:\/\/racom.com.pl\/"},{"@type":"ListItem","position":3,"name":"Herbata czarna ekspresowa Dilmah Ceylon Gold 100g 50 torebek"}]},{"@type":"WebSite","@id":"https:\/\/racom.com.pl\/#website","url":"https:\/\/racom.com.pl\/","name":"Mix Market - Supermarket z wszystkim co potrzeba do domu i nie tylko","description":"","publisher":{"@id":"https:\/\/racom.com.pl\/#organization"},"potentialAction":[{"@type":"SearchAction","target":{"@type":"EntryPoint","urlTemplate":"https:\/\/racom.com.pl\/?s={search_term_string}"},"query-input":{"@type":"PropertyValueSpecification","valueRequired":true,"valueName":"search_term_string"}}],"inLanguage":"pl-PL"},{"@type":"Organization","@id":"https:\/\/racom.com.pl\/#organization","name":"Mix Market - Supermarket z wszystkim co potrzeba do domu i nie tylko","url":"https:\/\/racom.com.pl\/","logo":{"@type":"ImageObject","inLanguage":"pl-PL","@id":"https:\/\/racom.com.pl\/#\/schema\/logo\/image\/","url":"https:\/\/racom.com.pl\/wp-content\/uploads\/2025\/07\/mixmarket_logo.png","contentUrl":"https:\/\/racom.com.pl\/wp-content\/uploads\/2025\/07\/mixmarket_logo.png","width":1024,"height":1024,"caption":"Mix Market - Supermarket z wszystkim co potrzeba do domu i nie tylko"},"image":{"@id":"https:\/\/racom.com.pl\/#\/schema\/logo\/image\/"}}]}},"_links":{"self":[{"href":"https:\/\/racom.com.pl\/index.php\/wp-json\/wp\/v2\/product\/3187","targetHints":{"allow":["GET"]}}],"collection":[{"href":"https:\/\/racom.com.pl\/index.php\/wp-json\/wp\/v2\/product"}],"about":[{"href":"https:\/\/racom.com.pl\/index.php\/wp-json\/wp\/v2\/types\/product"}],"replies":[{"embeddable":true,"href":"https:\/\/racom.com.pl\/index.php\/wp-json\/wp\/v2\/comments?post=3187"}],"wp:featuredmedia":[{"embeddable":true,"href":"https:\/\/racom.com.pl\/index.php\/wp-json\/wp\/v2\/media\/3191"}],"wp:attachment":[{"href":"https:\/\/racom.com.pl\/index.php\/wp-json\/wp\/v2\/media?parent=3187"}],"wp:term":[{"taxonomy":"product_brand","embeddable":true,"href":"https:\/\/racom.com.pl\/index.php\/wp-json\/wp\/v2\/product_brand?post=3187"},{"taxonomy":"product_cat","embeddable":true,"href":"https:\/\/racom.com.pl\/index.php\/wp-json\/wp\/v2\/product_cat?post=3187"},{"taxonomy":"product_tag","embeddable":true,"href":"https:\/\/racom.com.pl\/index.php\/wp-json\/wp\/v2\/product_tag?post=3187"}],"curies":[{"name":"wp","href":"https:\/\/api.w.org\/{rel}","templated":true}]}}