{"id":3203,"date":"2025-07-19T20:10:24","date_gmt":"2025-07-19T18:10:24","guid":{"rendered":"http:\/\/192.168.2.106\/index.php\/produkt\/herbata-zielona-ekspresowa-dilmah-pure-green-tea-20-kopert-torebek\/"},"modified":"2025-07-19T20:10:24","modified_gmt":"2025-07-19T18:10:24","slug":"herbata-zielona-ekspresowa-dilmah-pure-green-tea-20-kopert-torebek","status":"publish","type":"product","link":"https:\/\/racom.com.pl\/index.php\/produkt\/herbata-zielona-ekspresowa-dilmah-pure-green-tea-20-kopert-torebek\/","title":{"rendered":"Herbata zielona ekspresowa Dilmah PURE Green Tea 20 kopert torebek"},"content":{"rendered":"<h2>Herbata DILMAH PURE GREEN TEA<\/h2>\n<h2>Dilmah Pure Green Tea \u2013 Zielona herbata ekspresowa (20 kopert)<\/h2>\n<p><b>Opis produktu:<\/b><\/p>\n<p>Delikatna i orze\u017awiaj\u0105ca <b>zielona herbata<\/b> najwy\u017cszej jako\u015bci, pochodz\u0105ca z czystych, cejlo\u0144skich plantacji marki Dilmah. Napar o jasno\u017c\u00f3\u0142tej barwie i \u0142agodnym, g\u0142adkim smaku z subtelnym, lekko w\u0119dzonym wyko\u0144czeniem. Idealna jako codzienny rytua\u0142 \u2013 wspiera oczyszczanie organizmu i dzia\u0142a koj\u0105co.<\/p>\n<p><b>Cechy produktu:<\/b><\/p>\n<ul>\n<li><b>Rodzaj:<\/b> Herbata zielona ekspresowa<\/li>\n<li><b>Forma:<\/b> Torebki ekspresowe z zawieszk\u0105 w hermetycznych kopertach<\/li>\n<li><b>Ilo\u015b\u0107:<\/b> 20 sztuk<\/li>\n<li><b>Masa netto:<\/b> 30 g (20 \u00d7 1,5 g)<\/li>\n<li><b>Smak:<\/b> Delikatny, \u0142agodny z lekko w\u0119dzon\u0105 nut\u0105<\/li>\n<li><b>Kolor naparu:<\/b> Jasno\u017c\u00f3\u0142ty<\/li>\n<li><b>Kategoria:<\/b> Premium<\/li>\n<li><b>Marka:<\/b> Dilmah<\/li>\n<li><b>Kraj pochodzenia:<\/b> Sri Lanka (Cejlon)<\/li>\n<\/ul>\n<p><b>Dlaczego warto?<\/b><\/p>\n<p>\u2705 100% czysta zielona herbata \u2013 bez dodatk\u00f3w<\/p>\n<p>\u2705 Wysoka jako\u015b\u0107 li\u015bci \u2013 delikatny, klarowny napar<\/p>\n<p>\u2705 Dzia\u0142a oczyszczaj\u0105co i relaksuj\u0105co<\/p>\n<p>\u2705 Ka\u017cda torebka zapakowana w kopert\u0119 \u2013 zachowana \u015bwie\u017co\u015b\u0107 i aromat<\/p>\n<p><b>Spos\u00f3b przygotowania:<\/b><\/p>\n<p>Zalej 1 torebk\u0119 <b>220 ml<\/b> wody o temperaturze <b>80\u201385\u00b0C<\/b> (nie wrz\u0105tkiem!). Parz przez <b>2\u20133 minuty<\/b>, w zale\u017cno\u015bci od preferowanej mocy naparu.<\/p>\n<p><b>Jednostka sprzeda\u017cy:<\/b> 1 opakowanie (20 kopert)<\/p>\n<p><b>Kategoria:<\/b> Herbata &gt; Zielona &gt; Ekspresowa<\/p>\n<p><b>Producent:<\/b> Dilmah<\/p>\n","protected":false},"excerpt":{"rendered":"<p>Herbata DILMAH PURE GREEN TEA Dilmah Pure Green Tea \u2013 Zielona herbata ekspresowa (20 kopert) Opis produktu: Delikatna i orze\u017awiaj\u0105ca zielona herbata najwy\u017cszej jako\u015bci, pochodz\u0105ca z czystych, cejlo\u0144skich plantacji marki Dilmah. Napar o jasno\u017c\u00f3\u0142tej barwie i \u0142agodnym, g\u0142adkim smaku z subtelnym, lekko w\u0119dzonym wyko\u0144czeniem. Idealna jako codzienny rytua\u0142 \u2013 wspiera oczyszczanie organizmu i dzia\u0142a koj\u0105co. [&hellip;]<\/p>\n","protected":false},"featured_media":3207,"comment_status":"open","ping_status":"closed","template":"","meta":[],"product_brand":[143],"product_cat":[141],"product_tag":[],"class_list":{"0":"post-3203","1":"product","2":"type-product","3":"status-publish","4":"has-post-thumbnail","6":"product_brand-dilmah","7":"product_cat-herbata-i-napary","9":"first","10":"instock","11":"taxable","12":"shipping-taxable","13":"purchasable","14":"product-type-simple"},"yoast_head":"<!-- This site is optimized with the Yoast SEO plugin v27.3 - https:\/\/yoast.com\/product\/yoast-seo-wordpress\/ -->\n<title>Herbata zielona ekspresowa Dilmah PURE Green Tea 20 kopert torebek - Mix Market - Supermarket z wszystkim co potrzeba<\/title>\n<meta name=\"robots\" content=\"index, follow, max-snippet:-1, max-image-preview:large, max-video-preview:-1\" \/>\n<link rel=\"canonical\" href=\"https:\/\/racom.com.pl\/index.php\/produkt\/herbata-zielona-ekspresowa-dilmah-pure-green-tea-20-kopert-torebek\/\" \/>\n<meta property=\"og:locale\" content=\"pl_PL\" \/>\n<meta property=\"og:type\" content=\"article\" \/>\n<meta property=\"og:title\" content=\"Herbata zielona ekspresowa Dilmah PURE Green Tea 20 kopert torebek - Mix Market - Supermarket z wszystkim co potrzeba\" \/>\n<meta property=\"og:description\" content=\"Herbata DILMAH PURE GREEN TEA Dilmah Pure Green Tea \u2013 Zielona herbata ekspresowa (20 kopert) Opis produktu: Delikatna i orze\u017awiaj\u0105ca zielona herbata najwy\u017cszej jako\u015bci, pochodz\u0105ca z czystych, cejlo\u0144skich plantacji marki Dilmah. Napar o jasno\u017c\u00f3\u0142tej barwie i \u0142agodnym, g\u0142adkim smaku z subtelnym, lekko w\u0119dzonym wyko\u0144czeniem. Idealna jako codzienny rytua\u0142 \u2013 wspiera oczyszczanie organizmu i dzia\u0142a koj\u0105co. [&hellip;]\" \/>\n<meta property=\"og:url\" content=\"https:\/\/racom.com.pl\/index.php\/produkt\/herbata-zielona-ekspresowa-dilmah-pure-green-tea-20-kopert-torebek\/\" \/>\n<meta property=\"og:site_name\" content=\"Mix Market - Supermarket z wszystkim co potrzeba\" \/>\n<meta property=\"og:image\" content=\"https:\/\/racom.com.pl\/wp-content\/uploads\/2025\/07\/allegro_687bdfec9de247.04743472_bcfd8d644b918b1bc94c8529d56d-1024x1024.jpg\" \/>\n\t<meta property=\"og:image:width\" content=\"1024\" \/>\n\t<meta property=\"og:image:height\" content=\"1024\" \/>\n\t<meta property=\"og:image:type\" content=\"image\/jpeg\" \/>\n<meta name=\"twitter:card\" content=\"summary_large_image\" \/>\n<meta name=\"twitter:label1\" content=\"Szacowany czas czytania\" \/>\n\t<meta name=\"twitter:data1\" content=\"1 minuta\" \/>\n<script type=\"application\/ld+json\" class=\"yoast-schema-graph\">{\"@context\":\"https:\\\/\\\/schema.org\",\"@graph\":[{\"@type\":\"WebPage\",\"@id\":\"https:\\\/\\\/racom.com.pl\\\/index.php\\\/produkt\\\/herbata-zielona-ekspresowa-dilmah-pure-green-tea-20-kopert-torebek\\\/\",\"url\":\"https:\\\/\\\/racom.com.pl\\\/index.php\\\/produkt\\\/herbata-zielona-ekspresowa-dilmah-pure-green-tea-20-kopert-torebek\\\/\",\"name\":\"Herbata zielona ekspresowa Dilmah PURE Green Tea 20 kopert torebek - Mix Market - Supermarket z wszystkim co potrzeba\",\"isPartOf\":{\"@id\":\"https:\\\/\\\/racom.com.pl\\\/#website\"},\"primaryImageOfPage\":{\"@id\":\"https:\\\/\\\/racom.com.pl\\\/index.php\\\/produkt\\\/herbata-zielona-ekspresowa-dilmah-pure-green-tea-20-kopert-torebek\\\/#primaryimage\"},\"image\":{\"@id\":\"https:\\\/\\\/racom.com.pl\\\/index.php\\\/produkt\\\/herbata-zielona-ekspresowa-dilmah-pure-green-tea-20-kopert-torebek\\\/#primaryimage\"},\"thumbnailUrl\":\"https:\\\/\\\/racom.com.pl\\\/wp-content\\\/uploads\\\/2025\\\/07\\\/allegro_687bdfec9de247.04743472_bcfd8d644b918b1bc94c8529d56d.jpg\",\"datePublished\":\"2025-07-19T18:10:24+00:00\",\"breadcrumb\":{\"@id\":\"https:\\\/\\\/racom.com.pl\\\/index.php\\\/produkt\\\/herbata-zielona-ekspresowa-dilmah-pure-green-tea-20-kopert-torebek\\\/#breadcrumb\"},\"inLanguage\":\"pl-PL\",\"potentialAction\":[{\"@type\":\"ReadAction\",\"target\":[\"https:\\\/\\\/racom.com.pl\\\/index.php\\\/produkt\\\/herbata-zielona-ekspresowa-dilmah-pure-green-tea-20-kopert-torebek\\\/\"]}]},{\"@type\":\"ImageObject\",\"inLanguage\":\"pl-PL\",\"@id\":\"https:\\\/\\\/racom.com.pl\\\/index.php\\\/produkt\\\/herbata-zielona-ekspresowa-dilmah-pure-green-tea-20-kopert-torebek\\\/#primaryimage\",\"url\":\"https:\\\/\\\/racom.com.pl\\\/wp-content\\\/uploads\\\/2025\\\/07\\\/allegro_687bdfec9de247.04743472_bcfd8d644b918b1bc94c8529d56d.jpg\",\"contentUrl\":\"https:\\\/\\\/racom.com.pl\\\/wp-content\\\/uploads\\\/2025\\\/07\\\/allegro_687bdfec9de247.04743472_bcfd8d644b918b1bc94c8529d56d.jpg\",\"width\":2365,\"height\":2365},{\"@type\":\"BreadcrumbList\",\"@id\":\"https:\\\/\\\/racom.com.pl\\\/index.php\\\/produkt\\\/herbata-zielona-ekspresowa-dilmah-pure-green-tea-20-kopert-torebek\\\/#breadcrumb\",\"itemListElement\":[{\"@type\":\"ListItem\",\"position\":1,\"name\":\"Strona g\u0142\u00f3wna\",\"item\":\"https:\\\/\\\/racom.com.pl\\\/\"},{\"@type\":\"ListItem\",\"position\":2,\"name\":\"Sklep\",\"item\":\"https:\\\/\\\/racom.com.pl\\\/\"},{\"@type\":\"ListItem\",\"position\":3,\"name\":\"Herbata zielona ekspresowa Dilmah PURE Green Tea 20 kopert torebek\"}]},{\"@type\":\"WebSite\",\"@id\":\"https:\\\/\\\/racom.com.pl\\\/#website\",\"url\":\"https:\\\/\\\/racom.com.pl\\\/\",\"name\":\"Mix Market - Supermarket z wszystkim co potrzeba do domu i nie tylko\",\"description\":\"\",\"publisher\":{\"@id\":\"https:\\\/\\\/racom.com.pl\\\/#organization\"},\"potentialAction\":[{\"@type\":\"SearchAction\",\"target\":{\"@type\":\"EntryPoint\",\"urlTemplate\":\"https:\\\/\\\/racom.com.pl\\\/?s={search_term_string}\"},\"query-input\":{\"@type\":\"PropertyValueSpecification\",\"valueRequired\":true,\"valueName\":\"search_term_string\"}}],\"inLanguage\":\"pl-PL\"},{\"@type\":\"Organization\",\"@id\":\"https:\\\/\\\/racom.com.pl\\\/#organization\",\"name\":\"Mix Market - Supermarket z wszystkim co potrzeba do domu i nie tylko\",\"url\":\"https:\\\/\\\/racom.com.pl\\\/\",\"logo\":{\"@type\":\"ImageObject\",\"inLanguage\":\"pl-PL\",\"@id\":\"https:\\\/\\\/racom.com.pl\\\/#\\\/schema\\\/logo\\\/image\\\/\",\"url\":\"https:\\\/\\\/racom.com.pl\\\/wp-content\\\/uploads\\\/2025\\\/07\\\/mixmarket_logo.png\",\"contentUrl\":\"https:\\\/\\\/racom.com.pl\\\/wp-content\\\/uploads\\\/2025\\\/07\\\/mixmarket_logo.png\",\"width\":1024,\"height\":1024,\"caption\":\"Mix Market - Supermarket z wszystkim co potrzeba do domu i nie tylko\"},\"image\":{\"@id\":\"https:\\\/\\\/racom.com.pl\\\/#\\\/schema\\\/logo\\\/image\\\/\"}}]}<\/script>\n<!-- \/ Yoast SEO plugin. -->","yoast_head_json":{"title":"Herbata zielona ekspresowa Dilmah PURE Green Tea 20 kopert torebek - Mix Market - Supermarket z wszystkim co potrzeba","robots":{"index":"index","follow":"follow","max-snippet":"max-snippet:-1","max-image-preview":"max-image-preview:large","max-video-preview":"max-video-preview:-1"},"canonical":"https:\/\/racom.com.pl\/index.php\/produkt\/herbata-zielona-ekspresowa-dilmah-pure-green-tea-20-kopert-torebek\/","og_locale":"pl_PL","og_type":"article","og_title":"Herbata zielona ekspresowa Dilmah PURE Green Tea 20 kopert torebek - Mix Market - Supermarket z wszystkim co potrzeba","og_description":"Herbata DILMAH PURE GREEN TEA Dilmah Pure Green Tea \u2013 Zielona herbata ekspresowa (20 kopert) Opis produktu: Delikatna i orze\u017awiaj\u0105ca zielona herbata najwy\u017cszej jako\u015bci, pochodz\u0105ca z czystych, cejlo\u0144skich plantacji marki Dilmah. Napar o jasno\u017c\u00f3\u0142tej barwie i \u0142agodnym, g\u0142adkim smaku z subtelnym, lekko w\u0119dzonym wyko\u0144czeniem. Idealna jako codzienny rytua\u0142 \u2013 wspiera oczyszczanie organizmu i dzia\u0142a koj\u0105co. [&hellip;]","og_url":"https:\/\/racom.com.pl\/index.php\/produkt\/herbata-zielona-ekspresowa-dilmah-pure-green-tea-20-kopert-torebek\/","og_site_name":"Mix Market - Supermarket z wszystkim co potrzeba","og_image":[{"width":1024,"height":1024,"url":"https:\/\/racom.com.pl\/wp-content\/uploads\/2025\/07\/allegro_687bdfec9de247.04743472_bcfd8d644b918b1bc94c8529d56d-1024x1024.jpg","type":"image\/jpeg"}],"twitter_card":"summary_large_image","twitter_misc":{"Szacowany czas czytania":"1 minuta"},"schema":{"@context":"https:\/\/schema.org","@graph":[{"@type":"WebPage","@id":"https:\/\/racom.com.pl\/index.php\/produkt\/herbata-zielona-ekspresowa-dilmah-pure-green-tea-20-kopert-torebek\/","url":"https:\/\/racom.com.pl\/index.php\/produkt\/herbata-zielona-ekspresowa-dilmah-pure-green-tea-20-kopert-torebek\/","name":"Herbata zielona ekspresowa Dilmah PURE Green Tea 20 kopert torebek - Mix Market - Supermarket z wszystkim co potrzeba","isPartOf":{"@id":"https:\/\/racom.com.pl\/#website"},"primaryImageOfPage":{"@id":"https:\/\/racom.com.pl\/index.php\/produkt\/herbata-zielona-ekspresowa-dilmah-pure-green-tea-20-kopert-torebek\/#primaryimage"},"image":{"@id":"https:\/\/racom.com.pl\/index.php\/produkt\/herbata-zielona-ekspresowa-dilmah-pure-green-tea-20-kopert-torebek\/#primaryimage"},"thumbnailUrl":"https:\/\/racom.com.pl\/wp-content\/uploads\/2025\/07\/allegro_687bdfec9de247.04743472_bcfd8d644b918b1bc94c8529d56d.jpg","datePublished":"2025-07-19T18:10:24+00:00","breadcrumb":{"@id":"https:\/\/racom.com.pl\/index.php\/produkt\/herbata-zielona-ekspresowa-dilmah-pure-green-tea-20-kopert-torebek\/#breadcrumb"},"inLanguage":"pl-PL","potentialAction":[{"@type":"ReadAction","target":["https:\/\/racom.com.pl\/index.php\/produkt\/herbata-zielona-ekspresowa-dilmah-pure-green-tea-20-kopert-torebek\/"]}]},{"@type":"ImageObject","inLanguage":"pl-PL","@id":"https:\/\/racom.com.pl\/index.php\/produkt\/herbata-zielona-ekspresowa-dilmah-pure-green-tea-20-kopert-torebek\/#primaryimage","url":"https:\/\/racom.com.pl\/wp-content\/uploads\/2025\/07\/allegro_687bdfec9de247.04743472_bcfd8d644b918b1bc94c8529d56d.jpg","contentUrl":"https:\/\/racom.com.pl\/wp-content\/uploads\/2025\/07\/allegro_687bdfec9de247.04743472_bcfd8d644b918b1bc94c8529d56d.jpg","width":2365,"height":2365},{"@type":"BreadcrumbList","@id":"https:\/\/racom.com.pl\/index.php\/produkt\/herbata-zielona-ekspresowa-dilmah-pure-green-tea-20-kopert-torebek\/#breadcrumb","itemListElement":[{"@type":"ListItem","position":1,"name":"Strona g\u0142\u00f3wna","item":"https:\/\/racom.com.pl\/"},{"@type":"ListItem","position":2,"name":"Sklep","item":"https:\/\/racom.com.pl\/"},{"@type":"ListItem","position":3,"name":"Herbata zielona ekspresowa Dilmah PURE Green Tea 20 kopert torebek"}]},{"@type":"WebSite","@id":"https:\/\/racom.com.pl\/#website","url":"https:\/\/racom.com.pl\/","name":"Mix Market - Supermarket z wszystkim co potrzeba do domu i nie tylko","description":"","publisher":{"@id":"https:\/\/racom.com.pl\/#organization"},"potentialAction":[{"@type":"SearchAction","target":{"@type":"EntryPoint","urlTemplate":"https:\/\/racom.com.pl\/?s={search_term_string}"},"query-input":{"@type":"PropertyValueSpecification","valueRequired":true,"valueName":"search_term_string"}}],"inLanguage":"pl-PL"},{"@type":"Organization","@id":"https:\/\/racom.com.pl\/#organization","name":"Mix Market - Supermarket z wszystkim co potrzeba do domu i nie tylko","url":"https:\/\/racom.com.pl\/","logo":{"@type":"ImageObject","inLanguage":"pl-PL","@id":"https:\/\/racom.com.pl\/#\/schema\/logo\/image\/","url":"https:\/\/racom.com.pl\/wp-content\/uploads\/2025\/07\/mixmarket_logo.png","contentUrl":"https:\/\/racom.com.pl\/wp-content\/uploads\/2025\/07\/mixmarket_logo.png","width":1024,"height":1024,"caption":"Mix Market - Supermarket z wszystkim co potrzeba do domu i nie tylko"},"image":{"@id":"https:\/\/racom.com.pl\/#\/schema\/logo\/image\/"}}]}},"_links":{"self":[{"href":"https:\/\/racom.com.pl\/index.php\/wp-json\/wp\/v2\/product\/3203","targetHints":{"allow":["GET"]}}],"collection":[{"href":"https:\/\/racom.com.pl\/index.php\/wp-json\/wp\/v2\/product"}],"about":[{"href":"https:\/\/racom.com.pl\/index.php\/wp-json\/wp\/v2\/types\/product"}],"replies":[{"embeddable":true,"href":"https:\/\/racom.com.pl\/index.php\/wp-json\/wp\/v2\/comments?post=3203"}],"wp:featuredmedia":[{"embeddable":true,"href":"https:\/\/racom.com.pl\/index.php\/wp-json\/wp\/v2\/media\/3207"}],"wp:attachment":[{"href":"https:\/\/racom.com.pl\/index.php\/wp-json\/wp\/v2\/media?parent=3203"}],"wp:term":[{"taxonomy":"product_brand","embeddable":true,"href":"https:\/\/racom.com.pl\/index.php\/wp-json\/wp\/v2\/product_brand?post=3203"},{"taxonomy":"product_cat","embeddable":true,"href":"https:\/\/racom.com.pl\/index.php\/wp-json\/wp\/v2\/product_cat?post=3203"},{"taxonomy":"product_tag","embeddable":true,"href":"https:\/\/racom.com.pl\/index.php\/wp-json\/wp\/v2\/product_tag?post=3203"}],"curies":[{"name":"wp","href":"https:\/\/api.w.org\/{rel}","templated":true}]}}