{"id":3208,"date":"2025-07-19T20:12:22","date_gmt":"2025-07-19T18:12:22","guid":{"rendered":"http:\/\/192.168.2.106\/index.php\/produkt\/dilmah-premium-ceylon-herbata-czarna-lisciasta-100g\/"},"modified":"2025-07-19T20:12:22","modified_gmt":"2025-07-19T18:12:22","slug":"dilmah-premium-ceylon-herbata-czarna-lisciasta-100g","status":"publish","type":"product","link":"https:\/\/racom.com.pl\/index.php\/produkt\/dilmah-premium-ceylon-herbata-czarna-lisciasta-100g\/","title":{"rendered":"Dilmah Premium Ceylon herbata czarna li\u015bciasta 100g"},"content":{"rendered":"<h2>Dilmah Premium Ceylon \u2013 Czarna herbata li\u015bciasta OP (100g)<\/h2>\n<p>Dilmah Premium Ceylon to klasyczna, sypka czarna herbata o \u015bredniej mocy, pochodz\u0105ca z renomowanych plantacji na Sri Lance. Wykonana z du\u017cych li\u015bci typu <b>OP (Orange Pekoe)<\/b>, zapewnia \u0142agodniejszy i bardziej szlachetny napar ni\u017c popularne herbaty z li\u015bci \u0142amanych. Doskona\u0142a do picia na co dzie\u0144 \u2013 o poranku, do posi\u0142k\u00f3w, lub jako popo\u0142udniowa przerwa na chwil\u0119 relaksu.<\/p>\n<p><b>Cechy produktu:<\/b><\/p>\n<ul>\n<li><b>Rodzaj:<\/b> Czarna herbata li\u015bciasta<\/li>\n<li><b>Typ li\u015bcia:<\/b> OP \u2013 Orange Pekoe (du\u017cy li\u015b\u0107)<\/li>\n<li><b>Masa netto:<\/b> 100 g<\/li>\n<li><b>Moc naparu:<\/b> \u015arednia<\/li>\n<li><b>Smak:<\/b> Klasyczny, g\u0142\u0119boki, z delikatn\u0105 nut\u0105 nizinnego klimatu<\/li>\n<li><b>Sk\u0142ad:<\/b> 100% czysta cejlo\u0144ska czarna herbata, bez dodatk\u00f3w<\/li>\n<li><b>Kraj pochodzenia:<\/b> Sri Lanka (Cejlon)<\/li>\n<li><b>Marka:<\/b> Dilmah<\/li>\n<li><b>Klasa produktu:<\/b> Premium<\/li>\n<\/ul>\n<p><b>Spos\u00f3b przygotowania:<\/b><\/p>\n<p>1 \u0142y\u017ceczk\u0119 herbaty (ok. 2 g) zala\u0107 220 ml \u015bwie\u017co zagotowanego wrz\u0105tku. Parzy\u0107 przez <b>3\u20135 minut<\/b>, w zale\u017cno\u015bci od preferowanej intensywno\u015bci.<\/p>\n<p><b>Propozycje podania:<\/b><\/p>\n<p>Najlepiej smakuje bez dodatk\u00f3w, ale mo\u017cna wzbogaci\u0107 napar miodem, cytryn\u0105, imbirem, \u015bwie\u017c\u0105 mi\u0119t\u0105, kardamonem czy traw\u0105 cytrynow\u0105.<\/p>\n<p><b>Przechowywanie:<\/b><\/p>\n<p>Przechowywa\u0107 w czystym, suchym i szczelnym pojemniku, z dala od obcych zapach\u00f3w. Dla zachowania maksymalnej \u015bwie\u017co\u015bci zalecane przechowywanie w lod\u00f3wce.<\/p>\n<h2>Dilmah Premium Ceylon Single Origin Tea<\/h2>\n<p>Herbata czarna to wizyt\u00f3wka Cejlonu \u2013 od 150 lat Rajska Wyspa s\u0142ynie z produkcji najlepszej czarnej herbaty na \u015bwiecie. Klasyczne herbaty cejlo\u0144skie zosta\u0142y skomponowane przez Merrilla J. Fernando &#8211; kipera od ponad 65 lat degustuj\u0105cego herbaty z r\u00f3\u017cnych plantacji Wyspy. Wykorzystuj\u0105c swoje do\u015bwiadczenie, stworzy\u0142 napary odzwierciedlaj\u0105ce rozmaite oblicza cejlo\u0144skiej herbaty, a jednocze\u015bnie odpowiadaj\u0105ce r\u00f3\u017cnym gustom i okazjom.<\/p>\n<p>Kolekcja herbat pe\u0142nych elegancji, znanych i podziwianych na ca\u0142ym \u015bwiecie.<\/p>\n<h2>Magia herbaty kryje si\u0119 w jej naturalnej r\u00f3\u017cnorodno\u015bci.<\/h2>\n<p>Czarne, czerwone, zielone i bia\u0142e &#8211; wszystkie herbaty Dilmah rosn\u0105 w rytmie natury. W g\u00f3rach albo nad oceanem, w tropikalnym s\u0142o\u0144cu lub w strugach deszczu. Czasem zrywane s\u0105 w ch\u0142odne poranki, a czasami w upalne popo\u0142udnia. I dlatego jedne maj\u0105 mocny smak, inne z kolei bardzo lekki. R\u00f3\u017cni\u0105 si\u0119 te\u017c kolorami napar\u00f3w &#8211; br\u0105zowymi, pomara\u0144czowymi albo nawet jasno\u017c\u00f3\u0142tymi.<\/p>\n<p>Herbaty Dilmah to dar natury, kt\u00f3ry w pe\u0142ni doceniamy.<\/p>\n<p>W naszych herbatach znajduj\u0105 si\u0119 tylko m\u0142ode, r\u0119cznie zebrane z krzewu listki daj\u0105ce najsmaczniejszy napar. Tradycyjn\u0105 metod\u0105 produkcji wydobywamy i zachowujemy ich naturalne walory, a odpowiednim opakowaniem zabezpieczamy to, co w herbacie najlepsze, a\u017c do chwili zaparzenia.<\/p>\n","protected":false},"excerpt":{"rendered":"<p>Dilmah Premium Ceylon \u2013 Czarna herbata li\u015bciasta OP (100g) Dilmah Premium Ceylon to klasyczna, sypka czarna herbata o \u015bredniej mocy, pochodz\u0105ca z renomowanych plantacji na Sri Lance. Wykonana z du\u017cych li\u015bci typu OP (Orange Pekoe), zapewnia \u0142agodniejszy i bardziej szlachetny napar ni\u017c popularne herbaty z li\u015bci \u0142amanych. Doskona\u0142a do picia na co dzie\u0144 \u2013 o [&hellip;]<\/p>\n","protected":false},"featured_media":3216,"comment_status":"open","ping_status":"closed","template":"","meta":[],"product_brand":[143],"product_cat":[141],"product_tag":[],"class_list":{"0":"post-3208","1":"product","2":"type-product","3":"status-publish","4":"has-post-thumbnail","6":"product_brand-dilmah","7":"product_cat-herbata-i-napary","9":"first","10":"instock","11":"taxable","12":"shipping-taxable","13":"purchasable","14":"product-type-simple"},"yoast_head":"<!-- This site is optimized with the Yoast SEO plugin v27.3 - https:\/\/yoast.com\/product\/yoast-seo-wordpress\/ -->\n<title>Dilmah Premium Ceylon herbata czarna li\u015bciasta 100g - Mix Market - Supermarket z wszystkim co potrzeba<\/title>\n<meta name=\"robots\" content=\"index, follow, max-snippet:-1, max-image-preview:large, max-video-preview:-1\" \/>\n<link rel=\"canonical\" href=\"https:\/\/racom.com.pl\/index.php\/produkt\/dilmah-premium-ceylon-herbata-czarna-lisciasta-100g\/\" \/>\n<meta property=\"og:locale\" content=\"pl_PL\" \/>\n<meta property=\"og:type\" content=\"article\" \/>\n<meta property=\"og:title\" content=\"Dilmah Premium Ceylon herbata czarna li\u015bciasta 100g - Mix Market - Supermarket z wszystkim co potrzeba\" \/>\n<meta property=\"og:description\" content=\"Dilmah Premium Ceylon \u2013 Czarna herbata li\u015bciasta OP (100g) Dilmah Premium Ceylon to klasyczna, sypka czarna herbata o \u015bredniej mocy, pochodz\u0105ca z renomowanych plantacji na Sri Lance. Wykonana z du\u017cych li\u015bci typu OP (Orange Pekoe), zapewnia \u0142agodniejszy i bardziej szlachetny napar ni\u017c popularne herbaty z li\u015bci \u0142amanych. Doskona\u0142a do picia na co dzie\u0144 \u2013 o [&hellip;]\" \/>\n<meta property=\"og:url\" content=\"https:\/\/racom.com.pl\/index.php\/produkt\/dilmah-premium-ceylon-herbata-czarna-lisciasta-100g\/\" \/>\n<meta property=\"og:site_name\" content=\"Mix Market - Supermarket z wszystkim co potrzeba\" \/>\n<meta property=\"og:image\" content=\"https:\/\/racom.com.pl\/wp-content\/uploads\/2025\/07\/allegro_687be0b2c64c04.28005651_6f90265f4ab0aa334279ec1a59b3.jpg\" \/>\n\t<meta property=\"og:image:width\" content=\"1280\" \/>\n\t<meta property=\"og:image:height\" content=\"1917\" \/>\n\t<meta property=\"og:image:type\" content=\"image\/jpeg\" \/>\n<meta name=\"twitter:card\" content=\"summary_large_image\" \/>\n<meta name=\"twitter:label1\" content=\"Szacowany czas czytania\" \/>\n\t<meta name=\"twitter:data1\" content=\"2 minuty\" \/>\n<script type=\"application\/ld+json\" class=\"yoast-schema-graph\">{\"@context\":\"https:\\\/\\\/schema.org\",\"@graph\":[{\"@type\":\"WebPage\",\"@id\":\"https:\\\/\\\/racom.com.pl\\\/index.php\\\/produkt\\\/dilmah-premium-ceylon-herbata-czarna-lisciasta-100g\\\/\",\"url\":\"https:\\\/\\\/racom.com.pl\\\/index.php\\\/produkt\\\/dilmah-premium-ceylon-herbata-czarna-lisciasta-100g\\\/\",\"name\":\"Dilmah Premium Ceylon herbata czarna li\u015bciasta 100g - Mix Market - Supermarket z wszystkim co potrzeba\",\"isPartOf\":{\"@id\":\"https:\\\/\\\/racom.com.pl\\\/#website\"},\"primaryImageOfPage\":{\"@id\":\"https:\\\/\\\/racom.com.pl\\\/index.php\\\/produkt\\\/dilmah-premium-ceylon-herbata-czarna-lisciasta-100g\\\/#primaryimage\"},\"image\":{\"@id\":\"https:\\\/\\\/racom.com.pl\\\/index.php\\\/produkt\\\/dilmah-premium-ceylon-herbata-czarna-lisciasta-100g\\\/#primaryimage\"},\"thumbnailUrl\":\"https:\\\/\\\/racom.com.pl\\\/wp-content\\\/uploads\\\/2025\\\/07\\\/allegro_687be0b2c64c04.28005651_6f90265f4ab0aa334279ec1a59b3.jpg\",\"datePublished\":\"2025-07-19T18:12:22+00:00\",\"breadcrumb\":{\"@id\":\"https:\\\/\\\/racom.com.pl\\\/index.php\\\/produkt\\\/dilmah-premium-ceylon-herbata-czarna-lisciasta-100g\\\/#breadcrumb\"},\"inLanguage\":\"pl-PL\",\"potentialAction\":[{\"@type\":\"ReadAction\",\"target\":[\"https:\\\/\\\/racom.com.pl\\\/index.php\\\/produkt\\\/dilmah-premium-ceylon-herbata-czarna-lisciasta-100g\\\/\"]}]},{\"@type\":\"ImageObject\",\"inLanguage\":\"pl-PL\",\"@id\":\"https:\\\/\\\/racom.com.pl\\\/index.php\\\/produkt\\\/dilmah-premium-ceylon-herbata-czarna-lisciasta-100g\\\/#primaryimage\",\"url\":\"https:\\\/\\\/racom.com.pl\\\/wp-content\\\/uploads\\\/2025\\\/07\\\/allegro_687be0b2c64c04.28005651_6f90265f4ab0aa334279ec1a59b3.jpg\",\"contentUrl\":\"https:\\\/\\\/racom.com.pl\\\/wp-content\\\/uploads\\\/2025\\\/07\\\/allegro_687be0b2c64c04.28005651_6f90265f4ab0aa334279ec1a59b3.jpg\",\"width\":1280,\"height\":1917},{\"@type\":\"BreadcrumbList\",\"@id\":\"https:\\\/\\\/racom.com.pl\\\/index.php\\\/produkt\\\/dilmah-premium-ceylon-herbata-czarna-lisciasta-100g\\\/#breadcrumb\",\"itemListElement\":[{\"@type\":\"ListItem\",\"position\":1,\"name\":\"Strona g\u0142\u00f3wna\",\"item\":\"https:\\\/\\\/racom.com.pl\\\/\"},{\"@type\":\"ListItem\",\"position\":2,\"name\":\"Sklep\",\"item\":\"https:\\\/\\\/racom.com.pl\\\/\"},{\"@type\":\"ListItem\",\"position\":3,\"name\":\"Dilmah Premium Ceylon herbata czarna li\u015bciasta 100g\"}]},{\"@type\":\"WebSite\",\"@id\":\"https:\\\/\\\/racom.com.pl\\\/#website\",\"url\":\"https:\\\/\\\/racom.com.pl\\\/\",\"name\":\"Mix Market - Supermarket z wszystkim co potrzeba do domu i nie tylko\",\"description\":\"\",\"publisher\":{\"@id\":\"https:\\\/\\\/racom.com.pl\\\/#organization\"},\"potentialAction\":[{\"@type\":\"SearchAction\",\"target\":{\"@type\":\"EntryPoint\",\"urlTemplate\":\"https:\\\/\\\/racom.com.pl\\\/?s={search_term_string}\"},\"query-input\":{\"@type\":\"PropertyValueSpecification\",\"valueRequired\":true,\"valueName\":\"search_term_string\"}}],\"inLanguage\":\"pl-PL\"},{\"@type\":\"Organization\",\"@id\":\"https:\\\/\\\/racom.com.pl\\\/#organization\",\"name\":\"Mix Market - Supermarket z wszystkim co potrzeba do domu i nie tylko\",\"url\":\"https:\\\/\\\/racom.com.pl\\\/\",\"logo\":{\"@type\":\"ImageObject\",\"inLanguage\":\"pl-PL\",\"@id\":\"https:\\\/\\\/racom.com.pl\\\/#\\\/schema\\\/logo\\\/image\\\/\",\"url\":\"https:\\\/\\\/racom.com.pl\\\/wp-content\\\/uploads\\\/2025\\\/07\\\/mixmarket_logo.png\",\"contentUrl\":\"https:\\\/\\\/racom.com.pl\\\/wp-content\\\/uploads\\\/2025\\\/07\\\/mixmarket_logo.png\",\"width\":1024,\"height\":1024,\"caption\":\"Mix Market - Supermarket z wszystkim co potrzeba do domu i nie tylko\"},\"image\":{\"@id\":\"https:\\\/\\\/racom.com.pl\\\/#\\\/schema\\\/logo\\\/image\\\/\"}}]}<\/script>\n<!-- \/ Yoast SEO plugin. -->","yoast_head_json":{"title":"Dilmah Premium Ceylon herbata czarna li\u015bciasta 100g - Mix Market - Supermarket z wszystkim co potrzeba","robots":{"index":"index","follow":"follow","max-snippet":"max-snippet:-1","max-image-preview":"max-image-preview:large","max-video-preview":"max-video-preview:-1"},"canonical":"https:\/\/racom.com.pl\/index.php\/produkt\/dilmah-premium-ceylon-herbata-czarna-lisciasta-100g\/","og_locale":"pl_PL","og_type":"article","og_title":"Dilmah Premium Ceylon herbata czarna li\u015bciasta 100g - Mix Market - Supermarket z wszystkim co potrzeba","og_description":"Dilmah Premium Ceylon \u2013 Czarna herbata li\u015bciasta OP (100g) Dilmah Premium Ceylon to klasyczna, sypka czarna herbata o \u015bredniej mocy, pochodz\u0105ca z renomowanych plantacji na Sri Lance. Wykonana z du\u017cych li\u015bci typu OP (Orange Pekoe), zapewnia \u0142agodniejszy i bardziej szlachetny napar ni\u017c popularne herbaty z li\u015bci \u0142amanych. Doskona\u0142a do picia na co dzie\u0144 \u2013 o [&hellip;]","og_url":"https:\/\/racom.com.pl\/index.php\/produkt\/dilmah-premium-ceylon-herbata-czarna-lisciasta-100g\/","og_site_name":"Mix Market - Supermarket z wszystkim co potrzeba","og_image":[{"width":1280,"height":1917,"url":"https:\/\/racom.com.pl\/wp-content\/uploads\/2025\/07\/allegro_687be0b2c64c04.28005651_6f90265f4ab0aa334279ec1a59b3.jpg","type":"image\/jpeg"}],"twitter_card":"summary_large_image","twitter_misc":{"Szacowany czas czytania":"2 minuty"},"schema":{"@context":"https:\/\/schema.org","@graph":[{"@type":"WebPage","@id":"https:\/\/racom.com.pl\/index.php\/produkt\/dilmah-premium-ceylon-herbata-czarna-lisciasta-100g\/","url":"https:\/\/racom.com.pl\/index.php\/produkt\/dilmah-premium-ceylon-herbata-czarna-lisciasta-100g\/","name":"Dilmah Premium Ceylon herbata czarna li\u015bciasta 100g - Mix Market - Supermarket z wszystkim co potrzeba","isPartOf":{"@id":"https:\/\/racom.com.pl\/#website"},"primaryImageOfPage":{"@id":"https:\/\/racom.com.pl\/index.php\/produkt\/dilmah-premium-ceylon-herbata-czarna-lisciasta-100g\/#primaryimage"},"image":{"@id":"https:\/\/racom.com.pl\/index.php\/produkt\/dilmah-premium-ceylon-herbata-czarna-lisciasta-100g\/#primaryimage"},"thumbnailUrl":"https:\/\/racom.com.pl\/wp-content\/uploads\/2025\/07\/allegro_687be0b2c64c04.28005651_6f90265f4ab0aa334279ec1a59b3.jpg","datePublished":"2025-07-19T18:12:22+00:00","breadcrumb":{"@id":"https:\/\/racom.com.pl\/index.php\/produkt\/dilmah-premium-ceylon-herbata-czarna-lisciasta-100g\/#breadcrumb"},"inLanguage":"pl-PL","potentialAction":[{"@type":"ReadAction","target":["https:\/\/racom.com.pl\/index.php\/produkt\/dilmah-premium-ceylon-herbata-czarna-lisciasta-100g\/"]}]},{"@type":"ImageObject","inLanguage":"pl-PL","@id":"https:\/\/racom.com.pl\/index.php\/produkt\/dilmah-premium-ceylon-herbata-czarna-lisciasta-100g\/#primaryimage","url":"https:\/\/racom.com.pl\/wp-content\/uploads\/2025\/07\/allegro_687be0b2c64c04.28005651_6f90265f4ab0aa334279ec1a59b3.jpg","contentUrl":"https:\/\/racom.com.pl\/wp-content\/uploads\/2025\/07\/allegro_687be0b2c64c04.28005651_6f90265f4ab0aa334279ec1a59b3.jpg","width":1280,"height":1917},{"@type":"BreadcrumbList","@id":"https:\/\/racom.com.pl\/index.php\/produkt\/dilmah-premium-ceylon-herbata-czarna-lisciasta-100g\/#breadcrumb","itemListElement":[{"@type":"ListItem","position":1,"name":"Strona g\u0142\u00f3wna","item":"https:\/\/racom.com.pl\/"},{"@type":"ListItem","position":2,"name":"Sklep","item":"https:\/\/racom.com.pl\/"},{"@type":"ListItem","position":3,"name":"Dilmah Premium Ceylon herbata czarna li\u015bciasta 100g"}]},{"@type":"WebSite","@id":"https:\/\/racom.com.pl\/#website","url":"https:\/\/racom.com.pl\/","name":"Mix Market - Supermarket z wszystkim co potrzeba do domu i nie tylko","description":"","publisher":{"@id":"https:\/\/racom.com.pl\/#organization"},"potentialAction":[{"@type":"SearchAction","target":{"@type":"EntryPoint","urlTemplate":"https:\/\/racom.com.pl\/?s={search_term_string}"},"query-input":{"@type":"PropertyValueSpecification","valueRequired":true,"valueName":"search_term_string"}}],"inLanguage":"pl-PL"},{"@type":"Organization","@id":"https:\/\/racom.com.pl\/#organization","name":"Mix Market - Supermarket z wszystkim co potrzeba do domu i nie tylko","url":"https:\/\/racom.com.pl\/","logo":{"@type":"ImageObject","inLanguage":"pl-PL","@id":"https:\/\/racom.com.pl\/#\/schema\/logo\/image\/","url":"https:\/\/racom.com.pl\/wp-content\/uploads\/2025\/07\/mixmarket_logo.png","contentUrl":"https:\/\/racom.com.pl\/wp-content\/uploads\/2025\/07\/mixmarket_logo.png","width":1024,"height":1024,"caption":"Mix Market - Supermarket z wszystkim co potrzeba do domu i nie tylko"},"image":{"@id":"https:\/\/racom.com.pl\/#\/schema\/logo\/image\/"}}]}},"_links":{"self":[{"href":"https:\/\/racom.com.pl\/index.php\/wp-json\/wp\/v2\/product\/3208","targetHints":{"allow":["GET"]}}],"collection":[{"href":"https:\/\/racom.com.pl\/index.php\/wp-json\/wp\/v2\/product"}],"about":[{"href":"https:\/\/racom.com.pl\/index.php\/wp-json\/wp\/v2\/types\/product"}],"replies":[{"embeddable":true,"href":"https:\/\/racom.com.pl\/index.php\/wp-json\/wp\/v2\/comments?post=3208"}],"wp:featuredmedia":[{"embeddable":true,"href":"https:\/\/racom.com.pl\/index.php\/wp-json\/wp\/v2\/media\/3216"}],"wp:attachment":[{"href":"https:\/\/racom.com.pl\/index.php\/wp-json\/wp\/v2\/media?parent=3208"}],"wp:term":[{"taxonomy":"product_brand","embeddable":true,"href":"https:\/\/racom.com.pl\/index.php\/wp-json\/wp\/v2\/product_brand?post=3208"},{"taxonomy":"product_cat","embeddable":true,"href":"https:\/\/racom.com.pl\/index.php\/wp-json\/wp\/v2\/product_cat?post=3208"},{"taxonomy":"product_tag","embeddable":true,"href":"https:\/\/racom.com.pl\/index.php\/wp-json\/wp\/v2\/product_tag?post=3208"}],"curies":[{"name":"wp","href":"https:\/\/api.w.org\/{rel}","templated":true}]}}