{"id":3227,"date":"2025-07-19T20:20:08","date_gmt":"2025-07-19T18:20:08","guid":{"rendered":"http:\/\/192.168.2.106\/index.php\/produkt\/muffiny-sniadaniowe-buleczki-francuskie-la-boulangere-brioche-250-g\/"},"modified":"2025-11-18T23:34:38","modified_gmt":"2025-11-18T22:34:38","slug":"muffiny-sniadaniowe-buleczki-francuskie-la-boulangere-brioche-250-g","status":"publish","type":"product","link":"https:\/\/racom.com.pl\/index.php\/produkt\/muffiny-sniadaniowe-buleczki-francuskie-la-boulangere-brioche-250-g\/","title":{"rendered":"Muffiny \u015bniadaniowe Bu\u0142eczki Francuskie La Boulangere Brioche 250 g"},"content":{"rendered":"<h2>La Boulang\u00e8re \u2013 Muffiny \u015bniadaniowe Brioche 250 g<\/h2>\n<p>Delikatne, puszyste <b>bu\u0142eczki \u015bniadaniowe typu brioche<\/b>, wypiekane wed\u0142ug francuskiej receptury. Doskona\u0142e na \u015bniadanie, do kanapek, tostowania lub jako lekka przek\u0105ska.<\/p>\n<p><b>Nazwa produktu (uregulowana prawnie):<\/b><\/p>\n<p>Bu\u0142eczki \u015bniadaniowe <b>Brioche Muffins<\/b> 250 g<\/p>\n<p><b>Marka:<\/b><\/p>\n<p><b>La Boulang\u00e8re<\/b><\/p>\n<p><b>Zawarto\u015b\u0107 netto:<\/b><\/p>\n<p>250 g<\/p>\n<p><b>Sk\u0142adniki:<\/b><\/p>\n<p>M\u0105ka <b>pszenna<\/b>, <b>jaja<\/b> 16% (z chowu \u015bci\u00f3\u0142kowego), cukier, olej rzepakowy, <b>semolina<\/b> z pszenicy durum, <b>mleko odt\u0142uszczone w proszku<\/b>, s\u00f3l, dro\u017cd\u017ce, <b>gluten pszenny<\/b>, substancja konserwuj\u0105ca: <b>kwas sorbowy<\/b>, barwnik: <b>karoteny<\/b>, dro\u017cd\u017ce dezaktywowane, \u015brodek do przetwarzania m\u0105ki: <b>kwas askorbinowy<\/b>.<\/p>\n<p><b>Mo\u017ce zawiera\u0107 \u015bladowe ilo\u015bci orzech\u00f3w.<\/b><\/p>\n","protected":false},"excerpt":{"rendered":"<p>La Boulang\u00e8re \u2013 Muffiny \u015bniadaniowe Brioche 250 g Delikatne, puszyste bu\u0142eczki \u015bniadaniowe typu brioche, wypiekane wed\u0142ug francuskiej receptury. Doskona\u0142e na \u015bniadanie, do kanapek, tostowania lub jako lekka przek\u0105ska. Nazwa produktu (uregulowana prawnie): Bu\u0142eczki \u015bniadaniowe Brioche Muffins 250 g Marka: La Boulang\u00e8re Zawarto\u015b\u0107 netto: 250 g Sk\u0142adniki: M\u0105ka pszenna, jaja 16% (z chowu \u015bci\u00f3\u0142kowego), cukier, olej [&hellip;]<\/p>\n","protected":false},"featured_media":3230,"comment_status":"open","ping_status":"closed","template":"","meta":[],"product_brand":[220],"product_cat":[219],"product_tag":[],"class_list":{"0":"post-3227","1":"product","2":"type-product","3":"status-publish","4":"has-post-thumbnail","6":"product_brand-la-boulangere","7":"product_cat-pieczywo","9":"first","10":"instock","11":"taxable","12":"shipping-taxable","13":"purchasable","14":"product-type-simple"},"yoast_head":"<!-- This site is optimized with the Yoast SEO plugin v27.3 - https:\/\/yoast.com\/product\/yoast-seo-wordpress\/ -->\n<title>Muffiny \u015bniadaniowe Bu\u0142eczki Francuskie La Boulangere Brioche 250 g - Mix Market - Supermarket z wszystkim co potrzeba<\/title>\n<meta name=\"robots\" content=\"index, follow, max-snippet:-1, max-image-preview:large, max-video-preview:-1\" \/>\n<link rel=\"canonical\" href=\"https:\/\/racom.com.pl\/index.php\/produkt\/muffiny-sniadaniowe-buleczki-francuskie-la-boulangere-brioche-250-g\/\" \/>\n<meta property=\"og:locale\" content=\"pl_PL\" \/>\n<meta property=\"og:type\" content=\"article\" \/>\n<meta property=\"og:title\" content=\"Muffiny \u015bniadaniowe Bu\u0142eczki Francuskie La Boulangere Brioche 250 g - Mix Market - Supermarket z wszystkim co potrzeba\" \/>\n<meta property=\"og:description\" content=\"La Boulang\u00e8re \u2013 Muffiny \u015bniadaniowe Brioche 250 g Delikatne, puszyste bu\u0142eczki \u015bniadaniowe typu brioche, wypiekane wed\u0142ug francuskiej receptury. Doskona\u0142e na \u015bniadanie, do kanapek, tostowania lub jako lekka przek\u0105ska. Nazwa produktu (uregulowana prawnie): Bu\u0142eczki \u015bniadaniowe Brioche Muffins 250 g Marka: La Boulang\u00e8re Zawarto\u015b\u0107 netto: 250 g Sk\u0142adniki: M\u0105ka pszenna, jaja 16% (z chowu \u015bci\u00f3\u0142kowego), cukier, olej [&hellip;]\" \/>\n<meta property=\"og:url\" content=\"https:\/\/racom.com.pl\/index.php\/produkt\/muffiny-sniadaniowe-buleczki-francuskie-la-boulangere-brioche-250-g\/\" \/>\n<meta property=\"og:site_name\" content=\"Mix Market - Supermarket z wszystkim co potrzeba\" \/>\n<meta property=\"article:modified_time\" content=\"2025-11-18T22:34:38+00:00\" \/>\n<meta property=\"og:image\" content=\"https:\/\/racom.com.pl\/wp-content\/uploads\/2025\/07\/allegro_687be2221c5979.15666377_2c264b2249a6b7ce6510acec37d4.jpg\" \/>\n\t<meta property=\"og:image:width\" content=\"1800\" \/>\n\t<meta property=\"og:image:height\" content=\"1800\" \/>\n\t<meta property=\"og:image:type\" content=\"image\/jpeg\" \/>\n<meta name=\"twitter:card\" content=\"summary_large_image\" \/>\n<script type=\"application\/ld+json\" class=\"yoast-schema-graph\">{\"@context\":\"https:\\\/\\\/schema.org\",\"@graph\":[{\"@type\":\"WebPage\",\"@id\":\"https:\\\/\\\/racom.com.pl\\\/index.php\\\/produkt\\\/muffiny-sniadaniowe-buleczki-francuskie-la-boulangere-brioche-250-g\\\/\",\"url\":\"https:\\\/\\\/racom.com.pl\\\/index.php\\\/produkt\\\/muffiny-sniadaniowe-buleczki-francuskie-la-boulangere-brioche-250-g\\\/\",\"name\":\"Muffiny \u015bniadaniowe Bu\u0142eczki Francuskie La Boulangere Brioche 250 g - Mix Market - Supermarket z wszystkim co potrzeba\",\"isPartOf\":{\"@id\":\"https:\\\/\\\/racom.com.pl\\\/#website\"},\"primaryImageOfPage\":{\"@id\":\"https:\\\/\\\/racom.com.pl\\\/index.php\\\/produkt\\\/muffiny-sniadaniowe-buleczki-francuskie-la-boulangere-brioche-250-g\\\/#primaryimage\"},\"image\":{\"@id\":\"https:\\\/\\\/racom.com.pl\\\/index.php\\\/produkt\\\/muffiny-sniadaniowe-buleczki-francuskie-la-boulangere-brioche-250-g\\\/#primaryimage\"},\"thumbnailUrl\":\"https:\\\/\\\/racom.com.pl\\\/wp-content\\\/uploads\\\/2025\\\/07\\\/allegro_687be2221c5979.15666377_2c264b2249a6b7ce6510acec37d4.jpg\",\"datePublished\":\"2025-07-19T18:20:08+00:00\",\"dateModified\":\"2025-11-18T22:34:38+00:00\",\"breadcrumb\":{\"@id\":\"https:\\\/\\\/racom.com.pl\\\/index.php\\\/produkt\\\/muffiny-sniadaniowe-buleczki-francuskie-la-boulangere-brioche-250-g\\\/#breadcrumb\"},\"inLanguage\":\"pl-PL\",\"potentialAction\":[{\"@type\":\"ReadAction\",\"target\":[\"https:\\\/\\\/racom.com.pl\\\/index.php\\\/produkt\\\/muffiny-sniadaniowe-buleczki-francuskie-la-boulangere-brioche-250-g\\\/\"]}]},{\"@type\":\"ImageObject\",\"inLanguage\":\"pl-PL\",\"@id\":\"https:\\\/\\\/racom.com.pl\\\/index.php\\\/produkt\\\/muffiny-sniadaniowe-buleczki-francuskie-la-boulangere-brioche-250-g\\\/#primaryimage\",\"url\":\"https:\\\/\\\/racom.com.pl\\\/wp-content\\\/uploads\\\/2025\\\/07\\\/allegro_687be2221c5979.15666377_2c264b2249a6b7ce6510acec37d4.jpg\",\"contentUrl\":\"https:\\\/\\\/racom.com.pl\\\/wp-content\\\/uploads\\\/2025\\\/07\\\/allegro_687be2221c5979.15666377_2c264b2249a6b7ce6510acec37d4.jpg\",\"width\":1800,\"height\":1800},{\"@type\":\"BreadcrumbList\",\"@id\":\"https:\\\/\\\/racom.com.pl\\\/index.php\\\/produkt\\\/muffiny-sniadaniowe-buleczki-francuskie-la-boulangere-brioche-250-g\\\/#breadcrumb\",\"itemListElement\":[{\"@type\":\"ListItem\",\"position\":1,\"name\":\"Strona g\u0142\u00f3wna\",\"item\":\"https:\\\/\\\/racom.com.pl\\\/\"},{\"@type\":\"ListItem\",\"position\":2,\"name\":\"Sklep\",\"item\":\"https:\\\/\\\/racom.com.pl\\\/\"},{\"@type\":\"ListItem\",\"position\":3,\"name\":\"Muffiny \u015bniadaniowe Bu\u0142eczki Francuskie La Boulangere Brioche 250 g\"}]},{\"@type\":\"WebSite\",\"@id\":\"https:\\\/\\\/racom.com.pl\\\/#website\",\"url\":\"https:\\\/\\\/racom.com.pl\\\/\",\"name\":\"Mix Market - Supermarket z wszystkim co potrzeba do domu i nie tylko\",\"description\":\"\",\"publisher\":{\"@id\":\"https:\\\/\\\/racom.com.pl\\\/#organization\"},\"potentialAction\":[{\"@type\":\"SearchAction\",\"target\":{\"@type\":\"EntryPoint\",\"urlTemplate\":\"https:\\\/\\\/racom.com.pl\\\/?s={search_term_string}\"},\"query-input\":{\"@type\":\"PropertyValueSpecification\",\"valueRequired\":true,\"valueName\":\"search_term_string\"}}],\"inLanguage\":\"pl-PL\"},{\"@type\":\"Organization\",\"@id\":\"https:\\\/\\\/racom.com.pl\\\/#organization\",\"name\":\"Mix Market - Supermarket z wszystkim co potrzeba do domu i nie tylko\",\"url\":\"https:\\\/\\\/racom.com.pl\\\/\",\"logo\":{\"@type\":\"ImageObject\",\"inLanguage\":\"pl-PL\",\"@id\":\"https:\\\/\\\/racom.com.pl\\\/#\\\/schema\\\/logo\\\/image\\\/\",\"url\":\"https:\\\/\\\/racom.com.pl\\\/wp-content\\\/uploads\\\/2025\\\/07\\\/mixmarket_logo.png\",\"contentUrl\":\"https:\\\/\\\/racom.com.pl\\\/wp-content\\\/uploads\\\/2025\\\/07\\\/mixmarket_logo.png\",\"width\":1024,\"height\":1024,\"caption\":\"Mix Market - Supermarket z wszystkim co potrzeba do domu i nie tylko\"},\"image\":{\"@id\":\"https:\\\/\\\/racom.com.pl\\\/#\\\/schema\\\/logo\\\/image\\\/\"}}]}<\/script>\n<!-- \/ Yoast SEO plugin. -->","yoast_head_json":{"title":"Muffiny \u015bniadaniowe Bu\u0142eczki Francuskie La Boulangere Brioche 250 g - Mix Market - Supermarket z wszystkim co potrzeba","robots":{"index":"index","follow":"follow","max-snippet":"max-snippet:-1","max-image-preview":"max-image-preview:large","max-video-preview":"max-video-preview:-1"},"canonical":"https:\/\/racom.com.pl\/index.php\/produkt\/muffiny-sniadaniowe-buleczki-francuskie-la-boulangere-brioche-250-g\/","og_locale":"pl_PL","og_type":"article","og_title":"Muffiny \u015bniadaniowe Bu\u0142eczki Francuskie La Boulangere Brioche 250 g - Mix Market - Supermarket z wszystkim co potrzeba","og_description":"La Boulang\u00e8re \u2013 Muffiny \u015bniadaniowe Brioche 250 g Delikatne, puszyste bu\u0142eczki \u015bniadaniowe typu brioche, wypiekane wed\u0142ug francuskiej receptury. Doskona\u0142e na \u015bniadanie, do kanapek, tostowania lub jako lekka przek\u0105ska. Nazwa produktu (uregulowana prawnie): Bu\u0142eczki \u015bniadaniowe Brioche Muffins 250 g Marka: La Boulang\u00e8re Zawarto\u015b\u0107 netto: 250 g Sk\u0142adniki: M\u0105ka pszenna, jaja 16% (z chowu \u015bci\u00f3\u0142kowego), cukier, olej [&hellip;]","og_url":"https:\/\/racom.com.pl\/index.php\/produkt\/muffiny-sniadaniowe-buleczki-francuskie-la-boulangere-brioche-250-g\/","og_site_name":"Mix Market - Supermarket z wszystkim co potrzeba","article_modified_time":"2025-11-18T22:34:38+00:00","og_image":[{"width":1800,"height":1800,"url":"https:\/\/racom.com.pl\/wp-content\/uploads\/2025\/07\/allegro_687be2221c5979.15666377_2c264b2249a6b7ce6510acec37d4.jpg","type":"image\/jpeg"}],"twitter_card":"summary_large_image","schema":{"@context":"https:\/\/schema.org","@graph":[{"@type":"WebPage","@id":"https:\/\/racom.com.pl\/index.php\/produkt\/muffiny-sniadaniowe-buleczki-francuskie-la-boulangere-brioche-250-g\/","url":"https:\/\/racom.com.pl\/index.php\/produkt\/muffiny-sniadaniowe-buleczki-francuskie-la-boulangere-brioche-250-g\/","name":"Muffiny \u015bniadaniowe Bu\u0142eczki Francuskie La Boulangere Brioche 250 g - Mix Market - Supermarket z wszystkim co potrzeba","isPartOf":{"@id":"https:\/\/racom.com.pl\/#website"},"primaryImageOfPage":{"@id":"https:\/\/racom.com.pl\/index.php\/produkt\/muffiny-sniadaniowe-buleczki-francuskie-la-boulangere-brioche-250-g\/#primaryimage"},"image":{"@id":"https:\/\/racom.com.pl\/index.php\/produkt\/muffiny-sniadaniowe-buleczki-francuskie-la-boulangere-brioche-250-g\/#primaryimage"},"thumbnailUrl":"https:\/\/racom.com.pl\/wp-content\/uploads\/2025\/07\/allegro_687be2221c5979.15666377_2c264b2249a6b7ce6510acec37d4.jpg","datePublished":"2025-07-19T18:20:08+00:00","dateModified":"2025-11-18T22:34:38+00:00","breadcrumb":{"@id":"https:\/\/racom.com.pl\/index.php\/produkt\/muffiny-sniadaniowe-buleczki-francuskie-la-boulangere-brioche-250-g\/#breadcrumb"},"inLanguage":"pl-PL","potentialAction":[{"@type":"ReadAction","target":["https:\/\/racom.com.pl\/index.php\/produkt\/muffiny-sniadaniowe-buleczki-francuskie-la-boulangere-brioche-250-g\/"]}]},{"@type":"ImageObject","inLanguage":"pl-PL","@id":"https:\/\/racom.com.pl\/index.php\/produkt\/muffiny-sniadaniowe-buleczki-francuskie-la-boulangere-brioche-250-g\/#primaryimage","url":"https:\/\/racom.com.pl\/wp-content\/uploads\/2025\/07\/allegro_687be2221c5979.15666377_2c264b2249a6b7ce6510acec37d4.jpg","contentUrl":"https:\/\/racom.com.pl\/wp-content\/uploads\/2025\/07\/allegro_687be2221c5979.15666377_2c264b2249a6b7ce6510acec37d4.jpg","width":1800,"height":1800},{"@type":"BreadcrumbList","@id":"https:\/\/racom.com.pl\/index.php\/produkt\/muffiny-sniadaniowe-buleczki-francuskie-la-boulangere-brioche-250-g\/#breadcrumb","itemListElement":[{"@type":"ListItem","position":1,"name":"Strona g\u0142\u00f3wna","item":"https:\/\/racom.com.pl\/"},{"@type":"ListItem","position":2,"name":"Sklep","item":"https:\/\/racom.com.pl\/"},{"@type":"ListItem","position":3,"name":"Muffiny \u015bniadaniowe Bu\u0142eczki Francuskie La Boulangere Brioche 250 g"}]},{"@type":"WebSite","@id":"https:\/\/racom.com.pl\/#website","url":"https:\/\/racom.com.pl\/","name":"Mix Market - Supermarket z wszystkim co potrzeba do domu i nie tylko","description":"","publisher":{"@id":"https:\/\/racom.com.pl\/#organization"},"potentialAction":[{"@type":"SearchAction","target":{"@type":"EntryPoint","urlTemplate":"https:\/\/racom.com.pl\/?s={search_term_string}"},"query-input":{"@type":"PropertyValueSpecification","valueRequired":true,"valueName":"search_term_string"}}],"inLanguage":"pl-PL"},{"@type":"Organization","@id":"https:\/\/racom.com.pl\/#organization","name":"Mix Market - Supermarket z wszystkim co potrzeba do domu i nie tylko","url":"https:\/\/racom.com.pl\/","logo":{"@type":"ImageObject","inLanguage":"pl-PL","@id":"https:\/\/racom.com.pl\/#\/schema\/logo\/image\/","url":"https:\/\/racom.com.pl\/wp-content\/uploads\/2025\/07\/mixmarket_logo.png","contentUrl":"https:\/\/racom.com.pl\/wp-content\/uploads\/2025\/07\/mixmarket_logo.png","width":1024,"height":1024,"caption":"Mix Market - Supermarket z wszystkim co potrzeba do domu i nie tylko"},"image":{"@id":"https:\/\/racom.com.pl\/#\/schema\/logo\/image\/"}}]}},"_links":{"self":[{"href":"https:\/\/racom.com.pl\/index.php\/wp-json\/wp\/v2\/product\/3227","targetHints":{"allow":["GET"]}}],"collection":[{"href":"https:\/\/racom.com.pl\/index.php\/wp-json\/wp\/v2\/product"}],"about":[{"href":"https:\/\/racom.com.pl\/index.php\/wp-json\/wp\/v2\/types\/product"}],"replies":[{"embeddable":true,"href":"https:\/\/racom.com.pl\/index.php\/wp-json\/wp\/v2\/comments?post=3227"}],"wp:featuredmedia":[{"embeddable":true,"href":"https:\/\/racom.com.pl\/index.php\/wp-json\/wp\/v2\/media\/3230"}],"wp:attachment":[{"href":"https:\/\/racom.com.pl\/index.php\/wp-json\/wp\/v2\/media?parent=3227"}],"wp:term":[{"taxonomy":"product_brand","embeddable":true,"href":"https:\/\/racom.com.pl\/index.php\/wp-json\/wp\/v2\/product_brand?post=3227"},{"taxonomy":"product_cat","embeddable":true,"href":"https:\/\/racom.com.pl\/index.php\/wp-json\/wp\/v2\/product_cat?post=3227"},{"taxonomy":"product_tag","embeddable":true,"href":"https:\/\/racom.com.pl\/index.php\/wp-json\/wp\/v2\/product_tag?post=3227"}],"curies":[{"name":"wp","href":"https:\/\/api.w.org\/{rel}","templated":true}]}}