{"id":3244,"date":"2025-07-19T20:26:41","date_gmt":"2025-07-19T18:26:41","guid":{"rendered":"http:\/\/192.168.2.106\/index.php\/produkt\/szklo-oko-kamery-aparatu-samsung-s6-edge-g925-n\/"},"modified":"2025-07-19T20:26:41","modified_gmt":"2025-07-19T18:26:41","slug":"szklo-oko-kamery-aparatu-samsung-s6-edge-g925-n","status":"publish","type":"product","link":"https:\/\/racom.com.pl\/index.php\/produkt\/szklo-oko-kamery-aparatu-samsung-s6-edge-g925-n\/","title":{"rendered":"SZK\u0141O OKO KAMERY APARATU SAMSUNG S6 EDGE G925 \/N"},"content":{"rendered":"<h2>SZYBKA Z OPRAWK\u0104 KAMERY APARATU SAMSUNG GALAXY S6 EDGE G925<\/h2>\n<p>Fabrycznie nowa szybka wykonana z twardego plexi do telefonu Samsung Galaxy S6 Edge G925. Kolor Niebieski.<\/p>\n<ul>\n<li><b>W\u0142a\u015bciwo\u015b\u0107:<\/b> Informacja:<\/li>\n<li><b>Stan:<\/b> 100% NOWE<\/li>\n<li><b>Gwarancja:<\/b> TAK<\/li>\n<li><b>Kod produktu:<\/b> A336<\/li>\n<li><b>Wymiary:<\/b> zgodne<\/li>\n<li><b>Kompatybilno\u015b\u0107:<\/b> Samsung Galaxy<\/li>\n<li>S6 Edge G925<\/li>\n<\/ul>\n","protected":false},"excerpt":{"rendered":"<p>SZYBKA Z OPRAWK\u0104 KAMERY APARATU SAMSUNG GALAXY S6 EDGE G925 Fabrycznie nowa szybka wykonana z twardego plexi do telefonu Samsung Galaxy S6 Edge G925. Kolor Niebieski. W\u0142a\u015bciwo\u015b\u0107: Informacja: Stan: 100% NOWE Gwarancja: TAK Kod produktu: A336 Wymiary: zgodne Kompatybilno\u015b\u0107: Samsung Galaxy S6 Edge G925<\/p>\n","protected":false},"featured_media":3247,"comment_status":"open","ping_status":"closed","template":"","meta":[],"product_brand":[75],"product_cat":[221],"product_tag":[],"class_list":{"0":"post-3244","1":"product","2":"type-product","3":"status-publish","4":"has-post-thumbnail","6":"product_brand-aigo","7":"product_cat-osprzet-do-elektronarzedzi","9":"first","10":"instock","11":"taxable","12":"shipping-taxable","13":"purchasable","14":"product-type-simple"},"yoast_head":"<!-- This site is optimized with the Yoast SEO plugin v27.3 - https:\/\/yoast.com\/product\/yoast-seo-wordpress\/ -->\n<title>SZK\u0141O OKO KAMERY APARATU SAMSUNG S6 EDGE G925 \/N - Mix Market - Supermarket z wszystkim co potrzeba<\/title>\n<meta name=\"robots\" content=\"index, follow, max-snippet:-1, max-image-preview:large, max-video-preview:-1\" \/>\n<link rel=\"canonical\" href=\"https:\/\/racom.com.pl\/index.php\/produkt\/szklo-oko-kamery-aparatu-samsung-s6-edge-g925-n\/\" \/>\n<meta property=\"og:locale\" content=\"pl_PL\" \/>\n<meta property=\"og:type\" content=\"article\" \/>\n<meta property=\"og:title\" content=\"SZK\u0141O OKO KAMERY APARATU SAMSUNG S6 EDGE G925 \/N - Mix Market - Supermarket z wszystkim co potrzeba\" \/>\n<meta property=\"og:description\" content=\"SZYBKA Z OPRAWK\u0104 KAMERY APARATU SAMSUNG GALAXY S6 EDGE G925 Fabrycznie nowa szybka wykonana z twardego plexi do telefonu Samsung Galaxy S6 Edge G925. Kolor Niebieski. W\u0142a\u015bciwo\u015b\u0107: Informacja: Stan: 100% NOWE Gwarancja: TAK Kod produktu: A336 Wymiary: zgodne Kompatybilno\u015b\u0107: Samsung Galaxy S6 Edge G925\" \/>\n<meta property=\"og:url\" content=\"https:\/\/racom.com.pl\/index.php\/produkt\/szklo-oko-kamery-aparatu-samsung-s6-edge-g925-n\/\" \/>\n<meta property=\"og:site_name\" content=\"Mix Market - Supermarket z wszystkim co potrzeba\" \/>\n<meta property=\"og:image\" content=\"https:\/\/racom.com.pl\/wp-content\/uploads\/2025\/07\/allegro_687be396991284.41627683_50d63f76470f905b58d134492fe3.jpg\" \/>\n\t<meta property=\"og:image:width\" content=\"783\" \/>\n\t<meta property=\"og:image:height\" content=\"575\" \/>\n\t<meta property=\"og:image:type\" content=\"image\/jpeg\" \/>\n<meta name=\"twitter:card\" content=\"summary_large_image\" \/>\n<script type=\"application\/ld+json\" class=\"yoast-schema-graph\">{\"@context\":\"https:\\\/\\\/schema.org\",\"@graph\":[{\"@type\":\"WebPage\",\"@id\":\"https:\\\/\\\/racom.com.pl\\\/index.php\\\/produkt\\\/szklo-oko-kamery-aparatu-samsung-s6-edge-g925-n\\\/\",\"url\":\"https:\\\/\\\/racom.com.pl\\\/index.php\\\/produkt\\\/szklo-oko-kamery-aparatu-samsung-s6-edge-g925-n\\\/\",\"name\":\"SZK\u0141O OKO KAMERY APARATU SAMSUNG S6 EDGE G925 \\\/N - Mix Market - Supermarket z wszystkim co potrzeba\",\"isPartOf\":{\"@id\":\"https:\\\/\\\/racom.com.pl\\\/#website\"},\"primaryImageOfPage\":{\"@id\":\"https:\\\/\\\/racom.com.pl\\\/index.php\\\/produkt\\\/szklo-oko-kamery-aparatu-samsung-s6-edge-g925-n\\\/#primaryimage\"},\"image\":{\"@id\":\"https:\\\/\\\/racom.com.pl\\\/index.php\\\/produkt\\\/szklo-oko-kamery-aparatu-samsung-s6-edge-g925-n\\\/#primaryimage\"},\"thumbnailUrl\":\"https:\\\/\\\/racom.com.pl\\\/wp-content\\\/uploads\\\/2025\\\/07\\\/allegro_687be396991284.41627683_50d63f76470f905b58d134492fe3.jpg\",\"datePublished\":\"2025-07-19T18:26:41+00:00\",\"breadcrumb\":{\"@id\":\"https:\\\/\\\/racom.com.pl\\\/index.php\\\/produkt\\\/szklo-oko-kamery-aparatu-samsung-s6-edge-g925-n\\\/#breadcrumb\"},\"inLanguage\":\"pl-PL\",\"potentialAction\":[{\"@type\":\"ReadAction\",\"target\":[\"https:\\\/\\\/racom.com.pl\\\/index.php\\\/produkt\\\/szklo-oko-kamery-aparatu-samsung-s6-edge-g925-n\\\/\"]}]},{\"@type\":\"ImageObject\",\"inLanguage\":\"pl-PL\",\"@id\":\"https:\\\/\\\/racom.com.pl\\\/index.php\\\/produkt\\\/szklo-oko-kamery-aparatu-samsung-s6-edge-g925-n\\\/#primaryimage\",\"url\":\"https:\\\/\\\/racom.com.pl\\\/wp-content\\\/uploads\\\/2025\\\/07\\\/allegro_687be396991284.41627683_50d63f76470f905b58d134492fe3.jpg\",\"contentUrl\":\"https:\\\/\\\/racom.com.pl\\\/wp-content\\\/uploads\\\/2025\\\/07\\\/allegro_687be396991284.41627683_50d63f76470f905b58d134492fe3.jpg\",\"width\":783,\"height\":575},{\"@type\":\"BreadcrumbList\",\"@id\":\"https:\\\/\\\/racom.com.pl\\\/index.php\\\/produkt\\\/szklo-oko-kamery-aparatu-samsung-s6-edge-g925-n\\\/#breadcrumb\",\"itemListElement\":[{\"@type\":\"ListItem\",\"position\":1,\"name\":\"Strona g\u0142\u00f3wna\",\"item\":\"https:\\\/\\\/racom.com.pl\\\/\"},{\"@type\":\"ListItem\",\"position\":2,\"name\":\"Sklep\",\"item\":\"https:\\\/\\\/racom.com.pl\\\/\"},{\"@type\":\"ListItem\",\"position\":3,\"name\":\"SZK\u0141O OKO KAMERY APARATU SAMSUNG S6 EDGE G925 \\\/N\"}]},{\"@type\":\"WebSite\",\"@id\":\"https:\\\/\\\/racom.com.pl\\\/#website\",\"url\":\"https:\\\/\\\/racom.com.pl\\\/\",\"name\":\"Mix Market - Supermarket z wszystkim co potrzeba do domu i nie tylko\",\"description\":\"\",\"publisher\":{\"@id\":\"https:\\\/\\\/racom.com.pl\\\/#organization\"},\"potentialAction\":[{\"@type\":\"SearchAction\",\"target\":{\"@type\":\"EntryPoint\",\"urlTemplate\":\"https:\\\/\\\/racom.com.pl\\\/?s={search_term_string}\"},\"query-input\":{\"@type\":\"PropertyValueSpecification\",\"valueRequired\":true,\"valueName\":\"search_term_string\"}}],\"inLanguage\":\"pl-PL\"},{\"@type\":\"Organization\",\"@id\":\"https:\\\/\\\/racom.com.pl\\\/#organization\",\"name\":\"Mix Market - Supermarket z wszystkim co potrzeba do domu i nie tylko\",\"url\":\"https:\\\/\\\/racom.com.pl\\\/\",\"logo\":{\"@type\":\"ImageObject\",\"inLanguage\":\"pl-PL\",\"@id\":\"https:\\\/\\\/racom.com.pl\\\/#\\\/schema\\\/logo\\\/image\\\/\",\"url\":\"https:\\\/\\\/racom.com.pl\\\/wp-content\\\/uploads\\\/2025\\\/07\\\/mixmarket_logo.png\",\"contentUrl\":\"https:\\\/\\\/racom.com.pl\\\/wp-content\\\/uploads\\\/2025\\\/07\\\/mixmarket_logo.png\",\"width\":1024,\"height\":1024,\"caption\":\"Mix Market - Supermarket z wszystkim co potrzeba do domu i nie tylko\"},\"image\":{\"@id\":\"https:\\\/\\\/racom.com.pl\\\/#\\\/schema\\\/logo\\\/image\\\/\"}}]}<\/script>\n<!-- \/ Yoast SEO plugin. -->","yoast_head_json":{"title":"SZK\u0141O OKO KAMERY APARATU SAMSUNG S6 EDGE G925 \/N - Mix Market - Supermarket z wszystkim co potrzeba","robots":{"index":"index","follow":"follow","max-snippet":"max-snippet:-1","max-image-preview":"max-image-preview:large","max-video-preview":"max-video-preview:-1"},"canonical":"https:\/\/racom.com.pl\/index.php\/produkt\/szklo-oko-kamery-aparatu-samsung-s6-edge-g925-n\/","og_locale":"pl_PL","og_type":"article","og_title":"SZK\u0141O OKO KAMERY APARATU SAMSUNG S6 EDGE G925 \/N - Mix Market - Supermarket z wszystkim co potrzeba","og_description":"SZYBKA Z OPRAWK\u0104 KAMERY APARATU SAMSUNG GALAXY S6 EDGE G925 Fabrycznie nowa szybka wykonana z twardego plexi do telefonu Samsung Galaxy S6 Edge G925. Kolor Niebieski. W\u0142a\u015bciwo\u015b\u0107: Informacja: Stan: 100% NOWE Gwarancja: TAK Kod produktu: A336 Wymiary: zgodne Kompatybilno\u015b\u0107: Samsung Galaxy S6 Edge G925","og_url":"https:\/\/racom.com.pl\/index.php\/produkt\/szklo-oko-kamery-aparatu-samsung-s6-edge-g925-n\/","og_site_name":"Mix Market - Supermarket z wszystkim co potrzeba","og_image":[{"width":783,"height":575,"url":"https:\/\/racom.com.pl\/wp-content\/uploads\/2025\/07\/allegro_687be396991284.41627683_50d63f76470f905b58d134492fe3.jpg","type":"image\/jpeg"}],"twitter_card":"summary_large_image","schema":{"@context":"https:\/\/schema.org","@graph":[{"@type":"WebPage","@id":"https:\/\/racom.com.pl\/index.php\/produkt\/szklo-oko-kamery-aparatu-samsung-s6-edge-g925-n\/","url":"https:\/\/racom.com.pl\/index.php\/produkt\/szklo-oko-kamery-aparatu-samsung-s6-edge-g925-n\/","name":"SZK\u0141O OKO KAMERY APARATU SAMSUNG S6 EDGE G925 \/N - Mix Market - Supermarket z wszystkim co potrzeba","isPartOf":{"@id":"https:\/\/racom.com.pl\/#website"},"primaryImageOfPage":{"@id":"https:\/\/racom.com.pl\/index.php\/produkt\/szklo-oko-kamery-aparatu-samsung-s6-edge-g925-n\/#primaryimage"},"image":{"@id":"https:\/\/racom.com.pl\/index.php\/produkt\/szklo-oko-kamery-aparatu-samsung-s6-edge-g925-n\/#primaryimage"},"thumbnailUrl":"https:\/\/racom.com.pl\/wp-content\/uploads\/2025\/07\/allegro_687be396991284.41627683_50d63f76470f905b58d134492fe3.jpg","datePublished":"2025-07-19T18:26:41+00:00","breadcrumb":{"@id":"https:\/\/racom.com.pl\/index.php\/produkt\/szklo-oko-kamery-aparatu-samsung-s6-edge-g925-n\/#breadcrumb"},"inLanguage":"pl-PL","potentialAction":[{"@type":"ReadAction","target":["https:\/\/racom.com.pl\/index.php\/produkt\/szklo-oko-kamery-aparatu-samsung-s6-edge-g925-n\/"]}]},{"@type":"ImageObject","inLanguage":"pl-PL","@id":"https:\/\/racom.com.pl\/index.php\/produkt\/szklo-oko-kamery-aparatu-samsung-s6-edge-g925-n\/#primaryimage","url":"https:\/\/racom.com.pl\/wp-content\/uploads\/2025\/07\/allegro_687be396991284.41627683_50d63f76470f905b58d134492fe3.jpg","contentUrl":"https:\/\/racom.com.pl\/wp-content\/uploads\/2025\/07\/allegro_687be396991284.41627683_50d63f76470f905b58d134492fe3.jpg","width":783,"height":575},{"@type":"BreadcrumbList","@id":"https:\/\/racom.com.pl\/index.php\/produkt\/szklo-oko-kamery-aparatu-samsung-s6-edge-g925-n\/#breadcrumb","itemListElement":[{"@type":"ListItem","position":1,"name":"Strona g\u0142\u00f3wna","item":"https:\/\/racom.com.pl\/"},{"@type":"ListItem","position":2,"name":"Sklep","item":"https:\/\/racom.com.pl\/"},{"@type":"ListItem","position":3,"name":"SZK\u0141O OKO KAMERY APARATU SAMSUNG S6 EDGE G925 \/N"}]},{"@type":"WebSite","@id":"https:\/\/racom.com.pl\/#website","url":"https:\/\/racom.com.pl\/","name":"Mix Market - Supermarket z wszystkim co potrzeba do domu i nie tylko","description":"","publisher":{"@id":"https:\/\/racom.com.pl\/#organization"},"potentialAction":[{"@type":"SearchAction","target":{"@type":"EntryPoint","urlTemplate":"https:\/\/racom.com.pl\/?s={search_term_string}"},"query-input":{"@type":"PropertyValueSpecification","valueRequired":true,"valueName":"search_term_string"}}],"inLanguage":"pl-PL"},{"@type":"Organization","@id":"https:\/\/racom.com.pl\/#organization","name":"Mix Market - Supermarket z wszystkim co potrzeba do domu i nie tylko","url":"https:\/\/racom.com.pl\/","logo":{"@type":"ImageObject","inLanguage":"pl-PL","@id":"https:\/\/racom.com.pl\/#\/schema\/logo\/image\/","url":"https:\/\/racom.com.pl\/wp-content\/uploads\/2025\/07\/mixmarket_logo.png","contentUrl":"https:\/\/racom.com.pl\/wp-content\/uploads\/2025\/07\/mixmarket_logo.png","width":1024,"height":1024,"caption":"Mix Market - Supermarket z wszystkim co potrzeba do domu i nie tylko"},"image":{"@id":"https:\/\/racom.com.pl\/#\/schema\/logo\/image\/"}}]}},"_links":{"self":[{"href":"https:\/\/racom.com.pl\/index.php\/wp-json\/wp\/v2\/product\/3244","targetHints":{"allow":["GET"]}}],"collection":[{"href":"https:\/\/racom.com.pl\/index.php\/wp-json\/wp\/v2\/product"}],"about":[{"href":"https:\/\/racom.com.pl\/index.php\/wp-json\/wp\/v2\/types\/product"}],"replies":[{"embeddable":true,"href":"https:\/\/racom.com.pl\/index.php\/wp-json\/wp\/v2\/comments?post=3244"}],"wp:featuredmedia":[{"embeddable":true,"href":"https:\/\/racom.com.pl\/index.php\/wp-json\/wp\/v2\/media\/3247"}],"wp:attachment":[{"href":"https:\/\/racom.com.pl\/index.php\/wp-json\/wp\/v2\/media?parent=3244"}],"wp:term":[{"taxonomy":"product_brand","embeddable":true,"href":"https:\/\/racom.com.pl\/index.php\/wp-json\/wp\/v2\/product_brand?post=3244"},{"taxonomy":"product_cat","embeddable":true,"href":"https:\/\/racom.com.pl\/index.php\/wp-json\/wp\/v2\/product_cat?post=3244"},{"taxonomy":"product_tag","embeddable":true,"href":"https:\/\/racom.com.pl\/index.php\/wp-json\/wp\/v2\/product_tag?post=3244"}],"curies":[{"name":"wp","href":"https:\/\/api.w.org\/{rel}","templated":true}]}}