{"id":3248,"date":"2025-07-19T20:28:12","date_gmt":"2025-07-19T18:28:12","guid":{"rendered":"http:\/\/192.168.2.106\/index.php\/produkt\/czujnik-temperatury-wilgotnosci-tuya-zigbee-lcd\/"},"modified":"2025-07-19T20:28:12","modified_gmt":"2025-07-19T18:28:12","slug":"czujnik-temperatury-wilgotnosci-tuya-zigbee-lcd","status":"publish","type":"product","link":"https:\/\/racom.com.pl\/index.php\/produkt\/czujnik-temperatury-wilgotnosci-tuya-zigbee-lcd\/","title":{"rendered":"CZUJNIK TEMPERATURY WILGOTNO\u015aCI TUYA ZIGBEE LCD"},"content":{"rendered":"<h2>Tuya Zigbee czujnik temperatury i wilgotno\u015bci z wy\u015bwietlaczem LCD MIR-TE100-TY<\/h2>\n<p><b>W\u0142a\u015bciwo\u015bci:<\/b><\/p>\n<ul>\n<li><b>Sterowanie temperatur\u0105 i wilgotno\u015bci\u0105 w pomieszczeniach<\/b><\/li>\n<li><b>Dzia\u0142a z ZigBee poprzez aplikacj\u0119 TUYA<\/b><\/li>\n<li><b>Ma\u0142e wymiary<\/b><\/li>\n<li><b>Estetyczny wygl\u0105d<\/b><\/li>\n<li><b>Zasilanie bateryjne (baterie w zestawie)<\/b><\/li>\n<li><b>Czytelny wy\u015bwietlacz LCD<\/b><\/li>\n<\/ul>\n<h2>Informacje o produkcie:<\/h2>\n<ul>\n<li>Certyfikacja: Ce, RoHS, badania TEST Report<\/li>\n<li>Numer modelu: MIR-TE100-TY<\/li>\n<li>Typ komunikacji: Zigbee<\/li>\n<li>Wymiary: 61.2 x 23 [mm]<\/li>\n<li>Zakres temperatury : -10-55 \u2103<\/li>\n<li>Zasilanie: DC3V AAA x2 (baterie w zestawie)<\/li>\n<li>Materia\u0142 wykonania: PC + ABS<\/li>\n<li>Instalacja: 3M ta\u015bma (w zestawie) lub stopka (w zestawie)<\/li>\n<li>Dok\u0142adno\u015b\u0107 temperatury: + 0.3 stopnie<\/li>\n<li>Dok\u0142adno\u015b\u0107 wilgotno\u015bci: + 3% RH<\/li>\n<li>Aplikacja: SmartLife lub TUYA<\/li>\n<li>Wa\u017cne: wymaga bramki ZigBee (TUYA wersja)<\/li>\n<li>W zestawie: Czujnik temperatury, 2x bateria AAA, ta\u015bma dwustronna, n\u00f3\u017cka, instrukcja obs\u0142ugi w j\u0119zyku polskim<\/li>\n<\/ul>\n<p><b>Wsp\u00f3\u0142praca z darmow\u0105 aplikacj\u0105 Tuya SmartLife poprzez bramk\u0119 ZigBee.<\/b><\/p>\n<p>Urz\u0105dzenie s\u0142u\u017cy do zdalnej kontroli temperatury oraz wilgotno\u015bci wewn\u0105trz pomieszcze\u0144. Urz\u0105dzenie wyposa\u017cone jest w czytelny ekran LCD, na kt\u00f3rym prezentowane s\u0105 bie\u017c\u0105ce pomiary. Z pomoc\u0105 darmowej aplikacji Tuya SmartLife sprawdzisz temperatur\u0119 i wilgotno\u015b\u0107 w pomieszczeniu z dowolnego miejsca na \u015bwiecie. Odczyt parametr\u00f3w mo\u017ce by\u0107 wykorzystany jako warunek uruchomienia automatyzacji zdefiniowanej w aplikacji Tuya SmartLife. Czujnik pracuje z bramk\u0105 ZigBee 3.0 dost\u0119pn\u0105 w naszej ofercie. Zalet\u0105 takiego rozwi\u0105zania jest przede wszystkim szybsza praca i odci\u0105\u017cenie lokalnego routera WiFi jak ma to miejsce w przypadku instalacji standardowych czujnik\u00f3w.<\/p>\n<p>Dla przyk\u0142adu, je\u017celi ustawisz temperatur\u0119 w pomieszczeniu w aplikacji TUYA na 20*C, to po przekroczeniu tej temperatury bramka ZigBee we wsp\u00f3\u0142pracy z tym czujnikiem uruchomi klimatyzator w upalne dni, lub po spadku temperatury poni\u017cej 20*C uruchomi piec grzewczy w dni ch\u0142odne.<\/p>\n<p>Oczywi\u015bcie wszystko to wymaga zakupu urz\u0105dze\u0144, kt\u00f3re b\u0119d\u0105 ze sob\u0105 wsp\u00f3\u0142pracowa\u0142y poprzez ZigBee jak np. sterowniki RF433 na WiFi itd.<\/p>\n<p>Ograniczeniem funkcjonalno\u015bci inteligentnego domu mo\u017ce by\u0107 tylko ludzka wyobra\u017ania.<\/p>\n<p><b>Zalety urz\u0105dze\u0144 ZigBee<\/b><\/p>\n<ul>\n<li>Protok\u00f3\u0142 ZigBee dzia\u0142a na dobrze propaguj\u0105cej si\u0119 w zabudowaniach <b>cz\u0119stotliwo\u015bci 2.4 GHz<\/b><\/li>\n<li>\u0141\u0105czno\u015b\u0107 ZigBee jest <b>\u0142\u0105czno\u015bci\u0105 typu MESH<\/b> co oznacza, \u017ce ka\u017cde zasilane z sieci i posiadaj\u0105ce funkcj\u0119 ZigBee Router urz\u0105dzenie ZigBee dzia\u0142a jako przeka\u017anik dla pozosta\u0142ych urz\u0105dze\u0144. Je\u017celi odleg\u0142y czujnik nie ma \u0142\u0105czno\u015bci z bramk\u0105 ZigBee wystarczy, \u017ce ma \u0142\u0105czno\u015b\u0107 radiow\u0105 z urz\u0105dzeniem ZigBee Router (np. Sonoff Basic R3 ZigBee). Urz\u0105dzenia komunikuj\u0105 si\u0119 mi\u0119dzy sob\u0105, co daje niezawodno\u015b\u0107 oraz pewno\u015b\u0107 po\u0142\u0105czenia.<\/li>\n<li>Urz\u0105dzenia i czujniki ZigBee zu\u017cywaj\u0105 bardzo ma\u0142o energii co daje <b>d\u0142ug\u0105 \u017cywotno\u015b\u0107 na zasilaniu bateryjnym<\/b>.<\/li>\n<li>Urz\u0105dzenia korzystaj\u0105ce z protoko\u0142u ZigBee \u0142\u0105cz\u0105 si\u0119 z centralk\u0105 w przypadku zmiany stanu w 0.2 sekundy. Urz\u0105dzenia Wifi potrzebuj\u0105 oko\u0142o 5 sekund aby pod\u0142\u0105czy\u0107 si\u0119 do sieci WiFi po zmianie stanu. Dzi\u0119ki temu urz\u0105dzenia ZigBee posiadaj\u0105 ogromn\u0105 <b>przewag\u0119 przy automatyzacji regu\u0142 inteligentnych<\/b>.<\/li>\n<li>Wi\u0119kszo\u015b\u0107 skonfigurowanych automatyzacji urz\u0105dze\u0144 ZigBee <b>wykonywana jest w ramach bramki lokalnej<\/b> a nie w chmurze. Typowa regu\u0142a &#8222;Je\u017celi wykryto ruch (Czujka PIR) to w\u0142\u0105cz \u015bwiat\u0142o&#8221; wykonywana jest w czasie oko\u0142o 0.5 sekundy. Czas wykonania takiej samej regu\u0142y na urz\u0105dzeniach WiFi to oko\u0142o 5-7 sekund.<\/li>\n<li>Bramka i urz\u0105dzenia ZigBee pozwalaj\u0105 na <b>znacznie szersze i d\u0142u\u017csze przechowywanie danych parametr\u00f3w i historii urz\u0105dze\u0144<\/b>. Historia otwarcia drzwi, historia temperatur, historia wykrywania ruchu zapisana na miesi\u0105ce wstecz.<\/li>\n<\/ul>\n<p>Protok\u00f3\u0142 ZigBee jest otwartym standardem komunikacji niemniej jednak nie ma gwarancji, \u017ce urz\u0105dzenia i bramki ZigBee dw\u00f3ch r\u00f3\u017cnych producent\u00f3w b\u0119d\u0105 ze sob\u0105 poprawnie wsp\u00f3\u0142pracowa\u0107. Dotyczy to w szczeg\u00f3lno\u015bci urz\u0105dze\u0144 oferowanych w sklepach znanych sieci handlowych a tak\u017ce urz\u0105dze\u0144 uznanych na rynku marek. Przed instalacj\u0105 zawsze nale\u017cy si\u0119 upewni\u0107, \u017ce urz\u0105dzenia b\u0119d\u0105 kompatybilne.<\/p>\n","protected":false},"excerpt":{"rendered":"<p>Tuya Zigbee czujnik temperatury i wilgotno\u015bci z wy\u015bwietlaczem LCD MIR-TE100-TY W\u0142a\u015bciwo\u015bci: Sterowanie temperatur\u0105 i wilgotno\u015bci\u0105 w pomieszczeniach Dzia\u0142a z ZigBee poprzez aplikacj\u0119 TUYA Ma\u0142e wymiary Estetyczny wygl\u0105d Zasilanie bateryjne (baterie w zestawie) Czytelny wy\u015bwietlacz LCD Informacje o produkcie: Certyfikacja: Ce, RoHS, badania TEST Report Numer modelu: MIR-TE100-TY Typ komunikacji: Zigbee Wymiary: 61.2 x 23 [mm] [&hellip;]<\/p>\n","protected":false},"featured_media":3253,"comment_status":"open","ping_status":"closed","template":"","meta":[],"product_brand":[223],"product_cat":[222],"product_tag":[],"class_list":{"0":"post-3248","1":"product","2":"type-product","3":"status-publish","4":"has-post-thumbnail","6":"product_brand-bsumwell","7":"product_cat-inteligentny-dom","9":"first","10":"instock","11":"taxable","12":"shipping-taxable","13":"purchasable","14":"product-type-simple"},"yoast_head":"<!-- This site is optimized with the Yoast SEO plugin v27.3 - https:\/\/yoast.com\/product\/yoast-seo-wordpress\/ -->\n<title>CZUJNIK TEMPERATURY WILGOTNO\u015aCI TUYA ZIGBEE LCD - Mix Market - Supermarket z wszystkim co potrzeba<\/title>\n<meta name=\"robots\" content=\"index, follow, max-snippet:-1, max-image-preview:large, max-video-preview:-1\" \/>\n<link rel=\"canonical\" href=\"https:\/\/racom.com.pl\/index.php\/produkt\/czujnik-temperatury-wilgotnosci-tuya-zigbee-lcd\/\" \/>\n<meta property=\"og:locale\" content=\"pl_PL\" \/>\n<meta property=\"og:type\" content=\"article\" \/>\n<meta property=\"og:title\" content=\"CZUJNIK TEMPERATURY WILGOTNO\u015aCI TUYA ZIGBEE LCD - Mix Market - Supermarket z wszystkim co potrzeba\" \/>\n<meta property=\"og:description\" content=\"Tuya Zigbee czujnik temperatury i wilgotno\u015bci z wy\u015bwietlaczem LCD MIR-TE100-TY W\u0142a\u015bciwo\u015bci: Sterowanie temperatur\u0105 i wilgotno\u015bci\u0105 w pomieszczeniach Dzia\u0142a z ZigBee poprzez aplikacj\u0119 TUYA Ma\u0142e wymiary Estetyczny wygl\u0105d Zasilanie bateryjne (baterie w zestawie) Czytelny wy\u015bwietlacz LCD Informacje o produkcie: Certyfikacja: Ce, RoHS, badania TEST Report Numer modelu: MIR-TE100-TY Typ komunikacji: Zigbee Wymiary: 61.2 x 23 [mm] [&hellip;]\" \/>\n<meta property=\"og:url\" content=\"https:\/\/racom.com.pl\/index.php\/produkt\/czujnik-temperatury-wilgotnosci-tuya-zigbee-lcd\/\" \/>\n<meta property=\"og:site_name\" content=\"Mix Market - Supermarket z wszystkim co potrzeba\" \/>\n<meta property=\"og:image\" content=\"https:\/\/racom.com.pl\/wp-content\/uploads\/2025\/07\/allegro_687be3fc896148.78828439_053893b2447abd203133501da5e5.jpg\" \/>\n\t<meta property=\"og:image:width\" content=\"486\" \/>\n\t<meta property=\"og:image:height\" content=\"363\" \/>\n\t<meta property=\"og:image:type\" content=\"image\/jpeg\" \/>\n<meta name=\"twitter:card\" content=\"summary_large_image\" \/>\n<meta name=\"twitter:label1\" content=\"Szacowany czas czytania\" \/>\n\t<meta name=\"twitter:data1\" content=\"3 minuty\" \/>\n<script type=\"application\/ld+json\" class=\"yoast-schema-graph\">{\"@context\":\"https:\\\/\\\/schema.org\",\"@graph\":[{\"@type\":\"WebPage\",\"@id\":\"https:\\\/\\\/racom.com.pl\\\/index.php\\\/produkt\\\/czujnik-temperatury-wilgotnosci-tuya-zigbee-lcd\\\/\",\"url\":\"https:\\\/\\\/racom.com.pl\\\/index.php\\\/produkt\\\/czujnik-temperatury-wilgotnosci-tuya-zigbee-lcd\\\/\",\"name\":\"CZUJNIK TEMPERATURY WILGOTNO\u015aCI TUYA ZIGBEE LCD - Mix Market - Supermarket z wszystkim co potrzeba\",\"isPartOf\":{\"@id\":\"https:\\\/\\\/racom.com.pl\\\/#website\"},\"primaryImageOfPage\":{\"@id\":\"https:\\\/\\\/racom.com.pl\\\/index.php\\\/produkt\\\/czujnik-temperatury-wilgotnosci-tuya-zigbee-lcd\\\/#primaryimage\"},\"image\":{\"@id\":\"https:\\\/\\\/racom.com.pl\\\/index.php\\\/produkt\\\/czujnik-temperatury-wilgotnosci-tuya-zigbee-lcd\\\/#primaryimage\"},\"thumbnailUrl\":\"https:\\\/\\\/racom.com.pl\\\/wp-content\\\/uploads\\\/2025\\\/07\\\/allegro_687be3fc896148.78828439_053893b2447abd203133501da5e5.jpg\",\"datePublished\":\"2025-07-19T18:28:12+00:00\",\"breadcrumb\":{\"@id\":\"https:\\\/\\\/racom.com.pl\\\/index.php\\\/produkt\\\/czujnik-temperatury-wilgotnosci-tuya-zigbee-lcd\\\/#breadcrumb\"},\"inLanguage\":\"pl-PL\",\"potentialAction\":[{\"@type\":\"ReadAction\",\"target\":[\"https:\\\/\\\/racom.com.pl\\\/index.php\\\/produkt\\\/czujnik-temperatury-wilgotnosci-tuya-zigbee-lcd\\\/\"]}]},{\"@type\":\"ImageObject\",\"inLanguage\":\"pl-PL\",\"@id\":\"https:\\\/\\\/racom.com.pl\\\/index.php\\\/produkt\\\/czujnik-temperatury-wilgotnosci-tuya-zigbee-lcd\\\/#primaryimage\",\"url\":\"https:\\\/\\\/racom.com.pl\\\/wp-content\\\/uploads\\\/2025\\\/07\\\/allegro_687be3fc896148.78828439_053893b2447abd203133501da5e5.jpg\",\"contentUrl\":\"https:\\\/\\\/racom.com.pl\\\/wp-content\\\/uploads\\\/2025\\\/07\\\/allegro_687be3fc896148.78828439_053893b2447abd203133501da5e5.jpg\",\"width\":486,\"height\":363},{\"@type\":\"BreadcrumbList\",\"@id\":\"https:\\\/\\\/racom.com.pl\\\/index.php\\\/produkt\\\/czujnik-temperatury-wilgotnosci-tuya-zigbee-lcd\\\/#breadcrumb\",\"itemListElement\":[{\"@type\":\"ListItem\",\"position\":1,\"name\":\"Strona g\u0142\u00f3wna\",\"item\":\"https:\\\/\\\/racom.com.pl\\\/\"},{\"@type\":\"ListItem\",\"position\":2,\"name\":\"Sklep\",\"item\":\"https:\\\/\\\/racom.com.pl\\\/\"},{\"@type\":\"ListItem\",\"position\":3,\"name\":\"CZUJNIK TEMPERATURY WILGOTNO\u015aCI TUYA ZIGBEE LCD\"}]},{\"@type\":\"WebSite\",\"@id\":\"https:\\\/\\\/racom.com.pl\\\/#website\",\"url\":\"https:\\\/\\\/racom.com.pl\\\/\",\"name\":\"Mix Market - Supermarket z wszystkim co potrzeba do domu i nie tylko\",\"description\":\"\",\"publisher\":{\"@id\":\"https:\\\/\\\/racom.com.pl\\\/#organization\"},\"potentialAction\":[{\"@type\":\"SearchAction\",\"target\":{\"@type\":\"EntryPoint\",\"urlTemplate\":\"https:\\\/\\\/racom.com.pl\\\/?s={search_term_string}\"},\"query-input\":{\"@type\":\"PropertyValueSpecification\",\"valueRequired\":true,\"valueName\":\"search_term_string\"}}],\"inLanguage\":\"pl-PL\"},{\"@type\":\"Organization\",\"@id\":\"https:\\\/\\\/racom.com.pl\\\/#organization\",\"name\":\"Mix Market - Supermarket z wszystkim co potrzeba do domu i nie tylko\",\"url\":\"https:\\\/\\\/racom.com.pl\\\/\",\"logo\":{\"@type\":\"ImageObject\",\"inLanguage\":\"pl-PL\",\"@id\":\"https:\\\/\\\/racom.com.pl\\\/#\\\/schema\\\/logo\\\/image\\\/\",\"url\":\"https:\\\/\\\/racom.com.pl\\\/wp-content\\\/uploads\\\/2025\\\/07\\\/mixmarket_logo.png\",\"contentUrl\":\"https:\\\/\\\/racom.com.pl\\\/wp-content\\\/uploads\\\/2025\\\/07\\\/mixmarket_logo.png\",\"width\":1024,\"height\":1024,\"caption\":\"Mix Market - Supermarket z wszystkim co potrzeba do domu i nie tylko\"},\"image\":{\"@id\":\"https:\\\/\\\/racom.com.pl\\\/#\\\/schema\\\/logo\\\/image\\\/\"}}]}<\/script>\n<!-- \/ Yoast SEO plugin. -->","yoast_head_json":{"title":"CZUJNIK TEMPERATURY WILGOTNO\u015aCI TUYA ZIGBEE LCD - Mix Market - Supermarket z wszystkim co potrzeba","robots":{"index":"index","follow":"follow","max-snippet":"max-snippet:-1","max-image-preview":"max-image-preview:large","max-video-preview":"max-video-preview:-1"},"canonical":"https:\/\/racom.com.pl\/index.php\/produkt\/czujnik-temperatury-wilgotnosci-tuya-zigbee-lcd\/","og_locale":"pl_PL","og_type":"article","og_title":"CZUJNIK TEMPERATURY WILGOTNO\u015aCI TUYA ZIGBEE LCD - Mix Market - Supermarket z wszystkim co potrzeba","og_description":"Tuya Zigbee czujnik temperatury i wilgotno\u015bci z wy\u015bwietlaczem LCD MIR-TE100-TY W\u0142a\u015bciwo\u015bci: Sterowanie temperatur\u0105 i wilgotno\u015bci\u0105 w pomieszczeniach Dzia\u0142a z ZigBee poprzez aplikacj\u0119 TUYA Ma\u0142e wymiary Estetyczny wygl\u0105d Zasilanie bateryjne (baterie w zestawie) Czytelny wy\u015bwietlacz LCD Informacje o produkcie: Certyfikacja: Ce, RoHS, badania TEST Report Numer modelu: MIR-TE100-TY Typ komunikacji: Zigbee Wymiary: 61.2 x 23 [mm] [&hellip;]","og_url":"https:\/\/racom.com.pl\/index.php\/produkt\/czujnik-temperatury-wilgotnosci-tuya-zigbee-lcd\/","og_site_name":"Mix Market - Supermarket z wszystkim co potrzeba","og_image":[{"width":486,"height":363,"url":"https:\/\/racom.com.pl\/wp-content\/uploads\/2025\/07\/allegro_687be3fc896148.78828439_053893b2447abd203133501da5e5.jpg","type":"image\/jpeg"}],"twitter_card":"summary_large_image","twitter_misc":{"Szacowany czas czytania":"3 minuty"},"schema":{"@context":"https:\/\/schema.org","@graph":[{"@type":"WebPage","@id":"https:\/\/racom.com.pl\/index.php\/produkt\/czujnik-temperatury-wilgotnosci-tuya-zigbee-lcd\/","url":"https:\/\/racom.com.pl\/index.php\/produkt\/czujnik-temperatury-wilgotnosci-tuya-zigbee-lcd\/","name":"CZUJNIK TEMPERATURY WILGOTNO\u015aCI TUYA ZIGBEE LCD - Mix Market - Supermarket z wszystkim co potrzeba","isPartOf":{"@id":"https:\/\/racom.com.pl\/#website"},"primaryImageOfPage":{"@id":"https:\/\/racom.com.pl\/index.php\/produkt\/czujnik-temperatury-wilgotnosci-tuya-zigbee-lcd\/#primaryimage"},"image":{"@id":"https:\/\/racom.com.pl\/index.php\/produkt\/czujnik-temperatury-wilgotnosci-tuya-zigbee-lcd\/#primaryimage"},"thumbnailUrl":"https:\/\/racom.com.pl\/wp-content\/uploads\/2025\/07\/allegro_687be3fc896148.78828439_053893b2447abd203133501da5e5.jpg","datePublished":"2025-07-19T18:28:12+00:00","breadcrumb":{"@id":"https:\/\/racom.com.pl\/index.php\/produkt\/czujnik-temperatury-wilgotnosci-tuya-zigbee-lcd\/#breadcrumb"},"inLanguage":"pl-PL","potentialAction":[{"@type":"ReadAction","target":["https:\/\/racom.com.pl\/index.php\/produkt\/czujnik-temperatury-wilgotnosci-tuya-zigbee-lcd\/"]}]},{"@type":"ImageObject","inLanguage":"pl-PL","@id":"https:\/\/racom.com.pl\/index.php\/produkt\/czujnik-temperatury-wilgotnosci-tuya-zigbee-lcd\/#primaryimage","url":"https:\/\/racom.com.pl\/wp-content\/uploads\/2025\/07\/allegro_687be3fc896148.78828439_053893b2447abd203133501da5e5.jpg","contentUrl":"https:\/\/racom.com.pl\/wp-content\/uploads\/2025\/07\/allegro_687be3fc896148.78828439_053893b2447abd203133501da5e5.jpg","width":486,"height":363},{"@type":"BreadcrumbList","@id":"https:\/\/racom.com.pl\/index.php\/produkt\/czujnik-temperatury-wilgotnosci-tuya-zigbee-lcd\/#breadcrumb","itemListElement":[{"@type":"ListItem","position":1,"name":"Strona g\u0142\u00f3wna","item":"https:\/\/racom.com.pl\/"},{"@type":"ListItem","position":2,"name":"Sklep","item":"https:\/\/racom.com.pl\/"},{"@type":"ListItem","position":3,"name":"CZUJNIK TEMPERATURY WILGOTNO\u015aCI TUYA ZIGBEE LCD"}]},{"@type":"WebSite","@id":"https:\/\/racom.com.pl\/#website","url":"https:\/\/racom.com.pl\/","name":"Mix Market - Supermarket z wszystkim co potrzeba do domu i nie tylko","description":"","publisher":{"@id":"https:\/\/racom.com.pl\/#organization"},"potentialAction":[{"@type":"SearchAction","target":{"@type":"EntryPoint","urlTemplate":"https:\/\/racom.com.pl\/?s={search_term_string}"},"query-input":{"@type":"PropertyValueSpecification","valueRequired":true,"valueName":"search_term_string"}}],"inLanguage":"pl-PL"},{"@type":"Organization","@id":"https:\/\/racom.com.pl\/#organization","name":"Mix Market - Supermarket z wszystkim co potrzeba do domu i nie tylko","url":"https:\/\/racom.com.pl\/","logo":{"@type":"ImageObject","inLanguage":"pl-PL","@id":"https:\/\/racom.com.pl\/#\/schema\/logo\/image\/","url":"https:\/\/racom.com.pl\/wp-content\/uploads\/2025\/07\/mixmarket_logo.png","contentUrl":"https:\/\/racom.com.pl\/wp-content\/uploads\/2025\/07\/mixmarket_logo.png","width":1024,"height":1024,"caption":"Mix Market - Supermarket z wszystkim co potrzeba do domu i nie tylko"},"image":{"@id":"https:\/\/racom.com.pl\/#\/schema\/logo\/image\/"}}]}},"_links":{"self":[{"href":"https:\/\/racom.com.pl\/index.php\/wp-json\/wp\/v2\/product\/3248","targetHints":{"allow":["GET"]}}],"collection":[{"href":"https:\/\/racom.com.pl\/index.php\/wp-json\/wp\/v2\/product"}],"about":[{"href":"https:\/\/racom.com.pl\/index.php\/wp-json\/wp\/v2\/types\/product"}],"replies":[{"embeddable":true,"href":"https:\/\/racom.com.pl\/index.php\/wp-json\/wp\/v2\/comments?post=3248"}],"wp:featuredmedia":[{"embeddable":true,"href":"https:\/\/racom.com.pl\/index.php\/wp-json\/wp\/v2\/media\/3253"}],"wp:attachment":[{"href":"https:\/\/racom.com.pl\/index.php\/wp-json\/wp\/v2\/media?parent=3248"}],"wp:term":[{"taxonomy":"product_brand","embeddable":true,"href":"https:\/\/racom.com.pl\/index.php\/wp-json\/wp\/v2\/product_brand?post=3248"},{"taxonomy":"product_cat","embeddable":true,"href":"https:\/\/racom.com.pl\/index.php\/wp-json\/wp\/v2\/product_cat?post=3248"},{"taxonomy":"product_tag","embeddable":true,"href":"https:\/\/racom.com.pl\/index.php\/wp-json\/wp\/v2\/product_tag?post=3248"}],"curies":[{"name":"wp","href":"https:\/\/api.w.org\/{rel}","templated":true}]}}