{"id":3274,"date":"2025-07-19T20:37:24","date_gmt":"2025-07-19T18:37:24","guid":{"rendered":"http:\/\/192.168.2.106\/index.php\/produkt\/czujnik-swiatla-zmierzchu-sensor-230v-ip44-uchwyt\/"},"modified":"2025-07-19T20:37:24","modified_gmt":"2025-07-19T18:37:24","slug":"czujnik-swiatla-zmierzchu-sensor-230v-ip44-uchwyt","status":"publish","type":"product","link":"https:\/\/racom.com.pl\/index.php\/produkt\/czujnik-swiatla-zmierzchu-sensor-230v-ip44-uchwyt\/","title":{"rendered":"CZUJNIK \u015aWIAT\u0141A ZMIERZCHU SENSOR 230V IP44 UCHWYT"},"content":{"rendered":"<p><b>Wy\u0142\u0105cznik zmierzchowy czujnik \u015bwiat\u0142a 230V<\/b><\/p>\n<p>W\u0142\u0105cznik zmierzchowy to urz\u0105dzenie za pomoc\u0105, kt\u00f3rego w spos\u00f3b automatyczny w\u0142\u0105czysz i wy\u0142\u0105czysz o\u015bwietlenie.<\/p>\n<p>Zasada dzia\u0142ania jest bardzo prosta, po wykryciu zmierzchu nast\u0119puje w\u0142\u0105czenie urz\u0105dzenia i na wyj\u015bciu (przew\u00f3d czerwony) pojawia si\u0119 napi\u0119cie 230VAC w\u0142\u0105czaj\u0105ce odbiorniki. Wy\u0142\u0105czenie urz\u0105dzenia nast\u0119puje po wykryciu \u015bwitu.<\/p>\n<p>W\u0142\u0105cznik mo\u017ce sterowa\u0107 o\u015bwietleniem 230VAC do 1200W lub LED do 300W.<\/p>\n<p><b>Parametry techniczne:<\/b><\/p>\n<ul>\n<li>Napi\u0119cie zasilania 230VAC AC<\/li>\n<li>Pob\u00f3r mocy 1W<\/li>\n<li>Maksymalna moc \u017car\u00f3wki 1200W<\/li>\n<li>Temperatura pracy -20 do 60 C<\/li>\n<li>Wilgotno\u015b\u0107 pracy 0-99% (bez kondensacji)<\/li>\n<li><b>Zastosowanie:<\/b><\/li>\n<li>Sterowanie o\u015bwietleniem<\/li>\n<li>Sterowanie innymi urz\u0105dzeniami na 230VAC<\/li>\n<\/ul>\n","protected":false},"excerpt":{"rendered":"<p>Wy\u0142\u0105cznik zmierzchowy czujnik \u015bwiat\u0142a 230V W\u0142\u0105cznik zmierzchowy to urz\u0105dzenie za pomoc\u0105, kt\u00f3rego w spos\u00f3b automatyczny w\u0142\u0105czysz i wy\u0142\u0105czysz o\u015bwietlenie. Zasada dzia\u0142ania jest bardzo prosta, po wykryciu zmierzchu nast\u0119puje w\u0142\u0105czenie urz\u0105dzenia i na wyj\u015bciu (przew\u00f3d czerwony) pojawia si\u0119 napi\u0119cie 230VAC w\u0142\u0105czaj\u0105ce odbiorniki. Wy\u0142\u0105czenie urz\u0105dzenia nast\u0119puje po wykryciu \u015bwitu. W\u0142\u0105cznik mo\u017ce sterowa\u0107 o\u015bwietleniem 230VAC do 1200W lub [&hellip;]<\/p>\n","protected":false},"featured_media":3279,"comment_status":"open","ping_status":"closed","template":"","meta":[],"product_brand":[76],"product_cat":[36],"product_tag":[],"class_list":{"0":"post-3274","1":"product","2":"type-product","3":"status-publish","4":"has-post-thumbnail","6":"product_brand-aigostar","7":"product_cat-akcesoria","9":"first","10":"instock","11":"taxable","12":"shipping-taxable","13":"purchasable","14":"product-type-simple"},"yoast_head":"<!-- This site is optimized with the Yoast SEO plugin v27.3 - https:\/\/yoast.com\/product\/yoast-seo-wordpress\/ -->\n<title>CZUJNIK \u015aWIAT\u0141A ZMIERZCHU SENSOR 230V IP44 UCHWYT - Mix Market - Supermarket z wszystkim co potrzeba<\/title>\n<meta name=\"robots\" content=\"index, follow, max-snippet:-1, max-image-preview:large, max-video-preview:-1\" \/>\n<link rel=\"canonical\" href=\"https:\/\/racom.com.pl\/index.php\/produkt\/czujnik-swiatla-zmierzchu-sensor-230v-ip44-uchwyt\/\" \/>\n<meta property=\"og:locale\" content=\"pl_PL\" \/>\n<meta property=\"og:type\" content=\"article\" \/>\n<meta property=\"og:title\" content=\"CZUJNIK \u015aWIAT\u0141A ZMIERZCHU SENSOR 230V IP44 UCHWYT - Mix Market - Supermarket z wszystkim co potrzeba\" \/>\n<meta property=\"og:description\" content=\"Wy\u0142\u0105cznik zmierzchowy czujnik \u015bwiat\u0142a 230V W\u0142\u0105cznik zmierzchowy to urz\u0105dzenie za pomoc\u0105, kt\u00f3rego w spos\u00f3b automatyczny w\u0142\u0105czysz i wy\u0142\u0105czysz o\u015bwietlenie. Zasada dzia\u0142ania jest bardzo prosta, po wykryciu zmierzchu nast\u0119puje w\u0142\u0105czenie urz\u0105dzenia i na wyj\u015bciu (przew\u00f3d czerwony) pojawia si\u0119 napi\u0119cie 230VAC w\u0142\u0105czaj\u0105ce odbiorniki. Wy\u0142\u0105czenie urz\u0105dzenia nast\u0119puje po wykryciu \u015bwitu. W\u0142\u0105cznik mo\u017ce sterowa\u0107 o\u015bwietleniem 230VAC do 1200W lub [&hellip;]\" \/>\n<meta property=\"og:url\" content=\"https:\/\/racom.com.pl\/index.php\/produkt\/czujnik-swiatla-zmierzchu-sensor-230v-ip44-uchwyt\/\" \/>\n<meta property=\"og:site_name\" content=\"Mix Market - Supermarket z wszystkim co potrzeba\" \/>\n<meta property=\"og:image\" content=\"https:\/\/racom.com.pl\/wp-content\/uploads\/2025\/07\/allegro_687be633924304.06816776_40352b384a9f8a7522d73dab33f6.jpg\" \/>\n\t<meta property=\"og:image:width\" content=\"497\" \/>\n\t<meta property=\"og:image:height\" content=\"466\" \/>\n\t<meta property=\"og:image:type\" content=\"image\/jpeg\" \/>\n<meta name=\"twitter:card\" content=\"summary_large_image\" \/>\n<meta name=\"twitter:label1\" content=\"Szacowany czas czytania\" \/>\n\t<meta name=\"twitter:data1\" content=\"1 minuta\" \/>\n<script type=\"application\/ld+json\" class=\"yoast-schema-graph\">{\"@context\":\"https:\\\/\\\/schema.org\",\"@graph\":[{\"@type\":\"WebPage\",\"@id\":\"https:\\\/\\\/racom.com.pl\\\/index.php\\\/produkt\\\/czujnik-swiatla-zmierzchu-sensor-230v-ip44-uchwyt\\\/\",\"url\":\"https:\\\/\\\/racom.com.pl\\\/index.php\\\/produkt\\\/czujnik-swiatla-zmierzchu-sensor-230v-ip44-uchwyt\\\/\",\"name\":\"CZUJNIK \u015aWIAT\u0141A ZMIERZCHU SENSOR 230V IP44 UCHWYT - Mix Market - Supermarket z wszystkim co potrzeba\",\"isPartOf\":{\"@id\":\"https:\\\/\\\/racom.com.pl\\\/#website\"},\"primaryImageOfPage\":{\"@id\":\"https:\\\/\\\/racom.com.pl\\\/index.php\\\/produkt\\\/czujnik-swiatla-zmierzchu-sensor-230v-ip44-uchwyt\\\/#primaryimage\"},\"image\":{\"@id\":\"https:\\\/\\\/racom.com.pl\\\/index.php\\\/produkt\\\/czujnik-swiatla-zmierzchu-sensor-230v-ip44-uchwyt\\\/#primaryimage\"},\"thumbnailUrl\":\"https:\\\/\\\/racom.com.pl\\\/wp-content\\\/uploads\\\/2025\\\/07\\\/allegro_687be633924304.06816776_40352b384a9f8a7522d73dab33f6.jpg\",\"datePublished\":\"2025-07-19T18:37:24+00:00\",\"breadcrumb\":{\"@id\":\"https:\\\/\\\/racom.com.pl\\\/index.php\\\/produkt\\\/czujnik-swiatla-zmierzchu-sensor-230v-ip44-uchwyt\\\/#breadcrumb\"},\"inLanguage\":\"pl-PL\",\"potentialAction\":[{\"@type\":\"ReadAction\",\"target\":[\"https:\\\/\\\/racom.com.pl\\\/index.php\\\/produkt\\\/czujnik-swiatla-zmierzchu-sensor-230v-ip44-uchwyt\\\/\"]}]},{\"@type\":\"ImageObject\",\"inLanguage\":\"pl-PL\",\"@id\":\"https:\\\/\\\/racom.com.pl\\\/index.php\\\/produkt\\\/czujnik-swiatla-zmierzchu-sensor-230v-ip44-uchwyt\\\/#primaryimage\",\"url\":\"https:\\\/\\\/racom.com.pl\\\/wp-content\\\/uploads\\\/2025\\\/07\\\/allegro_687be633924304.06816776_40352b384a9f8a7522d73dab33f6.jpg\",\"contentUrl\":\"https:\\\/\\\/racom.com.pl\\\/wp-content\\\/uploads\\\/2025\\\/07\\\/allegro_687be633924304.06816776_40352b384a9f8a7522d73dab33f6.jpg\",\"width\":497,\"height\":466},{\"@type\":\"BreadcrumbList\",\"@id\":\"https:\\\/\\\/racom.com.pl\\\/index.php\\\/produkt\\\/czujnik-swiatla-zmierzchu-sensor-230v-ip44-uchwyt\\\/#breadcrumb\",\"itemListElement\":[{\"@type\":\"ListItem\",\"position\":1,\"name\":\"Strona g\u0142\u00f3wna\",\"item\":\"https:\\\/\\\/racom.com.pl\\\/\"},{\"@type\":\"ListItem\",\"position\":2,\"name\":\"Sklep\",\"item\":\"https:\\\/\\\/racom.com.pl\\\/\"},{\"@type\":\"ListItem\",\"position\":3,\"name\":\"CZUJNIK \u015aWIAT\u0141A ZMIERZCHU SENSOR 230V IP44 UCHWYT\"}]},{\"@type\":\"WebSite\",\"@id\":\"https:\\\/\\\/racom.com.pl\\\/#website\",\"url\":\"https:\\\/\\\/racom.com.pl\\\/\",\"name\":\"Mix Market - Supermarket z wszystkim co potrzeba do domu i nie tylko\",\"description\":\"\",\"publisher\":{\"@id\":\"https:\\\/\\\/racom.com.pl\\\/#organization\"},\"potentialAction\":[{\"@type\":\"SearchAction\",\"target\":{\"@type\":\"EntryPoint\",\"urlTemplate\":\"https:\\\/\\\/racom.com.pl\\\/?s={search_term_string}\"},\"query-input\":{\"@type\":\"PropertyValueSpecification\",\"valueRequired\":true,\"valueName\":\"search_term_string\"}}],\"inLanguage\":\"pl-PL\"},{\"@type\":\"Organization\",\"@id\":\"https:\\\/\\\/racom.com.pl\\\/#organization\",\"name\":\"Mix Market - Supermarket z wszystkim co potrzeba do domu i nie tylko\",\"url\":\"https:\\\/\\\/racom.com.pl\\\/\",\"logo\":{\"@type\":\"ImageObject\",\"inLanguage\":\"pl-PL\",\"@id\":\"https:\\\/\\\/racom.com.pl\\\/#\\\/schema\\\/logo\\\/image\\\/\",\"url\":\"https:\\\/\\\/racom.com.pl\\\/wp-content\\\/uploads\\\/2025\\\/07\\\/mixmarket_logo.png\",\"contentUrl\":\"https:\\\/\\\/racom.com.pl\\\/wp-content\\\/uploads\\\/2025\\\/07\\\/mixmarket_logo.png\",\"width\":1024,\"height\":1024,\"caption\":\"Mix Market - Supermarket z wszystkim co potrzeba do domu i nie tylko\"},\"image\":{\"@id\":\"https:\\\/\\\/racom.com.pl\\\/#\\\/schema\\\/logo\\\/image\\\/\"}}]}<\/script>\n<!-- \/ Yoast SEO plugin. -->","yoast_head_json":{"title":"CZUJNIK \u015aWIAT\u0141A ZMIERZCHU SENSOR 230V IP44 UCHWYT - Mix Market - Supermarket z wszystkim co potrzeba","robots":{"index":"index","follow":"follow","max-snippet":"max-snippet:-1","max-image-preview":"max-image-preview:large","max-video-preview":"max-video-preview:-1"},"canonical":"https:\/\/racom.com.pl\/index.php\/produkt\/czujnik-swiatla-zmierzchu-sensor-230v-ip44-uchwyt\/","og_locale":"pl_PL","og_type":"article","og_title":"CZUJNIK \u015aWIAT\u0141A ZMIERZCHU SENSOR 230V IP44 UCHWYT - Mix Market - Supermarket z wszystkim co potrzeba","og_description":"Wy\u0142\u0105cznik zmierzchowy czujnik \u015bwiat\u0142a 230V W\u0142\u0105cznik zmierzchowy to urz\u0105dzenie za pomoc\u0105, kt\u00f3rego w spos\u00f3b automatyczny w\u0142\u0105czysz i wy\u0142\u0105czysz o\u015bwietlenie. Zasada dzia\u0142ania jest bardzo prosta, po wykryciu zmierzchu nast\u0119puje w\u0142\u0105czenie urz\u0105dzenia i na wyj\u015bciu (przew\u00f3d czerwony) pojawia si\u0119 napi\u0119cie 230VAC w\u0142\u0105czaj\u0105ce odbiorniki. Wy\u0142\u0105czenie urz\u0105dzenia nast\u0119puje po wykryciu \u015bwitu. W\u0142\u0105cznik mo\u017ce sterowa\u0107 o\u015bwietleniem 230VAC do 1200W lub [&hellip;]","og_url":"https:\/\/racom.com.pl\/index.php\/produkt\/czujnik-swiatla-zmierzchu-sensor-230v-ip44-uchwyt\/","og_site_name":"Mix Market - Supermarket z wszystkim co potrzeba","og_image":[{"width":497,"height":466,"url":"https:\/\/racom.com.pl\/wp-content\/uploads\/2025\/07\/allegro_687be633924304.06816776_40352b384a9f8a7522d73dab33f6.jpg","type":"image\/jpeg"}],"twitter_card":"summary_large_image","twitter_misc":{"Szacowany czas czytania":"1 minuta"},"schema":{"@context":"https:\/\/schema.org","@graph":[{"@type":"WebPage","@id":"https:\/\/racom.com.pl\/index.php\/produkt\/czujnik-swiatla-zmierzchu-sensor-230v-ip44-uchwyt\/","url":"https:\/\/racom.com.pl\/index.php\/produkt\/czujnik-swiatla-zmierzchu-sensor-230v-ip44-uchwyt\/","name":"CZUJNIK \u015aWIAT\u0141A ZMIERZCHU SENSOR 230V IP44 UCHWYT - Mix Market - Supermarket z wszystkim co potrzeba","isPartOf":{"@id":"https:\/\/racom.com.pl\/#website"},"primaryImageOfPage":{"@id":"https:\/\/racom.com.pl\/index.php\/produkt\/czujnik-swiatla-zmierzchu-sensor-230v-ip44-uchwyt\/#primaryimage"},"image":{"@id":"https:\/\/racom.com.pl\/index.php\/produkt\/czujnik-swiatla-zmierzchu-sensor-230v-ip44-uchwyt\/#primaryimage"},"thumbnailUrl":"https:\/\/racom.com.pl\/wp-content\/uploads\/2025\/07\/allegro_687be633924304.06816776_40352b384a9f8a7522d73dab33f6.jpg","datePublished":"2025-07-19T18:37:24+00:00","breadcrumb":{"@id":"https:\/\/racom.com.pl\/index.php\/produkt\/czujnik-swiatla-zmierzchu-sensor-230v-ip44-uchwyt\/#breadcrumb"},"inLanguage":"pl-PL","potentialAction":[{"@type":"ReadAction","target":["https:\/\/racom.com.pl\/index.php\/produkt\/czujnik-swiatla-zmierzchu-sensor-230v-ip44-uchwyt\/"]}]},{"@type":"ImageObject","inLanguage":"pl-PL","@id":"https:\/\/racom.com.pl\/index.php\/produkt\/czujnik-swiatla-zmierzchu-sensor-230v-ip44-uchwyt\/#primaryimage","url":"https:\/\/racom.com.pl\/wp-content\/uploads\/2025\/07\/allegro_687be633924304.06816776_40352b384a9f8a7522d73dab33f6.jpg","contentUrl":"https:\/\/racom.com.pl\/wp-content\/uploads\/2025\/07\/allegro_687be633924304.06816776_40352b384a9f8a7522d73dab33f6.jpg","width":497,"height":466},{"@type":"BreadcrumbList","@id":"https:\/\/racom.com.pl\/index.php\/produkt\/czujnik-swiatla-zmierzchu-sensor-230v-ip44-uchwyt\/#breadcrumb","itemListElement":[{"@type":"ListItem","position":1,"name":"Strona g\u0142\u00f3wna","item":"https:\/\/racom.com.pl\/"},{"@type":"ListItem","position":2,"name":"Sklep","item":"https:\/\/racom.com.pl\/"},{"@type":"ListItem","position":3,"name":"CZUJNIK \u015aWIAT\u0141A ZMIERZCHU SENSOR 230V IP44 UCHWYT"}]},{"@type":"WebSite","@id":"https:\/\/racom.com.pl\/#website","url":"https:\/\/racom.com.pl\/","name":"Mix Market - Supermarket z wszystkim co potrzeba do domu i nie tylko","description":"","publisher":{"@id":"https:\/\/racom.com.pl\/#organization"},"potentialAction":[{"@type":"SearchAction","target":{"@type":"EntryPoint","urlTemplate":"https:\/\/racom.com.pl\/?s={search_term_string}"},"query-input":{"@type":"PropertyValueSpecification","valueRequired":true,"valueName":"search_term_string"}}],"inLanguage":"pl-PL"},{"@type":"Organization","@id":"https:\/\/racom.com.pl\/#organization","name":"Mix Market - Supermarket z wszystkim co potrzeba do domu i nie tylko","url":"https:\/\/racom.com.pl\/","logo":{"@type":"ImageObject","inLanguage":"pl-PL","@id":"https:\/\/racom.com.pl\/#\/schema\/logo\/image\/","url":"https:\/\/racom.com.pl\/wp-content\/uploads\/2025\/07\/mixmarket_logo.png","contentUrl":"https:\/\/racom.com.pl\/wp-content\/uploads\/2025\/07\/mixmarket_logo.png","width":1024,"height":1024,"caption":"Mix Market - Supermarket z wszystkim co potrzeba do domu i nie tylko"},"image":{"@id":"https:\/\/racom.com.pl\/#\/schema\/logo\/image\/"}}]}},"_links":{"self":[{"href":"https:\/\/racom.com.pl\/index.php\/wp-json\/wp\/v2\/product\/3274","targetHints":{"allow":["GET"]}}],"collection":[{"href":"https:\/\/racom.com.pl\/index.php\/wp-json\/wp\/v2\/product"}],"about":[{"href":"https:\/\/racom.com.pl\/index.php\/wp-json\/wp\/v2\/types\/product"}],"replies":[{"embeddable":true,"href":"https:\/\/racom.com.pl\/index.php\/wp-json\/wp\/v2\/comments?post=3274"}],"wp:featuredmedia":[{"embeddable":true,"href":"https:\/\/racom.com.pl\/index.php\/wp-json\/wp\/v2\/media\/3279"}],"wp:attachment":[{"href":"https:\/\/racom.com.pl\/index.php\/wp-json\/wp\/v2\/media?parent=3274"}],"wp:term":[{"taxonomy":"product_brand","embeddable":true,"href":"https:\/\/racom.com.pl\/index.php\/wp-json\/wp\/v2\/product_brand?post=3274"},{"taxonomy":"product_cat","embeddable":true,"href":"https:\/\/racom.com.pl\/index.php\/wp-json\/wp\/v2\/product_cat?post=3274"},{"taxonomy":"product_tag","embeddable":true,"href":"https:\/\/racom.com.pl\/index.php\/wp-json\/wp\/v2\/product_tag?post=3274"}],"curies":[{"name":"wp","href":"https:\/\/api.w.org\/{rel}","templated":true}]}}