{"id":3287,"date":"2025-07-19T20:42:06","date_gmt":"2025-07-19T18:42:06","guid":{"rendered":"http:\/\/192.168.2.106\/index.php\/produkt\/ramka-do-sciemniacza-led-z-pokretlem-czarna\/"},"modified":"2025-07-19T20:42:06","modified_gmt":"2025-07-19T18:42:06","slug":"ramka-do-sciemniacza-led-z-pokretlem-czarna","status":"publish","type":"product","link":"https:\/\/racom.com.pl\/index.php\/produkt\/ramka-do-sciemniacza-led-z-pokretlem-czarna\/","title":{"rendered":"RAMKA DO \u015aCIEMNIACZA LED Z POKR\u0118T\u0141EM CZARNA"},"content":{"rendered":"<h2>Ramka pojedyncza kwadrat do gniazd i w\u0142\u0105cznik\u00f3w<\/h2>\n<h2>kolor: CZARNY<\/h2>\n<ul>\n<li>Model:&nbsp;<b>Kwadrat<\/b><\/li>\n<li>Materia\u0142 wykonania:&nbsp;<b>PC<\/b><\/li>\n<li>Metoda instalacji:&nbsp;<b>Monta\u017c<\/b><\/li>\n<li>Rozmiar:&nbsp;<b>L82*W82*H8mm<\/b><\/li>\n<li>Rodzaj wtyczki:&nbsp;<b>Typ niemiecki<\/b><\/li>\n<li>Dziura:&nbsp;<b>1WAY<\/b><\/li>\n<\/ul>\n","protected":false},"excerpt":{"rendered":"<p>Ramka pojedyncza kwadrat do gniazd i w\u0142\u0105cznik\u00f3w kolor: CZARNY Model:&nbsp;Kwadrat Materia\u0142 wykonania:&nbsp;PC Metoda instalacji:&nbsp;Monta\u017c Rozmiar:&nbsp;L82*W82*H8mm Rodzaj wtyczki:&nbsp;Typ niemiecki Dziura:&nbsp;1WAY<\/p>\n","protected":false},"featured_media":3289,"comment_status":"open","ping_status":"closed","template":"","meta":[],"product_brand":[76],"product_cat":[227],"product_tag":[],"class_list":{"0":"post-3287","1":"product","2":"type-product","3":"status-publish","4":"has-post-thumbnail","6":"product_brand-aigostar","7":"product_cat-elektryka-i-akcesoria","9":"first","10":"instock","11":"taxable","12":"shipping-taxable","13":"purchasable","14":"product-type-simple"},"yoast_head":"<!-- This site is optimized with the Yoast SEO plugin v27.3 - https:\/\/yoast.com\/product\/yoast-seo-wordpress\/ -->\n<title>RAMKA DO \u015aCIEMNIACZA LED Z POKR\u0118T\u0141EM CZARNA - Mix Market - Supermarket z wszystkim co potrzeba<\/title>\n<meta name=\"robots\" content=\"index, follow, max-snippet:-1, max-image-preview:large, max-video-preview:-1\" \/>\n<link rel=\"canonical\" href=\"https:\/\/racom.com.pl\/index.php\/produkt\/ramka-do-sciemniacza-led-z-pokretlem-czarna\/\" \/>\n<meta property=\"og:locale\" content=\"pl_PL\" \/>\n<meta property=\"og:type\" content=\"article\" \/>\n<meta property=\"og:title\" content=\"RAMKA DO \u015aCIEMNIACZA LED Z POKR\u0118T\u0141EM CZARNA - Mix Market - Supermarket z wszystkim co potrzeba\" \/>\n<meta property=\"og:description\" content=\"Ramka pojedyncza kwadrat do gniazd i w\u0142\u0105cznik\u00f3w kolor: CZARNY Model:&nbsp;Kwadrat Materia\u0142 wykonania:&nbsp;PC Metoda instalacji:&nbsp;Monta\u017c Rozmiar:&nbsp;L82*W82*H8mm Rodzaj wtyczki:&nbsp;Typ niemiecki Dziura:&nbsp;1WAY\" \/>\n<meta property=\"og:url\" content=\"https:\/\/racom.com.pl\/index.php\/produkt\/ramka-do-sciemniacza-led-z-pokretlem-czarna\/\" \/>\n<meta property=\"og:site_name\" content=\"Mix Market - Supermarket z wszystkim co potrzeba\" \/>\n<meta property=\"og:image\" content=\"https:\/\/racom.com.pl\/wp-content\/uploads\/2025\/07\/allegro_687be731bda739.50752499_a4350c16453088f9f79b5472c024.jpg\" \/>\n\t<meta property=\"og:image:width\" content=\"1500\" \/>\n\t<meta property=\"og:image:height\" content=\"1500\" \/>\n\t<meta property=\"og:image:type\" content=\"image\/jpeg\" \/>\n<meta name=\"twitter:card\" content=\"summary_large_image\" \/>\n<script type=\"application\/ld+json\" class=\"yoast-schema-graph\">{\"@context\":\"https:\\\/\\\/schema.org\",\"@graph\":[{\"@type\":\"WebPage\",\"@id\":\"https:\\\/\\\/racom.com.pl\\\/index.php\\\/produkt\\\/ramka-do-sciemniacza-led-z-pokretlem-czarna\\\/\",\"url\":\"https:\\\/\\\/racom.com.pl\\\/index.php\\\/produkt\\\/ramka-do-sciemniacza-led-z-pokretlem-czarna\\\/\",\"name\":\"RAMKA DO \u015aCIEMNIACZA LED Z POKR\u0118T\u0141EM CZARNA - Mix Market - Supermarket z wszystkim co potrzeba\",\"isPartOf\":{\"@id\":\"https:\\\/\\\/racom.com.pl\\\/#website\"},\"primaryImageOfPage\":{\"@id\":\"https:\\\/\\\/racom.com.pl\\\/index.php\\\/produkt\\\/ramka-do-sciemniacza-led-z-pokretlem-czarna\\\/#primaryimage\"},\"image\":{\"@id\":\"https:\\\/\\\/racom.com.pl\\\/index.php\\\/produkt\\\/ramka-do-sciemniacza-led-z-pokretlem-czarna\\\/#primaryimage\"},\"thumbnailUrl\":\"https:\\\/\\\/racom.com.pl\\\/wp-content\\\/uploads\\\/2025\\\/07\\\/allegro_687be731bda739.50752499_a4350c16453088f9f79b5472c024.jpg\",\"datePublished\":\"2025-07-19T18:42:06+00:00\",\"breadcrumb\":{\"@id\":\"https:\\\/\\\/racom.com.pl\\\/index.php\\\/produkt\\\/ramka-do-sciemniacza-led-z-pokretlem-czarna\\\/#breadcrumb\"},\"inLanguage\":\"pl-PL\",\"potentialAction\":[{\"@type\":\"ReadAction\",\"target\":[\"https:\\\/\\\/racom.com.pl\\\/index.php\\\/produkt\\\/ramka-do-sciemniacza-led-z-pokretlem-czarna\\\/\"]}]},{\"@type\":\"ImageObject\",\"inLanguage\":\"pl-PL\",\"@id\":\"https:\\\/\\\/racom.com.pl\\\/index.php\\\/produkt\\\/ramka-do-sciemniacza-led-z-pokretlem-czarna\\\/#primaryimage\",\"url\":\"https:\\\/\\\/racom.com.pl\\\/wp-content\\\/uploads\\\/2025\\\/07\\\/allegro_687be731bda739.50752499_a4350c16453088f9f79b5472c024.jpg\",\"contentUrl\":\"https:\\\/\\\/racom.com.pl\\\/wp-content\\\/uploads\\\/2025\\\/07\\\/allegro_687be731bda739.50752499_a4350c16453088f9f79b5472c024.jpg\",\"width\":1500,\"height\":1500},{\"@type\":\"BreadcrumbList\",\"@id\":\"https:\\\/\\\/racom.com.pl\\\/index.php\\\/produkt\\\/ramka-do-sciemniacza-led-z-pokretlem-czarna\\\/#breadcrumb\",\"itemListElement\":[{\"@type\":\"ListItem\",\"position\":1,\"name\":\"Strona g\u0142\u00f3wna\",\"item\":\"https:\\\/\\\/racom.com.pl\\\/\"},{\"@type\":\"ListItem\",\"position\":2,\"name\":\"Sklep\",\"item\":\"https:\\\/\\\/racom.com.pl\\\/\"},{\"@type\":\"ListItem\",\"position\":3,\"name\":\"RAMKA DO \u015aCIEMNIACZA LED Z POKR\u0118T\u0141EM CZARNA\"}]},{\"@type\":\"WebSite\",\"@id\":\"https:\\\/\\\/racom.com.pl\\\/#website\",\"url\":\"https:\\\/\\\/racom.com.pl\\\/\",\"name\":\"Mix Market - Supermarket z wszystkim co potrzeba do domu i nie tylko\",\"description\":\"\",\"publisher\":{\"@id\":\"https:\\\/\\\/racom.com.pl\\\/#organization\"},\"potentialAction\":[{\"@type\":\"SearchAction\",\"target\":{\"@type\":\"EntryPoint\",\"urlTemplate\":\"https:\\\/\\\/racom.com.pl\\\/?s={search_term_string}\"},\"query-input\":{\"@type\":\"PropertyValueSpecification\",\"valueRequired\":true,\"valueName\":\"search_term_string\"}}],\"inLanguage\":\"pl-PL\"},{\"@type\":\"Organization\",\"@id\":\"https:\\\/\\\/racom.com.pl\\\/#organization\",\"name\":\"Mix Market - Supermarket z wszystkim co potrzeba do domu i nie tylko\",\"url\":\"https:\\\/\\\/racom.com.pl\\\/\",\"logo\":{\"@type\":\"ImageObject\",\"inLanguage\":\"pl-PL\",\"@id\":\"https:\\\/\\\/racom.com.pl\\\/#\\\/schema\\\/logo\\\/image\\\/\",\"url\":\"https:\\\/\\\/racom.com.pl\\\/wp-content\\\/uploads\\\/2025\\\/07\\\/mixmarket_logo.png\",\"contentUrl\":\"https:\\\/\\\/racom.com.pl\\\/wp-content\\\/uploads\\\/2025\\\/07\\\/mixmarket_logo.png\",\"width\":1024,\"height\":1024,\"caption\":\"Mix Market - Supermarket z wszystkim co potrzeba do domu i nie tylko\"},\"image\":{\"@id\":\"https:\\\/\\\/racom.com.pl\\\/#\\\/schema\\\/logo\\\/image\\\/\"}}]}<\/script>\n<!-- \/ Yoast SEO plugin. -->","yoast_head_json":{"title":"RAMKA DO \u015aCIEMNIACZA LED Z POKR\u0118T\u0141EM CZARNA - Mix Market - Supermarket z wszystkim co potrzeba","robots":{"index":"index","follow":"follow","max-snippet":"max-snippet:-1","max-image-preview":"max-image-preview:large","max-video-preview":"max-video-preview:-1"},"canonical":"https:\/\/racom.com.pl\/index.php\/produkt\/ramka-do-sciemniacza-led-z-pokretlem-czarna\/","og_locale":"pl_PL","og_type":"article","og_title":"RAMKA DO \u015aCIEMNIACZA LED Z POKR\u0118T\u0141EM CZARNA - Mix Market - Supermarket z wszystkim co potrzeba","og_description":"Ramka pojedyncza kwadrat do gniazd i w\u0142\u0105cznik\u00f3w kolor: CZARNY Model:&nbsp;Kwadrat Materia\u0142 wykonania:&nbsp;PC Metoda instalacji:&nbsp;Monta\u017c Rozmiar:&nbsp;L82*W82*H8mm Rodzaj wtyczki:&nbsp;Typ niemiecki Dziura:&nbsp;1WAY","og_url":"https:\/\/racom.com.pl\/index.php\/produkt\/ramka-do-sciemniacza-led-z-pokretlem-czarna\/","og_site_name":"Mix Market - Supermarket z wszystkim co potrzeba","og_image":[{"width":1500,"height":1500,"url":"https:\/\/racom.com.pl\/wp-content\/uploads\/2025\/07\/allegro_687be731bda739.50752499_a4350c16453088f9f79b5472c024.jpg","type":"image\/jpeg"}],"twitter_card":"summary_large_image","schema":{"@context":"https:\/\/schema.org","@graph":[{"@type":"WebPage","@id":"https:\/\/racom.com.pl\/index.php\/produkt\/ramka-do-sciemniacza-led-z-pokretlem-czarna\/","url":"https:\/\/racom.com.pl\/index.php\/produkt\/ramka-do-sciemniacza-led-z-pokretlem-czarna\/","name":"RAMKA DO \u015aCIEMNIACZA LED Z POKR\u0118T\u0141EM CZARNA - Mix Market - Supermarket z wszystkim co potrzeba","isPartOf":{"@id":"https:\/\/racom.com.pl\/#website"},"primaryImageOfPage":{"@id":"https:\/\/racom.com.pl\/index.php\/produkt\/ramka-do-sciemniacza-led-z-pokretlem-czarna\/#primaryimage"},"image":{"@id":"https:\/\/racom.com.pl\/index.php\/produkt\/ramka-do-sciemniacza-led-z-pokretlem-czarna\/#primaryimage"},"thumbnailUrl":"https:\/\/racom.com.pl\/wp-content\/uploads\/2025\/07\/allegro_687be731bda739.50752499_a4350c16453088f9f79b5472c024.jpg","datePublished":"2025-07-19T18:42:06+00:00","breadcrumb":{"@id":"https:\/\/racom.com.pl\/index.php\/produkt\/ramka-do-sciemniacza-led-z-pokretlem-czarna\/#breadcrumb"},"inLanguage":"pl-PL","potentialAction":[{"@type":"ReadAction","target":["https:\/\/racom.com.pl\/index.php\/produkt\/ramka-do-sciemniacza-led-z-pokretlem-czarna\/"]}]},{"@type":"ImageObject","inLanguage":"pl-PL","@id":"https:\/\/racom.com.pl\/index.php\/produkt\/ramka-do-sciemniacza-led-z-pokretlem-czarna\/#primaryimage","url":"https:\/\/racom.com.pl\/wp-content\/uploads\/2025\/07\/allegro_687be731bda739.50752499_a4350c16453088f9f79b5472c024.jpg","contentUrl":"https:\/\/racom.com.pl\/wp-content\/uploads\/2025\/07\/allegro_687be731bda739.50752499_a4350c16453088f9f79b5472c024.jpg","width":1500,"height":1500},{"@type":"BreadcrumbList","@id":"https:\/\/racom.com.pl\/index.php\/produkt\/ramka-do-sciemniacza-led-z-pokretlem-czarna\/#breadcrumb","itemListElement":[{"@type":"ListItem","position":1,"name":"Strona g\u0142\u00f3wna","item":"https:\/\/racom.com.pl\/"},{"@type":"ListItem","position":2,"name":"Sklep","item":"https:\/\/racom.com.pl\/"},{"@type":"ListItem","position":3,"name":"RAMKA DO \u015aCIEMNIACZA LED Z POKR\u0118T\u0141EM CZARNA"}]},{"@type":"WebSite","@id":"https:\/\/racom.com.pl\/#website","url":"https:\/\/racom.com.pl\/","name":"Mix Market - Supermarket z wszystkim co potrzeba do domu i nie tylko","description":"","publisher":{"@id":"https:\/\/racom.com.pl\/#organization"},"potentialAction":[{"@type":"SearchAction","target":{"@type":"EntryPoint","urlTemplate":"https:\/\/racom.com.pl\/?s={search_term_string}"},"query-input":{"@type":"PropertyValueSpecification","valueRequired":true,"valueName":"search_term_string"}}],"inLanguage":"pl-PL"},{"@type":"Organization","@id":"https:\/\/racom.com.pl\/#organization","name":"Mix Market - Supermarket z wszystkim co potrzeba do domu i nie tylko","url":"https:\/\/racom.com.pl\/","logo":{"@type":"ImageObject","inLanguage":"pl-PL","@id":"https:\/\/racom.com.pl\/#\/schema\/logo\/image\/","url":"https:\/\/racom.com.pl\/wp-content\/uploads\/2025\/07\/mixmarket_logo.png","contentUrl":"https:\/\/racom.com.pl\/wp-content\/uploads\/2025\/07\/mixmarket_logo.png","width":1024,"height":1024,"caption":"Mix Market - Supermarket z wszystkim co potrzeba do domu i nie tylko"},"image":{"@id":"https:\/\/racom.com.pl\/#\/schema\/logo\/image\/"}}]}},"_links":{"self":[{"href":"https:\/\/racom.com.pl\/index.php\/wp-json\/wp\/v2\/product\/3287","targetHints":{"allow":["GET"]}}],"collection":[{"href":"https:\/\/racom.com.pl\/index.php\/wp-json\/wp\/v2\/product"}],"about":[{"href":"https:\/\/racom.com.pl\/index.php\/wp-json\/wp\/v2\/types\/product"}],"replies":[{"embeddable":true,"href":"https:\/\/racom.com.pl\/index.php\/wp-json\/wp\/v2\/comments?post=3287"}],"wp:featuredmedia":[{"embeddable":true,"href":"https:\/\/racom.com.pl\/index.php\/wp-json\/wp\/v2\/media\/3289"}],"wp:attachment":[{"href":"https:\/\/racom.com.pl\/index.php\/wp-json\/wp\/v2\/media?parent=3287"}],"wp:term":[{"taxonomy":"product_brand","embeddable":true,"href":"https:\/\/racom.com.pl\/index.php\/wp-json\/wp\/v2\/product_brand?post=3287"},{"taxonomy":"product_cat","embeddable":true,"href":"https:\/\/racom.com.pl\/index.php\/wp-json\/wp\/v2\/product_cat?post=3287"},{"taxonomy":"product_tag","embeddable":true,"href":"https:\/\/racom.com.pl\/index.php\/wp-json\/wp\/v2\/product_tag?post=3287"}],"curies":[{"name":"wp","href":"https:\/\/api.w.org\/{rel}","templated":true}]}}