{"id":3290,"date":"2025-07-19T20:43:13","date_gmt":"2025-07-19T18:43:13","guid":{"rendered":"http:\/\/192.168.2.106\/index.php\/produkt\/sciemniacz-do-led-obrotowy-z-wlacznikiem-230v\/"},"modified":"2025-07-19T20:43:13","modified_gmt":"2025-07-19T18:43:13","slug":"sciemniacz-do-led-obrotowy-z-wlacznikiem-230v","status":"publish","type":"product","link":"https:\/\/racom.com.pl\/index.php\/produkt\/sciemniacz-do-led-obrotowy-z-wlacznikiem-230v\/","title":{"rendered":"\u015aCIEMNIACZ DO LED OBROTOWY Z W\u0141\u0104CZNIKIEM 230V"},"content":{"rendered":"<p><b>\u015aciemniacz LED obrotowy (pokr\u0119t\u0142o z regulacj\u0105) i w\u0142\u0105cznikiem (srebrny)<\/b><\/p>\n<p>Podtynkowy \u015bciemniacz do o\u015bwietlenia LED z regulacj\u0105 jasno\u015bci i wy\u0142\u0105cznikiem\/w\u0142\u0105cznikiem.<\/p>\n<p>Nad opisem aukcji znajduje si\u0119 zestaw wraz z ramk\u0105 (Kup razem).<\/p>\n<p><b>Materia\u0142 wykonania<\/b>: PC<\/p>\n<p><b>Kolor<\/b>: Srebrny<\/p>\n<p><b>Monta\u017c<\/b>: dopuszkowy\/podtynkowy<\/p>\n<p><b>Zasilanie<\/b>: 230V AC<\/p>\n<p><b>Obs\u0142ugiwane typy o\u015bwietlenia<\/b>:<\/p>\n<ul>\n<li>Lampa \u017carowa: 10-300W;<\/li>\n<li>Lampy halogenowe: 7-300W;<\/li>\n<li>Lampy LED: 3-100W<\/li>\n<\/ul>\n<p><b>Wymiary pod monta\u017c<\/b>: puszka o g\u0142\u0119boko\u015bci nie mniejszej ni\u017c 40mm<\/p>\n<p><b>Zalecany typ \u017car\u00f3wek<\/b>: \u015bciemnialne (dimmable)<\/p>\n<p>Kontroler mo\u017ce wywo\u0142ywa\u0107 mruganie w po\u0142\u0105czeniu z nieodpowiednimi \u017car\u00f3wkami. Zalecamy stosowanie o\u015bwietlenia z mo\u017cliwo\u015bci\u0105 \u015bciemniania.<\/p>\n","protected":false},"excerpt":{"rendered":"<p>\u015aciemniacz LED obrotowy (pokr\u0119t\u0142o z regulacj\u0105) i w\u0142\u0105cznikiem (srebrny) Podtynkowy \u015bciemniacz do o\u015bwietlenia LED z regulacj\u0105 jasno\u015bci i wy\u0142\u0105cznikiem\/w\u0142\u0105cznikiem. Nad opisem aukcji znajduje si\u0119 zestaw wraz z ramk\u0105 (Kup razem). Materia\u0142 wykonania: PC Kolor: Srebrny Monta\u017c: dopuszkowy\/podtynkowy Zasilanie: 230V AC Obs\u0142ugiwane typy o\u015bwietlenia: Lampa \u017carowa: 10-300W; Lampy halogenowe: 7-300W; Lampy LED: 3-100W Wymiary pod monta\u017c: [&hellip;]<\/p>\n","protected":false},"featured_media":3292,"comment_status":"open","ping_status":"closed","template":"","meta":[],"product_brand":[76],"product_cat":[227],"product_tag":[],"class_list":{"0":"post-3290","1":"product","2":"type-product","3":"status-publish","4":"has-post-thumbnail","6":"product_brand-aigostar","7":"product_cat-elektryka-i-akcesoria","9":"first","10":"instock","11":"taxable","12":"shipping-taxable","13":"purchasable","14":"product-type-simple"},"yoast_head":"<!-- This site is optimized with the Yoast SEO plugin v27.3 - https:\/\/yoast.com\/product\/yoast-seo-wordpress\/ -->\n<title>\u015aCIEMNIACZ DO LED OBROTOWY Z W\u0141\u0104CZNIKIEM 230V - Mix Market - Supermarket z wszystkim co potrzeba<\/title>\n<meta name=\"robots\" content=\"index, follow, max-snippet:-1, max-image-preview:large, max-video-preview:-1\" \/>\n<link rel=\"canonical\" href=\"https:\/\/racom.com.pl\/index.php\/produkt\/sciemniacz-do-led-obrotowy-z-wlacznikiem-230v\/\" \/>\n<meta property=\"og:locale\" content=\"pl_PL\" \/>\n<meta property=\"og:type\" content=\"article\" \/>\n<meta property=\"og:title\" content=\"\u015aCIEMNIACZ DO LED OBROTOWY Z W\u0141\u0104CZNIKIEM 230V - Mix Market - Supermarket z wszystkim co potrzeba\" \/>\n<meta property=\"og:description\" content=\"\u015aciemniacz LED obrotowy (pokr\u0119t\u0142o z regulacj\u0105) i w\u0142\u0105cznikiem (srebrny) Podtynkowy \u015bciemniacz do o\u015bwietlenia LED z regulacj\u0105 jasno\u015bci i wy\u0142\u0105cznikiem\/w\u0142\u0105cznikiem. Nad opisem aukcji znajduje si\u0119 zestaw wraz z ramk\u0105 (Kup razem). Materia\u0142 wykonania: PC Kolor: Srebrny Monta\u017c: dopuszkowy\/podtynkowy Zasilanie: 230V AC Obs\u0142ugiwane typy o\u015bwietlenia: Lampa \u017carowa: 10-300W; Lampy halogenowe: 7-300W; Lampy LED: 3-100W Wymiary pod monta\u017c: [&hellip;]\" \/>\n<meta property=\"og:url\" content=\"https:\/\/racom.com.pl\/index.php\/produkt\/sciemniacz-do-led-obrotowy-z-wlacznikiem-230v\/\" \/>\n<meta property=\"og:site_name\" content=\"Mix Market - Supermarket z wszystkim co potrzeba\" \/>\n<meta property=\"og:image\" content=\"https:\/\/racom.com.pl\/wp-content\/uploads\/2025\/07\/allegro_687be76057f631.24845695_263c69ba40048f0bbba55a09f936.jpg\" \/>\n\t<meta property=\"og:image:width\" content=\"1034\" \/>\n\t<meta property=\"og:image:height\" content=\"1052\" \/>\n\t<meta property=\"og:image:type\" content=\"image\/jpeg\" \/>\n<meta name=\"twitter:card\" content=\"summary_large_image\" \/>\n<meta name=\"twitter:label1\" content=\"Szacowany czas czytania\" \/>\n\t<meta name=\"twitter:data1\" content=\"1 minuta\" \/>\n<script type=\"application\/ld+json\" class=\"yoast-schema-graph\">{\"@context\":\"https:\\\/\\\/schema.org\",\"@graph\":[{\"@type\":\"WebPage\",\"@id\":\"https:\\\/\\\/racom.com.pl\\\/index.php\\\/produkt\\\/sciemniacz-do-led-obrotowy-z-wlacznikiem-230v\\\/\",\"url\":\"https:\\\/\\\/racom.com.pl\\\/index.php\\\/produkt\\\/sciemniacz-do-led-obrotowy-z-wlacznikiem-230v\\\/\",\"name\":\"\u015aCIEMNIACZ DO LED OBROTOWY Z W\u0141\u0104CZNIKIEM 230V - Mix Market - Supermarket z wszystkim co potrzeba\",\"isPartOf\":{\"@id\":\"https:\\\/\\\/racom.com.pl\\\/#website\"},\"primaryImageOfPage\":{\"@id\":\"https:\\\/\\\/racom.com.pl\\\/index.php\\\/produkt\\\/sciemniacz-do-led-obrotowy-z-wlacznikiem-230v\\\/#primaryimage\"},\"image\":{\"@id\":\"https:\\\/\\\/racom.com.pl\\\/index.php\\\/produkt\\\/sciemniacz-do-led-obrotowy-z-wlacznikiem-230v\\\/#primaryimage\"},\"thumbnailUrl\":\"https:\\\/\\\/racom.com.pl\\\/wp-content\\\/uploads\\\/2025\\\/07\\\/allegro_687be76057f631.24845695_263c69ba40048f0bbba55a09f936.jpg\",\"datePublished\":\"2025-07-19T18:43:13+00:00\",\"breadcrumb\":{\"@id\":\"https:\\\/\\\/racom.com.pl\\\/index.php\\\/produkt\\\/sciemniacz-do-led-obrotowy-z-wlacznikiem-230v\\\/#breadcrumb\"},\"inLanguage\":\"pl-PL\",\"potentialAction\":[{\"@type\":\"ReadAction\",\"target\":[\"https:\\\/\\\/racom.com.pl\\\/index.php\\\/produkt\\\/sciemniacz-do-led-obrotowy-z-wlacznikiem-230v\\\/\"]}]},{\"@type\":\"ImageObject\",\"inLanguage\":\"pl-PL\",\"@id\":\"https:\\\/\\\/racom.com.pl\\\/index.php\\\/produkt\\\/sciemniacz-do-led-obrotowy-z-wlacznikiem-230v\\\/#primaryimage\",\"url\":\"https:\\\/\\\/racom.com.pl\\\/wp-content\\\/uploads\\\/2025\\\/07\\\/allegro_687be76057f631.24845695_263c69ba40048f0bbba55a09f936.jpg\",\"contentUrl\":\"https:\\\/\\\/racom.com.pl\\\/wp-content\\\/uploads\\\/2025\\\/07\\\/allegro_687be76057f631.24845695_263c69ba40048f0bbba55a09f936.jpg\",\"width\":1034,\"height\":1052},{\"@type\":\"BreadcrumbList\",\"@id\":\"https:\\\/\\\/racom.com.pl\\\/index.php\\\/produkt\\\/sciemniacz-do-led-obrotowy-z-wlacznikiem-230v\\\/#breadcrumb\",\"itemListElement\":[{\"@type\":\"ListItem\",\"position\":1,\"name\":\"Strona g\u0142\u00f3wna\",\"item\":\"https:\\\/\\\/racom.com.pl\\\/\"},{\"@type\":\"ListItem\",\"position\":2,\"name\":\"Sklep\",\"item\":\"https:\\\/\\\/racom.com.pl\\\/\"},{\"@type\":\"ListItem\",\"position\":3,\"name\":\"\u015aCIEMNIACZ DO LED OBROTOWY Z W\u0141\u0104CZNIKIEM 230V\"}]},{\"@type\":\"WebSite\",\"@id\":\"https:\\\/\\\/racom.com.pl\\\/#website\",\"url\":\"https:\\\/\\\/racom.com.pl\\\/\",\"name\":\"Mix Market - Supermarket z wszystkim co potrzeba do domu i nie tylko\",\"description\":\"\",\"publisher\":{\"@id\":\"https:\\\/\\\/racom.com.pl\\\/#organization\"},\"potentialAction\":[{\"@type\":\"SearchAction\",\"target\":{\"@type\":\"EntryPoint\",\"urlTemplate\":\"https:\\\/\\\/racom.com.pl\\\/?s={search_term_string}\"},\"query-input\":{\"@type\":\"PropertyValueSpecification\",\"valueRequired\":true,\"valueName\":\"search_term_string\"}}],\"inLanguage\":\"pl-PL\"},{\"@type\":\"Organization\",\"@id\":\"https:\\\/\\\/racom.com.pl\\\/#organization\",\"name\":\"Mix Market - Supermarket z wszystkim co potrzeba do domu i nie tylko\",\"url\":\"https:\\\/\\\/racom.com.pl\\\/\",\"logo\":{\"@type\":\"ImageObject\",\"inLanguage\":\"pl-PL\",\"@id\":\"https:\\\/\\\/racom.com.pl\\\/#\\\/schema\\\/logo\\\/image\\\/\",\"url\":\"https:\\\/\\\/racom.com.pl\\\/wp-content\\\/uploads\\\/2025\\\/07\\\/mixmarket_logo.png\",\"contentUrl\":\"https:\\\/\\\/racom.com.pl\\\/wp-content\\\/uploads\\\/2025\\\/07\\\/mixmarket_logo.png\",\"width\":1024,\"height\":1024,\"caption\":\"Mix Market - Supermarket z wszystkim co potrzeba do domu i nie tylko\"},\"image\":{\"@id\":\"https:\\\/\\\/racom.com.pl\\\/#\\\/schema\\\/logo\\\/image\\\/\"}}]}<\/script>\n<!-- \/ Yoast SEO plugin. -->","yoast_head_json":{"title":"\u015aCIEMNIACZ DO LED OBROTOWY Z W\u0141\u0104CZNIKIEM 230V - Mix Market - Supermarket z wszystkim co potrzeba","robots":{"index":"index","follow":"follow","max-snippet":"max-snippet:-1","max-image-preview":"max-image-preview:large","max-video-preview":"max-video-preview:-1"},"canonical":"https:\/\/racom.com.pl\/index.php\/produkt\/sciemniacz-do-led-obrotowy-z-wlacznikiem-230v\/","og_locale":"pl_PL","og_type":"article","og_title":"\u015aCIEMNIACZ DO LED OBROTOWY Z W\u0141\u0104CZNIKIEM 230V - Mix Market - Supermarket z wszystkim co potrzeba","og_description":"\u015aciemniacz LED obrotowy (pokr\u0119t\u0142o z regulacj\u0105) i w\u0142\u0105cznikiem (srebrny) Podtynkowy \u015bciemniacz do o\u015bwietlenia LED z regulacj\u0105 jasno\u015bci i wy\u0142\u0105cznikiem\/w\u0142\u0105cznikiem. Nad opisem aukcji znajduje si\u0119 zestaw wraz z ramk\u0105 (Kup razem). Materia\u0142 wykonania: PC Kolor: Srebrny Monta\u017c: dopuszkowy\/podtynkowy Zasilanie: 230V AC Obs\u0142ugiwane typy o\u015bwietlenia: Lampa \u017carowa: 10-300W; Lampy halogenowe: 7-300W; Lampy LED: 3-100W Wymiary pod monta\u017c: [&hellip;]","og_url":"https:\/\/racom.com.pl\/index.php\/produkt\/sciemniacz-do-led-obrotowy-z-wlacznikiem-230v\/","og_site_name":"Mix Market - Supermarket z wszystkim co potrzeba","og_image":[{"width":1034,"height":1052,"url":"https:\/\/racom.com.pl\/wp-content\/uploads\/2025\/07\/allegro_687be76057f631.24845695_263c69ba40048f0bbba55a09f936.jpg","type":"image\/jpeg"}],"twitter_card":"summary_large_image","twitter_misc":{"Szacowany czas czytania":"1 minuta"},"schema":{"@context":"https:\/\/schema.org","@graph":[{"@type":"WebPage","@id":"https:\/\/racom.com.pl\/index.php\/produkt\/sciemniacz-do-led-obrotowy-z-wlacznikiem-230v\/","url":"https:\/\/racom.com.pl\/index.php\/produkt\/sciemniacz-do-led-obrotowy-z-wlacznikiem-230v\/","name":"\u015aCIEMNIACZ DO LED OBROTOWY Z W\u0141\u0104CZNIKIEM 230V - Mix Market - Supermarket z wszystkim co potrzeba","isPartOf":{"@id":"https:\/\/racom.com.pl\/#website"},"primaryImageOfPage":{"@id":"https:\/\/racom.com.pl\/index.php\/produkt\/sciemniacz-do-led-obrotowy-z-wlacznikiem-230v\/#primaryimage"},"image":{"@id":"https:\/\/racom.com.pl\/index.php\/produkt\/sciemniacz-do-led-obrotowy-z-wlacznikiem-230v\/#primaryimage"},"thumbnailUrl":"https:\/\/racom.com.pl\/wp-content\/uploads\/2025\/07\/allegro_687be76057f631.24845695_263c69ba40048f0bbba55a09f936.jpg","datePublished":"2025-07-19T18:43:13+00:00","breadcrumb":{"@id":"https:\/\/racom.com.pl\/index.php\/produkt\/sciemniacz-do-led-obrotowy-z-wlacznikiem-230v\/#breadcrumb"},"inLanguage":"pl-PL","potentialAction":[{"@type":"ReadAction","target":["https:\/\/racom.com.pl\/index.php\/produkt\/sciemniacz-do-led-obrotowy-z-wlacznikiem-230v\/"]}]},{"@type":"ImageObject","inLanguage":"pl-PL","@id":"https:\/\/racom.com.pl\/index.php\/produkt\/sciemniacz-do-led-obrotowy-z-wlacznikiem-230v\/#primaryimage","url":"https:\/\/racom.com.pl\/wp-content\/uploads\/2025\/07\/allegro_687be76057f631.24845695_263c69ba40048f0bbba55a09f936.jpg","contentUrl":"https:\/\/racom.com.pl\/wp-content\/uploads\/2025\/07\/allegro_687be76057f631.24845695_263c69ba40048f0bbba55a09f936.jpg","width":1034,"height":1052},{"@type":"BreadcrumbList","@id":"https:\/\/racom.com.pl\/index.php\/produkt\/sciemniacz-do-led-obrotowy-z-wlacznikiem-230v\/#breadcrumb","itemListElement":[{"@type":"ListItem","position":1,"name":"Strona g\u0142\u00f3wna","item":"https:\/\/racom.com.pl\/"},{"@type":"ListItem","position":2,"name":"Sklep","item":"https:\/\/racom.com.pl\/"},{"@type":"ListItem","position":3,"name":"\u015aCIEMNIACZ DO LED OBROTOWY Z W\u0141\u0104CZNIKIEM 230V"}]},{"@type":"WebSite","@id":"https:\/\/racom.com.pl\/#website","url":"https:\/\/racom.com.pl\/","name":"Mix Market - Supermarket z wszystkim co potrzeba do domu i nie tylko","description":"","publisher":{"@id":"https:\/\/racom.com.pl\/#organization"},"potentialAction":[{"@type":"SearchAction","target":{"@type":"EntryPoint","urlTemplate":"https:\/\/racom.com.pl\/?s={search_term_string}"},"query-input":{"@type":"PropertyValueSpecification","valueRequired":true,"valueName":"search_term_string"}}],"inLanguage":"pl-PL"},{"@type":"Organization","@id":"https:\/\/racom.com.pl\/#organization","name":"Mix Market - Supermarket z wszystkim co potrzeba do domu i nie tylko","url":"https:\/\/racom.com.pl\/","logo":{"@type":"ImageObject","inLanguage":"pl-PL","@id":"https:\/\/racom.com.pl\/#\/schema\/logo\/image\/","url":"https:\/\/racom.com.pl\/wp-content\/uploads\/2025\/07\/mixmarket_logo.png","contentUrl":"https:\/\/racom.com.pl\/wp-content\/uploads\/2025\/07\/mixmarket_logo.png","width":1024,"height":1024,"caption":"Mix Market - Supermarket z wszystkim co potrzeba do domu i nie tylko"},"image":{"@id":"https:\/\/racom.com.pl\/#\/schema\/logo\/image\/"}}]}},"_links":{"self":[{"href":"https:\/\/racom.com.pl\/index.php\/wp-json\/wp\/v2\/product\/3290","targetHints":{"allow":["GET"]}}],"collection":[{"href":"https:\/\/racom.com.pl\/index.php\/wp-json\/wp\/v2\/product"}],"about":[{"href":"https:\/\/racom.com.pl\/index.php\/wp-json\/wp\/v2\/types\/product"}],"replies":[{"embeddable":true,"href":"https:\/\/racom.com.pl\/index.php\/wp-json\/wp\/v2\/comments?post=3290"}],"wp:featuredmedia":[{"embeddable":true,"href":"https:\/\/racom.com.pl\/index.php\/wp-json\/wp\/v2\/media\/3292"}],"wp:attachment":[{"href":"https:\/\/racom.com.pl\/index.php\/wp-json\/wp\/v2\/media?parent=3290"}],"wp:term":[{"taxonomy":"product_brand","embeddable":true,"href":"https:\/\/racom.com.pl\/index.php\/wp-json\/wp\/v2\/product_brand?post=3290"},{"taxonomy":"product_cat","embeddable":true,"href":"https:\/\/racom.com.pl\/index.php\/wp-json\/wp\/v2\/product_cat?post=3290"},{"taxonomy":"product_tag","embeddable":true,"href":"https:\/\/racom.com.pl\/index.php\/wp-json\/wp\/v2\/product_tag?post=3290"}],"curies":[{"name":"wp","href":"https:\/\/api.w.org\/{rel}","templated":true}]}}