{"id":3337,"date":"2025-07-19T23:15:01","date_gmt":"2025-07-19T21:15:01","guid":{"rendered":"http:\/\/192.168.2.106\/index.php\/produkt\/halogen-led-50w-500-lm-panel-solarny-pilot\/"},"modified":"2025-07-19T23:15:01","modified_gmt":"2025-07-19T21:15:01","slug":"halogen-led-50w-500-lm-panel-solarny-pilot","status":"publish","type":"product","link":"https:\/\/racom.com.pl\/index.php\/produkt\/halogen-led-50w-500-lm-panel-solarny-pilot\/","title":{"rendered":"Halogen LED 50W 500 lm + panel solarny pilot"},"content":{"rendered":"<h2>NA\u015aWIETLACZ LED SOLARNY 50W SZARY &#8211; BIA\u0141Y ZIMNY<\/h2>\n<h2>Na\u015bwietlacz LED solarny to nowoczesne samowystarczalne, \u0142atwe w monta\u017cu rozwi\u0105zanie nie wymagaj\u0105ce dodatkowego okablowania<\/h2>\n<ul>\n<li><b>Typ:<\/b> NA\u015aWIETLACZ SOLARNY<\/li>\n<li><b>Barwa \u015bwiat\u0142a:<\/b> BIA\u0141Y ZIMNY (6000-6500K)<\/li>\n<li><b>Strumie\u0144 \u015bwietny (Lm):<\/b> 500<\/li>\n<li><b>Moc poboru pr\u0105du:<\/b> 50W<\/li>\n<li><b>Stopie\u0144 szczelno\u015bci:<\/b> IP65<\/li>\n<li><b>Wymiary (D\u0142.\/Wys.\/Szer. mm):<\/b> 176x211x43<\/li>\n<li><b>Wymiary panelu solarnego (D\u0142.\/Wys.\/Szer. mm):<\/b> 180x270x17<\/li>\n<li><b>K\u0105t rozsy\u0142u \u015bwiat\u0142a:<\/b> 90\u00b0<\/li>\n<li><b>Wsp\u00f3\u0142czynnik oddawania barw:<\/b> Ra\u226570<\/li>\n<li><b>Klasa szczelno\u015bci:<\/b> IP65<\/li>\n<li><b>\u017bywotno\u015b\u0107 do (h):<\/b> 50000<\/li>\n<li><b>Kolor obudowy:<\/b> SZARY<\/li>\n<li><b>Moc panelu solarnego:<\/b> 8W<\/li>\n<li><b>Typ panelu solarnego:<\/b> MONOKRYSTALICZNY<\/li>\n<li><b>Zabezpieczenie IK:<\/b> IK07<\/li>\n<li><b>Czas pracy:<\/b> 12h (max)<\/li>\n<\/ul>\n<p><b>Solarny Na\u015bwietlacz LED<\/b> do produkt <b>samowystarczalny<\/b> oraz <b>\u0142atwy w u\u017cytkowaniu<\/b>.&nbsp; Na\u015bwietlacze tego typu <b>nie wymagaj\u0105 dodatkowego okablowania<\/b> zasilaj\u0105cego oraz s\u0105<b> \u0142atwe w monta\u017cu<\/b>. Zastosowanie paneli s\u0142onecznych \u2013 <b>instalacji fotowoltaicznej<\/b> powoduje, \u017ce u\u017cytkownik <b>nie ponosi kosztu energii elektrycznej<\/b>, a sam uk\u0142ad jest samowystarczalny. Zastosowane komponenty panelu fotowoltaicznego maj\u0105 wysok\u0105 czu\u0142o\u015b\u0107, przez co <b>\u0142adowanie nast\u0119puje nawet przy s\u0142abym o\u015bwietleniu<\/b>. <b>Du\u017ca pojemno\u015b\u0107 baterii<\/b> powoduje, \u017ce na\u015bwietlacz mo\u017ce dzia\u0142a\u0107 nawet <b>12 godzin<\/b>. Zaawansowany sterownik uk\u0142adu fotowoltaicznego chroni bateri\u0119 przed prze\u0142adowaniem oraz ca\u0142kowitym roz\u0142adowaniem. Na\u015bwietlacz ponadto <b>posiada ochron\u0119 przeciwwybuchow\u0105 IK07<\/b> oraz <b>stopie\u0144 szczelno\u015bci IP65<\/b>. Zastosowane <b>chipy LED s\u0105 produkowane przez firm\u0119 Bridgelux<\/b> \u2013 jednego z lider\u00f3w w produkcji najwy\u017cszej jako\u015bci diod LED. Do produktu<b> do\u0142\u0105czony jest inteligentny pilot zdalnego sterowania<\/b>, kt\u00f3ry z pewno\u015bci\u0105 u\u0142atwi w jeszcze wy\u017cszym stopniu obs\u0142ug\u0119 na\u015bwietlacza.<\/p>\n<p><b>Zastosowanie<\/b>: domowe\/komercyjne.<\/p>\n<p><b>Cechy charakterystyczne<\/b>: wysoka jako\u015b\u0107, elegancki design, niewielkie wymiary, szeroki zakres temp. Pracy, \u0142atwy monta\u017c, niezawodno\u015b\u0107, certyfikaty ROHS i CE.<\/p>\n<p>Produkt jest oznaczony logo <b>CE<\/b>, oznaczaj\u0105ce \u017ce produkt nie zagra\u017ca zdrowiu cz\u0142owieka ani nie jest szkodliwy dla \u015brodowiska naturalnego zar\u00f3wno podczas u\u017cytkowania jak i produkcji oraz jest zgodne z Unijn\u0105 dyrektyw\u0105 <b>RoHS<\/b> traktuj\u0105c\u0105 o limitach emisji szkodliwych substancji do \u015brodowiska podczas jego wytwarzania.<\/p>\n","protected":false},"excerpt":{"rendered":"<p>NA\u015aWIETLACZ LED SOLARNY 50W SZARY &#8211; BIA\u0141Y ZIMNY Na\u015bwietlacz LED solarny to nowoczesne samowystarczalne, \u0142atwe w monta\u017cu rozwi\u0105zanie nie wymagaj\u0105ce dodatkowego okablowania Typ: NA\u015aWIETLACZ SOLARNY Barwa \u015bwiat\u0142a: BIA\u0141Y ZIMNY (6000-6500K) Strumie\u0144 \u015bwietny (Lm): 500 Moc poboru pr\u0105du: 50W Stopie\u0144 szczelno\u015bci: IP65 Wymiary (D\u0142.\/Wys.\/Szer. mm): 176x211x43 Wymiary panelu solarnego (D\u0142.\/Wys.\/Szer. mm): 180x270x17 K\u0105t rozsy\u0142u \u015bwiat\u0142a: 90\u00b0 [&hellip;]<\/p>\n","protected":false},"featured_media":3347,"comment_status":"open","ping_status":"closed","template":"","meta":[],"product_brand":[76],"product_cat":[230],"product_tag":[],"class_list":{"0":"post-3337","1":"product","2":"type-product","3":"status-publish","4":"has-post-thumbnail","6":"product_brand-aigostar","7":"product_cat-halogeny-i-naswietlacze","9":"first","10":"instock","11":"taxable","12":"shipping-taxable","13":"purchasable","14":"product-type-simple"},"yoast_head":"<!-- This site is optimized with the Yoast SEO plugin v27.3 - https:\/\/yoast.com\/product\/yoast-seo-wordpress\/ -->\n<title>Halogen LED 50W 500 lm + panel solarny pilot - Mix Market - Supermarket z wszystkim co potrzeba<\/title>\n<meta name=\"robots\" content=\"index, follow, max-snippet:-1, max-image-preview:large, max-video-preview:-1\" \/>\n<link rel=\"canonical\" href=\"https:\/\/racom.com.pl\/index.php\/produkt\/halogen-led-50w-500-lm-panel-solarny-pilot\/\" \/>\n<meta property=\"og:locale\" content=\"pl_PL\" \/>\n<meta property=\"og:type\" content=\"article\" \/>\n<meta property=\"og:title\" content=\"Halogen LED 50W 500 lm + panel solarny pilot - Mix Market - Supermarket z wszystkim co potrzeba\" \/>\n<meta property=\"og:description\" content=\"NA\u015aWIETLACZ LED SOLARNY 50W SZARY &#8211; BIA\u0141Y ZIMNY Na\u015bwietlacz LED solarny to nowoczesne samowystarczalne, \u0142atwe w monta\u017cu rozwi\u0105zanie nie wymagaj\u0105ce dodatkowego okablowania Typ: NA\u015aWIETLACZ SOLARNY Barwa \u015bwiat\u0142a: BIA\u0141Y ZIMNY (6000-6500K) Strumie\u0144 \u015bwietny (Lm): 500 Moc poboru pr\u0105du: 50W Stopie\u0144 szczelno\u015bci: IP65 Wymiary (D\u0142.\/Wys.\/Szer. mm): 176x211x43 Wymiary panelu solarnego (D\u0142.\/Wys.\/Szer. mm): 180x270x17 K\u0105t rozsy\u0142u \u015bwiat\u0142a: 90\u00b0 [&hellip;]\" \/>\n<meta property=\"og:url\" content=\"https:\/\/racom.com.pl\/index.php\/produkt\/halogen-led-50w-500-lm-panel-solarny-pilot\/\" \/>\n<meta property=\"og:site_name\" content=\"Mix Market - Supermarket z wszystkim co potrzeba\" \/>\n<meta property=\"og:image\" content=\"https:\/\/racom.com.pl\/wp-content\/uploads\/2025\/07\/allegro_687c0bda2c92d2.55776375_8105b95d40f6b36d359b140201fb.jpg\" \/>\n\t<meta property=\"og:image:width\" content=\"1130\" \/>\n\t<meta property=\"og:image:height\" content=\"215\" \/>\n\t<meta property=\"og:image:type\" content=\"image\/jpeg\" \/>\n<meta name=\"twitter:card\" content=\"summary_large_image\" \/>\n<meta name=\"twitter:label1\" content=\"Szacowany czas czytania\" \/>\n\t<meta name=\"twitter:data1\" content=\"2 minuty\" \/>\n<script type=\"application\/ld+json\" class=\"yoast-schema-graph\">{\"@context\":\"https:\\\/\\\/schema.org\",\"@graph\":[{\"@type\":\"WebPage\",\"@id\":\"https:\\\/\\\/racom.com.pl\\\/index.php\\\/produkt\\\/halogen-led-50w-500-lm-panel-solarny-pilot\\\/\",\"url\":\"https:\\\/\\\/racom.com.pl\\\/index.php\\\/produkt\\\/halogen-led-50w-500-lm-panel-solarny-pilot\\\/\",\"name\":\"Halogen LED 50W 500 lm + panel solarny pilot - Mix Market - Supermarket z wszystkim co potrzeba\",\"isPartOf\":{\"@id\":\"https:\\\/\\\/racom.com.pl\\\/#website\"},\"primaryImageOfPage\":{\"@id\":\"https:\\\/\\\/racom.com.pl\\\/index.php\\\/produkt\\\/halogen-led-50w-500-lm-panel-solarny-pilot\\\/#primaryimage\"},\"image\":{\"@id\":\"https:\\\/\\\/racom.com.pl\\\/index.php\\\/produkt\\\/halogen-led-50w-500-lm-panel-solarny-pilot\\\/#primaryimage\"},\"thumbnailUrl\":\"https:\\\/\\\/racom.com.pl\\\/wp-content\\\/uploads\\\/2025\\\/07\\\/allegro_687c0bda2c92d2.55776375_8105b95d40f6b36d359b140201fb.jpg\",\"datePublished\":\"2025-07-19T21:15:01+00:00\",\"breadcrumb\":{\"@id\":\"https:\\\/\\\/racom.com.pl\\\/index.php\\\/produkt\\\/halogen-led-50w-500-lm-panel-solarny-pilot\\\/#breadcrumb\"},\"inLanguage\":\"pl-PL\",\"potentialAction\":[{\"@type\":\"ReadAction\",\"target\":[\"https:\\\/\\\/racom.com.pl\\\/index.php\\\/produkt\\\/halogen-led-50w-500-lm-panel-solarny-pilot\\\/\"]}]},{\"@type\":\"ImageObject\",\"inLanguage\":\"pl-PL\",\"@id\":\"https:\\\/\\\/racom.com.pl\\\/index.php\\\/produkt\\\/halogen-led-50w-500-lm-panel-solarny-pilot\\\/#primaryimage\",\"url\":\"https:\\\/\\\/racom.com.pl\\\/wp-content\\\/uploads\\\/2025\\\/07\\\/allegro_687c0bda2c92d2.55776375_8105b95d40f6b36d359b140201fb.jpg\",\"contentUrl\":\"https:\\\/\\\/racom.com.pl\\\/wp-content\\\/uploads\\\/2025\\\/07\\\/allegro_687c0bda2c92d2.55776375_8105b95d40f6b36d359b140201fb.jpg\",\"width\":1130,\"height\":215},{\"@type\":\"BreadcrumbList\",\"@id\":\"https:\\\/\\\/racom.com.pl\\\/index.php\\\/produkt\\\/halogen-led-50w-500-lm-panel-solarny-pilot\\\/#breadcrumb\",\"itemListElement\":[{\"@type\":\"ListItem\",\"position\":1,\"name\":\"Strona g\u0142\u00f3wna\",\"item\":\"https:\\\/\\\/racom.com.pl\\\/\"},{\"@type\":\"ListItem\",\"position\":2,\"name\":\"Sklep\",\"item\":\"https:\\\/\\\/racom.com.pl\\\/\"},{\"@type\":\"ListItem\",\"position\":3,\"name\":\"Halogen LED 50W 500 lm + panel solarny pilot\"}]},{\"@type\":\"WebSite\",\"@id\":\"https:\\\/\\\/racom.com.pl\\\/#website\",\"url\":\"https:\\\/\\\/racom.com.pl\\\/\",\"name\":\"Mix Market - Supermarket z wszystkim co potrzeba do domu i nie tylko\",\"description\":\"\",\"publisher\":{\"@id\":\"https:\\\/\\\/racom.com.pl\\\/#organization\"},\"potentialAction\":[{\"@type\":\"SearchAction\",\"target\":{\"@type\":\"EntryPoint\",\"urlTemplate\":\"https:\\\/\\\/racom.com.pl\\\/?s={search_term_string}\"},\"query-input\":{\"@type\":\"PropertyValueSpecification\",\"valueRequired\":true,\"valueName\":\"search_term_string\"}}],\"inLanguage\":\"pl-PL\"},{\"@type\":\"Organization\",\"@id\":\"https:\\\/\\\/racom.com.pl\\\/#organization\",\"name\":\"Mix Market - Supermarket z wszystkim co potrzeba do domu i nie tylko\",\"url\":\"https:\\\/\\\/racom.com.pl\\\/\",\"logo\":{\"@type\":\"ImageObject\",\"inLanguage\":\"pl-PL\",\"@id\":\"https:\\\/\\\/racom.com.pl\\\/#\\\/schema\\\/logo\\\/image\\\/\",\"url\":\"https:\\\/\\\/racom.com.pl\\\/wp-content\\\/uploads\\\/2025\\\/07\\\/mixmarket_logo.png\",\"contentUrl\":\"https:\\\/\\\/racom.com.pl\\\/wp-content\\\/uploads\\\/2025\\\/07\\\/mixmarket_logo.png\",\"width\":1024,\"height\":1024,\"caption\":\"Mix Market - Supermarket z wszystkim co potrzeba do domu i nie tylko\"},\"image\":{\"@id\":\"https:\\\/\\\/racom.com.pl\\\/#\\\/schema\\\/logo\\\/image\\\/\"}}]}<\/script>\n<!-- \/ Yoast SEO plugin. -->","yoast_head_json":{"title":"Halogen LED 50W 500 lm + panel solarny pilot - Mix Market - Supermarket z wszystkim co potrzeba","robots":{"index":"index","follow":"follow","max-snippet":"max-snippet:-1","max-image-preview":"max-image-preview:large","max-video-preview":"max-video-preview:-1"},"canonical":"https:\/\/racom.com.pl\/index.php\/produkt\/halogen-led-50w-500-lm-panel-solarny-pilot\/","og_locale":"pl_PL","og_type":"article","og_title":"Halogen LED 50W 500 lm + panel solarny pilot - Mix Market - Supermarket z wszystkim co potrzeba","og_description":"NA\u015aWIETLACZ LED SOLARNY 50W SZARY &#8211; BIA\u0141Y ZIMNY Na\u015bwietlacz LED solarny to nowoczesne samowystarczalne, \u0142atwe w monta\u017cu rozwi\u0105zanie nie wymagaj\u0105ce dodatkowego okablowania Typ: NA\u015aWIETLACZ SOLARNY Barwa \u015bwiat\u0142a: BIA\u0141Y ZIMNY (6000-6500K) Strumie\u0144 \u015bwietny (Lm): 500 Moc poboru pr\u0105du: 50W Stopie\u0144 szczelno\u015bci: IP65 Wymiary (D\u0142.\/Wys.\/Szer. mm): 176x211x43 Wymiary panelu solarnego (D\u0142.\/Wys.\/Szer. mm): 180x270x17 K\u0105t rozsy\u0142u \u015bwiat\u0142a: 90\u00b0 [&hellip;]","og_url":"https:\/\/racom.com.pl\/index.php\/produkt\/halogen-led-50w-500-lm-panel-solarny-pilot\/","og_site_name":"Mix Market - Supermarket z wszystkim co potrzeba","og_image":[{"width":1130,"height":215,"url":"https:\/\/racom.com.pl\/wp-content\/uploads\/2025\/07\/allegro_687c0bda2c92d2.55776375_8105b95d40f6b36d359b140201fb.jpg","type":"image\/jpeg"}],"twitter_card":"summary_large_image","twitter_misc":{"Szacowany czas czytania":"2 minuty"},"schema":{"@context":"https:\/\/schema.org","@graph":[{"@type":"WebPage","@id":"https:\/\/racom.com.pl\/index.php\/produkt\/halogen-led-50w-500-lm-panel-solarny-pilot\/","url":"https:\/\/racom.com.pl\/index.php\/produkt\/halogen-led-50w-500-lm-panel-solarny-pilot\/","name":"Halogen LED 50W 500 lm + panel solarny pilot - Mix Market - Supermarket z wszystkim co potrzeba","isPartOf":{"@id":"https:\/\/racom.com.pl\/#website"},"primaryImageOfPage":{"@id":"https:\/\/racom.com.pl\/index.php\/produkt\/halogen-led-50w-500-lm-panel-solarny-pilot\/#primaryimage"},"image":{"@id":"https:\/\/racom.com.pl\/index.php\/produkt\/halogen-led-50w-500-lm-panel-solarny-pilot\/#primaryimage"},"thumbnailUrl":"https:\/\/racom.com.pl\/wp-content\/uploads\/2025\/07\/allegro_687c0bda2c92d2.55776375_8105b95d40f6b36d359b140201fb.jpg","datePublished":"2025-07-19T21:15:01+00:00","breadcrumb":{"@id":"https:\/\/racom.com.pl\/index.php\/produkt\/halogen-led-50w-500-lm-panel-solarny-pilot\/#breadcrumb"},"inLanguage":"pl-PL","potentialAction":[{"@type":"ReadAction","target":["https:\/\/racom.com.pl\/index.php\/produkt\/halogen-led-50w-500-lm-panel-solarny-pilot\/"]}]},{"@type":"ImageObject","inLanguage":"pl-PL","@id":"https:\/\/racom.com.pl\/index.php\/produkt\/halogen-led-50w-500-lm-panel-solarny-pilot\/#primaryimage","url":"https:\/\/racom.com.pl\/wp-content\/uploads\/2025\/07\/allegro_687c0bda2c92d2.55776375_8105b95d40f6b36d359b140201fb.jpg","contentUrl":"https:\/\/racom.com.pl\/wp-content\/uploads\/2025\/07\/allegro_687c0bda2c92d2.55776375_8105b95d40f6b36d359b140201fb.jpg","width":1130,"height":215},{"@type":"BreadcrumbList","@id":"https:\/\/racom.com.pl\/index.php\/produkt\/halogen-led-50w-500-lm-panel-solarny-pilot\/#breadcrumb","itemListElement":[{"@type":"ListItem","position":1,"name":"Strona g\u0142\u00f3wna","item":"https:\/\/racom.com.pl\/"},{"@type":"ListItem","position":2,"name":"Sklep","item":"https:\/\/racom.com.pl\/"},{"@type":"ListItem","position":3,"name":"Halogen LED 50W 500 lm + panel solarny pilot"}]},{"@type":"WebSite","@id":"https:\/\/racom.com.pl\/#website","url":"https:\/\/racom.com.pl\/","name":"Mix Market - Supermarket z wszystkim co potrzeba do domu i nie tylko","description":"","publisher":{"@id":"https:\/\/racom.com.pl\/#organization"},"potentialAction":[{"@type":"SearchAction","target":{"@type":"EntryPoint","urlTemplate":"https:\/\/racom.com.pl\/?s={search_term_string}"},"query-input":{"@type":"PropertyValueSpecification","valueRequired":true,"valueName":"search_term_string"}}],"inLanguage":"pl-PL"},{"@type":"Organization","@id":"https:\/\/racom.com.pl\/#organization","name":"Mix Market - Supermarket z wszystkim co potrzeba do domu i nie tylko","url":"https:\/\/racom.com.pl\/","logo":{"@type":"ImageObject","inLanguage":"pl-PL","@id":"https:\/\/racom.com.pl\/#\/schema\/logo\/image\/","url":"https:\/\/racom.com.pl\/wp-content\/uploads\/2025\/07\/mixmarket_logo.png","contentUrl":"https:\/\/racom.com.pl\/wp-content\/uploads\/2025\/07\/mixmarket_logo.png","width":1024,"height":1024,"caption":"Mix Market - Supermarket z wszystkim co potrzeba do domu i nie tylko"},"image":{"@id":"https:\/\/racom.com.pl\/#\/schema\/logo\/image\/"}}]}},"_links":{"self":[{"href":"https:\/\/racom.com.pl\/index.php\/wp-json\/wp\/v2\/product\/3337","targetHints":{"allow":["GET"]}}],"collection":[{"href":"https:\/\/racom.com.pl\/index.php\/wp-json\/wp\/v2\/product"}],"about":[{"href":"https:\/\/racom.com.pl\/index.php\/wp-json\/wp\/v2\/types\/product"}],"replies":[{"embeddable":true,"href":"https:\/\/racom.com.pl\/index.php\/wp-json\/wp\/v2\/comments?post=3337"}],"wp:featuredmedia":[{"embeddable":true,"href":"https:\/\/racom.com.pl\/index.php\/wp-json\/wp\/v2\/media\/3347"}],"wp:attachment":[{"href":"https:\/\/racom.com.pl\/index.php\/wp-json\/wp\/v2\/media?parent=3337"}],"wp:term":[{"taxonomy":"product_brand","embeddable":true,"href":"https:\/\/racom.com.pl\/index.php\/wp-json\/wp\/v2\/product_brand?post=3337"},{"taxonomy":"product_cat","embeddable":true,"href":"https:\/\/racom.com.pl\/index.php\/wp-json\/wp\/v2\/product_cat?post=3337"},{"taxonomy":"product_tag","embeddable":true,"href":"https:\/\/racom.com.pl\/index.php\/wp-json\/wp\/v2\/product_tag?post=3337"}],"curies":[{"name":"wp","href":"https:\/\/api.w.org\/{rel}","templated":true}]}}