{"id":3348,"date":"2025-07-19T23:19:33","date_gmt":"2025-07-19T21:19:33","guid":{"rendered":"http:\/\/192.168.2.106\/index.php\/produkt\/girlanda-solarna-lampki-led-zarowki-st64-3-8m-loft\/"},"modified":"2025-07-19T23:19:33","modified_gmt":"2025-07-19T21:19:33","slug":"girlanda-solarna-lampki-led-zarowki-st64-3-8m-loft","status":"publish","type":"product","link":"https:\/\/racom.com.pl\/index.php\/produkt\/girlanda-solarna-lampki-led-zarowki-st64-3-8m-loft\/","title":{"rendered":"GIRLANDA SOLARNA LAMPKI LED \u017bAR\u00d3WKI ST64 3.8m LOFT"},"content":{"rendered":"<p><b>Girlanda lampa solarna 10 LED \u017car\u00f3wki st64 LOFT x10 bia\u0142e ciep\u0142e<\/b><\/p>\n<p>Lampy solarne jednocze\u015bnie zdobi\u0105 ogr\u00f3d i pozwalaj\u0105 ograniczy\u0107 rachunki za energi\u0119 elektryczn\u0105. Lampki zosta\u0142y maj\u0105 kszta\u0142t \u017car\u00f3wke &#8222;edisona&#8221; czyli industrialne loftowe jak ST64.<\/p>\n<p>Ze wzgl\u0119du na nisk\u0105 intensywno\u015b\u0107 \u015bwiat\u0142a wykorzystywane s\u0105 jako o\u015bwietlenie dekoracyjne. Podkre\u015blaj\u0105 one atmosfer\u0119 ogrodu, kt\u00f3ry dzi\u0119ki nim swoj\u0105 gr\u0105 \u015bwiate\u0142 i cieni zachwyca zar\u00f3wno latem jak i zim\u0105. S\u0105 stosowane do o\u015bwietlenia \u015bcie\u017cek, podjazd\u00f3w lub taras\u00f3w oraz do eksponowania element\u00f3w ma\u0142ej architektury ogrodowej lub oczek wodnych. Lampy solarne mog\u0105 stanowi\u0107 uzupe\u0142nienie kompozycji ro\u015blinnych.<\/p>\n<p>O\u015bwietlenie solarne oszcz\u0119dzi Pa\u0144stwu m\u0119cz\u0105cej i kosztownej instalacji przewod\u00f3w elektrycznych. Ma\u0142e lampy solarne najcz\u0119\u015bciej u\u017cywane s\u0105 do dekoracji \u015bcie\u017cek i donic w ogrodzie, te wi\u0119ksze za\u015b \u015bwietnie sprawdzaj\u0105 si\u0119 jako o\u015bwietlenie tarasu czy altany. Lampy zasilane s\u0105 \u015bwiat\u0142em s\u0142onecznym wi\u0119c nie wymagaj\u0105 ponoszenia nak\u0142adu finansowego na pr\u0105d.<\/p>\n<p>Dzi\u0119ki lampie stworz\u0105 Pa\u0144stwo niepowtarzalny klimat w swoim ogrodzie.<\/p>\n<p><b>Girlanda jest wyposa\u017cona w czujnik zmierzchu umieszczony w panelu solarnym. Uruchamia si\u0119 automatycznie po zmierzchu<\/b><\/p>\n<p>typ produktu: Girlanda solarna LED<\/p>\n<p>g\u0142\u00f3wny materia\u0142 produktu: Tworzywo sztuczne<\/p>\n<p>g\u0142\u00f3wny kolor produktu: bia\u0142y ciep\u0142y<\/p>\n<p>d\u0142ugo\u015b\u0107 ca\u0142kowita: 3.8 m<\/p>\n<p>rodzaj \u017ar\u00f3d\u0142a \u015bwiat\u0142a: LED<\/p>\n<p>ilo\u015b\u0107 LED w produkcie: 10<\/p>\n<p>temperatura barwowa: 2700-3000K ciep\u0142a bia\u0142a<\/p>\n<p>stopie\u0144 ochrony produktu: IP44<\/p>\n<p><b>2 funkcje \u015bwiecenia sterowane za pomoc\u0105 przycisku zamontowanym na solarze<\/b><\/p>\n<p><b>W sk\u0142ad zestawu wchodzi:<\/b><\/p>\n<p><b>&#8211; girlanda<\/b><\/p>\n<p><b>&#8211; panel solarny z wbudowanym akumulatorem<\/b><\/p>\n","protected":false},"excerpt":{"rendered":"<p>Girlanda lampa solarna 10 LED \u017car\u00f3wki st64 LOFT x10 bia\u0142e ciep\u0142e Lampy solarne jednocze\u015bnie zdobi\u0105 ogr\u00f3d i pozwalaj\u0105 ograniczy\u0107 rachunki za energi\u0119 elektryczn\u0105. Lampki zosta\u0142y maj\u0105 kszta\u0142t \u017car\u00f3wke &#8222;edisona&#8221; czyli industrialne loftowe jak ST64. Ze wzgl\u0119du na nisk\u0105 intensywno\u015b\u0107 \u015bwiat\u0142a wykorzystywane s\u0105 jako o\u015bwietlenie dekoracyjne. Podkre\u015blaj\u0105 one atmosfer\u0119 ogrodu, kt\u00f3ry dzi\u0119ki nim swoj\u0105 gr\u0105 \u015bwiate\u0142 [&hellip;]<\/p>\n","protected":false},"featured_media":3355,"comment_status":"open","ping_status":"closed","template":"","meta":[],"product_brand":[76],"product_cat":[228],"product_tag":[],"class_list":{"0":"post-3348","1":"product","2":"type-product","3":"status-publish","4":"has-post-thumbnail","6":"product_brand-aigostar","7":"product_cat-girlandy-swietlne","9":"first","10":"instock","11":"taxable","12":"shipping-taxable","13":"purchasable","14":"product-type-simple"},"yoast_head":"<!-- This site is optimized with the Yoast SEO plugin v27.3 - https:\/\/yoast.com\/product\/yoast-seo-wordpress\/ -->\n<title>GIRLANDA SOLARNA LAMPKI LED \u017bAR\u00d3WKI ST64 3.8m LOFT - Mix Market - Supermarket z wszystkim co potrzeba<\/title>\n<meta name=\"robots\" content=\"index, follow, max-snippet:-1, max-image-preview:large, max-video-preview:-1\" \/>\n<link rel=\"canonical\" href=\"https:\/\/racom.com.pl\/index.php\/produkt\/girlanda-solarna-lampki-led-zarowki-st64-3-8m-loft\/\" \/>\n<meta property=\"og:locale\" content=\"pl_PL\" \/>\n<meta property=\"og:type\" content=\"article\" \/>\n<meta property=\"og:title\" content=\"GIRLANDA SOLARNA LAMPKI LED \u017bAR\u00d3WKI ST64 3.8m LOFT - Mix Market - Supermarket z wszystkim co potrzeba\" \/>\n<meta property=\"og:description\" content=\"Girlanda lampa solarna 10 LED \u017car\u00f3wki st64 LOFT x10 bia\u0142e ciep\u0142e Lampy solarne jednocze\u015bnie zdobi\u0105 ogr\u00f3d i pozwalaj\u0105 ograniczy\u0107 rachunki za energi\u0119 elektryczn\u0105. Lampki zosta\u0142y maj\u0105 kszta\u0142t \u017car\u00f3wke &#8222;edisona&#8221; czyli industrialne loftowe jak ST64. Ze wzgl\u0119du na nisk\u0105 intensywno\u015b\u0107 \u015bwiat\u0142a wykorzystywane s\u0105 jako o\u015bwietlenie dekoracyjne. Podkre\u015blaj\u0105 one atmosfer\u0119 ogrodu, kt\u00f3ry dzi\u0119ki nim swoj\u0105 gr\u0105 \u015bwiate\u0142 [&hellip;]\" \/>\n<meta property=\"og:url\" content=\"https:\/\/racom.com.pl\/index.php\/produkt\/girlanda-solarna-lampki-led-zarowki-st64-3-8m-loft\/\" \/>\n<meta property=\"og:site_name\" content=\"Mix Market - Supermarket z wszystkim co potrzeba\" \/>\n<meta property=\"og:image\" content=\"https:\/\/racom.com.pl\/wp-content\/uploads\/2025\/07\/allegro_687c0c60206674.39824010_3ff386364692b88d3181ef1aca88.jpg\" \/>\n\t<meta property=\"og:image:width\" content=\"1500\" \/>\n\t<meta property=\"og:image:height\" content=\"1500\" \/>\n\t<meta property=\"og:image:type\" content=\"image\/jpeg\" \/>\n<meta name=\"twitter:card\" content=\"summary_large_image\" \/>\n<meta name=\"twitter:label1\" content=\"Szacowany czas czytania\" \/>\n\t<meta name=\"twitter:data1\" content=\"1 minuta\" \/>\n<script type=\"application\/ld+json\" class=\"yoast-schema-graph\">{\"@context\":\"https:\\\/\\\/schema.org\",\"@graph\":[{\"@type\":\"WebPage\",\"@id\":\"https:\\\/\\\/racom.com.pl\\\/index.php\\\/produkt\\\/girlanda-solarna-lampki-led-zarowki-st64-3-8m-loft\\\/\",\"url\":\"https:\\\/\\\/racom.com.pl\\\/index.php\\\/produkt\\\/girlanda-solarna-lampki-led-zarowki-st64-3-8m-loft\\\/\",\"name\":\"GIRLANDA SOLARNA LAMPKI LED \u017bAR\u00d3WKI ST64 3.8m LOFT - Mix Market - Supermarket z wszystkim co potrzeba\",\"isPartOf\":{\"@id\":\"https:\\\/\\\/racom.com.pl\\\/#website\"},\"primaryImageOfPage\":{\"@id\":\"https:\\\/\\\/racom.com.pl\\\/index.php\\\/produkt\\\/girlanda-solarna-lampki-led-zarowki-st64-3-8m-loft\\\/#primaryimage\"},\"image\":{\"@id\":\"https:\\\/\\\/racom.com.pl\\\/index.php\\\/produkt\\\/girlanda-solarna-lampki-led-zarowki-st64-3-8m-loft\\\/#primaryimage\"},\"thumbnailUrl\":\"https:\\\/\\\/racom.com.pl\\\/wp-content\\\/uploads\\\/2025\\\/07\\\/allegro_687c0c60206674.39824010_3ff386364692b88d3181ef1aca88.jpg\",\"datePublished\":\"2025-07-19T21:19:33+00:00\",\"breadcrumb\":{\"@id\":\"https:\\\/\\\/racom.com.pl\\\/index.php\\\/produkt\\\/girlanda-solarna-lampki-led-zarowki-st64-3-8m-loft\\\/#breadcrumb\"},\"inLanguage\":\"pl-PL\",\"potentialAction\":[{\"@type\":\"ReadAction\",\"target\":[\"https:\\\/\\\/racom.com.pl\\\/index.php\\\/produkt\\\/girlanda-solarna-lampki-led-zarowki-st64-3-8m-loft\\\/\"]}]},{\"@type\":\"ImageObject\",\"inLanguage\":\"pl-PL\",\"@id\":\"https:\\\/\\\/racom.com.pl\\\/index.php\\\/produkt\\\/girlanda-solarna-lampki-led-zarowki-st64-3-8m-loft\\\/#primaryimage\",\"url\":\"https:\\\/\\\/racom.com.pl\\\/wp-content\\\/uploads\\\/2025\\\/07\\\/allegro_687c0c60206674.39824010_3ff386364692b88d3181ef1aca88.jpg\",\"contentUrl\":\"https:\\\/\\\/racom.com.pl\\\/wp-content\\\/uploads\\\/2025\\\/07\\\/allegro_687c0c60206674.39824010_3ff386364692b88d3181ef1aca88.jpg\",\"width\":1500,\"height\":1500},{\"@type\":\"BreadcrumbList\",\"@id\":\"https:\\\/\\\/racom.com.pl\\\/index.php\\\/produkt\\\/girlanda-solarna-lampki-led-zarowki-st64-3-8m-loft\\\/#breadcrumb\",\"itemListElement\":[{\"@type\":\"ListItem\",\"position\":1,\"name\":\"Strona g\u0142\u00f3wna\",\"item\":\"https:\\\/\\\/racom.com.pl\\\/\"},{\"@type\":\"ListItem\",\"position\":2,\"name\":\"Sklep\",\"item\":\"https:\\\/\\\/racom.com.pl\\\/\"},{\"@type\":\"ListItem\",\"position\":3,\"name\":\"GIRLANDA SOLARNA LAMPKI LED \u017bAR\u00d3WKI ST64 3.8m LOFT\"}]},{\"@type\":\"WebSite\",\"@id\":\"https:\\\/\\\/racom.com.pl\\\/#website\",\"url\":\"https:\\\/\\\/racom.com.pl\\\/\",\"name\":\"Mix Market - Supermarket z wszystkim co potrzeba do domu i nie tylko\",\"description\":\"\",\"publisher\":{\"@id\":\"https:\\\/\\\/racom.com.pl\\\/#organization\"},\"potentialAction\":[{\"@type\":\"SearchAction\",\"target\":{\"@type\":\"EntryPoint\",\"urlTemplate\":\"https:\\\/\\\/racom.com.pl\\\/?s={search_term_string}\"},\"query-input\":{\"@type\":\"PropertyValueSpecification\",\"valueRequired\":true,\"valueName\":\"search_term_string\"}}],\"inLanguage\":\"pl-PL\"},{\"@type\":\"Organization\",\"@id\":\"https:\\\/\\\/racom.com.pl\\\/#organization\",\"name\":\"Mix Market - Supermarket z wszystkim co potrzeba do domu i nie tylko\",\"url\":\"https:\\\/\\\/racom.com.pl\\\/\",\"logo\":{\"@type\":\"ImageObject\",\"inLanguage\":\"pl-PL\",\"@id\":\"https:\\\/\\\/racom.com.pl\\\/#\\\/schema\\\/logo\\\/image\\\/\",\"url\":\"https:\\\/\\\/racom.com.pl\\\/wp-content\\\/uploads\\\/2025\\\/07\\\/mixmarket_logo.png\",\"contentUrl\":\"https:\\\/\\\/racom.com.pl\\\/wp-content\\\/uploads\\\/2025\\\/07\\\/mixmarket_logo.png\",\"width\":1024,\"height\":1024,\"caption\":\"Mix Market - Supermarket z wszystkim co potrzeba do domu i nie tylko\"},\"image\":{\"@id\":\"https:\\\/\\\/racom.com.pl\\\/#\\\/schema\\\/logo\\\/image\\\/\"}}]}<\/script>\n<!-- \/ Yoast SEO plugin. -->","yoast_head_json":{"title":"GIRLANDA SOLARNA LAMPKI LED \u017bAR\u00d3WKI ST64 3.8m LOFT - Mix Market - Supermarket z wszystkim co potrzeba","robots":{"index":"index","follow":"follow","max-snippet":"max-snippet:-1","max-image-preview":"max-image-preview:large","max-video-preview":"max-video-preview:-1"},"canonical":"https:\/\/racom.com.pl\/index.php\/produkt\/girlanda-solarna-lampki-led-zarowki-st64-3-8m-loft\/","og_locale":"pl_PL","og_type":"article","og_title":"GIRLANDA SOLARNA LAMPKI LED \u017bAR\u00d3WKI ST64 3.8m LOFT - Mix Market - Supermarket z wszystkim co potrzeba","og_description":"Girlanda lampa solarna 10 LED \u017car\u00f3wki st64 LOFT x10 bia\u0142e ciep\u0142e Lampy solarne jednocze\u015bnie zdobi\u0105 ogr\u00f3d i pozwalaj\u0105 ograniczy\u0107 rachunki za energi\u0119 elektryczn\u0105. Lampki zosta\u0142y maj\u0105 kszta\u0142t \u017car\u00f3wke &#8222;edisona&#8221; czyli industrialne loftowe jak ST64. Ze wzgl\u0119du na nisk\u0105 intensywno\u015b\u0107 \u015bwiat\u0142a wykorzystywane s\u0105 jako o\u015bwietlenie dekoracyjne. Podkre\u015blaj\u0105 one atmosfer\u0119 ogrodu, kt\u00f3ry dzi\u0119ki nim swoj\u0105 gr\u0105 \u015bwiate\u0142 [&hellip;]","og_url":"https:\/\/racom.com.pl\/index.php\/produkt\/girlanda-solarna-lampki-led-zarowki-st64-3-8m-loft\/","og_site_name":"Mix Market - Supermarket z wszystkim co potrzeba","og_image":[{"width":1500,"height":1500,"url":"https:\/\/racom.com.pl\/wp-content\/uploads\/2025\/07\/allegro_687c0c60206674.39824010_3ff386364692b88d3181ef1aca88.jpg","type":"image\/jpeg"}],"twitter_card":"summary_large_image","twitter_misc":{"Szacowany czas czytania":"1 minuta"},"schema":{"@context":"https:\/\/schema.org","@graph":[{"@type":"WebPage","@id":"https:\/\/racom.com.pl\/index.php\/produkt\/girlanda-solarna-lampki-led-zarowki-st64-3-8m-loft\/","url":"https:\/\/racom.com.pl\/index.php\/produkt\/girlanda-solarna-lampki-led-zarowki-st64-3-8m-loft\/","name":"GIRLANDA SOLARNA LAMPKI LED \u017bAR\u00d3WKI ST64 3.8m LOFT - Mix Market - Supermarket z wszystkim co potrzeba","isPartOf":{"@id":"https:\/\/racom.com.pl\/#website"},"primaryImageOfPage":{"@id":"https:\/\/racom.com.pl\/index.php\/produkt\/girlanda-solarna-lampki-led-zarowki-st64-3-8m-loft\/#primaryimage"},"image":{"@id":"https:\/\/racom.com.pl\/index.php\/produkt\/girlanda-solarna-lampki-led-zarowki-st64-3-8m-loft\/#primaryimage"},"thumbnailUrl":"https:\/\/racom.com.pl\/wp-content\/uploads\/2025\/07\/allegro_687c0c60206674.39824010_3ff386364692b88d3181ef1aca88.jpg","datePublished":"2025-07-19T21:19:33+00:00","breadcrumb":{"@id":"https:\/\/racom.com.pl\/index.php\/produkt\/girlanda-solarna-lampki-led-zarowki-st64-3-8m-loft\/#breadcrumb"},"inLanguage":"pl-PL","potentialAction":[{"@type":"ReadAction","target":["https:\/\/racom.com.pl\/index.php\/produkt\/girlanda-solarna-lampki-led-zarowki-st64-3-8m-loft\/"]}]},{"@type":"ImageObject","inLanguage":"pl-PL","@id":"https:\/\/racom.com.pl\/index.php\/produkt\/girlanda-solarna-lampki-led-zarowki-st64-3-8m-loft\/#primaryimage","url":"https:\/\/racom.com.pl\/wp-content\/uploads\/2025\/07\/allegro_687c0c60206674.39824010_3ff386364692b88d3181ef1aca88.jpg","contentUrl":"https:\/\/racom.com.pl\/wp-content\/uploads\/2025\/07\/allegro_687c0c60206674.39824010_3ff386364692b88d3181ef1aca88.jpg","width":1500,"height":1500},{"@type":"BreadcrumbList","@id":"https:\/\/racom.com.pl\/index.php\/produkt\/girlanda-solarna-lampki-led-zarowki-st64-3-8m-loft\/#breadcrumb","itemListElement":[{"@type":"ListItem","position":1,"name":"Strona g\u0142\u00f3wna","item":"https:\/\/racom.com.pl\/"},{"@type":"ListItem","position":2,"name":"Sklep","item":"https:\/\/racom.com.pl\/"},{"@type":"ListItem","position":3,"name":"GIRLANDA SOLARNA LAMPKI LED \u017bAR\u00d3WKI ST64 3.8m LOFT"}]},{"@type":"WebSite","@id":"https:\/\/racom.com.pl\/#website","url":"https:\/\/racom.com.pl\/","name":"Mix Market - Supermarket z wszystkim co potrzeba do domu i nie tylko","description":"","publisher":{"@id":"https:\/\/racom.com.pl\/#organization"},"potentialAction":[{"@type":"SearchAction","target":{"@type":"EntryPoint","urlTemplate":"https:\/\/racom.com.pl\/?s={search_term_string}"},"query-input":{"@type":"PropertyValueSpecification","valueRequired":true,"valueName":"search_term_string"}}],"inLanguage":"pl-PL"},{"@type":"Organization","@id":"https:\/\/racom.com.pl\/#organization","name":"Mix Market - Supermarket z wszystkim co potrzeba do domu i nie tylko","url":"https:\/\/racom.com.pl\/","logo":{"@type":"ImageObject","inLanguage":"pl-PL","@id":"https:\/\/racom.com.pl\/#\/schema\/logo\/image\/","url":"https:\/\/racom.com.pl\/wp-content\/uploads\/2025\/07\/mixmarket_logo.png","contentUrl":"https:\/\/racom.com.pl\/wp-content\/uploads\/2025\/07\/mixmarket_logo.png","width":1024,"height":1024,"caption":"Mix Market - Supermarket z wszystkim co potrzeba do domu i nie tylko"},"image":{"@id":"https:\/\/racom.com.pl\/#\/schema\/logo\/image\/"}}]}},"_links":{"self":[{"href":"https:\/\/racom.com.pl\/index.php\/wp-json\/wp\/v2\/product\/3348","targetHints":{"allow":["GET"]}}],"collection":[{"href":"https:\/\/racom.com.pl\/index.php\/wp-json\/wp\/v2\/product"}],"about":[{"href":"https:\/\/racom.com.pl\/index.php\/wp-json\/wp\/v2\/types\/product"}],"replies":[{"embeddable":true,"href":"https:\/\/racom.com.pl\/index.php\/wp-json\/wp\/v2\/comments?post=3348"}],"wp:featuredmedia":[{"embeddable":true,"href":"https:\/\/racom.com.pl\/index.php\/wp-json\/wp\/v2\/media\/3355"}],"wp:attachment":[{"href":"https:\/\/racom.com.pl\/index.php\/wp-json\/wp\/v2\/media?parent=3348"}],"wp:term":[{"taxonomy":"product_brand","embeddable":true,"href":"https:\/\/racom.com.pl\/index.php\/wp-json\/wp\/v2\/product_brand?post=3348"},{"taxonomy":"product_cat","embeddable":true,"href":"https:\/\/racom.com.pl\/index.php\/wp-json\/wp\/v2\/product_cat?post=3348"},{"taxonomy":"product_tag","embeddable":true,"href":"https:\/\/racom.com.pl\/index.php\/wp-json\/wp\/v2\/product_tag?post=3348"}],"curies":[{"name":"wp","href":"https:\/\/api.w.org\/{rel}","templated":true}]}}